{"id":527362,"date":"2021-08-16T09:42:35","date_gmt":"2021-08-16T07:42:35","guid":{"rendered":"https:\/\/www.burg.biz\/international\/p\/locks-and-bolts\/snaplock-715\/"},"modified":"2021-11-04T08:49:38","modified_gmt":"2021-11-04T07:49:38","slug":"snaplock-715","status":"publish","type":"product","link":"https:\/\/test.burgwaechterservice.de\/international\/p\/locks-and-bolts\/snaplock-715\/","title":{"rendered":"Snap+Lock 715"},"content":{"rendered":"<h2><img fetchpriority=\"high\" decoding=\"async\" class=\"alignnone wp-image-629871\" src=\"https:\/\/test.burgwaechterservice.de\/wp-content\/uploads\/2021\/07\/Snap_Lock__.jpg\" alt=\"F\u00fcr den vielf\u00e4ltigen Einsatz: Das Seilschloss Snap+Lock 715 von BURG-W\u00c4CHTER\" width=\"578\" height=\"105\" \/><\/h2>\n<h2><span style=\"color: #000000;\">Snap+Lock 715 \u2013 <strong>The safety cable with integrated combination lock available in two lengths<\/strong><\/span><\/h2>\n<p>Secure your luggage, sports equipment or pram in no time. This is precisely what the Snap+Lock 715 cable lock is designed for. All items can be safely locked using the four-digit combination lock. This secures them against removal or theft. Any combination can of course be chosen and\/or changed at any time.<\/p>\n<h3><strong>Compact cable lock: Cable is completely retracted at the touch of a button<\/strong><\/h3>\n<p>The cable lock is available in two lengths. 90 (cable diameter 3.0 mm) and 135 centimetres (cable diameter 2.4 mm). This allows you to choose the right model for your individual application. The compact pack size is very practical. The cable can be retracted at the touch of a button. The lock has an overall size of only 95 x 67 mm.<\/p>\n<p>&nbsp;<\/p>\n<p><strong>The Snap+Lock 715 cable lock at a glance:<\/strong><\/p>\n<ul>\n<li>Compact combination lock with cable<\/li>\n<li>Resettable combination<\/li>\n<li>Cable rolls up automatically at the touch of a button<\/li>\n<li>Protects against removal or theft<\/li>\n<li>For securing luggage, sports equipment or prams and buggies<\/li>\n<\/ul>\n<p>&nbsp;<\/p>\n<table class=\"ausfuehrung\">\n<thead>\n<tr>\n<td>Article<\/td>\n<td>Length (cm)<\/td>\n<td>Cabel-\u00d8 (mm)<\/td>\n<\/tr>\n<\/thead>\n<tbody>\n<tr>\n<td>715\/90 SB<\/td>\n<td>90<\/td>\n<td>3,0<\/td>\n<\/tr>\n<tr>\n<td>715\/135 SB<\/td>\n<td>135<\/td>\n<td>2,4<\/td>\n<\/tr>\n<\/tbody>\n<\/table>\n","protected":false},"excerpt":{"rendered":"<p>Snap+Lock 715 \u2013 The safety cable with integrated combination lock available in two lengths Secure your luggage, sports equipment or pram in no time. This is precisely what the Snap+Lock 715 cable lock is designed for. All items can be &hellip; <a class=\"kt-excerpt-readmore\" href=\"https:\/\/test.burgwaechterservice.de\/international\/p\/locks-and-bolts\/snaplock-715\/\" aria-label=\"Snap+Lock 715\">Read More<\/a><\/p>\n","protected":false},"featured_media":527363,"comment_status":"closed","ping_status":"closed","template":"","meta":[],"product_cat":[30,8112],"product_tag":[8139,8138],"yoast_head":"<!-- This site is optimized with the Yoast SEO Premium plugin v18.4 (Yoast SEO v19.13) - https:\/\/yoast.com\/wordpress\/plugins\/seo\/ -->\n<title>Snap+Lock 715: The compact cable lock available in two lengths<\/title>\n<meta name=\"description\" content=\"Das Snap+Lock 715 from BURG-W\u00c4CHTER available in two lengths to secure garden furniture, luggage or sports equipment. With four-digit combination lock.\" \/>\n<meta name=\"robots\" content=\"index, follow, max-snippet:-1, max-image-preview:large, max-video-preview:-1\" \/>\n<link rel=\"canonical\" href=\"https:\/\/test.burgwaechterservice.de\/international\/p\/locks-and-bolts\/snaplock-715\/\" \/>\n<meta property=\"og:locale\" content=\"en_GB\" \/>\n<meta property=\"og:type\" content=\"article\" \/>\n<meta property=\"og:title\" content=\"Snap+Lock 715\" \/>\n<meta property=\"og:description\" content=\"Das Snap+Lock 715 from BURG-W\u00c4CHTER available in two lengths to secure garden furniture, luggage or sports equipment. With four-digit combination lock.\" \/>\n<meta property=\"og:url\" content=\"https:\/\/test.burgwaechterservice.de\/international\/p\/locks-and-bolts\/snaplock-715\/\" \/>\n<meta property=\"og:site_name\" content=\"Burg-W\u00e4chter International\" \/>\n<meta property=\"article:modified_time\" content=\"2021-11-04T07:49:38+00:00\" \/>\n<meta property=\"og:image\" content=\"https:\/\/test.burgwaechterservice.de\/international\/wp-content\/uploads\/sites\/7\/2021\/08\/BW_SR_715_ISO_.jpg\" \/>\n\t<meta property=\"og:image:width\" content=\"1000\" \/>\n\t<meta property=\"og:image:height\" content=\"977\" \/>\n\t<meta property=\"og:image:type\" content=\"image\/jpeg\" \/>\n<meta name=\"twitter:card\" content=\"summary_large_image\" \/>\n<meta name=\"twitter:label1\" content=\"Estimated reading time\" \/>\n\t<meta name=\"twitter:data1\" content=\"2 minutes\" \/>\n<!-- \/ Yoast SEO Premium plugin. -->","yoast_head_json":{"title":"Snap+Lock 715: The compact cable lock available in two lengths","description":"Das Snap+Lock 715 from BURG-W\u00c4CHTER available in two lengths to secure garden furniture, luggage or sports equipment. With four-digit combination lock.","robots":{"index":"index","follow":"follow","max-snippet":"max-snippet:-1","max-image-preview":"max-image-preview:large","max-video-preview":"max-video-preview:-1"},"canonical":"https:\/\/test.burgwaechterservice.de\/international\/p\/locks-and-bolts\/snaplock-715\/","og_locale":"en_GB","og_type":"article","og_title":"Snap+Lock 715","og_description":"Das Snap+Lock 715 from BURG-W\u00c4CHTER available in two lengths to secure garden furniture, luggage or sports equipment. With four-digit combination lock.","og_url":"https:\/\/test.burgwaechterservice.de\/international\/p\/locks-and-bolts\/snaplock-715\/","og_site_name":"Burg-W\u00e4chter International","article_modified_time":"2021-11-04T07:49:38+00:00","og_image":[{"width":1000,"height":977,"url":"https:\/\/test.burgwaechterservice.de\/international\/wp-content\/uploads\/sites\/7\/2021\/08\/BW_SR_715_ISO_.jpg","type":"image\/jpeg"}],"twitter_card":"summary_large_image","twitter_misc":{"Estimated reading time":"2 minutes"},"schema":{"@context":"https:\/\/schema.org","@graph":[{"@type":"WebPage","@id":"https:\/\/test.burgwaechterservice.de\/international\/p\/locks-and-bolts\/snaplock-715\/","url":"https:\/\/test.burgwaechterservice.de\/international\/p\/locks-and-bolts\/snaplock-715\/","name":"Snap+Lock 715: The compact cable lock available in two lengths","isPartOf":{"@id":"https:\/\/test.burgwaechterservice.de\/international\/#website"},"datePublished":"2021-08-16T07:42:35+00:00","dateModified":"2021-11-04T07:49:38+00:00","description":"Das Snap+Lock 715 from BURG-W\u00c4CHTER available in two lengths to secure garden furniture, luggage or sports equipment. With four-digit combination lock.","breadcrumb":{"@id":"https:\/\/test.burgwaechterservice.de\/international\/p\/locks-and-bolts\/snaplock-715\/#breadcrumb"},"inLanguage":"en-GB","potentialAction":[{"@type":"ReadAction","target":["https:\/\/test.burgwaechterservice.de\/international\/p\/locks-and-bolts\/snaplock-715\/"]}]},{"@type":"BreadcrumbList","@id":"https:\/\/test.burgwaechterservice.de\/international\/p\/locks-and-bolts\/snaplock-715\/#breadcrumb","itemListElement":[{"@type":"ListItem","position":1,"name":"Home","item":"https:\/\/test.burgwaechterservice.de\/international\/"},{"@type":"ListItem","position":2,"name":"Products","item":"https:\/\/test.burgwaechterservice.de\/international\/p\/"},{"@type":"ListItem","position":3,"name":"Snap+Lock 715"}]},{"@type":"WebSite","@id":"https:\/\/test.burgwaechterservice.de\/international\/#website","url":"https:\/\/test.burgwaechterservice.de\/international\/","name":"Burg-W\u00e4chter International","description":"Eine weitere Burg-W\u00e4chter ENTWICKLUNGSUMGEBUNG Websites Website","potentialAction":[{"@type":"SearchAction","target":{"@type":"EntryPoint","urlTemplate":"https:\/\/test.burgwaechterservice.de\/international\/?s={search_term_string}"},"query-input":"required name=search_term_string"}],"inLanguage":"en-GB"}]}},"_links":{"self":[{"href":"https:\/\/test.burgwaechterservice.de\/international\/wp-json\/wp\/v2\/product\/527362"}],"collection":[{"href":"https:\/\/test.burgwaechterservice.de\/international\/wp-json\/wp\/v2\/product"}],"about":[{"href":"https:\/\/test.burgwaechterservice.de\/international\/wp-json\/wp\/v2\/types\/product"}],"replies":[{"embeddable":true,"href":"https:\/\/test.burgwaechterservice.de\/international\/wp-json\/wp\/v2\/comments?post=527362"}],"wp:featuredmedia":[{"embeddable":true,"href":"https:\/\/test.burgwaechterservice.de\/international\/wp-json\/wp\/v2\/media\/527363"}],"wp:attachment":[{"href":"https:\/\/test.burgwaechterservice.de\/international\/wp-json\/wp\/v2\/media?parent=527362"}],"wp:term":[{"taxonomy":"product_cat","embeddable":true,"href":"https:\/\/test.burgwaechterservice.de\/international\/wp-json\/wp\/v2\/product_cat?post=527362"},{"taxonomy":"product_tag","embeddable":true,"href":"https:\/\/test.burgwaechterservice.de\/international\/wp-json\/wp\/v2\/product_tag?post=527362"}],"curies":[{"name":"wp","href":"https:\/\/api.w.org\/{rel}","templated":true}]}}