{"id":457991,"date":"2020-11-12T10:15:47","date_gmt":"2020-11-12T09:15:47","guid":{"rendered":"https:\/\/www.burg.biz\/international\/p\/locks-and-bolts\/security-anchor\/"},"modified":"2021-08-11T10:14:35","modified_gmt":"2021-08-11T08:14:35","slug":"security-anchor","status":"publish","type":"product","link":"https:\/\/test.burgwaechterservice.de\/international\/p\/locks-and-bolts\/security-anchor\/","title":{"rendered":"Security anchor"},"content":{"rendered":"<p><img fetchpriority=\"high\" decoding=\"async\" class=\"alignnone wp-image-539679\" src=\"https:\/\/test.burgwaechterservice.de\/wp-content\/uploads\/2020\/09\/Piktos-Anker.jpg.png\" alt=\"\" width=\"640\" height=\"87\" \/><\/p>\n<h2>Everything remains in place with the security anchor!<\/h2>\n<p>Valuable e-bikes, scooters or garden furniture are particularly sought-after by thieves. This solid security anchor protects against theft and prevents your belongings from being simply carried off and the locks picked in a more private place for the thief. Provides sturdy security combined with easy installation. Ensuring that in future you can securely fix your belongings with the ground anchor and a <a href=\"https:\/\/test.burgwaechterservice.de\/c\/schloss-riegel\/fahrradschloss\/spiralschloss-seilschloss\/\">cable<\/a> or <a href=\"https:\/\/test.burgwaechterservice.de\/c\/schloss-riegel\/fahrradschloss\/kettenschloss\/\">chain lock<\/a>.<\/p>\n<h3>A combination of several ground anchors is possible<\/h3>\n<p>The security anchor can also be used to secure ladders, construction site or garden equipment. Several ground anchors can be combined with each other. For example to form a bicycle parking space. The security anchor can, of course, be <strong>fixed in the ground as well as in the wall.<\/strong><\/p>\n<h3>Select between security anchor 1180 and 1280<\/h3>\n<p>The ground anchor is available in two different models. The security anchor <strong>SA1180 has a plate and shackle made from hardened steel<\/strong> and 6 mm thick tamper-proof and concealed anchor bolts. Secure your belongings with a <a href=\"https:\/\/test.burgwaechterservice.de\/c\/schloss-riegel\/fahrradschloss\/spiralschloss-seilschloss\/\">cable lock<\/a> or <a href=\"https:\/\/test.burgwaechterservice.de\/c\/schloss-riegel\/vorhangschloss\/\">padlock<\/a>.<\/p>\n<p>In addition, the sturdier and larger SA1280 security anchor features a 6 mm thick hardened steel plate. This means that your belongings will find a safe and secure &#8220;anchorage&#8221; outside. The model is anchored with 10 mm thick tamper-proof bolts. The curved bar of the ground anchor is used to connect it with a <a href=\"https:\/\/test.burgwaechterservice.de\/c\/schloss-riegel\/fahrradschloss\/kettenschloss\/\">chain lock<\/a> or a <a href=\"https:\/\/test.burgwaechterservice.de\/c\/schloss-riegel\/fahrradschloss\/buegelschloss\/\">shackle lock<\/a>.<\/p>\n<p><strong>The SA1180 security anchor<\/strong><\/p>\n<ul>\n<li>For wall or floor mounting<\/li>\n<li>Hardened steel shackle and anchor plate<\/li>\n<li>With 6 mm thick tamper-proof anchor bolts<\/li>\n<li>Concealed screw connection, with optional back plate for flush mounting<\/li>\n<li>Fixing material included<\/li>\n<li>Colour: Black, shackle: Steel<\/li>\n<li>For securing bicycles and motorcycles, garden furniture and equipment, waste bins or objects at construction sites<\/li>\n<\/ul>\n<p><strong>The SA1280 security anchor<\/strong><\/p>\n<ul>\n<li>For wall or floor mounting<\/li>\n<li>6 mm thick hardened steel plate<\/li>\n<li>With 10 mm thick tamper-proof anchor bolts<\/li>\n<li>Fixing material included<\/li>\n<li>Colour: Black<\/li>\n<li>For securing bicycles and motorcycles, garden furniture and equipment, waste bins or objects at construction sites<\/li>\n<\/ul>\n<p>&nbsp;<\/p>\n<h4>Technische Details<\/h4>\n<table class=\"ausfuehrung\">\n<thead>\n<tr>\n<td>Art.-No.<\/td>\n<td>Dimensions H\u2009x\u2009W (mm)<\/td>\n<td>Weight (g)<\/td>\n<\/tr>\n<\/thead>\n<tbody>\n<tr>\n<td>SA1180<\/td>\n<td>53,5 x 108,0<\/td>\n<td>553<\/td>\n<\/tr>\n<tr>\n<td>SA1280<\/td>\n<td>80,0 x 150,0<\/td>\n<td>975<\/td>\n<\/tr>\n<\/tbody>\n<\/table>\n","protected":false},"excerpt":{"rendered":"<p>Everything remains in place with the security anchor! Valuable e-bikes, scooters or garden furniture are particularly sought-after by thieves. This solid security anchor protects against theft and prevents your belongings from being simply carried off and the locks picked in &hellip; <a class=\"kt-excerpt-readmore\" href=\"https:\/\/test.burgwaechterservice.de\/international\/p\/locks-and-bolts\/security-anchor\/\" aria-label=\"Security anchor\">Read More<\/a><\/p>\n","protected":false},"featured_media":457992,"comment_status":"closed","ping_status":"closed","template":"","meta":[],"product_cat":[38,8112,59],"product_tag":[],"yoast_head":"<!-- This site is optimized with the Yoast SEO Premium plugin v18.4 (Yoast SEO v19.13) - https:\/\/yoast.com\/wordpress\/plugins\/seo\/ -->\n<title>Sicherheitsanker f\u00fcr Roller, E-Bike, Gartenm\u00f6bel I BURG-W\u00c4CHTER<\/title>\n<meta name=\"description\" content=\"The solid security anchors from BURG-W\u00c4CHTER provide for an optimal protection against theft. Ground anchors for your outdoor items.\" \/>\n<meta name=\"robots\" content=\"index, follow, max-snippet:-1, max-image-preview:large, max-video-preview:-1\" \/>\n<link rel=\"canonical\" href=\"https:\/\/test.burgwaechterservice.de\/international\/p\/locks-and-bolts\/security-anchor\/\" \/>\n<meta property=\"og:locale\" content=\"en_GB\" \/>\n<meta property=\"og:type\" content=\"article\" \/>\n<meta property=\"og:title\" content=\"Security anchor\" \/>\n<meta property=\"og:description\" content=\"The solid security anchors from BURG-W\u00c4CHTER provide for an optimal protection against theft. Ground anchors for your outdoor items.\" \/>\n<meta property=\"og:url\" content=\"https:\/\/test.burgwaechterservice.de\/international\/p\/locks-and-bolts\/security-anchor\/\" \/>\n<meta property=\"og:site_name\" content=\"Burg-W\u00e4chter International\" \/>\n<meta property=\"article:modified_time\" content=\"2021-08-11T08:14:35+00:00\" \/>\n<meta property=\"og:image\" content=\"https:\/\/test.burgwaechterservice.de\/international\/wp-content\/uploads\/sites\/7\/2020\/11\/BURG-WAeCHTER-Sicherheitsanker-Bodenanker-SA1180.jpg\" \/>\n\t<meta property=\"og:image:width\" content=\"1000\" \/>\n\t<meta property=\"og:image:height\" content=\"1000\" \/>\n\t<meta property=\"og:image:type\" content=\"image\/jpeg\" \/>\n<meta name=\"twitter:card\" content=\"summary_large_image\" \/>\n<meta name=\"twitter:label1\" content=\"Estimated reading time\" \/>\n\t<meta name=\"twitter:data1\" content=\"2 minutes\" \/>\n<!-- \/ Yoast SEO Premium plugin. -->","yoast_head_json":{"title":"Sicherheitsanker f\u00fcr Roller, E-Bike, Gartenm\u00f6bel I BURG-W\u00c4CHTER","description":"The solid security anchors from BURG-W\u00c4CHTER provide for an optimal protection against theft. Ground anchors for your outdoor items.","robots":{"index":"index","follow":"follow","max-snippet":"max-snippet:-1","max-image-preview":"max-image-preview:large","max-video-preview":"max-video-preview:-1"},"canonical":"https:\/\/test.burgwaechterservice.de\/international\/p\/locks-and-bolts\/security-anchor\/","og_locale":"en_GB","og_type":"article","og_title":"Security anchor","og_description":"The solid security anchors from BURG-W\u00c4CHTER provide for an optimal protection against theft. Ground anchors for your outdoor items.","og_url":"https:\/\/test.burgwaechterservice.de\/international\/p\/locks-and-bolts\/security-anchor\/","og_site_name":"Burg-W\u00e4chter International","article_modified_time":"2021-08-11T08:14:35+00:00","og_image":[{"width":1000,"height":1000,"url":"https:\/\/test.burgwaechterservice.de\/international\/wp-content\/uploads\/sites\/7\/2020\/11\/BURG-WAeCHTER-Sicherheitsanker-Bodenanker-SA1180.jpg","type":"image\/jpeg"}],"twitter_card":"summary_large_image","twitter_misc":{"Estimated reading time":"2 minutes"},"schema":{"@context":"https:\/\/schema.org","@graph":[{"@type":"WebPage","@id":"https:\/\/test.burgwaechterservice.de\/international\/p\/locks-and-bolts\/security-anchor\/","url":"https:\/\/test.burgwaechterservice.de\/international\/p\/locks-and-bolts\/security-anchor\/","name":"Sicherheitsanker f\u00fcr Roller, E-Bike, Gartenm\u00f6bel I BURG-W\u00c4CHTER","isPartOf":{"@id":"https:\/\/test.burgwaechterservice.de\/international\/#website"},"datePublished":"2020-11-12T09:15:47+00:00","dateModified":"2021-08-11T08:14:35+00:00","description":"The solid security anchors from BURG-W\u00c4CHTER provide for an optimal protection against theft. Ground anchors for your outdoor items.","breadcrumb":{"@id":"https:\/\/test.burgwaechterservice.de\/international\/p\/locks-and-bolts\/security-anchor\/#breadcrumb"},"inLanguage":"en-GB","potentialAction":[{"@type":"ReadAction","target":["https:\/\/test.burgwaechterservice.de\/international\/p\/locks-and-bolts\/security-anchor\/"]}]},{"@type":"BreadcrumbList","@id":"https:\/\/test.burgwaechterservice.de\/international\/p\/locks-and-bolts\/security-anchor\/#breadcrumb","itemListElement":[{"@type":"ListItem","position":1,"name":"Home","item":"https:\/\/test.burgwaechterservice.de\/international\/"},{"@type":"ListItem","position":2,"name":"Products","item":"https:\/\/test.burgwaechterservice.de\/international\/p\/"},{"@type":"ListItem","position":3,"name":"Security anchor"}]},{"@type":"WebSite","@id":"https:\/\/test.burgwaechterservice.de\/international\/#website","url":"https:\/\/test.burgwaechterservice.de\/international\/","name":"Burg-W\u00e4chter International","description":"Eine weitere Burg-W\u00e4chter ENTWICKLUNGSUMGEBUNG Websites Website","potentialAction":[{"@type":"SearchAction","target":{"@type":"EntryPoint","urlTemplate":"https:\/\/test.burgwaechterservice.de\/international\/?s={search_term_string}"},"query-input":"required name=search_term_string"}],"inLanguage":"en-GB"}]}},"_links":{"self":[{"href":"https:\/\/test.burgwaechterservice.de\/international\/wp-json\/wp\/v2\/product\/457991"}],"collection":[{"href":"https:\/\/test.burgwaechterservice.de\/international\/wp-json\/wp\/v2\/product"}],"about":[{"href":"https:\/\/test.burgwaechterservice.de\/international\/wp-json\/wp\/v2\/types\/product"}],"replies":[{"embeddable":true,"href":"https:\/\/test.burgwaechterservice.de\/international\/wp-json\/wp\/v2\/comments?post=457991"}],"wp:featuredmedia":[{"embeddable":true,"href":"https:\/\/test.burgwaechterservice.de\/international\/wp-json\/wp\/v2\/media\/457992"}],"wp:attachment":[{"href":"https:\/\/test.burgwaechterservice.de\/international\/wp-json\/wp\/v2\/media?parent=457991"}],"wp:term":[{"taxonomy":"product_cat","embeddable":true,"href":"https:\/\/test.burgwaechterservice.de\/international\/wp-json\/wp\/v2\/product_cat?post=457991"},{"taxonomy":"product_tag","embeddable":true,"href":"https:\/\/test.burgwaechterservice.de\/international\/wp-json\/wp\/v2\/product_tag?post=457991"}],"curies":[{"name":"wp","href":"https:\/\/api.w.org\/{rel}","templated":true}]}}