{"id":413870,"date":"2020-06-22T19:26:43","date_gmt":"2020-06-22T17:26:43","guid":{"rendered":"https:\/\/www.burg.biz\/international\/p\/tresor-safe\/officeline-2\/"},"modified":"2022-06-24T11:39:50","modified_gmt":"2022-06-24T09:39:50","slug":"officeline-2","status":"publish","type":"product","link":"https:\/\/test.burgwaechterservice.de\/international\/p\/safe\/officeline-2\/","title":{"rendered":"Office-Line"},"content":{"rendered":"<h2>Office-Line by BURG-W\u00c4CHTER: The perfect business safe<\/h2>\n<p>Der Sicherheitsschrank Office-Line ist ideal als Gesch\u00e4ftstresor geeignet. Er bietet einen sicheren und zuverl\u00e4ssigen Schutz f\u00fcr Bargeld, Dokumente, Kundendaten und vieles mehr. Ob mit <strong>Sicherheitsstufe B<\/strong> oder den <strong>Widerstandsgraden I<\/strong> und <strong>II<\/strong>: Mit einem OfficeLine ist der Inhalt sicher vor Diebstahl gesch\u00fctzt. Bei Widerstandsgrad und Tresorgr\u00f6\u00dfe haben Sie die Wahl!<\/p>\n<h3>Robust design protects against theft<\/h3>\n<p>The body and door of the Office-Line are double-walled. The <strong>stable, three-sided locking<\/strong> <strong>device<\/strong> on the door is comprised of round bolts, which are 28 mm thick, and is additionally supported by fixed round bolts as rear grip bolts on the hinge side.<\/p>\n<p>You can use the anchoring option which is provided as standard and the fixing materials which are included to firmly secure the Office-Line to the floor. This anchoring offers a high level of resistance to violent break-in attempts.<\/p>\n<h3>The advantages of the Office-Line safe at a glance<\/h3>\n<ul>\n<li>Large selection of sizes and locking systems: a total of 30 models!<\/li>\n<li>Business safe with security level B up to resistance level II<\/li>\n<li>Modern electronics or adaptable high-security lock<\/li>\n<li>Robust security with round bolts which are 28 mm thick<\/li>\n<li>With internal safe and paint finish of your choice on request<\/li>\n<\/ul>\n<h3>Secure storage for cash, customer data and documents<\/h3>\n<p>The Office-Line provides a <strong>protected storage location<\/strong> for cash, customer data and other important documents. Due to the folder depth inside the cabinet, there is also enough space to store whole folders in it. Adjustable shelves also contribute to achieving good organisation. For even more storage space and double security, you can <strong>also request an internal safe<\/strong> as an additional accessory. <strong><a href=\"https:\/\/test.burgwaechterservice.de\/international\/p\/safe\/accessories-for-officeline-and-officedoku\/\">Select your Office-Line accessories here now!<\/a><\/strong><\/p>\n<p><strong>Simple elegance:<\/strong> The safety cabinet comes painted light grey (RAL 7035) as standard. The control fittings are black to create a slight visual contrast. On request, your Office-Line can be painted individually according to your requirements. You can choose between RAL paints and brilliant finishes.<\/p>\n<h3>The Office-Line safe offers two locking systems<\/h3>\n<p>Choose the most secure and most practical option for you or your company from <strong>two different locking systems<\/strong>.<\/p>\n<h4><strong>\u201cSecuSafe\u201d \u2013 adjustable high-security lock (K models)<\/strong><\/h4>\n<p>The valuables safe in the K version is equipped with an <strong>adaptable, armoured \u201cSecuSafe\u201d high-security double-bit lock<\/strong>. It is <strong>VdS-tested<\/strong> (Class 2) and <strong>certified <\/strong>according to EN 1300 <strong>ECB\u2022S <\/strong>(Class B). The advantage for you: If you lose a key, you can use the second key and a key set which is available separately to <strong><a href=\"https:\/\/youtu.be\/3ziM4yiMAPQ\">switch the Office-Line to a new lock<\/a><\/strong>. This prevents the safe from being unlocked with the lost or stolen key.<\/p>\n<p>The \u201cSecuSafe\u201d features 10 tumblers and<strong> 50 million different locks<\/strong> and has a forced lock function which means that the key can be removed only once the safe has been locked correctly. Please note that the lock fitting protrudes 25 mm.<\/p>\n<h4><strong>\u201cSecuTronic\u201d \u2013 electronic combination lock with fingerprint (E FP models)<\/strong><\/h4>\n<p>The modern \u201cSecuTronic\u201d TRSE 12 V FP (ECB\u2022S-certified according to EN 1300, Class B) electronic safe stands out thanks to its clever features which provide you with security and convenience. For example, the control panel features slanted <strong>touch control with a graphic display<\/strong> that is illuminated in two colours. Furthermore, the sloped control panel guarantees optimal viewing even from above. You can, of course, freely select the opening code. <strong>One admin code and nine user codes<\/strong> are available. You can also view the opening history directly on the display. The Office-Line comes with batteries, so you can start to use your valuables safe immediately. Please note that the lock fitting protrudes 50 mm.<\/p>\n<p>The \u201cSecuTronic\u201d TRSE 12 V FP has an <strong>opening delay<\/strong> (max. 99 minutes). This means: After the correct code is entered, the programmed time must elapse before the safe can be opened. Once three incorrect codes have been entered, a <strong>lock-out time<\/strong> is activated. This means that burglars have no chance to try lots of combinations. Furthermore, you optionally can <strong>connect<\/strong> the Office-Line safes <strong>to an alarm system or an alarm notification system<\/strong>. All these details give you even more security! In addition, software updates can be easily transferred to the safe via SD card.<\/p>\n<p>&nbsp;<\/p>\n<h3>The OfficeLine series at a glance<\/h3>\n<ul>\n<li>Double-walled body<\/li>\n<li>Double-walled door<\/li>\n<li>Stable triple-sided locking device with round bolts, which are 28 mm thick, plus fixed round bolts as rear grip bolts on the hinge side<\/li>\n<li>Equipped for floor anchoring as standard, with fixing materials, one floor drill hole in the middle<\/li>\n<li>File depth, adjustable shelves, also available with internal safe<\/li>\n<li>Painted light grey RAL 7035 as standard, contrast control fittings in black, finishes can be applied on request (RAL or brilliant)<\/li>\n<\/ul>\n<h4><strong>OfficeLine 101 \u2013 106 with security level B<\/strong><\/h4>\n<ul>\n<li>Safety cabinet\/business safe<\/li>\n<li>Security level B according to VDMA 24992, May 1995<\/li>\n<li>Locking variations:<\/li>\n<li><a href=\"https:\/\/youtu.be\/3ziM4yiMAPQ\">Adjustable, armoured high-security \u201cSecuSafe\u201d double-bit lock<\/a>, VdS-tested (Class 2), ECB\u2022S-certified according to EN 1300 (Class B)<\/li>\n<\/ul>\n<h4><\/h4>\n<h4>K models<\/h4>\n<table class=\"ausfuehrung\">\n<thead>\n<tr>\n<td>Item<\/td>\n<td>Outside H x W x D (mm)<\/td>\n<td>Inside H x W x D (mm)<\/td>\n<td>Door H x W (opening in mm)<\/td>\n<td>Weight (kg)<\/td>\n<td>Capacity (l)<\/td>\n<\/tr>\n<\/thead>\n<tbody>\n<tr>\n<td>OL 801 K<\/td>\n<td>626 x 641 x 554<\/td>\n<td>476 x 498\u00a0x\u00a0370<\/td>\n<td>476 x\u00a0498<\/td>\n<td>110<\/td>\n<td>87<\/td>\n<\/tr>\n<tr>\n<td>OL 802 K<\/td>\n<td>816 x 641 x\u00a0554<\/td>\n<td>666\u00a0x 498\u00a0x 370<\/td>\n<td>666\u00a0x 498<\/td>\n<td>126<\/td>\n<td>122<\/td>\n<\/tr>\n<tr>\n<td>OL 802 K 300<\/td>\n<td>816 x 641 x 554<\/td>\n<td>666\u00a0x 498\u00a0x 370<\/td>\n<td>666\u00a0x 498<\/td>\n<td>300<\/td>\n<td>122<\/td>\n<\/tr>\n<tr>\n<td>OL 804 K<\/td>\n<td>1096 x 641 x 554<\/td>\n<td>946\u00a0x 498\u00a0x 370<\/td>\n<td>964\u00a0x 498<\/td>\n<td>163<\/td>\n<td>174<\/td>\n<\/tr>\n<tr>\n<td>OL 804 K 300<\/td>\n<td>1096 x 641 x 554<\/td>\n<td>946\u00a0x 498\u00a0x 370<\/td>\n<td>964\u00a0x 498<\/td>\n<td>300<\/td>\n<td>174<\/td>\n<\/tr>\n<tr>\n<td>OL 806 K<\/td>\n<td>1486 x\u00a0780 x 554<\/td>\n<td>1336\u00a0x 638\u00a0x 370<\/td>\n<td>1336 x 638<\/td>\n<td>300<\/td>\n<td>315<\/td>\n<\/tr>\n<\/tbody>\n<\/table>\n<p>&nbsp;<\/p>\n<p><strong>OR<\/strong><\/p>\n<ul>\n<li>Electronic \u201cSecuTronic\u201d combination lock with fingerprint module, ECB\u2022S-certified according to EN 1300 (Class B)<\/li>\n<\/ul>\n<h4><\/h4>\n<h4>E FP models<\/h4>\n<table class=\"ausfuehrung\">\n<thead>\n<tr>\n<td>Item<\/td>\n<td>Outside H x W x D (mm)<\/td>\n<td>Inside H x W x D (mm)<\/td>\n<td>Door H x W (opening in mm)<\/td>\n<td>Weight (kg)<\/td>\n<td>Capacity (l)<\/td>\n<\/tr>\n<\/thead>\n<tbody>\n<tr>\n<td>OL 801 E FP<\/td>\n<td>626 x 641 x 554<\/td>\n<td>476 x 498\u00a0x\u00a0370<\/td>\n<td>476 x\u00a0498<\/td>\n<td>110<\/td>\n<td>87<\/td>\n<\/tr>\n<tr>\n<td>OL 802 E FP<\/td>\n<td>816 x 641 x\u00a0554<\/td>\n<td>666\u00a0x 498\u00a0x 370<\/td>\n<td>666\u00a0x\u00a0498<\/td>\n<td>126<\/td>\n<td>122<\/td>\n<\/tr>\n<tr>\n<td>OL 802 E FP 300<\/td>\n<td>816 x 641 x 554<\/td>\n<td>666\u00a0x 498\u00a0x 370<\/td>\n<td>666\u00a0x 498<\/td>\n<td>300<\/td>\n<td>122<\/td>\n<\/tr>\n<tr>\n<td>OL 804 E FP<\/td>\n<td>1096 x 641 x 554<\/td>\n<td>946\u00a0x 498\u00a0x 370<\/td>\n<td>964\u00a0x 498<\/td>\n<td>163<\/td>\n<td>174<\/td>\n<\/tr>\n<tr>\n<td>OL 804 E FP 300<\/td>\n<td>1096 x 641 x 554<\/td>\n<td>946\u00a0x 498\u00a0x 370<\/td>\n<td>964\u00a0x 498<\/td>\n<td>300<\/td>\n<td>174<\/td>\n<\/tr>\n<tr>\n<td>OL 806 E FP<\/td>\n<td>1486 x\u00a0780 x 554<\/td>\n<td>1336\u00a0x 638\u00a0x 370<\/td>\n<td>1336 x 638<\/td>\n<td>300<\/td>\n<td>315<\/td>\n<\/tr>\n<\/tbody>\n<\/table>\n<hr \/>\n<p>&nbsp;<\/p>\n<h4><strong>OfficeLine 111 \u2013 116 with resistance grade I<\/strong><\/h4>\n<ul>\n<li style=\"list-style-type: none;\">\n<ul>\n<li>Freestanding valuables safe\/business safe<\/li>\n<li><strong>Resistance grade I<\/strong><\/li>\n<li>Type-tested with security monitoring by ECB\u2022S<\/li>\n<li>Fireproof, certified burglary protection according to EN 1143-1<\/li>\n<li><strong>Additional security: <\/strong>Non-resettable emergency locking system within the door mechanismLocking variations:<\/li>\n<\/ul>\n<p>&nbsp;<\/li>\n<\/ul>\n<ul>\n<li><u><a href=\"https:\/\/youtu.be\/3ziM4yiMAPQ\">Adjustable, armoured high-security \u201cSecuSafe\u201d double-bit lock<\/a><\/u>, VdS-tested (Class 2), ECB\u2022S-certified according to EN 1300 (Class B)<\/li>\n<\/ul>\n<h4><\/h4>\n<h4>K models<\/h4>\n<table class=\"ausfuehrung\">\n<thead>\n<tr>\n<td>Item<\/td>\n<td>Outside H x W x D (mm)<\/td>\n<td>Inside H x W x D (mm)<\/td>\n<td>Door H x W (opening in mm)<\/td>\n<td>Weight (kg)<\/td>\n<td>Capacity (l)<\/td>\n<\/tr>\n<\/thead>\n<tbody>\n<tr>\n<td>OL 811 K<\/td>\n<td>626 x 641 x 554<\/td>\n<td>476 x 498\u00a0x\u00a0370<\/td>\n<td>476 x 498<\/td>\n<td>142<\/td>\n<td>87<\/td>\n<\/tr>\n<tr>\n<td>OL 812 K<\/td>\n<td>816 x 641 x\u00a0554<\/td>\n<td>666\u00a0x 498\u00a0x 370<\/td>\n<td>666\u00a0x 498<\/td>\n<td>205<\/td>\n<td>122<\/td>\n<\/tr>\n<tr>\n<td>OL 814 K<\/td>\n<td>1096 x 641 x 554<\/td>\n<td>946\u00a0x 498\u00a0x 370<\/td>\n<td>964\u00a0x\u00a0498<\/td>\n<td>213<\/td>\n<td>174<\/td>\n<\/tr>\n<tr>\n<td>OL 814 K 300<\/td>\n<td>1096 x 641 x 554<\/td>\n<td>946\u00a0x 498\u00a0x 370<\/td>\n<td>964\u00a0x\u00a0498<\/td>\n<td>305<\/td>\n<td>174<\/td>\n<\/tr>\n<tr>\n<td>OL 816 K<\/td>\n<td>1486 x\u00a0780 x 554<\/td>\n<td>1336\u00a0x 638\u00a0x 370<\/td>\n<td>1336 x\u00a0638<\/td>\n<td>310<\/td>\n<td>315<\/td>\n<\/tr>\n<\/tbody>\n<\/table>\n<p>&nbsp;<\/p>\n<p><strong>OR<\/strong><\/p>\n<ul>\n<li>Electronic \u201cSecuTronic\u201d combination lock with fingerprint module, ECB\u2022S-certified according to EN 1300 (Class B)<\/li>\n<\/ul>\n<h4><\/h4>\n<h4>E FP models<\/h4>\n<table class=\"ausfuehrung\">\n<thead>\n<tr>\n<td>Item<\/td>\n<td>Outside H x W x D (mm)<\/td>\n<td>Inside H x W x D (mm)<\/td>\n<td>Door H x W (opening in mm)<\/td>\n<td>Weight (kg)<\/td>\n<td>Capacity (l)<\/td>\n<\/tr>\n<\/thead>\n<tbody>\n<tr>\n<td>OL 811 E FP<\/td>\n<td>626 x 641 x 554<\/td>\n<td>476 x 498\u00a0x\u00a0370<\/td>\n<td>476 x 498<\/td>\n<td>142<\/td>\n<td>87<\/td>\n<\/tr>\n<tr>\n<td>OL 812 E FP<\/td>\n<td>816 x 641 x\u00a0554<\/td>\n<td>666\u00a0x 498\u00a0x 370<\/td>\n<td>666\u00a0x 498<\/td>\n<td>205<\/td>\n<td>122<\/td>\n<\/tr>\n<tr>\n<td>OL 814 E FP<\/td>\n<td>1096 x 641 x 554<\/td>\n<td>946\u00a0x 498\u00a0x 370<\/td>\n<td>964\u00a0x\u00a0498<\/td>\n<td>213<\/td>\n<td>174<\/td>\n<\/tr>\n<tr>\n<td>OL 814 E FP 300<\/td>\n<td>1096 x 641 x 554<\/td>\n<td>946\u00a0x 498\u00a0x 370<\/td>\n<td>964\u00a0x\u00a0498<\/td>\n<td>305<\/td>\n<td>174<\/td>\n<\/tr>\n<tr>\n<td>OL 816 E FP<\/td>\n<td>1486 x\u00a0780 x 554<\/td>\n<td>1336\u00a0x 638\u00a0x 370<\/td>\n<td>1336 x\u00a0638<\/td>\n<td>310<\/td>\n<td>315<\/td>\n<\/tr>\n<\/tbody>\n<\/table>\n<hr \/>\n<h4><\/h4>\n<h4><strong>OfficeLine 121 \u2013 126 with resistance grade II<\/strong><\/h4>\n<ul>\n<li>Freestanding valuables safe\/business safe<\/li>\n<li><strong>Resistance grade II<\/strong><\/li>\n<li>Type-tested with security monitoring by ECB\u2022S<\/li>\n<li>Fireproof, certified burglary protection according to EN 1143-1<\/li>\n<li><strong>Additional security: <\/strong>Non-resettable<strong> double emergency locking system<\/strong> within the door mechanism<\/li>\n<li><\/li>\n<\/ul>\n<p>Locking variations:<\/p>\n<ul>\n<li><u><a href=\"https:\/\/youtu.be\/3ziM4yiMAPQ\">Adjustable, armoured high-security \u201cSecuSafe\u201d double-bit lock<\/a><\/u>, VdS-tested (Class 2), ECB\u2022S-certified according to EN 1300 (Class B)<\/li>\n<\/ul>\n<h4><\/h4>\n<h4>S models<\/h4>\n<table class=\"ausfuehrung\">\n<thead>\n<tr>\n<td>Item<\/td>\n<td>Au\u00dfen Outside H x W x D (mm)<\/td>\n<td>Inside H x W x D (mm)<\/td>\n<td>Door H x W (opening in mm)<\/td>\n<td>Weight (kg)<\/td>\n<td>Capacity (l)<\/td>\n<\/tr>\n<\/thead>\n<tbody>\n<tr>\n<td>OL 821 K<\/td>\n<td>626 x 641 x 554<\/td>\n<td>476 x 498\u00a0x\u00a0370<\/td>\n<td>476 x 498<\/td>\n<td>205<\/td>\n<td>87<\/td>\n<\/tr>\n<tr>\n<td>OL 822 K<\/td>\n<td>816 x 641 x\u00a0554<\/td>\n<td>666\u00a0x 498\u00a0x 370<\/td>\n<td>666\u00a0x 498<\/td>\n<td>205<\/td>\n<td>122<\/td>\n<\/tr>\n<tr>\n<td>OL 824 K<\/td>\n<td>1096 x 641 x 554<\/td>\n<td>946\u00a0x 498\u00a0x 370<\/td>\n<td>964\u00a0x\u00a0498<\/td>\n<td>239<\/td>\n<td>174<\/td>\n<\/tr>\n<tr>\n<td>OL 826 K<\/td>\n<td>1486 x\u00a0780 x 554<\/td>\n<td>1336\u00a0x 638\u00a0x 370<\/td>\n<td>1336 x\u00a0638<\/td>\n<td>336<\/td>\n<td>315<\/td>\n<\/tr>\n<\/tbody>\n<\/table>\n<p>&nbsp;<\/p>\n<p><strong>ODER<\/strong><\/p>\n<ul>\n<li>Electronic \u201cSecuTronic\u201d combination lock with fingerprint module, ECB\u2022S-certified according to EN 1300 (Class B)<\/li>\n<\/ul>\n<h4><\/h4>\n<h4>E FP models<\/h4>\n<table class=\"ausfuehrung\">\n<thead>\n<tr>\n<td>Item<\/td>\n<td>Outside H x W x D (mm)<\/td>\n<td>Inside H x W x D (mm)<\/td>\n<td>Door H x W (opening in mm)<\/td>\n<td>Weight (kg)<\/td>\n<td>Capacity (l)<\/td>\n<\/tr>\n<\/thead>\n<tbody>\n<tr>\n<td>OL 821 E FP<\/td>\n<td>626 x 641 x 554<\/td>\n<td>476 x 498\u00a0x\u00a0370<\/td>\n<td>476 x 498<\/td>\n<td>205<\/td>\n<td>87<\/td>\n<\/tr>\n<tr>\n<td>OL 822 E FP<\/td>\n<td>816 x 641 x\u00a0554<\/td>\n<td>666\u00a0x 498\u00a0x 370<\/td>\n<td>666\u00a0x 498<\/td>\n<td>205<\/td>\n<td>122<\/td>\n<\/tr>\n<tr>\n<td>OL 824 E FP<\/td>\n<td>1096 x 641 x 554<\/td>\n<td>946\u00a0x 498\u00a0x 370<\/td>\n<td>964\u00a0x\u00a0498<\/td>\n<td>239<\/td>\n<td>174<\/td>\n<\/tr>\n<tr>\n<td>OL 826 E FP<\/td>\n<td>1486 x\u00a0780 x 554<\/td>\n<td>1336\u00a0x 638\u00a0x 370<\/td>\n<td>1336 x\u00a0638<\/td>\n<td>336<\/td>\n<td>315<\/td>\n<\/tr>\n<\/tbody>\n<\/table>\n<hr \/>\n<p>&nbsp;<\/p>\n<h4>Office-Line accessories<\/h4>\n<h4><strong>Internal safes with cylinder lock for the Office-Line series<\/strong><\/h4>\n<p>To supplement and continue to increase the theft resistance level, you can <strong><a href=\"https:\/\/test.burgwaechterservice.de\/p\/tresor-safe\/wertschutzschrank-office-line-111-116-mech-schloss\/\">add an internal safe<\/a><\/strong> to your Office-Line. This is permanently mounted and thus offers a protected and organised storage space for more valuables.<\/p>\n<p>It is also possible to mount several internal safes (internal depth 290 mm) one below the other (height then 154 mm each). Better safe than sorry!<\/p>\n<p><strong>Internal safe \u2013 office 1<\/strong> (H x W x D in mm: 151 x 498 x 290) for:<\/p>\n<ul>\n<li>Office 101 \u2013 104\/300<\/li>\n<li>Office 111 \u2013 114\/300<\/li>\n<li>Office 121 \u2013 124<\/li>\n<\/ul>\n<p><strong>Internal safe \u2013 office 2<\/strong> (H x W x D in mm: 151 x 638 x 290) for<\/p>\n<ul>\n<li>Office 106<\/li>\n<li>Office 116<\/li>\n<li>Office 126<\/li>\n<\/ul>\n<h4><strong>Practical accessories for the Office-Line business safe<\/strong><\/h4>\n<p><strong>Pull-out office shelf<\/strong>: For <u><a href=\"https:\/\/test.burgwaechterservice.de\/p\/tresor-safe\/wertschutzschrank-office-line-111-116-mech-schloss\/\">practical and fast loading<\/a><\/u> and removal of your valuables. The contents of your safe will be even more organised thanks to this additional shelf.<\/p>\n<p><strong>Pull-out office filing frame<\/strong>: The <u><a href=\"https:\/\/test.burgwaechterservice.de\/p\/tresor-safe\/wertschutzschrank-office-line-111-116-mech-schloss\/\">optimum storage space<\/a><\/u> for documents and files. Sort your documents in the best possible way with this pull-out filing frame.<\/p>\n<p>&nbsp;<\/p>\n<p><strong><a href=\"https:\/\/test.burgwaechterservice.de\/p\/tresor-safe\/tresorzusatzschluessel\/\">Additional key for OL 101-126 S, Ranger I\/8 S, MTD 34-38 F60 S<\/a><\/strong><\/p>\n<p>In case you lose a key, BURG-W\u00c4CHTER offers key sets. You can switch over the \u201cSecuSafe\u201d lock securely using this key set.<\/p>\n<ul>\n<li>Set 55-124-2 (set of 2 keys, 124 mm long)<\/li>\n<li>Set 55-124-4 (set of 4 keys, 124 mm long)<\/li>\n<li>Set 55-124-6 (set of 26 keys,124 mm long)<\/li>\n<\/ul>\n","protected":false},"excerpt":{"rendered":"<p>Office-Line by BURG-W\u00c4CHTER: The perfect business safe Der Sicherheitsschrank Office-Line ist ideal als Gesch\u00e4ftstresor geeignet. Er bietet einen sicheren und zuverl\u00e4ssigen Schutz f\u00fcr Bargeld, Dokumente, Kundendaten und vieles mehr. Ob mit Sicherheitsstufe B oder den Widerstandsgraden I und II: Mit &hellip; <a class=\"kt-excerpt-readmore\" href=\"https:\/\/test.burgwaechterservice.de\/international\/p\/safe\/officeline-2\/\" aria-label=\"Office-Line\">Read More<\/a><\/p>\n","protected":false},"featured_media":413871,"comment_status":"closed","ping_status":"closed","template":"","meta":[],"product_cat":[34,53],"product_tag":[97,98,99,89,90],"yoast_head":"<!-- This site is optimized with the Yoast SEO Premium plugin v18.4 (Yoast SEO v19.13) - https:\/\/yoast.com\/wordpress\/plugins\/seo\/ -->\n<title>Office-Line business safe up to resistance grade II from Burg-W\u00e4chter<\/title>\n<meta name=\"description\" content=\"Office-Line:The perfect business safe! As a model with security level B or as a safe with resistance grade I or II\" \/>\n<meta name=\"robots\" content=\"index, follow, max-snippet:-1, max-image-preview:large, max-video-preview:-1\" \/>\n<link rel=\"canonical\" href=\"https:\/\/test.burgwaechterservice.de\/international\/p\/safe\/officeline-2\/\" \/>\n<meta property=\"og:locale\" content=\"en_GB\" \/>\n<meta property=\"og:type\" content=\"article\" \/>\n<meta property=\"og:title\" content=\"Office-Line\" \/>\n<meta property=\"og:description\" content=\"Office-Line:The perfect business safe! As a model with security level B or as a safe with resistance grade I or II\" \/>\n<meta property=\"og:url\" content=\"https:\/\/test.burgwaechterservice.de\/international\/p\/safe\/officeline-2\/\" \/>\n<meta property=\"og:site_name\" content=\"Burg-W\u00e4chter International\" \/>\n<meta property=\"article:modified_time\" content=\"2022-06-24T09:39:50+00:00\" \/>\n<meta property=\"og:image\" content=\"https:\/\/test.burgwaechterservice.de\/international\/wp-content\/uploads\/sites\/7\/2020\/06\/Sicherheitsschrank-Office-Line-116-E-von-BURG-W\u00c4CHTER.jpg\" \/>\n\t<meta property=\"og:image:width\" content=\"1000\" \/>\n\t<meta property=\"og:image:height\" content=\"1000\" \/>\n\t<meta property=\"og:image:type\" content=\"image\/jpeg\" \/>\n<meta name=\"twitter:card\" content=\"summary_large_image\" \/>\n<meta name=\"twitter:label1\" content=\"Estimated reading time\" \/>\n\t<meta name=\"twitter:data1\" content=\"8 minutes\" \/>\n<!-- \/ Yoast SEO Premium plugin. -->","yoast_head_json":{"title":"Office-Line business safe up to resistance grade II from Burg-W\u00e4chter","description":"Office-Line:The perfect business safe! As a model with security level B or as a safe with resistance grade I or II","robots":{"index":"index","follow":"follow","max-snippet":"max-snippet:-1","max-image-preview":"max-image-preview:large","max-video-preview":"max-video-preview:-1"},"canonical":"https:\/\/test.burgwaechterservice.de\/international\/p\/safe\/officeline-2\/","og_locale":"en_GB","og_type":"article","og_title":"Office-Line","og_description":"Office-Line:The perfect business safe! As a model with security level B or as a safe with resistance grade I or II","og_url":"https:\/\/test.burgwaechterservice.de\/international\/p\/safe\/officeline-2\/","og_site_name":"Burg-W\u00e4chter International","article_modified_time":"2022-06-24T09:39:50+00:00","og_image":[{"width":1000,"height":1000,"url":"https:\/\/test.burgwaechterservice.de\/international\/wp-content\/uploads\/sites\/7\/2020\/06\/Sicherheitsschrank-Office-Line-116-E-von-BURG-W\u00c4CHTER.jpg","type":"image\/jpeg"}],"twitter_card":"summary_large_image","twitter_misc":{"Estimated reading time":"8 minutes"},"schema":{"@context":"https:\/\/schema.org","@graph":[{"@type":"WebPage","@id":"https:\/\/test.burgwaechterservice.de\/international\/p\/safe\/officeline-2\/","url":"https:\/\/test.burgwaechterservice.de\/international\/p\/safe\/officeline-2\/","name":"Office-Line business safe up to resistance grade II from Burg-W\u00e4chter","isPartOf":{"@id":"https:\/\/test.burgwaechterservice.de\/international\/#website"},"datePublished":"2020-06-22T17:26:43+00:00","dateModified":"2022-06-24T09:39:50+00:00","description":"Office-Line:The perfect business safe! As a model with security level B or as a safe with resistance grade I or II","breadcrumb":{"@id":"https:\/\/test.burgwaechterservice.de\/international\/p\/safe\/officeline-2\/#breadcrumb"},"inLanguage":"en-GB","potentialAction":[{"@type":"ReadAction","target":["https:\/\/test.burgwaechterservice.de\/international\/p\/safe\/officeline-2\/"]}]},{"@type":"BreadcrumbList","@id":"https:\/\/test.burgwaechterservice.de\/international\/p\/safe\/officeline-2\/#breadcrumb","itemListElement":[{"@type":"ListItem","position":1,"name":"Home","item":"https:\/\/test.burgwaechterservice.de\/international\/"},{"@type":"ListItem","position":2,"name":"Products","item":"https:\/\/test.burgwaechterservice.de\/international\/p\/"},{"@type":"ListItem","position":3,"name":"Office-Line"}]},{"@type":"WebSite","@id":"https:\/\/test.burgwaechterservice.de\/international\/#website","url":"https:\/\/test.burgwaechterservice.de\/international\/","name":"Burg-W\u00e4chter International","description":"Eine weitere Burg-W\u00e4chter ENTWICKLUNGSUMGEBUNG Websites Website","potentialAction":[{"@type":"SearchAction","target":{"@type":"EntryPoint","urlTemplate":"https:\/\/test.burgwaechterservice.de\/international\/?s={search_term_string}"},"query-input":"required name=search_term_string"}],"inLanguage":"en-GB"}]}},"_links":{"self":[{"href":"https:\/\/test.burgwaechterservice.de\/international\/wp-json\/wp\/v2\/product\/413870"}],"collection":[{"href":"https:\/\/test.burgwaechterservice.de\/international\/wp-json\/wp\/v2\/product"}],"about":[{"href":"https:\/\/test.burgwaechterservice.de\/international\/wp-json\/wp\/v2\/types\/product"}],"replies":[{"embeddable":true,"href":"https:\/\/test.burgwaechterservice.de\/international\/wp-json\/wp\/v2\/comments?post=413870"}],"wp:featuredmedia":[{"embeddable":true,"href":"https:\/\/test.burgwaechterservice.de\/international\/wp-json\/wp\/v2\/media\/413871"}],"wp:attachment":[{"href":"https:\/\/test.burgwaechterservice.de\/international\/wp-json\/wp\/v2\/media?parent=413870"}],"wp:term":[{"taxonomy":"product_cat","embeddable":true,"href":"https:\/\/test.burgwaechterservice.de\/international\/wp-json\/wp\/v2\/product_cat?post=413870"},{"taxonomy":"product_tag","embeddable":true,"href":"https:\/\/test.burgwaechterservice.de\/international\/wp-json\/wp\/v2\/product_tag?post=413870"}],"curies":[{"name":"wp","href":"https:\/\/api.w.org\/{rel}","templated":true}]}}