{"id":413845,"date":"2020-06-22T19:25:28","date_gmt":"2020-06-22T17:25:28","guid":{"rendered":"https:\/\/www.burg.biz\/international\/p\/tresor-safe\/dual-safe\/"},"modified":"2022-06-24T11:23:33","modified_gmt":"2022-06-24T09:23:33","slug":"dual-safe","status":"publish","type":"product","link":"https:\/\/test.burgwaechterservice.de\/international\/p\/safe\/dual-safe\/","title":{"rendered":"Dual-Safe"},"content":{"rendered":"<h2>Dual-Safe offers certified burglary protection and certified fire protection<\/h2>\n<p>The name says it all: <strong>The Dual-Safe from BURG-W\u00c4CHTER provides double security.<\/strong> The safe combines certified burglary protection with certified fire protection (fire resistance LFS 30P according to EN 15659). This means that important documents, cash and other valuables are <strong>protected from fire and heat for up to 30 minutes<\/strong> in the event of a fire. In addition, composite insulation is installed in front of the door leaf as thermal insulation for the lock and bolt mechanism. In terms of burglary protection, the Dual-Safe is certified according to the S2 standard as per DIN EN 14450.<\/p>\n<h3>This is how the safe is constructed<\/h3>\n<p>The Dual-Safe safety cabinet offers many advantages for your security. The <strong>safe<\/strong> is <strong>double-walled<\/strong>. Additional protection is provided by the side locks with <strong>25 mm round bolts<\/strong>, a <strong>sliding bolt<\/strong> at the top with additional puncture protection, and a <strong>rear gripping rail<\/strong> on the hinge side. In addition, the hinges lie on the inside and therefore offer no points of attack.<\/p>\n<h3>Dual-Safe prepared for safe anchorage<\/h3>\n<p>To prevent a safe from being easily stolen by thieves, <strong>secure anchoring<\/strong> is absolutely essential. To make anchoring the Dual-Safe easy, the safe comes prepared from the factory with <strong>two holes in the rear wall and two holes in the base<\/strong> (arranged diagonally) for robust anchoring. To keep valuables and documents neatly arranged, each model comes with an adjustable shelf.<\/p>\n<h3>Three sizes, opening by key, code or fingerprint<\/h3>\n<p>With the Dual-Safe, everyone can find the model that suits them best. This is ensured by the large selection of <strong>three sizes and two locking mechanisms<\/strong>. The safes of the Dual-Safe series offer volumes of 15 litres (DS 415), 27 litres (DS 425) and 50 litres (DS 445). The largest version thus offers space for up to eight large binders. Tip: If you can\u2019t decide on a size when buying, the larger model is the better choice. Experience shows that over the years more and more things that need to be kept safe are added.<\/p>\n<h3>&#8220;SecuTronic&#8221; modern safe electronics unit with touch control panel<\/h3>\n<p>With the locking systems you can choose between the <strong>classic, &#8220;SecuSafe&#8221; mechanical key lock (K models)<\/strong> and the <strong>&#8220;SecuTronic&#8221; electronic locking system (E FP models)<\/strong> for opening by code or fingerprint. The &#8220;SecuTronic&#8221; TRSE 12 H FP modern safe electronics unit offers a control panel with <strong>slanted touch control panel and graphic display<\/strong>. Instead of looking for the &#8220;On&#8221; button, you need only to swipe the control panel. This immediately activates it and illuminates it in two colours.<\/p>\n<p>In addition, the sloped position also guarantees optimal viewing from above. You can of course freely select the opening code. One admin and nine user codes are available. You can also read the opening history directly on the display. The &#8220;SecuTronic&#8221; TRSE 12 H FP has an <strong>opening delay<\/strong> (max. 99 min). This means: After entering the code, the programmed time must elapse before the Dual-Safe can be opened. Once three incorrect codes have been entered, a <strong>lock-out time<\/strong> is activated. This means that burglars have no chance to try lots of combinations.<\/p>\n<p>With <strong>security level B<\/strong>, the Dual-Safe offers <strong>insurance coverage up to 20,000 Euro (private) and 2500 Euro (commercial)<\/strong>. Please note: A coordination with the respective insurer is required due to differing insurance conditions.<\/p>\n<p>&nbsp;<\/p>\n<h3>The Dual-Safe offers<\/h3>\n<ul>\n<li>Safes with certification valid throughout Europe<\/li>\n<li>Type-tested security monitored by ECB\u2022S<\/li>\n<li>Tested and certified burglary and fire protection<\/li>\n<li>Security level S2 according to DIN EN 14450<\/li>\n<li>LFS 30 fire resistance according to EN 15659 \u2013 30 minutes\u2019 fire protection for paper<\/li>\n<li>Fire protection material according to DIN 4102<\/li>\n<li>Composite insulation installed in front of the door leaf as thermal insulation for the lock and bolt mechanism.<\/li>\n<li>Double-walled construction<\/li>\n<li>Inset hinge<\/li>\n<li>Lateral locking by 25 mm thick round bolts plus sliding bolt on top<\/li>\n<li>Rear gripping rail on the hinge side<\/li>\n<li>Anchoring option in the rear wall and in the floor, two holes in rear wall and two holes in the floor, arranged diagonally (mounting hardware included)<\/li>\n<li>Body: light grey, door: light grey<\/li>\n<li>Each with one shelf as standard<\/li>\n<li>Safe floor lined with felt<\/li>\n<\/ul>\n<p><strong>Model K (mechanical lock, SecuSafe)<\/strong><\/p>\n<ul>\n<li>Armoured security double-bit lock<\/li>\n<li>VdS-tested, Class 1<\/li>\n<li>ECB\u2022S-certified EN 1300, Class A<\/li>\n<li>Nine tumblers<\/li>\n<li>1,000,000 different locking arrangements<\/li>\n<li>Factory-supplied with two keys<\/li>\n<li>DS 415\/425\/445: The lock fitting protrudes 13 mm; DS 465: The lock fitting protrudes 11 mm<\/li>\n<\/ul>\n<p><strong>Model E FP (electronic lock with fingerprint module, SecuTronic)<\/strong><\/p>\n<ul>\n<li>ECB\u2022S-certified (Class B)<\/li>\n<li>Fake fingerprint detection<\/li>\n<li>Up to 10 six-digit user codes<\/li>\n<li>Up to 20 fingerprints<\/li>\n<li>Modern electronics with graphic display and touch control panel (illuminated)<\/li>\n<li>Slanted display for optimal operability<\/li>\n<li><strong>Additional security:<\/strong> Opening time delay adjustable (max. 99 min)<\/li>\n<li>Software updates easily installed via SD card<\/li>\n<li>Locking history viewable<\/li>\n<li>Menu navigation in 12 languages<\/li>\n<li>Easy battery replacement (batteries included in delivery)<\/li>\n<li>Lock fitting protrudes 20 mm<\/li>\n<\/ul>\n<h3>The Dual-Safe\u00a0models at a glance<\/h3>\n<table class=\"ausfuehrung\">\n<thead>\n<tr>\n<td>Item<\/td>\n<td>Outside H x W x D (mm)<\/td>\n<td>Inside H x W x D (mm)<\/td>\n<td>Door H x W (opening in mm)<\/td>\n<td>Weight (kg)<\/td>\n<td>Capacity (l)<\/td>\n<td>Locking system<\/td>\n<\/tr>\n<\/thead>\n<tbody>\n<tr>\n<td>DS 415 K<\/td>\n<td>320 x 435 x 380<\/td>\n<td>205 x 320 x 232<\/td>\n<td>205 x 265<\/td>\n<td>44,0<\/td>\n<td>15,0<\/td>\n<td>Mechanical lock<\/td>\n<\/tr>\n<tr>\n<td>DS 425 K<\/td>\n<td>360 x 495 x 445<\/td>\n<td>245 x 380 x 297<\/td>\n<td>245 x 325<\/td>\n<td>55,0<\/td>\n<td>27,0<\/td>\n<td>Mechanical lock<\/td>\n<\/tr>\n<\/tbody>\n<tbody>\n<tr>\n<td>DS 445 K<\/td>\n<td>560 x 495 x 445<\/td>\n<td>445 x 380 x 297<\/td>\n<td>445 x 325<\/td>\n<td>77,0<\/td>\n<td>50,0<\/td>\n<td>Mechanical lock<\/td>\n<\/tr>\n<tr>\n<td>DS 415 E FP<\/td>\n<td>320 x 435 x 380<\/td>\n<td>205 x 320 x 232<\/td>\n<td>205 x 265<\/td>\n<td>44,0<\/td>\n<td>15,0<\/td>\n<td>Code and fingerprint<\/td>\n<\/tr>\n<tr>\n<td>DS 425 E FP<\/td>\n<td>360 x 495 x 445<\/td>\n<td>245 x 380 x 297<\/td>\n<td>245 x 325<\/td>\n<td>55,0<\/td>\n<td>27,0<\/td>\n<td>Code and fingerprint<\/td>\n<\/tr>\n<\/tbody>\n<tbody>\n<tr>\n<td>DS 445 E FP<\/td>\n<td>560 x 495 x 445<\/td>\n<td>445 x 380 x 297<\/td>\n<td>445 x 325<\/td>\n<td>77,0<\/td>\n<td>50,0<\/td>\n<td>Code and fingerprint<\/td>\n<\/tr>\n<\/tbody>\n<\/table>\n<div class=\"produktvergleich\">\n<div class=\"small\">\n<p>&nbsp;<\/p>\n<\/div>\n<\/div>\n","protected":false},"excerpt":{"rendered":"<p>Dual-Safe offers certified burglary protection and certified fire protection The name says it all: The Dual-Safe from BURG-W\u00c4CHTER provides double security. The safe combines certified burglary protection with certified fire protection (fire resistance LFS 30P according to EN 15659). This &hellip; <a class=\"kt-excerpt-readmore\" href=\"https:\/\/test.burgwaechterservice.de\/international\/p\/safe\/dual-safe\/\" aria-label=\"Dual-Safe\">Read More<\/a><\/p>\n","protected":false},"featured_media":413846,"comment_status":"closed","ping_status":"closed","template":"","meta":[],"product_cat":[34,58,52],"product_tag":[7905],"yoast_head":"<!-- This site is optimized with the Yoast SEO Premium plugin v18.4 (Yoast SEO v19.13) - https:\/\/yoast.com\/wordpress\/plugins\/seo\/ -->\n<title>Double sure! Dual-Safe safe with burglary protection and fire protection<\/title>\n<meta name=\"description\" content=\"A Dual-Safe security cabinet from BURG-W\u00c4CHTER guarantees security against burglary and fire. Safe with key or code opening.\" \/>\n<meta name=\"robots\" content=\"index, follow, max-snippet:-1, max-image-preview:large, max-video-preview:-1\" \/>\n<link rel=\"canonical\" href=\"https:\/\/test.burgwaechterservice.de\/international\/p\/safe\/dual-safe\/\" \/>\n<meta property=\"og:locale\" content=\"en_GB\" \/>\n<meta property=\"og:type\" content=\"article\" \/>\n<meta property=\"og:title\" content=\"Doppelt sicher! Der Dual-Safe von BURG-W\u00c4CHTER\" \/>\n<meta property=\"og:description\" content=\"Der Dual-Safe Sicherheitsschrank von BURG-W\u00c4CHTER garantiert Sicherheit vor Einbruch und Feuer. Tresor mit Schl\u00fcssel- oder Code-\u00d6ffnung.\" \/>\n<meta property=\"og:url\" content=\"https:\/\/test.burgwaechterservice.de\/international\/p\/safe\/dual-safe\/\" \/>\n<meta property=\"og:site_name\" content=\"Burg-W\u00e4chter International\" \/>\n<meta property=\"article:modified_time\" content=\"2022-06-24T09:23:33+00:00\" \/>\n<meta name=\"twitter:card\" content=\"summary_large_image\" \/>\n<meta name=\"twitter:title\" content=\"Dual-Safe\" \/>\n<meta name=\"twitter:image\" content=\"https:\/\/test.burgwaechterservice.de\/international\/wp-content\/uploads\/sites\/7\/2020\/06\/Tresor-Dual-Safe-DS-425-E-FP-BURG-W\u00c4CHTER.jpg\" \/>\n<meta name=\"twitter:label1\" content=\"Estimated reading time\" \/>\n\t<meta name=\"twitter:data1\" content=\"4 minutes\" \/>\n<!-- \/ Yoast SEO Premium plugin. -->","yoast_head_json":{"title":"Double sure! Dual-Safe safe with burglary protection and fire protection","description":"A Dual-Safe security cabinet from BURG-W\u00c4CHTER guarantees security against burglary and fire. Safe with key or code opening.","robots":{"index":"index","follow":"follow","max-snippet":"max-snippet:-1","max-image-preview":"max-image-preview:large","max-video-preview":"max-video-preview:-1"},"canonical":"https:\/\/test.burgwaechterservice.de\/international\/p\/safe\/dual-safe\/","og_locale":"en_GB","og_type":"article","og_title":"Doppelt sicher! Der Dual-Safe von BURG-W\u00c4CHTER","og_description":"Der Dual-Safe Sicherheitsschrank von BURG-W\u00c4CHTER garantiert Sicherheit vor Einbruch und Feuer. Tresor mit Schl\u00fcssel- oder Code-\u00d6ffnung.","og_url":"https:\/\/test.burgwaechterservice.de\/international\/p\/safe\/dual-safe\/","og_site_name":"Burg-W\u00e4chter International","article_modified_time":"2022-06-24T09:23:33+00:00","twitter_card":"summary_large_image","twitter_title":"Dual-Safe","twitter_image":"https:\/\/test.burgwaechterservice.de\/international\/wp-content\/uploads\/sites\/7\/2020\/06\/Tresor-Dual-Safe-DS-425-E-FP-BURG-W\u00c4CHTER.jpg","twitter_misc":{"Estimated reading time":"4 minutes"},"schema":{"@context":"https:\/\/schema.org","@graph":[{"@type":"WebPage","@id":"https:\/\/test.burgwaechterservice.de\/international\/p\/safe\/dual-safe\/","url":"https:\/\/test.burgwaechterservice.de\/international\/p\/safe\/dual-safe\/","name":"Double sure! Dual-Safe safe with burglary protection and fire protection","isPartOf":{"@id":"https:\/\/test.burgwaechterservice.de\/international\/#website"},"datePublished":"2020-06-22T17:25:28+00:00","dateModified":"2022-06-24T09:23:33+00:00","description":"A Dual-Safe security cabinet from BURG-W\u00c4CHTER guarantees security against burglary and fire. Safe with key or code opening.","breadcrumb":{"@id":"https:\/\/test.burgwaechterservice.de\/international\/p\/safe\/dual-safe\/#breadcrumb"},"inLanguage":"en-GB","potentialAction":[{"@type":"ReadAction","target":["https:\/\/test.burgwaechterservice.de\/international\/p\/safe\/dual-safe\/"]}]},{"@type":"BreadcrumbList","@id":"https:\/\/test.burgwaechterservice.de\/international\/p\/safe\/dual-safe\/#breadcrumb","itemListElement":[{"@type":"ListItem","position":1,"name":"Home","item":"https:\/\/test.burgwaechterservice.de\/international\/"},{"@type":"ListItem","position":2,"name":"Products","item":"https:\/\/test.burgwaechterservice.de\/international\/p\/"},{"@type":"ListItem","position":3,"name":"Dual-Safe"}]},{"@type":"WebSite","@id":"https:\/\/test.burgwaechterservice.de\/international\/#website","url":"https:\/\/test.burgwaechterservice.de\/international\/","name":"Burg-W\u00e4chter International","description":"Eine weitere Burg-W\u00e4chter ENTWICKLUNGSUMGEBUNG Websites Website","potentialAction":[{"@type":"SearchAction","target":{"@type":"EntryPoint","urlTemplate":"https:\/\/test.burgwaechterservice.de\/international\/?s={search_term_string}"},"query-input":"required name=search_term_string"}],"inLanguage":"en-GB"}]}},"_links":{"self":[{"href":"https:\/\/test.burgwaechterservice.de\/international\/wp-json\/wp\/v2\/product\/413845"}],"collection":[{"href":"https:\/\/test.burgwaechterservice.de\/international\/wp-json\/wp\/v2\/product"}],"about":[{"href":"https:\/\/test.burgwaechterservice.de\/international\/wp-json\/wp\/v2\/types\/product"}],"replies":[{"embeddable":true,"href":"https:\/\/test.burgwaechterservice.de\/international\/wp-json\/wp\/v2\/comments?post=413845"}],"wp:featuredmedia":[{"embeddable":true,"href":"https:\/\/test.burgwaechterservice.de\/international\/wp-json\/wp\/v2\/media\/413846"}],"wp:attachment":[{"href":"https:\/\/test.burgwaechterservice.de\/international\/wp-json\/wp\/v2\/media?parent=413845"}],"wp:term":[{"taxonomy":"product_cat","embeddable":true,"href":"https:\/\/test.burgwaechterservice.de\/international\/wp-json\/wp\/v2\/product_cat?post=413845"},{"taxonomy":"product_tag","embeddable":true,"href":"https:\/\/test.burgwaechterservice.de\/international\/wp-json\/wp\/v2\/product_tag?post=413845"}],"curies":[{"name":"wp","href":"https:\/\/api.w.org\/{rel}","templated":true}]}}