{"id":32735,"date":"2016-07-25T16:18:50","date_gmt":"2016-07-25T14:18:50","guid":{"rendered":"https:\/\/www.burg.biz\/?post_type=product&#038;p=32735"},"modified":"2019-05-27T12:31:45","modified_gmt":"2019-05-27T10:31:45","slug":"koeln","status":"publish","type":"product","link":"https:\/\/test.burgwaechterservice.de\/international\/p\/letter-boxes\/koeln\/","title":{"rendered":"K\u00f6ln"},"content":{"rendered":"<p><img decoding=\"async\" class=\"alignnone wp-image-48087\" src=\"https:\/\/test.burgwaechterservice.de\/international\/wp-content\/uploads\/sites\/7\/2016\/06\/Porta-einteilig-795-794-Rondo-Europa-St\u00e4nder-eBoxx-.jpg\" alt=\"BUW-Icons-BK 4c OK.indd\" width=\"116\" height=\"118\" srcset=\"https:\/\/test.burgwaechterservice.de\/international\/wp-content\/uploads\/sites\/7\/2016\/06\/Porta-einteilig-795-794-Rondo-Europa-St\u00e4nder-eBoxx-.jpg 308w, https:\/\/test.burgwaechterservice.de\/international\/wp-content\/uploads\/sites\/7\/2016\/06\/Porta-einteilig-795-794-Rondo-Europa-St\u00e4nder-eBoxx--296x300.jpg 296w, https:\/\/test.burgwaechterservice.de\/international\/wp-content\/uploads\/sites\/7\/2016\/06\/Porta-einteilig-795-794-Rondo-Europa-St\u00e4nder-eBoxx--80x80.jpg 80w\" sizes=\"(max-width: 116px) 100vw, 116px\" \/><a href=\"https:\/\/warranty.burg.biz\/bk\/\" target=\"_blank\" rel=\"noopener noreferrer\"><img decoding=\"async\" class=\"alignright wp-image-267972\" src=\"https:\/\/test.burgwaechterservice.de\/international\/wp-content\/uploads\/sites\/7\/2016\/07\/Siegel_5_Jahre_Garantie_EN_-287x300.jpg\" alt=\"\" width=\"215\" height=\"224\" srcset=\"https:\/\/test.burgwaechterservice.de\/international\/wp-content\/uploads\/sites\/7\/2016\/07\/Siegel_5_Jahre_Garantie_EN_-287x300.jpg 287w, https:\/\/test.burgwaechterservice.de\/international\/wp-content\/uploads\/sites\/7\/2016\/07\/Siegel_5_Jahre_Garantie_EN_.jpg 474w\" sizes=\"(max-width: 215px) 100vw, 215px\" \/><br \/>\n<\/a><\/p>\n<h2>The practical standard letter box K\u00f6ln with selectable insertion formats<\/h2>\n<p>DIN B5 or DIN A4? Decide for yourself.<br \/>\nThe letter box K\u00f6ln for bank installation is optimally prepared for wall fixing and is also, in the pre-drilled version, suitable for banks. Additionally, this model can score with optical details.<\/p>\n<h3>Compact, practical model<\/h3>\n<p>The small but mighty letter box K\u00f6ln from BURG-W\u00c4CHTER convinces with a <strong>simple design<\/strong>. The <strong>three small viewing slots<\/strong> in the door provide an optical highlight.<br \/>\nWith the <strong>galvanisation<\/strong>, the steel letter box is <strong>durable<\/strong> and <strong>more resistant<\/strong> against weather than without a protective treatment.<br \/>\nLetter box care: We simply recommend you to regularly use a clean, wet cloth.<\/p>\n<p>From <strong>two insertion formats, <\/strong>you can choose the best letter box for your bank installation. Decide for the format DIN B5 (871) or the slightly larger version DIN A4 (872).<\/p>\n<p>The K\u00f6ln is available in the colours white and brown.<\/p>\n<p>The fixing material for wall fixing is included.<\/p>\n<h3>Pre-drilled version for bank installations<\/h3>\n<p>The model K\u00f6ln in the <strong>pre-drilled version<\/strong> is prepared <strong>for installations in banks<\/strong>.<br \/>\nDue to the 16-fold mounting-drilling, this letter box can effortlessly be combined with letter boxes of the same version. For unused drill holes, plastic plugs are within the delivery scope.<br \/>\nFurther, you can purchase a bank for a sturdy flush-mounted fitting (price per meter) and a special packaging for your letter box banks (required when purchasing 4 or more letter boxes).<br \/>\nClick<a href=\"https:\/\/test.burgwaechterservice.de\/international\/p\/letter-boxes\/accessoires-for-banks\/\"> here<\/a> to get to our accessories for banks.<\/p>\n<h3>The K\u00f6ln from BURG-W\u00c4CHTER at a glance<\/h3>\n<ul>\n<li>Standard letter box for wall fixing<\/li>\n<li>Also available in a pre-drilled version for bank installations<\/li>\n<li>With three viewing slots in the door<\/li>\n<li>With insertion flap\n<ul>\n<li>871: Insertion format DIN B5<br \/>\n(W x H: 185 x 35 mm)<\/li>\n<li>872: Insertion format DIN A4<br \/>\n(W x H: 225 x 35 mm)<\/li>\n<\/ul>\n<\/li>\n<li>Available in the colours white and brown<\/li>\n<li>Measurements H x W x D:<br \/>\n871\u00a0\u00a0\u00a0\u00a0\u00a0\u00a0\u00a0 315 x 215 x 75 mm<br \/>\n872\u00a0\u00a0\u00a0\u00a0\u00a0\u00a0\u00a0 340 x 255 x 85 mm<\/li>\n<li>Fixing material included<\/li>\n<\/ul>\n<p>&nbsp;<\/p>\n<table class=\"ausfuehrung\">\n<thead>\n<tr>\n<td>Art.-No.<\/td>\n<td>Colours<\/td>\n<td>H x\u00a0W x D<\/td>\n<td>Slot<\/td>\n<\/tr>\n<tr>\n<td class=\"subdesc\"><\/td>\n<td><\/td>\n<td class=\"subdesc\">mm<\/td>\n<td class=\"subdesc\">W\u00a0x H (mm)<\/td>\n<\/tr>\n<\/thead>\n<tbody>\n<tr>\n<td>871 W<\/td>\n<td>white<\/td>\n<td>315 x 215 x 75<\/td>\n<td>185 x 35<\/td>\n<\/tr>\n<tr>\n<td>871 BR<\/td>\n<td>brown<\/td>\n<td>315 x 215 x 75<\/td>\n<td>185 x 35<\/td>\n<\/tr>\n<tr>\n<td>872 W<\/td>\n<td>white<\/td>\n<td>340 x 255 x 85<\/td>\n<td>225 x 35<\/td>\n<\/tr>\n<tr>\n<td>872 BR<\/td>\n<td>brown<\/td>\n<td>340 x 255 x 85<\/td>\n<td>225 x 35<\/td>\n<\/tr>\n<tr>\n<td>pre-drilled\u00a0871 W<\/td>\n<td>white<\/td>\n<td>315 x 215 x 75<\/td>\n<td>185 x 35<\/td>\n<\/tr>\n<tr>\n<td>pre-drilled 872 W<\/td>\n<td>white<\/td>\n<td>340 x 255 x 85<\/td>\n<td>225 x 35<\/td>\n<\/tr>\n<\/tbody>\n<\/table>\n","protected":false},"excerpt":{"rendered":"<p>The practical standard letter box K\u00f6ln with selectable insertion formats DIN B5 or DIN A4? Decide for yourself. The letter box K\u00f6ln for bank installation is optimally prepared for wall fixing and is also, in the pre-drilled version, suitable for &hellip; <a class=\"kt-excerpt-readmore\" href=\"https:\/\/test.burgwaechterservice.de\/international\/p\/letter-boxes\/koeln\/\" aria-label=\"K\u00f6ln\">Read More<\/a><\/p>\n","protected":false},"featured_media":32740,"comment_status":"closed","ping_status":"closed","template":"","meta":[],"product_cat":[23,46],"product_tag":[187,188],"yoast_head":"<!-- This site is optimized with the Yoast SEO Premium plugin v18.4 (Yoast SEO v19.13) - https:\/\/yoast.com\/wordpress\/plugins\/seo\/ -->\n<title>Letter Box K\u00f6ln by BURG-W\u00c4CHTER international<\/title>\n<meta name=\"description\" content=\"The letter box K\u00f6ln by BURG-W\u00c4CHTER: Standard letter box for wall fixing. Also available in a pre-drilled version for bank installations.\" \/>\n<meta name=\"robots\" content=\"index, follow, max-snippet:-1, max-image-preview:large, max-video-preview:-1\" \/>\n<link rel=\"canonical\" href=\"https:\/\/test.burgwaechterservice.de\/international\/p\/letter-boxes\/koeln\/\" \/>\n<meta property=\"og:locale\" content=\"en_GB\" \/>\n<meta property=\"og:type\" content=\"article\" \/>\n<meta property=\"og:title\" content=\"K\u00f6ln\" \/>\n<meta property=\"og:description\" content=\"The letter box K\u00f6ln by BURG-W\u00c4CHTER: Standard letter box for wall fixing. Also available in a pre-drilled version for bank installations.\" \/>\n<meta property=\"og:url\" content=\"https:\/\/test.burgwaechterservice.de\/international\/p\/letter-boxes\/koeln\/\" \/>\n<meta property=\"og:site_name\" content=\"Burg-W\u00e4chter International\" \/>\n<meta property=\"article:modified_time\" content=\"2019-05-27T10:31:45+00:00\" \/>\n<meta property=\"og:image\" content=\"https:\/\/test.burgwaechterservice.de\/international\/wp-content\/uploads\/sites\/7\/2016\/07\/jyd46rbh.jpg\" \/>\n\t<meta property=\"og:image:width\" content=\"622\" \/>\n\t<meta property=\"og:image:height\" content=\"662\" \/>\n\t<meta property=\"og:image:type\" content=\"image\/jpeg\" \/>\n<meta name=\"twitter:card\" content=\"summary_large_image\" \/>\n<meta name=\"twitter:label1\" content=\"Estimated reading time\" \/>\n\t<meta name=\"twitter:data1\" content=\"2 minutes\" \/>\n<!-- \/ Yoast SEO Premium plugin. -->","yoast_head_json":{"title":"Letter Box K\u00f6ln by BURG-W\u00c4CHTER international","description":"The letter box K\u00f6ln by BURG-W\u00c4CHTER: Standard letter box for wall fixing. Also available in a pre-drilled version for bank installations.","robots":{"index":"index","follow":"follow","max-snippet":"max-snippet:-1","max-image-preview":"max-image-preview:large","max-video-preview":"max-video-preview:-1"},"canonical":"https:\/\/test.burgwaechterservice.de\/international\/p\/letter-boxes\/koeln\/","og_locale":"en_GB","og_type":"article","og_title":"K\u00f6ln","og_description":"The letter box K\u00f6ln by BURG-W\u00c4CHTER: Standard letter box for wall fixing. Also available in a pre-drilled version for bank installations.","og_url":"https:\/\/test.burgwaechterservice.de\/international\/p\/letter-boxes\/koeln\/","og_site_name":"Burg-W\u00e4chter International","article_modified_time":"2019-05-27T10:31:45+00:00","og_image":[{"width":622,"height":662,"url":"https:\/\/test.burgwaechterservice.de\/international\/wp-content\/uploads\/sites\/7\/2016\/07\/jyd46rbh.jpg","type":"image\/jpeg"}],"twitter_card":"summary_large_image","twitter_misc":{"Estimated reading time":"2 minutes"},"schema":{"@context":"https:\/\/schema.org","@graph":[{"@type":"WebPage","@id":"https:\/\/test.burgwaechterservice.de\/international\/p\/letter-boxes\/koeln\/","url":"https:\/\/test.burgwaechterservice.de\/international\/p\/letter-boxes\/koeln\/","name":"Letter Box K\u00f6ln by BURG-W\u00c4CHTER international","isPartOf":{"@id":"https:\/\/test.burgwaechterservice.de\/international\/#website"},"datePublished":"2016-07-25T14:18:50+00:00","dateModified":"2019-05-27T10:31:45+00:00","description":"The letter box K\u00f6ln by BURG-W\u00c4CHTER: Standard letter box for wall fixing. Also available in a pre-drilled version for bank installations.","breadcrumb":{"@id":"https:\/\/test.burgwaechterservice.de\/international\/p\/letter-boxes\/koeln\/#breadcrumb"},"inLanguage":"en-GB","potentialAction":[{"@type":"ReadAction","target":["https:\/\/test.burgwaechterservice.de\/international\/p\/letter-boxes\/koeln\/"]}]},{"@type":"BreadcrumbList","@id":"https:\/\/test.burgwaechterservice.de\/international\/p\/letter-boxes\/koeln\/#breadcrumb","itemListElement":[{"@type":"ListItem","position":1,"name":"Home","item":"https:\/\/test.burgwaechterservice.de\/international\/"},{"@type":"ListItem","position":2,"name":"Products","item":"https:\/\/test.burgwaechterservice.de\/international\/p\/"},{"@type":"ListItem","position":3,"name":"K\u00f6ln"}]},{"@type":"WebSite","@id":"https:\/\/test.burgwaechterservice.de\/international\/#website","url":"https:\/\/test.burgwaechterservice.de\/international\/","name":"Burg-W\u00e4chter International","description":"Eine weitere Burg-W\u00e4chter ENTWICKLUNGSUMGEBUNG Websites Website","potentialAction":[{"@type":"SearchAction","target":{"@type":"EntryPoint","urlTemplate":"https:\/\/test.burgwaechterservice.de\/international\/?s={search_term_string}"},"query-input":"required name=search_term_string"}],"inLanguage":"en-GB"}]}},"_links":{"self":[{"href":"https:\/\/test.burgwaechterservice.de\/international\/wp-json\/wp\/v2\/product\/32735"}],"collection":[{"href":"https:\/\/test.burgwaechterservice.de\/international\/wp-json\/wp\/v2\/product"}],"about":[{"href":"https:\/\/test.burgwaechterservice.de\/international\/wp-json\/wp\/v2\/types\/product"}],"replies":[{"embeddable":true,"href":"https:\/\/test.burgwaechterservice.de\/international\/wp-json\/wp\/v2\/comments?post=32735"}],"wp:featuredmedia":[{"embeddable":true,"href":"https:\/\/test.burgwaechterservice.de\/international\/wp-json\/wp\/v2\/media\/32740"}],"wp:attachment":[{"href":"https:\/\/test.burgwaechterservice.de\/international\/wp-json\/wp\/v2\/media?parent=32735"}],"wp:term":[{"taxonomy":"product_cat","embeddable":true,"href":"https:\/\/test.burgwaechterservice.de\/international\/wp-json\/wp\/v2\/product_cat?post=32735"},{"taxonomy":"product_tag","embeddable":true,"href":"https:\/\/test.burgwaechterservice.de\/international\/wp-json\/wp\/v2\/product_tag?post=32735"}],"curies":[{"name":"wp","href":"https:\/\/api.w.org\/{rel}","templated":true}]}}