{"id":32308,"date":"2016-07-21T09:54:02","date_gmt":"2016-07-21T07:54:02","guid":{"rendered":"https:\/\/www.burg.biz\/?post_type=product&#038;p=32308"},"modified":"2018-06-21T08:12:34","modified_gmt":"2018-06-21T06:12:34","slug":"malmoe","status":"publish","type":"product","link":"https:\/\/test.burgwaechterservice.de\/international\/p\/letter-boxes\/malmoe\/","title":{"rendered":"Malm\u00f6"},"content":{"rendered":"<p><img decoding=\"async\" class=\"alignnone wp-image-176905\" src=\"https:\/\/test.burgwaechterservice.de\/international\/wp-content\/uploads\/sites\/7\/2016\/07\/Piano-Pearl-Kiel-Malm\u00f6-Verona-1.jpg\" alt=\"\" width=\"318\" height=\"118\" srcset=\"https:\/\/test.burgwaechterservice.de\/international\/wp-content\/uploads\/sites\/7\/2016\/07\/Piano-Pearl-Kiel-Malm\u00f6-Verona-1.jpg 861w, https:\/\/test.burgwaechterservice.de\/international\/wp-content\/uploads\/sites\/7\/2016\/07\/Piano-Pearl-Kiel-Malm\u00f6-Verona-1-300x111.jpg 300w, https:\/\/test.burgwaechterservice.de\/international\/wp-content\/uploads\/sites\/7\/2016\/07\/Piano-Pearl-Kiel-Malm\u00f6-Verona-1-768x285.jpg 768w, https:\/\/test.burgwaechterservice.de\/international\/wp-content\/uploads\/sites\/7\/2016\/07\/Piano-Pearl-Kiel-Malm\u00f6-Verona-1-600x222.jpg 600w\" sizes=\"(max-width: 318px) 100vw, 318px\" \/><\/p>\n<h2>Malm\u00f6: The letter box with the soft shape<\/h2>\n<p>The high-quality plastic letter box Malm\u00f6 convinces with a <strong>simple<\/strong> and <strong>classic design<\/strong> as well as with a <strong>soft shaping<\/strong>.<\/p>\n<h3>Equipped with a practical newspaper compartment<\/h3>\n<p>Not only is the appealing design of the Malm\u00f6 noteworthy. In terms of functionality, it can score as well: An <strong>integrated newspaper compartment<\/strong> behind the letter box allows an easy and practical delivery of your print media.<br \/>\nThe letter box Malm\u00f6 is <strong>EN 13724 checked<\/strong>.<\/p>\n<h3>Weather resistant plastic material<\/h3>\n<p>The letter box model Malm\u00f6 is due to its high-quality plastic material very <strong>weatherproof<\/strong>, <strong>hard-wearing<\/strong> and thus <strong>especially durable<\/strong>. For cleaning, we simply recommend to use a wet, clean cloth.<\/p>\n<h3>Where to mount my letter box Malm\u00f6?<\/h3>\n<p>BURG-W\u00c4CHTER recommends to generally mount letter boxes in a <strong>weather protected area<\/strong>, where they are subjected to <strong>minimum weather<\/strong>. The advised height for a convenient loading and unloading lies between 900 and 1300 mm.<br \/>\nIf you want, you can put up your Malm\u00f6 freely at an individual spot \u2013 with a matching stand, e.g. with the model Rondo.<br \/>\nClick here for more letter box stands.<\/p>\n<h3>The model Malm\u00f6 from BURG-W\u00c4CHTER at a glance<\/h3>\n<ul>\n<li>Contemporary, soft design<\/li>\n<li>Made of high-quality plastic<\/li>\n<li>EN 13724 checked<\/li>\n<li>Includes a newspaper compartment<\/li>\n<li>With opening stop<\/li>\n<li>Insertion format DIN C4<br \/>\n(W x H: 325 x 33 mm)<\/li>\n<li>Measurements H x W x D: 330 x 420 x 170 mm<\/li>\n<li>Colour: white<\/li>\n<\/ul>\n<table class=\"ausfuehrung\">\n<thead>\n<tr>\n<td>Art.-No.<\/td>\n<td>Colours<\/td>\n<td>H x W x D<\/td>\n<td>Slot<\/td>\n<\/tr>\n<tr>\n<td class=\"subdesc\"><\/td>\n<td><\/td>\n<td class=\"subdesc\">mm<\/td>\n<td class=\"subdesc\">W x H (mm)<\/td>\n<\/tr>\n<\/thead>\n<tbody>\n<tr>\n<td>889 W<\/td>\n<td>white<\/td>\n<td>330 x 420 x 170<\/td>\n<td>325 x 33<\/td>\n<\/tr>\n<\/tbody>\n<\/table>\n","protected":false},"excerpt":{"rendered":"<p>Malm\u00f6: The letter box with the soft shape The high-quality plastic letter box Malm\u00f6 convinces with a simple and classic design as well as with a soft shaping. Equipped with a practical newspaper compartment Not only is the appealing design &hellip; <a class=\"kt-excerpt-readmore\" href=\"https:\/\/test.burgwaechterservice.de\/international\/p\/letter-boxes\/malmoe\/\" aria-label=\"Malm\u00f6\">Read More<\/a><\/p>\n","protected":false},"featured_media":32508,"comment_status":"closed","ping_status":"closed","template":"","meta":[],"product_cat":[23,28],"product_tag":[],"yoast_head":"<!-- This site is optimized with the Yoast SEO Premium plugin v18.4 (Yoast SEO v19.13) - https:\/\/yoast.com\/wordpress\/plugins\/seo\/ -->\n<title>Letter Box Malm\u00f6 - BURG-W\u00c4CHTER international<\/title>\n<meta name=\"description\" content=\"The letter box Malm\u00f6 by BURG-W\u00c4CHTER includes a newspaper compartment, comes with interior lighting and with an opening stop.\" \/>\n<meta name=\"robots\" content=\"index, follow, max-snippet:-1, max-image-preview:large, max-video-preview:-1\" \/>\n<link rel=\"canonical\" href=\"https:\/\/test.burgwaechterservice.de\/international\/p\/letter-boxes\/malmoe\/\" \/>\n<meta property=\"og:locale\" content=\"en_GB\" \/>\n<meta property=\"og:type\" content=\"article\" \/>\n<meta property=\"og:title\" content=\"Malm\u00f6\" \/>\n<meta property=\"og:description\" content=\"The letter box Malm\u00f6 by BURG-W\u00c4CHTER includes a newspaper compartment, comes with interior lighting and with an opening stop.\" \/>\n<meta property=\"og:url\" content=\"https:\/\/test.burgwaechterservice.de\/international\/p\/letter-boxes\/malmoe\/\" \/>\n<meta property=\"og:site_name\" content=\"Burg-W\u00e4chter International\" \/>\n<meta property=\"article:modified_time\" content=\"2018-06-21T06:12:34+00:00\" \/>\n<meta property=\"og:image\" content=\"https:\/\/test.burgwaechterservice.de\/international\/wp-content\/uploads\/sites\/7\/2016\/07\/Briefkasten_Malm\u00f6_889_W_183502-01.jpg\" \/>\n\t<meta property=\"og:image:width\" content=\"1000\" \/>\n\t<meta property=\"og:image:height\" content=\"1000\" \/>\n\t<meta property=\"og:image:type\" content=\"image\/jpeg\" \/>\n<meta name=\"twitter:card\" content=\"summary_large_image\" \/>\n<meta name=\"twitter:label1\" content=\"Estimated reading time\" \/>\n\t<meta name=\"twitter:data1\" content=\"1 minute\" \/>\n<!-- \/ Yoast SEO Premium plugin. -->","yoast_head_json":{"title":"Letter Box Malm\u00f6 - BURG-W\u00c4CHTER international","description":"The letter box Malm\u00f6 by BURG-W\u00c4CHTER includes a newspaper compartment, comes with interior lighting and with an opening stop.","robots":{"index":"index","follow":"follow","max-snippet":"max-snippet:-1","max-image-preview":"max-image-preview:large","max-video-preview":"max-video-preview:-1"},"canonical":"https:\/\/test.burgwaechterservice.de\/international\/p\/letter-boxes\/malmoe\/","og_locale":"en_GB","og_type":"article","og_title":"Malm\u00f6","og_description":"The letter box Malm\u00f6 by BURG-W\u00c4CHTER includes a newspaper compartment, comes with interior lighting and with an opening stop.","og_url":"https:\/\/test.burgwaechterservice.de\/international\/p\/letter-boxes\/malmoe\/","og_site_name":"Burg-W\u00e4chter International","article_modified_time":"2018-06-21T06:12:34+00:00","og_image":[{"width":1000,"height":1000,"url":"https:\/\/test.burgwaechterservice.de\/international\/wp-content\/uploads\/sites\/7\/2016\/07\/Briefkasten_Malm\u00f6_889_W_183502-01.jpg","type":"image\/jpeg"}],"twitter_card":"summary_large_image","twitter_misc":{"Estimated reading time":"1 minute"},"schema":{"@context":"https:\/\/schema.org","@graph":[{"@type":"WebPage","@id":"https:\/\/test.burgwaechterservice.de\/international\/p\/letter-boxes\/malmoe\/","url":"https:\/\/test.burgwaechterservice.de\/international\/p\/letter-boxes\/malmoe\/","name":"Letter Box Malm\u00f6 - BURG-W\u00c4CHTER international","isPartOf":{"@id":"https:\/\/test.burgwaechterservice.de\/international\/#website"},"datePublished":"2016-07-21T07:54:02+00:00","dateModified":"2018-06-21T06:12:34+00:00","description":"The letter box Malm\u00f6 by BURG-W\u00c4CHTER includes a newspaper compartment, comes with interior lighting and with an opening stop.","breadcrumb":{"@id":"https:\/\/test.burgwaechterservice.de\/international\/p\/letter-boxes\/malmoe\/#breadcrumb"},"inLanguage":"en-GB","potentialAction":[{"@type":"ReadAction","target":["https:\/\/test.burgwaechterservice.de\/international\/p\/letter-boxes\/malmoe\/"]}]},{"@type":"BreadcrumbList","@id":"https:\/\/test.burgwaechterservice.de\/international\/p\/letter-boxes\/malmoe\/#breadcrumb","itemListElement":[{"@type":"ListItem","position":1,"name":"Home","item":"https:\/\/test.burgwaechterservice.de\/international\/"},{"@type":"ListItem","position":2,"name":"Products","item":"https:\/\/test.burgwaechterservice.de\/international\/p\/"},{"@type":"ListItem","position":3,"name":"Malm\u00f6"}]},{"@type":"WebSite","@id":"https:\/\/test.burgwaechterservice.de\/international\/#website","url":"https:\/\/test.burgwaechterservice.de\/international\/","name":"Burg-W\u00e4chter International","description":"Eine weitere Burg-W\u00e4chter ENTWICKLUNGSUMGEBUNG Websites Website","potentialAction":[{"@type":"SearchAction","target":{"@type":"EntryPoint","urlTemplate":"https:\/\/test.burgwaechterservice.de\/international\/?s={search_term_string}"},"query-input":"required name=search_term_string"}],"inLanguage":"en-GB"}]}},"_links":{"self":[{"href":"https:\/\/test.burgwaechterservice.de\/international\/wp-json\/wp\/v2\/product\/32308"}],"collection":[{"href":"https:\/\/test.burgwaechterservice.de\/international\/wp-json\/wp\/v2\/product"}],"about":[{"href":"https:\/\/test.burgwaechterservice.de\/international\/wp-json\/wp\/v2\/types\/product"}],"replies":[{"embeddable":true,"href":"https:\/\/test.burgwaechterservice.de\/international\/wp-json\/wp\/v2\/comments?post=32308"}],"wp:featuredmedia":[{"embeddable":true,"href":"https:\/\/test.burgwaechterservice.de\/international\/wp-json\/wp\/v2\/media\/32508"}],"wp:attachment":[{"href":"https:\/\/test.burgwaechterservice.de\/international\/wp-json\/wp\/v2\/media?parent=32308"}],"wp:term":[{"taxonomy":"product_cat","embeddable":true,"href":"https:\/\/test.burgwaechterservice.de\/international\/wp-json\/wp\/v2\/product_cat?post=32308"},{"taxonomy":"product_tag","embeddable":true,"href":"https:\/\/test.burgwaechterservice.de\/international\/wp-json\/wp\/v2\/product_tag?post=32308"}],"curies":[{"name":"wp","href":"https:\/\/api.w.org\/{rel}","templated":true}]}}