{"id":31486,"date":"2016-07-13T09:36:01","date_gmt":"2016-07-13T07:36:01","guid":{"rendered":"https:\/\/www.burg.biz\/?post_type=product&#038;p=31486"},"modified":"2019-06-12T10:09:19","modified_gmt":"2019-06-12T08:09:19","slug":"f-260","status":"publish","type":"product","link":"https:\/\/test.burgwaechterservice.de\/international\/p\/locks-and-bolts\/f-260\/","title":{"rendered":"260"},"content":{"rendered":"<h3>Solid steel cable lock<\/h3>\n<ul>\n<li>automatic locking<\/li>\n<\/ul>\n<table class=\"ausfuehrung\">\n<thead>\n<tr>\n<td>Art.-No.<\/td>\n<td>Length<\/td>\n<td>\u00d8<\/td>\n<\/tr>\n<\/thead>\n<tbody>\n<tr>\n<td class=\"subdesc\"><\/td>\n<td class=\"subdesc\">cm<\/td>\n<td class=\"subdesc\">mm<\/td>\n<\/tr>\n<\/tbody>\n<tbody>\n<tr>\n<td>260 60<\/td>\n<td>60<\/td>\n<td>8,0<\/td>\n<\/tr>\n<\/tbody>\n<\/table>\n","protected":false},"excerpt":{"rendered":"<p>Solid steel cable lock automatic locking Art.-No. Length \u00d8 cm mm 260 60 60 8,0<\/p>\n","protected":false},"featured_media":32460,"comment_status":"closed","ping_status":"closed","template":"","meta":[],"product_cat":[30,50],"product_tag":[],"yoast_head":"<!-- This site is optimized with the Yoast SEO Premium plugin v18.4 (Yoast SEO v19.13) - https:\/\/yoast.com\/wordpress\/plugins\/seo\/ -->\n<title>Solid steel cable lock &quot;260 60&quot; by BURG-W\u00c4CHTER<\/title>\n<meta name=\"description\" content=\"Solid steel cable lock 260 60 by BURG-W\u00c4CHTER. Automatic locking. For more information, visit our homepage. Always the safe choice! - BURG-W\u00c4CHTER.\" \/>\n<meta name=\"robots\" content=\"index, follow, max-snippet:-1, max-image-preview:large, max-video-preview:-1\" \/>\n<link rel=\"canonical\" href=\"https:\/\/test.burgwaechterservice.de\/international\/p\/locks-and-bolts\/f-260\/\" \/>\n<meta property=\"og:locale\" content=\"en_GB\" \/>\n<meta property=\"og:type\" content=\"article\" \/>\n<meta property=\"og:title\" content=\"260\" \/>\n<meta property=\"og:description\" content=\"Solid steel cable lock 260 60 by BURG-W\u00c4CHTER. Automatic locking. For more information, visit our homepage. Always the safe choice! - BURG-W\u00c4CHTER.\" \/>\n<meta property=\"og:url\" content=\"https:\/\/test.burgwaechterservice.de\/international\/p\/locks-and-bolts\/f-260\/\" \/>\n<meta property=\"og:site_name\" content=\"Burg-W\u00e4chter International\" \/>\n<meta property=\"article:modified_time\" content=\"2019-06-12T08:09:19+00:00\" \/>\n<meta property=\"og:image\" content=\"https:\/\/test.burgwaechterservice.de\/international\/wp-content\/uploads\/sites\/7\/2016\/07\/Seilschloss_260_60_117002-01.jpg\" \/>\n\t<meta property=\"og:image:width\" content=\"1000\" \/>\n\t<meta property=\"og:image:height\" content=\"1000\" \/>\n\t<meta property=\"og:image:type\" content=\"image\/jpeg\" \/>\n<meta name=\"twitter:card\" content=\"summary_large_image\" \/>\n<!-- \/ Yoast SEO Premium plugin. -->","yoast_head_json":{"title":"Solid steel cable lock \"260 60\" by BURG-W\u00c4CHTER","description":"Solid steel cable lock 260 60 by BURG-W\u00c4CHTER. Automatic locking. For more information, visit our homepage. Always the safe choice! - BURG-W\u00c4CHTER.","robots":{"index":"index","follow":"follow","max-snippet":"max-snippet:-1","max-image-preview":"max-image-preview:large","max-video-preview":"max-video-preview:-1"},"canonical":"https:\/\/test.burgwaechterservice.de\/international\/p\/locks-and-bolts\/f-260\/","og_locale":"en_GB","og_type":"article","og_title":"260","og_description":"Solid steel cable lock 260 60 by BURG-W\u00c4CHTER. Automatic locking. For more information, visit our homepage. Always the safe choice! - BURG-W\u00c4CHTER.","og_url":"https:\/\/test.burgwaechterservice.de\/international\/p\/locks-and-bolts\/f-260\/","og_site_name":"Burg-W\u00e4chter International","article_modified_time":"2019-06-12T08:09:19+00:00","og_image":[{"width":1000,"height":1000,"url":"https:\/\/test.burgwaechterservice.de\/international\/wp-content\/uploads\/sites\/7\/2016\/07\/Seilschloss_260_60_117002-01.jpg","type":"image\/jpeg"}],"twitter_card":"summary_large_image","schema":{"@context":"https:\/\/schema.org","@graph":[{"@type":"WebPage","@id":"https:\/\/test.burgwaechterservice.de\/international\/p\/locks-and-bolts\/f-260\/","url":"https:\/\/test.burgwaechterservice.de\/international\/p\/locks-and-bolts\/f-260\/","name":"Solid steel cable lock \"260 60\" by BURG-W\u00c4CHTER","isPartOf":{"@id":"https:\/\/test.burgwaechterservice.de\/international\/#website"},"datePublished":"2016-07-13T07:36:01+00:00","dateModified":"2019-06-12T08:09:19+00:00","description":"Solid steel cable lock 260 60 by BURG-W\u00c4CHTER. Automatic locking. For more information, visit our homepage. Always the safe choice! - BURG-W\u00c4CHTER.","breadcrumb":{"@id":"https:\/\/test.burgwaechterservice.de\/international\/p\/locks-and-bolts\/f-260\/#breadcrumb"},"inLanguage":"en-GB","potentialAction":[{"@type":"ReadAction","target":["https:\/\/test.burgwaechterservice.de\/international\/p\/locks-and-bolts\/f-260\/"]}]},{"@type":"BreadcrumbList","@id":"https:\/\/test.burgwaechterservice.de\/international\/p\/locks-and-bolts\/f-260\/#breadcrumb","itemListElement":[{"@type":"ListItem","position":1,"name":"Home","item":"https:\/\/test.burgwaechterservice.de\/international\/"},{"@type":"ListItem","position":2,"name":"Products","item":"https:\/\/test.burgwaechterservice.de\/international\/p\/"},{"@type":"ListItem","position":3,"name":"260"}]},{"@type":"WebSite","@id":"https:\/\/test.burgwaechterservice.de\/international\/#website","url":"https:\/\/test.burgwaechterservice.de\/international\/","name":"Burg-W\u00e4chter International","description":"Eine weitere Burg-W\u00e4chter ENTWICKLUNGSUMGEBUNG Websites Website","potentialAction":[{"@type":"SearchAction","target":{"@type":"EntryPoint","urlTemplate":"https:\/\/test.burgwaechterservice.de\/international\/?s={search_term_string}"},"query-input":"required name=search_term_string"}],"inLanguage":"en-GB"}]}},"_links":{"self":[{"href":"https:\/\/test.burgwaechterservice.de\/international\/wp-json\/wp\/v2\/product\/31486"}],"collection":[{"href":"https:\/\/test.burgwaechterservice.de\/international\/wp-json\/wp\/v2\/product"}],"about":[{"href":"https:\/\/test.burgwaechterservice.de\/international\/wp-json\/wp\/v2\/types\/product"}],"replies":[{"embeddable":true,"href":"https:\/\/test.burgwaechterservice.de\/international\/wp-json\/wp\/v2\/comments?post=31486"}],"wp:featuredmedia":[{"embeddable":true,"href":"https:\/\/test.burgwaechterservice.de\/international\/wp-json\/wp\/v2\/media\/32460"}],"wp:attachment":[{"href":"https:\/\/test.burgwaechterservice.de\/international\/wp-json\/wp\/v2\/media?parent=31486"}],"wp:term":[{"taxonomy":"product_cat","embeddable":true,"href":"https:\/\/test.burgwaechterservice.de\/international\/wp-json\/wp\/v2\/product_cat?post=31486"},{"taxonomy":"product_tag","embeddable":true,"href":"https:\/\/test.burgwaechterservice.de\/international\/wp-json\/wp\/v2\/product_tag?post=31486"}],"curies":[{"name":"wp","href":"https:\/\/api.w.org\/{rel}","templated":true}]}}