{"id":216579,"date":"2018-11-26T12:33:39","date_gmt":"2018-11-26T11:33:39","guid":{"rendered":"https:\/\/www.burg.biz\/international\/p\/locks-and-bolts\/771-f-40-red-heart\/"},"modified":"2018-11-26T12:38:45","modified_gmt":"2018-11-26T11:38:45","slug":"771-f-40-red-heart","status":"publish","type":"product","link":"https:\/\/test.burgwaechterservice.de\/international\/p\/locks-and-bolts\/771-f-40-red-heart\/","title":{"rendered":"771 F 40 Red Heart"},"content":{"rendered":"<p><img decoding=\"async\" class=\"alignnone size-full wp-image-31239\" src=\"https:\/\/test.burgwaechterservice.de\/wp-content\/uploads\/2016\/07\/piktoreihe_771F40.jpg\" alt=\"Aufbohrschutz\" width=\"208\" height=\"64\" \/><\/p>\n<h2>Cylinder padlock\u00a0771 F 40 Red Heart<\/h2>\n<p>This padlock is an eye-catcher and a robust security at the same time. The 771 F 40 Red Heart lock combines the protection of gates, doors and chains with an attractive motif. On the durable aluminum body in red a heart and the words &#8220;love&#8221; are immortalized. Thanks to the high-quality paint the beautiful motif is very durable.<\/p>\n<p>The cylinder padlock facilitates everyday life in many situations. After all, there is always a latch, a chain, a box, a locker or a gate, which you have to secure. Furthermore, Red Heart is also a beautiful memory of a special person or an encounter. That is why the motif lock can also be used as a love lock. On the aluminum body personal engraving, the dedication or a special date can be easily accommodated. Because the back is just kept neutral (without imprint).<\/p>\n<h3>Long-lasting motif lock with rustproof locking mechanism<\/h3>\n<p>The aluminum body saves weight. Furthermore, the material is very durable and weather resistant. Of course, the necessary safety was also thought of: The shackle is double bolted and extra hardened. This makes it much harder to attempt a break-up. The interior of the padlock 771 F 40 Red Heart is rustproof. This will allow you to safely open and close the lock for many years without any problems.<br \/>\nThe padlock Red Heart is part of the 771 series from BURG-W\u00c4CHTER. In the series you will find various colourful motif locks. Whether Berlin, London or Helvetia: there is the right motif for every taste in the series.<\/p>\n<h4>The padlock 771 F 40 Red Heart at a glance<\/h4>\n<ul>\n<li>Neutral backside, it offers plenty of space for labeling<\/li>\n<li>Solid aluminium body<\/li>\n<li>Hardened shackle, double-bolted<\/li>\n<li>Rustproof interior<\/li>\n<li>Part of the creative padlock series 771<\/li>\n<\/ul>\n<table class=\"ausfuehrung\">\n<thead>\n<tr>\n<td><\/td>\n<td>Shackle \u00d8<\/td>\n<td>Horizontal clearance<\/td>\n<td>Vertical clearance<\/td>\n<td>Vertical clearance<\/td>\n<td>Key blank no.<\/td>\n<\/tr>\n<\/thead>\n<tbody>\n<tr>\n<td class=\"subdesc\"><\/td>\n<td class=\"subdesc\">mm<\/td>\n<td class=\"subdesc\">mm<\/td>\n<td class=\"subdesc\">mm<\/td>\n<td class=\"subdesc\">mm<\/td>\n<td class=\"subdesc\"><\/td>\n<\/tr>\n<\/tbody>\n<tbody>\n<tr>\n<td>771 F 40 Red Heart SB<\/td>\n<td>6,5<\/td>\n<td>22,0<\/td>\n<td>23,5<\/td>\n<td>64,0<\/td>\n<td>68R<\/td>\n<\/tr>\n<\/tbody>\n<\/table>\n","protected":false},"excerpt":{"rendered":"<p>Cylinder padlock\u00a0771 F 40 Red Heart This padlock is an eye-catcher and a robust security at the same time. The 771 F 40 Red Heart lock combines the protection of gates, doors and chains with an attractive motif. On the &hellip; <a class=\"kt-excerpt-readmore\" href=\"https:\/\/test.burgwaechterservice.de\/international\/p\/locks-and-bolts\/771-f-40-red-heart\/\" aria-label=\"771 F 40 Red Heart\">Read More<\/a><\/p>\n","protected":false},"featured_media":216580,"comment_status":"closed","ping_status":"closed","template":"","meta":[],"product_cat":[30,39],"product_tag":[],"yoast_head":"<!-- This site is optimized with the Yoast SEO Premium plugin v18.4 (Yoast SEO v19.13) - https:\/\/yoast.com\/wordpress\/plugins\/seo\/ -->\n<title>Vorh\u00e4ngeschloss 771 F 40 SB Red Heart von BURG-W\u00c4CHTER<\/title>\n<meta name=\"description\" content=\"Das Motivschloss 771 F 40 Red Heart aus der kreativen Vorhangschloss-Serie von BURG-W\u00c4CHTER ist f\u00fcr alle, denen ein normales Schloss zu langweilig ist.\" \/>\n<meta name=\"robots\" content=\"index, follow, max-snippet:-1, max-image-preview:large, max-video-preview:-1\" \/>\n<link rel=\"canonical\" href=\"https:\/\/test.burgwaechterservice.de\/international\/p\/locks-and-bolts\/771-f-40-red-heart\/\" \/>\n<meta property=\"og:locale\" content=\"en_GB\" \/>\n<meta property=\"og:type\" content=\"article\" \/>\n<meta property=\"og:title\" content=\"771 F 40 Red Heart\" \/>\n<meta property=\"og:description\" content=\"Das Motivschloss 771 F 40 Red Heart aus der kreativen Vorhangschloss-Serie von BURG-W\u00c4CHTER ist f\u00fcr alle, denen ein normales Schloss zu langweilig ist.\" \/>\n<meta property=\"og:url\" content=\"https:\/\/test.burgwaechterservice.de\/international\/p\/locks-and-bolts\/771-f-40-red-heart\/\" \/>\n<meta property=\"og:site_name\" content=\"Burg-W\u00e4chter International\" \/>\n<meta property=\"article:modified_time\" content=\"2018-11-26T11:38:45+00:00\" \/>\n<meta property=\"og:image\" content=\"https:\/\/test.burgwaechterservice.de\/international\/wp-content\/uploads\/sites\/7\/2018\/11\/Zylinder_Vorhangschloss_Motivschloss-771-F-40-Red-Heart_405918-01.jpg\" \/>\n\t<meta property=\"og:image:width\" content=\"1000\" \/>\n\t<meta property=\"og:image:height\" content=\"1000\" \/>\n\t<meta property=\"og:image:type\" content=\"image\/jpeg\" \/>\n<meta name=\"twitter:card\" content=\"summary_large_image\" \/>\n<meta name=\"twitter:label1\" content=\"Estimated reading time\" \/>\n\t<meta name=\"twitter:data1\" content=\"2 minutes\" \/>\n<!-- \/ Yoast SEO Premium plugin. -->","yoast_head_json":{"title":"Vorh\u00e4ngeschloss 771 F 40 SB Red Heart von BURG-W\u00c4CHTER","description":"Das Motivschloss 771 F 40 Red Heart aus der kreativen Vorhangschloss-Serie von BURG-W\u00c4CHTER ist f\u00fcr alle, denen ein normales Schloss zu langweilig ist.","robots":{"index":"index","follow":"follow","max-snippet":"max-snippet:-1","max-image-preview":"max-image-preview:large","max-video-preview":"max-video-preview:-1"},"canonical":"https:\/\/test.burgwaechterservice.de\/international\/p\/locks-and-bolts\/771-f-40-red-heart\/","og_locale":"en_GB","og_type":"article","og_title":"771 F 40 Red Heart","og_description":"Das Motivschloss 771 F 40 Red Heart aus der kreativen Vorhangschloss-Serie von BURG-W\u00c4CHTER ist f\u00fcr alle, denen ein normales Schloss zu langweilig ist.","og_url":"https:\/\/test.burgwaechterservice.de\/international\/p\/locks-and-bolts\/771-f-40-red-heart\/","og_site_name":"Burg-W\u00e4chter International","article_modified_time":"2018-11-26T11:38:45+00:00","og_image":[{"width":1000,"height":1000,"url":"https:\/\/test.burgwaechterservice.de\/international\/wp-content\/uploads\/sites\/7\/2018\/11\/Zylinder_Vorhangschloss_Motivschloss-771-F-40-Red-Heart_405918-01.jpg","type":"image\/jpeg"}],"twitter_card":"summary_large_image","twitter_misc":{"Estimated reading time":"2 minutes"},"schema":{"@context":"https:\/\/schema.org","@graph":[{"@type":"WebPage","@id":"https:\/\/test.burgwaechterservice.de\/international\/p\/locks-and-bolts\/771-f-40-red-heart\/","url":"https:\/\/test.burgwaechterservice.de\/international\/p\/locks-and-bolts\/771-f-40-red-heart\/","name":"Vorh\u00e4ngeschloss 771 F 40 SB Red Heart von BURG-W\u00c4CHTER","isPartOf":{"@id":"https:\/\/test.burgwaechterservice.de\/international\/#website"},"datePublished":"2018-11-26T11:33:39+00:00","dateModified":"2018-11-26T11:38:45+00:00","description":"Das Motivschloss 771 F 40 Red Heart aus der kreativen Vorhangschloss-Serie von BURG-W\u00c4CHTER ist f\u00fcr alle, denen ein normales Schloss zu langweilig ist.","breadcrumb":{"@id":"https:\/\/test.burgwaechterservice.de\/international\/p\/locks-and-bolts\/771-f-40-red-heart\/#breadcrumb"},"inLanguage":"en-GB","potentialAction":[{"@type":"ReadAction","target":["https:\/\/test.burgwaechterservice.de\/international\/p\/locks-and-bolts\/771-f-40-red-heart\/"]}]},{"@type":"BreadcrumbList","@id":"https:\/\/test.burgwaechterservice.de\/international\/p\/locks-and-bolts\/771-f-40-red-heart\/#breadcrumb","itemListElement":[{"@type":"ListItem","position":1,"name":"Home","item":"https:\/\/test.burgwaechterservice.de\/international\/"},{"@type":"ListItem","position":2,"name":"Products","item":"https:\/\/test.burgwaechterservice.de\/international\/p\/"},{"@type":"ListItem","position":3,"name":"771 F 40 Red Heart"}]},{"@type":"WebSite","@id":"https:\/\/test.burgwaechterservice.de\/international\/#website","url":"https:\/\/test.burgwaechterservice.de\/international\/","name":"Burg-W\u00e4chter International","description":"Eine weitere Burg-W\u00e4chter ENTWICKLUNGSUMGEBUNG Websites Website","potentialAction":[{"@type":"SearchAction","target":{"@type":"EntryPoint","urlTemplate":"https:\/\/test.burgwaechterservice.de\/international\/?s={search_term_string}"},"query-input":"required name=search_term_string"}],"inLanguage":"en-GB"}]}},"_links":{"self":[{"href":"https:\/\/test.burgwaechterservice.de\/international\/wp-json\/wp\/v2\/product\/216579"}],"collection":[{"href":"https:\/\/test.burgwaechterservice.de\/international\/wp-json\/wp\/v2\/product"}],"about":[{"href":"https:\/\/test.burgwaechterservice.de\/international\/wp-json\/wp\/v2\/types\/product"}],"replies":[{"embeddable":true,"href":"https:\/\/test.burgwaechterservice.de\/international\/wp-json\/wp\/v2\/comments?post=216579"}],"wp:featuredmedia":[{"embeddable":true,"href":"https:\/\/test.burgwaechterservice.de\/international\/wp-json\/wp\/v2\/media\/216580"}],"wp:attachment":[{"href":"https:\/\/test.burgwaechterservice.de\/international\/wp-json\/wp\/v2\/media?parent=216579"}],"wp:term":[{"taxonomy":"product_cat","embeddable":true,"href":"https:\/\/test.burgwaechterservice.de\/international\/wp-json\/wp\/v2\/product_cat?post=216579"},{"taxonomy":"product_tag","embeddable":true,"href":"https:\/\/test.burgwaechterservice.de\/international\/wp-json\/wp\/v2\/product_tag?post=216579"}],"curies":[{"name":"wp","href":"https:\/\/api.w.org\/{rel}","templated":true}]}}