{"id":196429,"date":"2018-09-05T12:48:18","date_gmt":"2018-09-05T10:48:18","guid":{"rendered":"https:\/\/www.burg.biz\/international\/p\/letter-boxes\/berlin\/"},"modified":"2019-05-27T12:21:17","modified_gmt":"2019-05-27T10:21:17","slug":"berlin","status":"publish","type":"product","link":"https:\/\/test.burgwaechterservice.de\/international\/p\/letter-boxes\/berlin\/","title":{"rendered":"Berlin"},"content":{"rendered":"<h5><img fetchpriority=\"high\" decoding=\"async\" class=\"alignnone wp-image-253929\" src=\"https:\/\/test.burgwaechterservice.de\/wp-content\/uploads\/2018\/06\/Piktos-Berlin-1.jpg\" alt=\"\" width=\"708\" height=\"109\" \/><a href=\"https:\/\/warranty.burg.biz\/bk\/\" target=\"_blank\" rel=\"noopener noreferrer\"><img decoding=\"async\" class=\"alignright wp-image-267972\" src=\"https:\/\/test.burgwaechterservice.de\/international\/wp-content\/uploads\/sites\/7\/2016\/07\/Siegel_5_Jahre_Garantie_EN_-287x300.jpg\" alt=\"\" width=\"215\" height=\"224\" srcset=\"https:\/\/test.burgwaechterservice.de\/international\/wp-content\/uploads\/sites\/7\/2016\/07\/Siegel_5_Jahre_Garantie_EN_-287x300.jpg 287w, https:\/\/test.burgwaechterservice.de\/international\/wp-content\/uploads\/sites\/7\/2016\/07\/Siegel_5_Jahre_Garantie_EN_.jpg 474w\" sizes=\"(max-width: 215px) 100vw, 215px\" \/><br \/>\n<\/a><\/h5>\n<h2>Berlin letterbox with and w\/o newspaper box<\/h2>\n<p>Classic design meets maximum functionality: the stainless steel Berlin letterbox earns points for not only its modern, slim looks but of course for its high-class materials too. After all, stainless steel is <strong>extremely weatherproof<\/strong> and rust-free, meaning you will get many years of enjoyment from your Berlin letter box <strong>\u201cMade in Germany\u201d<\/strong>. What\u2019s more, the stainless steel letterbox also comes with a transparent coating to ensure even better protection against wind and weather.<\/p>\n<h3>Practical opening stop<\/h3>\n<p>The Berlin letterbox has a practical opening stop. That means: if you come home from work or shopping and open the letterbox, your mail will not fall onto the (wet) ground but remains in the letterbox thanks to the opening stop. So letters, catalogues and any other <strong>mailing can be removed very easily<\/strong>. Even with only one hand.<\/p>\n<h3>Mailings up to 229 x 324 millimetres easily fit in the Berlin model<\/h3>\n<p>The slot is 250 x 35 millimetres. This allows letters and other <strong>mailings up to DIN C4 (229 x 324 millimetres)<\/strong> to be posted through the slot. It goes without saying that the slot thus complies with the European standard DIN EN 13724. This says that apart from the DIN C4 size, there has to be sufficient space for your mail and that this has to be protected against moisture. The stainless steel Berlin letterbox is fitted with a high-quality cylinder lock. This guarantees <strong>easy opening and closing<\/strong> on a permanent basis. The fastening material needed for mounting on the wall is of course included.<\/p>\n<h3>Berlin set, newspaper box of high-class stainless steel<\/h3>\n<p>The stainless steel Berlin letterbox is available in two versions: as a single letterbox or as a Berlin set with <strong>integrated newspaper box<\/strong>. This is also made of stainless steel with a protective coating. Thanks to the newspaper box, magazines, daily newspapers and thick catalogues can easily be dropped off by the postman. At the same time you have direct access to your reading material.<\/p>\n<h4>The Berlin letterbox at a glance<\/h4>\n<ul>\n<li>Stainless steel: weatherproof and rust-free<\/li>\n<li>\u201cMade in Germany\u201d<\/li>\n<li>Practical opening stop<\/li>\n<li>High quality cylinder lock<\/li>\n<li>Mailings up to size DIN C4<\/li>\n<li>As a Berlin set with integrated newspaper box<\/li>\n<li>Installation material included<\/li>\n<\/ul>\n<p>&nbsp;<\/p>\n<table class=\"ausfuehrung\">\n<thead>\n<tr>\n<td>Art.-No.<\/td>\n<td>H x W x T (mm)<\/td>\n<td>Slot (W x H mm)<\/td>\n<\/tr>\n<\/thead>\n<tbody>\n<tr>\n<td>Berlin 3777 Ni<\/td>\n<td>398 x 285 x 105<\/td>\n<td>250 x 35<\/td>\n<\/tr>\n<tr>\n<td>Berlin-Set 37770 Ni<\/td>\n<td>500 x 285 x 105<\/td>\n<td>250 x 35<\/td>\n<\/tr>\n<\/tbody>\n<\/table>\n","protected":false},"excerpt":{"rendered":"<p>Berlin letterbox with and w\/o newspaper box Classic design meets maximum functionality: the stainless steel Berlin letterbox earns points for not only its modern, slim looks but of course for its high-class materials too. After all, stainless steel is extremely &hellip; <a class=\"kt-excerpt-readmore\" href=\"https:\/\/test.burgwaechterservice.de\/international\/p\/letter-boxes\/berlin\/\" aria-label=\"Berlin\">Read More<\/a><\/p>\n","protected":false},"featured_media":196430,"comment_status":"closed","ping_status":"closed","template":"","meta":[],"product_cat":[23,25],"product_tag":[],"yoast_head":"<!-- This site is optimized with the Yoast SEO Premium plugin v18.4 (Yoast SEO v19.13) - https:\/\/yoast.com\/wordpress\/plugins\/seo\/ -->\n<title>BURG-W\u00c4CHTER Edelstahl Briefkasten Berlin mit und ohne Zeitungsbox<\/title>\n<meta name=\"description\" content=\"Klassisches Design trifft h\u00f6chste Funktionalit\u00e4t: Der Briefkasten Berlin punktet nicht nur mit seiner Optik, sondern auch mit hochwertigem Edelstahl.\" \/>\n<meta name=\"robots\" content=\"index, follow, max-snippet:-1, max-image-preview:large, max-video-preview:-1\" \/>\n<link rel=\"canonical\" href=\"https:\/\/test.burgwaechterservice.de\/international\/p\/letter-boxes\/berlin\/\" \/>\n<meta property=\"og:locale\" content=\"en_GB\" \/>\n<meta property=\"og:type\" content=\"article\" \/>\n<meta property=\"og:title\" content=\"Berlin\" \/>\n<meta property=\"og:description\" content=\"Klassisches Design trifft h\u00f6chste Funktionalit\u00e4t: Der Briefkasten Berlin punktet nicht nur mit seiner Optik, sondern auch mit hochwertigem Edelstahl.\" \/>\n<meta property=\"og:url\" content=\"https:\/\/test.burgwaechterservice.de\/international\/p\/letter-boxes\/berlin\/\" \/>\n<meta property=\"og:site_name\" content=\"Burg-W\u00e4chter International\" \/>\n<meta property=\"article:modified_time\" content=\"2019-05-27T10:21:17+00:00\" \/>\n<meta property=\"og:image\" content=\"https:\/\/test.burgwaechterservice.de\/international\/wp-content\/uploads\/sites\/7\/2018\/09\/Briefkasten-Berlin-3777-Ni.png\" \/>\n\t<meta property=\"og:image:width\" content=\"800\" \/>\n\t<meta property=\"og:image:height\" content=\"800\" \/>\n\t<meta property=\"og:image:type\" content=\"image\/png\" \/>\n<meta name=\"twitter:card\" content=\"summary_large_image\" \/>\n<meta name=\"twitter:label1\" content=\"Estimated reading time\" \/>\n\t<meta name=\"twitter:data1\" content=\"2 minutes\" \/>\n<!-- \/ Yoast SEO Premium plugin. -->","yoast_head_json":{"title":"BURG-W\u00c4CHTER Edelstahl Briefkasten Berlin mit und ohne Zeitungsbox","description":"Klassisches Design trifft h\u00f6chste Funktionalit\u00e4t: Der Briefkasten Berlin punktet nicht nur mit seiner Optik, sondern auch mit hochwertigem Edelstahl.","robots":{"index":"index","follow":"follow","max-snippet":"max-snippet:-1","max-image-preview":"max-image-preview:large","max-video-preview":"max-video-preview:-1"},"canonical":"https:\/\/test.burgwaechterservice.de\/international\/p\/letter-boxes\/berlin\/","og_locale":"en_GB","og_type":"article","og_title":"Berlin","og_description":"Klassisches Design trifft h\u00f6chste Funktionalit\u00e4t: Der Briefkasten Berlin punktet nicht nur mit seiner Optik, sondern auch mit hochwertigem Edelstahl.","og_url":"https:\/\/test.burgwaechterservice.de\/international\/p\/letter-boxes\/berlin\/","og_site_name":"Burg-W\u00e4chter International","article_modified_time":"2019-05-27T10:21:17+00:00","og_image":[{"width":800,"height":800,"url":"https:\/\/test.burgwaechterservice.de\/international\/wp-content\/uploads\/sites\/7\/2018\/09\/Briefkasten-Berlin-3777-Ni.png","type":"image\/png"}],"twitter_card":"summary_large_image","twitter_misc":{"Estimated reading time":"2 minutes"},"schema":{"@context":"https:\/\/schema.org","@graph":[{"@type":"WebPage","@id":"https:\/\/test.burgwaechterservice.de\/international\/p\/letter-boxes\/berlin\/","url":"https:\/\/test.burgwaechterservice.de\/international\/p\/letter-boxes\/berlin\/","name":"BURG-W\u00c4CHTER Edelstahl Briefkasten Berlin mit und ohne Zeitungsbox","isPartOf":{"@id":"https:\/\/test.burgwaechterservice.de\/international\/#website"},"datePublished":"2018-09-05T10:48:18+00:00","dateModified":"2019-05-27T10:21:17+00:00","description":"Klassisches Design trifft h\u00f6chste Funktionalit\u00e4t: Der Briefkasten Berlin punktet nicht nur mit seiner Optik, sondern auch mit hochwertigem Edelstahl.","breadcrumb":{"@id":"https:\/\/test.burgwaechterservice.de\/international\/p\/letter-boxes\/berlin\/#breadcrumb"},"inLanguage":"en-GB","potentialAction":[{"@type":"ReadAction","target":["https:\/\/test.burgwaechterservice.de\/international\/p\/letter-boxes\/berlin\/"]}]},{"@type":"BreadcrumbList","@id":"https:\/\/test.burgwaechterservice.de\/international\/p\/letter-boxes\/berlin\/#breadcrumb","itemListElement":[{"@type":"ListItem","position":1,"name":"Home","item":"https:\/\/test.burgwaechterservice.de\/international\/"},{"@type":"ListItem","position":2,"name":"Products","item":"https:\/\/test.burgwaechterservice.de\/international\/p\/"},{"@type":"ListItem","position":3,"name":"Berlin"}]},{"@type":"WebSite","@id":"https:\/\/test.burgwaechterservice.de\/international\/#website","url":"https:\/\/test.burgwaechterservice.de\/international\/","name":"Burg-W\u00e4chter International","description":"Eine weitere Burg-W\u00e4chter ENTWICKLUNGSUMGEBUNG Websites Website","potentialAction":[{"@type":"SearchAction","target":{"@type":"EntryPoint","urlTemplate":"https:\/\/test.burgwaechterservice.de\/international\/?s={search_term_string}"},"query-input":"required name=search_term_string"}],"inLanguage":"en-GB"}]}},"_links":{"self":[{"href":"https:\/\/test.burgwaechterservice.de\/international\/wp-json\/wp\/v2\/product\/196429"}],"collection":[{"href":"https:\/\/test.burgwaechterservice.de\/international\/wp-json\/wp\/v2\/product"}],"about":[{"href":"https:\/\/test.burgwaechterservice.de\/international\/wp-json\/wp\/v2\/types\/product"}],"replies":[{"embeddable":true,"href":"https:\/\/test.burgwaechterservice.de\/international\/wp-json\/wp\/v2\/comments?post=196429"}],"wp:featuredmedia":[{"embeddable":true,"href":"https:\/\/test.burgwaechterservice.de\/international\/wp-json\/wp\/v2\/media\/196430"}],"wp:attachment":[{"href":"https:\/\/test.burgwaechterservice.de\/international\/wp-json\/wp\/v2\/media?parent=196429"}],"wp:term":[{"taxonomy":"product_cat","embeddable":true,"href":"https:\/\/test.burgwaechterservice.de\/international\/wp-json\/wp\/v2\/product_cat?post=196429"},{"taxonomy":"product_tag","embeddable":true,"href":"https:\/\/test.burgwaechterservice.de\/international\/wp-json\/wp\/v2\/product_tag?post=196429"}],"curies":[{"name":"wp","href":"https:\/\/api.w.org\/{rel}","templated":true}]}}