{"id":196424,"date":"2018-09-05T12:35:57","date_gmt":"2018-09-05T10:35:57","guid":{"rendered":"https:\/\/www.burg.biz\/international\/p\/letter-boxes\/oslo\/"},"modified":"2019-05-27T12:48:02","modified_gmt":"2019-05-27T10:48:02","slug":"oslo","status":"publish","type":"product","link":"https:\/\/test.burgwaechterservice.de\/international\/p\/letter-boxes\/oslo\/","title":{"rendered":"Oslo"},"content":{"rendered":"<h5><img fetchpriority=\"high\" decoding=\"async\" class=\"alignnone wp-image-253929\" src=\"https:\/\/test.burgwaechterservice.de\/wp-content\/uploads\/2018\/06\/Piktos-Berlin-1.jpg\" alt=\"\" width=\"708\" height=\"109\" \/><a href=\"https:\/\/warranty.burg.biz\/bk\/\" target=\"_blank\" rel=\"noopener noreferrer\"><img decoding=\"async\" class=\"alignright wp-image-267972\" src=\"https:\/\/test.burgwaechterservice.de\/international\/wp-content\/uploads\/sites\/7\/2016\/07\/Siegel_5_Jahre_Garantie_EN_-287x300.jpg\" alt=\"\" width=\"215\" height=\"224\" srcset=\"https:\/\/test.burgwaechterservice.de\/international\/wp-content\/uploads\/sites\/7\/2016\/07\/Siegel_5_Jahre_Garantie_EN_-287x300.jpg 287w, https:\/\/test.burgwaechterservice.de\/international\/wp-content\/uploads\/sites\/7\/2016\/07\/Siegel_5_Jahre_Garantie_EN_.jpg 474w\" sizes=\"(max-width: 215px) 100vw, 215px\" \/><br \/>\n<\/a><\/h5>\n<h2>Oslo letterbox \u2013 optionally available with a newspaper box<\/h2>\n<p><span lang=\"EN-GB\">Simple but still elegant: the stainless steel Oslo letterbox is extremely unobtrusive thanks to its very slim design so that its blends in perfectly with the entrance area. The stainless steel that is used is extremely <strong>weatherproof and rust-free<\/strong>. The Oslo letterbox has a transparent coating as extra protection. To ensure that you get many years of enjoyment from your Oslo model \u2013 which is, incidentally, <strong>\u201cMade in Germany\u201d<\/strong> too.<\/span><\/p>\n<h3>Safely holds mail up to size DIN C4<\/h3>\n<p>The letterbox slot is 254 x 30 millimetres. This guarantees that mailings <strong>up to a size of 229 x 324 millimetres<\/strong> safely find a place in the Oslo letterbox. This corresponds to the size DIN C4. And the letterbox obviously complies with the European standard EN 13724. This demands not only a maximum size but also sufficient space for the mail as well as <strong>protection against moisture<\/strong>.<\/p>\n<h3>Water simply runs of the sloping flap<\/h3>\n<p>Talking of protection against moisture: the Oslo letterbox earns double the points here: the sloping flap that protrudes over the sides and front protects the slot and allows water to drain off easily. What\u2019s more, the <strong>opening stop<\/strong> means that you mail will never fall onto wet ground again. Because this prevents the letterbox flap from being fully opened. Letters and other mail can thus be comfortably <strong>removed with only one hand<\/strong>, which is all you need to then close the letterbox again.<\/p>\n<h3>Oslo set with a stainless steel newspaper box<\/h3>\n<p>Anyone who subscribes to a regular newspaper or magazine will not want to be without a newspaper box. This is included in the Oslo set. Of course, the <strong>newspaper box is made of stainless steel too<\/strong> and therefore rust-free and long-lasting. It gives you immediate access to your daily newspaper without having to open the letterbox. The necessary fastening materials for the Oslo letterbox (or Oslo set) is included with the purchase.<\/p>\n<h4><\/h4>\n<h4>The Oslo letterbox at a glance<\/h4>\n<ul>\n<li>Stainless steel<\/li>\n<li>Weatherproof and rust-free<\/li>\n<li>\u201cMade in Germany\u201d<\/li>\n<li>Practical opening stop<\/li>\n<li>High quality cylinder lock<\/li>\n<li>Mailings up to size DIN C4<\/li>\n<li>As an Oslo set with integrated newspaper box<\/li>\n<li>Installation material included<\/li>\n<\/ul>\n<p>&nbsp;<\/p>\n<table class=\"ausfuehrung\">\n<thead>\n<tr>\n<td>Art.-No.<\/td>\n<td>H x W x D (mm)<\/td>\n<td>Slot (W x H mm)<\/td>\n<\/tr>\n<\/thead>\n<tbody>\n<tr>\n<td>Oslo 3767 Ni<\/td>\n<td>398 x 300 x 115<\/td>\n<td>254 x 30<\/td>\n<\/tr>\n<tr>\n<td>Oslo-Set 37670 Ni<\/td>\n<td>500 x 300 x 115<\/td>\n<td>254 x 30<\/td>\n<\/tr>\n<\/tbody>\n<\/table>\n<p>&nbsp;<\/p>\n","protected":false},"excerpt":{"rendered":"<p>Oslo letterbox \u2013 optionally available with a newspaper box Simple but still elegant: the stainless steel Oslo letterbox is extremely unobtrusive thanks to its very slim design so that its blends in perfectly with the entrance area. The stainless steel &hellip; <a class=\"kt-excerpt-readmore\" href=\"https:\/\/test.burgwaechterservice.de\/international\/p\/letter-boxes\/oslo\/\" aria-label=\"Oslo\">Read More<\/a><\/p>\n","protected":false},"featured_media":196425,"comment_status":"closed","ping_status":"closed","template":"","meta":[],"product_cat":[23,25],"product_tag":[],"yoast_head":"<!-- This site is optimized with the Yoast SEO Premium plugin v18.4 (Yoast SEO v19.13) - https:\/\/yoast.com\/wordpress\/plugins\/seo\/ -->\n<title>Briefkasten Oslo aus Edelstahl von BURG-W\u00c4CHTER<\/title>\n<meta name=\"description\" content=\"Der Briefkasten Oslo aus Edelstahl \u00fcberzeugt durch seine Wetterbest\u00e4ndigkeit. Das moderne Modell ist auch im Set mit Zeitungsbox erh\u00e4ltlich.\" \/>\n<meta name=\"robots\" content=\"index, follow, max-snippet:-1, max-image-preview:large, max-video-preview:-1\" \/>\n<link rel=\"canonical\" href=\"https:\/\/test.burgwaechterservice.de\/international\/p\/letter-boxes\/oslo\/\" \/>\n<meta property=\"og:locale\" content=\"en_GB\" \/>\n<meta property=\"og:type\" content=\"article\" \/>\n<meta property=\"og:title\" content=\"Oslo\" \/>\n<meta property=\"og:description\" content=\"Der Briefkasten Oslo aus Edelstahl \u00fcberzeugt durch seine Wetterbest\u00e4ndigkeit. Das moderne Modell ist auch im Set mit Zeitungsbox erh\u00e4ltlich.\" \/>\n<meta property=\"og:url\" content=\"https:\/\/test.burgwaechterservice.de\/international\/p\/letter-boxes\/oslo\/\" \/>\n<meta property=\"og:site_name\" content=\"Burg-W\u00e4chter International\" \/>\n<meta property=\"article:modified_time\" content=\"2019-05-27T10:48:02+00:00\" \/>\n<meta property=\"og:image\" content=\"https:\/\/test.burgwaechterservice.de\/international\/wp-content\/uploads\/sites\/7\/2018\/09\/Edelstahl-Briefkasten-Oslo.jpg\" \/>\n\t<meta property=\"og:image:width\" content=\"1000\" \/>\n\t<meta property=\"og:image:height\" content=\"1000\" \/>\n\t<meta property=\"og:image:type\" content=\"image\/jpeg\" \/>\n<meta name=\"twitter:card\" content=\"summary_large_image\" \/>\n<meta name=\"twitter:label1\" content=\"Estimated reading time\" \/>\n\t<meta name=\"twitter:data1\" content=\"2 minutes\" \/>\n<!-- \/ Yoast SEO Premium plugin. -->","yoast_head_json":{"title":"Briefkasten Oslo aus Edelstahl von BURG-W\u00c4CHTER","description":"Der Briefkasten Oslo aus Edelstahl \u00fcberzeugt durch seine Wetterbest\u00e4ndigkeit. Das moderne Modell ist auch im Set mit Zeitungsbox erh\u00e4ltlich.","robots":{"index":"index","follow":"follow","max-snippet":"max-snippet:-1","max-image-preview":"max-image-preview:large","max-video-preview":"max-video-preview:-1"},"canonical":"https:\/\/test.burgwaechterservice.de\/international\/p\/letter-boxes\/oslo\/","og_locale":"en_GB","og_type":"article","og_title":"Oslo","og_description":"Der Briefkasten Oslo aus Edelstahl \u00fcberzeugt durch seine Wetterbest\u00e4ndigkeit. Das moderne Modell ist auch im Set mit Zeitungsbox erh\u00e4ltlich.","og_url":"https:\/\/test.burgwaechterservice.de\/international\/p\/letter-boxes\/oslo\/","og_site_name":"Burg-W\u00e4chter International","article_modified_time":"2019-05-27T10:48:02+00:00","og_image":[{"width":1000,"height":1000,"url":"https:\/\/test.burgwaechterservice.de\/international\/wp-content\/uploads\/sites\/7\/2018\/09\/Edelstahl-Briefkasten-Oslo.jpg","type":"image\/jpeg"}],"twitter_card":"summary_large_image","twitter_misc":{"Estimated reading time":"2 minutes"},"schema":{"@context":"https:\/\/schema.org","@graph":[{"@type":"WebPage","@id":"https:\/\/test.burgwaechterservice.de\/international\/p\/letter-boxes\/oslo\/","url":"https:\/\/test.burgwaechterservice.de\/international\/p\/letter-boxes\/oslo\/","name":"Briefkasten Oslo aus Edelstahl von BURG-W\u00c4CHTER","isPartOf":{"@id":"https:\/\/test.burgwaechterservice.de\/international\/#website"},"datePublished":"2018-09-05T10:35:57+00:00","dateModified":"2019-05-27T10:48:02+00:00","description":"Der Briefkasten Oslo aus Edelstahl \u00fcberzeugt durch seine Wetterbest\u00e4ndigkeit. Das moderne Modell ist auch im Set mit Zeitungsbox erh\u00e4ltlich.","breadcrumb":{"@id":"https:\/\/test.burgwaechterservice.de\/international\/p\/letter-boxes\/oslo\/#breadcrumb"},"inLanguage":"en-GB","potentialAction":[{"@type":"ReadAction","target":["https:\/\/test.burgwaechterservice.de\/international\/p\/letter-boxes\/oslo\/"]}]},{"@type":"BreadcrumbList","@id":"https:\/\/test.burgwaechterservice.de\/international\/p\/letter-boxes\/oslo\/#breadcrumb","itemListElement":[{"@type":"ListItem","position":1,"name":"Home","item":"https:\/\/test.burgwaechterservice.de\/international\/"},{"@type":"ListItem","position":2,"name":"Products","item":"https:\/\/test.burgwaechterservice.de\/international\/p\/"},{"@type":"ListItem","position":3,"name":"Oslo"}]},{"@type":"WebSite","@id":"https:\/\/test.burgwaechterservice.de\/international\/#website","url":"https:\/\/test.burgwaechterservice.de\/international\/","name":"Burg-W\u00e4chter International","description":"Eine weitere Burg-W\u00e4chter ENTWICKLUNGSUMGEBUNG Websites Website","potentialAction":[{"@type":"SearchAction","target":{"@type":"EntryPoint","urlTemplate":"https:\/\/test.burgwaechterservice.de\/international\/?s={search_term_string}"},"query-input":"required name=search_term_string"}],"inLanguage":"en-GB"}]}},"_links":{"self":[{"href":"https:\/\/test.burgwaechterservice.de\/international\/wp-json\/wp\/v2\/product\/196424"}],"collection":[{"href":"https:\/\/test.burgwaechterservice.de\/international\/wp-json\/wp\/v2\/product"}],"about":[{"href":"https:\/\/test.burgwaechterservice.de\/international\/wp-json\/wp\/v2\/types\/product"}],"replies":[{"embeddable":true,"href":"https:\/\/test.burgwaechterservice.de\/international\/wp-json\/wp\/v2\/comments?post=196424"}],"wp:featuredmedia":[{"embeddable":true,"href":"https:\/\/test.burgwaechterservice.de\/international\/wp-json\/wp\/v2\/media\/196425"}],"wp:attachment":[{"href":"https:\/\/test.burgwaechterservice.de\/international\/wp-json\/wp\/v2\/media?parent=196424"}],"wp:term":[{"taxonomy":"product_cat","embeddable":true,"href":"https:\/\/test.burgwaechterservice.de\/international\/wp-json\/wp\/v2\/product_cat?post=196424"},{"taxonomy":"product_tag","embeddable":true,"href":"https:\/\/test.burgwaechterservice.de\/international\/wp-json\/wp\/v2\/product_tag?post=196424"}],"curies":[{"name":"wp","href":"https:\/\/api.w.org\/{rel}","templated":true}]}}