{"id":144642,"date":"2018-01-29T08:53:23","date_gmt":"2018-01-29T07:53:23","guid":{"rendered":"https:\/\/www.burg.biz\/international\/p\/video-surveillance\/burgcam-smart-3020\/"},"modified":"2021-12-06T09:34:26","modified_gmt":"2021-12-06T08:34:26","slug":"burgcam-smart-3020","status":"publish","type":"product","link":"https:\/\/test.burgwaechterservice.de\/international\/p\/video-surveillance\/burgcam-smart-3020\/","title":{"rendered":"BURGcam SMART 3020"},"content":{"rendered":"<p><img fetchpriority=\"high\" decoding=\"async\" class=\"alignnone wp-image-192471\" src=\"https:\/\/test.burgwaechterservice.de\/wp-content\/uploads\/2018\/01\/SMART-1024x117.jpg\" alt=\"\" width=\"875\" height=\"100\" \/><\/p>\n<h2>WIFI camera with audio function for indoor use<\/h2>\n<table class=\"ausfuehrung\">\n<thead>\n<tr>\n<td>\n<h3 style=\"text-align: left;\"><strong>Note on the iOS update:<\/strong><\/h3>\n<ul>\n<li style=\"text-align: left;\"><span style=\"color: #000000;\"><strong>Please export the saved device list and save it as a QR code on your smartphone.<\/strong><\/span>\n<ul>\n<li><span style=\"color: #000000;\"><strong>To do this, open the device manager and tap on &#8216;Create attachment map&#8217; at the bottom.<\/strong><\/span><\/li>\n<li><span style=\"color: #000000;\"><strong>Select all the devices and tap on &#8216;Create asset chart&#8217;.<\/strong><\/span><\/li>\n<li><span style=\"color: #000000;\"><strong>Select &#8216;Cancel&#8217; to save the QR code without a password.<br \/>\n<\/strong><\/span><\/li>\n<\/ul>\n<\/li>\n<li style=\"text-align: left;\"><span style=\"color: #000000;\"><strong>Delete the app before installing the new app.<\/strong><\/span><\/li>\n<li style=\"text-align: left;\"><span style=\"color: #000000;\"><strong>Install the latest version of the app from the app store.<\/strong><\/span><\/li>\n<li style=\"text-align: left;\"><span style=\"color: #000000;\"><strong>Import the devices via + &#8216;SN\/Scan&#8217; and tap the picture icon in the top right corner.<\/strong><\/span><\/li>\n<li style=\"text-align: left;\"><span style=\"color: #000000;\"><strong>Select the saved QR code to import the device list again.<\/strong><\/span><\/li>\n<\/ul>\n<\/td>\n<\/tr>\n<\/thead>\n<\/table>\n<ul>\n<li>Wide-angle lens, 2,3mm (120\u00b0)<\/li>\n<li>2K-HD Video with 3MP resolution<\/li>\n<li>Support 4:3 (2048&#215;1536 px) and 16:9 (2304&#215;1296 px) video-stream<\/li>\n<li>Easy to install with WPS and App<\/li>\n<li>Remote control with BURGcam Apps or BURG-W\u00c4CHTER Cloud<\/li>\n<li>Local access by browser<\/li>\n<li>IR up to 10m for night vision<\/li>\n<li>Audio with microphonen and loudspeaker<\/li>\n<li>Professional backlight compensation WDR\/HLC\/BLC<\/li>\n<li>H.264\/MJPEG Video compression<\/li>\n<li>Micro SD card Slot, bis 128GB (SD-card not incl.)<\/li>\n<li>WIFI mode<\/li>\n<li>Perfect for home use applications<\/li>\n<li>Power supply incl.<\/li>\n<\/ul>\n<p>&nbsp;<\/p>\n<table class=\"ausfuehrung\">\n<tbody>\n<tr>\n<td>Camera type<\/td>\n<td>WIFI\u2009camera\u2009with\u2009audio \u2009function\u2009for\u2009indoor\u2009use<\/td>\n<\/tr>\n<tr>\n<td>Resolution<\/td>\n<td>3 MP: 2048 x 1536<br \/>\n1080 p: 1920 x 1080 (Full HD)<br \/>\n720 p: 1280 x 720<br \/>\nD1: 704 x 576\/704 x 480<br \/>\nCIF: 352 x 288\/352 x 240<\/td>\n<\/tr>\n<tr>\n<td>Frame rate<\/td>\n<td>20 fps @ 3 MP,<br \/>\n25\/30 fps @ 1080 p<\/td>\n<\/tr>\n<tr>\n<td>Bit rate<\/td>\n<td>4 Kbps to 8192 Kbps<\/td>\n<\/tr>\n<tr>\n<td>IR LEDs<\/td>\n<td>Up\u2009to\u200910m\u2009range<\/td>\n<\/tr>\n<tr>\n<td>Lens<\/td>\n<td>2.3 mm<br \/>\nF 2.0 Fixed\u2009focal\u2009length<\/td>\n<\/tr>\n<tr>\n<td>Angle of view<\/td>\n<td>Horizontal 120\u00b0<\/td>\n<\/tr>\n<tr>\n<td>Installation<\/td>\n<td>Wall\u2009or\u2009ceiling\u2009mount, <span id=\"result_box\" class=\"short_text\" lang=\"en\"><span class=\"\">magnetic base<\/span><\/span><\/td>\n<\/tr>\n<tr>\n<td>Voltage<\/td>\n<td>5 V DC (included)<\/td>\n<\/tr>\n<tr>\n<td>Power consumption<\/td>\n<td>&lt; 4,5 W<\/td>\n<\/tr>\n<tr>\n<td>Operating temperature<\/td>\n<td>0\u00b0 C bis 40\u00b0 C<\/td>\n<\/tr>\n<tr>\n<td>Dimensions<\/td>\n<td>107 x 76 x 64 mm<\/td>\n<\/tr>\n<tr>\n<td>Weight<\/td>\n<td>140 g<\/td>\n<\/tr>\n<\/tbody>\n<\/table>\n","protected":false},"excerpt":{"rendered":"<p>WIFI camera with audio function for indoor use Note on the iOS update: Please export the saved device list and save it as a QR code on your smartphone. To do this, open the device manager and tap on &#8216;Create &hellip; <a class=\"kt-excerpt-readmore\" href=\"https:\/\/test.burgwaechterservice.de\/international\/p\/video-surveillance\/burgcam-smart-3020\/\" aria-label=\"BURGcam SMART 3020\">Read More<\/a><\/p>\n","protected":false},"featured_media":466804,"comment_status":"closed","ping_status":"closed","template":"","meta":[],"product_cat":[64],"product_tag":[],"yoast_head":"<!-- This site is optimized with the Yoast SEO Premium plugin v18.4 (Yoast SEO v19.13) - https:\/\/yoast.com\/wordpress\/plugins\/seo\/ -->\n<title>WLAN-\u00dcberwachungskamera BURGcam SMART von BURG-W\u00c4CHTER<\/title>\n<meta name=\"description\" content=\"Qualit\u00e4t von BURG-W\u00c4CHTER: Die WLAN-\u00dcberwachungskamera BURGcam SMART 3020 mit Audio-Funktion \u00fcberzeugt durch ihr Weitwinkel-Objektiv und weitere Features. Erfahren Sie mehr...\" \/>\n<meta name=\"robots\" content=\"index, follow, max-snippet:-1, max-image-preview:large, max-video-preview:-1\" \/>\n<link rel=\"canonical\" href=\"https:\/\/test.burgwaechterservice.de\/international\/p\/video-surveillance\/burgcam-smart-3020\/\" \/>\n<meta property=\"og:locale\" content=\"en_GB\" \/>\n<meta property=\"og:type\" content=\"article\" \/>\n<meta property=\"og:title\" content=\"BURGcam SMART 3020\" \/>\n<meta property=\"og:description\" content=\"Qualit\u00e4t von BURG-W\u00c4CHTER: Die WLAN-\u00dcberwachungskamera BURGcam SMART 3020 mit Audio-Funktion \u00fcberzeugt durch ihr Weitwinkel-Objektiv und weitere Features. Erfahren Sie mehr...\" \/>\n<meta property=\"og:url\" content=\"https:\/\/test.burgwaechterservice.de\/international\/p\/video-surveillance\/burgcam-smart-3020\/\" \/>\n<meta property=\"og:site_name\" content=\"Burg-W\u00e4chter International\" \/>\n<meta property=\"article:modified_time\" content=\"2021-12-06T08:34:26+00:00\" \/>\n<meta property=\"og:image\" content=\"https:\/\/test.burgwaechterservice.de\/international\/wp-content\/uploads\/sites\/7\/2018\/01\/Smart3020_Auslaufmodell_EN.png\" \/>\n\t<meta property=\"og:image:width\" content=\"534\" \/>\n\t<meta property=\"og:image:height\" content=\"520\" \/>\n\t<meta property=\"og:image:type\" content=\"image\/png\" \/>\n<meta name=\"twitter:card\" content=\"summary_large_image\" \/>\n<meta name=\"twitter:label1\" content=\"Estimated reading time\" \/>\n\t<meta name=\"twitter:data1\" content=\"1 minute\" \/>\n<!-- \/ Yoast SEO Premium plugin. -->","yoast_head_json":{"title":"WLAN-\u00dcberwachungskamera BURGcam SMART von BURG-W\u00c4CHTER","description":"Qualit\u00e4t von BURG-W\u00c4CHTER: Die WLAN-\u00dcberwachungskamera BURGcam SMART 3020 mit Audio-Funktion \u00fcberzeugt durch ihr Weitwinkel-Objektiv und weitere Features. Erfahren Sie mehr...","robots":{"index":"index","follow":"follow","max-snippet":"max-snippet:-1","max-image-preview":"max-image-preview:large","max-video-preview":"max-video-preview:-1"},"canonical":"https:\/\/test.burgwaechterservice.de\/international\/p\/video-surveillance\/burgcam-smart-3020\/","og_locale":"en_GB","og_type":"article","og_title":"BURGcam SMART 3020","og_description":"Qualit\u00e4t von BURG-W\u00c4CHTER: Die WLAN-\u00dcberwachungskamera BURGcam SMART 3020 mit Audio-Funktion \u00fcberzeugt durch ihr Weitwinkel-Objektiv und weitere Features. Erfahren Sie mehr...","og_url":"https:\/\/test.burgwaechterservice.de\/international\/p\/video-surveillance\/burgcam-smart-3020\/","og_site_name":"Burg-W\u00e4chter International","article_modified_time":"2021-12-06T08:34:26+00:00","og_image":[{"width":534,"height":520,"url":"https:\/\/test.burgwaechterservice.de\/international\/wp-content\/uploads\/sites\/7\/2018\/01\/Smart3020_Auslaufmodell_EN.png","type":"image\/png"}],"twitter_card":"summary_large_image","twitter_misc":{"Estimated reading time":"1 minute"},"schema":{"@context":"https:\/\/schema.org","@graph":[{"@type":"WebPage","@id":"https:\/\/test.burgwaechterservice.de\/international\/p\/video-surveillance\/burgcam-smart-3020\/","url":"https:\/\/test.burgwaechterservice.de\/international\/p\/video-surveillance\/burgcam-smart-3020\/","name":"WLAN-\u00dcberwachungskamera BURGcam SMART von BURG-W\u00c4CHTER","isPartOf":{"@id":"https:\/\/test.burgwaechterservice.de\/international\/#website"},"datePublished":"2018-01-29T07:53:23+00:00","dateModified":"2021-12-06T08:34:26+00:00","description":"Qualit\u00e4t von BURG-W\u00c4CHTER: Die WLAN-\u00dcberwachungskamera BURGcam SMART 3020 mit Audio-Funktion \u00fcberzeugt durch ihr Weitwinkel-Objektiv und weitere Features. Erfahren Sie mehr...","breadcrumb":{"@id":"https:\/\/test.burgwaechterservice.de\/international\/p\/video-surveillance\/burgcam-smart-3020\/#breadcrumb"},"inLanguage":"en-GB","potentialAction":[{"@type":"ReadAction","target":["https:\/\/test.burgwaechterservice.de\/international\/p\/video-surveillance\/burgcam-smart-3020\/"]}]},{"@type":"BreadcrumbList","@id":"https:\/\/test.burgwaechterservice.de\/international\/p\/video-surveillance\/burgcam-smart-3020\/#breadcrumb","itemListElement":[{"@type":"ListItem","position":1,"name":"Home","item":"https:\/\/test.burgwaechterservice.de\/international\/"},{"@type":"ListItem","position":2,"name":"Products","item":"https:\/\/test.burgwaechterservice.de\/international\/p\/"},{"@type":"ListItem","position":3,"name":"BURGcam SMART 3020"}]},{"@type":"WebSite","@id":"https:\/\/test.burgwaechterservice.de\/international\/#website","url":"https:\/\/test.burgwaechterservice.de\/international\/","name":"Burg-W\u00e4chter International","description":"Eine weitere Burg-W\u00e4chter ENTWICKLUNGSUMGEBUNG Websites Website","potentialAction":[{"@type":"SearchAction","target":{"@type":"EntryPoint","urlTemplate":"https:\/\/test.burgwaechterservice.de\/international\/?s={search_term_string}"},"query-input":"required name=search_term_string"}],"inLanguage":"en-GB"}]}},"_links":{"self":[{"href":"https:\/\/test.burgwaechterservice.de\/international\/wp-json\/wp\/v2\/product\/144642"}],"collection":[{"href":"https:\/\/test.burgwaechterservice.de\/international\/wp-json\/wp\/v2\/product"}],"about":[{"href":"https:\/\/test.burgwaechterservice.de\/international\/wp-json\/wp\/v2\/types\/product"}],"replies":[{"embeddable":true,"href":"https:\/\/test.burgwaechterservice.de\/international\/wp-json\/wp\/v2\/comments?post=144642"}],"wp:featuredmedia":[{"embeddable":true,"href":"https:\/\/test.burgwaechterservice.de\/international\/wp-json\/wp\/v2\/media\/466804"}],"wp:attachment":[{"href":"https:\/\/test.burgwaechterservice.de\/international\/wp-json\/wp\/v2\/media?parent=144642"}],"wp:term":[{"taxonomy":"product_cat","embeddable":true,"href":"https:\/\/test.burgwaechterservice.de\/international\/wp-json\/wp\/v2\/product_cat?post=144642"},{"taxonomy":"product_tag","embeddable":true,"href":"https:\/\/test.burgwaechterservice.de\/international\/wp-json\/wp\/v2\/product_tag?post=144642"}],"curies":[{"name":"wp","href":"https:\/\/api.w.org\/{rel}","templated":true}]}}