{"id":8416,"date":"2016-06-03T16:02:36","date_gmt":"2016-06-03T14:02:36","guid":{"rendered":"https:\/\/www.burg.biz\/?post_type=product&#038;p=8416"},"modified":"2022-01-17T08:32:34","modified_gmt":"2022-01-17T07:32:34","slug":"homesafe-e-old","status":"publish","type":"product","link":"https:\/\/test.burgwaechterservice.de\/fr\/p\/coffres-forts\/homesafe-e-old\/","title":{"rendered":"HomeSafe Version E"},"content":{"rendered":"<h3>Le mod\u00e8le HomeSafe (niveau de s\u00e9curit\u00e9 B) en bref (Mod\u00e8les jusqu&#8217;en 2019)<\/h3>\n<p><a href=\"https:\/\/test.burgwaechterservice.de\/fr\/p\/coffres-forts\/coffre-fort-meuble-homesafe\/\" target=\"_blank\" rel=\"noopener noreferrer\">Vous pouvez trouver les nouveaux coffres-forts Home-Safe ici!<\/a><\/p>\n<ul>\n<li>Double paroi<\/li>\n<li>Rainure anti-feu sur tout le pourtour<\/li>\n<li>Verrouillage gr\u00e2ce \u00e0 des p\u00eanes ronds<\/li>\n<li>Possibilit\u00e9s d&#8217;ancrage plac\u00e9es sur la paroi arri\u00e8re et dans le fond, deux trous plac\u00e9s en diagonale par surface<\/li>\n<li>Profondeur int\u00e9rieure suffisante pour un classeur<\/li>\n<\/ul>\n<p>&nbsp;<\/p>\n<table class=\"ausfuehrung\">\n<thead>\n<tr>\n<td>Article<\/td>\n<td>Ext\u00e9rieur H x L x P<\/td>\n<td>Int\u00e9rieur H x L x P<\/td>\n<td>Porte H x L<\/td>\n<td>Poids<\/td>\n<td>Volume<\/td>\n<\/tr>\n<\/thead>\n<tbody>\n<tr>\n<td class=\"subdesc\"><\/td>\n<td class=\"subdesc\">mm<\/td>\n<td class=\"subdesc\">mm<\/td>\n<td class=\"subdesc\">Ouverture mm<\/td>\n<td class=\"subdesc\">kg<\/td>\n<td class=\"subdesc\">\u00a0l<\/td>\n<\/tr>\n<\/tbody>\n<tbody>\n<tr>\n<td>H 1 E<\/td>\n<td>278 x 402 x 376<\/td>\n<td>209 x 336 x 294<\/td>\n<td>209 x 326<\/td>\n<td>30,0<\/td>\n<td>20,6<\/td>\n<\/tr>\n<tr>\n<td>H 4 E<\/td>\n<td>528 x 435 x 382<\/td>\n<td>440 x 350 x 292<\/td>\n<td>440 x 345<\/td>\n<td>49,0<\/td>\n<td>45,3<\/td>\n<\/tr>\n<\/tbody>\n<\/table>\n","protected":false},"excerpt":{"rendered":"<p>Le mod\u00e8le HomeSafe (niveau de s\u00e9curit\u00e9 B) en bref (Mod\u00e8les jusqu&#8217;en 2019) Vous pouvez trouver les nouveaux coffres-forts Home-Safe ici! Double paroi Rainure anti-feu sur tout le pourtour Verrouillage gr\u00e2ce \u00e0 des p\u00eanes ronds Possibilit\u00e9s d&#8217;ancrage plac\u00e9es sur la paroi &hellip; <a class=\"kt-excerpt-readmore\" href=\"https:\/\/test.burgwaechterservice.de\/fr\/p\/coffres-forts\/homesafe-e-old\/\" aria-label=\"HomeSafe Version E\">Lire la suite<\/a><\/p>\n","protected":false},"featured_media":400723,"comment_status":"closed","ping_status":"closed","template":"","meta":[],"product_cat":[7991],"product_tag":[16],"yoast_head":"<!-- This site is optimized with the Yoast SEO Premium plugin v18.4 (Yoast SEO v19.13) - https:\/\/yoast.com\/wordpress\/plugins\/seo\/ -->\n<title>HomeSafe E BURG-W\u00c4CHTER<\/title>\n<meta name=\"description\" content=\"Le mod\u00e8le HomeSafe (niveau de s\u00e9curit\u00e9 B) en bref (Mod\u00e8les jusqu&#039;en 2019) Vous pouvez trouver les nouveaux coffres-forts Home-Safe ici! Double paroi\" \/>\n<meta name=\"robots\" content=\"index, follow, max-snippet:-1, max-image-preview:large, max-video-preview:-1\" \/>\n<link rel=\"canonical\" href=\"https:\/\/test.burgwaechterservice.de\/fr\/p\/coffres-forts\/homesafe-e-old\/\" \/>\n<meta property=\"og:locale\" content=\"fr_FR\" \/>\n<meta property=\"og:type\" content=\"article\" \/>\n<meta property=\"og:title\" content=\"HomeSafe Version E\" \/>\n<meta property=\"og:description\" content=\"Le mod\u00e8le HomeSafe (niveau de s\u00e9curit\u00e9 B) en bref (Mod\u00e8les jusqu&#039;en 2019) Vous pouvez trouver les nouveaux coffres-forts Home-Safe ici! Double paroi\" \/>\n<meta property=\"og:url\" content=\"https:\/\/test.burgwaechterservice.de\/fr\/p\/coffres-forts\/homesafe-e-old\/\" \/>\n<meta property=\"og:site_name\" content=\"Burg-W\u00e4chter France\" \/>\n<meta property=\"article:modified_time\" content=\"2022-01-17T07:32:34+00:00\" \/>\n<meta property=\"og:image\" content=\"https:\/\/test.burgwaechterservice.de\/fr\/wp-content\/uploads\/sites\/4\/2016\/06\/H-1-S_offen_Button_FR.png\" \/>\n\t<meta property=\"og:image:width\" content=\"800\" \/>\n\t<meta property=\"og:image:height\" content=\"800\" \/>\n\t<meta property=\"og:image:type\" content=\"image\/png\" \/>\n<meta name=\"twitter:card\" content=\"summary_large_image\" \/>\n<meta name=\"twitter:label1\" content=\"Dur\u00e9e de lecture estim\u00e9e\" \/>\n\t<meta name=\"twitter:data1\" content=\"1 minute\" \/>\n<!-- \/ Yoast SEO Premium plugin. -->","yoast_head_json":{"title":"HomeSafe E BURG-W\u00c4CHTER","description":"Le mod\u00e8le HomeSafe (niveau de s\u00e9curit\u00e9 B) en bref (Mod\u00e8les jusqu'en 2019) Vous pouvez trouver les nouveaux coffres-forts Home-Safe ici! Double paroi","robots":{"index":"index","follow":"follow","max-snippet":"max-snippet:-1","max-image-preview":"max-image-preview:large","max-video-preview":"max-video-preview:-1"},"canonical":"https:\/\/test.burgwaechterservice.de\/fr\/p\/coffres-forts\/homesafe-e-old\/","og_locale":"fr_FR","og_type":"article","og_title":"HomeSafe Version E","og_description":"Le mod\u00e8le HomeSafe (niveau de s\u00e9curit\u00e9 B) en bref (Mod\u00e8les jusqu'en 2019) Vous pouvez trouver les nouveaux coffres-forts Home-Safe ici! Double paroi","og_url":"https:\/\/test.burgwaechterservice.de\/fr\/p\/coffres-forts\/homesafe-e-old\/","og_site_name":"Burg-W\u00e4chter France","article_modified_time":"2022-01-17T07:32:34+00:00","og_image":[{"width":800,"height":800,"url":"https:\/\/test.burgwaechterservice.de\/fr\/wp-content\/uploads\/sites\/4\/2016\/06\/H-1-S_offen_Button_FR.png","type":"image\/png"}],"twitter_card":"summary_large_image","twitter_misc":{"Dur\u00e9e de lecture estim\u00e9e":"1 minute"},"schema":{"@context":"https:\/\/schema.org","@graph":[{"@type":"WebPage","@id":"https:\/\/test.burgwaechterservice.de\/fr\/p\/coffres-forts\/homesafe-e-old\/","url":"https:\/\/test.burgwaechterservice.de\/fr\/p\/coffres-forts\/homesafe-e-old\/","name":"HomeSafe E BURG-W\u00c4CHTER","isPartOf":{"@id":"https:\/\/test.burgwaechterservice.de\/fr\/#website"},"datePublished":"2016-06-03T14:02:36+00:00","dateModified":"2022-01-17T07:32:34+00:00","description":"Le mod\u00e8le HomeSafe (niveau de s\u00e9curit\u00e9 B) en bref (Mod\u00e8les jusqu'en 2019) Vous pouvez trouver les nouveaux coffres-forts Home-Safe ici! Double paroi","breadcrumb":{"@id":"https:\/\/test.burgwaechterservice.de\/fr\/p\/coffres-forts\/homesafe-e-old\/#breadcrumb"},"inLanguage":"fr-FR","potentialAction":[{"@type":"ReadAction","target":["https:\/\/test.burgwaechterservice.de\/fr\/p\/coffres-forts\/homesafe-e-old\/"]}]},{"@type":"BreadcrumbList","@id":"https:\/\/test.burgwaechterservice.de\/fr\/p\/coffres-forts\/homesafe-e-old\/#breadcrumb","itemListElement":[{"@type":"ListItem","position":1,"name":"Accueil","item":"https:\/\/test.burgwaechterservice.de\/fr\/"},{"@type":"ListItem","position":2,"name":"Produits","item":"https:\/\/test.burgwaechterservice.de\/fr\/p\/"},{"@type":"ListItem","position":3,"name":"HomeSafe Version E"}]},{"@type":"WebSite","@id":"https:\/\/test.burgwaechterservice.de\/fr\/#website","url":"https:\/\/test.burgwaechterservice.de\/fr\/","name":"Burg-W\u00e4chter France","description":"Le choix le plus s\u00fbr!","potentialAction":[{"@type":"SearchAction","target":{"@type":"EntryPoint","urlTemplate":"https:\/\/test.burgwaechterservice.de\/fr\/?s={search_term_string}"},"query-input":"required name=search_term_string"}],"inLanguage":"fr-FR"}]}},"_links":{"self":[{"href":"https:\/\/test.burgwaechterservice.de\/fr\/wp-json\/wp\/v2\/product\/8416"}],"collection":[{"href":"https:\/\/test.burgwaechterservice.de\/fr\/wp-json\/wp\/v2\/product"}],"about":[{"href":"https:\/\/test.burgwaechterservice.de\/fr\/wp-json\/wp\/v2\/types\/product"}],"replies":[{"embeddable":true,"href":"https:\/\/test.burgwaechterservice.de\/fr\/wp-json\/wp\/v2\/comments?post=8416"}],"wp:featuredmedia":[{"embeddable":true,"href":"https:\/\/test.burgwaechterservice.de\/fr\/wp-json\/wp\/v2\/media\/400723"}],"wp:attachment":[{"href":"https:\/\/test.burgwaechterservice.de\/fr\/wp-json\/wp\/v2\/media?parent=8416"}],"wp:term":[{"taxonomy":"product_cat","embeddable":true,"href":"https:\/\/test.burgwaechterservice.de\/fr\/wp-json\/wp\/v2\/product_cat?post=8416"},{"taxonomy":"product_tag","embeddable":true,"href":"https:\/\/test.burgwaechterservice.de\/fr\/wp-json\/wp\/v2\/product_tag?post=8416"}],"curies":[{"name":"wp","href":"https:\/\/api.w.org\/{rel}","templated":true}]}}