{"id":8405,"date":"2016-06-03T15:36:03","date_gmt":"2016-06-03T13:36:03","guid":{"rendered":"https:\/\/www.burg.biz\/?post_type=product&#038;p=8405"},"modified":"2022-01-17T08:33:57","modified_gmt":"2022-01-17T07:33:57","slug":"cityline-e-fs","status":"publish","type":"product","link":"https:\/\/test.burgwaechterservice.de\/fr\/p\/coffres-forts\/cityline-e-fs\/","title":{"rendered":"CityLine Version E FS"},"content":{"rendered":"<h3>Vue d\u2019ensemble de la gamme CITYLINE (ancienne version jusqu\u2019\u00e0 2019)<\/h3>\n<p><a href=\"https:\/\/test.burgwaechterservice.de\/fr\/p\/coffres-forts\/coffre-fort-cityline\/\" target=\"_blank\" rel=\"noopener noreferrer\">Pour la nouvelle g\u00e9n\u00e9ration des coffres CITYLINE, c\u2018est ici !<\/a><\/p>\n<h2>Mod\u00e8le E FS<\/h2>\n<p>Les coffres-forts BURG-W\u00c4CHTER de la gamme CityLine sont <strong>parfaits<\/strong> pour \u00eatre <strong>int\u00e9gr\u00e9s<\/strong> dans des meubles. Ils prot\u00e8gent ainsi non seulement vos objets de valeurs des regards mais aussi bien naturellement du vol.<\/p>\n<h3>D\u00e9p\u00f4t optimal<\/h3>\n<p>Les coffres-forts CityLine offre un endroit s\u00fbr pour les documents, l&#8217;argent, les bijoux et jusqu&#8217;\u00e0 5 armes \u00e0 canon court sans munitions, dans sa version actuelle. Son volume int\u00e9rieur est suffisamment grand pour accueillir des classeurs. Une \u00e9tag\u00e8re r\u00e9glable assure un rangement optimal de vos objets de valeur<\/p>\n<h3>Lecteur d&#8217;empreintes digitales synonyme de confort et de s\u00e9curit\u00e9<\/h3>\n<p>La serrure \u00e0 code \u00e9lectronique programmable \u00ab\u00a0SecuTronic\u00a0\u00bb avec son lecteur d&#8217;empreintes digitales int\u00e9gr\u00e9 est contr\u00f4l\u00e9e par le VdS (cat\u00e9gorie 2) et offre v\u00e9ritablement 1 million de possibilit\u00e9s de programmation. Vous pouvez programmer vous-m\u00eame jusqu&#8217;\u00e0 10 doigts en plus d&#8217;un code \u00e0 6 chiffres. Pour pouvoir ouvrir avec le lecteur d&#8217;empreintes digitales, vous devez avoir programm\u00e9\/saisi 2 doigts. Trois piles (micro LR 03 AAA) sont comprises dans la livraison, ainsi vous pouvez utiliser votre CityLine sans attendre. Attention\u00a0: l&#8217;armature de la serrure d\u00e9passe de 19 mm.<\/p>\n<h3>Possibilit\u00e9 d&#8217;ancrage pratique<\/h3>\n<p>Le montage solide de votre coffre-fort CityLine est rendu possible par un ancrage au mur arri\u00e8re et au sol. 4 trous, 2 \u00e0 l&#8217;arri\u00e8re et 2 au sol plac\u00e9s en diagonale, assurent une r\u00e9sistance maximum en cas de tentative d&#8217;effraction avec violence.<\/p>\n<h3>Conception robuste antieffraction avec violence<\/h3>\n<p>La conception robuste et le corps \u00e0 double paroi emp\u00eachent une effraction facile du coffre-fort. La serrure est s\u00e9curis\u00e9e \u00e0 l&#8217;aide de deux verrous lat\u00e9raux qui, selon leur taille, se composent de deux ou trois p\u00eanes ronds solides. Ce coffre-fort \u00e0 int\u00e9grer dans un meuble est fabriqu\u00e9 dans un mat\u00e9riau ignifug\u00e9 conforme \u00e0 la norme DIN 4102-A1 et il est \u00e9quip\u00e9 d&#8217;une rainure anti-feu sur tout son pourtour.<\/p>\n<h3>Le mod\u00e8le CityLine certifi\u00e9 de BURG-W\u00c4CHTER<\/h3>\n<ul>\n<li>Niveau de s\u00e9curit\u00e9 B selon le VDMA 24992, version de mai 1995<\/li>\n<li>Mat\u00e9riau ignifug\u00e9 conforme \u00e0 la norme DIN 4102-A1<\/li>\n<\/ul>\n<p>Rangez vos objets de valeur en toute s\u00e9curit\u00e9 dans un coffre-fort CityLine de BURG-W\u00c4CHTER. Soyez toujours par\u00e9 \u00e0 toute situation\u00a0!<\/p>\n<p>&nbsp;<\/p>\n<p>&nbsp;<\/p>\n<table class=\"ausfuehrung\">\n<thead>\n<tr>\n<td>Article<\/td>\n<td>Ext\u00e9rieur H x L x P<\/td>\n<td>Int\u00e9rieur H x L x P<\/td>\n<td>Porte H x L<\/td>\n<td>Poids<\/td>\n<td>Volume<\/td>\n<\/tr>\n<\/thead>\n<tbody>\n<tr>\n<td class=\"subdesc\"><\/td>\n<td class=\"subdesc\">mm<\/td>\n<td class=\"subdesc\">mm<\/td>\n<td class=\"subdesc\">Ouverture mm<\/td>\n<td class=\"subdesc\">kg<\/td>\n<td class=\"subdesc\">\u00a0l<\/td>\n<\/tr>\n<\/tbody>\n<tbody>\n<tr>\n<td>C 1 E FS<\/td>\n<td>278 x 402 x 376<\/td>\n<td>209 x 336 x 294<\/td>\n<td>209 x 326<\/td>\n<td>30,0<\/td>\n<td>20,6<\/td>\n<\/tr>\n<tr>\n<td>C 4 E FS<\/td>\n<td>528 x 435 x 382<\/td>\n<td>440 x 350 x 292<\/td>\n<td>440 x 345<\/td>\n<td>49,0<\/td>\n<td>45,3<\/td>\n<\/tr>\n<\/tbody>\n<\/table>\n","protected":false},"excerpt":{"rendered":"<p>Vue d\u2019ensemble de la gamme CITYLINE (ancienne version jusqu\u2019\u00e0 2019) Pour la nouvelle g\u00e9n\u00e9ration des coffres CITYLINE, c\u2018est ici ! Mod\u00e8le E FS Les coffres-forts BURG-W\u00c4CHTER de la gamme CityLine sont parfaits pour \u00eatre int\u00e9gr\u00e9s dans des meubles. Ils prot\u00e8gent &hellip; <a class=\"kt-excerpt-readmore\" href=\"https:\/\/test.burgwaechterservice.de\/fr\/p\/coffres-forts\/cityline-e-fs\/\" aria-label=\"CityLine Version E FS\">Lire la suite<\/a><\/p>\n","protected":false},"featured_media":427429,"comment_status":"closed","ping_status":"closed","template":"","meta":[],"product_cat":[34,7991],"product_tag":[8],"yoast_head":"<!-- This site is optimized with the Yoast SEO Premium plugin v18.4 (Yoast SEO v19.13) - https:\/\/yoast.com\/wordpress\/plugins\/seo\/ -->\n<title>CityLine Version E FS - BURG-W\u00c4CHTER<\/title>\n<meta name=\"description\" content=\"Vue d\u2019ensemble de la gamme CITYLINE (ancienne version jusqu\u2019\u00e0 2019) Pour la nouvelle g\u00e9n\u00e9ration des coffres CITYLINE, c\u2018est ici ! Mod\u00e8le E FS Les\" \/>\n<meta name=\"robots\" content=\"index, follow, max-snippet:-1, max-image-preview:large, max-video-preview:-1\" \/>\n<link rel=\"canonical\" href=\"https:\/\/test.burgwaechterservice.de\/fr\/p\/coffres-forts\/cityline-e-fs\/\" \/>\n<meta property=\"og:locale\" content=\"fr_FR\" \/>\n<meta property=\"og:type\" content=\"article\" \/>\n<meta property=\"og:title\" content=\"CityLine Version E FS\" \/>\n<meta property=\"og:description\" content=\"Vue d\u2019ensemble de la gamme CITYLINE (ancienne version jusqu\u2019\u00e0 2019) Pour la nouvelle g\u00e9n\u00e9ration des coffres CITYLINE, c\u2018est ici ! Mod\u00e8le E FS Les\" \/>\n<meta property=\"og:url\" content=\"https:\/\/test.burgwaechterservice.de\/fr\/p\/coffres-forts\/cityline-e-fs\/\" \/>\n<meta property=\"og:site_name\" content=\"Burg-W\u00e4chter France\" \/>\n<meta property=\"article:modified_time\" content=\"2022-01-17T07:33:57+00:00\" \/>\n<meta property=\"og:image\" content=\"https:\/\/test.burgwaechterservice.de\/fr\/wp-content\/uploads\/sites\/4\/2016\/06\/City-Line-EFS-FR.png\" \/>\n\t<meta property=\"og:image:width\" content=\"1000\" \/>\n\t<meta property=\"og:image:height\" content=\"879\" \/>\n\t<meta property=\"og:image:type\" content=\"image\/png\" \/>\n<meta name=\"twitter:card\" content=\"summary_large_image\" \/>\n<meta name=\"twitter:label1\" content=\"Dur\u00e9e de lecture estim\u00e9e\" \/>\n\t<meta name=\"twitter:data1\" content=\"2 minutes\" \/>\n<!-- \/ Yoast SEO Premium plugin. -->","yoast_head_json":{"title":"CityLine Version E FS - BURG-W\u00c4CHTER","description":"Vue d\u2019ensemble de la gamme CITYLINE (ancienne version jusqu\u2019\u00e0 2019) Pour la nouvelle g\u00e9n\u00e9ration des coffres CITYLINE, c\u2018est ici ! Mod\u00e8le E FS Les","robots":{"index":"index","follow":"follow","max-snippet":"max-snippet:-1","max-image-preview":"max-image-preview:large","max-video-preview":"max-video-preview:-1"},"canonical":"https:\/\/test.burgwaechterservice.de\/fr\/p\/coffres-forts\/cityline-e-fs\/","og_locale":"fr_FR","og_type":"article","og_title":"CityLine Version E FS","og_description":"Vue d\u2019ensemble de la gamme CITYLINE (ancienne version jusqu\u2019\u00e0 2019) Pour la nouvelle g\u00e9n\u00e9ration des coffres CITYLINE, c\u2018est ici ! Mod\u00e8le E FS Les","og_url":"https:\/\/test.burgwaechterservice.de\/fr\/p\/coffres-forts\/cityline-e-fs\/","og_site_name":"Burg-W\u00e4chter France","article_modified_time":"2022-01-17T07:33:57+00:00","og_image":[{"width":1000,"height":879,"url":"https:\/\/test.burgwaechterservice.de\/fr\/wp-content\/uploads\/sites\/4\/2016\/06\/City-Line-EFS-FR.png","type":"image\/png"}],"twitter_card":"summary_large_image","twitter_misc":{"Dur\u00e9e de lecture estim\u00e9e":"2 minutes"},"schema":{"@context":"https:\/\/schema.org","@graph":[{"@type":"WebPage","@id":"https:\/\/test.burgwaechterservice.de\/fr\/p\/coffres-forts\/cityline-e-fs\/","url":"https:\/\/test.burgwaechterservice.de\/fr\/p\/coffres-forts\/cityline-e-fs\/","name":"CityLine Version E FS - BURG-W\u00c4CHTER","isPartOf":{"@id":"https:\/\/test.burgwaechterservice.de\/fr\/#website"},"datePublished":"2016-06-03T13:36:03+00:00","dateModified":"2022-01-17T07:33:57+00:00","description":"Vue d\u2019ensemble de la gamme CITYLINE (ancienne version jusqu\u2019\u00e0 2019) Pour la nouvelle g\u00e9n\u00e9ration des coffres CITYLINE, c\u2018est ici ! Mod\u00e8le E FS Les","breadcrumb":{"@id":"https:\/\/test.burgwaechterservice.de\/fr\/p\/coffres-forts\/cityline-e-fs\/#breadcrumb"},"inLanguage":"fr-FR","potentialAction":[{"@type":"ReadAction","target":["https:\/\/test.burgwaechterservice.de\/fr\/p\/coffres-forts\/cityline-e-fs\/"]}]},{"@type":"BreadcrumbList","@id":"https:\/\/test.burgwaechterservice.de\/fr\/p\/coffres-forts\/cityline-e-fs\/#breadcrumb","itemListElement":[{"@type":"ListItem","position":1,"name":"Accueil","item":"https:\/\/test.burgwaechterservice.de\/fr\/"},{"@type":"ListItem","position":2,"name":"Produits","item":"https:\/\/test.burgwaechterservice.de\/fr\/p\/"},{"@type":"ListItem","position":3,"name":"CityLine Version E FS"}]},{"@type":"WebSite","@id":"https:\/\/test.burgwaechterservice.de\/fr\/#website","url":"https:\/\/test.burgwaechterservice.de\/fr\/","name":"Burg-W\u00e4chter France","description":"Le choix le plus s\u00fbr!","potentialAction":[{"@type":"SearchAction","target":{"@type":"EntryPoint","urlTemplate":"https:\/\/test.burgwaechterservice.de\/fr\/?s={search_term_string}"},"query-input":"required name=search_term_string"}],"inLanguage":"fr-FR"}]}},"_links":{"self":[{"href":"https:\/\/test.burgwaechterservice.de\/fr\/wp-json\/wp\/v2\/product\/8405"}],"collection":[{"href":"https:\/\/test.burgwaechterservice.de\/fr\/wp-json\/wp\/v2\/product"}],"about":[{"href":"https:\/\/test.burgwaechterservice.de\/fr\/wp-json\/wp\/v2\/types\/product"}],"replies":[{"embeddable":true,"href":"https:\/\/test.burgwaechterservice.de\/fr\/wp-json\/wp\/v2\/comments?post=8405"}],"wp:featuredmedia":[{"embeddable":true,"href":"https:\/\/test.burgwaechterservice.de\/fr\/wp-json\/wp\/v2\/media\/427429"}],"wp:attachment":[{"href":"https:\/\/test.burgwaechterservice.de\/fr\/wp-json\/wp\/v2\/media?parent=8405"}],"wp:term":[{"taxonomy":"product_cat","embeddable":true,"href":"https:\/\/test.burgwaechterservice.de\/fr\/wp-json\/wp\/v2\/product_cat?post=8405"},{"taxonomy":"product_tag","embeddable":true,"href":"https:\/\/test.burgwaechterservice.de\/fr\/wp-json\/wp\/v2\/product_tag?post=8405"}],"curies":[{"name":"wp","href":"https:\/\/api.w.org\/{rel}","templated":true}]}}