{"id":8376,"date":"2016-06-03T14:06:22","date_gmt":"2016-06-03T12:06:22","guid":{"rendered":"https:\/\/www.burg.biz\/?post_type=product&#038;p=8376"},"modified":"2022-01-17T08:46:57","modified_gmt":"2022-01-17T07:46:57","slug":"combi-line-s-old","status":"publish","type":"product","link":"https:\/\/test.burgwaechterservice.de\/fr\/p\/coffres-forts\/combi-line-s-old\/","title":{"rendered":"CombiLine Version S"},"content":{"rendered":"<h3>L&#8217;armoire de s\u00e9curit\u00e9 Combi-Line en bref (Mod\u00e8les jusqu\u2019en 2019)<\/h3>\n<p><a href=\"https:\/\/test.burgwaechterservice.de\/fr\/p\/coffres-forts\/combi-line-2\/\" target=\"_blank\" rel=\"noopener noreferrer\">Vous pouvez trouver les nouveaux coffres-forts Combi-Line ici!<\/a><\/p>\n<ul>\n<li>Homologation et supervision de la s\u00e9curit\u00e9 par l&#8217;ECB\u2022S et le VdS<\/li>\n<li>Niveau de s\u00e9curit\u00e9 S2 conforme \u00e0 la norme europ\u00e9enne EN 14450<\/li>\n<li>Niveau de s\u00e9curit\u00e9 B selon la norme VDMA 24992 de la f\u00e9d\u00e9ration du g\u00e9nie m\u00e9canique allemande, version de mai 1995<\/li>\n<li>R\u00e9sistance au feu LFS 30P conforme \u00e0 la norme europ\u00e9enne EN 15659<\/li>\n<li>Mat\u00e9riau ignifug\u00e9 conforme \u00e0 la norme allemande DIN 4102<\/li>\n<li>Plaque isolante plac\u00e9e devant le panneau de la porte coupe-feu comme une protection thermique pour les serrures et les m\u00e9canismes de verrouillage<\/li>\n<li>Construction \u00e0 double paroi<\/li>\n<li>Avec des charni\u00e8res log\u00e9es \u00e0 l&#8217;int\u00e9rieur<\/li>\n<li>Dispositif de verrouillage lat\u00e9ral par des p\u00eanes ronds solides de 25 mm de diam\u00e8tre et une barre coulissante massive situ\u00e9e au-dessus<\/li>\n<li>Rail de verrouillage continu du c\u00f4t\u00e9 charni\u00e8res<\/li>\n<li>Possibilit\u00e9s d&#8217;ancrage plac\u00e9es sur la paroi arri\u00e8re et dans le fond, deux trous plac\u00e9s en diagonale par surface<\/li>\n<li>Mat\u00e9riel de fixation inclus<\/li>\n<li>Couleur\u00a0: Corps gris fonc\u00e9, porte gris clair<\/li>\n<li>Livraison du mod\u00e8le S d\u00e9part usine, en g\u00e9n\u00e9ral avec deux cl\u00e9s<\/li>\n<li>Livraison standard comprenant une tablette<\/li>\n<\/ul>\n<p>Pour vos biens de valeur, procurez-vous la solution de rangement id\u00e9ale, et s\u00fbre avant toute chose, sous la forme d&#8217;une armoire de s\u00e9curit\u00e9 Combi-Line de BURG-W\u00c4CHTER et ne laissez aucune chance aux cambrioleurs et aux incendies\u00a0!<\/p>\n<p>&nbsp;<\/p>\n<table class=\"ausfuehrung\">\n<thead>\n<tr>\n<td>Article<\/td>\n<td>Ext\u00e9rieur H x L x P<\/td>\n<td>Int\u00e9rieur H x L x P<\/td>\n<td>Porte H x L<\/td>\n<td>Poids<\/td>\n<td>Volume<\/td>\n<\/tr>\n<\/thead>\n<tbody>\n<tr>\n<td class=\"subdesc\"><\/td>\n<td class=\"subdesc\">mm<\/td>\n<td class=\"subdesc\">mm<\/td>\n<td class=\"subdesc\">Ouverture mm<\/td>\n<td class=\"subdesc\">kg<\/td>\n<td class=\"subdesc\">l<\/td>\n<\/tr>\n<\/tbody>\n<tbody>\n<tr>\n<td>CL 10 S<\/td>\n<td>320 x 435 x 380<\/td>\n<td>205 x 320 x 232<\/td>\n<td>205 x 265<\/td>\n<td>44,0<\/td>\n<td>15,0<\/td>\n<\/tr>\n<tr>\n<td>CL 20 S<\/td>\n<td>360 x 495 x 445<\/td>\n<td>245 x 380 x 297<\/td>\n<td>245 x 325<\/td>\n<td>55,0<\/td>\n<td>27,0<\/td>\n<\/tr>\n<\/tbody>\n<tbody>\n<tr>\n<td>CL 40 S<\/td>\n<td>560 x 495 x 445<\/td>\n<td>445 x 380 x 297<\/td>\n<td>445 x 325<\/td>\n<td>77,0<\/td>\n<td>50,0<\/td>\n<\/tr>\n<tr>\n<td>CL 60 S<\/td>\n<td>820 x 495 x 445<\/td>\n<td>694 x 380 x 297<\/td>\n<td>694 x 324<\/td>\n<td>111,0<\/td>\n<td>78,0<\/td>\n<\/tr>\n<\/tbody>\n<\/table>\n","protected":false},"excerpt":{"rendered":"<p>L&#8217;armoire de s\u00e9curit\u00e9 Combi-Line en bref (Mod\u00e8les jusqu\u2019en 2019) Vous pouvez trouver les nouveaux coffres-forts Combi-Line ici! Homologation et supervision de la s\u00e9curit\u00e9 par l&#8217;ECB\u2022S et le VdS Niveau de s\u00e9curit\u00e9 S2 conforme \u00e0 la norme europ\u00e9enne EN 14450 Niveau &hellip; <a class=\"kt-excerpt-readmore\" href=\"https:\/\/test.burgwaechterservice.de\/fr\/p\/coffres-forts\/combi-line-s-old\/\" aria-label=\"CombiLine Version S\">Lire la suite<\/a><\/p>\n","protected":false},"featured_media":400727,"comment_status":"closed","ping_status":"closed","template":"","meta":[],"product_cat":[7991],"product_tag":[9],"yoast_head":"<!-- This site is optimized with the Yoast SEO Premium plugin v18.4 (Yoast SEO v19.13) - https:\/\/yoast.com\/wordpress\/plugins\/seo\/ -->\n<title>Combi-Line S - BURG-W\u00c4CHTER<\/title>\n<meta name=\"description\" content=\"L&#039;armoire de s\u00e9curit\u00e9 Combi-Line en bref (Mod\u00e8les jusqu\u2019en 2019) Vous pouvez trouver les nouveaux coffres-forts Combi-Line ici! Homologation et\" \/>\n<meta name=\"robots\" content=\"index, follow, max-snippet:-1, max-image-preview:large, max-video-preview:-1\" \/>\n<link rel=\"canonical\" href=\"https:\/\/test.burgwaechterservice.de\/fr\/p\/coffres-forts\/combi-line-s-old\/\" \/>\n<meta property=\"og:locale\" content=\"fr_FR\" \/>\n<meta property=\"og:type\" content=\"article\" \/>\n<meta property=\"og:title\" content=\"CombiLine Version S\" \/>\n<meta property=\"og:description\" content=\"L&#039;armoire de s\u00e9curit\u00e9 Combi-Line en bref (Mod\u00e8les jusqu\u2019en 2019) Vous pouvez trouver les nouveaux coffres-forts Combi-Line ici! Homologation et\" \/>\n<meta property=\"og:url\" content=\"https:\/\/test.burgwaechterservice.de\/fr\/p\/coffres-forts\/combi-line-s-old\/\" \/>\n<meta property=\"og:site_name\" content=\"Burg-W\u00e4chter France\" \/>\n<meta property=\"article:modified_time\" content=\"2022-01-17T07:46:57+00:00\" \/>\n<meta property=\"og:image\" content=\"https:\/\/test.burgwaechterservice.de\/fr\/wp-content\/uploads\/sites\/4\/2016\/06\/CL10_S_Button_FR.png\" \/>\n\t<meta property=\"og:image:width\" content=\"800\" \/>\n\t<meta property=\"og:image:height\" content=\"800\" \/>\n\t<meta property=\"og:image:type\" content=\"image\/png\" \/>\n<meta name=\"twitter:card\" content=\"summary_large_image\" \/>\n<meta name=\"twitter:label1\" content=\"Dur\u00e9e de lecture estim\u00e9e\" \/>\n\t<meta name=\"twitter:data1\" content=\"2 minutes\" \/>\n<!-- \/ Yoast SEO Premium plugin. -->","yoast_head_json":{"title":"Combi-Line S - BURG-W\u00c4CHTER","description":"L'armoire de s\u00e9curit\u00e9 Combi-Line en bref (Mod\u00e8les jusqu\u2019en 2019) Vous pouvez trouver les nouveaux coffres-forts Combi-Line ici! Homologation et","robots":{"index":"index","follow":"follow","max-snippet":"max-snippet:-1","max-image-preview":"max-image-preview:large","max-video-preview":"max-video-preview:-1"},"canonical":"https:\/\/test.burgwaechterservice.de\/fr\/p\/coffres-forts\/combi-line-s-old\/","og_locale":"fr_FR","og_type":"article","og_title":"CombiLine Version S","og_description":"L'armoire de s\u00e9curit\u00e9 Combi-Line en bref (Mod\u00e8les jusqu\u2019en 2019) Vous pouvez trouver les nouveaux coffres-forts Combi-Line ici! Homologation et","og_url":"https:\/\/test.burgwaechterservice.de\/fr\/p\/coffres-forts\/combi-line-s-old\/","og_site_name":"Burg-W\u00e4chter France","article_modified_time":"2022-01-17T07:46:57+00:00","og_image":[{"width":800,"height":800,"url":"https:\/\/test.burgwaechterservice.de\/fr\/wp-content\/uploads\/sites\/4\/2016\/06\/CL10_S_Button_FR.png","type":"image\/png"}],"twitter_card":"summary_large_image","twitter_misc":{"Dur\u00e9e de lecture estim\u00e9e":"2 minutes"},"schema":{"@context":"https:\/\/schema.org","@graph":[{"@type":"WebPage","@id":"https:\/\/test.burgwaechterservice.de\/fr\/p\/coffres-forts\/combi-line-s-old\/","url":"https:\/\/test.burgwaechterservice.de\/fr\/p\/coffres-forts\/combi-line-s-old\/","name":"Combi-Line S - BURG-W\u00c4CHTER","isPartOf":{"@id":"https:\/\/test.burgwaechterservice.de\/fr\/#website"},"datePublished":"2016-06-03T12:06:22+00:00","dateModified":"2022-01-17T07:46:57+00:00","description":"L'armoire de s\u00e9curit\u00e9 Combi-Line en bref (Mod\u00e8les jusqu\u2019en 2019) Vous pouvez trouver les nouveaux coffres-forts Combi-Line ici! Homologation et","breadcrumb":{"@id":"https:\/\/test.burgwaechterservice.de\/fr\/p\/coffres-forts\/combi-line-s-old\/#breadcrumb"},"inLanguage":"fr-FR","potentialAction":[{"@type":"ReadAction","target":["https:\/\/test.burgwaechterservice.de\/fr\/p\/coffres-forts\/combi-line-s-old\/"]}]},{"@type":"BreadcrumbList","@id":"https:\/\/test.burgwaechterservice.de\/fr\/p\/coffres-forts\/combi-line-s-old\/#breadcrumb","itemListElement":[{"@type":"ListItem","position":1,"name":"Accueil","item":"https:\/\/test.burgwaechterservice.de\/fr\/"},{"@type":"ListItem","position":2,"name":"Produits","item":"https:\/\/test.burgwaechterservice.de\/fr\/p\/"},{"@type":"ListItem","position":3,"name":"CombiLine Version S"}]},{"@type":"WebSite","@id":"https:\/\/test.burgwaechterservice.de\/fr\/#website","url":"https:\/\/test.burgwaechterservice.de\/fr\/","name":"Burg-W\u00e4chter France","description":"Le choix le plus s\u00fbr!","potentialAction":[{"@type":"SearchAction","target":{"@type":"EntryPoint","urlTemplate":"https:\/\/test.burgwaechterservice.de\/fr\/?s={search_term_string}"},"query-input":"required name=search_term_string"}],"inLanguage":"fr-FR"}]}},"_links":{"self":[{"href":"https:\/\/test.burgwaechterservice.de\/fr\/wp-json\/wp\/v2\/product\/8376"}],"collection":[{"href":"https:\/\/test.burgwaechterservice.de\/fr\/wp-json\/wp\/v2\/product"}],"about":[{"href":"https:\/\/test.burgwaechterservice.de\/fr\/wp-json\/wp\/v2\/types\/product"}],"replies":[{"embeddable":true,"href":"https:\/\/test.burgwaechterservice.de\/fr\/wp-json\/wp\/v2\/comments?post=8376"}],"wp:featuredmedia":[{"embeddable":true,"href":"https:\/\/test.burgwaechterservice.de\/fr\/wp-json\/wp\/v2\/media\/400727"}],"wp:attachment":[{"href":"https:\/\/test.burgwaechterservice.de\/fr\/wp-json\/wp\/v2\/media?parent=8376"}],"wp:term":[{"taxonomy":"product_cat","embeddable":true,"href":"https:\/\/test.burgwaechterservice.de\/fr\/wp-json\/wp\/v2\/product_cat?post=8376"},{"taxonomy":"product_tag","embeddable":true,"href":"https:\/\/test.burgwaechterservice.de\/fr\/wp-json\/wp\/v2\/product_tag?post=8376"}],"curies":[{"name":"wp","href":"https:\/\/api.w.org\/{rel}","templated":true}]}}