{"id":8368,"date":"2016-06-03T12:50:44","date_gmt":"2016-06-03T10:50:44","guid":{"rendered":"https:\/\/www.burg.biz\/?post_type=product&#038;p=8368"},"modified":"2022-01-17T08:25:13","modified_gmt":"2022-01-17T07:25:13","slug":"karat-version-e","status":"publish","type":"product","link":"https:\/\/test.burgwaechterservice.de\/fr\/p\/coffres-forts\/karat-version-e\/","title":{"rendered":"Karat Version E"},"content":{"rendered":"<h2>Armoire de s\u00e9curit\u00e9 \u00ab\u00a0Karat\u00a0\u00bb<\/h2>\n<h3>Vue d\u2019ensemble de la gamme Karat (ancienne version jusqu\u2019\u00e0 2019)<\/h3>\n<p><a href=\"https:\/\/test.burgwaechterservice.de\/fr\/p\/coffres-forts\/wertschutzschrank-karat\/\" target=\"_blank\" rel=\"noopener noreferrer\">Pour la nouvelle g\u00e9n\u00e9ration des coffres KARAT, c\u2018est ici !<\/a><\/p>\n<h3>Mod\u00e8le E<\/h3>\n<p><strong>Une protection des objets \u00e0 vingt-quatre carats\u00a0:<\/strong> Les armoires de s\u00e9curit\u00e9 \u00ab\u00a0Karat\u00a0\u00bb de BURG-W\u00c4CHTER sont extr\u00eamement robustes et offrent une r\u00e9sistance \u00e9lev\u00e9e contre l&#8217;effraction.<\/p>\n<h3>Un design qui \u00e9voque la r\u00e9sistance et offre une s\u00e9curit\u00e9 \u00e9lev\u00e9e<\/h3>\n<p>L&#8217;armoires de s\u00e9curit\u00e9 \u00ab\u00a0Karat\u00a0\u00bb est \u00e9quip\u00e9e de fa\u00e7on optimale contre le vol et <strong>complique consid\u00e9rablement les tentatives d&#8217;effraction.<\/strong> La structure du corps du coffre-fort est constitu\u00e9e d&#8217;une triple paroi avec un rev\u00eatement en acier inoxydable prot\u00e9g\u00e9 contre l&#8217;oxycoupage.<br \/>\nCon\u00e7u pour un ancrage au niveau de la paroi arri\u00e8re et du sol, il est possible de <strong>fixer<\/strong> le coffre-fort <strong>solidement au mur et au sol<\/strong> au moyen du mat\u00e9riel de fixation, ce qui apporte une r\u00e9sistance extr\u00eame contre l&#8217;arrachement. Un per\u00e7age central dans la paroi arri\u00e8re et au sol sont pr\u00e9vus pour le montage.<\/p>\n<p>Le \u00ab\u00a0Karat\u00a0\u00bb offre \u00e9galement une <strong>protection efficace contre le feu et la chaleur<\/strong> gr\u00e2ce \u00e0 son mat\u00e9riau coupe-feu selon la norme allemande DIN 4102-A1, ainsi que sa rainure anti-feu sur le pourtour du corps.<\/p>\n<h3>Design robuste pour r\u00e9sistance maximale aux effractions<\/h3>\n<p>La porte du coffre-fort poss\u00e8de une double paroi et la plaque frontale est constitu\u00e9e de 7mm d&#8217;acier mangan\u00e8se et poss\u00e8de une armature suppl\u00e9mentaire. Le verrouillage s&#8217;effectue sur trois points par des p\u00eanes rectangulaires solides. Les boulons de verrouillage situ\u00e9s en haut et en bas sont \u00e9quip\u00e9s de rouleaux en acier int\u00e9gr\u00e9s. Ce qui repr\u00e9sente une <strong>protection additionnelle extr\u00eamement efficace<\/strong> contre l\u2019oxycoupage, le forage et le d\u00e9foncement.<\/p>\n<p><strong>Votre atout s\u00e9curit\u00e9\u00a0:<\/strong> Le \u00ab\u00a0Karat\u00a0\u00bb dispose d&#8217;<strong>un syst\u00e8me de verrouillage de secours thermique<\/strong> avec une protection sp\u00e9ciale contre le d\u00e9foncement devant chaque boulon de verrouillage.<\/p>\n<h3>Serrure \u00e0 code \u00ab\u00a0SecuTronic\u00a0\u00bb contr\u00f4l\u00e9e par le VdS<\/h3>\n<p>La serrure \u00e0 code \u00e9lectronique \u00ab\u00a0SecuTronic\u00a0\u00bb offre v\u00e9ritablement 1 million de possibilit\u00e9s de programmation. Avec le syst\u00e8me intelligent de gestion des utilisateurs, il est possible de g\u00e9rer jusqu&#8217;\u00e0 dix codes utilisateurs \u00e0 six chiffres et, en option, jusqu&#8217;\u00e0 300 TSE E-Keys. En option, un logiciel de TSE sur PC permet de g\u00e9rer les noms d&#8217;utilisateur, les horaires et les droits d&#8217;acc\u00e8s, les fonctions de calendrier et bien d&#8217;autres param\u00e8tres. La serrure de ce coffre-fort de s\u00e9curit\u00e9 est <strong>contr\u00f4l\u00e9e par le VdS<\/strong> (cat\u00e9gorie 2) et <strong>certifi\u00e9e selon la norme europ\u00e9enne EN 1300 par l&#8217;ECB\u2022S<\/strong> (cat\u00e9gorie B). Vous pouvez <strong>ouvrir et fermer ais\u00e9ment<\/strong> le coffre-fort gr\u00e2ce \u00e0 votre code personnel \u00e0 6 chiffres. Deux piles sont comprises dans la livraison, afin que vous puissiez utiliser votre \u00ab\u00a0Karat\u00a0\u00bb le plus vite possible. Veuillez \u00e9galement noter que l&#8217;armature de la serrure d\u00e9passe de 16 mm.<\/p>\n<h3>Aper\u00e7u de l&#8217;homologation du \u00ab\u00a0Karat\u00a0\u00bb<\/h3>\n<ul>\n<li>Homologation et supervision de la s\u00e9curit\u00e9 par l&#8217;ECB\u2022S et le VdS<\/li>\n<li>Protection certifi\u00e9e contre l&#8217;effraction selon la norme europ\u00e9enne EN 1143-1, degr\u00e9 de r\u00e9sistance N<\/li>\n<li>Mat\u00e9riau ignifug\u00e9 conforme \u00e0 la norme DIN 4102-A1<\/li>\n<\/ul>\n<h3>Utilisation optimale de l&#8217;int\u00e9rieur<\/h3>\n<p>Le corps au design fusel\u00e9 permet une utilisation optimale de l&#8217;int\u00e9rieur. Une tablette r\u00e9glable contribue \u00e0 l&#8217;<strong>organisation optimale de vos objets de valeur.<\/strong> Le \u00ab\u00a0Karat\u00a0\u00bb convient \u00e9galement au stockage responsable de plus de dix armes de poing de petit calibre, avec munitions.<br \/>\nLe \u00ab\u00a0Karat\u00a0\u00bb s\u00e9duit aussi par son aspect\u00a0: Le vernis couleur gris platine apporte une note \u00e9l\u00e9gante et intemporelle.<\/p>\n<h3>Aper\u00e7u de l&#8217;armoire de s\u00e9curit\u00e9 \u00ab\u00a0Karat\u00a0\u00bb<\/h3>\n<ul>\n<li>Homologation et supervision de la s\u00e9curit\u00e9 par l&#8217;ECB\u2022S et le VdS<\/li>\n<li>Protection certifi\u00e9e contre les incendies, l&#8217;effraction selon la norme europ\u00e9enne EN 1143-1, degr\u00e9 de r\u00e9sistance N<\/li>\n<li>Protection \u00e9lev\u00e9e des objets de valeur<\/li>\n<li>Mat\u00e9riau ignifug\u00e9 conforme \u00e0 la norme allemande DIN 4102-A1, corps avec rainure anti-feu<\/li>\n<li>Corps avec triple paroi, ext\u00e9rieur en acier inoxydable prot\u00e9g\u00e9 contre l&#8217;oxycoupage<\/li>\n<li>Porte avec double paroi avec armature suppl\u00e9mentaire, plaque frontale de la porte en acier mangan\u00e8se d&#8217;une \u00e9paisseur de 7 mm<\/li>\n<li>Avec serrure blind\u00e9e<\/li>\n<li>Verrouillage sur 3 points par des p\u00eanes rectangulaires solides, boulons de verrouillage en haut et en bas avec rouleaux int\u00e9gr\u00e9s en acier \u2013 haute protection suppl\u00e9mentaire contre l&#8217;oxycoupage, le forage et le d\u00e9foncement<\/li>\n<li>Rail de verrouillage continu du c\u00f4t\u00e9 charni\u00e8res<\/li>\n<li>Con\u00e7u pour une fixation au mur et au sol, avec mat\u00e9riel de\u00a0fixation \u2013 haute r\u00e9sistance, 1 per\u00e7age central au fond\u00a0et au sol<\/li>\n<li>Profondeur pour classeurs, une tablette r\u00e9glable<\/li>\n<li>Vernis\u00a0:\u00a0gris platine<\/li>\n<\/ul>\n<p>&nbsp;<\/p>\n<table class=\"ausfuehrung\">\n<thead>\n<tr>\n<td>Article<\/td>\n<td>Ext\u00e9rieur H x L x P<\/td>\n<td>Int\u00e9rieur H x L x P<\/td>\n<td>Porte H x L<\/td>\n<td>Poids<\/td>\n<td>Volume<\/td>\n<\/tr>\n<\/thead>\n<tbody>\n<tr>\n<td class=\"subdesc\"><\/td>\n<td class=\"subdesc\">mm<\/td>\n<td class=\"subdesc\">mm<\/td>\n<td class=\"subdesc\">Ouverture\u00a0mm<\/td>\n<td class=\"subdesc\">kg<\/td>\n<td class=\"subdesc\">\u00a0l<\/td>\n<\/tr>\n<\/tbody>\n<tbody>\n<tr>\n<td>MT 24 N E<\/td>\n<td>340 x 430 x 390<\/td>\n<td>250 x 348 x 294<\/td>\n<td>250 x 336<\/td>\n<td>48,0<\/td>\n<td>25,8<\/td>\n<\/tr>\n<tr>\n<td>MT 26 N E<\/td>\n<td>530 x 430 x 390<\/td>\n<td>440 x 348 x 294<\/td>\n<td>440 x 336<\/td>\n<td>67,0<\/td>\n<td>45,3<\/td>\n<\/tr>\n<\/tbody>\n<\/table>\n<h3><\/h3>\n<div class=\"produktvergleich\"><\/div>\n","protected":false},"excerpt":{"rendered":"<p>Armoire de s\u00e9curit\u00e9 \u00ab\u00a0Karat\u00a0\u00bb Vue d\u2019ensemble de la gamme Karat (ancienne version jusqu\u2019\u00e0 2019) Pour la nouvelle g\u00e9n\u00e9ration des coffres KARAT, c\u2018est ici ! Mod\u00e8le E Une protection des objets \u00e0 vingt-quatre carats\u00a0: Les armoires de s\u00e9curit\u00e9 \u00ab\u00a0Karat\u00a0\u00bb de BURG-W\u00c4CHTER &hellip; <a class=\"kt-excerpt-readmore\" href=\"https:\/\/test.burgwaechterservice.de\/fr\/p\/coffres-forts\/karat-version-e\/\" aria-label=\"Karat Version E\">Lire la suite<\/a><\/p>\n","protected":false},"featured_media":427405,"comment_status":"closed","ping_status":"closed","template":"","meta":[],"product_cat":[7991],"product_tag":[17],"yoast_head":"<!-- This site is optimized with the Yoast SEO Premium plugin v18.4 (Yoast SEO v19.13) - https:\/\/yoast.com\/wordpress\/plugins\/seo\/ -->\n<title>Karat Version E - BURG-W\u00c4CHTER<\/title>\n<meta name=\"description\" content=\"Armoire de s\u00e9curit\u00e9 \u00ab\u00a0Karat\u00a0\u00bb Vue d\u2019ensemble de la gamme Karat (ancienne version jusqu\u2019\u00e0 2019) Pour la nouvelle g\u00e9n\u00e9ration des coffres KARAT, c\u2018est ici !\" \/>\n<meta name=\"robots\" content=\"index, follow, max-snippet:-1, max-image-preview:large, max-video-preview:-1\" \/>\n<link rel=\"canonical\" href=\"https:\/\/test.burgwaechterservice.de\/fr\/p\/coffres-forts\/karat-version-e\/\" \/>\n<meta property=\"og:locale\" content=\"fr_FR\" \/>\n<meta property=\"og:type\" content=\"article\" \/>\n<meta property=\"og:title\" content=\"Karat Version E\" \/>\n<meta property=\"og:description\" content=\"Armoire de s\u00e9curit\u00e9 \u00ab\u00a0Karat\u00a0\u00bb Vue d\u2019ensemble de la gamme Karat (ancienne version jusqu\u2019\u00e0 2019) Pour la nouvelle g\u00e9n\u00e9ration des coffres KARAT, c\u2018est ici !\" \/>\n<meta property=\"og:url\" content=\"https:\/\/test.burgwaechterservice.de\/fr\/p\/coffres-forts\/karat-version-e\/\" \/>\n<meta property=\"og:site_name\" content=\"Burg-W\u00e4chter France\" \/>\n<meta property=\"article:modified_time\" content=\"2022-01-17T07:25:13+00:00\" \/>\n<meta property=\"og:image\" content=\"https:\/\/test.burgwaechterservice.de\/fr\/wp-content\/uploads\/sites\/4\/2016\/06\/Karat_E.png\" \/>\n\t<meta property=\"og:image:width\" content=\"1000\" \/>\n\t<meta property=\"og:image:height\" content=\"1000\" \/>\n\t<meta property=\"og:image:type\" content=\"image\/png\" \/>\n<meta name=\"twitter:card\" content=\"summary_large_image\" \/>\n<meta name=\"twitter:label1\" content=\"Dur\u00e9e de lecture estim\u00e9e\" \/>\n\t<meta name=\"twitter:data1\" content=\"4 minutes\" \/>\n<!-- \/ Yoast SEO Premium plugin. -->","yoast_head_json":{"title":"Karat Version E - BURG-W\u00c4CHTER","description":"Armoire de s\u00e9curit\u00e9 \u00ab\u00a0Karat\u00a0\u00bb Vue d\u2019ensemble de la gamme Karat (ancienne version jusqu\u2019\u00e0 2019) Pour la nouvelle g\u00e9n\u00e9ration des coffres KARAT, c\u2018est ici !","robots":{"index":"index","follow":"follow","max-snippet":"max-snippet:-1","max-image-preview":"max-image-preview:large","max-video-preview":"max-video-preview:-1"},"canonical":"https:\/\/test.burgwaechterservice.de\/fr\/p\/coffres-forts\/karat-version-e\/","og_locale":"fr_FR","og_type":"article","og_title":"Karat Version E","og_description":"Armoire de s\u00e9curit\u00e9 \u00ab\u00a0Karat\u00a0\u00bb Vue d\u2019ensemble de la gamme Karat (ancienne version jusqu\u2019\u00e0 2019) Pour la nouvelle g\u00e9n\u00e9ration des coffres KARAT, c\u2018est ici !","og_url":"https:\/\/test.burgwaechterservice.de\/fr\/p\/coffres-forts\/karat-version-e\/","og_site_name":"Burg-W\u00e4chter France","article_modified_time":"2022-01-17T07:25:13+00:00","og_image":[{"width":1000,"height":1000,"url":"https:\/\/test.burgwaechterservice.de\/fr\/wp-content\/uploads\/sites\/4\/2016\/06\/Karat_E.png","type":"image\/png"}],"twitter_card":"summary_large_image","twitter_misc":{"Dur\u00e9e de lecture estim\u00e9e":"4 minutes"},"schema":{"@context":"https:\/\/schema.org","@graph":[{"@type":"WebPage","@id":"https:\/\/test.burgwaechterservice.de\/fr\/p\/coffres-forts\/karat-version-e\/","url":"https:\/\/test.burgwaechterservice.de\/fr\/p\/coffres-forts\/karat-version-e\/","name":"Karat Version E - BURG-W\u00c4CHTER","isPartOf":{"@id":"https:\/\/test.burgwaechterservice.de\/fr\/#website"},"datePublished":"2016-06-03T10:50:44+00:00","dateModified":"2022-01-17T07:25:13+00:00","description":"Armoire de s\u00e9curit\u00e9 \u00ab\u00a0Karat\u00a0\u00bb Vue d\u2019ensemble de la gamme Karat (ancienne version jusqu\u2019\u00e0 2019) Pour la nouvelle g\u00e9n\u00e9ration des coffres KARAT, c\u2018est ici !","breadcrumb":{"@id":"https:\/\/test.burgwaechterservice.de\/fr\/p\/coffres-forts\/karat-version-e\/#breadcrumb"},"inLanguage":"fr-FR","potentialAction":[{"@type":"ReadAction","target":["https:\/\/test.burgwaechterservice.de\/fr\/p\/coffres-forts\/karat-version-e\/"]}]},{"@type":"BreadcrumbList","@id":"https:\/\/test.burgwaechterservice.de\/fr\/p\/coffres-forts\/karat-version-e\/#breadcrumb","itemListElement":[{"@type":"ListItem","position":1,"name":"Accueil","item":"https:\/\/test.burgwaechterservice.de\/fr\/"},{"@type":"ListItem","position":2,"name":"Produits","item":"https:\/\/test.burgwaechterservice.de\/fr\/p\/"},{"@type":"ListItem","position":3,"name":"Karat Version E"}]},{"@type":"WebSite","@id":"https:\/\/test.burgwaechterservice.de\/fr\/#website","url":"https:\/\/test.burgwaechterservice.de\/fr\/","name":"Burg-W\u00e4chter France","description":"Le choix le plus s\u00fbr!","potentialAction":[{"@type":"SearchAction","target":{"@type":"EntryPoint","urlTemplate":"https:\/\/test.burgwaechterservice.de\/fr\/?s={search_term_string}"},"query-input":"required name=search_term_string"}],"inLanguage":"fr-FR"}]}},"_links":{"self":[{"href":"https:\/\/test.burgwaechterservice.de\/fr\/wp-json\/wp\/v2\/product\/8368"}],"collection":[{"href":"https:\/\/test.burgwaechterservice.de\/fr\/wp-json\/wp\/v2\/product"}],"about":[{"href":"https:\/\/test.burgwaechterservice.de\/fr\/wp-json\/wp\/v2\/types\/product"}],"replies":[{"embeddable":true,"href":"https:\/\/test.burgwaechterservice.de\/fr\/wp-json\/wp\/v2\/comments?post=8368"}],"wp:featuredmedia":[{"embeddable":true,"href":"https:\/\/test.burgwaechterservice.de\/fr\/wp-json\/wp\/v2\/media\/427405"}],"wp:attachment":[{"href":"https:\/\/test.burgwaechterservice.de\/fr\/wp-json\/wp\/v2\/media?parent=8368"}],"wp:term":[{"taxonomy":"product_cat","embeddable":true,"href":"https:\/\/test.burgwaechterservice.de\/fr\/wp-json\/wp\/v2\/product_cat?post=8368"},{"taxonomy":"product_tag","embeddable":true,"href":"https:\/\/test.burgwaechterservice.de\/fr\/wp-json\/wp\/v2\/product_tag?post=8368"}],"curies":[{"name":"wp","href":"https:\/\/api.w.org\/{rel}","templated":true}]}}