{"id":8355,"date":"2016-06-03T11:59:06","date_gmt":"2016-06-03T09:59:06","guid":{"rendered":"https:\/\/www.burg.biz\/?post_type=product&#038;p=8355"},"modified":"2022-01-17T08:32:20","modified_gmt":"2022-01-17T07:32:20","slug":"diplomat-e","status":"publish","type":"product","link":"https:\/\/test.burgwaechterservice.de\/fr\/p\/coffres-forts\/diplomat-e\/","title":{"rendered":"Diplomat Version E"},"content":{"rendered":"<h2>Armoire de s\u00e9curit\u00e9 Diplomat<\/h2>\n<h3>Vue d\u2019ensemble de la gamme DIPLOMAT (ancienne version jusqu\u2019\u00e0 2019)<\/h3>\n<p><a href=\"https:\/\/test.burgwaechterservice.de\/fr\/p\/coffres-forts\/coffre-fort-diplomat-mtd\/\" target=\"_blank\" rel=\"noopener noreferrer\">Pour la nouvelle g\u00e9n\u00e9ration des coffres DIPLOMAT, c\u2018est ici !<\/a><\/p>\n<h3>Mod\u00e8le E<\/h3>\n<p><strong>Verrouiller les risques \u00e0 double tour\u00a0:<\/strong> L&#8217;armoire de s\u00e9curit\u00e9 \u00ab\u00a0Diplomat\u00a0\u00bb de BURG-W\u00c4CHTER offre plus qu&#8217;un simple espace de stockage s\u00e9curis\u00e9 pour vos objets de valeur\u00a0: Elle offre une protection suppl\u00e9mentaire contre les incendies. Ainsi, non seulement vos objets de valeur sont prot\u00e9g\u00e9s du mieux possible contre le vol, mais aussi contre le feu et la chaleur.<br \/>\nAvec le \u00ab\u00a0Diplomat\u00a0\u00bb, homologu\u00e9 et certifi\u00e9 par l&#8217;ECB\u2022S et le VdS, et dot\u00e9 de la protection certifi\u00e9e contre l&#8217;effraction conforme \u00e0 la norme europ\u00e9enne EN 1143-1, vous parez en permanence \u00e0 toute les \u00e9ventualit\u00e9s.<\/p>\n<h3>Protection certifi\u00e9e contre le feu et la chaleur<\/h3>\n<p>Le \u00ab\u00a0Diplomat\u00a0\u00bb est dot\u00e9 d&#8217;une protection certifi\u00e9e contre le feu, selon la norme europ\u00e9enne EN 15659, ce qui garantit ainsi que les documents sont prot\u00e9g\u00e9s pendant 60 minutes maximum. La paroi du corps du coffre-fort contient un <strong>isolant thermique sp\u00e9cial anti-feu.<\/strong> Le <strong>syst\u00e8me sp\u00e9cial d&#8217;isolation thermique <\/strong>utilis\u00e9 dans le corps par les experts en coffres-forts de BURG-W\u00c4CHTER, ainsi que l&#8217;important calfeutrage des fentes de la porte au moyen d&#8217;un mat\u00e9riau d&#8217;\u00e9tanch\u00e9it\u00e9 intumescent, prot\u00e8ge efficacement le contenu.<\/p>\n<h3>S\u00e9curit\u00e9 certifi\u00e9e avec le \u00ab\u00a0Diplomat\u00a0\u00bb<\/h3>\n<ul>\n<li>Homologation et supervision de la s\u00e9curit\u00e9 par l&#8217;ECB\u2022S et le VdS<\/li>\n<li>R\u00e9sistance au feu LFS 60 P<\/li>\n<li>Protection certifi\u00e9e contre l&#8217;effraction selon la norme europ\u00e9enne EN 1143-1<\/li>\n<li>Protection certifi\u00e9e anti-feu selon la norme europ\u00e9enne EN 15659 (r\u00e9vision 2009),<br \/>\nProtection anti-feu de 60 minutes pour les documents papiers<\/li>\n<li>Convient au stockage commun d&#8217;armes et de munitions selon l&#8217;article 36 de la loi allemande sur les armes<\/li>\n<\/ul>\n<p>Serrure \u00e0 code \u00ab\u00a0SecuTronic\u00a0\u00bb contr\u00f4l\u00e9e par le VdS avec module de lecteur d&#8217;empreintes digitales<br \/>\nNotre syst\u00e8me unique de serrure \u00e9lectronique \u00e0 code programmable \u00ab\u00a0SecuTronic\u00a0\u00bb est install\u00e9 de s\u00e9rie avec un lecteur d&#8217;empreintes digitales int\u00e9gr\u00e9. Il s&#8217;agit ainsi d&#8217;une solution extr\u00eamement rapide, confortable et s\u00fbre destin\u00e9e \u00e0 tous ceux qui ne souhaitent pas avoir une cl\u00e9 sur eux.<br \/>\nVous devez commencer par programmer\/scanner deux doigts avant de pouvoir ouvrir le coffre-fort avec le lecteur d&#8217;empreintes digitales. Cette technique d&#8217;authentification est extr\u00eamement pr\u00e9cise, rapide et fiable. Le lecteur d&#8217;empreintes digitales dispose \u00e9galement du syst\u00e8me <strong>\u00ab\u00a0Fake Finger Detection\u00a0\u00bb<\/strong> permettant de distinguer les v\u00e9ritables doigts des doigts factices lors de l&#8217;identification, ce qui <strong>apporte une protection optimale contre toute manipulation<\/strong>.<\/p>\n<p>La serrure \u00e9lectronique est <strong>certifi\u00e9e par le VdS<\/strong> (cat\u00e9gorie 2) et offre v\u00e9ritablement un million de possibilit\u00e9s de programmation. Avec le syst\u00e8me intelligent de gestion des utilisateurs, il est possible de g\u00e9rer jusqu&#8217;\u00e0 dix codes utilisateurs \u00e0 six chiffres, 20 empreintes digitales et, en option, jusqu&#8217;\u00e0 300 TSE E-Keys. En option, un logiciel de TSE sur PC permet de g\u00e9rer les noms d&#8217;utilisateur, les horaires et les droits d&#8217;acc\u00e8s, les fonctions de calendrier et bien d&#8217;autres param\u00e8tres.<br \/>\nLe mod\u00e8le \u00ab\u00a0Diplomat\u00a0\u00bb est livr\u00e9 avec deux piles afin que vous puissiez utiliser im\u00e9diatement votre armoire de s\u00e9curit\u00e9.<br \/>\nVeuillez noter en plus que l&#8217;armature de la serrure d\u00e9passe de 27 mm.<\/p>\n<p><strong>Votre avantage s\u00e9curit\u00e9\u00a0:<\/strong> Le \u00ab\u00a0Diplomat\u00a0\u00bb dispose de <strong>deux syst\u00e8mes de verrouillage de secours non-r\u00e9initialisables.<\/strong><\/p>\n<h3>Design robuste pour r\u00e9sistance maximale aux effractions<\/h3>\n<p>Le \u00ab\u00a0Diplomat\u00a0\u00bb est <strong>extr\u00eamement r\u00e9sistant <\/strong>gr\u00e2ce \u00e0 son corps \u00e0 triple paroi. La porte du coffre-fort est dot\u00e9e d&#8217;une quadruple paroi, avec ses paumelles int\u00e9gr\u00e9es, et se verrouille sur 4 points par des p\u00eanes rectangulaires solides. Une tentative d&#8217;effraction est ainsi rendue consid\u00e9rablement plus difficile. La serrure et les p\u00eanes ronds <strong>sont prot\u00e9g\u00e9s par une importante armature.<\/strong><br \/>\nCon\u00e7u pour un ancrage au mur et au sol, le \u00ab\u00a0Diplomat\u00a0\u00bb peut \u00eatre mont\u00e9 en toute s\u00e9curit\u00e9 au moyen du mat\u00e9riel de montage fourni dans la livraison.<\/p>\n<h3>Utilisation optimale de l&#8217;int\u00e9rieur<\/h3>\n<p>La faible profondeur totale et le corps au design fusel\u00e9 permettent une utilisation optimale de l&#8217;int\u00e9rieur. En fonction de la taille, une ou deux tablettes amovibles permettent <strong>l&#8217;organisation optimale de vos objets de valeurs.<\/strong> Le \u00ab\u00a0Diplomat\u00a0\u00bb convient \u00e9galement au stockage responsable de plus de dix armes de poing de petit calibre, avec ou sans munitions. Mais le \u00ab\u00a0Diplomat\u00a0\u00bb marque aussi des points par son aspect\u00a0: Le <strong>vernis<\/strong> argent m\u00e9tallis\u00e9<strong> apporte une note \u00e9l\u00e9gante et classique.<\/strong> Nuances sp\u00e9ciales de vernis disponibles sur demande.<\/p>\n<h3>L&#8217;armoire de s\u00e9curit\u00e9 \u00ab\u00a0Diplomat\u00a0\u00bb en bref<\/h3>\n<ul>\n<li>Coffre-fort ignifug\u00e9\u00a0: Corps \u00e0 triple paroi, la paroi du corps du coffre-fort contient un isolant thermique sp\u00e9cial anti-feu<\/li>\n<li>Isolation thermique sp\u00e9ciale de BURG-W\u00c4CHTER int\u00e9gr\u00e9e dans le corps et la porte par construction\u00a0FPC (Fire Protection Concrete)<\/li>\n<li>Construction sp\u00e9ciale de la cloison arri\u00e8re avec armature suppl\u00e9mentaire. Avantage\u00a0:\u00a0profondeur totale r\u00e9duite gr\u00e2ce \u00e0 une structure d&#8217;ensemble fusel\u00e9e<\/li>\n<li>Utilisation optimale de l&#8217;int\u00e9rieur gr\u00e2ce \u00e0 une structure fusel\u00e9e du corps et de la porte<\/li>\n<li>Porte avec ferrures rentrantes, quadruple paroi<\/li>\n<li>Important blindage devant serrures et boulons de verrouillage<\/li>\n<li>Verrouillage solide 4 points avec des p\u00eanes ronds solides<\/li>\n<li>Paumelles sp\u00e9ciales rentrantes et cach\u00e9es \u2013 bien galb\u00e9es<\/li>\n<li>Important calfeutrage des fentes de la porte au moyen d&#8217;un mat\u00e9riau d&#8217;\u00e9tanch\u00e9it\u00e9 intumescent<\/li>\n<li>\u00c9quip\u00e9 de s\u00e9rie pour ancrage au mur et au sol, avec mat\u00e9riel de fixation<\/li>\n<li>Profondeur pour classeurs<\/li>\n<li>Tablette r\u00e9glable (MTD 34 + 35 avec une tablette, MTD 36 + 38 avec deux tablettes)<\/li>\n<\/ul>\n<p>Vernis\u00a0: argent m\u00e9tallis\u00e9, nuances sp\u00e9ciales sur demande<\/p>\n<p>&nbsp;<\/p>\n<table class=\"ausfuehrung\">\n<thead>\n<tr>\n<td>Article<\/td>\n<td>Ext\u00e9rieur H x L x P<\/td>\n<td>Int\u00e9rieur H x L x P<\/td>\n<td>Porte H x L<\/td>\n<td>Poids<\/td>\n<td>Volume<\/td>\n<\/tr>\n<\/thead>\n<tbody>\n<tr>\n<td class=\"subdesc\"><\/td>\n<td class=\"subdesc\">mm<\/td>\n<td class=\"subdesc\">mm<\/td>\n<td class=\"subdesc\">Ouverture mm<\/td>\n<td class=\"subdesc\">kg<\/td>\n<td class=\"subdesc\">\u00a0l<\/td>\n<\/tr>\n<\/tbody>\n<tbody>\n<tr>\n<td>MTD 34 F60 E<\/td>\n<td>380 x 500 x 462<\/td>\n<td>255 x 372 x 300<\/td>\n<td>255 x 337<\/td>\n<td>92<\/td>\n<td>28,3<\/td>\n<\/tr>\n<tr>\n<td>MTD 35 F60 E<\/td>\n<td>470 x 500 x 462<\/td>\n<td>345 x 372 x 300<\/td>\n<td>345 x 337<\/td>\n<td>104<\/td>\n<td>38,5<\/td>\n<\/tr>\n<\/tbody>\n<tbody>\n<tr>\n<td>MTD 36 F60 E<\/td>\n<td>625 x 500 x 462<\/td>\n<td>500 x 372 x 300<\/td>\n<td>500 x 337<\/td>\n<td>132<\/td>\n<td>55,8<\/td>\n<\/tr>\n<tr>\n<td>MTD 38 F60 E<\/td>\n<td>985 x 500 x 462<\/td>\n<td>860 x 372 x 300<\/td>\n<td>860 x 337<\/td>\n<td>186<\/td>\n<td>96,0<\/td>\n<\/tr>\n<\/tbody>\n<\/table>\n<h3><\/h3>\n<div class=\"produktvergleich\"><\/div>\n","protected":false},"excerpt":{"rendered":"<p>Armoire de s\u00e9curit\u00e9 Diplomat Vue d\u2019ensemble de la gamme DIPLOMAT (ancienne version jusqu\u2019\u00e0 2019) Pour la nouvelle g\u00e9n\u00e9ration des coffres DIPLOMAT, c\u2018est ici ! Mod\u00e8le E Verrouiller les risques \u00e0 double tour\u00a0: L&#8217;armoire de s\u00e9curit\u00e9 \u00ab\u00a0Diplomat\u00a0\u00bb de BURG-W\u00c4CHTER offre plus &hellip; <a class=\"kt-excerpt-readmore\" href=\"https:\/\/test.burgwaechterservice.de\/fr\/p\/coffres-forts\/diplomat-e\/\" aria-label=\"Diplomat Version E\">Lire la suite<\/a><\/p>\n","protected":false},"featured_media":422957,"comment_status":"closed","ping_status":"closed","template":"","meta":[],"product_cat":[7991],"product_tag":[10],"yoast_head":"<!-- This site is optimized with the Yoast SEO Premium plugin v18.4 (Yoast SEO v19.13) - https:\/\/yoast.com\/wordpress\/plugins\/seo\/ -->\n<title>Diplomat Version E - BURG-W\u00c4CHTER<\/title>\n<meta name=\"description\" content=\"Armoire de s\u00e9curit\u00e9 Diplomat Vue d\u2019ensemble de la gamme DIPLOMAT (ancienne version jusqu\u2019\u00e0 2019) Pour la nouvelle g\u00e9n\u00e9ration des coffres DIPLOMAT, c\u2018est\" \/>\n<meta name=\"robots\" content=\"index, follow, max-snippet:-1, max-image-preview:large, max-video-preview:-1\" \/>\n<link rel=\"canonical\" href=\"https:\/\/test.burgwaechterservice.de\/fr\/p\/coffres-forts\/diplomat-e\/\" \/>\n<meta property=\"og:locale\" content=\"fr_FR\" \/>\n<meta property=\"og:type\" content=\"article\" \/>\n<meta property=\"og:title\" content=\"Diplomat Version E\" \/>\n<meta property=\"og:description\" content=\"Armoire de s\u00e9curit\u00e9 Diplomat Vue d\u2019ensemble de la gamme DIPLOMAT (ancienne version jusqu\u2019\u00e0 2019) Pour la nouvelle g\u00e9n\u00e9ration des coffres DIPLOMAT, c\u2018est\" \/>\n<meta property=\"og:url\" content=\"https:\/\/test.burgwaechterservice.de\/fr\/p\/coffres-forts\/diplomat-e\/\" \/>\n<meta property=\"og:site_name\" content=\"Burg-W\u00e4chter France\" \/>\n<meta property=\"article:modified_time\" content=\"2022-01-17T07:32:20+00:00\" \/>\n<meta property=\"og:image\" content=\"https:\/\/test.burgwaechterservice.de\/fr\/wp-content\/uploads\/sites\/4\/2016\/06\/Diplomat-E.png\" \/>\n\t<meta property=\"og:image:width\" content=\"1000\" \/>\n\t<meta property=\"og:image:height\" content=\"1000\" \/>\n\t<meta property=\"og:image:type\" content=\"image\/png\" \/>\n<meta name=\"twitter:card\" content=\"summary_large_image\" \/>\n<meta name=\"twitter:label1\" content=\"Dur\u00e9e de lecture estim\u00e9e\" \/>\n\t<meta name=\"twitter:data1\" content=\"5 minutes\" \/>\n<!-- \/ Yoast SEO Premium plugin. -->","yoast_head_json":{"title":"Diplomat Version E - BURG-W\u00c4CHTER","description":"Armoire de s\u00e9curit\u00e9 Diplomat Vue d\u2019ensemble de la gamme DIPLOMAT (ancienne version jusqu\u2019\u00e0 2019) Pour la nouvelle g\u00e9n\u00e9ration des coffres DIPLOMAT, c\u2018est","robots":{"index":"index","follow":"follow","max-snippet":"max-snippet:-1","max-image-preview":"max-image-preview:large","max-video-preview":"max-video-preview:-1"},"canonical":"https:\/\/test.burgwaechterservice.de\/fr\/p\/coffres-forts\/diplomat-e\/","og_locale":"fr_FR","og_type":"article","og_title":"Diplomat Version E","og_description":"Armoire de s\u00e9curit\u00e9 Diplomat Vue d\u2019ensemble de la gamme DIPLOMAT (ancienne version jusqu\u2019\u00e0 2019) Pour la nouvelle g\u00e9n\u00e9ration des coffres DIPLOMAT, c\u2018est","og_url":"https:\/\/test.burgwaechterservice.de\/fr\/p\/coffres-forts\/diplomat-e\/","og_site_name":"Burg-W\u00e4chter France","article_modified_time":"2022-01-17T07:32:20+00:00","og_image":[{"width":1000,"height":1000,"url":"https:\/\/test.burgwaechterservice.de\/fr\/wp-content\/uploads\/sites\/4\/2016\/06\/Diplomat-E.png","type":"image\/png"}],"twitter_card":"summary_large_image","twitter_misc":{"Dur\u00e9e de lecture estim\u00e9e":"5 minutes"},"schema":{"@context":"https:\/\/schema.org","@graph":[{"@type":"WebPage","@id":"https:\/\/test.burgwaechterservice.de\/fr\/p\/coffres-forts\/diplomat-e\/","url":"https:\/\/test.burgwaechterservice.de\/fr\/p\/coffres-forts\/diplomat-e\/","name":"Diplomat Version E - BURG-W\u00c4CHTER","isPartOf":{"@id":"https:\/\/test.burgwaechterservice.de\/fr\/#website"},"datePublished":"2016-06-03T09:59:06+00:00","dateModified":"2022-01-17T07:32:20+00:00","description":"Armoire de s\u00e9curit\u00e9 Diplomat Vue d\u2019ensemble de la gamme DIPLOMAT (ancienne version jusqu\u2019\u00e0 2019) Pour la nouvelle g\u00e9n\u00e9ration des coffres DIPLOMAT, c\u2018est","breadcrumb":{"@id":"https:\/\/test.burgwaechterservice.de\/fr\/p\/coffres-forts\/diplomat-e\/#breadcrumb"},"inLanguage":"fr-FR","potentialAction":[{"@type":"ReadAction","target":["https:\/\/test.burgwaechterservice.de\/fr\/p\/coffres-forts\/diplomat-e\/"]}]},{"@type":"BreadcrumbList","@id":"https:\/\/test.burgwaechterservice.de\/fr\/p\/coffres-forts\/diplomat-e\/#breadcrumb","itemListElement":[{"@type":"ListItem","position":1,"name":"Accueil","item":"https:\/\/test.burgwaechterservice.de\/fr\/"},{"@type":"ListItem","position":2,"name":"Produits","item":"https:\/\/test.burgwaechterservice.de\/fr\/p\/"},{"@type":"ListItem","position":3,"name":"Diplomat Version E"}]},{"@type":"WebSite","@id":"https:\/\/test.burgwaechterservice.de\/fr\/#website","url":"https:\/\/test.burgwaechterservice.de\/fr\/","name":"Burg-W\u00e4chter France","description":"Le choix le plus s\u00fbr!","potentialAction":[{"@type":"SearchAction","target":{"@type":"EntryPoint","urlTemplate":"https:\/\/test.burgwaechterservice.de\/fr\/?s={search_term_string}"},"query-input":"required name=search_term_string"}],"inLanguage":"fr-FR"}]}},"_links":{"self":[{"href":"https:\/\/test.burgwaechterservice.de\/fr\/wp-json\/wp\/v2\/product\/8355"}],"collection":[{"href":"https:\/\/test.burgwaechterservice.de\/fr\/wp-json\/wp\/v2\/product"}],"about":[{"href":"https:\/\/test.burgwaechterservice.de\/fr\/wp-json\/wp\/v2\/types\/product"}],"replies":[{"embeddable":true,"href":"https:\/\/test.burgwaechterservice.de\/fr\/wp-json\/wp\/v2\/comments?post=8355"}],"wp:featuredmedia":[{"embeddable":true,"href":"https:\/\/test.burgwaechterservice.de\/fr\/wp-json\/wp\/v2\/media\/422957"}],"wp:attachment":[{"href":"https:\/\/test.burgwaechterservice.de\/fr\/wp-json\/wp\/v2\/media?parent=8355"}],"wp:term":[{"taxonomy":"product_cat","embeddable":true,"href":"https:\/\/test.burgwaechterservice.de\/fr\/wp-json\/wp\/v2\/product_cat?post=8355"},{"taxonomy":"product_tag","embeddable":true,"href":"https:\/\/test.burgwaechterservice.de\/fr\/wp-json\/wp\/v2\/product_tag?post=8355"}],"curies":[{"name":"wp","href":"https:\/\/api.w.org\/{rel}","templated":true}]}}