{"id":618506,"date":"2022-03-21T10:29:57","date_gmt":"2022-03-21T09:29:57","guid":{"rendered":"https:\/\/www.burg.biz\/fr\/p\/briefkasten-postkasten\/texel-5767\/"},"modified":"2022-03-21T10:44:17","modified_gmt":"2022-03-21T09:44:17","slug":"texel-5767","status":"publish","type":"product","link":"https:\/\/test.burgwaechterservice.de\/fr\/p\/boites-aux-lettres\/texel-5767\/","title":{"rendered":"Texel 5767"},"content":{"rendered":"<p><img decoding=\"async\" class=\"alignnone wp-image-711024\" src=\"https:\/\/test.burgwaechterservice.de\/wp-content\/uploads\/2022\/03\/texel-piktosjpg.jpg\" alt=\"\" width=\"533\" height=\"90\" \/><\/p>\n<h2>Bo\u00eete aux lettres en acier Texel enti\u00e8rement galvanis\u00e9e<\/h2>\n<p>La bo\u00eete aux lettres en acier Texel a une forme classique et s&#8217;adapte \u00e0 tous les murs de maison. Le mod\u00e8le est disponible en trois couleurs : blanc, argent et fer. Gr\u00e2ce \u00e0 l&#8217;acier galvanis\u00e9 et rev\u00eatu, la bo\u00eete aux lettres est tr\u00e8s r\u00e9sistante aux intemp\u00e9ries. La peinture structur\u00e9e lui conf\u00e8re un bel aspect. Pour que vous puissiez profiter de votre bo\u00eete aux lettres pendant longtemps.<\/p>\n<h3>Avec grande ouverture et fen\u00eatre pour le nom<\/h3>\n<p>Bien que la bo\u00eete aux lettres en acier soit compacte, le mod\u00e8le dispose d&#8217;une ouverture au format DIN-C4 (ouverture : 33 x 250 mm). Ainsi, m\u00eame les lettres de grande taille peuvent \u00eatre distribu\u00e9es sans \u00eatre pli\u00e9es. De plus, la bo\u00eete aux lettres Texel dispose d&#8217;une serrure \u00e0 cylindre de haute qualit\u00e9 et d&#8217;un porte-nom transparent.<\/p>\n<h3>Bo\u00eete aux lettres Texel &#8220;Made in Germany&#8221;<\/h3>\n<p>La bo\u00eete aux lettres en acier est fabriqu\u00e9e &#8220;Made in Germany&#8221; et offre une grande r\u00e9sistance \u00e0 la corrosion gr\u00e2ce \u00e0 sa qualit\u00e9 sup\u00e9rieure. Le mod\u00e8le est conforme \u00e0 la norme europ\u00e9enne EN 13724. La livraison comprend deux cl\u00e9s et le mat\u00e9riel de montage n\u00e9cessaire.<\/p>\n<h4>La bo\u00eete aux lettres en acier Texel 5767 en un coup d&#8217;\u0153il<\/h4>\n<ul>\n<li>T\u00f4le d&#8217;acier galvanis\u00e9e sur toute la surface, peinture structur\u00e9e<\/li>\n<li>Rev\u00eatement de haute qualit\u00e9<\/li>\n<li>R\u00e9sistante aux intemp\u00e9ries<\/li>\n<li>Avec serrure \u00e0 cylindre<\/li>\n<li>Disponible en blanc, argent, fer<\/li>\n<li>Avec 2 cl\u00e9s<\/li>\n<li>Insertion DIN C4<\/li>\n<\/ul>\n<table class=\"ausfuehrung\">\n<thead>\n<tr>\n<td>Article<\/td>\n<td>Couleurs<\/td>\n<td>H x L x P (mm)<\/td>\n<td>Fente (mm)<\/td>\n<\/tr>\n<\/thead>\n<tbody>\n<tr>\n<td>Texel 5767 W<\/td>\n<td>Blanc<\/td>\n<td>396 x 301 x 115<\/td>\n<td>250 x 33<\/td>\n<\/tr>\n<tr>\n<td>Texel 5767 Si<\/td>\n<td>Argent\u00e9<\/td>\n<td>396 x 301 x 115<\/td>\n<td>250 x 33<\/td>\n<\/tr>\n<tr>\n<td>Texel 5767 E<\/td>\n<td>Fer<\/td>\n<td>396 x 301 x 115<\/td>\n<td>250 x 33<\/td>\n<\/tr>\n<\/tbody>\n<\/table>\n","protected":false},"excerpt":{"rendered":"<p>Bo\u00eete aux lettres en acier Texel enti\u00e8rement galvanis\u00e9e La bo\u00eete aux lettres en acier Texel a une forme classique et s&#8217;adapte \u00e0 tous les murs de maison. Le mod\u00e8le est disponible en trois couleurs : blanc, argent et fer. Gr\u00e2ce &hellip; <a class=\"kt-excerpt-readmore\" href=\"https:\/\/test.burgwaechterservice.de\/fr\/p\/boites-aux-lettres\/texel-5767\/\" aria-label=\"Texel 5767\">Lire la suite<\/a><\/p>\n","protected":false},"featured_media":618507,"comment_status":"closed","ping_status":"closed","template":"","meta":[],"product_cat":[23,25],"product_tag":[],"yoast_head":"<!-- This site is optimized with the Yoast SEO Premium plugin v18.4 (Yoast SEO v19.13) - https:\/\/yoast.com\/wordpress\/plugins\/seo\/ -->\n<title>Bo\u00eete aux lettres Texel : forme classique, mat\u00e9riau durable<\/title>\n<meta name=\"description\" content=\"La bo\u00eete aux lettres classique Texel de BURG-W\u00c4CHTER en acier galvanis\u00e9 et avec une peinture structur\u00e9e de haute qualit\u00e9.\" \/>\n<meta name=\"robots\" content=\"index, follow, max-snippet:-1, max-image-preview:large, max-video-preview:-1\" \/>\n<link rel=\"canonical\" href=\"https:\/\/test.burgwaechterservice.de\/fr\/p\/boites-aux-lettres\/texel-5767\/\" \/>\n<meta property=\"og:locale\" content=\"fr_FR\" \/>\n<meta property=\"og:type\" content=\"article\" \/>\n<meta property=\"og:title\" content=\"Texel 5767\" \/>\n<meta property=\"og:description\" content=\"La bo\u00eete aux lettres classique Texel de BURG-W\u00c4CHTER en acier galvanis\u00e9 et avec une peinture structur\u00e9e de haute qualit\u00e9.\" \/>\n<meta property=\"og:url\" content=\"https:\/\/test.burgwaechterservice.de\/fr\/p\/boites-aux-lettres\/texel-5767\/\" \/>\n<meta property=\"og:site_name\" content=\"Burg-W\u00e4chter France\" \/>\n<meta property=\"article:modified_time\" content=\"2022-03-21T09:44:17+00:00\" \/>\n<meta property=\"og:image\" content=\"https:\/\/test.burgwaechterservice.de\/fr\/wp-content\/uploads\/sites\/4\/2022\/03\/BW_BK_Texel-848-W_ISO_r_4003482355602-scaled.jpg\" \/>\n\t<meta property=\"og:image:width\" content=\"2560\" \/>\n\t<meta property=\"og:image:height\" content=\"1707\" \/>\n\t<meta property=\"og:image:type\" content=\"image\/jpeg\" \/>\n<meta name=\"twitter:card\" content=\"summary_large_image\" \/>\n<meta name=\"twitter:label1\" content=\"Dur\u00e9e de lecture estim\u00e9e\" \/>\n\t<meta name=\"twitter:data1\" content=\"2 minutes\" \/>\n<!-- \/ Yoast SEO Premium plugin. -->","yoast_head_json":{"title":"Bo\u00eete aux lettres Texel : forme classique, mat\u00e9riau durable","description":"La bo\u00eete aux lettres classique Texel de BURG-W\u00c4CHTER en acier galvanis\u00e9 et avec une peinture structur\u00e9e de haute qualit\u00e9.","robots":{"index":"index","follow":"follow","max-snippet":"max-snippet:-1","max-image-preview":"max-image-preview:large","max-video-preview":"max-video-preview:-1"},"canonical":"https:\/\/test.burgwaechterservice.de\/fr\/p\/boites-aux-lettres\/texel-5767\/","og_locale":"fr_FR","og_type":"article","og_title":"Texel 5767","og_description":"La bo\u00eete aux lettres classique Texel de BURG-W\u00c4CHTER en acier galvanis\u00e9 et avec une peinture structur\u00e9e de haute qualit\u00e9.","og_url":"https:\/\/test.burgwaechterservice.de\/fr\/p\/boites-aux-lettres\/texel-5767\/","og_site_name":"Burg-W\u00e4chter France","article_modified_time":"2022-03-21T09:44:17+00:00","og_image":[{"width":2560,"height":1707,"url":"https:\/\/test.burgwaechterservice.de\/fr\/wp-content\/uploads\/sites\/4\/2022\/03\/BW_BK_Texel-848-W_ISO_r_4003482355602-scaled.jpg","type":"image\/jpeg"}],"twitter_card":"summary_large_image","twitter_misc":{"Dur\u00e9e de lecture estim\u00e9e":"2 minutes"},"schema":{"@context":"https:\/\/schema.org","@graph":[{"@type":"WebPage","@id":"https:\/\/test.burgwaechterservice.de\/fr\/p\/boites-aux-lettres\/texel-5767\/","url":"https:\/\/test.burgwaechterservice.de\/fr\/p\/boites-aux-lettres\/texel-5767\/","name":"Bo\u00eete aux lettres Texel : forme classique, mat\u00e9riau durable","isPartOf":{"@id":"https:\/\/test.burgwaechterservice.de\/fr\/#website"},"datePublished":"2022-03-21T09:29:57+00:00","dateModified":"2022-03-21T09:44:17+00:00","description":"La bo\u00eete aux lettres classique Texel de BURG-W\u00c4CHTER en acier galvanis\u00e9 et avec une peinture structur\u00e9e de haute qualit\u00e9.","breadcrumb":{"@id":"https:\/\/test.burgwaechterservice.de\/fr\/p\/boites-aux-lettres\/texel-5767\/#breadcrumb"},"inLanguage":"fr-FR","potentialAction":[{"@type":"ReadAction","target":["https:\/\/test.burgwaechterservice.de\/fr\/p\/boites-aux-lettres\/texel-5767\/"]}]},{"@type":"BreadcrumbList","@id":"https:\/\/test.burgwaechterservice.de\/fr\/p\/boites-aux-lettres\/texel-5767\/#breadcrumb","itemListElement":[{"@type":"ListItem","position":1,"name":"Accueil","item":"https:\/\/test.burgwaechterservice.de\/fr\/"},{"@type":"ListItem","position":2,"name":"Produits","item":"https:\/\/test.burgwaechterservice.de\/fr\/p\/"},{"@type":"ListItem","position":3,"name":"Texel 5767"}]},{"@type":"WebSite","@id":"https:\/\/test.burgwaechterservice.de\/fr\/#website","url":"https:\/\/test.burgwaechterservice.de\/fr\/","name":"Burg-W\u00e4chter France","description":"Le choix le plus s\u00fbr!","potentialAction":[{"@type":"SearchAction","target":{"@type":"EntryPoint","urlTemplate":"https:\/\/test.burgwaechterservice.de\/fr\/?s={search_term_string}"},"query-input":"required name=search_term_string"}],"inLanguage":"fr-FR"}]}},"_links":{"self":[{"href":"https:\/\/test.burgwaechterservice.de\/fr\/wp-json\/wp\/v2\/product\/618506"}],"collection":[{"href":"https:\/\/test.burgwaechterservice.de\/fr\/wp-json\/wp\/v2\/product"}],"about":[{"href":"https:\/\/test.burgwaechterservice.de\/fr\/wp-json\/wp\/v2\/types\/product"}],"replies":[{"embeddable":true,"href":"https:\/\/test.burgwaechterservice.de\/fr\/wp-json\/wp\/v2\/comments?post=618506"}],"wp:featuredmedia":[{"embeddable":true,"href":"https:\/\/test.burgwaechterservice.de\/fr\/wp-json\/wp\/v2\/media\/618507"}],"wp:attachment":[{"href":"https:\/\/test.burgwaechterservice.de\/fr\/wp-json\/wp\/v2\/media?parent=618506"}],"wp:term":[{"taxonomy":"product_cat","embeddable":true,"href":"https:\/\/test.burgwaechterservice.de\/fr\/wp-json\/wp\/v2\/product_cat?post=618506"},{"taxonomy":"product_tag","embeddable":true,"href":"https:\/\/test.burgwaechterservice.de\/fr\/wp-json\/wp\/v2\/product_tag?post=618506"}],"curies":[{"name":"wp","href":"https:\/\/api.w.org\/{rel}","templated":true}]}}