{"id":616,"date":"2016-05-23T09:16:04","date_gmt":"2016-05-23T07:16:04","guid":{"rendered":"https:\/\/www.burg.biz\/?post_type=product&#038;p=616"},"modified":"2018-04-23T12:05:24","modified_gmt":"2018-04-23T10:05:24","slug":"900-alpha-titan","status":"publish","type":"product","link":"https:\/\/test.burgwaechterservice.de\/fr\/p\/cadenas-et-porte-cadenas\/900-alpha-titan\/","title":{"rendered":"900 Alpha Titan"},"content":{"rendered":"<p><img decoding=\"async\" class=\"size-full wp-image-27878 alignnone\" src=\"https:\/\/test.burgwaechterservice.de\/fr\/wp-content\/uploads\/sites\/4\/2016\/05\/piktoreihe_alpha900.jpg\" alt=\"piktoreihe_alpha900\" width=\"425\" height=\"78\" srcset=\"https:\/\/test.burgwaechterservice.de\/fr\/wp-content\/uploads\/sites\/4\/2016\/05\/piktoreihe_alpha900.jpg 425w, https:\/\/test.burgwaechterservice.de\/fr\/wp-content\/uploads\/sites\/4\/2016\/05\/piktoreihe_alpha900-300x55.jpg 300w\" sizes=\"(max-width: 425px) 100vw, 425px\" \/><\/p>\n<h2>Cadenas de s\u00e9curit\u00e9<\/h2>\n<h2>High-Tech pour les plus exigeants<\/h2>\n<ul>\n<li>haute protection contre le per\u00e7age par une construction sp\u00e9ciale<\/li>\n<li>corps et anse en acier c\u00e9ment\u00e9<\/li>\n<li>anse ultra-dure et chrom\u00e9e<\/li>\n<li>m\u00e9canisme de fermeture de pr\u00e9cision pouvant \u00eatre extrait avec protection contre le per\u00e7age<\/li>\n<li>ouverture facile de l\u2018anse<\/li>\n<li>con\u00e7u pour recevoir un demi cylindre europ\u00e9en (voir information)<\/li>\n<\/ul>\n<p>Information: le cadenas Alpha Titan 900 a \u00e9t\u00e9 con\u00e7u pour recevoir tous les \u00bd cylindres europ\u00e9ens (longueur standard 40 mm) avec panneton r\u00e9glable ou un cylindre oval \u00e0 6 goupilles. Pas d\u2019ajustement n\u00e9cessaire pendant le montage. Grande facilit\u00e9 de montage.<\/p>\n<p>&nbsp;<\/p>\n<table class=\"ausfuehrung\">\n<thead>\n<tr>\n<td>Article<\/td>\n<td>\u00d8 de l\u2018anse<\/td>\n<td>Largeur libre de l\u2018anse<\/td>\n<td>Hauteur libre de l\u2018anse<\/td>\n<td>Hauteur totale<\/td>\n<\/tr>\n<\/thead>\n<tbody>\n<tr>\n<td class=\"subdesc\"><\/td>\n<td class=\"subdesc\">mm<\/td>\n<td class=\"subdesc\">mm<\/td>\n<td class=\"subdesc\">mm<\/td>\n<td class=\"subdesc\">\u00a0mm<\/td>\n<\/tr>\n<\/tbody>\n<tbody>\n<tr>\n<td>900 85 V<\/td>\n<td>14,0<\/td>\n<td>18,5<\/td>\n<td>23,5<\/td>\n<td>120,0<\/td>\n<\/tr>\n<\/tbody>\n<\/table>\n","protected":false},"excerpt":{"rendered":"<p>Cadenas de s\u00e9curit\u00e9 High-Tech pour les plus exigeants haute protection contre le per\u00e7age par une construction sp\u00e9ciale corps et anse en acier c\u00e9ment\u00e9 anse ultra-dure et chrom\u00e9e m\u00e9canisme de fermeture de pr\u00e9cision pouvant \u00eatre extrait avec protection contre le per\u00e7age &hellip; <a class=\"kt-excerpt-readmore\" href=\"https:\/\/test.burgwaechterservice.de\/fr\/p\/cadenas-et-porte-cadenas\/900-alpha-titan\/\" aria-label=\"900 Alpha Titan\">Lire la suite<\/a><\/p>\n","protected":false},"featured_media":33410,"comment_status":"closed","ping_status":"closed","template":"","meta":[],"product_cat":[30,39,3122],"product_tag":[],"yoast_head":"<!-- This site is optimized with the Yoast SEO Premium plugin v18.4 (Yoast SEO v19.13) - https:\/\/yoast.com\/wordpress\/plugins\/seo\/ -->\n<title>900 Alpha Titan - BURG-W\u00c4CHTER<\/title>\n<meta name=\"description\" content=\"Cadenas de s\u00e9curit\u00e9 High-Tech pour les plus exigeants haute protection contre le per\u00e7age par une construction sp\u00e9ciale corps et anse en acier c\u00e9ment\u00e9 anse\" \/>\n<meta name=\"robots\" content=\"index, follow, max-snippet:-1, max-image-preview:large, max-video-preview:-1\" \/>\n<link rel=\"canonical\" href=\"https:\/\/test.burgwaechterservice.de\/fr\/p\/cadenas-et-porte-cadenas\/900-alpha-titan\/\" \/>\n<meta property=\"og:locale\" content=\"fr_FR\" \/>\n<meta property=\"og:type\" content=\"article\" \/>\n<meta property=\"og:title\" content=\"900 Alpha Titan\" \/>\n<meta property=\"og:description\" content=\"Cadenas de s\u00e9curit\u00e9 High-Tech pour les plus exigeants haute protection contre le per\u00e7age par une construction sp\u00e9ciale corps et anse en acier c\u00e9ment\u00e9 anse\" \/>\n<meta property=\"og:url\" content=\"https:\/\/test.burgwaechterservice.de\/fr\/p\/cadenas-et-porte-cadenas\/900-alpha-titan\/\" \/>\n<meta property=\"og:site_name\" content=\"Burg-W\u00e4chter France\" \/>\n<meta property=\"article:modified_time\" content=\"2018-04-23T10:05:24+00:00\" \/>\n<meta property=\"og:image\" content=\"https:\/\/test.burgwaechterservice.de\/fr\/wp-content\/uploads\/sites\/4\/2016\/05\/Zylinder_Vorhangschloss_Alpha_Titan_900_85_V_103203-01-1.jpg\" \/>\n\t<meta property=\"og:image:width\" content=\"1100\" \/>\n\t<meta property=\"og:image:height\" content=\"1100\" \/>\n\t<meta property=\"og:image:type\" content=\"image\/jpeg\" \/>\n<meta name=\"twitter:card\" content=\"summary_large_image\" \/>\n<meta name=\"twitter:label1\" content=\"Dur\u00e9e de lecture estim\u00e9e\" \/>\n\t<meta name=\"twitter:data1\" content=\"1 minute\" \/>\n<!-- \/ Yoast SEO Premium plugin. -->","yoast_head_json":{"title":"900 Alpha Titan - BURG-W\u00c4CHTER","description":"Cadenas de s\u00e9curit\u00e9 High-Tech pour les plus exigeants haute protection contre le per\u00e7age par une construction sp\u00e9ciale corps et anse en acier c\u00e9ment\u00e9 anse","robots":{"index":"index","follow":"follow","max-snippet":"max-snippet:-1","max-image-preview":"max-image-preview:large","max-video-preview":"max-video-preview:-1"},"canonical":"https:\/\/test.burgwaechterservice.de\/fr\/p\/cadenas-et-porte-cadenas\/900-alpha-titan\/","og_locale":"fr_FR","og_type":"article","og_title":"900 Alpha Titan","og_description":"Cadenas de s\u00e9curit\u00e9 High-Tech pour les plus exigeants haute protection contre le per\u00e7age par une construction sp\u00e9ciale corps et anse en acier c\u00e9ment\u00e9 anse","og_url":"https:\/\/test.burgwaechterservice.de\/fr\/p\/cadenas-et-porte-cadenas\/900-alpha-titan\/","og_site_name":"Burg-W\u00e4chter France","article_modified_time":"2018-04-23T10:05:24+00:00","og_image":[{"width":1100,"height":1100,"url":"https:\/\/test.burgwaechterservice.de\/fr\/wp-content\/uploads\/sites\/4\/2016\/05\/Zylinder_Vorhangschloss_Alpha_Titan_900_85_V_103203-01-1.jpg","type":"image\/jpeg"}],"twitter_card":"summary_large_image","twitter_misc":{"Dur\u00e9e de lecture estim\u00e9e":"1 minute"},"schema":{"@context":"https:\/\/schema.org","@graph":[{"@type":"WebPage","@id":"https:\/\/test.burgwaechterservice.de\/fr\/p\/cadenas-et-porte-cadenas\/900-alpha-titan\/","url":"https:\/\/test.burgwaechterservice.de\/fr\/p\/cadenas-et-porte-cadenas\/900-alpha-titan\/","name":"900 Alpha Titan - BURG-W\u00c4CHTER","isPartOf":{"@id":"https:\/\/test.burgwaechterservice.de\/fr\/#website"},"datePublished":"2016-05-23T07:16:04+00:00","dateModified":"2018-04-23T10:05:24+00:00","description":"Cadenas de s\u00e9curit\u00e9 High-Tech pour les plus exigeants haute protection contre le per\u00e7age par une construction sp\u00e9ciale corps et anse en acier c\u00e9ment\u00e9 anse","breadcrumb":{"@id":"https:\/\/test.burgwaechterservice.de\/fr\/p\/cadenas-et-porte-cadenas\/900-alpha-titan\/#breadcrumb"},"inLanguage":"fr-FR","potentialAction":[{"@type":"ReadAction","target":["https:\/\/test.burgwaechterservice.de\/fr\/p\/cadenas-et-porte-cadenas\/900-alpha-titan\/"]}]},{"@type":"BreadcrumbList","@id":"https:\/\/test.burgwaechterservice.de\/fr\/p\/cadenas-et-porte-cadenas\/900-alpha-titan\/#breadcrumb","itemListElement":[{"@type":"ListItem","position":1,"name":"Accueil","item":"https:\/\/test.burgwaechterservice.de\/fr\/"},{"@type":"ListItem","position":2,"name":"Produits","item":"https:\/\/test.burgwaechterservice.de\/fr\/p\/"},{"@type":"ListItem","position":3,"name":"900 Alpha Titan"}]},{"@type":"WebSite","@id":"https:\/\/test.burgwaechterservice.de\/fr\/#website","url":"https:\/\/test.burgwaechterservice.de\/fr\/","name":"Burg-W\u00e4chter France","description":"Le choix le plus s\u00fbr!","potentialAction":[{"@type":"SearchAction","target":{"@type":"EntryPoint","urlTemplate":"https:\/\/test.burgwaechterservice.de\/fr\/?s={search_term_string}"},"query-input":"required name=search_term_string"}],"inLanguage":"fr-FR"}]}},"_links":{"self":[{"href":"https:\/\/test.burgwaechterservice.de\/fr\/wp-json\/wp\/v2\/product\/616"}],"collection":[{"href":"https:\/\/test.burgwaechterservice.de\/fr\/wp-json\/wp\/v2\/product"}],"about":[{"href":"https:\/\/test.burgwaechterservice.de\/fr\/wp-json\/wp\/v2\/types\/product"}],"replies":[{"embeddable":true,"href":"https:\/\/test.burgwaechterservice.de\/fr\/wp-json\/wp\/v2\/comments?post=616"}],"wp:featuredmedia":[{"embeddable":true,"href":"https:\/\/test.burgwaechterservice.de\/fr\/wp-json\/wp\/v2\/media\/33410"}],"wp:attachment":[{"href":"https:\/\/test.burgwaechterservice.de\/fr\/wp-json\/wp\/v2\/media?parent=616"}],"wp:term":[{"taxonomy":"product_cat","embeddable":true,"href":"https:\/\/test.burgwaechterservice.de\/fr\/wp-json\/wp\/v2\/product_cat?post=616"},{"taxonomy":"product_tag","embeddable":true,"href":"https:\/\/test.burgwaechterservice.de\/fr\/wp-json\/wp\/v2\/product_tag?post=616"}],"curies":[{"name":"wp","href":"https:\/\/api.w.org\/{rel}","templated":true}]}}