{"id":605525,"date":"2022-02-21T15:43:20","date_gmt":"2022-02-21T14:43:20","guid":{"rendered":"https:\/\/www.burg.biz\/fr\/p\/modele-en-voie-de-disparition\/detecteur-de-mouvement-motion-2012\/"},"modified":"2022-04-05T14:46:05","modified_gmt":"2022-04-05T12:46:05","slug":"detecteur-de-mouvement-motion-2012","status":"publish","type":"product","link":"https:\/\/test.burgwaechterservice.de\/fr\/p\/foyer-intelligent\/detecteur-de-mouvement-motion-2012\/","title":{"rendered":"D\u00e9tecteur de mouvement WLAN-PIR Motion 2012"},"content":{"rendered":"<p><img fetchpriority=\"high\" decoding=\"async\" class=\"alignnone wp-image-684255\" src=\"https:\/\/test.burgwaechterservice.de\/wp-content\/uploads\/2022\/01\/Pikto_SMART_Hydro-Messer_SW.png\" alt=\"\" width=\"766\" height=\"121\" \/><\/p>\n<p>&nbsp;<\/p>\n<h1>D\u00e9tecteur de mouvement WLAN-PIR avec mesure de la temp\u00e9rature et de l\u2019humidit\u00e9 de l\u2019air<\/h1>\n<ul>\n<li>Fonctionnement avec 2 batteries CR123A ou par c\u00e2ble micro-USB + bloc d\u2019alimentation (bloc non inclus dans la livraison)<\/li>\n<li>Compatible WLAN 2,4 GHz (IEEE 802.11b\/g\/n)<\/li>\n<li>Connexion Internet indispensable au fonctionnement<\/li>\n<li>Protection contre la manipulation antisabotage<\/li>\n<li>Utilisable seul ou coupl\u00e9 avec des dispositifs BURGsmart PROTECT<\/li>\n<\/ul>\n<p>&nbsp;<\/p>\n<table class=\"ausfuehrung\" style=\"width: 1592.22px;\">\n<tbody>\n<tr>\n<td>Tension de fonctionnement<\/td>\n<td>DC 5V (USB)<\/td>\n<\/tr>\n<tr>\n<td>Tension d&#8217;entr\u00e9e max<\/td>\n<td>2x CR123A<\/td>\n<\/tr>\n<tr>\n<td>Veille max<\/td>\n<td>usqu\u2019\u00e0 9 mois<\/td>\n<\/tr>\n<tr>\n<td>Angle d\u2019ouverture<\/td>\n<td>ca.\u2009120\u00b0<\/td>\n<\/tr>\n<tr>\n<td>Fr\u00e9quence de transmission<\/td>\n<td>2.4 GHz WLAN<\/td>\n<\/tr>\n<tr>\n<td>Temp\u00e9rature de travail<\/td>\n<td>0\u2009\u00b0C bis +40\u2009\u00b0C<\/td>\n<\/tr>\n<tr>\n<td>Poids<\/td>\n<td>85\u2009g (piles incluses)<\/td>\n<\/tr>\n<tr>\n<td>Dimensions<\/td>\n<td>56\u2009x\u200956\u2009x\u200968\u2009mm (H\u2009x\u2009L\u2009x\u2009P)<\/td>\n<\/tr>\n<\/tbody>\n<\/table>\n<p>&nbsp;<\/p>\n","protected":false},"excerpt":{"rendered":"<p>&nbsp; D\u00e9tecteur de mouvement WLAN-PIR avec mesure de la temp\u00e9rature et de l\u2019humidit\u00e9 de l\u2019air Fonctionnement avec 2 batteries CR123A ou par c\u00e2ble micro-USB + bloc d\u2019alimentation (bloc non inclus dans la livraison) Compatible WLAN 2,4 GHz (IEEE 802.11b\/g\/n) Connexion &hellip; <a class=\"kt-excerpt-readmore\" href=\"https:\/\/test.burgwaechterservice.de\/fr\/p\/foyer-intelligent\/detecteur-de-mouvement-motion-2012\/\" aria-label=\"D\u00e9tecteur de mouvement WLAN-PIR Motion 2012\">Lire la suite<\/a><\/p>\n","protected":false},"featured_media":605526,"comment_status":"closed","ping_status":"closed","template":"","meta":[],"product_cat":[4207],"product_tag":[],"yoast_head":"<!-- This site is optimized with the Yoast SEO Premium plugin v18.4 (Yoast SEO v19.13) - https:\/\/yoast.com\/wordpress\/plugins\/seo\/ -->\n<title>D\u00e9tecteur de mouvement WLAN-PIR Motion 2012<\/title>\n<meta name=\"description\" content=\"D\u00e9tecteur de mouvement PIR WLAN Motion 2012 avec mesure de la temp\u00e9rature et de l&#039;humidit\u00e9 de l&#039;air\" \/>\n<meta name=\"robots\" content=\"index, follow, max-snippet:-1, max-image-preview:large, max-video-preview:-1\" \/>\n<link rel=\"canonical\" href=\"https:\/\/test.burgwaechterservice.de\/fr\/p\/foyer-intelligent\/detecteur-de-mouvement-motion-2012\/\" \/>\n<meta property=\"og:locale\" content=\"fr_FR\" \/>\n<meta property=\"og:type\" content=\"article\" \/>\n<meta property=\"og:title\" content=\"D\u00e9tecteur de mouvement WLAN-PIR Motion 2012\" \/>\n<meta property=\"og:description\" content=\"D\u00e9tecteur de mouvement PIR WLAN Motion 2012 avec mesure de la temp\u00e9rature et de l&#039;humidit\u00e9 de l&#039;air\" \/>\n<meta property=\"og:url\" content=\"https:\/\/test.burgwaechterservice.de\/fr\/p\/foyer-intelligent\/detecteur-de-mouvement-motion-2012\/\" \/>\n<meta property=\"og:site_name\" content=\"Burg-W\u00e4chter France\" \/>\n<meta property=\"article:modified_time\" content=\"2022-04-05T12:46:05+00:00\" \/>\n<meta property=\"og:image\" content=\"https:\/\/test.burgwaechterservice.de\/fr\/wp-content\/uploads\/sites\/4\/2022\/02\/BW_BURGsmartPROTECT_Motion-2012_ISO_l_Verp_4003482397923.jpg\" \/>\n\t<meta property=\"og:image:width\" content=\"1000\" \/>\n\t<meta property=\"og:image:height\" content=\"1000\" \/>\n\t<meta property=\"og:image:type\" content=\"image\/jpeg\" \/>\n<meta name=\"twitter:card\" content=\"summary_large_image\" \/>\n<meta name=\"twitter:label1\" content=\"Dur\u00e9e de lecture estim\u00e9e\" \/>\n\t<meta name=\"twitter:data1\" content=\"1 minute\" \/>\n<!-- \/ Yoast SEO Premium plugin. -->","yoast_head_json":{"title":"D\u00e9tecteur de mouvement WLAN-PIR Motion 2012","description":"D\u00e9tecteur de mouvement PIR WLAN Motion 2012 avec mesure de la temp\u00e9rature et de l'humidit\u00e9 de l'air","robots":{"index":"index","follow":"follow","max-snippet":"max-snippet:-1","max-image-preview":"max-image-preview:large","max-video-preview":"max-video-preview:-1"},"canonical":"https:\/\/test.burgwaechterservice.de\/fr\/p\/foyer-intelligent\/detecteur-de-mouvement-motion-2012\/","og_locale":"fr_FR","og_type":"article","og_title":"D\u00e9tecteur de mouvement WLAN-PIR Motion 2012","og_description":"D\u00e9tecteur de mouvement PIR WLAN Motion 2012 avec mesure de la temp\u00e9rature et de l'humidit\u00e9 de l'air","og_url":"https:\/\/test.burgwaechterservice.de\/fr\/p\/foyer-intelligent\/detecteur-de-mouvement-motion-2012\/","og_site_name":"Burg-W\u00e4chter France","article_modified_time":"2022-04-05T12:46:05+00:00","og_image":[{"width":1000,"height":1000,"url":"https:\/\/test.burgwaechterservice.de\/fr\/wp-content\/uploads\/sites\/4\/2022\/02\/BW_BURGsmartPROTECT_Motion-2012_ISO_l_Verp_4003482397923.jpg","type":"image\/jpeg"}],"twitter_card":"summary_large_image","twitter_misc":{"Dur\u00e9e de lecture estim\u00e9e":"1 minute"},"schema":{"@context":"https:\/\/schema.org","@graph":[{"@type":"WebPage","@id":"https:\/\/test.burgwaechterservice.de\/fr\/p\/foyer-intelligent\/detecteur-de-mouvement-motion-2012\/","url":"https:\/\/test.burgwaechterservice.de\/fr\/p\/foyer-intelligent\/detecteur-de-mouvement-motion-2012\/","name":"D\u00e9tecteur de mouvement WLAN-PIR Motion 2012","isPartOf":{"@id":"https:\/\/test.burgwaechterservice.de\/fr\/#website"},"datePublished":"2022-02-21T14:43:20+00:00","dateModified":"2022-04-05T12:46:05+00:00","description":"D\u00e9tecteur de mouvement PIR WLAN Motion 2012 avec mesure de la temp\u00e9rature et de l'humidit\u00e9 de l'air","breadcrumb":{"@id":"https:\/\/test.burgwaechterservice.de\/fr\/p\/foyer-intelligent\/detecteur-de-mouvement-motion-2012\/#breadcrumb"},"inLanguage":"fr-FR","potentialAction":[{"@type":"ReadAction","target":["https:\/\/test.burgwaechterservice.de\/fr\/p\/foyer-intelligent\/detecteur-de-mouvement-motion-2012\/"]}]},{"@type":"BreadcrumbList","@id":"https:\/\/test.burgwaechterservice.de\/fr\/p\/foyer-intelligent\/detecteur-de-mouvement-motion-2012\/#breadcrumb","itemListElement":[{"@type":"ListItem","position":1,"name":"Accueil","item":"https:\/\/test.burgwaechterservice.de\/fr\/"},{"@type":"ListItem","position":2,"name":"Produits","item":"https:\/\/test.burgwaechterservice.de\/fr\/p\/"},{"@type":"ListItem","position":3,"name":"D\u00e9tecteur de mouvement WLAN-PIR Motion 2012"}]},{"@type":"WebSite","@id":"https:\/\/test.burgwaechterservice.de\/fr\/#website","url":"https:\/\/test.burgwaechterservice.de\/fr\/","name":"Burg-W\u00e4chter France","description":"Le choix le plus s\u00fbr!","potentialAction":[{"@type":"SearchAction","target":{"@type":"EntryPoint","urlTemplate":"https:\/\/test.burgwaechterservice.de\/fr\/?s={search_term_string}"},"query-input":"required name=search_term_string"}],"inLanguage":"fr-FR"}]}},"_links":{"self":[{"href":"https:\/\/test.burgwaechterservice.de\/fr\/wp-json\/wp\/v2\/product\/605525"}],"collection":[{"href":"https:\/\/test.burgwaechterservice.de\/fr\/wp-json\/wp\/v2\/product"}],"about":[{"href":"https:\/\/test.burgwaechterservice.de\/fr\/wp-json\/wp\/v2\/types\/product"}],"replies":[{"embeddable":true,"href":"https:\/\/test.burgwaechterservice.de\/fr\/wp-json\/wp\/v2\/comments?post=605525"}],"wp:featuredmedia":[{"embeddable":true,"href":"https:\/\/test.burgwaechterservice.de\/fr\/wp-json\/wp\/v2\/media\/605526"}],"wp:attachment":[{"href":"https:\/\/test.burgwaechterservice.de\/fr\/wp-json\/wp\/v2\/media?parent=605525"}],"wp:term":[{"taxonomy":"product_cat","embeddable":true,"href":"https:\/\/test.burgwaechterservice.de\/fr\/wp-json\/wp\/v2\/product_cat?post=605525"},{"taxonomy":"product_tag","embeddable":true,"href":"https:\/\/test.burgwaechterservice.de\/fr\/wp-json\/wp\/v2\/product_tag?post=605525"}],"curies":[{"name":"wp","href":"https:\/\/api.w.org\/{rel}","templated":true}]}}