{"id":605519,"date":"2022-02-21T15:32:35","date_gmt":"2022-02-21T14:32:35","guid":{"rendered":"https:\/\/www.burg.biz\/fr\/p\/modele-en-voie-de-disparition\/noise-2162\/"},"modified":"2022-04-05T14:45:34","modified_gmt":"2022-04-05T12:45:34","slug":"noise-2162","status":"publish","type":"product","link":"https:\/\/test.burgwaechterservice.de\/fr\/p\/foyer-intelligent\/noise-2162\/","title":{"rendered":"Sir\u00e8ne d\u2019alarme WLAN Noise 2162"},"content":{"rendered":"<h2>Sir\u00e8ne d\u2019alarme WLAN avec mesure de la temp\u00e9rature et de l\u2019humidit\u00e9<br \/>\nde l\u2019air<\/h2>\n<p>&nbsp;<\/p>\n<p><img fetchpriority=\"high\" decoding=\"async\" class=\"alignnone wp-image-684285\" src=\"https:\/\/test.burgwaechterservice.de\/wp-content\/uploads\/2022\/02\/Pikto_SMART_Noise.jpg\" alt=\"\" width=\"855\" height=\"135\" \/><\/p>\n<p>&nbsp;<\/p>\n<h4>Aper\u00e7u de la Noise 2162<\/h4>\n<ul>\n<li>Fonctionnement avec 2\u00a0piles CR123A ou par c\u00e2ble micro-USB + bloc d\u2019alimentation (bloc non inclus dans la livraison)<\/li>\n<li>18 sons au choix, volume sonore<\/li>\n<li>jusqu\u2019\u00e0 90 dB<\/li>\n<li>Compatible WLAN 2,4 GHz (IEEE 802.11b\/g\/n)<\/li>\n<li>Connexion Internet indispensable<\/li>\n<li>au fonctionnement<\/li>\n<li>Utilisable seule ou coupl\u00e9e avec des dispositifs BURGsmart PROTECT<\/li>\n<\/ul>\n<p>&nbsp;<\/p>\n<table class=\"ausfuehrung\">\n<tbody>\n<tr>\n<td>Alimentation \u00e9lectrique<\/td>\n<td>USB 5\u2009V 1A<\/td>\n<\/tr>\n<tr>\n<td>Batterie de secours<\/td>\n<td>2x CR123A<\/td>\n<\/tr>\n<tr>\n<td>Puissance de transmission max.<\/td>\n<td>&lt; 10\u2009m\u2009W<\/td>\n<\/tr>\n<tr>\n<td>Veille max.<\/td>\n<td>Jusqu\u2019\u00e0 1\u00a0an (sans d\u00e9clenchement de l\u2019alarme)<\/td>\n<\/tr>\n<tr>\n<td>Fr\u00e9quence de transmission<\/td>\n<td>2.4 GHz WLAN<\/td>\n<\/tr>\n<tr>\n<td>Temp\u00e9rature de travail<\/td>\n<td>0\u2009\u00b0C bis +40\u2009\u00b0C<\/td>\n<\/tr>\n<tr>\n<td>Humidit\u00e9<\/td>\n<td>max. 90\u2009% rh (sans condensation)<\/td>\n<\/tr>\n<tr>\n<td>Poids<\/td>\n<td>90\u2009g (piles incluses)<\/td>\n<\/tr>\n<tr>\n<td>Dimensions<\/td>\n<td>68\u2009x\u200968\u2009x\u200932,5\u2009mm (H\u2009xL\u2009x\u2009P)<\/td>\n<\/tr>\n<\/tbody>\n<\/table>\n<p>&nbsp;<\/p>\n","protected":false},"excerpt":{"rendered":"<p>Sir\u00e8ne d\u2019alarme WLAN avec mesure de la temp\u00e9rature et de l\u2019humidit\u00e9 de l\u2019air &nbsp; &nbsp; Aper\u00e7u de la Noise 2162 Fonctionnement avec 2\u00a0piles CR123A ou par c\u00e2ble micro-USB + bloc d\u2019alimentation (bloc non inclus dans la livraison) 18 sons au &hellip; <a class=\"kt-excerpt-readmore\" href=\"https:\/\/test.burgwaechterservice.de\/fr\/p\/foyer-intelligent\/noise-2162\/\" aria-label=\"Sir\u00e8ne d\u2019alarme WLAN Noise 2162\">Lire la suite<\/a><\/p>\n","protected":false},"featured_media":605520,"comment_status":"closed","ping_status":"closed","template":"","meta":[],"product_cat":[4207],"product_tag":[],"yoast_head":"<!-- This site is optimized with the Yoast SEO Premium plugin v18.4 (Yoast SEO v19.13) - https:\/\/yoast.com\/wordpress\/plugins\/seo\/ -->\n<title>Sir\u00e8ne d&#039;alarme WLAN Noise 2162 avec mesure de la temp\u00e9rature et de l&#039;humidit\u00e9 de l&#039;air<\/title>\n<meta name=\"description\" content=\"Sir\u00e8ne d&#039;alarme WLAN Noise 2162 avec mesure de la temp\u00e9rature et de l&#039;humidit\u00e9 de l&#039;air\" \/>\n<meta name=\"robots\" content=\"index, follow, max-snippet:-1, max-image-preview:large, max-video-preview:-1\" \/>\n<link rel=\"canonical\" href=\"https:\/\/test.burgwaechterservice.de\/fr\/p\/foyer-intelligent\/noise-2162\/\" \/>\n<meta property=\"og:locale\" content=\"fr_FR\" \/>\n<meta property=\"og:type\" content=\"article\" \/>\n<meta property=\"og:title\" content=\"Sir\u00e8ne d\u2019alarme WLAN Noise 2162\" \/>\n<meta property=\"og:description\" content=\"Sir\u00e8ne d&#039;alarme WLAN Noise 2162 avec mesure de la temp\u00e9rature et de l&#039;humidit\u00e9 de l&#039;air\" \/>\n<meta property=\"og:url\" content=\"https:\/\/test.burgwaechterservice.de\/fr\/p\/foyer-intelligent\/noise-2162\/\" \/>\n<meta property=\"og:site_name\" content=\"Burg-W\u00e4chter France\" \/>\n<meta property=\"article:modified_time\" content=\"2022-04-05T12:45:34+00:00\" \/>\n<meta property=\"og:image\" content=\"https:\/\/test.burgwaechterservice.de\/fr\/wp-content\/uploads\/sites\/4\/2022\/02\/BW_BURGsmartPROTECT_Noise-2162_TOP_4003482398074.jpg\" \/>\n\t<meta property=\"og:image:width\" content=\"1000\" \/>\n\t<meta property=\"og:image:height\" content=\"1000\" \/>\n\t<meta property=\"og:image:type\" content=\"image\/jpeg\" \/>\n<meta name=\"twitter:card\" content=\"summary_large_image\" \/>\n<meta name=\"twitter:label1\" content=\"Dur\u00e9e de lecture estim\u00e9e\" \/>\n\t<meta name=\"twitter:data1\" content=\"1 minute\" \/>\n<!-- \/ Yoast SEO Premium plugin. -->","yoast_head_json":{"title":"Sir\u00e8ne d'alarme WLAN Noise 2162 avec mesure de la temp\u00e9rature et de l'humidit\u00e9 de l'air","description":"Sir\u00e8ne d'alarme WLAN Noise 2162 avec mesure de la temp\u00e9rature et de l'humidit\u00e9 de l'air","robots":{"index":"index","follow":"follow","max-snippet":"max-snippet:-1","max-image-preview":"max-image-preview:large","max-video-preview":"max-video-preview:-1"},"canonical":"https:\/\/test.burgwaechterservice.de\/fr\/p\/foyer-intelligent\/noise-2162\/","og_locale":"fr_FR","og_type":"article","og_title":"Sir\u00e8ne d\u2019alarme WLAN Noise 2162","og_description":"Sir\u00e8ne d'alarme WLAN Noise 2162 avec mesure de la temp\u00e9rature et de l'humidit\u00e9 de l'air","og_url":"https:\/\/test.burgwaechterservice.de\/fr\/p\/foyer-intelligent\/noise-2162\/","og_site_name":"Burg-W\u00e4chter France","article_modified_time":"2022-04-05T12:45:34+00:00","og_image":[{"width":1000,"height":1000,"url":"https:\/\/test.burgwaechterservice.de\/fr\/wp-content\/uploads\/sites\/4\/2022\/02\/BW_BURGsmartPROTECT_Noise-2162_TOP_4003482398074.jpg","type":"image\/jpeg"}],"twitter_card":"summary_large_image","twitter_misc":{"Dur\u00e9e de lecture estim\u00e9e":"1 minute"},"schema":{"@context":"https:\/\/schema.org","@graph":[{"@type":"WebPage","@id":"https:\/\/test.burgwaechterservice.de\/fr\/p\/foyer-intelligent\/noise-2162\/","url":"https:\/\/test.burgwaechterservice.de\/fr\/p\/foyer-intelligent\/noise-2162\/","name":"Sir\u00e8ne d'alarme WLAN Noise 2162 avec mesure de la temp\u00e9rature et de l'humidit\u00e9 de l'air","isPartOf":{"@id":"https:\/\/test.burgwaechterservice.de\/fr\/#website"},"datePublished":"2022-02-21T14:32:35+00:00","dateModified":"2022-04-05T12:45:34+00:00","description":"Sir\u00e8ne d'alarme WLAN Noise 2162 avec mesure de la temp\u00e9rature et de l'humidit\u00e9 de l'air","breadcrumb":{"@id":"https:\/\/test.burgwaechterservice.de\/fr\/p\/foyer-intelligent\/noise-2162\/#breadcrumb"},"inLanguage":"fr-FR","potentialAction":[{"@type":"ReadAction","target":["https:\/\/test.burgwaechterservice.de\/fr\/p\/foyer-intelligent\/noise-2162\/"]}]},{"@type":"BreadcrumbList","@id":"https:\/\/test.burgwaechterservice.de\/fr\/p\/foyer-intelligent\/noise-2162\/#breadcrumb","itemListElement":[{"@type":"ListItem","position":1,"name":"Accueil","item":"https:\/\/test.burgwaechterservice.de\/fr\/"},{"@type":"ListItem","position":2,"name":"Produits","item":"https:\/\/test.burgwaechterservice.de\/fr\/p\/"},{"@type":"ListItem","position":3,"name":"Sir\u00e8ne d\u2019alarme WLAN Noise 2162"}]},{"@type":"WebSite","@id":"https:\/\/test.burgwaechterservice.de\/fr\/#website","url":"https:\/\/test.burgwaechterservice.de\/fr\/","name":"Burg-W\u00e4chter France","description":"Le choix le plus s\u00fbr!","potentialAction":[{"@type":"SearchAction","target":{"@type":"EntryPoint","urlTemplate":"https:\/\/test.burgwaechterservice.de\/fr\/?s={search_term_string}"},"query-input":"required name=search_term_string"}],"inLanguage":"fr-FR"}]}},"_links":{"self":[{"href":"https:\/\/test.burgwaechterservice.de\/fr\/wp-json\/wp\/v2\/product\/605519"}],"collection":[{"href":"https:\/\/test.burgwaechterservice.de\/fr\/wp-json\/wp\/v2\/product"}],"about":[{"href":"https:\/\/test.burgwaechterservice.de\/fr\/wp-json\/wp\/v2\/types\/product"}],"replies":[{"embeddable":true,"href":"https:\/\/test.burgwaechterservice.de\/fr\/wp-json\/wp\/v2\/comments?post=605519"}],"wp:featuredmedia":[{"embeddable":true,"href":"https:\/\/test.burgwaechterservice.de\/fr\/wp-json\/wp\/v2\/media\/605520"}],"wp:attachment":[{"href":"https:\/\/test.burgwaechterservice.de\/fr\/wp-json\/wp\/v2\/media?parent=605519"}],"wp:term":[{"taxonomy":"product_cat","embeddable":true,"href":"https:\/\/test.burgwaechterservice.de\/fr\/wp-json\/wp\/v2\/product_cat?post=605519"},{"taxonomy":"product_tag","embeddable":true,"href":"https:\/\/test.burgwaechterservice.de\/fr\/wp-json\/wp\/v2\/product_tag?post=605519"}],"curies":[{"name":"wp","href":"https:\/\/api.w.org\/{rel}","templated":true}]}}