{"id":605516,"date":"2022-02-21T15:26:19","date_gmt":"2022-02-21T14:26:19","guid":{"rendered":"https:\/\/www.burg.biz\/fr\/p\/modele-en-voie-de-disparition\/detecteur-deau-water-2062\/"},"modified":"2022-04-05T14:47:06","modified_gmt":"2022-04-05T12:47:06","slug":"detecteur-deau-water-2062","status":"publish","type":"product","link":"https:\/\/test.burgwaechterservice.de\/fr\/p\/foyer-intelligent\/detecteur-deau-water-2062\/","title":{"rendered":"D\u00e9tecteur d\u2019eau WLAN Water 2062"},"content":{"rendered":"<h2>D\u00e9tecteur d\u2019eau WLAN<\/h2>\n<p><img fetchpriority=\"high\" decoding=\"async\" class=\"alignnone wp-image-684291\" src=\"https:\/\/test.burgwaechterservice.de\/wp-content\/uploads\/2022\/02\/Pikto_SMART_Water_SW.jpg\" alt=\"\" width=\"610\" height=\"112\" \/><\/p>\n<h4>D\u00e9tecteur d\u2019eau WLAN<\/h4>\n<ul>\n<li>Fonctionnement avec 2 piles AA LR6 1,5V, jusqu\u2019\u00e0 trois ans en veille<\/li>\n<li>Montage sans vis<\/li>\n<li>Compatible WLAN 2,4 GHz (IEEE 802.11b\/g\/n)<a class=\"button-secondary\" href=\"https:\/\/test.burgwaechterservice.de\/fr\/wp-admin\/admin-post.php?action=purge_cache&amp;type=post-605516&amp;_wpnonce=cb86b7f974\">Vider le cache<\/a><\/li>\n<li>Connexion Internet indispensable au fonctionnement<\/li>\n<li>Utilisable seule ou coupl\u00e9e avec des dispositifs BURGsmart PROTECT<\/li>\n<\/ul>\n<p>&nbsp;<\/p>\n<p>&nbsp;<\/p>\n<table class=\"ausfuehrung\">\n<tbody>\n<tr>\n<td>Tension de fonctionnement<\/td>\n<td>DC 3\u2009V<\/td>\n<\/tr>\n<tr>\n<td>Type de pile<\/td>\n<td>2x AA LR6 1,5V<\/td>\n<\/tr>\n<tr>\n<td>Veille max.<\/td>\n<td>Jusqu&#8217;\u00e0 3 ans<\/td>\n<\/tr>\n<tr>\n<td>Fr\u00e9quence de transmission<\/td>\n<td>2.4 GHz WLAN<\/td>\n<\/tr>\n<tr>\n<td>Temp\u00e9rature de travail<\/td>\n<td>entre 3\u2009\u00b0C et +40\u2009\u00b0C<\/td>\n<\/tr>\n<tr>\n<td>Poids<\/td>\n<td>95\u2009g (piles incluses)<\/td>\n<\/tr>\n<tr>\n<td>Dimensions<\/td>\n<td>Unit\u00e9 constituant le d\u00e9tecteur\u00a0:<br \/>\n84\u00a0x\u00a044,5\u00a0x\u00a021\u2009mm<br \/>\n(H x L x P)<br \/>\nCapteur\u00a0:<br \/>\n27\u00a0x\u00a027\u00a0x\u00a07\u2009mm<br \/>\n(H x L x P)<\/td>\n<\/tr>\n<\/tbody>\n<\/table>\n<p>&nbsp;<\/p>\n","protected":false},"excerpt":{"rendered":"<p>D\u00e9tecteur d\u2019eau WLAN D\u00e9tecteur d\u2019eau WLAN Fonctionnement avec 2 piles AA LR6 1,5V, jusqu\u2019\u00e0 trois ans en veille Montage sans vis Compatible WLAN 2,4 GHz (IEEE 802.11b\/g\/n)Vider le cache Connexion Internet indispensable au fonctionnement Utilisable seule ou coupl\u00e9e avec des &hellip; <a class=\"kt-excerpt-readmore\" href=\"https:\/\/test.burgwaechterservice.de\/fr\/p\/foyer-intelligent\/detecteur-deau-water-2062\/\" aria-label=\"D\u00e9tecteur d\u2019eau WLAN Water 2062\">Lire la suite<\/a><\/p>\n","protected":false},"featured_media":605517,"comment_status":"closed","ping_status":"closed","template":"","meta":[],"product_cat":[4207],"product_tag":[],"yoast_head":"<!-- This site is optimized with the Yoast SEO Premium plugin v18.4 (Yoast SEO v19.13) - https:\/\/yoast.com\/wordpress\/plugins\/seo\/ -->\n<title>D\u00e9tecteur d&#039;eau Water 2062 avertit en cas de d\u00e9g\u00e2t des eaux - BURGsmart Protect<\/title>\n<meta name=\"description\" content=\"Le d\u00e9tecteur d&#039;eau WLAN Water 2062 de BURG-W\u00c4CHTER signale imm\u00e9diatement toute infiltration d&#039;eau.\" \/>\n<meta name=\"robots\" content=\"index, follow, max-snippet:-1, max-image-preview:large, max-video-preview:-1\" \/>\n<link rel=\"canonical\" href=\"https:\/\/test.burgwaechterservice.de\/fr\/p\/foyer-intelligent\/detecteur-deau-water-2062\/\" \/>\n<meta property=\"og:locale\" content=\"fr_FR\" \/>\n<meta property=\"og:type\" content=\"article\" \/>\n<meta property=\"og:title\" content=\"D\u00e9tecteur d\u2019eau WLAN Water 2062\" \/>\n<meta property=\"og:description\" content=\"Le d\u00e9tecteur d&#039;eau WLAN Water 2062 de BURG-W\u00c4CHTER signale imm\u00e9diatement toute infiltration d&#039;eau.\" \/>\n<meta property=\"og:url\" content=\"https:\/\/test.burgwaechterservice.de\/fr\/p\/foyer-intelligent\/detecteur-deau-water-2062\/\" \/>\n<meta property=\"og:site_name\" content=\"Burg-W\u00e4chter France\" \/>\n<meta property=\"article:modified_time\" content=\"2022-04-05T12:47:06+00:00\" \/>\n<meta property=\"og:image\" content=\"https:\/\/test.burgwaechterservice.de\/fr\/wp-content\/uploads\/sites\/4\/2022\/02\/BW_BURGsmartPROTECT_Water-2062_ISO_l_Verp_4003482398227.jpg\" \/>\n\t<meta property=\"og:image:width\" content=\"1600\" \/>\n\t<meta property=\"og:image:height\" content=\"1600\" \/>\n\t<meta property=\"og:image:type\" content=\"image\/jpeg\" \/>\n<meta name=\"twitter:card\" content=\"summary_large_image\" \/>\n<meta name=\"twitter:label1\" content=\"Dur\u00e9e de lecture estim\u00e9e\" \/>\n\t<meta name=\"twitter:data1\" content=\"1 minute\" \/>\n<!-- \/ Yoast SEO Premium plugin. -->","yoast_head_json":{"title":"D\u00e9tecteur d'eau Water 2062 avertit en cas de d\u00e9g\u00e2t des eaux - BURGsmart Protect","description":"Le d\u00e9tecteur d'eau WLAN Water 2062 de BURG-W\u00c4CHTER signale imm\u00e9diatement toute infiltration d'eau.","robots":{"index":"index","follow":"follow","max-snippet":"max-snippet:-1","max-image-preview":"max-image-preview:large","max-video-preview":"max-video-preview:-1"},"canonical":"https:\/\/test.burgwaechterservice.de\/fr\/p\/foyer-intelligent\/detecteur-deau-water-2062\/","og_locale":"fr_FR","og_type":"article","og_title":"D\u00e9tecteur d\u2019eau WLAN Water 2062","og_description":"Le d\u00e9tecteur d'eau WLAN Water 2062 de BURG-W\u00c4CHTER signale imm\u00e9diatement toute infiltration d'eau.","og_url":"https:\/\/test.burgwaechterservice.de\/fr\/p\/foyer-intelligent\/detecteur-deau-water-2062\/","og_site_name":"Burg-W\u00e4chter France","article_modified_time":"2022-04-05T12:47:06+00:00","og_image":[{"width":1600,"height":1600,"url":"https:\/\/test.burgwaechterservice.de\/fr\/wp-content\/uploads\/sites\/4\/2022\/02\/BW_BURGsmartPROTECT_Water-2062_ISO_l_Verp_4003482398227.jpg","type":"image\/jpeg"}],"twitter_card":"summary_large_image","twitter_misc":{"Dur\u00e9e de lecture estim\u00e9e":"1 minute"},"schema":{"@context":"https:\/\/schema.org","@graph":[{"@type":"WebPage","@id":"https:\/\/test.burgwaechterservice.de\/fr\/p\/foyer-intelligent\/detecteur-deau-water-2062\/","url":"https:\/\/test.burgwaechterservice.de\/fr\/p\/foyer-intelligent\/detecteur-deau-water-2062\/","name":"D\u00e9tecteur d'eau Water 2062 avertit en cas de d\u00e9g\u00e2t des eaux - BURGsmart Protect","isPartOf":{"@id":"https:\/\/test.burgwaechterservice.de\/fr\/#website"},"datePublished":"2022-02-21T14:26:19+00:00","dateModified":"2022-04-05T12:47:06+00:00","description":"Le d\u00e9tecteur d'eau WLAN Water 2062 de BURG-W\u00c4CHTER signale imm\u00e9diatement toute infiltration d'eau.","breadcrumb":{"@id":"https:\/\/test.burgwaechterservice.de\/fr\/p\/foyer-intelligent\/detecteur-deau-water-2062\/#breadcrumb"},"inLanguage":"fr-FR","potentialAction":[{"@type":"ReadAction","target":["https:\/\/test.burgwaechterservice.de\/fr\/p\/foyer-intelligent\/detecteur-deau-water-2062\/"]}]},{"@type":"BreadcrumbList","@id":"https:\/\/test.burgwaechterservice.de\/fr\/p\/foyer-intelligent\/detecteur-deau-water-2062\/#breadcrumb","itemListElement":[{"@type":"ListItem","position":1,"name":"Accueil","item":"https:\/\/test.burgwaechterservice.de\/fr\/"},{"@type":"ListItem","position":2,"name":"Produits","item":"https:\/\/test.burgwaechterservice.de\/fr\/p\/"},{"@type":"ListItem","position":3,"name":"D\u00e9tecteur d\u2019eau WLAN Water 2062"}]},{"@type":"WebSite","@id":"https:\/\/test.burgwaechterservice.de\/fr\/#website","url":"https:\/\/test.burgwaechterservice.de\/fr\/","name":"Burg-W\u00e4chter France","description":"Le choix le plus s\u00fbr!","potentialAction":[{"@type":"SearchAction","target":{"@type":"EntryPoint","urlTemplate":"https:\/\/test.burgwaechterservice.de\/fr\/?s={search_term_string}"},"query-input":"required name=search_term_string"}],"inLanguage":"fr-FR"}]}},"_links":{"self":[{"href":"https:\/\/test.burgwaechterservice.de\/fr\/wp-json\/wp\/v2\/product\/605516"}],"collection":[{"href":"https:\/\/test.burgwaechterservice.de\/fr\/wp-json\/wp\/v2\/product"}],"about":[{"href":"https:\/\/test.burgwaechterservice.de\/fr\/wp-json\/wp\/v2\/types\/product"}],"replies":[{"embeddable":true,"href":"https:\/\/test.burgwaechterservice.de\/fr\/wp-json\/wp\/v2\/comments?post=605516"}],"wp:featuredmedia":[{"embeddable":true,"href":"https:\/\/test.burgwaechterservice.de\/fr\/wp-json\/wp\/v2\/media\/605517"}],"wp:attachment":[{"href":"https:\/\/test.burgwaechterservice.de\/fr\/wp-json\/wp\/v2\/media?parent=605516"}],"wp:term":[{"taxonomy":"product_cat","embeddable":true,"href":"https:\/\/test.burgwaechterservice.de\/fr\/wp-json\/wp\/v2\/product_cat?post=605516"},{"taxonomy":"product_tag","embeddable":true,"href":"https:\/\/test.burgwaechterservice.de\/fr\/wp-json\/wp\/v2\/product_tag?post=605516"}],"curies":[{"name":"wp","href":"https:\/\/api.w.org\/{rel}","templated":true}]}}