{"id":605513,"date":"2022-02-21T15:16:38","date_gmt":"2022-02-21T14:16:38","guid":{"rendered":"https:\/\/www.burg.biz\/fr\/p\/modele-en-voie-de-disparition\/insert-de-prise-mural-connecte-plug-2142\/"},"modified":"2022-04-05T20:23:47","modified_gmt":"2022-04-05T18:23:47","slug":"insert-de-prise-mural-connecte-plug-2142","status":"publish","type":"product","link":"https:\/\/test.burgwaechterservice.de\/fr\/p\/foyer-intelligent\/insert-de-prise-mural-connecte-plug-2142\/","title":{"rendered":"Insert de prise mural connect\u00e9 Plug 2142"},"content":{"rendered":"<h2>Insert de prise mural connect\u00e9 Plug 2142<\/h2>\n<p><img fetchpriority=\"high\" decoding=\"async\" class=\"alignnone wp-image-684296\" src=\"https:\/\/test.burgwaechterservice.de\/wp-content\/uploads\/2022\/02\/Pikto_SMART_Plug_SW.jpg\" alt=\"\" width=\"728\" height=\"115\" \/><\/p>\n<p>&nbsp;<\/p>\n<h4>La prise radio Plug 2141 en un coup d&#8217;\u0153il<\/h4>\n<ul>\n<li>Commutable manuellement ou via l\u2019application<\/li>\n<li>Pour des prises murales selon la norme UE<\/li>\n<li>R\u00e9glage jusqu\u2019\u00e0 2300 W<\/li>\n<li>Contr\u00f4le manuel ou par sc\u00e9nario (lampe, TV)<\/li>\n<li>Mesure la consommation d&#8217;\u00e9nergie<\/li>\n<\/ul>\n<p>&nbsp;<\/p>\n<table class=\"ausfuehrung\">\n<tbody>\n<tr>\n<td>Capacit\u00e9 de rupture max<\/td>\n<td>2300 W<\/td>\n<\/tr>\n<tr>\n<td>Tension \u00e0\u00a0l\u2019entr\u00e9e max.<\/td>\n<td>220~240\u2009Vac<\/td>\n<\/tr>\n<tr>\n<td>Port\u00e9e max. int\u00e9rieure<\/td>\n<td>50\u2009m*<\/td>\n<\/tr>\n<tr>\n<td>Fr\u00e9quence de transmission<\/td>\n<td>2,4 GHz WLAN b\/g\/n<\/td>\n<\/tr>\n<tr>\n<td>Temp\u00e9rature de travail<\/td>\n<td>entre -20\u2009\u00b0C et<br \/>\nenv. +50\u2009\u00b0C<\/td>\n<\/tr>\n<tr>\n<td>Poids<\/td>\n<td>58,0\u2009g<\/td>\n<\/tr>\n<tr>\n<td>Dimensions<\/td>\n<td>44\u2009x\u200944\u2009x\u200968\u2009mm<br \/>\n(H\u2009x\u2009L\u2009x\u2009P)<\/td>\n<\/tr>\n<\/tbody>\n<\/table>\n<p>*Varie grandement selon les facteurs environnementaux.<\/p>\n<p>&nbsp;<\/p>\n","protected":false},"excerpt":{"rendered":"<p>Insert de prise mural connect\u00e9 Plug 2142 &nbsp; La prise radio Plug 2141 en un coup d&#8217;\u0153il Commutable manuellement ou via l\u2019application Pour des prises murales selon la norme UE R\u00e9glage jusqu\u2019\u00e0 2300 W Contr\u00f4le manuel ou par sc\u00e9nario (lampe, &hellip; <a class=\"kt-excerpt-readmore\" href=\"https:\/\/test.burgwaechterservice.de\/fr\/p\/foyer-intelligent\/insert-de-prise-mural-connecte-plug-2142\/\" aria-label=\"Insert de prise mural connect\u00e9 Plug 2142\">Lire la suite<\/a><\/p>\n","protected":false},"featured_media":312710,"comment_status":"closed","ping_status":"closed","template":"","meta":[],"product_cat":[4207],"product_tag":[],"yoast_head":"<!-- This site is optimized with the Yoast SEO Premium plugin v18.4 (Yoast SEO v19.13) - https:\/\/yoast.com\/wordpress\/plugins\/seo\/ -->\n<title>Insert de prise Plug 2142 - La solution Smart Home BURGsmart Protect<\/title>\n<meta name=\"description\" content=\"Commander \u00e0 distance les lampes, la t\u00e9l\u00e9vision ou la radio et simuler ainsi une pr\u00e9sence : avec la prise radio Plug 2142, ce n&#039;est pas un probl\u00e8me.\" \/>\n<meta name=\"robots\" content=\"index, follow, max-snippet:-1, max-image-preview:large, max-video-preview:-1\" \/>\n<link rel=\"canonical\" href=\"https:\/\/test.burgwaechterservice.de\/fr\/p\/foyer-intelligent\/insert-de-prise-mural-connecte-plug-2142\/\" \/>\n<meta property=\"og:locale\" content=\"fr_FR\" \/>\n<meta property=\"og:type\" content=\"article\" \/>\n<meta property=\"og:title\" content=\"Insert de prise mural connect\u00e9 Plug 2142\" \/>\n<meta property=\"og:description\" content=\"Commander \u00e0 distance les lampes, la t\u00e9l\u00e9vision ou la radio et simuler ainsi une pr\u00e9sence : avec la prise radio Plug 2142, ce n&#039;est pas un probl\u00e8me.\" \/>\n<meta property=\"og:url\" content=\"https:\/\/test.burgwaechterservice.de\/fr\/p\/foyer-intelligent\/insert-de-prise-mural-connecte-plug-2142\/\" \/>\n<meta property=\"og:site_name\" content=\"Burg-W\u00e4chter France\" \/>\n<meta property=\"article:modified_time\" content=\"2022-04-05T18:23:47+00:00\" \/>\n<meta property=\"og:image\" content=\"https:\/\/test.burgwaechterservice.de\/fr\/wp-content\/uploads\/sites\/4\/2019\/11\/WLAN-Steckdose-BURGprotect-Plug-2141.jpg\" \/>\n\t<meta property=\"og:image:width\" content=\"800\" \/>\n\t<meta property=\"og:image:height\" content=\"800\" \/>\n\t<meta property=\"og:image:type\" content=\"image\/jpeg\" \/>\n<meta name=\"twitter:card\" content=\"summary_large_image\" \/>\n<meta name=\"twitter:label1\" content=\"Dur\u00e9e de lecture estim\u00e9e\" \/>\n\t<meta name=\"twitter:data1\" content=\"1 minute\" \/>\n<!-- \/ Yoast SEO Premium plugin. -->","yoast_head_json":{"title":"Insert de prise Plug 2142 - La solution Smart Home BURGsmart Protect","description":"Commander \u00e0 distance les lampes, la t\u00e9l\u00e9vision ou la radio et simuler ainsi une pr\u00e9sence : avec la prise radio Plug 2142, ce n'est pas un probl\u00e8me.","robots":{"index":"index","follow":"follow","max-snippet":"max-snippet:-1","max-image-preview":"max-image-preview:large","max-video-preview":"max-video-preview:-1"},"canonical":"https:\/\/test.burgwaechterservice.de\/fr\/p\/foyer-intelligent\/insert-de-prise-mural-connecte-plug-2142\/","og_locale":"fr_FR","og_type":"article","og_title":"Insert de prise mural connect\u00e9 Plug 2142","og_description":"Commander \u00e0 distance les lampes, la t\u00e9l\u00e9vision ou la radio et simuler ainsi une pr\u00e9sence : avec la prise radio Plug 2142, ce n'est pas un probl\u00e8me.","og_url":"https:\/\/test.burgwaechterservice.de\/fr\/p\/foyer-intelligent\/insert-de-prise-mural-connecte-plug-2142\/","og_site_name":"Burg-W\u00e4chter France","article_modified_time":"2022-04-05T18:23:47+00:00","og_image":[{"width":800,"height":800,"url":"https:\/\/test.burgwaechterservice.de\/fr\/wp-content\/uploads\/sites\/4\/2019\/11\/WLAN-Steckdose-BURGprotect-Plug-2141.jpg","type":"image\/jpeg"}],"twitter_card":"summary_large_image","twitter_misc":{"Dur\u00e9e de lecture estim\u00e9e":"1 minute"},"schema":{"@context":"https:\/\/schema.org","@graph":[{"@type":"WebPage","@id":"https:\/\/test.burgwaechterservice.de\/fr\/p\/foyer-intelligent\/insert-de-prise-mural-connecte-plug-2142\/","url":"https:\/\/test.burgwaechterservice.de\/fr\/p\/foyer-intelligent\/insert-de-prise-mural-connecte-plug-2142\/","name":"Insert de prise Plug 2142 - La solution Smart Home BURGsmart Protect","isPartOf":{"@id":"https:\/\/test.burgwaechterservice.de\/fr\/#website"},"datePublished":"2022-02-21T14:16:38+00:00","dateModified":"2022-04-05T18:23:47+00:00","description":"Commander \u00e0 distance les lampes, la t\u00e9l\u00e9vision ou la radio et simuler ainsi une pr\u00e9sence : avec la prise radio Plug 2142, ce n'est pas un probl\u00e8me.","breadcrumb":{"@id":"https:\/\/test.burgwaechterservice.de\/fr\/p\/foyer-intelligent\/insert-de-prise-mural-connecte-plug-2142\/#breadcrumb"},"inLanguage":"fr-FR","potentialAction":[{"@type":"ReadAction","target":["https:\/\/test.burgwaechterservice.de\/fr\/p\/foyer-intelligent\/insert-de-prise-mural-connecte-plug-2142\/"]}]},{"@type":"BreadcrumbList","@id":"https:\/\/test.burgwaechterservice.de\/fr\/p\/foyer-intelligent\/insert-de-prise-mural-connecte-plug-2142\/#breadcrumb","itemListElement":[{"@type":"ListItem","position":1,"name":"Accueil","item":"https:\/\/test.burgwaechterservice.de\/fr\/"},{"@type":"ListItem","position":2,"name":"Produits","item":"https:\/\/test.burgwaechterservice.de\/fr\/p\/"},{"@type":"ListItem","position":3,"name":"Insert de prise mural connect\u00e9 Plug 2142"}]},{"@type":"WebSite","@id":"https:\/\/test.burgwaechterservice.de\/fr\/#website","url":"https:\/\/test.burgwaechterservice.de\/fr\/","name":"Burg-W\u00e4chter France","description":"Le choix le plus s\u00fbr!","potentialAction":[{"@type":"SearchAction","target":{"@type":"EntryPoint","urlTemplate":"https:\/\/test.burgwaechterservice.de\/fr\/?s={search_term_string}"},"query-input":"required name=search_term_string"}],"inLanguage":"fr-FR"}]}},"_links":{"self":[{"href":"https:\/\/test.burgwaechterservice.de\/fr\/wp-json\/wp\/v2\/product\/605513"}],"collection":[{"href":"https:\/\/test.burgwaechterservice.de\/fr\/wp-json\/wp\/v2\/product"}],"about":[{"href":"https:\/\/test.burgwaechterservice.de\/fr\/wp-json\/wp\/v2\/types\/product"}],"replies":[{"embeddable":true,"href":"https:\/\/test.burgwaechterservice.de\/fr\/wp-json\/wp\/v2\/comments?post=605513"}],"wp:featuredmedia":[{"embeddable":true,"href":"https:\/\/test.burgwaechterservice.de\/fr\/wp-json\/wp\/v2\/media\/312710"}],"wp:attachment":[{"href":"https:\/\/test.burgwaechterservice.de\/fr\/wp-json\/wp\/v2\/media?parent=605513"}],"wp:term":[{"taxonomy":"product_cat","embeddable":true,"href":"https:\/\/test.burgwaechterservice.de\/fr\/wp-json\/wp\/v2\/product_cat?post=605513"},{"taxonomy":"product_tag","embeddable":true,"href":"https:\/\/test.burgwaechterservice.de\/fr\/wp-json\/wp\/v2\/product_tag?post=605513"}],"curies":[{"name":"wp","href":"https:\/\/api.w.org\/{rel}","templated":true}]}}