{"id":605497,"date":"2022-02-21T13:34:11","date_gmt":"2022-02-21T12:34:11","guid":{"rendered":"https:\/\/www.burg.biz\/fr\/p\/cadenas-et-porte-cadenas\/secuentry-home\/"},"modified":"2022-07-13T06:51:02","modified_gmt":"2022-07-13T04:51:02","slug":"secuentry-home","status":"publish","type":"product","link":"https:\/\/test.burgwaechterservice.de\/fr\/p\/serrure-electronique\/secuentry-home\/","title":{"rendered":"secuENTRY Home"},"content":{"rendered":"<h2><img decoding=\"async\" class=\"alignnone wp-image-675213\" src=\"https:\/\/test.burgwaechterservice.de\/wp-content\/uploads\/2022\/01\/Piktos-SE-HOME-5001.png\" alt=\"\" width=\"348\" height=\"100\" \/><\/h2>\n<h2>secuENTRY Home: <strong>Votre nouvelle exp\u00e9rience cl\u00e9 \u2014 sans aucune cl\u00e9\u00a0!<\/strong><\/h2>\n<p>Votre cl\u00e9 n\u2019est souvent pas \u00e0 port\u00e9e de main lorsque vous en avez justement besoin. Mais votre smartphone vous accompagne partout. <strong>Alors, pourquoi ne pas en faire la cl\u00e9\u00a0?<\/strong> C\u2019est exactement ce que fait la serrure intelligente secuENTRY Home de BURG-W\u00c4CHTER. Profitez d\u00e8s \u00e0 pr\u00e9sent de votre nouvelle \u00ab\u00a0ind\u00e9pendance des cl\u00e9s\u00a0\u00bb\u00a0! Solution id\u00e9ale pour toutes les portes de la maison ou de l\u2019appartement.<\/p>\n<h2><strong>Serrure intelligente secuENTRY Home\u00a0: simple, fiable, confortable<\/strong><\/h2>\n<p>Tout ce dont vous avez besoin pour utiliser votre serrure intelligente secuENTRY Home, c\u2019est l\u2019application <a href=\"https:\/\/test.burgwaechterservice.de\/p\/tuerschlosselektronik\/key-app\/\"><strong>secuENTRY KeyApp<\/strong><\/a><strong>. Bien entendu, l\u2019application est gratuite, autant pour les smartphones iOS qu\u2019Android.<\/strong> Gr\u00e2ce \u00e0 la technologie de pointe Bluetooth\u00a05.2 avec <strong>chiffrage AES<\/strong>, le syst\u00e8me offre une s\u00e9curit\u00e9 optimale et une grande port\u00e9e. Tout simplement intelligent\u00a0!<\/p>\n<h2><strong>Montage sans avoir \u00e0 mesurer quoi que ce soit\u00a0!<\/strong><\/h2>\n<p>L\u2019installation du cylindre de porte \u00e9lectronique est \u00e9galement super-intelligente. <strong>Il sera pr\u00eat \u00e0 \u00eatre utilis\u00e9 en \u00e0 peine quelques minutes.<\/strong> Desserrez simplement la vis de fixation (sous le loquet et le verrou) du c\u00f4t\u00e9 int\u00e9rieur de la porte et retirez l\u2019ancien cylindre. Ensuite, ins\u00e9rez le cylindre secuENTRY Home et ajustez-le \u00e0 l\u2019\u00e9paisseur correspondante de la porte. Resserrez la vis de fixation. Voil\u00e0, votre serrure intelligente est d\u00e9j\u00e0 install\u00e9e\u00a0! Avec celui-ci, pas question d\u2019un montage encombrant qui ne fait que faire tourner m\u00e9caniquement la cl\u00e9. Car cette serrure est r\u00e9ellement intelligente\u00a0!<\/p>\n<p>Et ce syst\u00e8me cache un autre avantage important\u00a0: il convient \u00e0 toutes les \u00e9paisseurs de porte, jusqu\u2019\u00e0 118\u00a0mm. <strong>Ainsi, pas besoin d\u2019effectuer des mesures complexes. Ni de percer des trous ou de tirer des c\u00e2bles.<\/strong> Et les ferrures de porte sont toutes conserv\u00e9es.<\/p>\n<h4><strong>Et pour ceux qui veulent \u00eatre ind\u00e9pendants de leur t\u00e9l\u00e9phone portable\u00a0: l\u2019ouverture optionnelle par clavier num\u00e9rique ou par t\u00e9l\u00e9commande<\/strong><\/h4>\n<p>Pour ceux qui veulent \u00eatre ind\u00e9pendants de leur t\u00e9l\u00e9phone portable, la serrure intelligente moderne propose des options d\u2019ouverture suppl\u00e9mentaires. <strong>Car la serrure peut \u00e9galement \u00eatre ouverte par code num\u00e9rique \u00e0 saisir sur le clavier num\u00e9rique optionnel ou par t\u00e9l\u00e9commande.<\/strong> Dans ce cas, bien entendu, la transmission de donn\u00e9es avec Bluetooth\u00a05.2 est \u00e9galement prot\u00e9g\u00e9e par le chiffrage AES. Ainsi, vous profiterez de la libert\u00e9 totale d\u2019une serrure vraiment intelligente. Et tout cela \u00e0 un prix extr\u00eamement attractif\u00a0!<\/p>\n<p>&nbsp;<\/p>\n<h3><strong>Vue d\u2019ensemble des composants\u00a0:<\/strong><\/h3>\n<h4><strong>Cylindre secuENTRY Home<\/strong><\/h4>\n<ul>\n<li>Avec le cylindre de porte \u00e9lectronique, vous n\u2019avez plus besoin d\u2019une cl\u00e9<\/li>\n<li>Utilisable sans autres composants avec l\u2019application<a href=\"https:\/\/test.burgwaechterservice.de\/p\/tuerschlosselektronik\/key-app\/\"> gratuite secuENTRY KeyApp<\/a><\/li>\n<li>Jusqu\u2019\u00e0 six utilisateurs diff\u00e9rents possibles<\/li>\n<li>Montage simple, pas besoin de prendre des mesures. Convient pour des portes d\u2019une \u00e9paisseur de jusqu\u2019\u00e0 118\u00a0mm (59\/59)<\/li>\n<li>Norme Bluetooth 5.2 LE moderne, avec chiffrage AES s\u00e9curis\u00e9<\/li>\n<li>Avertissement en cas de faible charge de la batterie<\/li>\n<li>Livraison avec batteries, accessoires de montage, instructions de montage et d\u2019utilisation<\/li>\n<\/ul>\n<h4><strong>Clavier de code PIN secuENTRY<\/strong><\/h4>\n<ul>\n<li>Ouverture du cylindre secuENTRY Home avec un code secret \u00e0 six chiffres<\/li>\n<li>Un code administrateur et un code utilisateur, programmables avec l\u2019application secuENTRY KeyApp<\/li>\n<li>Clavier lumineux avec touches ergonomiques<\/li>\n<li>Classe de protection IP\u00a053<\/li>\n<li>Norme Bluetooth 5.2 LE moderne, avec chiffrage AES s\u00e9curis\u00e9<\/li>\n<li>Port\u00e9e entre le clavier num\u00e9rique et le cylindre\u00a0: 4 m\u00e8tres maximum<\/li>\n<\/ul>\n<p><strong>Kit secuENTRY Home<\/strong><\/p>\n<ul>\n<li>Kit comprenant le cylindre secuENTRY Home et le clavier \u00e0 code PIN correspondant<\/li>\n<li>Batteries incluses pour mise en service imm\u00e9diate<\/li>\n<li>Configuration par l\u2019interm\u00e9diaire de l\u2019application secuENTRY KeyApp<\/li>\n<\/ul>\n<p><strong>T\u00e9l\u00e9commande secuENTRY<\/strong><\/p>\n<ul>\n<li>Transpondeur actif pratique pour ouverture par simple pression sur une touche<\/li>\n<li>Norme Bluetooth 5.2 LE moderne, avec chiffrage AES s\u00e9curis\u00e9<\/li>\n<li>Port\u00e9e maximale\u00a0: approx. 4\u00a0m\u00e8tres<\/li>\n<li><a href=\"https:\/\/test.burgwaechterservice.de\/c\/tuerschlosselektronik\/\">Utilisable avec tous les produits secuENTRY<\/a><\/li>\n<\/ul>\n<p>&nbsp;<\/p>\n<p>&nbsp;<\/p>\n","protected":false},"excerpt":{"rendered":"<p>secuENTRY Home: Votre nouvelle exp\u00e9rience cl\u00e9 \u2014 sans aucune cl\u00e9\u00a0! Votre cl\u00e9 n\u2019est souvent pas \u00e0 port\u00e9e de main lorsque vous en avez justement besoin. Mais votre smartphone vous accompagne partout. Alors, pourquoi ne pas en faire la cl\u00e9\u00a0? C\u2019est &hellip; <a class=\"kt-excerpt-readmore\" href=\"https:\/\/test.burgwaechterservice.de\/fr\/p\/serrure-electronique\/secuentry-home\/\" aria-label=\"secuENTRY Home\">Lire la suite<\/a><\/p>\n","protected":false},"featured_media":605498,"comment_status":"closed","ping_status":"closed","template":"","meta":[],"product_cat":[7995,36],"product_tag":[7994,551],"yoast_head":"<!-- This site is optimized with the Yoast SEO Premium plugin v18.4 (Yoast SEO v19.13) - https:\/\/yoast.com\/wordpress\/plugins\/seo\/ -->\n<title>secuENTRY Home \u2014 La serrure intelligente s\u00e9curis\u00e9e et confortable<\/title>\n<meta name=\"description\" content=\"Avec la serrure intelligente moderne secuENTRY, vous profiterez de votre nouvelle \u00ab ind\u00e9pendance des cl\u00e9s \u00bb ! Ouverture par application ou optionnellement par code secret.\" \/>\n<meta name=\"robots\" content=\"index, follow, max-snippet:-1, max-image-preview:large, max-video-preview:-1\" \/>\n<link rel=\"canonical\" href=\"https:\/\/test.burgwaechterservice.de\/fr\/p\/serrure-electronique\/secuentry-home\/\" \/>\n<meta property=\"og:locale\" content=\"fr_FR\" \/>\n<meta property=\"og:type\" content=\"article\" \/>\n<meta property=\"og:title\" content=\"secuENTRY Home\" \/>\n<meta property=\"og:description\" content=\"Avec la serrure intelligente moderne secuENTRY, vous profiterez de votre nouvelle \u00ab ind\u00e9pendance des cl\u00e9s \u00bb ! Ouverture par application ou optionnellement par code secret.\" \/>\n<meta property=\"og:url\" content=\"https:\/\/test.burgwaechterservice.de\/fr\/p\/serrure-electronique\/secuentry-home\/\" \/>\n<meta property=\"og:site_name\" content=\"Burg-W\u00e4chter France\" \/>\n<meta property=\"article:modified_time\" content=\"2022-07-13T04:51:02+00:00\" \/>\n<meta property=\"og:image\" content=\"https:\/\/test.burgwaechterservice.de\/fr\/wp-content\/uploads\/sites\/4\/2022\/02\/secuENTRY-HOME.png\" \/>\n\t<meta property=\"og:image:width\" content=\"1000\" \/>\n\t<meta property=\"og:image:height\" content=\"1000\" \/>\n\t<meta property=\"og:image:type\" content=\"image\/png\" \/>\n<meta name=\"twitter:card\" content=\"summary_large_image\" \/>\n<meta name=\"twitter:label1\" content=\"Dur\u00e9e de lecture estim\u00e9e\" \/>\n\t<meta name=\"twitter:data1\" content=\"4 minutes\" \/>\n<!-- \/ Yoast SEO Premium plugin. -->","yoast_head_json":{"title":"secuENTRY Home \u2014 La serrure intelligente s\u00e9curis\u00e9e et confortable","description":"Avec la serrure intelligente moderne secuENTRY, vous profiterez de votre nouvelle \u00ab ind\u00e9pendance des cl\u00e9s \u00bb ! Ouverture par application ou optionnellement par code secret.","robots":{"index":"index","follow":"follow","max-snippet":"max-snippet:-1","max-image-preview":"max-image-preview:large","max-video-preview":"max-video-preview:-1"},"canonical":"https:\/\/test.burgwaechterservice.de\/fr\/p\/serrure-electronique\/secuentry-home\/","og_locale":"fr_FR","og_type":"article","og_title":"secuENTRY Home","og_description":"Avec la serrure intelligente moderne secuENTRY, vous profiterez de votre nouvelle \u00ab ind\u00e9pendance des cl\u00e9s \u00bb ! Ouverture par application ou optionnellement par code secret.","og_url":"https:\/\/test.burgwaechterservice.de\/fr\/p\/serrure-electronique\/secuentry-home\/","og_site_name":"Burg-W\u00e4chter France","article_modified_time":"2022-07-13T04:51:02+00:00","og_image":[{"width":1000,"height":1000,"url":"https:\/\/test.burgwaechterservice.de\/fr\/wp-content\/uploads\/sites\/4\/2022\/02\/secuENTRY-HOME.png","type":"image\/png"}],"twitter_card":"summary_large_image","twitter_misc":{"Dur\u00e9e de lecture estim\u00e9e":"4 minutes"},"schema":{"@context":"https:\/\/schema.org","@graph":[{"@type":"WebPage","@id":"https:\/\/test.burgwaechterservice.de\/fr\/p\/serrure-electronique\/secuentry-home\/","url":"https:\/\/test.burgwaechterservice.de\/fr\/p\/serrure-electronique\/secuentry-home\/","name":"secuENTRY Home \u2014 La serrure intelligente s\u00e9curis\u00e9e et confortable","isPartOf":{"@id":"https:\/\/test.burgwaechterservice.de\/fr\/#website"},"datePublished":"2022-02-21T12:34:11+00:00","dateModified":"2022-07-13T04:51:02+00:00","description":"Avec la serrure intelligente moderne secuENTRY, vous profiterez de votre nouvelle \u00ab ind\u00e9pendance des cl\u00e9s \u00bb ! Ouverture par application ou optionnellement par code secret.","breadcrumb":{"@id":"https:\/\/test.burgwaechterservice.de\/fr\/p\/serrure-electronique\/secuentry-home\/#breadcrumb"},"inLanguage":"fr-FR","potentialAction":[{"@type":"ReadAction","target":["https:\/\/test.burgwaechterservice.de\/fr\/p\/serrure-electronique\/secuentry-home\/"]}]},{"@type":"BreadcrumbList","@id":"https:\/\/test.burgwaechterservice.de\/fr\/p\/serrure-electronique\/secuentry-home\/#breadcrumb","itemListElement":[{"@type":"ListItem","position":1,"name":"Accueil","item":"https:\/\/test.burgwaechterservice.de\/fr\/"},{"@type":"ListItem","position":2,"name":"Produits","item":"https:\/\/test.burgwaechterservice.de\/fr\/p\/"},{"@type":"ListItem","position":3,"name":"secuENTRY Home"}]},{"@type":"WebSite","@id":"https:\/\/test.burgwaechterservice.de\/fr\/#website","url":"https:\/\/test.burgwaechterservice.de\/fr\/","name":"Burg-W\u00e4chter France","description":"Le choix le plus s\u00fbr!","potentialAction":[{"@type":"SearchAction","target":{"@type":"EntryPoint","urlTemplate":"https:\/\/test.burgwaechterservice.de\/fr\/?s={search_term_string}"},"query-input":"required name=search_term_string"}],"inLanguage":"fr-FR"}]}},"_links":{"self":[{"href":"https:\/\/test.burgwaechterservice.de\/fr\/wp-json\/wp\/v2\/product\/605497"}],"collection":[{"href":"https:\/\/test.burgwaechterservice.de\/fr\/wp-json\/wp\/v2\/product"}],"about":[{"href":"https:\/\/test.burgwaechterservice.de\/fr\/wp-json\/wp\/v2\/types\/product"}],"replies":[{"embeddable":true,"href":"https:\/\/test.burgwaechterservice.de\/fr\/wp-json\/wp\/v2\/comments?post=605497"}],"wp:featuredmedia":[{"embeddable":true,"href":"https:\/\/test.burgwaechterservice.de\/fr\/wp-json\/wp\/v2\/media\/605498"}],"wp:attachment":[{"href":"https:\/\/test.burgwaechterservice.de\/fr\/wp-json\/wp\/v2\/media?parent=605497"}],"wp:term":[{"taxonomy":"product_cat","embeddable":true,"href":"https:\/\/test.burgwaechterservice.de\/fr\/wp-json\/wp\/v2\/product_cat?post=605497"},{"taxonomy":"product_tag","embeddable":true,"href":"https:\/\/test.burgwaechterservice.de\/fr\/wp-json\/wp\/v2\/product_tag?post=605497"}],"curies":[{"name":"wp","href":"https:\/\/api.w.org\/{rel}","templated":true}]}}