{"id":579548,"date":"2021-12-21T14:13:37","date_gmt":"2021-12-21T13:13:37","guid":{"rendered":"https:\/\/www.burg.biz\/fr\/p\/briefkasten-postkasten\/boite-a-colis-eboxx-easy-plus\/"},"modified":"2022-01-13T07:56:37","modified_gmt":"2022-01-13T06:56:37","slug":"boite-a-colis-eboxx-easy-plus","status":"publish","type":"product","link":"https:\/\/test.burgwaechterservice.de\/fr\/p\/boites-aux-lettres\/boite-a-colis-eboxx-easy-plus\/","title":{"rendered":"Bo\u00eete \u00e0 colis eBoxx EASY+"},"content":{"rendered":"<h2><strong>La bo\u00eete \u00e0 colis moderne eBoxx EASY+ de BURG-W\u00c4CHTER<\/strong><\/h2>\n<p>Les achats en ligne pourraient \u00eatre tellement faciles et pratiques. Si seulement il n\u2019y avait pas le probl\u00e8me des livraisons manqu\u00e9es. La solution, c\u2019est la bo\u00eete \u00e0 colis eBoxx EASY+ de BURG-W\u00c4CHTER \u00ab\u00a0Made in Germany\u00a0\u00bb. Ainsi, d\u00e9ranger les voisins ou vous d\u00e9placer aux points d\u00e9p\u00f4t des livreurs concern\u00e9s pour r\u00e9cup\u00e9rer vos colis est enfin une chose du pass\u00e9. Car d\u00e9sormais, votre bo\u00eete \u00e0 colis peut recevoir <strong>un ou m\u00eame plusieurs colis de diff\u00e9rents services de livraison de colis<\/strong>. <strong>Mais \u00e9galement le boulanger du coin, le maraicher biologique local ou le fournisseur de boissons \u00e0 domicile pourront d\u00e9poser vos commandes facilement et en toute s\u00e9curit\u00e9 dans votre bo\u00eete \u00e0 colis<\/strong>. Au fait\u00a0: Aucune connexion \u00e9lectrique n\u2019est n\u00e9cessaire. La bo\u00eete \u00e0 colis fonctionne avec des batteries, et elles sont incluses dans la livraison.<\/p>\n<p>La bo\u00eete \u00e0 colis eBoxx EASY+ est disponible en deux tailles (mod\u00e8le E, avec un volume de 98\u00a0l et mod\u00e8le GV, avec 197\u00a0l) et dans les couleurs <strong>blanc et anthracite<\/strong>. En option, une bo\u00eete aux lettres correspondante (mod\u00e8le A) \u00e0 monter sur la bo\u00eete \u00e0 colis est \u00e9galement disponible. Bien entendu, l\u2019eBoxx EASY+ n\u2019est pas seulement con\u00e7ue pour les maisons unifamiliales. Car pour des maisons bifamiliales, ou m\u00eame des immeubles \u00e0 appartements de location, jusqu\u2019\u00e0 <strong>six bo\u00eetes \u00e0 colis individuelles<\/strong> peuvent \u00eatre combin\u00e9es en un ensemble syst\u00e8me.<\/p>\n<h2><a href=\"https:\/\/test.burgwaechterservice.de\/fr\/wp-content\/uploads\/sites\/4\/2021\/12\/ParcelLock_Bilder_Webseite_anthrazit_FR-scaled.jpg\"><img fetchpriority=\"high\" decoding=\"async\" class=\"alignnone wp-image-579563\" src=\"https:\/\/test.burgwaechterservice.de\/fr\/wp-content\/uploads\/sites\/4\/2021\/12\/ParcelLock_Bilder_Webseite_anthrazit_FR-1024x347.jpg\" alt=\"\" width=\"1596\" height=\"541\" srcset=\"https:\/\/test.burgwaechterservice.de\/fr\/wp-content\/uploads\/sites\/4\/2021\/12\/ParcelLock_Bilder_Webseite_anthrazit_FR-1024x347.jpg 1024w, https:\/\/test.burgwaechterservice.de\/fr\/wp-content\/uploads\/sites\/4\/2021\/12\/ParcelLock_Bilder_Webseite_anthrazit_FR-300x102.jpg 300w, https:\/\/test.burgwaechterservice.de\/fr\/wp-content\/uploads\/sites\/4\/2021\/12\/ParcelLock_Bilder_Webseite_anthrazit_FR-768x260.jpg 768w, https:\/\/test.burgwaechterservice.de\/fr\/wp-content\/uploads\/sites\/4\/2021\/12\/ParcelLock_Bilder_Webseite_anthrazit_FR-1536x520.jpg 1536w, https:\/\/test.burgwaechterservice.de\/fr\/wp-content\/uploads\/sites\/4\/2021\/12\/ParcelLock_Bilder_Webseite_anthrazit_FR-2048x693.jpg 2048w\" sizes=\"(max-width: 1596px) 100vw, 1596px\" \/><\/a><\/h2>\n<h2><span lang=\"FR\" style=\"color: black;\">Voil\u00e0 comment fonctionne l\u2019eBoxx EASY+<\/span><\/h2>\n<p><span lang=\"FR\">Les livreurs de colis vont vous adorer. Car d\u00e9sormais, les livreurs de colis <strong>n\u2019auront besoin que de quelques instants pour d\u00e9poser en toute s\u00e9curit\u00e9 une livraison dans votre bo\u00eete \u00e0 colis eBoxx EASY+<\/strong>. Voici comment\u00a0: Il suffit d\u2019appuyer sur le bouton START sur le panneau de commande, d\u2019ouvrir la bo\u00eete \u00e0 colis, d\u2019y ins\u00e9rer le colis \u00e0 livrer et de refermer la porte, puis d\u2019appuyer sur le bouton END. Voil\u00e0 votre colis log\u00e9 en toute s\u00e9curit\u00e9\u00a0!<strong> Pour vous, bien entendu, l\u2019utilisation est toute aussi simple<\/strong>\u00a0: Il suffit d\u2019ouvrir la bo\u00eete \u00e0 colis avec votre code utilisateur personnel et de retirer le ou les colis.<\/span><\/p>\n<h3><span lang=\"FR\">Bo\u00eete \u00e0 colis eBoxx EASY+ pour une ou plusieurs livraisons<\/span><\/h3>\n<p><span lang=\"FR\">Bien entendu, il se peut que plusieurs colis vous soient livr\u00e9s par diff\u00e9rents services de livraison en une seule journ\u00e9e. C\u2019est exactement ce que permet <strong>l\u2019astucieuse \u00ab\u00a0livraison multiple\u00a0\u00bb<\/strong>. Pour ouvrir la bo\u00eete \u00e0 colis, le livreur ou le commer\u00e7ant concern\u00e9 saisissent le code que vous lui avez donn\u00e9 sur le panneau de commande pour ouvrir la bo\u00eete et y d\u00e9poser le colis. Car la bo\u00eete \u00e0 colis est verrouill\u00e9e en toute s\u00e9curit\u00e9 apr\u00e8s chaque livraison, et ne peut \u00eatre ouverte qu\u2019avec un code valide.<\/span><\/p>\n<h3><span lang=\"FR\">Avec la bo\u00eete \u00e0 colis, vous avez le contr\u00f4le total<\/span><\/h3>\n<p><span lang=\"FR\">Vous seul d\u00e9cidez qui est autoris\u00e9 \u00e0 ouvrir la bo\u00eete \u00e0 colis en cas de plusieurs livraisons. Car elle ne peut \u00eatre ouverte que par la saisie d\u2019un code personnel. Ces codes, vous pouvez les cr\u00e9er vous-m\u00eame <strong>avec l\u2019appli gratuite secuENTRY\u00a0KeyApp, disponible pour iOS et Android<\/strong>. Vous envoyez ensuite les codes \u00e0 votre bo\u00eete de colis par Bluetooth en appuyant sur un seul bouton. Bien entendu, vous pouvez changer tous les codes \u00e0 tout moment.<\/span><\/p>\n<h4><span lang=\"FR\">Voici les codes dont vous disposez\u00a0:<\/span><\/h4>\n<ul>\n<li><strong>Code utilisateur\u00a0:<\/strong> Votre code personnel pour ouvrir l\u2019eBoxx EASY+ et pour g\u00e9rer les codes de livreur et les codes uniques.<\/li>\n<li><strong>Code de livreur\u00a0:<\/strong> Code fixe avec une validit\u00e9 permanente pour les livreurs r\u00e9guliers (p. ex., services de livraison de colis, d\u00e9taillants de boissons, boutiques en ligne). Ces codes peuvent \u00eatre m\u00e9moris\u00e9s dans les \u00ab\u00a0Autorisations de d\u00e9p\u00f4t\u00a0\u00bb des livreurs respectifs. Vous pouvez attribuer un maximum de 20\u00a0codes de livreur.<\/li>\n<li><strong>Code unique\u00a0:<\/strong> Codes \u00e0 validit\u00e9 unique, par exemple pour les parents, les voisins ou le boulanger avec les croissants du dimanche. Vous pouvez attribuer un nombre infini de codes \u00e0 usage unique.<\/li>\n<li><strong>Code administrateur\u00a0:<\/strong> Autorise des fonctions primordiales, comme la configuration de la bo\u00eete \u00e0 colis, la gestion du code utilisateur, ainsi que des fonctions comme l\u2019installation des mises \u00e0 jour du micrologiciel. Ce code est \u00e9galement n\u00e9cessaire aux gestionnaires immobiliers, afin de pouvoir configurer les syst\u00e8mes de bo\u00eetes \u00e0 colis. Toutefois, le code administrateur ne permet pas d\u2019ouvrir la bo\u00eete \u00e0 colis.<\/li>\n<\/ul>\n<p><a href=\"https:\/\/test.burgwaechterservice.de\/fr\/wp-content\/uploads\/sites\/4\/2021\/12\/ParcelLock_Bilder_Webseite_anthrazit_FR3-scaled.jpg\"><img decoding=\"async\" class=\"alignnone wp-image-579566 size-full\" src=\"https:\/\/test.burgwaechterservice.de\/fr\/wp-content\/uploads\/sites\/4\/2021\/12\/ParcelLock_Bilder_Webseite_anthrazit_FR3-scaled.jpg\" alt=\"\" width=\"2560\" height=\"867\" srcset=\"https:\/\/test.burgwaechterservice.de\/fr\/wp-content\/uploads\/sites\/4\/2021\/12\/ParcelLock_Bilder_Webseite_anthrazit_FR3-scaled.jpg 2560w, https:\/\/test.burgwaechterservice.de\/fr\/wp-content\/uploads\/sites\/4\/2021\/12\/ParcelLock_Bilder_Webseite_anthrazit_FR3-300x102.jpg 300w, https:\/\/test.burgwaechterservice.de\/fr\/wp-content\/uploads\/sites\/4\/2021\/12\/ParcelLock_Bilder_Webseite_anthrazit_FR3-1024x347.jpg 1024w, https:\/\/test.burgwaechterservice.de\/fr\/wp-content\/uploads\/sites\/4\/2021\/12\/ParcelLock_Bilder_Webseite_anthrazit_FR3-768x260.jpg 768w, https:\/\/test.burgwaechterservice.de\/fr\/wp-content\/uploads\/sites\/4\/2021\/12\/ParcelLock_Bilder_Webseite_anthrazit_FR3-1536x520.jpg 1536w, https:\/\/test.burgwaechterservice.de\/fr\/wp-content\/uploads\/sites\/4\/2021\/12\/ParcelLock_Bilder_Webseite_anthrazit_FR3-2048x693.jpg 2048w\" sizes=\"(max-width: 2560px) 100vw, 2560px\" \/><\/a><\/p>\n<h3><span lang=\"FR\">Montage ind\u00e9pendant, sur un pied, au sol ou sur le mur<\/span><\/h3>\n<p>La bo\u00eete \u00e0 colis est pr\u00e9par\u00e9e (marquage des points de per\u00e7age) pour le <strong>montage sur pied, au mur et au sol<\/strong>. Si vous voulez fixer votre bo\u00eete de colis sur un pied, les options suivantes sont disponibles.<\/p>\n<h4><span lang=\"FR\">\u00c0 b\u00e9tonner:<\/span><\/h4>\n<ul>\n<li><a href=\"https:\/\/test.burgwaechterservice.de\/fr\/p\/boites-aux-lettres\/universal-150-eboxx-ni\/\" target=\"_blank\" rel=\"noopener\">Bo\u00eete universelle eBoxx Ni, en acier inoxydable<\/a><\/li>\n<li><a href=\"https:\/\/test.burgwaechterservice.de\/fr\/p\/boites-aux-lettres\/terzo\/\" target=\"_blank\" rel=\"noopener\">Bo\u00eete Terzo eBoxx en anthracite ou blanc<\/a><\/li>\n<\/ul>\n<h4><span lang=\"FR\">Fixation sur pieds:<\/span><\/h4>\n<ul>\n<li><a href=\"https:\/\/test.burgwaechterservice.de\/fr\/p\/boites-aux-lettres\/sets-dassemblage\/\" target=\"_blank\" rel=\"noopener\">Pieds Terzo en fonte pour montant Terzo<\/a><\/li>\n<\/ul>\n<h3><span lang=\"FR\">La bo\u00eete \u00e0 colis eBoxx EASY+, avec bo\u00eete aux lettres optionnelle<\/span><\/h3>\n<p><span lang=\"FR\">La <strong>combinaison de la bo\u00eete \u00e0 colis avec la bo\u00eete aux lettres correspondante<\/strong> superpos\u00e9e est extr\u00eamement pratique. Ainsi, vous n\u2019avez plus besoin d\u2019une bo\u00eete aux lettres s\u00e9par\u00e9e. Bien entendu, la bo\u00eete aux lettres\u00a0eBoxx s\u2019ajuste exactement sur la bo\u00eete \u00e0 colis. De plus, avec le mod\u00e8le E de l\u2019eBoxx EASY+, la combinaison de jusqu\u2019\u00e0 deux bo\u00eetes aux lettres est possible.<\/span><\/p>\n<p><a href=\"https:\/\/test.burgwaechterservice.de\/fr\/wp-content\/uploads\/sites\/4\/2021\/12\/ParcelLock_Bilder_Webseite_anthrazit_FR-1-scaled.jpg\"><img decoding=\"async\" class=\"alignnone wp-image-579745 size-full\" src=\"https:\/\/test.burgwaechterservice.de\/fr\/wp-content\/uploads\/sites\/4\/2021\/12\/ParcelLock_Bilder_Webseite_anthrazit_FR-1-scaled.jpg\" alt=\"\" width=\"2560\" height=\"867\" srcset=\"https:\/\/test.burgwaechterservice.de\/fr\/wp-content\/uploads\/sites\/4\/2021\/12\/ParcelLock_Bilder_Webseite_anthrazit_FR-1-scaled.jpg 2560w, https:\/\/test.burgwaechterservice.de\/fr\/wp-content\/uploads\/sites\/4\/2021\/12\/ParcelLock_Bilder_Webseite_anthrazit_FR-1-300x102.jpg 300w, https:\/\/test.burgwaechterservice.de\/fr\/wp-content\/uploads\/sites\/4\/2021\/12\/ParcelLock_Bilder_Webseite_anthrazit_FR-1-1024x347.jpg 1024w, https:\/\/test.burgwaechterservice.de\/fr\/wp-content\/uploads\/sites\/4\/2021\/12\/ParcelLock_Bilder_Webseite_anthrazit_FR-1-768x260.jpg 768w, https:\/\/test.burgwaechterservice.de\/fr\/wp-content\/uploads\/sites\/4\/2021\/12\/ParcelLock_Bilder_Webseite_anthrazit_FR-1-1536x520.jpg 1536w, https:\/\/test.burgwaechterservice.de\/fr\/wp-content\/uploads\/sites\/4\/2021\/12\/ParcelLock_Bilder_Webseite_anthrazit_FR-1-2048x693.jpg 2048w\" sizes=\"(max-width: 2560px) 100vw, 2560px\" \/><\/a><\/p>\n<h2>Les bo\u00eetes \u00e0 colis eBoxx EASY+ en un coup d\u2019\u0153il\u00a0:<\/h2>\n<p><a href=\"https:\/\/test.burgwaechterservice.de\/fr\/wp-content\/uploads\/sites\/4\/2021\/12\/ParcelLock_Bilder_Webseite_anthrazit_FR4-scaled.jpg\"><img loading=\"lazy\" decoding=\"async\" class=\"alignnone wp-image-579567 size-full\" src=\"https:\/\/test.burgwaechterservice.de\/fr\/wp-content\/uploads\/sites\/4\/2021\/12\/ParcelLock_Bilder_Webseite_anthrazit_FR4-scaled.jpg\" alt=\"\" width=\"2560\" height=\"867\" srcset=\"https:\/\/test.burgwaechterservice.de\/fr\/wp-content\/uploads\/sites\/4\/2021\/12\/ParcelLock_Bilder_Webseite_anthrazit_FR4-scaled.jpg 2560w, https:\/\/test.burgwaechterservice.de\/fr\/wp-content\/uploads\/sites\/4\/2021\/12\/ParcelLock_Bilder_Webseite_anthrazit_FR4-300x102.jpg 300w, https:\/\/test.burgwaechterservice.de\/fr\/wp-content\/uploads\/sites\/4\/2021\/12\/ParcelLock_Bilder_Webseite_anthrazit_FR4-1024x347.jpg 1024w, https:\/\/test.burgwaechterservice.de\/fr\/wp-content\/uploads\/sites\/4\/2021\/12\/ParcelLock_Bilder_Webseite_anthrazit_FR4-768x260.jpg 768w, https:\/\/test.burgwaechterservice.de\/fr\/wp-content\/uploads\/sites\/4\/2021\/12\/ParcelLock_Bilder_Webseite_anthrazit_FR4-1536x520.jpg 1536w, https:\/\/test.burgwaechterservice.de\/fr\/wp-content\/uploads\/sites\/4\/2021\/12\/ParcelLock_Bilder_Webseite_anthrazit_FR4-2048x693.jpg 2048w\" sizes=\"(max-width: 2560px) 100vw, 2560px\" \/><\/a><\/p>\n<ul>\n<li>Pour tous types de services de livraison de colis, boutiques en ligne et autres livreurs commerciaux ou priv\u00e9s<\/li>\n<li>Tailles\u00a0: E (98\u00a0l) et GV (197\u00a0l)\u00a0; mod\u00e8le E avec une ou deux bo\u00eetes aux lettres comme accessoire parfaitement ajust\u00e9<\/li>\n<li>Couleurs\u00a0: anthracite, blanc<\/li>\n<li>Mat\u00e9riau\u00a0: acier galvanis\u00e9, avec protection anticorrosion<\/li>\n<li>Corps thermolaqu\u00e9<\/li>\n<li>Syst\u00e8me de verrouillage r\u00e9sistant \u00e0 la corrosion<\/li>\n<li>S\u00e9curit\u00e9 enfants<\/li>\n<li>Force de traction 300\u00a0N (niveau de s\u00e9curit\u00e9\u00a03)<\/li>\n<li>Syst\u00e8me de verrouillage antieffraction (niveau de s\u00e9curit\u00e9\u00a02)<\/li>\n<li>Avec plaquette d\u2019identification personnalisable<\/li>\n<li>Les syst\u00e8mes d\u2019\u00e9vacuation de pluie et de ventilation prot\u00e8gent les colis de l\u2019humidit\u00e9<\/li>\n<li>Serrure d\u2019urgence m\u00e9canique (dissimul\u00e9e)<\/li>\n<li>Livr\u00e9 avec mat\u00e9riaux de fixation et batteries n\u00e9cessaires pour une mise en service imm\u00e9diate<\/li>\n<li>Made in Germany<\/li>\n<\/ul>\n<p>&nbsp;<\/p>\n<h4><span lang=\"FR\">Vue d\u2019ensemble des mod\u00e8les<\/span><\/h4>\n<table class=\"ausfuehrung\">\n<thead>\n<tr>\n<td>Article<\/td>\n<td>Couleur<\/td>\n<td>H x L x P (mm)<\/td>\n<td>Volume (l)<\/td>\n<td>Taille max. des colis (H x L x P en mm)<\/td>\n<td>Clapet de courrier (H x L en mm)<\/td>\n<\/tr>\n<\/thead>\n<tbody>\n<tr>\n<td>eBoxx EASY+ E 635 W<\/td>\n<td>blanc<\/td>\n<td>575 x 380 x 450<\/td>\n<td>98<\/td>\n<td>540 x 340 x 405<\/td>\n<td><span style=\"color: #000000;\">&#8211;<\/span><\/td>\n<\/tr>\n<tr>\n<td>eBoxx EASY+ E 635 ANT<\/td>\n<td>anthracite<\/td>\n<td>575 x 380 x 450<\/td>\n<td>98<\/td>\n<td>540 x 340 x 405<\/td>\n<td><span style=\"color: #000000;\">&#8211;<\/span><\/td>\n<\/tr>\n<tr>\n<td>eBoxx EASY+ GV 645 W<\/td>\n<td>blanc<\/td>\n<td>760 x 575 x 450<\/td>\n<td>197<\/td>\n<td>725 x 535 x 405<\/td>\n<td><span style=\"color: #000000;\">&#8211;<\/span><\/td>\n<\/tr>\n<tr>\n<td>eBoxx EASY+ GV 645 ANT<\/td>\n<td>anthracite<\/td>\n<td>760 x 575 x 450<\/td>\n<td>197<\/td>\n<td>725 x 535 x 405<\/td>\n<td><span style=\"color: #000000;\">&#8211;<\/span><\/td>\n<\/tr>\n<tr>\n<td>eBoxx EASY+ A 625 W<\/td>\n<td>blanc<\/td>\n<td>115 x 380 x 450<\/td>\n<td>20<\/td>\n<td>&#8211;<\/td>\n<td>31 x 326<\/td>\n<\/tr>\n<tr>\n<td>eBoxx EASY+ A 625 ANT<\/td>\n<td>anthracite<\/td>\n<td>115 x 380 x 450<\/td>\n<td>20<\/td>\n<td>&#8211;<\/td>\n<td>31 x 326<\/td>\n<\/tr>\n<\/tbody>\n<\/table>\n<div align=\"center\">\n<p>&nbsp;<\/p>\n<\/div>\n","protected":false},"excerpt":{"rendered":"<p>La bo\u00eete \u00e0 colis moderne eBoxx EASY+ de BURG-W\u00c4CHTER Les achats en ligne pourraient \u00eatre tellement faciles et pratiques. Si seulement il n\u2019y avait pas le probl\u00e8me des livraisons manqu\u00e9es. La solution, c\u2019est la bo\u00eete \u00e0 colis eBoxx EASY+ de &hellip; <a class=\"kt-excerpt-readmore\" href=\"https:\/\/test.burgwaechterservice.de\/fr\/p\/boites-aux-lettres\/boite-a-colis-eboxx-easy-plus\/\" aria-label=\"Bo\u00eete \u00e0 colis eBoxx EASY+\">Lire la suite<\/a><\/p>\n","protected":false},"featured_media":579549,"comment_status":"closed","ping_status":"closed","template":"","meta":[],"product_cat":[23,29],"product_tag":[],"yoast_head":"<!-- This site is optimized with the Yoast SEO Premium plugin v18.4 (Yoast SEO v19.13) - https:\/\/yoast.com\/wordpress\/plugins\/seo\/ -->\n<title>eBoxx EASY+: Der clevere Paketkasten f\u00fcr alle Ihre Lieferungen<\/title>\n<meta name=\"description\" content=\"Mit der Paketbox eBoxx EASY+ von BURG-W\u00c4CHTER verpassen Sie nie wieder ein Paket! Moderne Technik, einfaches Handling.\" \/>\n<meta name=\"robots\" content=\"index, follow, max-snippet:-1, max-image-preview:large, max-video-preview:-1\" \/>\n<link rel=\"canonical\" href=\"https:\/\/test.burgwaechterservice.de\/fr\/p\/boites-aux-lettres\/boite-a-colis-eboxx-easy-plus\/\" \/>\n<meta property=\"og:locale\" content=\"fr_FR\" \/>\n<meta property=\"og:type\" content=\"article\" \/>\n<meta property=\"og:title\" content=\"Bo\u00eete \u00e0 colis eBoxx EASY+\" \/>\n<meta property=\"og:description\" content=\"Mit der Paketbox eBoxx EASY+ von BURG-W\u00c4CHTER verpassen Sie nie wieder ein Paket! Moderne Technik, einfaches Handling.\" \/>\n<meta property=\"og:url\" content=\"https:\/\/test.burgwaechterservice.de\/fr\/p\/boites-aux-lettres\/boite-a-colis-eboxx-easy-plus\/\" \/>\n<meta property=\"og:site_name\" content=\"Burg-W\u00e4chter France\" \/>\n<meta property=\"article:modified_time\" content=\"2022-01-13T06:56:37+00:00\" \/>\n<meta property=\"og:image\" content=\"https:\/\/test.burgwaechterservice.de\/fr\/wp-content\/uploads\/sites\/4\/2021\/12\/20201203-burg-waechter-paketbox_anthrazit_WEB-1.jpg\" \/>\n\t<meta property=\"og:image:width\" content=\"1000\" \/>\n\t<meta property=\"og:image:height\" content=\"1000\" \/>\n\t<meta property=\"og:image:type\" content=\"image\/jpeg\" \/>\n<meta name=\"twitter:card\" content=\"summary_large_image\" \/>\n<meta name=\"twitter:label1\" content=\"Dur\u00e9e de lecture estim\u00e9e\" \/>\n\t<meta name=\"twitter:data1\" content=\"7 minutes\" \/>\n<!-- \/ Yoast SEO Premium plugin. -->","yoast_head_json":{"title":"eBoxx EASY+: Der clevere Paketkasten f\u00fcr alle Ihre Lieferungen","description":"Mit der Paketbox eBoxx EASY+ von BURG-W\u00c4CHTER verpassen Sie nie wieder ein Paket! Moderne Technik, einfaches Handling.","robots":{"index":"index","follow":"follow","max-snippet":"max-snippet:-1","max-image-preview":"max-image-preview:large","max-video-preview":"max-video-preview:-1"},"canonical":"https:\/\/test.burgwaechterservice.de\/fr\/p\/boites-aux-lettres\/boite-a-colis-eboxx-easy-plus\/","og_locale":"fr_FR","og_type":"article","og_title":"Bo\u00eete \u00e0 colis eBoxx EASY+","og_description":"Mit der Paketbox eBoxx EASY+ von BURG-W\u00c4CHTER verpassen Sie nie wieder ein Paket! Moderne Technik, einfaches Handling.","og_url":"https:\/\/test.burgwaechterservice.de\/fr\/p\/boites-aux-lettres\/boite-a-colis-eboxx-easy-plus\/","og_site_name":"Burg-W\u00e4chter France","article_modified_time":"2022-01-13T06:56:37+00:00","og_image":[{"width":1000,"height":1000,"url":"https:\/\/test.burgwaechterservice.de\/fr\/wp-content\/uploads\/sites\/4\/2021\/12\/20201203-burg-waechter-paketbox_anthrazit_WEB-1.jpg","type":"image\/jpeg"}],"twitter_card":"summary_large_image","twitter_misc":{"Dur\u00e9e de lecture estim\u00e9e":"7 minutes"},"schema":{"@context":"https:\/\/schema.org","@graph":[{"@type":"WebPage","@id":"https:\/\/test.burgwaechterservice.de\/fr\/p\/boites-aux-lettres\/boite-a-colis-eboxx-easy-plus\/","url":"https:\/\/test.burgwaechterservice.de\/fr\/p\/boites-aux-lettres\/boite-a-colis-eboxx-easy-plus\/","name":"eBoxx EASY+: Der clevere Paketkasten f\u00fcr alle Ihre Lieferungen","isPartOf":{"@id":"https:\/\/test.burgwaechterservice.de\/fr\/#website"},"datePublished":"2021-12-21T13:13:37+00:00","dateModified":"2022-01-13T06:56:37+00:00","description":"Mit der Paketbox eBoxx EASY+ von BURG-W\u00c4CHTER verpassen Sie nie wieder ein Paket! Moderne Technik, einfaches Handling.","breadcrumb":{"@id":"https:\/\/test.burgwaechterservice.de\/fr\/p\/boites-aux-lettres\/boite-a-colis-eboxx-easy-plus\/#breadcrumb"},"inLanguage":"fr-FR","potentialAction":[{"@type":"ReadAction","target":["https:\/\/test.burgwaechterservice.de\/fr\/p\/boites-aux-lettres\/boite-a-colis-eboxx-easy-plus\/"]}]},{"@type":"BreadcrumbList","@id":"https:\/\/test.burgwaechterservice.de\/fr\/p\/boites-aux-lettres\/boite-a-colis-eboxx-easy-plus\/#breadcrumb","itemListElement":[{"@type":"ListItem","position":1,"name":"Accueil","item":"https:\/\/test.burgwaechterservice.de\/fr\/"},{"@type":"ListItem","position":2,"name":"Produits","item":"https:\/\/test.burgwaechterservice.de\/fr\/p\/"},{"@type":"ListItem","position":3,"name":"Bo\u00eete \u00e0 colis eBoxx EASY+"}]},{"@type":"WebSite","@id":"https:\/\/test.burgwaechterservice.de\/fr\/#website","url":"https:\/\/test.burgwaechterservice.de\/fr\/","name":"Burg-W\u00e4chter France","description":"Le choix le plus s\u00fbr!","potentialAction":[{"@type":"SearchAction","target":{"@type":"EntryPoint","urlTemplate":"https:\/\/test.burgwaechterservice.de\/fr\/?s={search_term_string}"},"query-input":"required name=search_term_string"}],"inLanguage":"fr-FR"}]}},"_links":{"self":[{"href":"https:\/\/test.burgwaechterservice.de\/fr\/wp-json\/wp\/v2\/product\/579548"}],"collection":[{"href":"https:\/\/test.burgwaechterservice.de\/fr\/wp-json\/wp\/v2\/product"}],"about":[{"href":"https:\/\/test.burgwaechterservice.de\/fr\/wp-json\/wp\/v2\/types\/product"}],"replies":[{"embeddable":true,"href":"https:\/\/test.burgwaechterservice.de\/fr\/wp-json\/wp\/v2\/comments?post=579548"}],"wp:featuredmedia":[{"embeddable":true,"href":"https:\/\/test.burgwaechterservice.de\/fr\/wp-json\/wp\/v2\/media\/579549"}],"wp:attachment":[{"href":"https:\/\/test.burgwaechterservice.de\/fr\/wp-json\/wp\/v2\/media?parent=579548"}],"wp:term":[{"taxonomy":"product_cat","embeddable":true,"href":"https:\/\/test.burgwaechterservice.de\/fr\/wp-json\/wp\/v2\/product_cat?post=579548"},{"taxonomy":"product_tag","embeddable":true,"href":"https:\/\/test.burgwaechterservice.de\/fr\/wp-json\/wp\/v2\/product_tag?post=579548"}],"curies":[{"name":"wp","href":"https:\/\/api.w.org\/{rel}","templated":true}]}}