{"id":545186,"date":"2021-08-30T09:52:54","date_gmt":"2021-08-30T07:52:54","guid":{"rendered":"https:\/\/www.burg.biz\/fr\/p\/caisse-a-monnaie-boitier-a-clef\/keysplease\/"},"modified":"2022-01-18T12:13:46","modified_gmt":"2022-01-18T11:13:46","slug":"keysplease","status":"publish","type":"product","link":"https:\/\/test.burgwaechterservice.de\/fr\/p\/caisse-a-monnaie-boitier-a-clef\/keysplease\/","title":{"rendered":"Bo\u00eetier \u00e0 cl\u00e9s &#8220;Keys please&#8221;"},"content":{"rendered":"<h2><a href=\"https:\/\/test.burgwaechterservice.de\/?attachment_id=634745\" rel=\"attachment wp-att-634745\"><img decoding=\"async\" class=\"alignnone wp-image-634745\" src=\"https:\/\/test.burgwaechterservice.de\/wp-content\/uploads\/2021\/08\/Piktogramme-Schluesselbox-Keys-von-BURG-WAeCHTER-300x149.jpg\" alt=\"\" width=\"222\" height=\"110\" \/><\/a><\/h2>\n<h2>Bo\u00eetier \u00e0 cl\u00e9s &#8220;Keys please&#8221; avec porte en acier inoxydable<\/h2>\n<p>Chercher ses cl\u00e9s quand on est press\u00e9 peut \u00eatre un vrai calvaire &#8211; Avec la nouvelle bo\u00eete \u00e0 cl\u00e9s &#8220;Keys please&#8221;, c&#8217;est fini. En effet, vous pourrez \u00e0 l&#8217;avenir y ranger vos cl\u00e9s de mani\u00e8re pratique et organis\u00e9e. La bo\u00eete \u00e0 cl\u00e9s est \u00e9quip\u00e9e de <strong>dix crochets, espac\u00e9s les uns des autres de 33 mm<\/strong>, et d&#8217;une fermeture magn\u00e9tique. Vous pouvez r\u00e9gler la force de l&#8217;aimant comme vous le souhaitez.<\/p>\n<h3>Bo\u00eetier \u00e0 cl\u00e9s avec dix crochets, allie \u00e9l\u00e9gance et long\u00e9vit\u00e9<strong><br \/>\n<\/strong><\/h3>\n<p>La porte de la bo\u00eete \u00e0 cl\u00e9s est faite en <strong>acier inoxydable de haute qualit\u00e9<\/strong> pour une longue dur\u00e9e de vie et un entretien facile ; et elle offre un angle d&#8217;ouverture d&#8217;environ 90 degr\u00e9s. La porte s&#8217;ouvre et se ferme \u00e0 l&#8217;aide d&#8217;un pratique bouton. Lui aussi en acier inoxydable. La coque robuste est faite en t\u00f4le d&#8217;acier noire. Avec la griffe \u00e9l\u00e9gante &#8220;Keys PLEASE&#8221;, la bo\u00eete \u00e0 cl\u00e9s <strong>s&#8217;int\u00e8gre harmonieusement dans votre environnement<\/strong>, sans para\u00eetre dominante. Les dimensions de la bo\u00eete \u00e0 cl\u00e9s sont de 240 x 210 x 70 mm. Bien entendu, le mat\u00e9riel de montage n\u00e9cessaire est fourni.<\/p>\n<p>&nbsp;<\/p>\n<h4>Le bo\u00eetier \u00e0 cl\u00e9s &#8220;Keys please&#8221; en aper\u00e7u<\/h4>\n<ul>\n<li>Porte en acier inoxydable<\/li>\n<li>Coque en t\u00f4le d&#8217;acier noire<\/li>\n<li>Fermeture magn\u00e9tique, force de l&#8217;aimant r\u00e9glable<\/li>\n<li>Avec 10 crochets<\/li>\n<li>Angle d&#8217;ouverture d&#8217;environ 90\u00b0<\/li>\n<li>Espace entre les crochets : 33 mm<\/li>\n<li>Mat\u00e9riel de fixation inclus<\/li>\n<li>Dimensions (l x p x h) : 240 x 210 x 70 mm<\/li>\n<\/ul>\n<p>&nbsp;<\/p>\n","protected":false},"excerpt":{"rendered":"<p>Bo\u00eetier \u00e0 cl\u00e9s &#8220;Keys please&#8221; avec porte en acier inoxydable Chercher ses cl\u00e9s quand on est press\u00e9 peut \u00eatre un vrai calvaire &#8211; Avec la nouvelle bo\u00eete \u00e0 cl\u00e9s &#8220;Keys please&#8221;, c&#8217;est fini. En effet, vous pourrez \u00e0 l&#8217;avenir y &hellip; <a class=\"kt-excerpt-readmore\" href=\"https:\/\/test.burgwaechterservice.de\/fr\/p\/caisse-a-monnaie-boitier-a-clef\/keysplease\/\" aria-label=\"Bo\u00eetier \u00e0 cl\u00e9s &#8220;Keys please&#8221;\">Lire la suite<\/a><\/p>\n","protected":false},"featured_media":545187,"comment_status":"closed","ping_status":"closed","template":"","meta":[],"product_cat":[27,47],"product_tag":[7986,7987],"yoast_head":"<!-- This site is optimized with the Yoast SEO Premium plugin v18.4 (Yoast SEO v19.13) - https:\/\/yoast.com\/wordpress\/plugins\/seo\/ -->\n<title>Bo\u00eetier \u00e0 cl\u00e9s de BURG-W\u00c4CHTER : \u00e9l\u00e9gant et pratique<\/title>\n<meta name=\"description\" content=\"La bo\u00eete \u00e0 cl\u00e9s &quot;Keys please&quot; avec porte en acier inoxydable et dix crochets pour les cl\u00e9s &amp; cie. El\u00e9gance et long\u00e9vit\u00e9. Par BURG-W\u00c4CHTER.\" \/>\n<meta name=\"robots\" content=\"index, follow, max-snippet:-1, max-image-preview:large, max-video-preview:-1\" \/>\n<link rel=\"canonical\" href=\"https:\/\/test.burgwaechterservice.de\/fr\/p\/caisse-a-monnaie-boitier-a-clef\/keysplease\/\" \/>\n<meta property=\"og:locale\" content=\"fr_FR\" \/>\n<meta property=\"og:type\" content=\"article\" \/>\n<meta property=\"og:title\" content=\"Bo\u00eetier \u00e0 cl\u00e9s &quot;Keys please&quot;\" \/>\n<meta property=\"og:description\" content=\"La bo\u00eete \u00e0 cl\u00e9s &quot;Keys please&quot; avec porte en acier inoxydable et dix crochets pour les cl\u00e9s &amp; cie. El\u00e9gance et long\u00e9vit\u00e9. Par BURG-W\u00c4CHTER.\" \/>\n<meta property=\"og:url\" content=\"https:\/\/test.burgwaechterservice.de\/fr\/p\/caisse-a-monnaie-boitier-a-clef\/keysplease\/\" \/>\n<meta property=\"og:site_name\" content=\"Burg-W\u00e4chter France\" \/>\n<meta property=\"article:modified_time\" content=\"2022-01-18T11:13:46+00:00\" \/>\n<meta property=\"og:image\" content=\"https:\/\/test.burgwaechterservice.de\/fr\/wp-content\/uploads\/sites\/4\/2021\/08\/BW_KS_Keys_ISO_li_gebogen_ret_4003482336403_.jpg\" \/>\n\t<meta property=\"og:image:width\" content=\"1000\" \/>\n\t<meta property=\"og:image:height\" content=\"1000\" \/>\n\t<meta property=\"og:image:type\" content=\"image\/jpeg\" \/>\n<meta name=\"twitter:card\" content=\"summary_large_image\" \/>\n<meta name=\"twitter:label1\" content=\"Dur\u00e9e de lecture estim\u00e9e\" \/>\n\t<meta name=\"twitter:data1\" content=\"2 minutes\" \/>\n<!-- \/ Yoast SEO Premium plugin. -->","yoast_head_json":{"title":"Bo\u00eetier \u00e0 cl\u00e9s de BURG-W\u00c4CHTER : \u00e9l\u00e9gant et pratique","description":"La bo\u00eete \u00e0 cl\u00e9s \"Keys please\" avec porte en acier inoxydable et dix crochets pour les cl\u00e9s & cie. El\u00e9gance et long\u00e9vit\u00e9. Par BURG-W\u00c4CHTER.","robots":{"index":"index","follow":"follow","max-snippet":"max-snippet:-1","max-image-preview":"max-image-preview:large","max-video-preview":"max-video-preview:-1"},"canonical":"https:\/\/test.burgwaechterservice.de\/fr\/p\/caisse-a-monnaie-boitier-a-clef\/keysplease\/","og_locale":"fr_FR","og_type":"article","og_title":"Bo\u00eetier \u00e0 cl\u00e9s \"Keys please\"","og_description":"La bo\u00eete \u00e0 cl\u00e9s \"Keys please\" avec porte en acier inoxydable et dix crochets pour les cl\u00e9s & cie. El\u00e9gance et long\u00e9vit\u00e9. Par BURG-W\u00c4CHTER.","og_url":"https:\/\/test.burgwaechterservice.de\/fr\/p\/caisse-a-monnaie-boitier-a-clef\/keysplease\/","og_site_name":"Burg-W\u00e4chter France","article_modified_time":"2022-01-18T11:13:46+00:00","og_image":[{"width":1000,"height":1000,"url":"https:\/\/test.burgwaechterservice.de\/fr\/wp-content\/uploads\/sites\/4\/2021\/08\/BW_KS_Keys_ISO_li_gebogen_ret_4003482336403_.jpg","type":"image\/jpeg"}],"twitter_card":"summary_large_image","twitter_misc":{"Dur\u00e9e de lecture estim\u00e9e":"2 minutes"},"schema":{"@context":"https:\/\/schema.org","@graph":[{"@type":"WebPage","@id":"https:\/\/test.burgwaechterservice.de\/fr\/p\/caisse-a-monnaie-boitier-a-clef\/keysplease\/","url":"https:\/\/test.burgwaechterservice.de\/fr\/p\/caisse-a-monnaie-boitier-a-clef\/keysplease\/","name":"Bo\u00eetier \u00e0 cl\u00e9s de BURG-W\u00c4CHTER : \u00e9l\u00e9gant et pratique","isPartOf":{"@id":"https:\/\/test.burgwaechterservice.de\/fr\/#website"},"datePublished":"2021-08-30T07:52:54+00:00","dateModified":"2022-01-18T11:13:46+00:00","description":"La bo\u00eete \u00e0 cl\u00e9s \"Keys please\" avec porte en acier inoxydable et dix crochets pour les cl\u00e9s & cie. El\u00e9gance et long\u00e9vit\u00e9. Par BURG-W\u00c4CHTER.","breadcrumb":{"@id":"https:\/\/test.burgwaechterservice.de\/fr\/p\/caisse-a-monnaie-boitier-a-clef\/keysplease\/#breadcrumb"},"inLanguage":"fr-FR","potentialAction":[{"@type":"ReadAction","target":["https:\/\/test.burgwaechterservice.de\/fr\/p\/caisse-a-monnaie-boitier-a-clef\/keysplease\/"]}]},{"@type":"BreadcrumbList","@id":"https:\/\/test.burgwaechterservice.de\/fr\/p\/caisse-a-monnaie-boitier-a-clef\/keysplease\/#breadcrumb","itemListElement":[{"@type":"ListItem","position":1,"name":"Accueil","item":"https:\/\/test.burgwaechterservice.de\/fr\/"},{"@type":"ListItem","position":2,"name":"Produits","item":"https:\/\/test.burgwaechterservice.de\/fr\/p\/"},{"@type":"ListItem","position":3,"name":"Bo\u00eetier \u00e0 cl\u00e9s &#8220;Keys please&#8221;"}]},{"@type":"WebSite","@id":"https:\/\/test.burgwaechterservice.de\/fr\/#website","url":"https:\/\/test.burgwaechterservice.de\/fr\/","name":"Burg-W\u00e4chter France","description":"Le choix le plus s\u00fbr!","potentialAction":[{"@type":"SearchAction","target":{"@type":"EntryPoint","urlTemplate":"https:\/\/test.burgwaechterservice.de\/fr\/?s={search_term_string}"},"query-input":"required name=search_term_string"}],"inLanguage":"fr-FR"}]}},"_links":{"self":[{"href":"https:\/\/test.burgwaechterservice.de\/fr\/wp-json\/wp\/v2\/product\/545186"}],"collection":[{"href":"https:\/\/test.burgwaechterservice.de\/fr\/wp-json\/wp\/v2\/product"}],"about":[{"href":"https:\/\/test.burgwaechterservice.de\/fr\/wp-json\/wp\/v2\/types\/product"}],"replies":[{"embeddable":true,"href":"https:\/\/test.burgwaechterservice.de\/fr\/wp-json\/wp\/v2\/comments?post=545186"}],"wp:featuredmedia":[{"embeddable":true,"href":"https:\/\/test.burgwaechterservice.de\/fr\/wp-json\/wp\/v2\/media\/545187"}],"wp:attachment":[{"href":"https:\/\/test.burgwaechterservice.de\/fr\/wp-json\/wp\/v2\/media?parent=545186"}],"wp:term":[{"taxonomy":"product_cat","embeddable":true,"href":"https:\/\/test.burgwaechterservice.de\/fr\/wp-json\/wp\/v2\/product_cat?post=545186"},{"taxonomy":"product_tag","embeddable":true,"href":"https:\/\/test.burgwaechterservice.de\/fr\/wp-json\/wp\/v2\/product_tag?post=545186"}],"curies":[{"name":"wp","href":"https:\/\/api.w.org\/{rel}","templated":true}]}}