{"id":540875,"date":"2021-08-12T14:19:46","date_gmt":"2021-08-12T12:19:46","guid":{"rendered":"https:\/\/www.burg.biz\/fr\/p\/portes-et-fenetres\/fsa-2020\/"},"modified":"2021-08-23T14:24:05","modified_gmt":"2021-08-23T12:24:05","slug":"fsa-2020","status":"publish","type":"product","link":"https:\/\/test.burgwaechterservice.de\/fr\/p\/portes-et-fenetres\/fsa-2020\/","title":{"rendered":"Alarme fen\u00eatre FSA 2020"},"content":{"rendered":"<h2>L&#8217;alarme pour fen\u00eatre FSA 2020 &#8211; met les cambrioleurs en d\u00e9route !<\/h2>\n<p>L&#8217;alarme pour fen\u00eatres FSA 2020 s\u00e9curise les portes et les fen\u00eatres.<\/p>\n<h3>Fonctionnement<\/h3>\n<p>Le fonctionnement est tr\u00e8s simple : L&#8217;alarme est active lorsque le loquet est bascul\u00e9 sur le c\u00f4t\u00e9. Si la fen\u00eatre est ouverte de mani\u00e8re non voulue, une alarme retentit. Avec un volume de<strong> 110 d\u00e9cibels<\/strong>, cette derni\u00e8re est comparable en terme de volume sonore \u00e0 une tron\u00e7onneuse. Non seulement l&#8217;alarme pour fen\u00eatre alerte les occupants de la maison, mais elle attire aussi l&#8217;attention des voisins sur la tentative de cambriolage<\/p>\n<p>Important : L&#8217;alarme FSA 2020ne constitue qu&#8217;une protection dissuasive contre le cambriolage. Nous vous recommandons en suppl\u00e9ment une s\u00e9curit\u00e9 pour fen\u00eatre certifi\u00e9e de la gamme WinSafe.<\/p>\n<h3>Comment installer l&#8217;alarme pour fen\u00eatre 2020<\/h3>\n<p>Le FSA 2020 est adapt\u00e9 pour des fen\u00eatres en acier, PVC, aluminium et bois. Cette alarme pour fen\u00eatre peut \u00eatre install\u00e9 sans difficult\u00e9 pour une largeur de montage d&#8217;au moins 23 mm.<\/p>\n<p>La pose ne dure que quelques minutes : marquer les trous au crayon, percer, puis visser ensuite le produit fermement. Pour les fen\u00eatres avec un cadre profond, des intercales sont fournies. De m\u00eame, les vis adapt\u00e9es pour l&#8217;installation sont fournies avec le produit.<\/p>\n<h3>Le petit plus s\u00e9curit\u00e9 pour vos enfants<\/h3>\n<p>Par ailleurs, l&#8217;alarme pour fen\u00eatre FSA 2020 peut \u00eatre utilis\u00e9e aussi comme s\u00e9curit\u00e9 enfant. Si l&#8217;alarme est install\u00e9e sur la partie sup\u00e9rieure de la fen\u00eatre hors de port\u00e9e des enfants, ils ne peuvent pas d\u00e9verrouiller le syst\u00e8me d&#8217;alarme. Ainsi, les parents sont avertis lorsque les enfants veulent ouvrir une fen\u00eatre ou une porte sans autorisation.<\/p>\n<h3>Le FSA 2020 en aper\u00e7u<\/h3>\n<ul>\n<li>Alarme pour fen\u00eatre avec 110 d\u00e9cibels<\/li>\n<li>Loquet pivotant solide<\/li>\n<li>Installation simple \u00e0 faire soi-m\u00eame<\/li>\n<li>Largeur minimale pour l&#8217;installation : 23 mm<\/li>\n<li>Pour les fen\u00eatres en acier, PVC, aluminium et bois<\/li>\n<\/ul>\n<p>&nbsp;<\/p>\n","protected":false},"excerpt":{"rendered":"<p>L&#8217;alarme pour fen\u00eatre FSA 2020 &#8211; met les cambrioleurs en d\u00e9route ! L&#8217;alarme pour fen\u00eatres FSA 2020 s\u00e9curise les portes et les fen\u00eatres. Fonctionnement Le fonctionnement est tr\u00e8s simple : L&#8217;alarme est active lorsque le loquet est bascul\u00e9 sur le &hellip; <a class=\"kt-excerpt-readmore\" href=\"https:\/\/test.burgwaechterservice.de\/fr\/p\/portes-et-fenetres\/fsa-2020\/\" aria-label=\"Alarme fen\u00eatre FSA 2020\">Lire la suite<\/a><\/p>\n","protected":false},"featured_media":540876,"comment_status":"closed","ping_status":"closed","template":"","meta":[],"product_cat":[35,57],"product_tag":[],"yoast_head":"<!-- This site is optimized with the Yoast SEO Premium plugin v18.4 (Yoast SEO v19.13) - https:\/\/yoast.com\/wordpress\/plugins\/seo\/ -->\n<title>L&#039;alarme pour fen\u00eatre FSA 2020 par le sp\u00e9cialiste BURG-W\u00c4CHTER<\/title>\n<meta name=\"description\" content=\"Alarme de fen\u00eatre FSA 2020 - retentit si une fen\u00eatre est ouverte. S&#039;active ou se d\u00e9sactive en poussant un simple loquet. Par BURG-W\u00c4CHTER\" \/>\n<meta name=\"robots\" content=\"index, follow, max-snippet:-1, max-image-preview:large, max-video-preview:-1\" \/>\n<link rel=\"canonical\" href=\"https:\/\/test.burgwaechterservice.de\/fr\/p\/portes-et-fenetres\/fsa-2020\/\" \/>\n<meta property=\"og:locale\" content=\"fr_FR\" \/>\n<meta property=\"og:type\" content=\"article\" \/>\n<meta property=\"og:title\" content=\"Alarme fen\u00eatre FSA 2020\" \/>\n<meta property=\"og:description\" content=\"Alarme de fen\u00eatre FSA 2020 - retentit si une fen\u00eatre est ouverte. S&#039;active ou se d\u00e9sactive en poussant un simple loquet. Par BURG-W\u00c4CHTER\" \/>\n<meta property=\"og:url\" content=\"https:\/\/test.burgwaechterservice.de\/fr\/p\/portes-et-fenetres\/fsa-2020\/\" \/>\n<meta property=\"og:site_name\" content=\"Burg-W\u00e4chter France\" \/>\n<meta property=\"article:modified_time\" content=\"2021-08-23T12:24:05+00:00\" \/>\n<meta property=\"og:image\" content=\"https:\/\/test.burgwaechterservice.de\/fr\/wp-content\/uploads\/sites\/4\/2021\/08\/BURG-WAeCHTER-Fensteralarm-FSA-2020.jpg\" \/>\n\t<meta property=\"og:image:width\" content=\"800\" \/>\n\t<meta property=\"og:image:height\" content=\"800\" \/>\n\t<meta property=\"og:image:type\" content=\"image\/jpeg\" \/>\n<meta name=\"twitter:card\" content=\"summary_large_image\" \/>\n<meta name=\"twitter:label1\" content=\"Dur\u00e9e de lecture estim\u00e9e\" \/>\n\t<meta name=\"twitter:data1\" content=\"2 minutes\" \/>\n<!-- \/ Yoast SEO Premium plugin. -->","yoast_head_json":{"title":"L'alarme pour fen\u00eatre FSA 2020 par le sp\u00e9cialiste BURG-W\u00c4CHTER","description":"Alarme de fen\u00eatre FSA 2020 - retentit si une fen\u00eatre est ouverte. S'active ou se d\u00e9sactive en poussant un simple loquet. Par BURG-W\u00c4CHTER","robots":{"index":"index","follow":"follow","max-snippet":"max-snippet:-1","max-image-preview":"max-image-preview:large","max-video-preview":"max-video-preview:-1"},"canonical":"https:\/\/test.burgwaechterservice.de\/fr\/p\/portes-et-fenetres\/fsa-2020\/","og_locale":"fr_FR","og_type":"article","og_title":"Alarme fen\u00eatre FSA 2020","og_description":"Alarme de fen\u00eatre FSA 2020 - retentit si une fen\u00eatre est ouverte. S'active ou se d\u00e9sactive en poussant un simple loquet. Par BURG-W\u00c4CHTER","og_url":"https:\/\/test.burgwaechterservice.de\/fr\/p\/portes-et-fenetres\/fsa-2020\/","og_site_name":"Burg-W\u00e4chter France","article_modified_time":"2021-08-23T12:24:05+00:00","og_image":[{"width":800,"height":800,"url":"https:\/\/test.burgwaechterservice.de\/fr\/wp-content\/uploads\/sites\/4\/2021\/08\/BURG-WAeCHTER-Fensteralarm-FSA-2020.jpg","type":"image\/jpeg"}],"twitter_card":"summary_large_image","twitter_misc":{"Dur\u00e9e de lecture estim\u00e9e":"2 minutes"},"schema":{"@context":"https:\/\/schema.org","@graph":[{"@type":"WebPage","@id":"https:\/\/test.burgwaechterservice.de\/fr\/p\/portes-et-fenetres\/fsa-2020\/","url":"https:\/\/test.burgwaechterservice.de\/fr\/p\/portes-et-fenetres\/fsa-2020\/","name":"L'alarme pour fen\u00eatre FSA 2020 par le sp\u00e9cialiste BURG-W\u00c4CHTER","isPartOf":{"@id":"https:\/\/test.burgwaechterservice.de\/fr\/#website"},"datePublished":"2021-08-12T12:19:46+00:00","dateModified":"2021-08-23T12:24:05+00:00","description":"Alarme de fen\u00eatre FSA 2020 - retentit si une fen\u00eatre est ouverte. S'active ou se d\u00e9sactive en poussant un simple loquet. Par BURG-W\u00c4CHTER","breadcrumb":{"@id":"https:\/\/test.burgwaechterservice.de\/fr\/p\/portes-et-fenetres\/fsa-2020\/#breadcrumb"},"inLanguage":"fr-FR","potentialAction":[{"@type":"ReadAction","target":["https:\/\/test.burgwaechterservice.de\/fr\/p\/portes-et-fenetres\/fsa-2020\/"]}]},{"@type":"BreadcrumbList","@id":"https:\/\/test.burgwaechterservice.de\/fr\/p\/portes-et-fenetres\/fsa-2020\/#breadcrumb","itemListElement":[{"@type":"ListItem","position":1,"name":"Accueil","item":"https:\/\/test.burgwaechterservice.de\/fr\/"},{"@type":"ListItem","position":2,"name":"Produits","item":"https:\/\/test.burgwaechterservice.de\/fr\/p\/"},{"@type":"ListItem","position":3,"name":"Alarme fen\u00eatre FSA 2020"}]},{"@type":"WebSite","@id":"https:\/\/test.burgwaechterservice.de\/fr\/#website","url":"https:\/\/test.burgwaechterservice.de\/fr\/","name":"Burg-W\u00e4chter France","description":"Le choix le plus s\u00fbr!","potentialAction":[{"@type":"SearchAction","target":{"@type":"EntryPoint","urlTemplate":"https:\/\/test.burgwaechterservice.de\/fr\/?s={search_term_string}"},"query-input":"required name=search_term_string"}],"inLanguage":"fr-FR"}]}},"_links":{"self":[{"href":"https:\/\/test.burgwaechterservice.de\/fr\/wp-json\/wp\/v2\/product\/540875"}],"collection":[{"href":"https:\/\/test.burgwaechterservice.de\/fr\/wp-json\/wp\/v2\/product"}],"about":[{"href":"https:\/\/test.burgwaechterservice.de\/fr\/wp-json\/wp\/v2\/types\/product"}],"replies":[{"embeddable":true,"href":"https:\/\/test.burgwaechterservice.de\/fr\/wp-json\/wp\/v2\/comments?post=540875"}],"wp:featuredmedia":[{"embeddable":true,"href":"https:\/\/test.burgwaechterservice.de\/fr\/wp-json\/wp\/v2\/media\/540876"}],"wp:attachment":[{"href":"https:\/\/test.burgwaechterservice.de\/fr\/wp-json\/wp\/v2\/media?parent=540875"}],"wp:term":[{"taxonomy":"product_cat","embeddable":true,"href":"https:\/\/test.burgwaechterservice.de\/fr\/wp-json\/wp\/v2\/product_cat?post=540875"},{"taxonomy":"product_tag","embeddable":true,"href":"https:\/\/test.burgwaechterservice.de\/fr\/wp-json\/wp\/v2\/product_tag?post=540875"}],"curies":[{"name":"wp","href":"https:\/\/api.w.org\/{rel}","templated":true}]}}