{"id":540861,"date":"2021-08-10T14:56:27","date_gmt":"2021-08-10T12:56:27","guid":{"rendered":"https:\/\/www.burg.biz\/fr\/p\/cadenas-et-porte-cadenas\/snaplock-715\/"},"modified":"2021-11-04T08:48:39","modified_gmt":"2021-11-04T07:48:39","slug":"snaplock-715","status":"publish","type":"product","link":"https:\/\/test.burgwaechterservice.de\/fr\/p\/cadenas-et-porte-cadenas\/snaplock-715\/","title":{"rendered":"Snap+Lock 715"},"content":{"rendered":"<h2><img fetchpriority=\"high\" decoding=\"async\" class=\"alignnone wp-image-629871\" src=\"https:\/\/test.burgwaechterservice.de\/wp-content\/uploads\/2021\/07\/Snap_Lock__.jpg\" alt=\"F\u00fcr den vielf\u00e4ltigen Einsatz: Das Seilschloss Snap+Lock 715 von BURG-W\u00c4CHTER\" width=\"578\" height=\"105\" \/><\/h2>\n<h2><span style=\"color: #000000;\">Snap+Lock 715 \u2013 Le c\u00e2ble antivol en deux longueurs avec serrure \u00e0 code int\u00e9gr\u00e9e<\/span><\/h2>\n<p>S\u00e9curiser rapidement des bagages, des \u00e9quipements de sport ou une poussette. C&#8217;est pr\u00e9cis\u00e9ment ce pour quoi le c\u00e2ble antivol Snap+Lock 715 est fait. Gr\u00e2ce \u00e0 la serrure \u00e0 code \u00e0 quatre chiffres, vous pouvez verrouiller tous les objets. De cette fa\u00e7on, ils sont prot\u00e9g\u00e9s contre l&#8217;enl\u00e8vement ou le vol opportuniste. Bien entendu, vous pouvez choisir librement le code secret et le modifier \u00e0 tout moment.<\/p>\n<h3>Un c\u00e2ble antivol compact : Il se rembobine compl\u00e8tement en appuyant simplement sur un bouton<\/h3>\n<p>Le c\u00e2ble antivol est disponible en deux longueurs. 90 (diam\u00e8tre du c\u00e2ble 3,0 mm) et 135 centim\u00e8tres (diam\u00e8tre du c\u00e2ble 2,4 mm). Ainsi, vous trouverez le mod\u00e8le qui convient \u00e0 votre utilisation personnelle. Les dimensions compactes de l&#8217;ensemble sont particuli\u00e8rement pratiques. En effet, le c\u00e2ble peut \u00eatre r\u00e9tract\u00e9 en appuyant sur un bouton. Ainsi, ce c\u00e2ble antivol a une taille globale de seulement 95 x 67 mm.<\/p>\n<p>&nbsp;<\/p>\n<h4><span style=\"color: #000000;\">Le c\u00e2ble antivol Snap+Lock 715 en aper\u00e7u :<\/span><\/h4>\n<ul>\n<li><span style=\"color: #000000;\">C\u00e2ble antivol compact s&#8217;ouvrant \u00e0 l&#8217;aide d&#8217;une combinaison chiffr\u00e9e<br \/>\n<\/span><\/li>\n<li><span style=\"color: #000000;\">Code secret personnalisable<br \/>\n<\/span><\/li>\n<li><span style=\"color: #000000;\">Le c\u00e2ble se rembobine automatiquement lorsqu&#8217;on appuie sur un bouton<\/span><\/li>\n<li><span style=\"color: #000000;\">Pour parer \u00e0 l&#8217;enl\u00e8vement et le vol opportuniste<br \/>\n<\/span><\/li>\n<li><span style=\"color: #000000;\">Pour s\u00e9curiser vos bagages, vos articles de sport ou votre poussette<\/span><\/li>\n<\/ul>\n<p>&nbsp;<\/p>\n<table class=\"ausfuehrung\">\n<thead>\n<tr>\n<td>Article<\/td>\n<td>Longueur (cm)<\/td>\n<td>Diam\u00e8tre du c\u00e2ble (mm)<\/td>\n<\/tr>\n<\/thead>\n<tbody>\n<tr>\n<td>715\/90 SB<\/td>\n<td>90<\/td>\n<td>3,0<\/td>\n<\/tr>\n<tr>\n<td>715\/135 SB<\/td>\n<td>135<\/td>\n<td>2,4<\/td>\n<\/tr>\n<\/tbody>\n<\/table>\n","protected":false},"excerpt":{"rendered":"<p>Snap+Lock 715 \u2013 Le c\u00e2ble antivol en deux longueurs avec serrure \u00e0 code int\u00e9gr\u00e9e S\u00e9curiser rapidement des bagages, des \u00e9quipements de sport ou une poussette. C&#8217;est pr\u00e9cis\u00e9ment ce pour quoi le c\u00e2ble antivol Snap+Lock 715 est fait. Gr\u00e2ce \u00e0 la &hellip; <a class=\"kt-excerpt-readmore\" href=\"https:\/\/test.burgwaechterservice.de\/fr\/p\/cadenas-et-porte-cadenas\/snaplock-715\/\" aria-label=\"Snap+Lock 715\">Lire la suite<\/a><\/p>\n","protected":false},"featured_media":540862,"comment_status":"closed","ping_status":"closed","template":"","meta":[],"product_cat":[30,7942],"product_tag":[7967,7966],"yoast_head":"<!-- This site is optimized with the Yoast SEO Premium plugin v18.4 (Yoast SEO v19.13) - https:\/\/yoast.com\/wordpress\/plugins\/seo\/ -->\n<title>Snap+Lock 715 : Le c\u00e2ble antivol compact en deux longueurs<\/title>\n<meta name=\"description\" content=\"Snap+Lock 715 de BURG-W\u00c4CHTER : S\u00e9curise par exemple vos bagages, \u00e9quipements sportifs ou une poussette. Serrure \u00e0 code. C\u00e2ble rembobinable.\" \/>\n<meta name=\"robots\" content=\"index, follow, max-snippet:-1, max-image-preview:large, max-video-preview:-1\" \/>\n<link rel=\"canonical\" href=\"https:\/\/test.burgwaechterservice.de\/fr\/p\/cadenas-et-porte-cadenas\/snaplock-715\/\" \/>\n<meta property=\"og:locale\" content=\"fr_FR\" \/>\n<meta property=\"og:type\" content=\"article\" \/>\n<meta property=\"og:title\" content=\"Snap+Lock 715\" \/>\n<meta property=\"og:description\" content=\"Snap+Lock 715 de BURG-W\u00c4CHTER : S\u00e9curise par exemple vos bagages, \u00e9quipements sportifs ou une poussette. Serrure \u00e0 code. C\u00e2ble rembobinable.\" \/>\n<meta property=\"og:url\" content=\"https:\/\/test.burgwaechterservice.de\/fr\/p\/cadenas-et-porte-cadenas\/snaplock-715\/\" \/>\n<meta property=\"og:site_name\" content=\"Burg-W\u00e4chter France\" \/>\n<meta property=\"article:modified_time\" content=\"2021-11-04T07:48:39+00:00\" \/>\n<meta property=\"og:image\" content=\"https:\/\/test.burgwaechterservice.de\/fr\/wp-content\/uploads\/sites\/4\/2021\/08\/BW_SR_715_ISO_.jpg\" \/>\n\t<meta property=\"og:image:width\" content=\"1000\" \/>\n\t<meta property=\"og:image:height\" content=\"977\" \/>\n\t<meta property=\"og:image:type\" content=\"image\/jpeg\" \/>\n<meta name=\"twitter:card\" content=\"summary_large_image\" \/>\n<meta name=\"twitter:label1\" content=\"Dur\u00e9e de lecture estim\u00e9e\" \/>\n\t<meta name=\"twitter:data1\" content=\"2 minutes\" \/>\n<!-- \/ Yoast SEO Premium plugin. -->","yoast_head_json":{"title":"Snap+Lock 715 : Le c\u00e2ble antivol compact en deux longueurs","description":"Snap+Lock 715 de BURG-W\u00c4CHTER : S\u00e9curise par exemple vos bagages, \u00e9quipements sportifs ou une poussette. Serrure \u00e0 code. C\u00e2ble rembobinable.","robots":{"index":"index","follow":"follow","max-snippet":"max-snippet:-1","max-image-preview":"max-image-preview:large","max-video-preview":"max-video-preview:-1"},"canonical":"https:\/\/test.burgwaechterservice.de\/fr\/p\/cadenas-et-porte-cadenas\/snaplock-715\/","og_locale":"fr_FR","og_type":"article","og_title":"Snap+Lock 715","og_description":"Snap+Lock 715 de BURG-W\u00c4CHTER : S\u00e9curise par exemple vos bagages, \u00e9quipements sportifs ou une poussette. Serrure \u00e0 code. C\u00e2ble rembobinable.","og_url":"https:\/\/test.burgwaechterservice.de\/fr\/p\/cadenas-et-porte-cadenas\/snaplock-715\/","og_site_name":"Burg-W\u00e4chter France","article_modified_time":"2021-11-04T07:48:39+00:00","og_image":[{"width":1000,"height":977,"url":"https:\/\/test.burgwaechterservice.de\/fr\/wp-content\/uploads\/sites\/4\/2021\/08\/BW_SR_715_ISO_.jpg","type":"image\/jpeg"}],"twitter_card":"summary_large_image","twitter_misc":{"Dur\u00e9e de lecture estim\u00e9e":"2 minutes"},"schema":{"@context":"https:\/\/schema.org","@graph":[{"@type":"WebPage","@id":"https:\/\/test.burgwaechterservice.de\/fr\/p\/cadenas-et-porte-cadenas\/snaplock-715\/","url":"https:\/\/test.burgwaechterservice.de\/fr\/p\/cadenas-et-porte-cadenas\/snaplock-715\/","name":"Snap+Lock 715 : Le c\u00e2ble antivol compact en deux longueurs","isPartOf":{"@id":"https:\/\/test.burgwaechterservice.de\/fr\/#website"},"datePublished":"2021-08-10T12:56:27+00:00","dateModified":"2021-11-04T07:48:39+00:00","description":"Snap+Lock 715 de BURG-W\u00c4CHTER : S\u00e9curise par exemple vos bagages, \u00e9quipements sportifs ou une poussette. Serrure \u00e0 code. C\u00e2ble rembobinable.","breadcrumb":{"@id":"https:\/\/test.burgwaechterservice.de\/fr\/p\/cadenas-et-porte-cadenas\/snaplock-715\/#breadcrumb"},"inLanguage":"fr-FR","potentialAction":[{"@type":"ReadAction","target":["https:\/\/test.burgwaechterservice.de\/fr\/p\/cadenas-et-porte-cadenas\/snaplock-715\/"]}]},{"@type":"BreadcrumbList","@id":"https:\/\/test.burgwaechterservice.de\/fr\/p\/cadenas-et-porte-cadenas\/snaplock-715\/#breadcrumb","itemListElement":[{"@type":"ListItem","position":1,"name":"Accueil","item":"https:\/\/test.burgwaechterservice.de\/fr\/"},{"@type":"ListItem","position":2,"name":"Produits","item":"https:\/\/test.burgwaechterservice.de\/fr\/p\/"},{"@type":"ListItem","position":3,"name":"Snap+Lock 715"}]},{"@type":"WebSite","@id":"https:\/\/test.burgwaechterservice.de\/fr\/#website","url":"https:\/\/test.burgwaechterservice.de\/fr\/","name":"Burg-W\u00e4chter France","description":"Le choix le plus s\u00fbr!","potentialAction":[{"@type":"SearchAction","target":{"@type":"EntryPoint","urlTemplate":"https:\/\/test.burgwaechterservice.de\/fr\/?s={search_term_string}"},"query-input":"required name=search_term_string"}],"inLanguage":"fr-FR"}]}},"_links":{"self":[{"href":"https:\/\/test.burgwaechterservice.de\/fr\/wp-json\/wp\/v2\/product\/540861"}],"collection":[{"href":"https:\/\/test.burgwaechterservice.de\/fr\/wp-json\/wp\/v2\/product"}],"about":[{"href":"https:\/\/test.burgwaechterservice.de\/fr\/wp-json\/wp\/v2\/types\/product"}],"replies":[{"embeddable":true,"href":"https:\/\/test.burgwaechterservice.de\/fr\/wp-json\/wp\/v2\/comments?post=540861"}],"wp:featuredmedia":[{"embeddable":true,"href":"https:\/\/test.burgwaechterservice.de\/fr\/wp-json\/wp\/v2\/media\/540862"}],"wp:attachment":[{"href":"https:\/\/test.burgwaechterservice.de\/fr\/wp-json\/wp\/v2\/media?parent=540861"}],"wp:term":[{"taxonomy":"product_cat","embeddable":true,"href":"https:\/\/test.burgwaechterservice.de\/fr\/wp-json\/wp\/v2\/product_cat?post=540861"},{"taxonomy":"product_tag","embeddable":true,"href":"https:\/\/test.burgwaechterservice.de\/fr\/wp-json\/wp\/v2\/product_tag?post=540861"}],"curies":[{"name":"wp","href":"https:\/\/api.w.org\/{rel}","templated":true}]}}