{"id":540800,"date":"2021-07-22T14:44:43","date_gmt":"2021-07-22T12:44:43","guid":{"rendered":"https:\/\/www.burg.biz\/fr\/p\/coffres-forts\/coffre-fort-mural-karat\/"},"modified":"2022-06-24T11:26:06","modified_gmt":"2022-06-24T09:26:06","slug":"coffre-fort-mural-karat","status":"publish","type":"product","link":"https:\/\/test.burgwaechterservice.de\/fr\/p\/coffres-forts\/coffre-fort-mural-karat\/","title":{"rendered":"Coffre-fort mural Karat WT 613 &#8211; WT 616"},"content":{"rendered":"<h2>Le coffre-fort Karat avec degr\u00e9 de r\u00e9sistance 0<\/h2>\n<p>Avec le coffre-fort mural Karat, vous b\u00e9n\u00e9ficiez non seulement d&#8217;une protection optimale contre le vol, mais vous avez \u00e9galement la <strong>possibilit\u00e9 d&#8217;adapter le coffre-fort en fonction de l&#8217;\u00e9paisseur du mur et de vos besoins sp\u00e9cifiques<\/strong>. Le coffre-fort mural Karat est particuli\u00e8rement bien adapt\u00e9 au stockage cach\u00e9 et s\u00e9curis\u00e9 des objets de valeur au <strong>quotidien<\/strong>. Surtout lorsqu&#8217;une adaptation sp\u00e9ciale pour le mur est n\u00e9cessaire. Le coffre-fort mural peut \u00e9galement \u00eatre utilis\u00e9 <strong>au bureau ou pour les affaires<\/strong>.<\/p>\n<p>Au vu de la s\u00e9curit\u00e9 contr\u00f4l\u00e9e par l&#8217;<strong>ECB-S<\/strong> et le <strong>VdS<\/strong> et la <strong>protection anti-effraction certifi\u00e9e selon la norme EN 1143-1 avec le niveau de r\u00e9sistance 0 (N)<\/strong>, vous faites le choix le plus s\u00fbr avec le Karat. Le plus petit coffre-fort mural de la gamme, <strong>le Karat WT 613 E<\/strong>, <strong>offre un niveau de s\u00e9curit\u00e9 B suivant la norme VDMA 24992<\/strong>.<\/p>\n<h3>Une solution pratique pour une utilisation optimale de l&#8217;espace<\/h3>\n<p>Le coffre-fort mural Karat offre une <strong>profondeur variable<\/strong>. Gr\u00e2ce au <strong>corps r\u00e9glable du coffre-fort<\/strong>, vous disposez \u00e0 d\u00e9ploiement maximal d&#8217;une profondeur adapt\u00e9e aux dossiers et grands classeurs (\u00e0 l&#8217;exception du WT 613 E) et donc d&#8217;un espace suffisant pour les documents importants. L&#8217;\u00e9tag\u00e8re s&#8217;adapte individuellement \u00e0 toutes les profondeurs. Elle est r\u00e9glable et vous permet d&#8217;organiser et de ranger plus facilement vos objets de valeur.<\/p>\n<h3>Un mat\u00e9riau prot\u00e9g\u00e9 contre le d\u00e9coupage au chalumeau<\/h3>\n<p>Le cadre de la coque du coffre-fort mural Karat 614 et 616 est fabriqu\u00e9 en <strong>acier inoxydable r\u00e9sistant \u00e0 la d\u00e9coupe au chalumeau<\/strong>. Le coffre-fort prot\u00e8ge de mani\u00e8re fiable vos objets de valeur non seulement contre le vol, mais aussi contre le feu et la chaleur gr\u00e2ce au <strong>mat\u00e9riau ignifuge selon DIN 4102-A1<\/strong> int\u00e9gr\u00e9 dans la porte et \u00e0 la<strong> rainure anti-feu sur tout le pourtour du corps<\/strong>.<\/p>\n<h3>Une armature suppl\u00e9mentaire offre une protection s\u00fbre \u00e0 la porte<\/h3>\n<p>La porte du coffre-fort mural est \u00e0 double paroi et \u00e9quip\u00e9e de <strong>renforts protecteurs<\/strong> suppl\u00e9mentaires. La plaque de porte est faite en acier SM massif de 7 mm d&#8217;\u00e9paisseur. La porte est verrouill\u00e9e sur trois c\u00f4t\u00e9s et par de solides boulons carr\u00e9s. Les boulons de verrouillage en haut et en bas disposent d&#8217;un rouleau en acier int\u00e9gr\u00e9. Ce qui veut dire une <strong>protection suppl\u00e9mentaire extr\u00eame<\/strong> contre le d\u00e9coupage au chalumeau, le per\u00e7age et l&#8217;enfoncement. Un rail de maintien arri\u00e8re du c\u00f4t\u00e9 charni\u00e8re augmente la r\u00e9sistance aux tentatives d&#8217;effraction.<\/p>\n<p><strong>Votre Plus s\u00e9curit\u00e9 dans les gammes 614 et 616 :<\/strong> un <strong>syst\u00e8me de verrouillage thermique d&#8217;urgence <\/strong>et une <strong>s\u00e9curit\u00e9 sp\u00e9ciale anti-enfoncement<\/strong> devant chaque boulon de verrouillage augmentent le niveau de s\u00e9curit\u00e9 encore davantage.<\/p>\n<h3>Vous avez le choix du syst\u00e8me de fermeture !<\/h3>\n<p>Le Wantresor Karat est disponible avec trois syst\u00e8mes de fermeture diff\u00e9rents : la cl\u00e9 classique, la combinaison d&#8217;une serrure \u00e0 combinaison \u00e9lectronique avec empreinte digitale et, dans le cas du WT 613 E, la serrure \u00e0 combinaison \u00e9lectronique. La serrure blind\u00e9e haute s\u00e9curit\u00e9 \u00e0 double panneton &#8220;SecuSafe&#8221; est utilis\u00e9e pour la serrure m\u00e9canique. Celui-ci peut \u00eatre modifi\u00e9 et constitue donc une solution plus que pratique en cas de perte d&#8217;une cl\u00e9.<\/p>\n<h3>Serrure r\u00e9glable &#8220;SecuSafe&#8221; : la conscience tranquille en cas de perte de cl\u00e9<\/h3>\n<p><a href=\"https:\/\/www.youtube.com\/watch?v=gt3L7miDZUg&amp;t=1s\" target=\"_blank\" rel=\"noopener noreferrer\">En cas de perte de cl\u00e9,<strong> la serrure peut-\u00eatre imm\u00e9diatement r\u00e9gl\u00e9e sur une nouvelle position<\/strong> au moyen d&#8217;un jeu de cl\u00e9 obtenu s\u00e9par\u00e9ment.<\/a> Votre avantage : pas de changement de serrure \u00e0 pr\u00e9voir avec l&#8217;\u00e9nergie et les co\u00fbts financiers associ\u00e9s : en seulement quelques coups de mains habiles, le probl\u00e8me est clos.<\/p>\n<p>La serrure de coffre-fort du Karat compte 10 g\u00e2chettes, 50 millions de fermetures diff\u00e9rentes, et elle dispose d&#8217;un syst\u00e8me de cl\u00e9 prisonni\u00e8re qui ne permet le retrait de la cl\u00e9 qu&#8217;une fois la porte du coffre-fort correctement ferm\u00e9e. La serrure est contr\u00f4l\u00e9e par le VdS (cat\u00e9gorie 2) et certifi\u00e9e ECB-S selon la norme EN 1300 (cat\u00e9gorie B). Prenez en note que l&#8217;armature de serrure d\u00e9passe de 3 mm du corps de coffre-fort.<\/p>\n<h3>La nouvelle \u00e9lectronique &#8220;SecuTronic&#8221; marque des points en termes de confort et de s\u00e9curit\u00e9<\/h3>\n<p>Bien entendu, le coffre-fort mural Karat est \u00e9galement disponible avec un syst\u00e8me d&#8217;ouverture \u00e9lectronique. L&#8217;<strong>\u00e9lectronique de coffre-fort moderne<\/strong> &#8220;SecuTronic&#8221; TRSE 12 H FP marque des points avec des caract\u00e9ristiques m\u00fbrement r\u00e9fl\u00e9chies en termes de s\u00e9curit\u00e9 et de confort. L&#8217;interface de commande dispose ainsi d&#8217;un <strong>clavier tactile inclin\u00e9 avec \u00e9cran graphique<\/strong>. Pour l&#8217;activer, il suffit d&#8217;effleurer du doigt la touche &#8220;On&#8221;. L&#8217;interface de commande est alors pr\u00eate \u00e0 l&#8217;emploi et s&#8217;illumine en deux couleurs. En outre, le clavier tactile dispos\u00e9 en pente assure une vue optimale, y compris depuis du dessus. Vous pouvez bien s\u00fbr choisir librement le code d&#8217;ouverture. Sont \u00e0 votre disposition un code administrateur et neuf codes utilisateurs. Enfin, vous pouvez consulter l&#8217;historique des ouvertures directement sur l&#8217;\u00e9cran.<\/p>\n<h3>Latence d&#8217;ouverture, blocage temporaire, raccordement au syst\u00e8me d&#8217;alarme<\/h3>\n<p>La serrure \u00e9lectronique &#8220;SecuTronic&#8221; TRSE 12 H FP dispose d&#8217;une<strong> latence d&#8217;ouverture (max. 99 min)<\/strong>. Cela signifie qu&#8217;apr\u00e8s avoir saisi le bon code, le temps programm\u00e9 s&#8217;\u00e9coule jusqu&#8217;\u00e0 ce que le coffre-fort puisse \u00eatre ouvert. Apr\u00e8s la saisie de trois codes incorrects, un <strong>blocage temporaire<\/strong> est activ\u00e9. De cette fa\u00e7on, les cambrioleurs n&#8217;ont pas la possibilit\u00e9 d&#8217;essayer de nombreuses combinaisons. En outre, les coffres-forts muraux Karat peuvent optionnellement \u00eatre raccord\u00e9s \u00e0 un syst\u00e8me d&#8217;alerte ou d&#8217;alarme. Tous ces d\u00e9tails augmentent encore davantage votre s\u00e9curit\u00e9 ! Cette \u00e9lectronique tactile est utilis\u00e9e dans les mod\u00e8les WT 614 E FP et WT 616 E FP. Sur le plus petit mod\u00e8le WT 613 E, <strong>la serrure &#8220;SecuTronic&#8221; s&#8217;utilise avec un code secret param\u00e9trable<\/strong>.<\/p>\n<p>Notez que la valeur marchande du coffre-fort est souvent prise en compte par les assureurs. Renseignez-vous sur les conditions de votre assurance avant de faire votre choix ! <a href=\"https:\/\/test.burgwaechterservice.de\/fr\/p\/coffres-forts\/wertschutzschrank-karat\/\">Vous retrouverez ici les autres mod\u00e8les Karat \u00e0 int\u00e9grer dans des meubles ou \u00e0 placer librement<\/a>.<\/p>\n<h3>Le coffre-fort mural Karat en un coup d&#8217;oeil<\/h3>\n<ul>\n<li>Niveau de r\u00e9sistance N<\/li>\n<li>S\u00e9curit\u00e9 contr\u00f4l\u00e9e au niveau usine et surveill\u00e9e par l&#8217;ECB\u2022S \/ le VdS<\/li>\n<li>Protection anti-effraction certifi\u00e9e selon la norme EN 1143-1<\/li>\n<li>La gamme de coffres-forts muraux avec profondeure variable \u2013 utilisation optimale de l&#8217;espace gr\u00e2ce \u00e0 un corps de coffre-fort r\u00e9glable<\/li>\n<li>Cadre de la coque fabriqu\u00e9 en acier inoxydable r\u00e9sistant au d\u00e9coupage au chalumeau<\/li>\n<li>Porte \u00e0 double-paroi avec renforcements suppl\u00e9mentaires, plaque de porte 7 mm en acier SM<\/li>\n<li>Verrouillage de trois c\u00f4t\u00e9s par de solides boulons carr\u00e9s sur le dessus et le dessous, avec un rouleau d&#8217;acier int\u00e9gr\u00e9, protection suppl\u00e9mentaire extr\u00eame contre les chalumeaux, le per\u00e7age, et l&#8217;enfoncement<\/li>\n<li>Rail de maintien arri\u00e8re traversant du c\u00f4t\u00e9 charni\u00e8re<\/li>\n<li>Porte de coffre-fort avec mat\u00e9riau ignifuge selon la norme DIN 4102-A1<\/li>\n<li>Corps muni d&#8217;une rainure anti-feu sur tout le pourtour<\/li>\n<li>Profondeur maximale adapt\u00e9e aux classeurs \/ dossiers<\/li>\n<li>WT 613 E : Niveau de s\u00e9curit\u00e9 B selon la norme VDMA 24992<\/li>\n<li>Etag\u00e8re r\u00e9glable<\/li>\n<li>Vernis : couleur ferraille<\/li>\n<\/ul>\n<p><strong>Votre Plus en terme de s\u00e9curit\u00e9 (WT 614 et WT 616) :<\/strong><\/p>\n<ul>\n<li>Syst\u00e8me de verrouillage d&#8217;urgence thermique, s\u00e9curit\u00e9 sp\u00e9ciale anti-enfoncement devant chaque boulon de verrouillage<\/li>\n<\/ul>\n<h5>WT 614 K \/ WT 616 K (Serrure m\u00e9canique)<\/h5>\n<ul>\n<li>Serrure haute s\u00e9curit\u00e9 blind\u00e9e &#8220;SecuSafe&#8221; \u00e0 double-panneton<\/li>\n<li>En cas de perte de cl\u00e9 :<a href=\"https:\/\/www.youtube.com\/watch?v=gt3L7miDZUg\"><strong> r\u00e9glez simplement la serrure sur une nouvelle position<\/strong><\/a><\/li>\n<li>10 g\u00e2chettes de serrure, 50 millions de fermetures diff\u00e9rentes<\/li>\n<li>Syst\u00e8me de cl\u00e9 prisonni\u00e8re<\/li>\n<li>Certifi\u00e9 VdS (cat\u00e9gorie 2) et certifi\u00e9 ECB-S suivant la norme EN 1300 (cat\u00e9gorie de serrure B)<\/li>\n<li>L&#8217;armature de serrure d\u00e9passe de 3 mm<\/li>\n<\/ul>\n<h5>WT 614 E FP \/ WT 616 E FP (Serrure \u00e9lectronique \u00e0 empreintes digitales)<\/h5>\n<ul>\n<li>Certifi\u00e9e ECB\u2022S (cat\u00e9gorie B)<\/li>\n<li>Reconnaissance du doigt vivant (&#8220;d\u00e9tection de faux doigt&#8221;)<\/li>\n<li>Jusqu&#8217;\u00e0 10 codes utilisateur \u00e0 6 chiffres<\/li>\n<li>Jusqu&#8217;\u00e0 20 empreintes digitales<\/li>\n<li>Electronique moderne avec \u00e9cran graphique et clavier tactile (\u00e9clair\u00e9)<\/li>\n<li>Ecran en pente pour une ergonomie optimale<\/li>\n<li><strong>Le Plus en s\u00e9curit\u00e9 :<\/strong> Latence d&#8217;ouverture personnalisable (max. 99 min)<\/li>\n<li>Mises \u00e0 jour logiciel par carte SD<\/li>\n<li>Historique des fermetures consultable<\/li>\n<li>Menu en 12 langues<\/li>\n<li>Changement de piles simple (piles fournies)<\/li>\n<li>L&#8217;armature de la serrure d\u00e9passe de 20 mm<\/li>\n<\/ul>\n<h5>WT 613 E (Serrure \u00e9lectronique)<\/h5>\n<ul>\n<li>Serrure \u00e9lectronique \u00e0 code SecuTronic : une serrure simple d&#8217;utilisation et ayant fait ses preuves<\/li>\n<li>Certifi\u00e9e par l&#8217;ECB\u2022S selon la norme EN 1300 (cat\u00e9gorie B)<\/li>\n<li>Un million de combinaisons r\u00e9ellement param\u00e9trables<\/li>\n<li>Code secret individuel \u00e0n 6 chiffres pour l&#8217;ouverture et la fermeture de la porte du coffre-fort<\/li>\n<li>Piles incluses<\/li>\n<li>L&#8217;armature de la serrure d\u00e9passe de 19 mm<\/li>\n<\/ul>\n<p>&nbsp;<\/p>\n<h3>Les mod\u00e8les WT (coffre-fort mural) en aper\u00e7u<\/h3>\n<table class=\"ausfuehrung\">\n<thead>\n<tr>\n<td>Article<\/td>\n<td>Ext\u00e9rieur h x l x p (mm)<\/td>\n<td>Int\u00e9rieur h x l x p (mm)<\/td>\n<td>Porte h x l (ouverture en mm)<\/td>\n<td>Poids (kg)<\/td>\n<td>Contenu (l)<\/td>\n<td>Syst\u00e8me de fermeture<\/td>\n<\/tr>\n<\/thead>\n<tbody>\n<tr>\n<td>WT 614 K<\/td>\n<td>342 x 434 x 233-351<\/td>\n<td>250 x 352 x 178-296<\/td>\n<td>250 x 336<\/td>\n<td>27,5<\/td>\n<td>15,6-26,0<\/td>\n<td>Serrure m\u00e9canique<\/td>\n<\/tr>\n<tr>\n<td>WT 616 K<\/td>\n<td>532 x 434 x 233-351<\/td>\n<td>440 x 352 x 178-296<\/td>\n<td>440 x 336<\/td>\n<td>39,0<\/td>\n<td>27,5-45,7<\/td>\n<td>Serrure m\u00e9canique<\/td>\n<\/tr>\n<tr>\n<td>WT 614 E FP<\/td>\n<td>342 x 434 x 233-351<\/td>\n<td>250 x 352 x 178-296<\/td>\n<td>250 x 336<\/td>\n<td>27,5<\/td>\n<td>15,6-26,0<\/td>\n<td>Code et empreinte digitale<\/td>\n<\/tr>\n<tr>\n<td>WT 616 E FP<\/td>\n<td>532 x 434 x 233-351<\/td>\n<td>440 x 352 x 178-296<\/td>\n<td>440 x 336<\/td>\n<td>39,0<\/td>\n<td>27,5-45,7<\/td>\n<td>Code et empreinte digitale<\/td>\n<\/tr>\n<tr>\n<td>WT 613 E<\/td>\n<td>250 x 350 x 233-351<\/td>\n<td>190 x 300 x 188,5-306,5<\/td>\n<td>190 x 251<\/td>\n<td>18,0<\/td>\n<td>10,7-17,4<\/td>\n<td>Code<\/td>\n<\/tr>\n<\/tbody>\n<\/table>\n","protected":false},"excerpt":{"rendered":"<p>Le coffre-fort Karat avec degr\u00e9 de r\u00e9sistance 0 Avec le coffre-fort mural Karat, vous b\u00e9n\u00e9ficiez non seulement d&#8217;une protection optimale contre le vol, mais vous avez \u00e9galement la possibilit\u00e9 d&#8217;adapter le coffre-fort en fonction de l&#8217;\u00e9paisseur du mur et de &hellip; <a class=\"kt-excerpt-readmore\" href=\"https:\/\/test.burgwaechterservice.de\/fr\/p\/coffres-forts\/coffre-fort-mural-karat\/\" aria-label=\"Coffre-fort mural Karat WT 613 &#8211; WT 616\">Lire la suite<\/a><\/p>\n","protected":false},"featured_media":540801,"comment_status":"closed","ping_status":"closed","template":"","meta":[],"product_cat":[34,41],"product_tag":[7980,17],"yoast_head":"<!-- This site is optimized with the Yoast SEO Premium plugin v18.4 (Yoast SEO v19.13) - https:\/\/yoast.com\/wordpress\/plugins\/seo\/ -->\n<title>Coffre-fort mural Karat avec profondeur variable : par BURG-W\u00c4CHTER<\/title>\n<meta name=\"description\" content=\"Le coffre-fort mural Karat du sp\u00e9cialiste de la s\u00e9curit\u00e9 BURG-W\u00c4CHTER : profondeur r\u00e9glable en fonction de vos besoins !\" \/>\n<meta name=\"robots\" content=\"index, follow, max-snippet:-1, max-image-preview:large, max-video-preview:-1\" \/>\n<link rel=\"canonical\" href=\"https:\/\/test.burgwaechterservice.de\/fr\/p\/coffres-forts\/coffre-fort-mural-karat\/\" \/>\n<meta property=\"og:locale\" content=\"fr_FR\" \/>\n<meta property=\"og:type\" content=\"article\" \/>\n<meta property=\"og:title\" content=\"Coffre-fort mural Karat WT 613 - WT 616\" \/>\n<meta property=\"og:description\" content=\"Le coffre-fort mural Karat du sp\u00e9cialiste de la s\u00e9curit\u00e9 BURG-W\u00c4CHTER : profondeur r\u00e9glable en fonction de vos besoins !\" \/>\n<meta property=\"og:url\" content=\"https:\/\/test.burgwaechterservice.de\/fr\/p\/coffres-forts\/coffre-fort-mural-karat\/\" \/>\n<meta property=\"og:site_name\" content=\"Burg-W\u00e4chter France\" \/>\n<meta property=\"article:modified_time\" content=\"2022-06-24T09:26:06+00:00\" \/>\n<meta property=\"og:image\" content=\"https:\/\/test.burgwaechterservice.de\/fr\/wp-content\/uploads\/sites\/4\/2021\/07\/Wandtresor-Karat-WT-616-EFP-BURG-WAeCHTER.jpg\" \/>\n\t<meta property=\"og:image:width\" content=\"1000\" \/>\n\t<meta property=\"og:image:height\" content=\"1000\" \/>\n\t<meta property=\"og:image:type\" content=\"image\/jpeg\" \/>\n<meta name=\"twitter:card\" content=\"summary_large_image\" \/>\n<meta name=\"twitter:label1\" content=\"Dur\u00e9e de lecture estim\u00e9e\" \/>\n\t<meta name=\"twitter:data1\" content=\"7 minutes\" \/>\n<!-- \/ Yoast SEO Premium plugin. -->","yoast_head_json":{"title":"Coffre-fort mural Karat avec profondeur variable : par BURG-W\u00c4CHTER","description":"Le coffre-fort mural Karat du sp\u00e9cialiste de la s\u00e9curit\u00e9 BURG-W\u00c4CHTER : profondeur r\u00e9glable en fonction de vos besoins !","robots":{"index":"index","follow":"follow","max-snippet":"max-snippet:-1","max-image-preview":"max-image-preview:large","max-video-preview":"max-video-preview:-1"},"canonical":"https:\/\/test.burgwaechterservice.de\/fr\/p\/coffres-forts\/coffre-fort-mural-karat\/","og_locale":"fr_FR","og_type":"article","og_title":"Coffre-fort mural Karat WT 613 - WT 616","og_description":"Le coffre-fort mural Karat du sp\u00e9cialiste de la s\u00e9curit\u00e9 BURG-W\u00c4CHTER : profondeur r\u00e9glable en fonction de vos besoins !","og_url":"https:\/\/test.burgwaechterservice.de\/fr\/p\/coffres-forts\/coffre-fort-mural-karat\/","og_site_name":"Burg-W\u00e4chter France","article_modified_time":"2022-06-24T09:26:06+00:00","og_image":[{"width":1000,"height":1000,"url":"https:\/\/test.burgwaechterservice.de\/fr\/wp-content\/uploads\/sites\/4\/2021\/07\/Wandtresor-Karat-WT-616-EFP-BURG-WAeCHTER.jpg","type":"image\/jpeg"}],"twitter_card":"summary_large_image","twitter_misc":{"Dur\u00e9e de lecture estim\u00e9e":"7 minutes"},"schema":{"@context":"https:\/\/schema.org","@graph":[{"@type":"WebPage","@id":"https:\/\/test.burgwaechterservice.de\/fr\/p\/coffres-forts\/coffre-fort-mural-karat\/","url":"https:\/\/test.burgwaechterservice.de\/fr\/p\/coffres-forts\/coffre-fort-mural-karat\/","name":"Coffre-fort mural Karat avec profondeur variable : par BURG-W\u00c4CHTER","isPartOf":{"@id":"https:\/\/test.burgwaechterservice.de\/fr\/#website"},"datePublished":"2021-07-22T12:44:43+00:00","dateModified":"2022-06-24T09:26:06+00:00","description":"Le coffre-fort mural Karat du sp\u00e9cialiste de la s\u00e9curit\u00e9 BURG-W\u00c4CHTER : profondeur r\u00e9glable en fonction de vos besoins !","breadcrumb":{"@id":"https:\/\/test.burgwaechterservice.de\/fr\/p\/coffres-forts\/coffre-fort-mural-karat\/#breadcrumb"},"inLanguage":"fr-FR","potentialAction":[{"@type":"ReadAction","target":["https:\/\/test.burgwaechterservice.de\/fr\/p\/coffres-forts\/coffre-fort-mural-karat\/"]}]},{"@type":"BreadcrumbList","@id":"https:\/\/test.burgwaechterservice.de\/fr\/p\/coffres-forts\/coffre-fort-mural-karat\/#breadcrumb","itemListElement":[{"@type":"ListItem","position":1,"name":"Accueil","item":"https:\/\/test.burgwaechterservice.de\/fr\/"},{"@type":"ListItem","position":2,"name":"Produits","item":"https:\/\/test.burgwaechterservice.de\/fr\/p\/"},{"@type":"ListItem","position":3,"name":"Coffre-fort mural Karat WT 613 &#8211; WT 616"}]},{"@type":"WebSite","@id":"https:\/\/test.burgwaechterservice.de\/fr\/#website","url":"https:\/\/test.burgwaechterservice.de\/fr\/","name":"Burg-W\u00e4chter France","description":"Le choix le plus s\u00fbr!","potentialAction":[{"@type":"SearchAction","target":{"@type":"EntryPoint","urlTemplate":"https:\/\/test.burgwaechterservice.de\/fr\/?s={search_term_string}"},"query-input":"required name=search_term_string"}],"inLanguage":"fr-FR"}]}},"_links":{"self":[{"href":"https:\/\/test.burgwaechterservice.de\/fr\/wp-json\/wp\/v2\/product\/540800"}],"collection":[{"href":"https:\/\/test.burgwaechterservice.de\/fr\/wp-json\/wp\/v2\/product"}],"about":[{"href":"https:\/\/test.burgwaechterservice.de\/fr\/wp-json\/wp\/v2\/types\/product"}],"replies":[{"embeddable":true,"href":"https:\/\/test.burgwaechterservice.de\/fr\/wp-json\/wp\/v2\/comments?post=540800"}],"wp:featuredmedia":[{"embeddable":true,"href":"https:\/\/test.burgwaechterservice.de\/fr\/wp-json\/wp\/v2\/media\/540801"}],"wp:attachment":[{"href":"https:\/\/test.burgwaechterservice.de\/fr\/wp-json\/wp\/v2\/media?parent=540800"}],"wp:term":[{"taxonomy":"product_cat","embeddable":true,"href":"https:\/\/test.burgwaechterservice.de\/fr\/wp-json\/wp\/v2\/product_cat?post=540800"},{"taxonomy":"product_tag","embeddable":true,"href":"https:\/\/test.burgwaechterservice.de\/fr\/wp-json\/wp\/v2\/product_tag?post=540800"}],"curies":[{"name":"wp","href":"https:\/\/api.w.org\/{rel}","templated":true}]}}