{"id":536276,"date":"2021-07-14T08:18:30","date_gmt":"2021-07-14T06:18:30","guid":{"rendered":"https:\/\/www.burg.biz\/fr\/p\/cadenas-et-porte-cadenas\/snaplock-300\/"},"modified":"2021-07-20T12:14:03","modified_gmt":"2021-07-20T10:14:03","slug":"snaplock-300","status":"publish","type":"product","link":"https:\/\/test.burgwaechterservice.de\/fr\/p\/cadenas-et-porte-cadenas\/snaplock-300\/","title":{"rendered":"C\u00e2ble antivol Snap+Lock 300"},"content":{"rendered":"<h2>Snap+Lock 300 \u2013 Le c\u00e2ble antivol de trois m\u00e8tres avec cadenas \u00e0 code int\u00e9gr\u00e9<\/h2>\n<p>Le c\u00e2ble antivol extra long Snap+Lock 300 (fermer et verrouiller) peut \u00eatre utilis\u00e9 par chacun comme bon lui semble.<\/p>\n<p>Peu importe s&#8217;il s&#8217;agit d&#8217;un v\u00e9lo, de bagages, de meubles de jardin, d&#8217;outils, de skis ou d&#8217;un snowboard : <strong>gr\u00e2ce au c\u00e2ble tr\u00e8s souple de trois m\u00e8tres de long<\/strong>,<strong> vous pouvez s\u00e9curiser tous les objets en un temps trois mouvements<\/strong>. Cet antivol convient \u00e9galement pour s\u00e9curiser le n\u00e9cessaire de restauration (tables et chaises). De cette fa\u00e7on, les travailleurs de la gastronomie n&#8217;ont pas \u00e0 d\u00e9placer les tables et les chaises dans un endroit ferm\u00e9 apr\u00e8s le travail. Il suffit de tirer le Snap-Lock \u00e0 travers les objets correspondants et de le boucler. Le corps robuste de l&#8217;antivol assure la s\u00e9curit\u00e9 n\u00e9cessaire. Gr\u00e2ce \u00e0 son<strong> poids l\u00e9ger et \u00e0 son format maniable<\/strong>, le Snap+Lock 300 est \u00e9galement facile \u00e0 emporter en voyage ou lors d&#8217;activit\u00e9s de loisirs.<\/p>\n<h3>C\u00e2ble antivol avec roues chiffr\u00e9es r\u00e9glables et corps r\u00e9tractable<\/h3>\n<p>Bien entendu, le c\u00e2ble antivol est muni de <strong>roux chiffr\u00e9es r\u00e9glables<\/strong>. Ainsi, vous le choix entre 1000 combinaisons diff\u00e9rentes. Par ailleurs, vous pouvez retirer la partie verrouillante lorsque vous faites passer l&#8217;antivol. Cela rend le c\u00e2ble antivol encore plus flexible et pratique. Une fois que vous avez s\u00e9curis\u00e9 tous vos objets, il suffit de r\u00e9enclencher le corps de serrure et de verrouiller le Snap+Lock 300. De cette mani\u00e8re, tous les objets sont prot\u00e9g\u00e9s <strong>contre les &#8220;enl\u00e8vements rapides&#8221; et le vol<\/strong>.<\/p>\n<h3>Les meubles de jardin sont un butin attractif pour les voleurs : le Snap+Lock vous offre une protection !<\/h3>\n<p>En particulier les meubles de jardin ont \u00e9t\u00e9 fr\u00e9quemment vol\u00e9s sur les terrasses ces derni\u00e8res ann\u00e9es. Le pr\u00e9judice financier caus\u00e9 par le vol de chaises et de tables de haute qualit\u00e9 se compte facilement en milliers d&#8217;euros. Mais en les s\u00e9curisant avec le c\u00e2ble antivol Snap+Lock 300 de BURG-W\u00c4CHTER, vous rendez la t\u00e2che beaucoup plus difficile aux voleurs. <strong>Le c\u00e2ble en acier de trois m\u00e8tres de long recouvert de mati\u00e8re plastique a un diam\u00e8tre de six millim\u00e8tres<\/strong> et est ainsi environ un tiers plus r\u00e9sistant que le Snap+Lock 200, l\u00e9g\u00e8rement plus court et long de deux m\u00e8tres.<\/p>\n<p>&nbsp;<\/p>\n<h4>Le c\u00e2ble antivol Snapp + Lock 300 en aper\u00e7u<\/h4>\n<ul>\n<li>C\u00e2ble antivol de trois m\u00e8tres de long avec un corps solide<\/li>\n<li>Le corps de serrure peut \u00eatre enti\u00e8rement retir\u00e9 lors du passage du c\u00e2ble pour plus de libert\u00e9 de mouvement<\/li>\n<li>Serrure \u00e0 code avec trois roues chiffr\u00e9es, code secret personnalisable<\/li>\n<li>Polyvalent; s\u00e9curise diff\u00e9rents objets comme des bagages, des meubles de jardin, des v\u00e9los, des outils, des skis ou snowboards<\/li>\n<li>Diam\u00e8tre de c\u00e2ble : six millim\u00e8tres<\/li>\n<\/ul>\n<p>&nbsp;<\/p>\n<table class=\"ausfuehrung\">\n<thead>\n<tr>\n<td>Article<\/td>\n<td>Longueur<\/td>\n<td>Diam\u00e8tre de c\u00e2ble<\/td>\n<\/tr>\n<\/thead>\n<tbody>\n<tr>\n<td class=\"subdesc\"><\/td>\n<td class=\"subdesc\">cm<\/td>\n<td class=\"subdesc\">mm<\/td>\n<\/tr>\n<\/tbody>\n<tbody>\n<tr>\n<td>725 300<\/td>\n<td>300<\/td>\n<td>6,0<\/td>\n<\/tr>\n<\/tbody>\n<\/table>\n","protected":false},"excerpt":{"rendered":"<p>Snap+Lock 300 \u2013 Le c\u00e2ble antivol de trois m\u00e8tres avec cadenas \u00e0 code int\u00e9gr\u00e9 Le c\u00e2ble antivol extra long Snap+Lock 300 (fermer et verrouiller) peut \u00eatre utilis\u00e9 par chacun comme bon lui semble. Peu importe s&#8217;il s&#8217;agit d&#8217;un v\u00e9lo, de &hellip; <a class=\"kt-excerpt-readmore\" href=\"https:\/\/test.burgwaechterservice.de\/fr\/p\/cadenas-et-porte-cadenas\/snaplock-300\/\" aria-label=\"C\u00e2ble antivol Snap+Lock 300\">Lire la suite<\/a><\/p>\n","protected":false},"featured_media":536277,"comment_status":"closed","ping_status":"closed","template":"","meta":[],"product_cat":[30,7942],"product_tag":[7967,7966],"yoast_head":"<!-- This site is optimized with the Yoast SEO Premium plugin v18.4 (Yoast SEO v19.13) - https:\/\/yoast.com\/wordpress\/plugins\/seo\/ -->\n<title>S\u00e9curise les meubles de jardin, v\u00e9lo &amp; cie : C\u00e2ble antivol Snap+Lock 300<\/title>\n<meta name=\"description\" content=\"Le c\u00e2ble antivol extra long Snap+Lock 300 de BURG-W\u00c4CHTER. Permet de s\u00e9curiser v\u00e9los, bagages, meubles de jardin, \u00e9quipements sportifs, etc.\" \/>\n<meta name=\"robots\" content=\"index, follow, max-snippet:-1, max-image-preview:large, max-video-preview:-1\" \/>\n<link rel=\"canonical\" href=\"https:\/\/test.burgwaechterservice.de\/fr\/p\/cadenas-et-porte-cadenas\/snaplock-300\/\" \/>\n<meta property=\"og:locale\" content=\"fr_FR\" \/>\n<meta property=\"og:type\" content=\"article\" \/>\n<meta property=\"og:title\" content=\"C\u00e2ble antivol Snap+Lock 300\" \/>\n<meta property=\"og:description\" content=\"Le c\u00e2ble antivol extra long Snap+Lock 300 de BURG-W\u00c4CHTER. Permet de s\u00e9curiser v\u00e9los, bagages, meubles de jardin, \u00e9quipements sportifs, etc.\" \/>\n<meta property=\"og:url\" content=\"https:\/\/test.burgwaechterservice.de\/fr\/p\/cadenas-et-porte-cadenas\/snaplock-300\/\" \/>\n<meta property=\"og:site_name\" content=\"Burg-W\u00e4chter France\" \/>\n<meta property=\"article:modified_time\" content=\"2021-07-20T10:14:03+00:00\" \/>\n<meta property=\"og:image\" content=\"https:\/\/test.burgwaechterservice.de\/fr\/wp-content\/uploads\/sites\/4\/2021\/07\/SnapLock_300.jpg\" \/>\n\t<meta property=\"og:image:width\" content=\"800\" \/>\n\t<meta property=\"og:image:height\" content=\"800\" \/>\n\t<meta property=\"og:image:type\" content=\"image\/jpeg\" \/>\n<meta name=\"twitter:card\" content=\"summary_large_image\" \/>\n<meta name=\"twitter:label1\" content=\"Dur\u00e9e de lecture estim\u00e9e\" \/>\n\t<meta name=\"twitter:data1\" content=\"2 minutes\" \/>\n<!-- \/ Yoast SEO Premium plugin. -->","yoast_head_json":{"title":"S\u00e9curise les meubles de jardin, v\u00e9lo & cie : C\u00e2ble antivol Snap+Lock 300","description":"Le c\u00e2ble antivol extra long Snap+Lock 300 de BURG-W\u00c4CHTER. Permet de s\u00e9curiser v\u00e9los, bagages, meubles de jardin, \u00e9quipements sportifs, etc.","robots":{"index":"index","follow":"follow","max-snippet":"max-snippet:-1","max-image-preview":"max-image-preview:large","max-video-preview":"max-video-preview:-1"},"canonical":"https:\/\/test.burgwaechterservice.de\/fr\/p\/cadenas-et-porte-cadenas\/snaplock-300\/","og_locale":"fr_FR","og_type":"article","og_title":"C\u00e2ble antivol Snap+Lock 300","og_description":"Le c\u00e2ble antivol extra long Snap+Lock 300 de BURG-W\u00c4CHTER. Permet de s\u00e9curiser v\u00e9los, bagages, meubles de jardin, \u00e9quipements sportifs, etc.","og_url":"https:\/\/test.burgwaechterservice.de\/fr\/p\/cadenas-et-porte-cadenas\/snaplock-300\/","og_site_name":"Burg-W\u00e4chter France","article_modified_time":"2021-07-20T10:14:03+00:00","og_image":[{"width":800,"height":800,"url":"https:\/\/test.burgwaechterservice.de\/fr\/wp-content\/uploads\/sites\/4\/2021\/07\/SnapLock_300.jpg","type":"image\/jpeg"}],"twitter_card":"summary_large_image","twitter_misc":{"Dur\u00e9e de lecture estim\u00e9e":"2 minutes"},"schema":{"@context":"https:\/\/schema.org","@graph":[{"@type":"WebPage","@id":"https:\/\/test.burgwaechterservice.de\/fr\/p\/cadenas-et-porte-cadenas\/snaplock-300\/","url":"https:\/\/test.burgwaechterservice.de\/fr\/p\/cadenas-et-porte-cadenas\/snaplock-300\/","name":"S\u00e9curise les meubles de jardin, v\u00e9lo & cie : C\u00e2ble antivol Snap+Lock 300","isPartOf":{"@id":"https:\/\/test.burgwaechterservice.de\/fr\/#website"},"datePublished":"2021-07-14T06:18:30+00:00","dateModified":"2021-07-20T10:14:03+00:00","description":"Le c\u00e2ble antivol extra long Snap+Lock 300 de BURG-W\u00c4CHTER. Permet de s\u00e9curiser v\u00e9los, bagages, meubles de jardin, \u00e9quipements sportifs, etc.","breadcrumb":{"@id":"https:\/\/test.burgwaechterservice.de\/fr\/p\/cadenas-et-porte-cadenas\/snaplock-300\/#breadcrumb"},"inLanguage":"fr-FR","potentialAction":[{"@type":"ReadAction","target":["https:\/\/test.burgwaechterservice.de\/fr\/p\/cadenas-et-porte-cadenas\/snaplock-300\/"]}]},{"@type":"BreadcrumbList","@id":"https:\/\/test.burgwaechterservice.de\/fr\/p\/cadenas-et-porte-cadenas\/snaplock-300\/#breadcrumb","itemListElement":[{"@type":"ListItem","position":1,"name":"Accueil","item":"https:\/\/test.burgwaechterservice.de\/fr\/"},{"@type":"ListItem","position":2,"name":"Produits","item":"https:\/\/test.burgwaechterservice.de\/fr\/p\/"},{"@type":"ListItem","position":3,"name":"C\u00e2ble antivol Snap+Lock 300"}]},{"@type":"WebSite","@id":"https:\/\/test.burgwaechterservice.de\/fr\/#website","url":"https:\/\/test.burgwaechterservice.de\/fr\/","name":"Burg-W\u00e4chter France","description":"Le choix le plus s\u00fbr!","potentialAction":[{"@type":"SearchAction","target":{"@type":"EntryPoint","urlTemplate":"https:\/\/test.burgwaechterservice.de\/fr\/?s={search_term_string}"},"query-input":"required name=search_term_string"}],"inLanguage":"fr-FR"}]}},"_links":{"self":[{"href":"https:\/\/test.burgwaechterservice.de\/fr\/wp-json\/wp\/v2\/product\/536276"}],"collection":[{"href":"https:\/\/test.burgwaechterservice.de\/fr\/wp-json\/wp\/v2\/product"}],"about":[{"href":"https:\/\/test.burgwaechterservice.de\/fr\/wp-json\/wp\/v2\/types\/product"}],"replies":[{"embeddable":true,"href":"https:\/\/test.burgwaechterservice.de\/fr\/wp-json\/wp\/v2\/comments?post=536276"}],"wp:featuredmedia":[{"embeddable":true,"href":"https:\/\/test.burgwaechterservice.de\/fr\/wp-json\/wp\/v2\/media\/536277"}],"wp:attachment":[{"href":"https:\/\/test.burgwaechterservice.de\/fr\/wp-json\/wp\/v2\/media?parent=536276"}],"wp:term":[{"taxonomy":"product_cat","embeddable":true,"href":"https:\/\/test.burgwaechterservice.de\/fr\/wp-json\/wp\/v2\/product_cat?post=536276"},{"taxonomy":"product_tag","embeddable":true,"href":"https:\/\/test.burgwaechterservice.de\/fr\/wp-json\/wp\/v2\/product_tag?post=536276"}],"curies":[{"name":"wp","href":"https:\/\/api.w.org\/{rel}","templated":true}]}}