{"id":531962,"date":"2021-06-29T09:27:34","date_gmt":"2021-06-29T07:27:34","guid":{"rendered":"https:\/\/www.burg.biz\/fr\/p\/cadenas-et-porte-cadenas\/1580-hb\/"},"modified":"2021-07-20T12:24:49","modified_gmt":"2021-07-20T10:24:49","slug":"1580-hb","status":"publish","type":"product","link":"https:\/\/test.burgwaechterservice.de\/fr\/p\/cadenas-et-porte-cadenas\/1580-hb\/","title":{"rendered":"Antivol en U 1580 HB"},"content":{"rendered":"<p><a href=\"https:\/\/test.burgwaechterservice.de\/?attachment_id=343126\" rel=\"attachment wp-att-343126\"><img decoding=\"async\" class=\"alignnone wp-image-343126\" src=\"https:\/\/test.burgwaechterservice.de\/wp-content\/uploads\/2019\/05\/B\u00fcgelschloss-1580-HB-Piktos.jpg\" alt=\"\" width=\"490\" height=\"92\" \/><\/a><\/p>\n<h2>30% plus l\u00e9ger que les mod\u00e8les \u00e9quivalents : l&#8217;antivol en U 1580 HB<\/h2>\n<p>L&#8217;antivol en U 1580 HB allie s\u00e9curit\u00e9 et long\u00e9vit\u00e9 avec un poids \u00e9tonnamment l\u00e9ger. Effectivement, l&#8217;antivol ne p\u00e8se que <strong>1070 grammes<\/strong>. Les cyclistes appr\u00e9cieront ! \u00c0 titre de comparaison : les antivols en U de r\u00e9sistance comparable p\u00e8sent environ 30 % de plus que le 1580 HB.<\/p>\n<h3>L&#8217;anse enti\u00e8rement en acier tremp\u00e9 assure la s\u00e9curit\u00e9<\/h3>\n<p>Le plus en termes de s\u00e9curit\u00e9 : l&#8217;anse d&#8217;une \u00e9paisseur de 13,8 millim\u00e8tres est <strong>enti\u00e8rement en acier tremp\u00e9 et muni d&#8217;un double verrouillage<\/strong>. C&#8217;est pr\u00e9cis\u00e9ment cela qui rend les choses deux fois plus difficiles pour les voleurs ! L&#8217;ensemble de l&#8217;antivol est<strong> recouvert de mati\u00e8re plastique<\/strong> et est donc parfaitement adapt\u00e9 \u00e0 tous les temps. Le rev\u00eatement en plastique prot\u00e8ge les rayons et le cadre de votre v\u00e9lo ainsi que d&#8217;autres surfaces sensibles lors de l&#8217;ouverture et de la fermeture. Par ailleurs, le m\u00e9canisme de verrouillage est prot\u00e9g\u00e9 de la pluie et de la salet\u00e9 par un capuchon en plastique amovible. Cela signifie que vous profiterez de votre antivol pour v\u00e9lo pendant de nombreuses ann\u00e9es.<\/p>\n<h3>Antivol en U 1580 HB avec fixation au cadre et hauteur confortable de l&#8217;anse<\/h3>\n<p>Avec une hauteur d&#8217;anse de 200 millim\u00e8tres et une largeur d&#8217;anse de 117,5 millim\u00e8tres, vous b\u00e9n\u00e9ficiez d&#8217;une <strong>grande flexibilit\u00e9<\/strong> au moment d&#8217;attacher votre v\u00e9lo. De fait, on ne trouve pas toujours l&#8217;endroit parfait pour attacher son v\u00e9lo. Par ailleurs, ce robuste antivol en U est \u00e9quip\u00e9 d&#8217;une<strong> fixation pratique<\/strong> pour le cadre de votre v\u00e9lo. Ainsi, l&#8217;antivol est toujours \u00e0 port\u00e9e de main au moment d&#8217;attacher le v\u00e9lo.<\/p>\n<p>En outre, l&#8217;antivol en U 1580 HB est aussi parfaitement adapt\u00e9 \u00e0 d&#8217;autres domaines d&#8217;utilisation : par exemple, il est possible de s\u00e9curiser <strong>des trottinettes et des deux-roues motoris\u00e9s<\/strong> ainsi que des <strong>outils de jardinage<\/strong>. Il trouve une utilisation \u00e9galement dans le b\u00e2timent. Par exemple pour prot\u00e9ger des machines on\u00e9reuses contre les voleurs.<\/p>\n<h4>L&#8217;antivol en U 1580 HB en aper\u00e7u<\/h4>\n<ul>\n<li>Anse sp\u00e9cialement durcie, double verrouillage<\/li>\n<li>Poids plume ! Avec ses 1070 grammes, il p\u00e8se environ 30 pourcents de moins que des antivols \u00e9quivalents<\/li>\n<li>Fixation pratique pour le cadre de votre v\u00e9lo<\/li>\n<li>Corps et anse : noir<\/li>\n<li>Corps et anse int\u00e9gralement recouverts de mati\u00e8re plastique noire<\/li>\n<li>Serrure prot\u00e9g\u00e9e par un capuchon<\/li>\n<li>2 cl\u00e9s incluses<\/li>\n<\/ul>\n<table class=\"ausfuehrung\">\n<thead>\n<tr>\n<td>Article<\/td>\n<td>Epaisseur de l&#8217;anse (mm)<\/td>\n<td>Largeur de l&#8217;anse (mm)<\/td>\n<td>Hauteur de l&#8217;anse (mm)<\/td>\n<\/tr>\n<\/thead>\n<tbody>\n<tr>\n<td>1580 HB 165\/200<\/td>\n<td>13,8<\/td>\n<td>117,5<\/td>\n<td>200<\/td>\n<\/tr>\n<\/tbody>\n<\/table>\n","protected":false},"excerpt":{"rendered":"<p>30% plus l\u00e9ger que les mod\u00e8les \u00e9quivalents : l&#8217;antivol en U 1580 HB L&#8217;antivol en U 1580 HB allie s\u00e9curit\u00e9 et long\u00e9vit\u00e9 avec un poids \u00e9tonnamment l\u00e9ger. Effectivement, l&#8217;antivol ne p\u00e8se que 1070 grammes. Les cyclistes appr\u00e9cieront ! \u00c0 titre &hellip; <a class=\"kt-excerpt-readmore\" href=\"https:\/\/test.burgwaechterservice.de\/fr\/p\/cadenas-et-porte-cadenas\/1580-hb\/\" aria-label=\"Antivol en U 1580 HB\">Lire la suite<\/a><\/p>\n","protected":false},"featured_media":531963,"comment_status":"closed","ping_status":"closed","template":"","meta":[],"product_cat":[30,50,3131],"product_tag":[7971],"yoast_head":"<!-- This site is optimized with the Yoast SEO Premium plugin v18.4 (Yoast SEO v19.13) - https:\/\/yoast.com\/wordpress\/plugins\/seo\/ -->\n<title>Antivol en U 1580 HB par l&#039;expert de la s\u00e9curit\u00e9 BURG-W\u00c4CHTER<\/title>\n<meta name=\"description\" content=\"Antivol en U 1580 HB de BURG-W\u00c4CHTER. Das Langb\u00fcgelschloss 1580 HB : Anse extr\u00eamement dure, poids l\u00e9ger, fixation au cadre fournie.\" \/>\n<meta name=\"robots\" content=\"index, follow, max-snippet:-1, max-image-preview:large, max-video-preview:-1\" \/>\n<link rel=\"canonical\" href=\"https:\/\/test.burgwaechterservice.de\/fr\/p\/cadenas-et-porte-cadenas\/1580-hb\/\" \/>\n<meta property=\"og:locale\" content=\"fr_FR\" \/>\n<meta property=\"og:type\" content=\"article\" \/>\n<meta property=\"og:title\" content=\"Antivol en U 1580 HB\" \/>\n<meta property=\"og:description\" content=\"Antivol en U 1580 HB de BURG-W\u00c4CHTER. Das Langb\u00fcgelschloss 1580 HB : Anse extr\u00eamement dure, poids l\u00e9ger, fixation au cadre fournie.\" \/>\n<meta property=\"og:url\" content=\"https:\/\/test.burgwaechterservice.de\/fr\/p\/cadenas-et-porte-cadenas\/1580-hb\/\" \/>\n<meta property=\"og:site_name\" content=\"Burg-W\u00e4chter France\" \/>\n<meta property=\"article:modified_time\" content=\"2021-07-20T10:24:49+00:00\" \/>\n<meta property=\"og:image\" content=\"https:\/\/test.burgwaechterservice.de\/fr\/wp-content\/uploads\/sites\/4\/2021\/06\/1580_HB.jpg\" \/>\n\t<meta property=\"og:image:width\" content=\"2000\" \/>\n\t<meta property=\"og:image:height\" content=\"2000\" \/>\n\t<meta property=\"og:image:type\" content=\"image\/jpeg\" \/>\n<meta name=\"twitter:card\" content=\"summary_large_image\" \/>\n<meta name=\"twitter:label1\" content=\"Dur\u00e9e de lecture estim\u00e9e\" \/>\n\t<meta name=\"twitter:data1\" content=\"2 minutes\" \/>\n<!-- \/ Yoast SEO Premium plugin. -->","yoast_head_json":{"title":"Antivol en U 1580 HB par l'expert de la s\u00e9curit\u00e9 BURG-W\u00c4CHTER","description":"Antivol en U 1580 HB de BURG-W\u00c4CHTER. Das Langb\u00fcgelschloss 1580 HB : Anse extr\u00eamement dure, poids l\u00e9ger, fixation au cadre fournie.","robots":{"index":"index","follow":"follow","max-snippet":"max-snippet:-1","max-image-preview":"max-image-preview:large","max-video-preview":"max-video-preview:-1"},"canonical":"https:\/\/test.burgwaechterservice.de\/fr\/p\/cadenas-et-porte-cadenas\/1580-hb\/","og_locale":"fr_FR","og_type":"article","og_title":"Antivol en U 1580 HB","og_description":"Antivol en U 1580 HB de BURG-W\u00c4CHTER. Das Langb\u00fcgelschloss 1580 HB : Anse extr\u00eamement dure, poids l\u00e9ger, fixation au cadre fournie.","og_url":"https:\/\/test.burgwaechterservice.de\/fr\/p\/cadenas-et-porte-cadenas\/1580-hb\/","og_site_name":"Burg-W\u00e4chter France","article_modified_time":"2021-07-20T10:24:49+00:00","og_image":[{"width":2000,"height":2000,"url":"https:\/\/test.burgwaechterservice.de\/fr\/wp-content\/uploads\/sites\/4\/2021\/06\/1580_HB.jpg","type":"image\/jpeg"}],"twitter_card":"summary_large_image","twitter_misc":{"Dur\u00e9e de lecture estim\u00e9e":"2 minutes"},"schema":{"@context":"https:\/\/schema.org","@graph":[{"@type":"WebPage","@id":"https:\/\/test.burgwaechterservice.de\/fr\/p\/cadenas-et-porte-cadenas\/1580-hb\/","url":"https:\/\/test.burgwaechterservice.de\/fr\/p\/cadenas-et-porte-cadenas\/1580-hb\/","name":"Antivol en U 1580 HB par l'expert de la s\u00e9curit\u00e9 BURG-W\u00c4CHTER","isPartOf":{"@id":"https:\/\/test.burgwaechterservice.de\/fr\/#website"},"datePublished":"2021-06-29T07:27:34+00:00","dateModified":"2021-07-20T10:24:49+00:00","description":"Antivol en U 1580 HB de BURG-W\u00c4CHTER. Das Langb\u00fcgelschloss 1580 HB : Anse extr\u00eamement dure, poids l\u00e9ger, fixation au cadre fournie.","breadcrumb":{"@id":"https:\/\/test.burgwaechterservice.de\/fr\/p\/cadenas-et-porte-cadenas\/1580-hb\/#breadcrumb"},"inLanguage":"fr-FR","potentialAction":[{"@type":"ReadAction","target":["https:\/\/test.burgwaechterservice.de\/fr\/p\/cadenas-et-porte-cadenas\/1580-hb\/"]}]},{"@type":"BreadcrumbList","@id":"https:\/\/test.burgwaechterservice.de\/fr\/p\/cadenas-et-porte-cadenas\/1580-hb\/#breadcrumb","itemListElement":[{"@type":"ListItem","position":1,"name":"Accueil","item":"https:\/\/test.burgwaechterservice.de\/fr\/"},{"@type":"ListItem","position":2,"name":"Produits","item":"https:\/\/test.burgwaechterservice.de\/fr\/p\/"},{"@type":"ListItem","position":3,"name":"Antivol en U 1580 HB"}]},{"@type":"WebSite","@id":"https:\/\/test.burgwaechterservice.de\/fr\/#website","url":"https:\/\/test.burgwaechterservice.de\/fr\/","name":"Burg-W\u00e4chter France","description":"Le choix le plus s\u00fbr!","potentialAction":[{"@type":"SearchAction","target":{"@type":"EntryPoint","urlTemplate":"https:\/\/test.burgwaechterservice.de\/fr\/?s={search_term_string}"},"query-input":"required name=search_term_string"}],"inLanguage":"fr-FR"}]}},"_links":{"self":[{"href":"https:\/\/test.burgwaechterservice.de\/fr\/wp-json\/wp\/v2\/product\/531962"}],"collection":[{"href":"https:\/\/test.burgwaechterservice.de\/fr\/wp-json\/wp\/v2\/product"}],"about":[{"href":"https:\/\/test.burgwaechterservice.de\/fr\/wp-json\/wp\/v2\/types\/product"}],"replies":[{"embeddable":true,"href":"https:\/\/test.burgwaechterservice.de\/fr\/wp-json\/wp\/v2\/comments?post=531962"}],"wp:featuredmedia":[{"embeddable":true,"href":"https:\/\/test.burgwaechterservice.de\/fr\/wp-json\/wp\/v2\/media\/531963"}],"wp:attachment":[{"href":"https:\/\/test.burgwaechterservice.de\/fr\/wp-json\/wp\/v2\/media?parent=531962"}],"wp:term":[{"taxonomy":"product_cat","embeddable":true,"href":"https:\/\/test.burgwaechterservice.de\/fr\/wp-json\/wp\/v2\/product_cat?post=531962"},{"taxonomy":"product_tag","embeddable":true,"href":"https:\/\/test.burgwaechterservice.de\/fr\/wp-json\/wp\/v2\/product_tag?post=531962"}],"curies":[{"name":"wp","href":"https:\/\/api.w.org\/{rel}","templated":true}]}}