{"id":531959,"date":"2021-06-29T09:26:17","date_gmt":"2021-06-29T07:26:17","guid":{"rendered":"https:\/\/www.burg.biz\/fr\/p\/cadenas-et-porte-cadenas\/1600-hb-170-210\/"},"modified":"2021-07-20T12:27:50","modified_gmt":"2021-07-20T10:27:50","slug":"1600-hb-170-210","status":"publish","type":"product","link":"https:\/\/test.burgwaechterservice.de\/fr\/p\/cadenas-et-porte-cadenas\/1600-hb-170-210\/","title":{"rendered":"Antivol en U long 1600 HB 170\/210"},"content":{"rendered":"<p><a href=\"https:\/\/test.burgwaechterservice.de\/?attachment_id=343126\"><img decoding=\"async\" class=\"alignnone wp-image-343126\" src=\"https:\/\/test.burgwaechterservice.de\/wp-content\/uploads\/2019\/05\/B\u00fcgelschloss-1580-HB-Piktos.jpg\" alt=\"\" width=\"491\" height=\"92\" \/><\/a><\/p>\n<h2>L&#8217;antivol en U long 1600 HB extra r\u00e9sistant<\/h2>\n<p>La premi\u00e8re poign\u00e9e le montre d&#8217;ores et d\u00e9j\u00e0 : l&#8217;antivol en U HB 1600 170\/210 est un vrai poids lourd. Pesant <strong>1520 grammes<\/strong> et dot\u00e9 d&#8217;une <strong>anse de 16 millim\u00e8tres d&#8217;\u00e9paisseur<\/strong>, il offre une r\u00e9sistance massive aux tentatives d&#8217;effraction. Le corps et l&#8217;anse sont en acier tremp\u00e9. S&#8217;y ajoute un syst\u00e8me de double verrouillage. Tout cela constitue un ensemble parfait en termes de s\u00e9curit\u00e9. Et c&#8217;est important : en effet, on ne compte pas moins de 400 000 v\u00e9los vol\u00e9s chaque ann\u00e9e en France.<\/p>\n<h3>Un antivol en U allie long\u00e9vit\u00e9 et confort d&#8217;utilisation<\/h3>\n<p>Le <strong>rev\u00eatement en plastique r\u00e9sistant \u00e0 l&#8217;usure<\/strong> de l&#8217;antivol en U 1600 HB 170\/210 et le capuchon de protection amovible au niveau du m\u00e9canisme de verrouillage garantissent durabilit\u00e9 et confort. Cela prot\u00e8ge la serrure de la pluie et des projections d&#8217;eau. Gr\u00e2ce au <strong>support de fixation au cadre<\/strong> fourni, l&#8217;antivol peut \u00eatre transport\u00e9 facilement sur le v\u00e9lo. La hauteur de l&#8217;anse est de 210 mm, sa largeur est de 106 mm. Cela vous permet d&#8217;attacher votre v\u00e9lo \u00e0 des objets fixes. Car sans cette s\u00e9curit\u00e9, vous courez un risque plus \u00e9lev\u00e9 que votre v\u00e9lo soit tout simplement enlev\u00e9. Les voleurs pourront alors prendre tout leur temps pour fracturer l&#8217;antivol dans un endroit s\u00fbr.<\/p>\n<h3>Un antivol pour v\u00e9lo utilisable de mani\u00e8re polyvalente<\/h3>\n<p>Bien s\u00fbr, l&#8217;antivol en U long offre encore bien d&#8217;autres possibilit\u00e9s d&#8217;utilisation. Par exemple, il est id\u00e9al pour <strong>s\u00e9curiser des trottinettes et des deux-roues motoris\u00e9s<\/strong>. Il en va de m\u00eame pour les scooters et les v\u00e9los \u00e9lectriques de plus en plus pris\u00e9s. Par ailleurs, vous pouvez aussi <strong>s\u00e9curiser des outils de jardinage ou de travail<\/strong> \u00e0 l&#8217;aide de l&#8217;antivol en U 1600 HB 210\/170. De surcro\u00eet, l&#8217;antivol peut \u00eatre utilis\u00e9 dans le domaine du b\u00e2timent pour s\u00e9curiser des machines ou appareils on\u00e9reux.<\/p>\n<h3>L&#8217;antivol en U long 1600 HB 170\/210 en aper\u00e7u<\/h3>\n<ul>\n<li>Anse extra longue, double verrouillage<\/li>\n<li>Anse et corps en acier tremp\u00e9<\/li>\n<li>Support de fixation pratique pour le cadre du v\u00e9lo<\/li>\n<li>Rev\u00eatement en mati\u00e8re plastique r\u00e9sistante<\/li>\n<li>Epaisseur de l&#8217;anse : 16 mm, largeur de l&#8217;anse : 106 mm, hauteur de l&#8217;anse : 210 mm<\/li>\n<li>Pour s\u00e9curiser les v\u00e9los, deux-roues motoris\u00e9s, v\u00e9los et scooters \u00e9lectriques<\/li>\n<li>Utilisable \u00e9galement dans le b\u00e2timent ou pour s\u00e9curiser des outils de jardinage<\/li>\n<li>Livr\u00e9 et fabriqu\u00e9 en s\u00e9rie avec deux cl\u00e9s<\/li>\n<\/ul>\n<p>&nbsp;<\/p>\n<table class=\"ausfuehrung\">\n<thead>\n<tr>\n<td>Article<\/td>\n<td>Epaisseur d&#8217;anse<\/td>\n<td>Largeur d&#8217;anse<\/td>\n<td>Hauteur d&#8217;anse<\/td>\n<\/tr>\n<\/thead>\n<tbody>\n<tr>\n<td class=\"subdesc\"><\/td>\n<td class=\"subdesc\">mm<\/td>\n<td class=\"subdesc\">mm<\/td>\n<td class=\"subdesc\">mm<\/td>\n<\/tr>\n<\/tbody>\n<tbody>\n<tr>\n<td>1600 HB 170\/210<\/td>\n<td>16<\/td>\n<td>106<\/td>\n<td>210<\/td>\n<\/tr>\n<\/tbody>\n<\/table>\n","protected":false},"excerpt":{"rendered":"<p>L&#8217;antivol en U long 1600 HB extra r\u00e9sistant La premi\u00e8re poign\u00e9e le montre d&#8217;ores et d\u00e9j\u00e0 : l&#8217;antivol en U HB 1600 170\/210 est un vrai poids lourd. Pesant 1520 grammes et dot\u00e9 d&#8217;une anse de 16 millim\u00e8tres d&#8217;\u00e9paisseur, il &hellip; <a class=\"kt-excerpt-readmore\" href=\"https:\/\/test.burgwaechterservice.de\/fr\/p\/cadenas-et-porte-cadenas\/1600-hb-170-210\/\" aria-label=\"Antivol en U long 1600 HB 170\/210\">Lire la suite<\/a><\/p>\n","protected":false},"featured_media":531960,"comment_status":"closed","ping_status":"closed","template":"","meta":[],"product_cat":[30,3131],"product_tag":[],"yoast_head":"<!-- This site is optimized with the Yoast SEO Premium plugin v18.4 (Yoast SEO v19.13) - https:\/\/yoast.com\/wordpress\/plugins\/seo\/ -->\n<title>Antivol en U long 1600 HB 170\/210 du sp\u00e9cialiste BURG-W\u00c4CHTER<\/title>\n<meta name=\"description\" content=\"U long 1600 HB 170\/210 par BURG-W\u00c4CHTER : s\u00e9curise les v\u00e9los, trottinettes, scooters, outils de jardinage, outils ou machines de travail.\" \/>\n<meta name=\"robots\" content=\"index, follow, max-snippet:-1, max-image-preview:large, max-video-preview:-1\" \/>\n<link rel=\"canonical\" href=\"https:\/\/test.burgwaechterservice.de\/fr\/p\/cadenas-et-porte-cadenas\/1600-hb-170-210\/\" \/>\n<meta property=\"og:locale\" content=\"fr_FR\" \/>\n<meta property=\"og:type\" content=\"article\" \/>\n<meta property=\"og:title\" content=\"Antivol en U long 1600 HB 170\/210\" \/>\n<meta property=\"og:description\" content=\"U long 1600 HB 170\/210 par BURG-W\u00c4CHTER : s\u00e9curise les v\u00e9los, trottinettes, scooters, outils de jardinage, outils ou machines de travail.\" \/>\n<meta property=\"og:url\" content=\"https:\/\/test.burgwaechterservice.de\/fr\/p\/cadenas-et-porte-cadenas\/1600-hb-170-210\/\" \/>\n<meta property=\"og:site_name\" content=\"Burg-W\u00e4chter France\" \/>\n<meta property=\"article:modified_time\" content=\"2021-07-20T10:27:50+00:00\" \/>\n<meta property=\"og:image\" content=\"https:\/\/test.burgwaechterservice.de\/fr\/wp-content\/uploads\/sites\/4\/2021\/06\/1600_frei.jpg\" \/>\n\t<meta property=\"og:image:width\" content=\"1500\" \/>\n\t<meta property=\"og:image:height\" content=\"1500\" \/>\n\t<meta property=\"og:image:type\" content=\"image\/jpeg\" \/>\n<meta name=\"twitter:card\" content=\"summary_large_image\" \/>\n<meta name=\"twitter:label1\" content=\"Dur\u00e9e de lecture estim\u00e9e\" \/>\n\t<meta name=\"twitter:data1\" content=\"2 minutes\" \/>\n<!-- \/ Yoast SEO Premium plugin. -->","yoast_head_json":{"title":"Antivol en U long 1600 HB 170\/210 du sp\u00e9cialiste BURG-W\u00c4CHTER","description":"U long 1600 HB 170\/210 par BURG-W\u00c4CHTER : s\u00e9curise les v\u00e9los, trottinettes, scooters, outils de jardinage, outils ou machines de travail.","robots":{"index":"index","follow":"follow","max-snippet":"max-snippet:-1","max-image-preview":"max-image-preview:large","max-video-preview":"max-video-preview:-1"},"canonical":"https:\/\/test.burgwaechterservice.de\/fr\/p\/cadenas-et-porte-cadenas\/1600-hb-170-210\/","og_locale":"fr_FR","og_type":"article","og_title":"Antivol en U long 1600 HB 170\/210","og_description":"U long 1600 HB 170\/210 par BURG-W\u00c4CHTER : s\u00e9curise les v\u00e9los, trottinettes, scooters, outils de jardinage, outils ou machines de travail.","og_url":"https:\/\/test.burgwaechterservice.de\/fr\/p\/cadenas-et-porte-cadenas\/1600-hb-170-210\/","og_site_name":"Burg-W\u00e4chter France","article_modified_time":"2021-07-20T10:27:50+00:00","og_image":[{"width":1500,"height":1500,"url":"https:\/\/test.burgwaechterservice.de\/fr\/wp-content\/uploads\/sites\/4\/2021\/06\/1600_frei.jpg","type":"image\/jpeg"}],"twitter_card":"summary_large_image","twitter_misc":{"Dur\u00e9e de lecture estim\u00e9e":"2 minutes"},"schema":{"@context":"https:\/\/schema.org","@graph":[{"@type":"WebPage","@id":"https:\/\/test.burgwaechterservice.de\/fr\/p\/cadenas-et-porte-cadenas\/1600-hb-170-210\/","url":"https:\/\/test.burgwaechterservice.de\/fr\/p\/cadenas-et-porte-cadenas\/1600-hb-170-210\/","name":"Antivol en U long 1600 HB 170\/210 du sp\u00e9cialiste BURG-W\u00c4CHTER","isPartOf":{"@id":"https:\/\/test.burgwaechterservice.de\/fr\/#website"},"datePublished":"2021-06-29T07:26:17+00:00","dateModified":"2021-07-20T10:27:50+00:00","description":"U long 1600 HB 170\/210 par BURG-W\u00c4CHTER : s\u00e9curise les v\u00e9los, trottinettes, scooters, outils de jardinage, outils ou machines de travail.","breadcrumb":{"@id":"https:\/\/test.burgwaechterservice.de\/fr\/p\/cadenas-et-porte-cadenas\/1600-hb-170-210\/#breadcrumb"},"inLanguage":"fr-FR","potentialAction":[{"@type":"ReadAction","target":["https:\/\/test.burgwaechterservice.de\/fr\/p\/cadenas-et-porte-cadenas\/1600-hb-170-210\/"]}]},{"@type":"BreadcrumbList","@id":"https:\/\/test.burgwaechterservice.de\/fr\/p\/cadenas-et-porte-cadenas\/1600-hb-170-210\/#breadcrumb","itemListElement":[{"@type":"ListItem","position":1,"name":"Accueil","item":"https:\/\/test.burgwaechterservice.de\/fr\/"},{"@type":"ListItem","position":2,"name":"Produits","item":"https:\/\/test.burgwaechterservice.de\/fr\/p\/"},{"@type":"ListItem","position":3,"name":"Antivol en U long 1600 HB 170\/210"}]},{"@type":"WebSite","@id":"https:\/\/test.burgwaechterservice.de\/fr\/#website","url":"https:\/\/test.burgwaechterservice.de\/fr\/","name":"Burg-W\u00e4chter France","description":"Le choix le plus s\u00fbr!","potentialAction":[{"@type":"SearchAction","target":{"@type":"EntryPoint","urlTemplate":"https:\/\/test.burgwaechterservice.de\/fr\/?s={search_term_string}"},"query-input":"required name=search_term_string"}],"inLanguage":"fr-FR"}]}},"_links":{"self":[{"href":"https:\/\/test.burgwaechterservice.de\/fr\/wp-json\/wp\/v2\/product\/531959"}],"collection":[{"href":"https:\/\/test.burgwaechterservice.de\/fr\/wp-json\/wp\/v2\/product"}],"about":[{"href":"https:\/\/test.burgwaechterservice.de\/fr\/wp-json\/wp\/v2\/types\/product"}],"replies":[{"embeddable":true,"href":"https:\/\/test.burgwaechterservice.de\/fr\/wp-json\/wp\/v2\/comments?post=531959"}],"wp:featuredmedia":[{"embeddable":true,"href":"https:\/\/test.burgwaechterservice.de\/fr\/wp-json\/wp\/v2\/media\/531960"}],"wp:attachment":[{"href":"https:\/\/test.burgwaechterservice.de\/fr\/wp-json\/wp\/v2\/media?parent=531959"}],"wp:term":[{"taxonomy":"product_cat","embeddable":true,"href":"https:\/\/test.burgwaechterservice.de\/fr\/wp-json\/wp\/v2\/product_cat?post=531959"},{"taxonomy":"product_tag","embeddable":true,"href":"https:\/\/test.burgwaechterservice.de\/fr\/wp-json\/wp\/v2\/product_tag?post=531959"}],"curies":[{"name":"wp","href":"https:\/\/api.w.org\/{rel}","templated":true}]}}