{"id":523334,"date":"2021-06-09T11:43:04","date_gmt":"2021-06-09T09:43:04","guid":{"rendered":"https:\/\/www.burg.biz\/fr\/p\/schloss-und-riegel\/scanlock\/"},"modified":"2022-03-23T13:37:18","modified_gmt":"2022-03-23T12:37:18","slug":"cadenas-scanlock","status":"publish","type":"product","link":"https:\/\/test.burgwaechterservice.de\/fr\/p\/cadenas-et-porte-cadenas\/cadenas-scanlock\/","title":{"rendered":"Cadenas Scan&amp;Lock 610 53"},"content":{"rendered":"<p><img fetchpriority=\"high\" decoding=\"async\" class=\"alignnone wp-image-593051 \" src=\"https:\/\/test.burgwaechterservice.de\/wp-content\/uploads\/2021\/04\/PiktosScanLock.jpg\" alt=\"\" width=\"457\" height=\"152\" \/><\/p>\n<h2>Cadenas avec lecteur \u00e0 empreinte digitale<\/h2>\n<p>Votre doigt est la cl\u00e9 !<\/p>\n<p>Ouvrir un cadenas n&#8217;a jamais \u00e9t\u00e9 aussi facile. Car avec le Scan &amp; Lock, vous n&#8217;avez plus besoin d&#8217;autre chose que votre seul doigt pour ouvrir votre casier \u00e0 la salle de sport, la cave ou la porte de l&#8217;abri de jardin. Gr\u00e2ce \u00e0 la classe de protection \u00e9lev\u00e9e IP 65, le Scan &amp; Lock est id\u00e9al pour une utilisation en int\u00e9rieur et en ext\u00e9rieur. Particuli\u00e8rement pratique : la serrure enregistre jusqu&#8217;\u00e0 dix empreintes digitales diff\u00e9rentes. Cela signifie que plusieurs personnes peuvent ouvrir le Scan &amp; Lock sans avoir \u00e0 transmettre la cl\u00e9 ou le code. Id\u00e9al pour une utilisation au sein d&#8217;entreprises ou dans le secteur de la restauration.<\/p>\n<p>Bien entendu, la serrure vous avertit lorsque la batterie est faible. Ainsi, la batterie peut \u00eatre facilement recharg\u00e9e avec le c\u00e2ble fourni. M\u00eame si la batterie est compl\u00e8tement vide, vous pouvez toujours ouvrir la serrure avec une cl\u00e9 de secours.<br \/>\nLe Scan &amp; Lock est non seulement facile \u00e0 ouvrir, mais il est \u00e9galement bien prot\u00e9g\u00e9 contre les tentatives d&#8217;effraction. L&#8217;anse de sept millim\u00e8tres d&#8217;\u00e9paisseur dure comme de l&#8217;acier y veille.<\/p>\n<h4>Scan &amp; Lock 610 53 en aper\u00e7u<\/h4>\n<ul>\n<li>Anse dure comme l&#8217;acier<\/li>\n<li>Jusqu&#8217;\u00e0 10 empreintes digitales enregistrables<\/li>\n<li>R\u00e9sistance aux intemp\u00e9ries, cat\u00e9gorie de protection IP 65<\/li>\n<li>C\u00e2ble de chargement et 2 cl\u00e9s de secours fourni(e)s<\/li>\n<\/ul>\n","protected":false},"excerpt":{"rendered":"<p>Cadenas avec lecteur \u00e0 empreinte digitale Votre doigt est la cl\u00e9 ! Ouvrir un cadenas n&#8217;a jamais \u00e9t\u00e9 aussi facile. Car avec le Scan &amp; Lock, vous n&#8217;avez plus besoin d&#8217;autre chose que votre seul doigt pour ouvrir votre casier &hellip; <a class=\"kt-excerpt-readmore\" href=\"https:\/\/test.burgwaechterservice.de\/fr\/p\/cadenas-et-porte-cadenas\/cadenas-scanlock\/\" aria-label=\"Cadenas Scan&amp;Lock 610 53\">Lire la suite<\/a><\/p>\n","protected":false},"featured_media":527619,"comment_status":"closed","ping_status":"closed","template":"","meta":[],"product_cat":[30,7959],"product_tag":[7970],"yoast_head":"<!-- This site is optimized with the Yoast SEO Premium plugin v18.4 (Yoast SEO v19.13) - https:\/\/yoast.com\/wordpress\/plugins\/seo\/ -->\n<title>Cadenas Magno - S\u00e9curit\u00e9 robuste pour une utilisation poylvalente<\/title>\n<meta name=\"description\" content=\"Le cadenas Magno 400 de BURG-W\u00c4CHTER en sept tailles : le cadenas est adapt\u00e9 de mani\u00e8re id\u00e9ale au foyer, au travail et dans les loisirs.\" \/>\n<meta name=\"robots\" content=\"index, follow, max-snippet:-1, max-image-preview:large, max-video-preview:-1\" \/>\n<link rel=\"canonical\" href=\"https:\/\/test.burgwaechterservice.de\/fr\/p\/cadenas-et-porte-cadenas\/cadenas-scanlock\/\" \/>\n<meta property=\"og:locale\" content=\"fr_FR\" \/>\n<meta property=\"og:type\" content=\"article\" \/>\n<meta property=\"og:title\" content=\"Cadenas Scan&amp;Lock 610 53\" \/>\n<meta property=\"og:description\" content=\"Le cadenas Magno 400 de BURG-W\u00c4CHTER en sept tailles : le cadenas est adapt\u00e9 de mani\u00e8re id\u00e9ale au foyer, au travail et dans les loisirs.\" \/>\n<meta property=\"og:url\" content=\"https:\/\/test.burgwaechterservice.de\/fr\/p\/cadenas-et-porte-cadenas\/cadenas-scanlock\/\" \/>\n<meta property=\"og:site_name\" content=\"Burg-W\u00e4chter France\" \/>\n<meta property=\"article:modified_time\" content=\"2022-03-23T12:37:18+00:00\" \/>\n<meta property=\"og:image\" content=\"https:\/\/test.burgwaechterservice.de\/fr\/wp-content\/uploads\/sites\/4\/2021\/06\/Fingerscan-Schloss_Front_BW-Logo_leuchtend_Fingerabdruck.jpg\" \/>\n\t<meta property=\"og:image:width\" content=\"1345\" \/>\n\t<meta property=\"og:image:height\" content=\"1345\" \/>\n\t<meta property=\"og:image:type\" content=\"image\/jpeg\" \/>\n<meta name=\"twitter:card\" content=\"summary_large_image\" \/>\n<meta name=\"twitter:label1\" content=\"Dur\u00e9e de lecture estim\u00e9e\" \/>\n\t<meta name=\"twitter:data1\" content=\"2 minutes\" \/>\n<!-- \/ Yoast SEO Premium plugin. -->","yoast_head_json":{"title":"Cadenas Magno - S\u00e9curit\u00e9 robuste pour une utilisation poylvalente","description":"Le cadenas Magno 400 de BURG-W\u00c4CHTER en sept tailles : le cadenas est adapt\u00e9 de mani\u00e8re id\u00e9ale au foyer, au travail et dans les loisirs.","robots":{"index":"index","follow":"follow","max-snippet":"max-snippet:-1","max-image-preview":"max-image-preview:large","max-video-preview":"max-video-preview:-1"},"canonical":"https:\/\/test.burgwaechterservice.de\/fr\/p\/cadenas-et-porte-cadenas\/cadenas-scanlock\/","og_locale":"fr_FR","og_type":"article","og_title":"Cadenas Scan&amp;Lock 610 53","og_description":"Le cadenas Magno 400 de BURG-W\u00c4CHTER en sept tailles : le cadenas est adapt\u00e9 de mani\u00e8re id\u00e9ale au foyer, au travail et dans les loisirs.","og_url":"https:\/\/test.burgwaechterservice.de\/fr\/p\/cadenas-et-porte-cadenas\/cadenas-scanlock\/","og_site_name":"Burg-W\u00e4chter France","article_modified_time":"2022-03-23T12:37:18+00:00","og_image":[{"width":1345,"height":1345,"url":"https:\/\/test.burgwaechterservice.de\/fr\/wp-content\/uploads\/sites\/4\/2021\/06\/Fingerscan-Schloss_Front_BW-Logo_leuchtend_Fingerabdruck.jpg","type":"image\/jpeg"}],"twitter_card":"summary_large_image","twitter_misc":{"Dur\u00e9e de lecture estim\u00e9e":"2 minutes"},"schema":{"@context":"https:\/\/schema.org","@graph":[{"@type":"WebPage","@id":"https:\/\/test.burgwaechterservice.de\/fr\/p\/cadenas-et-porte-cadenas\/cadenas-scanlock\/","url":"https:\/\/test.burgwaechterservice.de\/fr\/p\/cadenas-et-porte-cadenas\/cadenas-scanlock\/","name":"Cadenas Magno - S\u00e9curit\u00e9 robuste pour une utilisation poylvalente","isPartOf":{"@id":"https:\/\/test.burgwaechterservice.de\/fr\/#website"},"datePublished":"2021-06-09T09:43:04+00:00","dateModified":"2022-03-23T12:37:18+00:00","description":"Le cadenas Magno 400 de BURG-W\u00c4CHTER en sept tailles : le cadenas est adapt\u00e9 de mani\u00e8re id\u00e9ale au foyer, au travail et dans les loisirs.","breadcrumb":{"@id":"https:\/\/test.burgwaechterservice.de\/fr\/p\/cadenas-et-porte-cadenas\/cadenas-scanlock\/#breadcrumb"},"inLanguage":"fr-FR","potentialAction":[{"@type":"ReadAction","target":["https:\/\/test.burgwaechterservice.de\/fr\/p\/cadenas-et-porte-cadenas\/cadenas-scanlock\/"]}]},{"@type":"BreadcrumbList","@id":"https:\/\/test.burgwaechterservice.de\/fr\/p\/cadenas-et-porte-cadenas\/cadenas-scanlock\/#breadcrumb","itemListElement":[{"@type":"ListItem","position":1,"name":"Accueil","item":"https:\/\/test.burgwaechterservice.de\/fr\/"},{"@type":"ListItem","position":2,"name":"Produits","item":"https:\/\/test.burgwaechterservice.de\/fr\/p\/"},{"@type":"ListItem","position":3,"name":"Cadenas Scan&amp;Lock 610 53"}]},{"@type":"WebSite","@id":"https:\/\/test.burgwaechterservice.de\/fr\/#website","url":"https:\/\/test.burgwaechterservice.de\/fr\/","name":"Burg-W\u00e4chter France","description":"Le choix le plus s\u00fbr!","potentialAction":[{"@type":"SearchAction","target":{"@type":"EntryPoint","urlTemplate":"https:\/\/test.burgwaechterservice.de\/fr\/?s={search_term_string}"},"query-input":"required name=search_term_string"}],"inLanguage":"fr-FR"}]}},"_links":{"self":[{"href":"https:\/\/test.burgwaechterservice.de\/fr\/wp-json\/wp\/v2\/product\/523334"}],"collection":[{"href":"https:\/\/test.burgwaechterservice.de\/fr\/wp-json\/wp\/v2\/product"}],"about":[{"href":"https:\/\/test.burgwaechterservice.de\/fr\/wp-json\/wp\/v2\/types\/product"}],"replies":[{"embeddable":true,"href":"https:\/\/test.burgwaechterservice.de\/fr\/wp-json\/wp\/v2\/comments?post=523334"}],"wp:featuredmedia":[{"embeddable":true,"href":"https:\/\/test.burgwaechterservice.de\/fr\/wp-json\/wp\/v2\/media\/527619"}],"wp:attachment":[{"href":"https:\/\/test.burgwaechterservice.de\/fr\/wp-json\/wp\/v2\/media?parent=523334"}],"wp:term":[{"taxonomy":"product_cat","embeddable":true,"href":"https:\/\/test.burgwaechterservice.de\/fr\/wp-json\/wp\/v2\/product_cat?post=523334"},{"taxonomy":"product_tag","embeddable":true,"href":"https:\/\/test.burgwaechterservice.de\/fr\/wp-json\/wp\/v2\/product_tag?post=523334"}],"curies":[{"name":"wp","href":"https:\/\/api.w.org\/{rel}","templated":true}]}}