{"id":523330,"date":"2021-06-09T11:20:27","date_gmt":"2021-06-09T09:20:27","guid":{"rendered":"https:\/\/www.burg.biz\/fr\/p\/cadenas-et-porte-cadenas\/antivol-pliable\/"},"modified":"2021-07-17T17:20:46","modified_gmt":"2021-07-17T15:20:46","slug":"antivol-pliable","status":"publish","type":"product","link":"https:\/\/test.burgwaechterservice.de\/fr\/p\/cadenas-et-porte-cadenas\/antivol-pliable\/","title":{"rendered":"Antivol pliable 790 90 noir"},"content":{"rendered":"<p><img decoding=\"async\" class=\"alignnone wp-image-597524 \" src=\"https:\/\/test.burgwaechterservice.de\/wp-content\/uploads\/2021\/04\/BW_Pikto_E-Bike_sw.png\" alt=\"\" width=\"630\" height=\"78\" \/><\/p>\n<h2>L&#8217;antivol pliable 790 90 noir allie s\u00e9curit\u00e9 et confort<\/h2>\n<p>En Allemagne \u00e0 titre indicatif, les voleurs d\u00e9robent chaque jour plus de 700 bicyclettes et v\u00e9los \u00e9lectriques. Depuis longtemps, les gangs organis\u00e9s sont particuli\u00e8rement friands de v\u00e9los \u00e9lectriques ou de cycles de qualit\u00e9. Et ce pour une raison simple : ces derniers sont les objets les plus lucratifs \u00e0 la revente. Pour \u00e9viter que votre v\u00e9lo \u00e9lectrique ne passe trop facilement de moyen de transport pr\u00e9f\u00e9r\u00e9 \u00e0 butin de vol, <strong>un antivol v\u00e9lo de haute qualit\u00e9 est une n\u00e9cessit\u00e9 absolue<\/strong>. Le nouvel antivol pliable 790 90 noir de BURG-W\u00c4CHTER allie une s\u00e9curit\u00e9 robuste \u00e0 une utilisation pratique. Point important : avec le prix de vente conseill\u00e9, l&#8217;antivol pliant devrait \u00eatre au-dessus du prix minimum exig\u00e9 par les assurances. N\u00e9anmoins, renseignez-vous sur les conditions de votre assureur. En effet, beaucoup d&#8217;assureurs exigent un prix minimum de l&#8217;antivol dans leurs conditions d&#8217;assurance de v\u00e9los \u00e9lectriques.<\/p>\n<h3>Antivol pliable fait d&#8217;\u00e9l\u00e9ments en acier tremp\u00e9 \u00e9pais de 8,5 mm<\/h3>\n<p>Les \u00e9l\u00e9ments en acier tremp\u00e9 de 8,5 mm d&#8217;\u00e9paisseur assurent une protection maximale \u00e0 l&#8217;antivol pliable 790 90 noir. La largeur des diff\u00e9rents maillons de la cha\u00eene est de 26 mm. Par ailleurs, la structure sp\u00e9ciale n&#8217;offre qu&#8217;une <strong>surface d&#8217;attaque minimale pour les outils d&#8217;effraction<\/strong>. Gr\u00e2ce \u00e0 la <strong>longueur g\u00e9n\u00e9reuse de 90 centim\u00e8tres<\/strong>, vous pouvez facilement attacher votre v\u00e9lo \u00e0 des objets solidement ancr\u00e9s dans le sol. Par exemple, \u00e0 des supports pour v\u00e9lo, des cl\u00f4tures, des poteaux ou des r\u00e9verb\u00e8res. Gr\u00e2ce \u00e0 la <strong>serrure \u00e0 cylindre de haute qualit\u00e9, prot\u00e9g\u00e9e contre le per\u00e7age<\/strong>, l&#8217;antivol pour v\u00e9lo \u00e9lectrique est particuli\u00e8rement facile \u00e0 ouvrir et \u00e0 fermer. Ainsi, une long\u00e9vit\u00e9 accrue est assur\u00e9e.<\/p>\n<h3>Antivol pour v\u00e9lo \u00e9lectrique avec volume compact (une fois pli\u00e9) et poids l\u00e9ger<\/h3>\n<p>Pratique : Gr\u00e2ce au pliage rapide et facile de l&#8217;antivol, <strong>son volume est extr\u00eamement r\u00e9duit<\/strong>. Cela vous permet de ranger cet antivol pliable tr\u00e8s l\u00e9ger (1,3 kg) dans votre bagage en un temps trois mouvements. Vous pouvez aussi bien s\u00fbr fixer l&#8217;antivol pliant au support du cadre (inclus) en l&#8217;enclenchant sans r\u00e9sistance. De plus, le <strong>rev\u00eatement plastique int\u00e9gral<\/strong> de la serrure prot\u00e8ge contre les rayures. L&#8217;antivol pliable est livr\u00e9 avec deux cl\u00e9s.<\/p>\n<h4><span style=\"color: #000000\">L&#8217;antivol pliable 790 90 en aper\u00e7u<br \/>\n<\/span><\/h4>\n<ul>\n<li>Id\u00e9al pour les v\u00e9los \u00e9lectriques et v\u00e9los \u00e0 assistance \u00e9lectrique<\/li>\n<li>Elements en acier tremp\u00e9<\/li>\n<li>Enti\u00e8rement recouvert de mati\u00e8re plastique pour prot\u00e9ger le cadre<\/li>\n<li>Fixations au cadre incluses. Installatio par vis ou collier de serrage<\/li>\n<li>Longueur totale 90 cm<\/li>\n<li>Serrure \u00e0 cylindre prot\u00e9g\u00e9e contre le per\u00e7age<\/li>\n<li>Livraison avec deux cl\u00e9s<\/li>\n<\/ul>\n<p>&nbsp;<\/p>\n<table class=\"ausfuehrung\">\n<thead>\n<tr>\n<td>Article<\/td>\n<td>Longueur (mm)<\/td>\n<td>Largeur des maillons de cha\u00eene (mm)<\/td>\n<td>Epaisseur du mat\u00e9riau (mm)<\/td>\n<td>Poids (kg)<\/td>\n<\/tr>\n<\/thead>\n<tbody>\n<tr>\n<td>790 90 noir<\/td>\n<td>\u00a0900<\/td>\n<td>26<\/td>\n<td>\u00a08,5<\/td>\n<td>1,29<\/td>\n<\/tr>\n<\/tbody>\n<\/table>\n<p>&nbsp;<\/p>\n<p>&nbsp;<\/p>\n<p>&nbsp;<\/p>\n<div align=\"center\"><\/div>\n<p>&nbsp;<\/p>\n","protected":false},"excerpt":{"rendered":"<p>L&#8217;antivol pliable 790 90 noir allie s\u00e9curit\u00e9 et confort En Allemagne \u00e0 titre indicatif, les voleurs d\u00e9robent chaque jour plus de 700 bicyclettes et v\u00e9los \u00e9lectriques. Depuis longtemps, les gangs organis\u00e9s sont particuli\u00e8rement friands de v\u00e9los \u00e9lectriques ou de cycles &hellip; <a class=\"kt-excerpt-readmore\" href=\"https:\/\/test.burgwaechterservice.de\/fr\/p\/cadenas-et-porte-cadenas\/antivol-pliable\/\" aria-label=\"Antivol pliable 790 90 noir\">Lire la suite<\/a><\/p>\n","protected":false},"featured_media":523331,"comment_status":"closed","ping_status":"closed","template":"","meta":[],"product_cat":[30,7962,50,7963],"product_tag":[7961],"yoast_head":"<!-- This site is optimized with the Yoast SEO Premium plugin v18.4 (Yoast SEO v19.13) - https:\/\/yoast.com\/wordpress\/plugins\/seo\/ -->\n<title>Antivol pliable 790 90 noir - bien s\u00e9curiser votre v\u00e9lo \u00e9lectrique !<\/title>\n<meta name=\"description\" content=\"L&#039;antivol pliable 790 90 noir par BURG-W\u00c4CHTER : allie s\u00e9curit\u00e9 et praticit\u00e9 ! Syst\u00e8me d&#039;enclenchement au cadre du v\u00e9lo fourni.\" \/>\n<meta name=\"robots\" content=\"index, follow, max-snippet:-1, max-image-preview:large, max-video-preview:-1\" \/>\n<link rel=\"canonical\" href=\"https:\/\/test.burgwaechterservice.de\/fr\/p\/cadenas-et-porte-cadenas\/antivol-pliable\/\" \/>\n<meta property=\"og:locale\" content=\"fr_FR\" \/>\n<meta property=\"og:type\" content=\"article\" \/>\n<meta property=\"og:title\" content=\"Antivol pliable 790 90 noir\" \/>\n<meta property=\"og:description\" content=\"L&#039;antivol pliable 790 90 noir par BURG-W\u00c4CHTER : allie s\u00e9curit\u00e9 et praticit\u00e9 ! Syst\u00e8me d&#039;enclenchement au cadre du v\u00e9lo fourni.\" \/>\n<meta property=\"og:url\" content=\"https:\/\/test.burgwaechterservice.de\/fr\/p\/cadenas-et-porte-cadenas\/antivol-pliable\/\" \/>\n<meta property=\"og:site_name\" content=\"Burg-W\u00e4chter France\" \/>\n<meta property=\"article:modified_time\" content=\"2021-07-17T15:20:46+00:00\" \/>\n<meta property=\"og:image\" content=\"https:\/\/test.burgwaechterservice.de\/fr\/wp-content\/uploads\/sites\/4\/2021\/06\/BW_SR_790-90-SB_ISO_r_Key_TOP_open_4003482339718_.jpg\" \/>\n\t<meta property=\"og:image:width\" content=\"1500\" \/>\n\t<meta property=\"og:image:height\" content=\"1500\" \/>\n\t<meta property=\"og:image:type\" content=\"image\/jpeg\" \/>\n<meta name=\"twitter:card\" content=\"summary_large_image\" \/>\n<meta name=\"twitter:label1\" content=\"Dur\u00e9e de lecture estim\u00e9e\" \/>\n\t<meta name=\"twitter:data1\" content=\"3 minutes\" \/>\n<!-- \/ Yoast SEO Premium plugin. -->","yoast_head_json":{"title":"Antivol pliable 790 90 noir - bien s\u00e9curiser votre v\u00e9lo \u00e9lectrique !","description":"L'antivol pliable 790 90 noir par BURG-W\u00c4CHTER : allie s\u00e9curit\u00e9 et praticit\u00e9 ! Syst\u00e8me d'enclenchement au cadre du v\u00e9lo fourni.","robots":{"index":"index","follow":"follow","max-snippet":"max-snippet:-1","max-image-preview":"max-image-preview:large","max-video-preview":"max-video-preview:-1"},"canonical":"https:\/\/test.burgwaechterservice.de\/fr\/p\/cadenas-et-porte-cadenas\/antivol-pliable\/","og_locale":"fr_FR","og_type":"article","og_title":"Antivol pliable 790 90 noir","og_description":"L'antivol pliable 790 90 noir par BURG-W\u00c4CHTER : allie s\u00e9curit\u00e9 et praticit\u00e9 ! Syst\u00e8me d'enclenchement au cadre du v\u00e9lo fourni.","og_url":"https:\/\/test.burgwaechterservice.de\/fr\/p\/cadenas-et-porte-cadenas\/antivol-pliable\/","og_site_name":"Burg-W\u00e4chter France","article_modified_time":"2021-07-17T15:20:46+00:00","og_image":[{"width":1500,"height":1500,"url":"https:\/\/test.burgwaechterservice.de\/fr\/wp-content\/uploads\/sites\/4\/2021\/06\/BW_SR_790-90-SB_ISO_r_Key_TOP_open_4003482339718_.jpg","type":"image\/jpeg"}],"twitter_card":"summary_large_image","twitter_misc":{"Dur\u00e9e de lecture estim\u00e9e":"3 minutes"},"schema":{"@context":"https:\/\/schema.org","@graph":[{"@type":"WebPage","@id":"https:\/\/test.burgwaechterservice.de\/fr\/p\/cadenas-et-porte-cadenas\/antivol-pliable\/","url":"https:\/\/test.burgwaechterservice.de\/fr\/p\/cadenas-et-porte-cadenas\/antivol-pliable\/","name":"Antivol pliable 790 90 noir - bien s\u00e9curiser votre v\u00e9lo \u00e9lectrique !","isPartOf":{"@id":"https:\/\/test.burgwaechterservice.de\/fr\/#website"},"datePublished":"2021-06-09T09:20:27+00:00","dateModified":"2021-07-17T15:20:46+00:00","description":"L'antivol pliable 790 90 noir par BURG-W\u00c4CHTER : allie s\u00e9curit\u00e9 et praticit\u00e9 ! Syst\u00e8me d'enclenchement au cadre du v\u00e9lo fourni.","breadcrumb":{"@id":"https:\/\/test.burgwaechterservice.de\/fr\/p\/cadenas-et-porte-cadenas\/antivol-pliable\/#breadcrumb"},"inLanguage":"fr-FR","potentialAction":[{"@type":"ReadAction","target":["https:\/\/test.burgwaechterservice.de\/fr\/p\/cadenas-et-porte-cadenas\/antivol-pliable\/"]}]},{"@type":"BreadcrumbList","@id":"https:\/\/test.burgwaechterservice.de\/fr\/p\/cadenas-et-porte-cadenas\/antivol-pliable\/#breadcrumb","itemListElement":[{"@type":"ListItem","position":1,"name":"Accueil","item":"https:\/\/test.burgwaechterservice.de\/fr\/"},{"@type":"ListItem","position":2,"name":"Produits","item":"https:\/\/test.burgwaechterservice.de\/fr\/p\/"},{"@type":"ListItem","position":3,"name":"Antivol pliable 790 90 noir"}]},{"@type":"WebSite","@id":"https:\/\/test.burgwaechterservice.de\/fr\/#website","url":"https:\/\/test.burgwaechterservice.de\/fr\/","name":"Burg-W\u00e4chter France","description":"Le choix le plus s\u00fbr!","potentialAction":[{"@type":"SearchAction","target":{"@type":"EntryPoint","urlTemplate":"https:\/\/test.burgwaechterservice.de\/fr\/?s={search_term_string}"},"query-input":"required name=search_term_string"}],"inLanguage":"fr-FR"}]}},"_links":{"self":[{"href":"https:\/\/test.burgwaechterservice.de\/fr\/wp-json\/wp\/v2\/product\/523330"}],"collection":[{"href":"https:\/\/test.burgwaechterservice.de\/fr\/wp-json\/wp\/v2\/product"}],"about":[{"href":"https:\/\/test.burgwaechterservice.de\/fr\/wp-json\/wp\/v2\/types\/product"}],"replies":[{"embeddable":true,"href":"https:\/\/test.burgwaechterservice.de\/fr\/wp-json\/wp\/v2\/comments?post=523330"}],"wp:featuredmedia":[{"embeddable":true,"href":"https:\/\/test.burgwaechterservice.de\/fr\/wp-json\/wp\/v2\/media\/523331"}],"wp:attachment":[{"href":"https:\/\/test.burgwaechterservice.de\/fr\/wp-json\/wp\/v2\/media?parent=523330"}],"wp:term":[{"taxonomy":"product_cat","embeddable":true,"href":"https:\/\/test.burgwaechterservice.de\/fr\/wp-json\/wp\/v2\/product_cat?post=523330"},{"taxonomy":"product_tag","embeddable":true,"href":"https:\/\/test.burgwaechterservice.de\/fr\/wp-json\/wp\/v2\/product_tag?post=523330"}],"curies":[{"name":"wp","href":"https:\/\/api.w.org\/{rel}","templated":true}]}}