{"id":523327,"date":"2021-06-09T11:12:06","date_gmt":"2021-06-09T09:12:06","guid":{"rendered":"https:\/\/www.burg.biz\/fr\/p\/videosurveillance\/burgcam-3010\/"},"modified":"2021-07-17T17:22:35","modified_gmt":"2021-07-17T15:22:35","slug":"burgcam-3010","status":"publish","type":"product","link":"https:\/\/test.burgwaechterservice.de\/fr\/p\/videosurveillance\/burgcam-3010\/","title":{"rendered":"Interphone intelligent BURGcam Light 3010"},"content":{"rendered":"<p><span style=\"color: #000000\"><img fetchpriority=\"high\" decoding=\"async\" class=\"alignnone wp-image-606704 size-full\" src=\"https:\/\/test.burgwaechterservice.de\/wp-content\/uploads\/2021\/04\/Pikto_BURGcam_110\u00b0_Objektiv.jpg\" alt=\"\" width=\"1014\" height=\"97\" \/><\/span><\/p>\n<h2>La cam\u00e9ra 4 en 1 : BURGcam Light 3010<\/h2>\n<p>La BURGcam Light 3010 combine quatre produits de s\u00e9curit\u00e9s en un : <strong>Lampe ext\u00e9rieure \u00e0 LED de 15 watts avec d\u00e9tecteur de mouvement, vid\u00e9osurveillance et interphone<\/strong>. Cette cam\u00e9ra de s\u00e9curit\u00e9 intelligente, dot\u00e9e d&#8217;une r\u00e9solution Full HD (1920 x 1080 pixels), est donc id\u00e9ale pour tous ceux qui souhaitent surveiller des entr\u00e9es de maison, des terrains, des all\u00e9es et bien plus encore.<\/p>\n<h3>BURGcam Light 3010 compatible avec Alexa<\/h3>\n<p>La BURGcam Light 3010 s&#8217;int\u00e8gre tr\u00e8s facilement <strong>dans votre r\u00e9seau WiFi domestique<\/strong>. Vous avez imm\u00e9diatement un acc\u00e8s direct aux r\u00e9glages et pouvez configurer les param\u00e8tres de la cam\u00e9ra et de l&#8217;\u00e9clairage en tout confort gr\u00e2ce \u00e0 l&#8217;appli cl\u00e9 gratuite secuENTRY. Si la cam\u00e9ra enregistre un mouvement, vous \u00eates averti(e) via un message d&#8217;alerte. Avec un angle de vue de 110 degr\u00e9s ainsi qu&#8217;un microphone et un haut-parleur int\u00e9gr\u00e9s, vous pouvez utiliser<strong> Alexa Echo Show<\/strong> ou des applications compatibles pour organiser par exemple des points de d\u00e9p\u00f4t de colis lorsque vous ne pouvez pas vous rendre \u00e0 la porte ou que vous \u00eates absent.<\/p>\n<h3>Lumi\u00e8re infrarouge pour une bonne vision dans l&#8217;obscurit\u00e9<\/h3>\n<p>En outre, la BURGcam Light 3010 assure de bonnes images m\u00eame dans l&#8217;obscurit\u00e9 gr\u00e2ce \u00e0 la <strong>lumi\u00e8re infrarouge<\/strong>. De par son optique moderne et le mat\u00e9riau en aluminium utilis\u00e9, la cam\u00e9ra s&#8217;int\u00e8gre parfaitement \u00e0 tout environnement architectural. La cam\u00e9ra est prot\u00e9g\u00e9e contre l&#8217;eau et dispose de la<strong> classe de protection IP65<\/strong>.<\/p>\n<h4><span style=\"color: #000000\">La BURGcam Light 3010 en aper\u00e7u<br \/>\n<\/span><\/h4>\n<ul>\n<li>Lumi\u00e8re de projecteur LED intelligente et cam\u00e9ra vid\u00e9o Wi-Fi avec d\u00e9tection de mouvement et fonction d&#8217;interphone<\/li>\n<li>LED blanc 15 Watt (700 lm provenant de 21 LEDs)<\/li>\n<li>R\u00e9solution Full HD (1920 x 1080 Pixel)<\/li>\n<li>Champ de vision \u00e0 110\u00b0 pour un bon aper\u00e7u<\/li>\n<li>Lumi\u00e8re infrarouge pour des prises de nuit allant jusqu&#8217;\u00e0 10 m *<\/li>\n<li>Fonction d&#8217;interphone via l&#8217;appli, par le biais du haut-parleur et du microphone*<\/li>\n<li>Fonction de d\u00e9tection de mouvements<\/li>\n<li>Enregistrement sur carte SD jusqu&#8217;\u00e0 128 GB (carte non fournie)<\/li>\n<li>Image live consultable via Alexa Echo Spot et Echo Show 5\/8\/10<\/li>\n<li>Supporte les r\u00e9seaux 2.4Ghz b\/g\/n<\/li>\n<li>Installation simple \u00e0 l&#8217;aide de l&#8217;application pour smartphone<\/li>\n<li>Installation et alignement faciles gr\u00e2ce au montage sur rotule<\/li>\n<li>Domaine de temp\u00e9ratures de -20\u00b0C jusqu&#8217;\u00e0 +55\u00b0C<\/li>\n<li>Prot\u00e9g\u00e9 de l&#8217;eau selon IP65<\/li>\n<li>Alimentation 12Vdc, bloc d&#8217;alimentation fourni dans l&#8217;emballage du produit<br \/>\n* (la port\u00e9e est soumise aux conditions de l&#8217;environnement)<\/li>\n<\/ul>\n<p>&nbsp;<\/p>\n<p>&nbsp;<\/p>\n<p><span style=\"color: #000000\"><strong>Les applications suivantes sont disponibles gratuitement :<\/strong><\/span><\/p>\n<table style=\"height: 321px\" width=\"1203\">\n<tbody>\n<tr>\n<td width=\"84\"><span style=\"color: #000000\"><strong>Nom de l&#8217;application<br \/>\n<\/strong><\/span><\/td>\n<td width=\"130\"><span style=\"color: #000000\"><strong>Appli cl\u00e9 secuENTRY<br \/>\n<\/strong><\/span><\/td>\n<\/tr>\n<tr>\n<td width=\"84\"><span style=\"color: #000000\">Appareil<\/span><\/td>\n<td width=\"130\">\u00a0<span style=\"color: #000000\">Smartphone<\/span><\/td>\n<\/tr>\n<tr>\n<td width=\"84\"><span style=\"color: #000000\">Fonctions<\/span><\/td>\n<td width=\"130\"><span style=\"color: #000000\">Fonctions avanc\u00e9es, par exemple param\u00e8tres \u00e9cran,<\/span><\/p>\n<p><span style=\"color: #000000\">Qualit\u00e9 de visionnage,<\/span><\/p>\n<p><span style=\"color: #000000\">Messages d&#8217;alerte<br \/>\n<\/span><\/td>\n<\/tr>\n<tr>\n<td width=\"84\"><span style=\"color: #000000\">Syst\u00e8me<\/span><\/td>\n<td width=\"130\"><span style=\"color: #000000\">iOS, Android<\/span><\/td>\n<\/tr>\n<tr>\n<td width=\"84\"><span style=\"color: #000000\">Magasin d&#8217;application (App Store)<br \/>\n<\/span><\/td>\n<td width=\"130\"><span style=\"color: #000000\"><a style=\"color: #000000\" href=\"https:\/\/itunes.apple.com\/de\/app\/burg-cam-pro\/id1015183113?mt=8\" target=\"_blank\" rel=\"noopener noreferrer\"><img decoding=\"async\" class=\"alignnone wp-image-35794\" src=\"https:\/\/test.burgwaechterservice.de\/wp-content\/uploads\/2016\/08\/App-Store.png\" alt=\"app-store\" width=\"128\" height=\"39\" \/><\/a><a style=\"color: #000000\" href=\"https:\/\/play.google.com\/store\/apps\/details?id=com.mm.android.direct.burgcampro\" target=\"_blank\" rel=\"noopener noreferrer\"><img decoding=\"async\" class=\"alignnone wp-image-35796\" src=\"https:\/\/test.burgwaechterservice.de\/wp-content\/uploads\/2016\/08\/Google-Play-store-Kopie.png\" alt=\"google-play-store-kopie\" width=\"128\" height=\"43\" \/><\/a><\/span><\/td>\n<\/tr>\n<\/tbody>\n<\/table>\n<p>&nbsp;<\/p>\n","protected":false},"excerpt":{"rendered":"<p>La cam\u00e9ra 4 en 1 : BURGcam Light 3010 La BURGcam Light 3010 combine quatre produits de s\u00e9curit\u00e9s en un : Lampe ext\u00e9rieure \u00e0 LED de 15 watts avec d\u00e9tecteur de mouvement, vid\u00e9osurveillance et interphone. Cette cam\u00e9ra de s\u00e9curit\u00e9 intelligente, &hellip; <a class=\"kt-excerpt-readmore\" href=\"https:\/\/test.burgwaechterservice.de\/fr\/p\/videosurveillance\/burgcam-3010\/\" aria-label=\"Interphone intelligent BURGcam Light 3010\">Lire la suite<\/a><\/p>\n","protected":false},"featured_media":523328,"comment_status":"closed","ping_status":"closed","template":"","meta":[],"product_cat":[586],"product_tag":[7969],"yoast_head":"<!-- This site is optimized with the Yoast SEO Premium plugin v18.4 (Yoast SEO v19.13) - https:\/\/yoast.com\/wordpress\/plugins\/seo\/ -->\n<title>BURGcam Light 3010 : la cam\u00e9ra 4 en 1 de BURG-W\u00c4CHTER<\/title>\n<meta name=\"description\" content=\"D\u00e9tecteur de mouvements, cam\u00e9ra de surveillance, interphone : la cam\u00e9ra WiFi BURGcam Light 3010 du sp\u00e9cialiste BURG-W\u00c4CHTER.\" \/>\n<meta name=\"robots\" content=\"index, follow, max-snippet:-1, max-image-preview:large, max-video-preview:-1\" \/>\n<link rel=\"canonical\" href=\"https:\/\/test.burgwaechterservice.de\/fr\/p\/videosurveillance\/burgcam-3010\/\" \/>\n<meta property=\"og:locale\" content=\"fr_FR\" \/>\n<meta property=\"og:type\" content=\"article\" \/>\n<meta property=\"og:title\" content=\"Interphone intelligent BURGcam Light 3010\" \/>\n<meta property=\"og:description\" content=\"D\u00e9tecteur de mouvements, cam\u00e9ra de surveillance, interphone : la cam\u00e9ra WiFi BURGcam Light 3010 du sp\u00e9cialiste BURG-W\u00c4CHTER.\" \/>\n<meta property=\"og:url\" content=\"https:\/\/test.burgwaechterservice.de\/fr\/p\/videosurveillance\/burgcam-3010\/\" \/>\n<meta property=\"og:site_name\" content=\"Burg-W\u00e4chter France\" \/>\n<meta property=\"article:modified_time\" content=\"2021-07-17T15:22:35+00:00\" \/>\n<meta name=\"twitter:card\" content=\"summary_large_image\" \/>\n<meta name=\"twitter:image\" content=\"https:\/\/test.burgwaechterservice.de\/fr\/wp-content\/uploads\/sites\/4\/2021\/06\/BW_SMARTHOME_BURGCAM_LIGHT-3010_SEITLICH_4003482404102_PRODUKTBILD.jpg\" \/>\n<meta name=\"twitter:label1\" content=\"Dur\u00e9e de lecture estim\u00e9e\" \/>\n\t<meta name=\"twitter:data1\" content=\"3 minutes\" \/>\n<!-- \/ Yoast SEO Premium plugin. -->","yoast_head_json":{"title":"BURGcam Light 3010 : la cam\u00e9ra 4 en 1 de BURG-W\u00c4CHTER","description":"D\u00e9tecteur de mouvements, cam\u00e9ra de surveillance, interphone : la cam\u00e9ra WiFi BURGcam Light 3010 du sp\u00e9cialiste BURG-W\u00c4CHTER.","robots":{"index":"index","follow":"follow","max-snippet":"max-snippet:-1","max-image-preview":"max-image-preview:large","max-video-preview":"max-video-preview:-1"},"canonical":"https:\/\/test.burgwaechterservice.de\/fr\/p\/videosurveillance\/burgcam-3010\/","og_locale":"fr_FR","og_type":"article","og_title":"Interphone intelligent BURGcam Light 3010","og_description":"D\u00e9tecteur de mouvements, cam\u00e9ra de surveillance, interphone : la cam\u00e9ra WiFi BURGcam Light 3010 du sp\u00e9cialiste BURG-W\u00c4CHTER.","og_url":"https:\/\/test.burgwaechterservice.de\/fr\/p\/videosurveillance\/burgcam-3010\/","og_site_name":"Burg-W\u00e4chter France","article_modified_time":"2021-07-17T15:22:35+00:00","twitter_card":"summary_large_image","twitter_image":"https:\/\/test.burgwaechterservice.de\/fr\/wp-content\/uploads\/sites\/4\/2021\/06\/BW_SMARTHOME_BURGCAM_LIGHT-3010_SEITLICH_4003482404102_PRODUKTBILD.jpg","twitter_misc":{"Dur\u00e9e de lecture estim\u00e9e":"3 minutes"},"schema":{"@context":"https:\/\/schema.org","@graph":[{"@type":"WebPage","@id":"https:\/\/test.burgwaechterservice.de\/fr\/p\/videosurveillance\/burgcam-3010\/","url":"https:\/\/test.burgwaechterservice.de\/fr\/p\/videosurveillance\/burgcam-3010\/","name":"BURGcam Light 3010 : la cam\u00e9ra 4 en 1 de BURG-W\u00c4CHTER","isPartOf":{"@id":"https:\/\/test.burgwaechterservice.de\/fr\/#website"},"datePublished":"2021-06-09T09:12:06+00:00","dateModified":"2021-07-17T15:22:35+00:00","description":"D\u00e9tecteur de mouvements, cam\u00e9ra de surveillance, interphone : la cam\u00e9ra WiFi BURGcam Light 3010 du sp\u00e9cialiste BURG-W\u00c4CHTER.","breadcrumb":{"@id":"https:\/\/test.burgwaechterservice.de\/fr\/p\/videosurveillance\/burgcam-3010\/#breadcrumb"},"inLanguage":"fr-FR","potentialAction":[{"@type":"ReadAction","target":["https:\/\/test.burgwaechterservice.de\/fr\/p\/videosurveillance\/burgcam-3010\/"]}]},{"@type":"BreadcrumbList","@id":"https:\/\/test.burgwaechterservice.de\/fr\/p\/videosurveillance\/burgcam-3010\/#breadcrumb","itemListElement":[{"@type":"ListItem","position":1,"name":"Accueil","item":"https:\/\/test.burgwaechterservice.de\/fr\/"},{"@type":"ListItem","position":2,"name":"Produits","item":"https:\/\/test.burgwaechterservice.de\/fr\/p\/"},{"@type":"ListItem","position":3,"name":"Interphone intelligent BURGcam Light 3010"}]},{"@type":"WebSite","@id":"https:\/\/test.burgwaechterservice.de\/fr\/#website","url":"https:\/\/test.burgwaechterservice.de\/fr\/","name":"Burg-W\u00e4chter France","description":"Le choix le plus s\u00fbr!","potentialAction":[{"@type":"SearchAction","target":{"@type":"EntryPoint","urlTemplate":"https:\/\/test.burgwaechterservice.de\/fr\/?s={search_term_string}"},"query-input":"required name=search_term_string"}],"inLanguage":"fr-FR"}]}},"_links":{"self":[{"href":"https:\/\/test.burgwaechterservice.de\/fr\/wp-json\/wp\/v2\/product\/523327"}],"collection":[{"href":"https:\/\/test.burgwaechterservice.de\/fr\/wp-json\/wp\/v2\/product"}],"about":[{"href":"https:\/\/test.burgwaechterservice.de\/fr\/wp-json\/wp\/v2\/types\/product"}],"replies":[{"embeddable":true,"href":"https:\/\/test.burgwaechterservice.de\/fr\/wp-json\/wp\/v2\/comments?post=523327"}],"wp:featuredmedia":[{"embeddable":true,"href":"https:\/\/test.burgwaechterservice.de\/fr\/wp-json\/wp\/v2\/media\/523328"}],"wp:attachment":[{"href":"https:\/\/test.burgwaechterservice.de\/fr\/wp-json\/wp\/v2\/media?parent=523327"}],"wp:term":[{"taxonomy":"product_cat","embeddable":true,"href":"https:\/\/test.burgwaechterservice.de\/fr\/wp-json\/wp\/v2\/product_cat?post=523327"},{"taxonomy":"product_tag","embeddable":true,"href":"https:\/\/test.burgwaechterservice.de\/fr\/wp-json\/wp\/v2\/product_tag?post=523327"}],"curies":[{"name":"wp","href":"https:\/\/api.w.org\/{rel}","templated":true}]}}