{"id":523322,"date":"2021-06-09T11:11:37","date_gmt":"2021-06-09T09:11:37","guid":{"rendered":"https:\/\/www.burg.biz\/fr\/p\/cadenas-et-porte-cadenas\/1230\/"},"modified":"2021-07-14T08:37:00","modified_gmt":"2021-07-14T06:37:00","slug":"1230","status":"publish","type":"product","link":"https:\/\/test.burgwaechterservice.de\/fr\/p\/cadenas-et-porte-cadenas\/1230\/","title":{"rendered":"C\u00e2ble antivol en spirale 1230"},"content":{"rendered":"<p><img decoding=\"async\" class=\"alignnone wp-image-606909 \" src=\"https:\/\/test.burgwaechterservice.de\/wp-content\/uploads\/2021\/05\/BW_Pikto_4_Zahlencode_sw-1.jpg\" alt=\"\" width=\"93\" height=\"93\" \/><\/p>\n<h2>C\u00e2ble antivol spirale en deux longueurs<\/h2>\n<p>Avec le c\u00e2ble antivol spirale 1230 vous pouvez s\u00e9curiser votre v\u00e9lo rapidement et confortablement. Pas besoin de chercher longuement la cl\u00e9, puisque l&#8217;antivol s&#8217;ouvre et se ferme via une <strong>combinaison \u00e0 quatre chiffres<\/strong>. Bien entendu, vous pouvez choisir librement votre code secret et le modifier \u00e0 tout moment.<\/p>\n<p>L&#8217;antivol pour v\u00e9los 1230 existe en <strong>deux tailles, de 120 et 150 cm<\/strong>. Pour ce qui est de l&#8217;antivol le plus grand, la corde en acier est \u00e9paisse de 10 mm, tandis que celle du mod\u00e8le un peu plus court est de 8 mm. Le c\u00e2ble en acier est recouvert int\u00e9gralement de mati\u00e8re plastique. AInsi, le cadre de votre v\u00e9lo est prot\u00e9g\u00e9.<\/p>\n<h3>L&#8217;antivol pour v\u00e9los 1230 en aper\u00e7u<\/h3>\n<ul>\n<li>C\u00e2ble en acier recouvert de mati\u00e8re plastique<\/li>\n<li>Combinaison chiffr\u00e9e personnalisable (4 chiffres)<\/li>\n<li>Long de 120 cm, diam\u00e8tre du c\u00e2ble de 8 mm<\/li>\n<li>Long de 150 cm, diam\u00e8tre du c\u00e2ble de 10 mm<\/li>\n<\/ul>\n<table class=\"ausfuehrung\">\n<thead>\n<tr>\n<td>Article<\/td>\n<td>Longueur (cm)<\/td>\n<td>Diam\u00e8tre du c\u00e2ble (mm)<\/td>\n<\/tr>\n<\/thead>\n<tbody>\n<tr>\n<td>1230 C 120<\/td>\n<td>120<\/td>\n<td>8<\/td>\n<\/tr>\n<tr>\n<td>1230 C 150<\/td>\n<td>150<\/td>\n<td>10<\/td>\n<\/tr>\n<\/tbody>\n<\/table>\n","protected":false},"excerpt":{"rendered":"<p>C\u00e2ble antivol spirale en deux longueurs Avec le c\u00e2ble antivol spirale 1230 vous pouvez s\u00e9curiser votre v\u00e9lo rapidement et confortablement. Pas besoin de chercher longuement la cl\u00e9, puisque l&#8217;antivol s&#8217;ouvre et se ferme via une combinaison \u00e0 quatre chiffres. Bien &hellip; <a class=\"kt-excerpt-readmore\" href=\"https:\/\/test.burgwaechterservice.de\/fr\/p\/cadenas-et-porte-cadenas\/1230\/\" aria-label=\"C\u00e2ble antivol en spirale 1230\">Lire la suite<\/a><\/p>\n","protected":false},"featured_media":523323,"comment_status":"closed","ping_status":"closed","template":"","meta":[],"product_cat":[39,3123,3128],"product_tag":[7967,7968],"yoast_head":"<!-- This site is optimized with the Yoast SEO Premium plugin v18.4 (Yoast SEO v19.13) - https:\/\/yoast.com\/wordpress\/plugins\/seo\/ -->\n<title>L&#039;antivol pour v\u00e9lo 1230, pratique et disponible en deux longueurs<\/title>\n<meta name=\"description\" content=\"C\u00e2ble antivol en spirale 1230 : S\u00e9curisez simplement et confortablement votre v\u00e9lo. Cet antivol \u00e0 code existe en longueur 120 et 150 cm.\" \/>\n<meta name=\"robots\" content=\"index, follow, max-snippet:-1, max-image-preview:large, max-video-preview:-1\" \/>\n<link rel=\"canonical\" href=\"https:\/\/test.burgwaechterservice.de\/fr\/p\/cadenas-et-porte-cadenas\/1230\/\" \/>\n<meta property=\"og:locale\" content=\"fr_FR\" \/>\n<meta property=\"og:type\" content=\"article\" \/>\n<meta property=\"og:title\" content=\"C\u00e2ble antivol en spirale 1230\" \/>\n<meta property=\"og:description\" content=\"C\u00e2ble antivol en spirale 1230 : S\u00e9curisez simplement et confortablement votre v\u00e9lo. Cet antivol \u00e0 code existe en longueur 120 et 150 cm.\" \/>\n<meta property=\"og:url\" content=\"https:\/\/test.burgwaechterservice.de\/fr\/p\/cadenas-et-porte-cadenas\/1230\/\" \/>\n<meta property=\"og:site_name\" content=\"Burg-W\u00e4chter France\" \/>\n<meta property=\"article:modified_time\" content=\"2021-07-14T06:37:00+00:00\" \/>\n<meta property=\"og:image\" content=\"https:\/\/test.burgwaechterservice.de\/fr\/wp-content\/uploads\/sites\/4\/2021\/06\/BW_SR_1230-C_ISO_r_4003482026205.jpg\" \/>\n\t<meta property=\"og:image:width\" content=\"1499\" \/>\n\t<meta property=\"og:image:height\" content=\"1499\" \/>\n\t<meta property=\"og:image:type\" content=\"image\/jpeg\" \/>\n<meta name=\"twitter:card\" content=\"summary_large_image\" \/>\n<meta name=\"twitter:label1\" content=\"Dur\u00e9e de lecture estim\u00e9e\" \/>\n\t<meta name=\"twitter:data1\" content=\"1 minute\" \/>\n<!-- \/ Yoast SEO Premium plugin. -->","yoast_head_json":{"title":"L'antivol pour v\u00e9lo 1230, pratique et disponible en deux longueurs","description":"C\u00e2ble antivol en spirale 1230 : S\u00e9curisez simplement et confortablement votre v\u00e9lo. Cet antivol \u00e0 code existe en longueur 120 et 150 cm.","robots":{"index":"index","follow":"follow","max-snippet":"max-snippet:-1","max-image-preview":"max-image-preview:large","max-video-preview":"max-video-preview:-1"},"canonical":"https:\/\/test.burgwaechterservice.de\/fr\/p\/cadenas-et-porte-cadenas\/1230\/","og_locale":"fr_FR","og_type":"article","og_title":"C\u00e2ble antivol en spirale 1230","og_description":"C\u00e2ble antivol en spirale 1230 : S\u00e9curisez simplement et confortablement votre v\u00e9lo. Cet antivol \u00e0 code existe en longueur 120 et 150 cm.","og_url":"https:\/\/test.burgwaechterservice.de\/fr\/p\/cadenas-et-porte-cadenas\/1230\/","og_site_name":"Burg-W\u00e4chter France","article_modified_time":"2021-07-14T06:37:00+00:00","og_image":[{"width":1499,"height":1499,"url":"https:\/\/test.burgwaechterservice.de\/fr\/wp-content\/uploads\/sites\/4\/2021\/06\/BW_SR_1230-C_ISO_r_4003482026205.jpg","type":"image\/jpeg"}],"twitter_card":"summary_large_image","twitter_misc":{"Dur\u00e9e de lecture estim\u00e9e":"1 minute"},"schema":{"@context":"https:\/\/schema.org","@graph":[{"@type":"WebPage","@id":"https:\/\/test.burgwaechterservice.de\/fr\/p\/cadenas-et-porte-cadenas\/1230\/","url":"https:\/\/test.burgwaechterservice.de\/fr\/p\/cadenas-et-porte-cadenas\/1230\/","name":"L'antivol pour v\u00e9lo 1230, pratique et disponible en deux longueurs","isPartOf":{"@id":"https:\/\/test.burgwaechterservice.de\/fr\/#website"},"datePublished":"2021-06-09T09:11:37+00:00","dateModified":"2021-07-14T06:37:00+00:00","description":"C\u00e2ble antivol en spirale 1230 : S\u00e9curisez simplement et confortablement votre v\u00e9lo. Cet antivol \u00e0 code existe en longueur 120 et 150 cm.","breadcrumb":{"@id":"https:\/\/test.burgwaechterservice.de\/fr\/p\/cadenas-et-porte-cadenas\/1230\/#breadcrumb"},"inLanguage":"fr-FR","potentialAction":[{"@type":"ReadAction","target":["https:\/\/test.burgwaechterservice.de\/fr\/p\/cadenas-et-porte-cadenas\/1230\/"]}]},{"@type":"BreadcrumbList","@id":"https:\/\/test.burgwaechterservice.de\/fr\/p\/cadenas-et-porte-cadenas\/1230\/#breadcrumb","itemListElement":[{"@type":"ListItem","position":1,"name":"Accueil","item":"https:\/\/test.burgwaechterservice.de\/fr\/"},{"@type":"ListItem","position":2,"name":"Produits","item":"https:\/\/test.burgwaechterservice.de\/fr\/p\/"},{"@type":"ListItem","position":3,"name":"C\u00e2ble antivol en spirale 1230"}]},{"@type":"WebSite","@id":"https:\/\/test.burgwaechterservice.de\/fr\/#website","url":"https:\/\/test.burgwaechterservice.de\/fr\/","name":"Burg-W\u00e4chter France","description":"Le choix le plus s\u00fbr!","potentialAction":[{"@type":"SearchAction","target":{"@type":"EntryPoint","urlTemplate":"https:\/\/test.burgwaechterservice.de\/fr\/?s={search_term_string}"},"query-input":"required name=search_term_string"}],"inLanguage":"fr-FR"}]}},"_links":{"self":[{"href":"https:\/\/test.burgwaechterservice.de\/fr\/wp-json\/wp\/v2\/product\/523322"}],"collection":[{"href":"https:\/\/test.burgwaechterservice.de\/fr\/wp-json\/wp\/v2\/product"}],"about":[{"href":"https:\/\/test.burgwaechterservice.de\/fr\/wp-json\/wp\/v2\/types\/product"}],"replies":[{"embeddable":true,"href":"https:\/\/test.burgwaechterservice.de\/fr\/wp-json\/wp\/v2\/comments?post=523322"}],"wp:featuredmedia":[{"embeddable":true,"href":"https:\/\/test.burgwaechterservice.de\/fr\/wp-json\/wp\/v2\/media\/523323"}],"wp:attachment":[{"href":"https:\/\/test.burgwaechterservice.de\/fr\/wp-json\/wp\/v2\/media?parent=523322"}],"wp:term":[{"taxonomy":"product_cat","embeddable":true,"href":"https:\/\/test.burgwaechterservice.de\/fr\/wp-json\/wp\/v2\/product_cat?post=523322"},{"taxonomy":"product_tag","embeddable":true,"href":"https:\/\/test.burgwaechterservice.de\/fr\/wp-json\/wp\/v2\/product_tag?post=523322"}],"curies":[{"name":"wp","href":"https:\/\/api.w.org\/{rel}","templated":true}]}}