{"id":523317,"date":"2021-06-09T11:10:59","date_gmt":"2021-06-09T09:10:59","guid":{"rendered":"https:\/\/www.burg.biz\/fr\/p\/cadenas-et-porte-cadenas\/antivol-disques-frein\/"},"modified":"2021-07-20T12:31:54","modified_gmt":"2021-07-20T10:31:54","slug":"antivol-disques-frein","status":"publish","type":"product","link":"https:\/\/test.burgwaechterservice.de\/fr\/p\/cadenas-et-porte-cadenas\/antivol-disques-frein\/","title":{"rendered":"Antivol pour frein \u00e0 disques 520 50 jaune"},"content":{"rendered":"<p><img fetchpriority=\"high\" decoding=\"async\" class=\"alignnone wp-image-606949\" src=\"https:\/\/test.burgwaechterservice.de\/wp-content\/uploads\/2021\/05\/BW_Pikto_Bremsscheibenschloss_sw.jpg\" alt=\"Details zum Bremsscheibenschloss 520 50 yellow von BURG-W\u00c4CHTER\" width=\"678\" height=\"108\" \/><\/p>\n<h2>Antivol pour freins \u00e0 disques compact destin\u00e9 aux deux-roues motoris\u00e9s et v\u00e9los \u00e9lectriques<\/h2>\n<p>L\u00e9ger, s\u00fbr et bien visible : l&#8217;antivol pour freins \u00e0 disques 520 50 jaune est un accessoire pratique pour chaque excursion en moto, en scooter ou en v\u00e9lo \u00e9lectrique. Il peut en effet \u00eatre mont\u00e9 sur tous les deux-roues \u00e9quip\u00e9s de freins \u00e0 disque en quelques tours de main. Gr\u00e2ce au <strong>boulon de verrouillage d&#8217;une \u00e9paisseur de cinq millim\u00e8tres et durci<\/strong>, votre v\u00e9lo est prot\u00e9g\u00e9 de mani\u00e8re fiable contre le vol.<\/p>\n<h3>Le c\u00e2ble de rappel li\u00e9 \u00e0 l&#8217;antivol \u00e9vite le d\u00e9marrage en position ferm\u00e9e<\/h3>\n<p>L&#8217;antivol pour deux-roues est tr\u00e8s facile \u00e0 utiliser et peut \u00eatre<strong> mont\u00e9 en quelques secondes<\/strong>. Ainsi, rien ne vous emp\u00eache de vous arr\u00eater dans un caf\u00e9 ou \u00e0 destination de votre excursion en deux-roues. Afin d&#8217;\u00e9viter un d\u00e9marrage accidentel \u00e0 l&#8217;arr\u00eat lorsque l&#8217;antivol de disques de frein est en place &#8211; et donc d&#8217;\u00e9ventuels co\u00fbts de r\u00e9paration \u00e9lev\u00e9s &#8211; l&#8217;antivol est peint avec un jaune fluo visuellement frappant. En outre, le<strong> &#8220;c\u00e2ble de rappel&#8221; d&#8217;environ 100 cm de long<\/strong> offre une s\u00e9curit\u00e9 suppl\u00e9mentaire. Il vous suffit de fixer les deux boucles \u00e0 l&#8217;antivol et au guidon. Ainsi, la boucle lumineuse sur le guidon vous rappelle immanquablement d&#8217;enlever l&#8217;antivol de disques de frein avant de red\u00e9marrer.<\/p>\n<h3>Un antivol pour moto de seulement 190 grammes<\/h3>\n<p>L&#8217;antivol \u00e0 cylindre pour frein \u00e0 disque est livr\u00e9 avec une <strong>sacoche de rangement pratique et deux cl\u00e9s<\/strong>. Gr\u00e2ce \u00e0 son poids plume de <strong>190 grammes<\/strong> et ses dimensions compactes, il est facile de le ranger et de l&#8217;emmener partout avec soi. Pour que votre excursion en deux-roues de passe en toute s\u00e9curit\u00e9 et s\u00e9r\u00e9nit\u00e9.<\/p>\n<h4>L&#8217;antivol pour frein \u00e0 disque 520 50 jaune en aper\u00e7u<\/h4>\n<ul>\n<li>Pour s\u00e9curiser des motos, v\u00e9los \u00e9lectriques, trottinettes et scooters<\/li>\n<li>Adapt\u00e9 aux mod\u00e8les munis de freins \u00e0 disques<\/li>\n<li>Boulons de verrouillage : 5 mm<\/li>\n<li>Acier tremp\u00e9<\/li>\n<li>Jaune fluo visible<\/li>\n<li>C\u00e2ble de rappel, environ 100 cm de long<\/li>\n<li>Seulement 190 grammes<\/li>\n<li>Facile d&#8217;utilisation<\/li>\n<li>Livr\u00e9 avec deux cl\u00e9s et sacoche de rangement pratique<\/li>\n<\/ul>\n","protected":false},"excerpt":{"rendered":"<p>Antivol pour freins \u00e0 disques compact destin\u00e9 aux deux-roues motoris\u00e9s et v\u00e9los \u00e9lectriques L\u00e9ger, s\u00fbr et bien visible : l&#8217;antivol pour freins \u00e0 disques 520 50 jaune est un accessoire pratique pour chaque excursion en moto, en scooter ou en &hellip; <a class=\"kt-excerpt-readmore\" href=\"https:\/\/test.burgwaechterservice.de\/fr\/p\/cadenas-et-porte-cadenas\/antivol-disques-frein\/\" aria-label=\"Antivol pour frein \u00e0 disques 520 50 jaune\">Lire la suite<\/a><\/p>\n","protected":false},"featured_media":523318,"comment_status":"closed","ping_status":"closed","template":"","meta":[],"product_cat":[30,7942],"product_tag":[7972],"yoast_head":"<!-- This site is optimized with the Yoast SEO Premium plugin v18.4 (Yoast SEO v19.13) - https:\/\/yoast.com\/wordpress\/plugins\/seo\/ -->\n<title>Antivol de freins \u00e0 disques par le sp\u00e9cialiste BURG-W\u00c4CHTER<\/title>\n<meta name=\"description\" content=\"S\u00e9curisez votre deux-roues (moto, scooter, v\u00e9los \u00e9lectrique, etc). Antivol \u00e0 frein \u00e0 disque du sp\u00e9cialiste de la s\u00e9curit\u00e9 BURG-W\u00c4CHTER.\" \/>\n<meta name=\"robots\" content=\"index, follow, max-snippet:-1, max-image-preview:large, max-video-preview:-1\" \/>\n<link rel=\"canonical\" href=\"https:\/\/test.burgwaechterservice.de\/fr\/p\/cadenas-et-porte-cadenas\/antivol-disques-frein\/\" \/>\n<meta property=\"og:locale\" content=\"fr_FR\" \/>\n<meta property=\"og:type\" content=\"article\" \/>\n<meta property=\"og:title\" content=\"Antivol pour frein \u00e0 disques 520 50 jaune\" \/>\n<meta property=\"og:description\" content=\"S\u00e9curisez votre deux-roues (moto, scooter, v\u00e9los \u00e9lectrique, etc). Antivol \u00e0 frein \u00e0 disque du sp\u00e9cialiste de la s\u00e9curit\u00e9 BURG-W\u00c4CHTER.\" \/>\n<meta property=\"og:url\" content=\"https:\/\/test.burgwaechterservice.de\/fr\/p\/cadenas-et-porte-cadenas\/antivol-disques-frein\/\" \/>\n<meta property=\"og:site_name\" content=\"Burg-W\u00e4chter France\" \/>\n<meta property=\"article:modified_time\" content=\"2021-07-20T10:31:54+00:00\" \/>\n<meta property=\"og:image\" content=\"https:\/\/test.burgwaechterservice.de\/fr\/wp-content\/uploads\/sites\/4\/2021\/06\/BW_SR_520-50-yellow_ACC_4003482339619_Logoretusche_.jpg\" \/>\n\t<meta property=\"og:image:width\" content=\"1500\" \/>\n\t<meta property=\"og:image:height\" content=\"1500\" \/>\n\t<meta property=\"og:image:type\" content=\"image\/jpeg\" \/>\n<meta name=\"twitter:card\" content=\"summary_large_image\" \/>\n<meta name=\"twitter:label1\" content=\"Dur\u00e9e de lecture estim\u00e9e\" \/>\n\t<meta name=\"twitter:data1\" content=\"2 minutes\" \/>\n<!-- \/ Yoast SEO Premium plugin. -->","yoast_head_json":{"title":"Antivol de freins \u00e0 disques par le sp\u00e9cialiste BURG-W\u00c4CHTER","description":"S\u00e9curisez votre deux-roues (moto, scooter, v\u00e9los \u00e9lectrique, etc). Antivol \u00e0 frein \u00e0 disque du sp\u00e9cialiste de la s\u00e9curit\u00e9 BURG-W\u00c4CHTER.","robots":{"index":"index","follow":"follow","max-snippet":"max-snippet:-1","max-image-preview":"max-image-preview:large","max-video-preview":"max-video-preview:-1"},"canonical":"https:\/\/test.burgwaechterservice.de\/fr\/p\/cadenas-et-porte-cadenas\/antivol-disques-frein\/","og_locale":"fr_FR","og_type":"article","og_title":"Antivol pour frein \u00e0 disques 520 50 jaune","og_description":"S\u00e9curisez votre deux-roues (moto, scooter, v\u00e9los \u00e9lectrique, etc). Antivol \u00e0 frein \u00e0 disque du sp\u00e9cialiste de la s\u00e9curit\u00e9 BURG-W\u00c4CHTER.","og_url":"https:\/\/test.burgwaechterservice.de\/fr\/p\/cadenas-et-porte-cadenas\/antivol-disques-frein\/","og_site_name":"Burg-W\u00e4chter France","article_modified_time":"2021-07-20T10:31:54+00:00","og_image":[{"width":1500,"height":1500,"url":"https:\/\/test.burgwaechterservice.de\/fr\/wp-content\/uploads\/sites\/4\/2021\/06\/BW_SR_520-50-yellow_ACC_4003482339619_Logoretusche_.jpg","type":"image\/jpeg"}],"twitter_card":"summary_large_image","twitter_misc":{"Dur\u00e9e de lecture estim\u00e9e":"2 minutes"},"schema":{"@context":"https:\/\/schema.org","@graph":[{"@type":"WebPage","@id":"https:\/\/test.burgwaechterservice.de\/fr\/p\/cadenas-et-porte-cadenas\/antivol-disques-frein\/","url":"https:\/\/test.burgwaechterservice.de\/fr\/p\/cadenas-et-porte-cadenas\/antivol-disques-frein\/","name":"Antivol de freins \u00e0 disques par le sp\u00e9cialiste BURG-W\u00c4CHTER","isPartOf":{"@id":"https:\/\/test.burgwaechterservice.de\/fr\/#website"},"datePublished":"2021-06-09T09:10:59+00:00","dateModified":"2021-07-20T10:31:54+00:00","description":"S\u00e9curisez votre deux-roues (moto, scooter, v\u00e9los \u00e9lectrique, etc). Antivol \u00e0 frein \u00e0 disque du sp\u00e9cialiste de la s\u00e9curit\u00e9 BURG-W\u00c4CHTER.","breadcrumb":{"@id":"https:\/\/test.burgwaechterservice.de\/fr\/p\/cadenas-et-porte-cadenas\/antivol-disques-frein\/#breadcrumb"},"inLanguage":"fr-FR","potentialAction":[{"@type":"ReadAction","target":["https:\/\/test.burgwaechterservice.de\/fr\/p\/cadenas-et-porte-cadenas\/antivol-disques-frein\/"]}]},{"@type":"BreadcrumbList","@id":"https:\/\/test.burgwaechterservice.de\/fr\/p\/cadenas-et-porte-cadenas\/antivol-disques-frein\/#breadcrumb","itemListElement":[{"@type":"ListItem","position":1,"name":"Accueil","item":"https:\/\/test.burgwaechterservice.de\/fr\/"},{"@type":"ListItem","position":2,"name":"Produits","item":"https:\/\/test.burgwaechterservice.de\/fr\/p\/"},{"@type":"ListItem","position":3,"name":"Antivol pour frein \u00e0 disques 520 50 jaune"}]},{"@type":"WebSite","@id":"https:\/\/test.burgwaechterservice.de\/fr\/#website","url":"https:\/\/test.burgwaechterservice.de\/fr\/","name":"Burg-W\u00e4chter France","description":"Le choix le plus s\u00fbr!","potentialAction":[{"@type":"SearchAction","target":{"@type":"EntryPoint","urlTemplate":"https:\/\/test.burgwaechterservice.de\/fr\/?s={search_term_string}"},"query-input":"required name=search_term_string"}],"inLanguage":"fr-FR"}]}},"_links":{"self":[{"href":"https:\/\/test.burgwaechterservice.de\/fr\/wp-json\/wp\/v2\/product\/523317"}],"collection":[{"href":"https:\/\/test.burgwaechterservice.de\/fr\/wp-json\/wp\/v2\/product"}],"about":[{"href":"https:\/\/test.burgwaechterservice.de\/fr\/wp-json\/wp\/v2\/types\/product"}],"replies":[{"embeddable":true,"href":"https:\/\/test.burgwaechterservice.de\/fr\/wp-json\/wp\/v2\/comments?post=523317"}],"wp:featuredmedia":[{"embeddable":true,"href":"https:\/\/test.burgwaechterservice.de\/fr\/wp-json\/wp\/v2\/media\/523318"}],"wp:attachment":[{"href":"https:\/\/test.burgwaechterservice.de\/fr\/wp-json\/wp\/v2\/media?parent=523317"}],"wp:term":[{"taxonomy":"product_cat","embeddable":true,"href":"https:\/\/test.burgwaechterservice.de\/fr\/wp-json\/wp\/v2\/product_cat?post=523317"},{"taxonomy":"product_tag","embeddable":true,"href":"https:\/\/test.burgwaechterservice.de\/fr\/wp-json\/wp\/v2\/product_tag?post=523317"}],"curies":[{"name":"wp","href":"https:\/\/api.w.org\/{rel}","templated":true}]}}