{"id":523315,"date":"2021-06-09T11:10:39","date_gmt":"2021-06-09T09:10:39","guid":{"rendered":"https:\/\/www.burg.biz\/fr\/p\/cadenas-et-porte-cadenas\/u-1480\/"},"modified":"2022-05-04T12:32:01","modified_gmt":"2022-05-04T10:32:01","slug":"u-1480","status":"publish","type":"product","link":"https:\/\/test.burgwaechterservice.de\/fr\/p\/cadenas-et-porte-cadenas\/u-1480\/","title":{"rendered":"Antivol en U 1480 HB 100\/55"},"content":{"rendered":"<p><img decoding=\"async\" class=\"alignnone wp-image-611479\" src=\"https:\/\/test.burgwaechterservice.de\/wp-content\/uploads\/2021\/05\/BW_Pikto_USchloss.jpg\" alt=\"\" width=\"526\" height=\"86\" \/><\/p>\n<h2>Antivol en U robuste<\/h2>\n<p>L&#8217;antivol en U de BURG-W\u00c4CHTER a des <strong>emplois vari\u00e9s<\/strong>. En effet, il peut \u00eatre utilis\u00e9 aussi bien seul que <a href=\"https:\/\/test.burgwaechterservice.de\/fr\/p\/cadenas-et-porte-cadenas\/750-250\/\">combin\u00e9 avec une cha\u00eene antivol<\/a>. Ainsi, vous pouvez s\u00e9curiser une porte avec loquet ou vos meubles de jardin et votre n\u00e9cessaire \u00e0 outil attach\u00e9s par une cha\u00eene.<\/p>\n<p>L&#8217;anse<strong> de l&#8217;antivol est d&#8217;une \u00e9paisseur de 14 mm<\/strong>, c&#8217;est pourquoi il est tr\u00e8s difficile de le fracturer. Le U est dot\u00e9 d&#8217;un verrouillage des deux c\u00f4t\u00e9s. Un capuchon amovible prot\u00e8ge le cylindre de la serrure de la poussi\u00e8re et de la salet\u00e9.<\/p>\n<h3>L&#8217;antivol en U 1480 en aper\u00e7u<\/h3>\n<ul>\n<li>Anse munie d&#8217;un syst\u00e8me de double-verrouillage<\/li>\n<li>Anse et corps en acier, rev\u00eatement en plastique<\/li>\n<li>Id\u00e9al pour les cha\u00eenes et les c\u00e2bles<\/li>\n<li>Capuchon de protection amovible sur la serrure \u00e0 cylindre<\/li>\n<li>Livr\u00e9 avec deux cl\u00e9s<\/li>\n<\/ul>\n<p>&nbsp;<\/p>\n<table class=\"ausfuehrung\">\n<thead>\n<tr>\n<td>Article<\/td>\n<td>Hauteur d&#8217;anse (mm)<\/td>\n<td>Largeur d&#8217;anse (mm)<\/td>\n<td>Hauteur d&#8217;anse (mm)<\/td>\n<td>Poids (g)<\/td>\n<\/tr>\n<\/thead>\n<tbody>\n<tr>\n<td>1480 HB 100\/55 SB<\/td>\n<td>55<\/td>\n<td>43<\/td>\n<td>14<\/td>\n<td>396<\/td>\n<\/tr>\n<\/tbody>\n<\/table>\n<p>&nbsp;<\/p>\n","protected":false},"excerpt":{"rendered":"<p>Antivol en U robuste L&#8217;antivol en U de BURG-W\u00c4CHTER a des emplois vari\u00e9s. En effet, il peut \u00eatre utilis\u00e9 aussi bien seul que combin\u00e9 avec une cha\u00eene antivol. Ainsi, vous pouvez s\u00e9curiser une porte avec loquet ou vos meubles de &hellip; <a class=\"kt-excerpt-readmore\" href=\"https:\/\/test.burgwaechterservice.de\/fr\/p\/cadenas-et-porte-cadenas\/u-1480\/\" aria-label=\"Antivol en U 1480 HB 100\/55\">Lire la suite<\/a><\/p>\n","protected":false},"featured_media":523316,"comment_status":"closed","ping_status":"closed","template":"","meta":[],"product_cat":[30,7942,50,3131],"product_tag":[],"yoast_head":"<!-- This site is optimized with the Yoast SEO Premium plugin v18.4 (Yoast SEO v19.13) - https:\/\/yoast.com\/wordpress\/plugins\/seo\/ -->\n<title>Antivol en U I L&#039;antivol tout terrains robuste de BURG-W\u00c4CHTER<\/title>\n<meta name=\"description\" content=\"Robustesse, polyvalence, long\u00e9vit\u00e9 : cet antivol en U de BURG-W\u00c4CHTER est parfait pour une utilisation conjointe avec un c\u00e2ble de s\u00e9curit\u00e9.\" \/>\n<meta name=\"robots\" content=\"index, follow, max-snippet:-1, max-image-preview:large, max-video-preview:-1\" \/>\n<link rel=\"canonical\" href=\"https:\/\/test.burgwaechterservice.de\/fr\/p\/cadenas-et-porte-cadenas\/u-1480\/\" \/>\n<meta property=\"og:locale\" content=\"fr_FR\" \/>\n<meta property=\"og:type\" content=\"article\" \/>\n<meta property=\"og:title\" content=\"Antivol en U 1480 HB 100\/55\" \/>\n<meta property=\"og:description\" content=\"Robustesse, polyvalence, long\u00e9vit\u00e9 : cet antivol en U de BURG-W\u00c4CHTER est parfait pour une utilisation conjointe avec un c\u00e2ble de s\u00e9curit\u00e9.\" \/>\n<meta property=\"og:url\" content=\"https:\/\/test.burgwaechterservice.de\/fr\/p\/cadenas-et-porte-cadenas\/u-1480\/\" \/>\n<meta property=\"og:site_name\" content=\"Burg-W\u00e4chter France\" \/>\n<meta property=\"article:modified_time\" content=\"2022-05-04T10:32:01+00:00\" \/>\n<meta property=\"og:image\" content=\"https:\/\/test.burgwaechterservice.de\/fr\/wp-content\/uploads\/sites\/4\/2021\/06\/BW_SR_1480-HB_.jpg\" \/>\n\t<meta property=\"og:image:width\" content=\"1500\" \/>\n\t<meta property=\"og:image:height\" content=\"1500\" \/>\n\t<meta property=\"og:image:type\" content=\"image\/jpeg\" \/>\n<meta name=\"twitter:card\" content=\"summary_large_image\" \/>\n<meta name=\"twitter:label1\" content=\"Dur\u00e9e de lecture estim\u00e9e\" \/>\n\t<meta name=\"twitter:data1\" content=\"1 minute\" \/>\n<!-- \/ Yoast SEO Premium plugin. -->","yoast_head_json":{"title":"Antivol en U I L'antivol tout terrains robuste de BURG-W\u00c4CHTER","description":"Robustesse, polyvalence, long\u00e9vit\u00e9 : cet antivol en U de BURG-W\u00c4CHTER est parfait pour une utilisation conjointe avec un c\u00e2ble de s\u00e9curit\u00e9.","robots":{"index":"index","follow":"follow","max-snippet":"max-snippet:-1","max-image-preview":"max-image-preview:large","max-video-preview":"max-video-preview:-1"},"canonical":"https:\/\/test.burgwaechterservice.de\/fr\/p\/cadenas-et-porte-cadenas\/u-1480\/","og_locale":"fr_FR","og_type":"article","og_title":"Antivol en U 1480 HB 100\/55","og_description":"Robustesse, polyvalence, long\u00e9vit\u00e9 : cet antivol en U de BURG-W\u00c4CHTER est parfait pour une utilisation conjointe avec un c\u00e2ble de s\u00e9curit\u00e9.","og_url":"https:\/\/test.burgwaechterservice.de\/fr\/p\/cadenas-et-porte-cadenas\/u-1480\/","og_site_name":"Burg-W\u00e4chter France","article_modified_time":"2022-05-04T10:32:01+00:00","og_image":[{"width":1500,"height":1500,"url":"https:\/\/test.burgwaechterservice.de\/fr\/wp-content\/uploads\/sites\/4\/2021\/06\/BW_SR_1480-HB_.jpg","type":"image\/jpeg"}],"twitter_card":"summary_large_image","twitter_misc":{"Dur\u00e9e de lecture estim\u00e9e":"1 minute"},"schema":{"@context":"https:\/\/schema.org","@graph":[{"@type":"WebPage","@id":"https:\/\/test.burgwaechterservice.de\/fr\/p\/cadenas-et-porte-cadenas\/u-1480\/","url":"https:\/\/test.burgwaechterservice.de\/fr\/p\/cadenas-et-porte-cadenas\/u-1480\/","name":"Antivol en U I L'antivol tout terrains robuste de BURG-W\u00c4CHTER","isPartOf":{"@id":"https:\/\/test.burgwaechterservice.de\/fr\/#website"},"datePublished":"2021-06-09T09:10:39+00:00","dateModified":"2022-05-04T10:32:01+00:00","description":"Robustesse, polyvalence, long\u00e9vit\u00e9 : cet antivol en U de BURG-W\u00c4CHTER est parfait pour une utilisation conjointe avec un c\u00e2ble de s\u00e9curit\u00e9.","breadcrumb":{"@id":"https:\/\/test.burgwaechterservice.de\/fr\/p\/cadenas-et-porte-cadenas\/u-1480\/#breadcrumb"},"inLanguage":"fr-FR","potentialAction":[{"@type":"ReadAction","target":["https:\/\/test.burgwaechterservice.de\/fr\/p\/cadenas-et-porte-cadenas\/u-1480\/"]}]},{"@type":"BreadcrumbList","@id":"https:\/\/test.burgwaechterservice.de\/fr\/p\/cadenas-et-porte-cadenas\/u-1480\/#breadcrumb","itemListElement":[{"@type":"ListItem","position":1,"name":"Accueil","item":"https:\/\/test.burgwaechterservice.de\/fr\/"},{"@type":"ListItem","position":2,"name":"Produits","item":"https:\/\/test.burgwaechterservice.de\/fr\/p\/"},{"@type":"ListItem","position":3,"name":"Antivol en U 1480 HB 100\/55"}]},{"@type":"WebSite","@id":"https:\/\/test.burgwaechterservice.de\/fr\/#website","url":"https:\/\/test.burgwaechterservice.de\/fr\/","name":"Burg-W\u00e4chter France","description":"Le choix le plus s\u00fbr!","potentialAction":[{"@type":"SearchAction","target":{"@type":"EntryPoint","urlTemplate":"https:\/\/test.burgwaechterservice.de\/fr\/?s={search_term_string}"},"query-input":"required name=search_term_string"}],"inLanguage":"fr-FR"}]}},"_links":{"self":[{"href":"https:\/\/test.burgwaechterservice.de\/fr\/wp-json\/wp\/v2\/product\/523315"}],"collection":[{"href":"https:\/\/test.burgwaechterservice.de\/fr\/wp-json\/wp\/v2\/product"}],"about":[{"href":"https:\/\/test.burgwaechterservice.de\/fr\/wp-json\/wp\/v2\/types\/product"}],"replies":[{"embeddable":true,"href":"https:\/\/test.burgwaechterservice.de\/fr\/wp-json\/wp\/v2\/comments?post=523315"}],"wp:featuredmedia":[{"embeddable":true,"href":"https:\/\/test.burgwaechterservice.de\/fr\/wp-json\/wp\/v2\/media\/523316"}],"wp:attachment":[{"href":"https:\/\/test.burgwaechterservice.de\/fr\/wp-json\/wp\/v2\/media?parent=523315"}],"wp:term":[{"taxonomy":"product_cat","embeddable":true,"href":"https:\/\/test.burgwaechterservice.de\/fr\/wp-json\/wp\/v2\/product_cat?post=523315"},{"taxonomy":"product_tag","embeddable":true,"href":"https:\/\/test.burgwaechterservice.de\/fr\/wp-json\/wp\/v2\/product_tag?post=523315"}],"curies":[{"name":"wp","href":"https:\/\/api.w.org\/{rel}","templated":true}]}}