{"id":523313,"date":"2021-06-09T11:09:57","date_gmt":"2021-06-09T09:09:57","guid":{"rendered":"https:\/\/www.burg.biz\/fr\/p\/cadenas-et-porte-cadenas\/antivol-430c60\/"},"modified":"2021-07-20T12:35:56","modified_gmt":"2021-07-20T10:35:56","slug":"antivol-430c60","status":"publish","type":"product","link":"https:\/\/test.burgwaechterservice.de\/fr\/p\/cadenas-et-porte-cadenas\/antivol-430c60\/","title":{"rendered":"C\u00e2ble antivol \u00e0 code 430 C 60"},"content":{"rendered":"<p><img decoding=\"async\" class=\"alignnone wp-image-606966\" src=\"https:\/\/test.burgwaechterservice.de\/wp-content\/uploads\/2021\/05\/BW_Pikto_Kinderfahrrad_sw.png\" alt=\"\" width=\"107\" height=\"107\" \/><\/p>\n<h3>C\u00e2ble antivol \u00e0 code 430 C 60<\/h3>\n<p>L&#8217;antivol \u00e0 code 430 C 60 est exactement l&#8217;antivol qu&#8217;il vous faut pour un premier v\u00e9lo avec ou sans p\u00e9dales. Les enfants ne peuvent pas \u00e9garer la cl\u00e9 \u00e9tant donn\u00e9 qu&#8217;on ouvre et ferme l&#8217;antivol au moyen de <strong>quatre roues chiffr\u00e9es<\/strong>.<\/p>\n<p>L&#8217;antivol d&#8217;une longueur de <strong>60 cm<\/strong> existe en trois couleurs. Il peut bien s\u00fbr \u00eatre r\u00e9gl\u00e9 sur <strong>le code secret de votre choix<\/strong>.<\/p>\n<h3>L&#8217;antivol pour v\u00e9lo 430 C 60 en un coup d&#8217;oeil :<\/h3>\n<ul>\n<li>C\u00e2ble antivol \u00e0 code bon march\u00e9<\/li>\n<li>Quatre roues chiffr\u00e9es, code secret personnalisable<\/li>\n<li>Existe en trois couleurs<\/li>\n<li>C\u00e2ble antivol recouvert de mati\u00e8re plastique<\/li>\n<li>60 cm de long<\/li>\n<\/ul>\n","protected":false},"excerpt":{"rendered":"<p>C\u00e2ble antivol \u00e0 code 430 C 60 L&#8217;antivol \u00e0 code 430 C 60 est exactement l&#8217;antivol qu&#8217;il vous faut pour un premier v\u00e9lo avec ou sans p\u00e9dales. Les enfants ne peuvent pas \u00e9garer la cl\u00e9 \u00e9tant donn\u00e9 qu&#8217;on ouvre et &hellip; <a class=\"kt-excerpt-readmore\" href=\"https:\/\/test.burgwaechterservice.de\/fr\/p\/cadenas-et-porte-cadenas\/antivol-430c60\/\" aria-label=\"C\u00e2ble antivol \u00e0 code 430 C 60\">Lire la suite<\/a><\/p>\n","protected":false},"featured_media":523314,"comment_status":"closed","ping_status":"closed","template":"","meta":[],"product_cat":[30,50,3129],"product_tag":[7967,7973],"yoast_head":"<!-- This site is optimized with the Yoast SEO Premium plugin v18.4 (Yoast SEO v19.13) - https:\/\/yoast.com\/wordpress\/plugins\/seo\/ -->\n<title>Id\u00e9al pour les enfants : Le c\u00e2ble antivol \u00e0 code 430 C 60<\/title>\n<meta name=\"description\" content=\"Le c\u00e2ble antivol \u00e0 code 430 C 60 est id\u00e9al pour tout v\u00e9lo enfant. Aucun risque de perdre la cl\u00e9 : l&#039;antivol s&#039;ouvre avec un code secret\" \/>\n<meta name=\"robots\" content=\"index, follow, max-snippet:-1, max-image-preview:large, max-video-preview:-1\" \/>\n<link rel=\"canonical\" href=\"https:\/\/test.burgwaechterservice.de\/fr\/p\/cadenas-et-porte-cadenas\/antivol-430c60\/\" \/>\n<meta property=\"og:locale\" content=\"fr_FR\" \/>\n<meta property=\"og:type\" content=\"article\" \/>\n<meta property=\"og:title\" content=\"C\u00e2ble antivol \u00e0 code 430 C 60\" \/>\n<meta property=\"og:description\" content=\"Le c\u00e2ble antivol \u00e0 code 430 C 60 est id\u00e9al pour tout v\u00e9lo enfant. Aucun risque de perdre la cl\u00e9 : l&#039;antivol s&#039;ouvre avec un code secret\" \/>\n<meta property=\"og:url\" content=\"https:\/\/test.burgwaechterservice.de\/fr\/p\/cadenas-et-porte-cadenas\/antivol-430c60\/\" \/>\n<meta property=\"og:site_name\" content=\"Burg-W\u00e4chter France\" \/>\n<meta property=\"article:modified_time\" content=\"2021-07-20T10:35:56+00:00\" \/>\n<meta property=\"og:image\" content=\"https:\/\/test.burgwaechterservice.de\/fr\/wp-content\/uploads\/sites\/4\/2021\/06\/BW_SR_430-C-60_3colours.jpg\" \/>\n\t<meta property=\"og:image:width\" content=\"2251\" \/>\n\t<meta property=\"og:image:height\" content=\"2251\" \/>\n\t<meta property=\"og:image:type\" content=\"image\/jpeg\" \/>\n<meta name=\"twitter:card\" content=\"summary_large_image\" \/>\n<meta name=\"twitter:label1\" content=\"Dur\u00e9e de lecture estim\u00e9e\" \/>\n\t<meta name=\"twitter:data1\" content=\"1 minute\" \/>\n<!-- \/ Yoast SEO Premium plugin. -->","yoast_head_json":{"title":"Id\u00e9al pour les enfants : Le c\u00e2ble antivol \u00e0 code 430 C 60","description":"Le c\u00e2ble antivol \u00e0 code 430 C 60 est id\u00e9al pour tout v\u00e9lo enfant. Aucun risque de perdre la cl\u00e9 : l'antivol s'ouvre avec un code secret","robots":{"index":"index","follow":"follow","max-snippet":"max-snippet:-1","max-image-preview":"max-image-preview:large","max-video-preview":"max-video-preview:-1"},"canonical":"https:\/\/test.burgwaechterservice.de\/fr\/p\/cadenas-et-porte-cadenas\/antivol-430c60\/","og_locale":"fr_FR","og_type":"article","og_title":"C\u00e2ble antivol \u00e0 code 430 C 60","og_description":"Le c\u00e2ble antivol \u00e0 code 430 C 60 est id\u00e9al pour tout v\u00e9lo enfant. Aucun risque de perdre la cl\u00e9 : l'antivol s'ouvre avec un code secret","og_url":"https:\/\/test.burgwaechterservice.de\/fr\/p\/cadenas-et-porte-cadenas\/antivol-430c60\/","og_site_name":"Burg-W\u00e4chter France","article_modified_time":"2021-07-20T10:35:56+00:00","og_image":[{"width":2251,"height":2251,"url":"https:\/\/test.burgwaechterservice.de\/fr\/wp-content\/uploads\/sites\/4\/2021\/06\/BW_SR_430-C-60_3colours.jpg","type":"image\/jpeg"}],"twitter_card":"summary_large_image","twitter_misc":{"Dur\u00e9e de lecture estim\u00e9e":"1 minute"},"schema":{"@context":"https:\/\/schema.org","@graph":[{"@type":"WebPage","@id":"https:\/\/test.burgwaechterservice.de\/fr\/p\/cadenas-et-porte-cadenas\/antivol-430c60\/","url":"https:\/\/test.burgwaechterservice.de\/fr\/p\/cadenas-et-porte-cadenas\/antivol-430c60\/","name":"Id\u00e9al pour les enfants : Le c\u00e2ble antivol \u00e0 code 430 C 60","isPartOf":{"@id":"https:\/\/test.burgwaechterservice.de\/fr\/#website"},"datePublished":"2021-06-09T09:09:57+00:00","dateModified":"2021-07-20T10:35:56+00:00","description":"Le c\u00e2ble antivol \u00e0 code 430 C 60 est id\u00e9al pour tout v\u00e9lo enfant. Aucun risque de perdre la cl\u00e9 : l'antivol s'ouvre avec un code secret","breadcrumb":{"@id":"https:\/\/test.burgwaechterservice.de\/fr\/p\/cadenas-et-porte-cadenas\/antivol-430c60\/#breadcrumb"},"inLanguage":"fr-FR","potentialAction":[{"@type":"ReadAction","target":["https:\/\/test.burgwaechterservice.de\/fr\/p\/cadenas-et-porte-cadenas\/antivol-430c60\/"]}]},{"@type":"BreadcrumbList","@id":"https:\/\/test.burgwaechterservice.de\/fr\/p\/cadenas-et-porte-cadenas\/antivol-430c60\/#breadcrumb","itemListElement":[{"@type":"ListItem","position":1,"name":"Accueil","item":"https:\/\/test.burgwaechterservice.de\/fr\/"},{"@type":"ListItem","position":2,"name":"Produits","item":"https:\/\/test.burgwaechterservice.de\/fr\/p\/"},{"@type":"ListItem","position":3,"name":"C\u00e2ble antivol \u00e0 code 430 C 60"}]},{"@type":"WebSite","@id":"https:\/\/test.burgwaechterservice.de\/fr\/#website","url":"https:\/\/test.burgwaechterservice.de\/fr\/","name":"Burg-W\u00e4chter France","description":"Le choix le plus s\u00fbr!","potentialAction":[{"@type":"SearchAction","target":{"@type":"EntryPoint","urlTemplate":"https:\/\/test.burgwaechterservice.de\/fr\/?s={search_term_string}"},"query-input":"required name=search_term_string"}],"inLanguage":"fr-FR"}]}},"_links":{"self":[{"href":"https:\/\/test.burgwaechterservice.de\/fr\/wp-json\/wp\/v2\/product\/523313"}],"collection":[{"href":"https:\/\/test.burgwaechterservice.de\/fr\/wp-json\/wp\/v2\/product"}],"about":[{"href":"https:\/\/test.burgwaechterservice.de\/fr\/wp-json\/wp\/v2\/types\/product"}],"replies":[{"embeddable":true,"href":"https:\/\/test.burgwaechterservice.de\/fr\/wp-json\/wp\/v2\/comments?post=523313"}],"wp:featuredmedia":[{"embeddable":true,"href":"https:\/\/test.burgwaechterservice.de\/fr\/wp-json\/wp\/v2\/media\/523314"}],"wp:attachment":[{"href":"https:\/\/test.burgwaechterservice.de\/fr\/wp-json\/wp\/v2\/media?parent=523313"}],"wp:term":[{"taxonomy":"product_cat","embeddable":true,"href":"https:\/\/test.burgwaechterservice.de\/fr\/wp-json\/wp\/v2\/product_cat?post=523313"},{"taxonomy":"product_tag","embeddable":true,"href":"https:\/\/test.burgwaechterservice.de\/fr\/wp-json\/wp\/v2\/product_tag?post=523313"}],"curies":[{"name":"wp","href":"https:\/\/api.w.org\/{rel}","templated":true}]}}