{"id":506077,"date":"2021-03-25T11:48:16","date_gmt":"2021-03-25T10:48:16","guid":{"rendered":"https:\/\/www.burg.biz\/fr\/p\/coffres-forts\/coffre-fort-ignifuge\/"},"modified":"2021-12-19T20:47:16","modified_gmt":"2021-12-19T19:47:16","slug":"coffre-fort-ignifuge","status":"publish","type":"product","link":"https:\/\/test.burgwaechterservice.de\/fr\/p\/coffres-forts\/coffre-fort-ignifuge\/","title":{"rendered":"Coffre-fort ignifug\u00e9 FP 44 E"},"content":{"rendered":"<h2><span style=\"color: #000000;\">Coffre-fort ignifug\u00e9 FP 44 E \u2013 R\u00e9sistance contre le feu et l&#8217;effraction<br \/>\n<\/span><\/h2>\n<p>Plus de confort d&#8217;utilisation avec une s\u00e9curit\u00e9 \u00e9prouv\u00e9e : le coffre-fort anti-feu FP 44 E offre une heure de protection anti-feu v\u00e9rifi\u00e9e. Cela signifie qu&#8217;en cas d&#8217;incendie, <strong>les papiers gard\u00e9s dans le coffre-fort sont prot\u00e9g\u00e9s pendant au moins 60 minutes<\/strong>. La protection ignifuge est v\u00e9rifi\u00e9e selon la classe NT FIRE 017-60 P pour des temp\u00e9ratures allant jusqu&#8217;\u00e0 1 000 degr\u00e9s Celsius.<\/p>\n<p>Le coffre-fort d\u2019un poids de 25 kilogrammes atteint ce <strong>haut niveau de r\u00e9sistance au feu<\/strong> gr\u00e2ce \u00e0 son remplissage avec un mat\u00e9riau isolant massif sp\u00e9cial. D\u2019autre part, le corps muni d&#8217;une rainure anti-feu sur tout le pourtour assure une protection suppl\u00e9mentaire contre le feu et la chaleur.<\/p>\n<h3><span style=\"color: #000000;\">Deux codes usager, un mode s\u00e9curit\u00e9, une vue d&#8217;ensemble optimale via l&#8217;\u00e9cran LCD<\/span><\/h3>\n<p>Le coffre-fort anti-feu FP 44 E offre de nombreuses am\u00e9liorations par rapport au mod\u00e8le pr\u00e9c\u00e9dent. Il est \u00e0 pr\u00e9sent possible de programmer <strong>deux codes utilisateur au lieu d&#8217;un seul<\/strong>. En outre, l&#8217;\u00e9cran inclin\u00e9 garantit une vision optimale du dessus. Gr\u00e2ce au <strong>mode s\u00e9curit\u00e9<\/strong>, le code n&#8217;appara\u00eet pas sur l&#8217;\u00e9cran LCD pendant la saisie.<\/p>\n<h3><span style=\"color: #000000;\">Coffre-fort anti-feu FP 44 E pour documents jusqu&#8217;au format DIN-A4 et avec un tiroir pratique<br \/>\n<\/span><\/h3>\n<p>Le coffre-fort anti-feu FP 44 E est con\u00e7u pour les documents et papiers jusqu&#8217;au format classique DIN-A4. D\u2019autre part, le <strong>tiroir int\u00e9gr\u00e9<\/strong> offre un espace de rangement pour le rangement ordonn\u00e9 des objets de valeur et des documents. Le nouveau FP 44 E marque \u00e9galement des points sur le plan visuel. Le corps \u00e9l\u00e9gant en anthracite se marie parfaitement avec l\u2019interface de commande en acier inoxydable. Le <strong>pommeau de haute qualit\u00e9<\/strong> facilite l&#8217;ouverture et la fermeture du coffre-fort anti-feu.<\/p>\n<h3><span style=\"color: #000000;\">Protection contre le vol gr\u00e2ce \u00e0 un ancrage au sol solide<br \/>\n<\/span><\/h3>\n<p>Bien entendu, le FP 44 E prot\u00e8ge \u00e9galement tous les objets de valeur et les documents contre les tentatives d\u2018effraction. Aussi bien la porte que le corps est \u00e0<strong> double paroi<\/strong>. <strong>Des goujons ronds robustes se chargent du verrouillage<\/strong>. Afin d&#8217;assurer une protection optimale contre le vol, le coffre-fort doit \u00eatre solidement ancr\u00e9. Pour ce faire, le coffre est <strong>pr\u00e9par\u00e9 en usine pour un ancrage au sol<\/strong>. Le mat\u00e9riel de fixation est bien s\u00fbr inclus dans la livraison. Il en va de m\u00eame pour les quatre piles AA (Mignon) requises. Ainsi, vous pouvez utiliser votre coffre-fort anti-feu FP 44 E imm\u00e9diatement. Aucun raccord \u00e0 l\u2018\u00e9lectricit\u00e9 n&#8217;est n\u00e9cessaire.<\/p>\n<p>&nbsp;<\/p>\n<h4><span style=\"color: #000000;\">Le coffre-fort anti-feu FP 44 E en aper\u00e7u<br \/>\n<\/span><\/h4>\n<ul>\n<li><span style=\"color: #000000;\">Coffre-fort pour documents avec protection anti-feu et anti-effraction<\/span><\/li>\n<li>Protection anti-feu contr\u00f4l\u00e9e, classe NT FIRE 017-60 P :\u00a0 60 minutes de protection ignifuge pour le papier<\/li>\n<li><span style=\"color: #000000;\">Corps et porte \u00e0 double paroi<br \/>\n<\/span><\/li>\n<li><span style=\"color: #000000;\">Rainure anti-feu sur tout le pourtour<br \/>\n<\/span><\/li>\n<li><span style=\"color: #000000;\">Serrure \u00e9lectronique \u00e0 code avec \u00e9cran LCD et deux codes usager \u00e0 choisir librement<br \/>\n<\/span><\/li>\n<li><span style=\"color: #000000;\">Pour les documents jusqu&#8217;au format DIN A4 ; \u00e9quipement interne avec tiroir<br \/>\n<\/span><\/li>\n<li><span style=\"color: #000000;\">Pr\u00e9vu pour l&#8217;ancrage au sol, mat\u00e9riel de fixation inclus<\/span><\/li>\n<li><span style=\"color: #000000;\">4 piles AA incluses pour une mise en service imm\u00e9diate du coffre-fort<br \/>\n<\/span><\/li>\n<\/ul>\n<p>&nbsp;<\/p>\n<table class=\"ausfuehrung\">\n<thead>\n<tr>\n<td><span style=\"color: #000000;\">Article<\/span><\/td>\n<td><span style=\"color: #000000;\">Ext\u00e9rieur h x l x p (mm)<br \/>\n<\/span><\/td>\n<td><span style=\"color: #000000;\">Int\u00e9rieur h x l x p (mm)<br \/>\n<\/span><\/td>\n<td><span style=\"color: #000000;\">Poids (kg)<br \/>\n<\/span><\/td>\n<td><span style=\"color: #000000;\">Volume (l)<br \/>\n<\/span><\/td>\n<\/tr>\n<\/thead>\n<tbody>\n<tr>\n<td><span style=\"color: #000000;\">FP 44 E<\/span><\/td>\n<td><span style=\"color: #000000;\">296 x 390 x 320<\/span><\/td>\n<td><span style=\"color: #000000;\">215 x 310 x 215<\/span><\/td>\n<td><span style=\"color: #000000;\">25,0<\/span><\/td>\n<td><span style=\"color: #000000;\">14,3<\/span><\/td>\n<\/tr>\n<\/tbody>\n<\/table>\n","protected":false},"excerpt":{"rendered":"<p>Coffre-fort ignifug\u00e9 FP 44 E \u2013 R\u00e9sistance contre le feu et l&#8217;effraction Plus de confort d&#8217;utilisation avec une s\u00e9curit\u00e9 \u00e9prouv\u00e9e : le coffre-fort anti-feu FP 44 E offre une heure de protection anti-feu v\u00e9rifi\u00e9e. Cela signifie qu&#8217;en cas d&#8217;incendie, les &hellip; <a class=\"kt-excerpt-readmore\" href=\"https:\/\/test.burgwaechterservice.de\/fr\/p\/coffres-forts\/coffre-fort-ignifuge\/\" aria-label=\"Coffre-fort ignifug\u00e9 FP 44 E\">Lire la suite<\/a><\/p>\n","protected":false},"featured_media":506078,"comment_status":"closed","ping_status":"closed","template":"","meta":[],"product_cat":[34,52],"product_tag":[],"yoast_head":"<!-- This site is optimized with the Yoast SEO Premium plugin v18.4 (Yoast SEO v19.13) - https:\/\/yoast.com\/wordpress\/plugins\/seo\/ -->\n<title>Coffre-fort anti-feu FP 44 E \u2013 60 minutes de protection anti-feu !<\/title>\n<meta name=\"description\" content=\"S\u00e9curit\u00e9 contre les incendies et l&#039;effraction : le coffre-fort anti-feu FP 44 E de BURG-W\u00c4CHTER r\u00e9siste au moins 1 h \u00e0 1000 degr\u00e9s Celsius.\" \/>\n<meta name=\"robots\" content=\"index, follow, max-snippet:-1, max-image-preview:large, max-video-preview:-1\" \/>\n<link rel=\"canonical\" href=\"https:\/\/test.burgwaechterservice.de\/fr\/p\/coffres-forts\/coffre-fort-ignifuge\/\" \/>\n<meta property=\"og:locale\" content=\"fr_FR\" \/>\n<meta property=\"og:type\" content=\"article\" \/>\n<meta property=\"og:title\" content=\"Coffre-fort ignifug\u00e9 FP 44 E\" \/>\n<meta property=\"og:description\" content=\"S\u00e9curit\u00e9 contre les incendies et l&#039;effraction : le coffre-fort anti-feu FP 44 E de BURG-W\u00c4CHTER r\u00e9siste au moins 1 h \u00e0 1000 degr\u00e9s Celsius.\" \/>\n<meta property=\"og:url\" content=\"https:\/\/test.burgwaechterservice.de\/fr\/p\/coffres-forts\/coffre-fort-ignifuge\/\" \/>\n<meta property=\"og:site_name\" content=\"Burg-W\u00e4chter France\" \/>\n<meta property=\"article:modified_time\" content=\"2021-12-19T19:47:16+00:00\" \/>\n<meta property=\"og:image\" content=\"https:\/\/test.burgwaechterservice.de\/fr\/wp-content\/uploads\/sites\/4\/2021\/03\/Feuerschutz_Tresor_FP_44_E.jpg\" \/>\n\t<meta property=\"og:image:width\" content=\"1200\" \/>\n\t<meta property=\"og:image:height\" content=\"1200\" \/>\n\t<meta property=\"og:image:type\" content=\"image\/jpeg\" \/>\n<meta name=\"twitter:card\" content=\"summary_large_image\" \/>\n<meta name=\"twitter:label1\" content=\"Dur\u00e9e de lecture estim\u00e9e\" \/>\n\t<meta name=\"twitter:data1\" content=\"3 minutes\" \/>\n<!-- \/ Yoast SEO Premium plugin. -->","yoast_head_json":{"title":"Coffre-fort anti-feu FP 44 E \u2013 60 minutes de protection anti-feu !","description":"S\u00e9curit\u00e9 contre les incendies et l'effraction : le coffre-fort anti-feu FP 44 E de BURG-W\u00c4CHTER r\u00e9siste au moins 1 h \u00e0 1000 degr\u00e9s Celsius.","robots":{"index":"index","follow":"follow","max-snippet":"max-snippet:-1","max-image-preview":"max-image-preview:large","max-video-preview":"max-video-preview:-1"},"canonical":"https:\/\/test.burgwaechterservice.de\/fr\/p\/coffres-forts\/coffre-fort-ignifuge\/","og_locale":"fr_FR","og_type":"article","og_title":"Coffre-fort ignifug\u00e9 FP 44 E","og_description":"S\u00e9curit\u00e9 contre les incendies et l'effraction : le coffre-fort anti-feu FP 44 E de BURG-W\u00c4CHTER r\u00e9siste au moins 1 h \u00e0 1000 degr\u00e9s Celsius.","og_url":"https:\/\/test.burgwaechterservice.de\/fr\/p\/coffres-forts\/coffre-fort-ignifuge\/","og_site_name":"Burg-W\u00e4chter France","article_modified_time":"2021-12-19T19:47:16+00:00","og_image":[{"width":1200,"height":1200,"url":"https:\/\/test.burgwaechterservice.de\/fr\/wp-content\/uploads\/sites\/4\/2021\/03\/Feuerschutz_Tresor_FP_44_E.jpg","type":"image\/jpeg"}],"twitter_card":"summary_large_image","twitter_misc":{"Dur\u00e9e de lecture estim\u00e9e":"3 minutes"},"schema":{"@context":"https:\/\/schema.org","@graph":[{"@type":"WebPage","@id":"https:\/\/test.burgwaechterservice.de\/fr\/p\/coffres-forts\/coffre-fort-ignifuge\/","url":"https:\/\/test.burgwaechterservice.de\/fr\/p\/coffres-forts\/coffre-fort-ignifuge\/","name":"Coffre-fort anti-feu FP 44 E \u2013 60 minutes de protection anti-feu !","isPartOf":{"@id":"https:\/\/test.burgwaechterservice.de\/fr\/#website"},"datePublished":"2021-03-25T10:48:16+00:00","dateModified":"2021-12-19T19:47:16+00:00","description":"S\u00e9curit\u00e9 contre les incendies et l'effraction : le coffre-fort anti-feu FP 44 E de BURG-W\u00c4CHTER r\u00e9siste au moins 1 h \u00e0 1000 degr\u00e9s Celsius.","breadcrumb":{"@id":"https:\/\/test.burgwaechterservice.de\/fr\/p\/coffres-forts\/coffre-fort-ignifuge\/#breadcrumb"},"inLanguage":"fr-FR","potentialAction":[{"@type":"ReadAction","target":["https:\/\/test.burgwaechterservice.de\/fr\/p\/coffres-forts\/coffre-fort-ignifuge\/"]}]},{"@type":"BreadcrumbList","@id":"https:\/\/test.burgwaechterservice.de\/fr\/p\/coffres-forts\/coffre-fort-ignifuge\/#breadcrumb","itemListElement":[{"@type":"ListItem","position":1,"name":"Accueil","item":"https:\/\/test.burgwaechterservice.de\/fr\/"},{"@type":"ListItem","position":2,"name":"Produits","item":"https:\/\/test.burgwaechterservice.de\/fr\/p\/"},{"@type":"ListItem","position":3,"name":"Coffre-fort ignifug\u00e9 FP 44 E"}]},{"@type":"WebSite","@id":"https:\/\/test.burgwaechterservice.de\/fr\/#website","url":"https:\/\/test.burgwaechterservice.de\/fr\/","name":"Burg-W\u00e4chter France","description":"Le choix le plus s\u00fbr!","potentialAction":[{"@type":"SearchAction","target":{"@type":"EntryPoint","urlTemplate":"https:\/\/test.burgwaechterservice.de\/fr\/?s={search_term_string}"},"query-input":"required name=search_term_string"}],"inLanguage":"fr-FR"}]}},"_links":{"self":[{"href":"https:\/\/test.burgwaechterservice.de\/fr\/wp-json\/wp\/v2\/product\/506077"}],"collection":[{"href":"https:\/\/test.burgwaechterservice.de\/fr\/wp-json\/wp\/v2\/product"}],"about":[{"href":"https:\/\/test.burgwaechterservice.de\/fr\/wp-json\/wp\/v2\/types\/product"}],"replies":[{"embeddable":true,"href":"https:\/\/test.burgwaechterservice.de\/fr\/wp-json\/wp\/v2\/comments?post=506077"}],"wp:featuredmedia":[{"embeddable":true,"href":"https:\/\/test.burgwaechterservice.de\/fr\/wp-json\/wp\/v2\/media\/506078"}],"wp:attachment":[{"href":"https:\/\/test.burgwaechterservice.de\/fr\/wp-json\/wp\/v2\/media?parent=506077"}],"wp:term":[{"taxonomy":"product_cat","embeddable":true,"href":"https:\/\/test.burgwaechterservice.de\/fr\/wp-json\/wp\/v2\/product_cat?post=506077"},{"taxonomy":"product_tag","embeddable":true,"href":"https:\/\/test.burgwaechterservice.de\/fr\/wp-json\/wp\/v2\/product_tag?post=506077"}],"curies":[{"name":"wp","href":"https:\/\/api.w.org\/{rel}","templated":true}]}}