{"id":480060,"date":"2020-12-09T11:01:07","date_gmt":"2020-12-09T10:01:07","guid":{"rendered":"https:\/\/www.burg.biz\/fr\/p\/cadenas-et-porte-cadenas\/magno-flex\/"},"modified":"2021-07-22T14:39:10","modified_gmt":"2021-07-22T12:39:10","slug":"magno-flex","status":"publish","type":"product","link":"https:\/\/test.burgwaechterservice.de\/fr\/p\/cadenas-et-porte-cadenas\/magno-flex\/","title":{"rendered":"Cadenas Magno 400 E HB 50 Flex"},"content":{"rendered":"<p><a href=\"https:\/\/test.burgwaechterservice.de\/wp-content\/uploads\/2020\/12\/BW_Pikto_Magno-Flex-1.pdf\"><img fetchpriority=\"high\" decoding=\"async\" class=\"alignnone wp-image-563589 size-full\" src=\"https:\/\/test.burgwaechterservice.de\/wp-content\/uploads\/2020\/12\/BW_Pikto_Magno-Flex-1-pdf.jpg\" alt=\"\" width=\"1239\" height=\"101\" \/><\/a><\/p>\n<h2>Magno 400 E HB 50 Flex &#8211; Cadenas polyvalent<\/h2>\n<p>Avec le Magno 400 E HB 50 Flex, vous avez toujours le cadenas adapt\u00e9 en r\u00e9serve. En effet, gr\u00e2ce \u00e0 son <strong>arceau sp\u00e9cial<\/strong>, vous pouvez r\u00e9gler la hauteur de la anse en ad\u00e9quation avec l&#8217;objet \u00e0 s\u00e9curiser. Ce ne sont pas moins de <strong>dix hauteurs de anse r\u00e9glables diff\u00e9rentes entre 59 et 149 mm<\/strong> qui sont possibles gr\u00e2ce aux dix supports de fermeture. Le petit plus : Vous pouvez \u00f4ter enti\u00e8rement l&#8217;arceau du cadenas pour une utilisation confortable.<\/p>\n<h3>Un cadenas \u00e0 dix hauteurs<\/h3>\n<p>Au niveau s\u00e9curit\u00e9, le Magno Flex offre un <strong>double verrouillage<\/strong> ainsi qu&#8217;une anse durcie d&#8217;une \u00e9paisseur de 8 mm avec protection suppl\u00e9mentaire contre les pinces. En outre, ce cadenas flexible est appropri\u00e9 pour une utilisation par tous les temps gr\u00e2ce \u00e0 son m\u00e9canisme de fermeture inoxydable. Par exemple, pour <strong>s\u00e9curiser des portails, des meubles de jardin, des barri\u00e8res, de l&#8217;outillage<\/strong> ainsi que nombre d&#8217;autres domaines d&#8217;utilisation. Le cadenas est vendu avec deux cl\u00e9s. Bien s\u00fbr, les mod\u00e8les de cadenas Magno sont aussi disponibles comme en cadenas standard ou cadenas \u00e0 anse haute.<\/p>\n<h4>Le cadenas Magno 400 E HB 50 Flex en aper\u00e7u<\/h4>\n<ul>\n<li>Un cadenas polyvalent pour de nombreuses utilisations<\/li>\n<li>S\u00e9curise portails, barri\u00e8res et outillage<\/li>\n<li>Anse sp\u00e9ciale \u00e0 double verrouillage et durcie, protection contre les pinces<\/li>\n<li>Anse r\u00e9glable en hauteur, s&#8217;enclenche de mani\u00e8re fiable et peut \u00eatre enti\u00e8rement retir\u00e9e<\/li>\n<li>Anse de cadenas r\u00e9glable individuellement selon dix hauteurs (59-149 mm)<\/li>\n<li>Corps en laiton massif<\/li>\n<li>M\u00e9canisme de fermeture inoxydable<\/li>\n<li>Deux cl\u00e9s fournies<\/li>\n<li>Ebauche 68 R<\/li>\n<\/ul>\n","protected":false},"excerpt":{"rendered":"<p>Magno 400 E HB 50 Flex &#8211; Cadenas polyvalent Avec le Magno 400 E HB 50 Flex, vous avez toujours le cadenas adapt\u00e9 en r\u00e9serve. En effet, gr\u00e2ce \u00e0 son arceau sp\u00e9cial, vous pouvez r\u00e9gler la hauteur de la anse &hellip; <a class=\"kt-excerpt-readmore\" href=\"https:\/\/test.burgwaechterservice.de\/fr\/p\/cadenas-et-porte-cadenas\/magno-flex\/\" aria-label=\"Cadenas Magno 400 E HB 50 Flex\">Lire la suite<\/a><\/p>\n","protected":false},"featured_media":480061,"comment_status":"closed","ping_status":"closed","template":"","meta":[],"product_cat":[39,3122],"product_tag":[],"yoast_head":"<!-- This site is optimized with the Yoast SEO Premium plugin v18.4 (Yoast SEO v19.13) - https:\/\/yoast.com\/wordpress\/plugins\/seo\/ -->\n<title>Cadenas polyvalent \u00e0 10 hauteurs de fermeture | Magno 400 E HB 50 Flex<\/title>\n<meta name=\"description\" content=\"Cadenas Magno 400 E HB 50 Flex par BURG-W\u00c4CHTER. Un cadenas polyvalent pour de nombreuses utilisations. Pratique : 10 hauteurs de fermeture.\" \/>\n<meta name=\"robots\" content=\"index, follow, max-snippet:-1, max-image-preview:large, max-video-preview:-1\" \/>\n<link rel=\"canonical\" href=\"https:\/\/test.burgwaechterservice.de\/fr\/p\/cadenas-et-porte-cadenas\/magno-flex\/\" \/>\n<meta property=\"og:locale\" content=\"fr_FR\" \/>\n<meta property=\"og:type\" content=\"article\" \/>\n<meta property=\"og:title\" content=\"Cadenas Magno 400 E HB 50 Flex\" \/>\n<meta property=\"og:description\" content=\"Cadenas Magno 400 E HB 50 Flex par BURG-W\u00c4CHTER. Un cadenas polyvalent pour de nombreuses utilisations. Pratique : 10 hauteurs de fermeture.\" \/>\n<meta property=\"og:url\" content=\"https:\/\/test.burgwaechterservice.de\/fr\/p\/cadenas-et-porte-cadenas\/magno-flex\/\" \/>\n<meta property=\"og:site_name\" content=\"Burg-W\u00e4chter France\" \/>\n<meta property=\"article:modified_time\" content=\"2021-07-22T12:39:10+00:00\" \/>\n<meta property=\"og:image\" content=\"https:\/\/test.burgwaechterservice.de\/fr\/wp-content\/uploads\/sites\/4\/2020\/12\/Variables-Vorhangschloss-BURG-WAeCHTER-Magno-400-E-HB-50-Flex.jpg\" \/>\n\t<meta property=\"og:image:width\" content=\"1000\" \/>\n\t<meta property=\"og:image:height\" content=\"1000\" \/>\n\t<meta property=\"og:image:type\" content=\"image\/jpeg\" \/>\n<meta name=\"twitter:card\" content=\"summary_large_image\" \/>\n<meta name=\"twitter:label1\" content=\"Dur\u00e9e de lecture estim\u00e9e\" \/>\n\t<meta name=\"twitter:data1\" content=\"1 minute\" \/>\n<!-- \/ Yoast SEO Premium plugin. -->","yoast_head_json":{"title":"Cadenas polyvalent \u00e0 10 hauteurs de fermeture | Magno 400 E HB 50 Flex","description":"Cadenas Magno 400 E HB 50 Flex par BURG-W\u00c4CHTER. Un cadenas polyvalent pour de nombreuses utilisations. Pratique : 10 hauteurs de fermeture.","robots":{"index":"index","follow":"follow","max-snippet":"max-snippet:-1","max-image-preview":"max-image-preview:large","max-video-preview":"max-video-preview:-1"},"canonical":"https:\/\/test.burgwaechterservice.de\/fr\/p\/cadenas-et-porte-cadenas\/magno-flex\/","og_locale":"fr_FR","og_type":"article","og_title":"Cadenas Magno 400 E HB 50 Flex","og_description":"Cadenas Magno 400 E HB 50 Flex par BURG-W\u00c4CHTER. Un cadenas polyvalent pour de nombreuses utilisations. Pratique : 10 hauteurs de fermeture.","og_url":"https:\/\/test.burgwaechterservice.de\/fr\/p\/cadenas-et-porte-cadenas\/magno-flex\/","og_site_name":"Burg-W\u00e4chter France","article_modified_time":"2021-07-22T12:39:10+00:00","og_image":[{"width":1000,"height":1000,"url":"https:\/\/test.burgwaechterservice.de\/fr\/wp-content\/uploads\/sites\/4\/2020\/12\/Variables-Vorhangschloss-BURG-WAeCHTER-Magno-400-E-HB-50-Flex.jpg","type":"image\/jpeg"}],"twitter_card":"summary_large_image","twitter_misc":{"Dur\u00e9e de lecture estim\u00e9e":"1 minute"},"schema":{"@context":"https:\/\/schema.org","@graph":[{"@type":"WebPage","@id":"https:\/\/test.burgwaechterservice.de\/fr\/p\/cadenas-et-porte-cadenas\/magno-flex\/","url":"https:\/\/test.burgwaechterservice.de\/fr\/p\/cadenas-et-porte-cadenas\/magno-flex\/","name":"Cadenas polyvalent \u00e0 10 hauteurs de fermeture | Magno 400 E HB 50 Flex","isPartOf":{"@id":"https:\/\/test.burgwaechterservice.de\/fr\/#website"},"datePublished":"2020-12-09T10:01:07+00:00","dateModified":"2021-07-22T12:39:10+00:00","description":"Cadenas Magno 400 E HB 50 Flex par BURG-W\u00c4CHTER. Un cadenas polyvalent pour de nombreuses utilisations. Pratique : 10 hauteurs de fermeture.","breadcrumb":{"@id":"https:\/\/test.burgwaechterservice.de\/fr\/p\/cadenas-et-porte-cadenas\/magno-flex\/#breadcrumb"},"inLanguage":"fr-FR","potentialAction":[{"@type":"ReadAction","target":["https:\/\/test.burgwaechterservice.de\/fr\/p\/cadenas-et-porte-cadenas\/magno-flex\/"]}]},{"@type":"BreadcrumbList","@id":"https:\/\/test.burgwaechterservice.de\/fr\/p\/cadenas-et-porte-cadenas\/magno-flex\/#breadcrumb","itemListElement":[{"@type":"ListItem","position":1,"name":"Accueil","item":"https:\/\/test.burgwaechterservice.de\/fr\/"},{"@type":"ListItem","position":2,"name":"Produits","item":"https:\/\/test.burgwaechterservice.de\/fr\/p\/"},{"@type":"ListItem","position":3,"name":"Cadenas Magno 400 E HB 50 Flex"}]},{"@type":"WebSite","@id":"https:\/\/test.burgwaechterservice.de\/fr\/#website","url":"https:\/\/test.burgwaechterservice.de\/fr\/","name":"Burg-W\u00e4chter France","description":"Le choix le plus s\u00fbr!","potentialAction":[{"@type":"SearchAction","target":{"@type":"EntryPoint","urlTemplate":"https:\/\/test.burgwaechterservice.de\/fr\/?s={search_term_string}"},"query-input":"required name=search_term_string"}],"inLanguage":"fr-FR"}]}},"_links":{"self":[{"href":"https:\/\/test.burgwaechterservice.de\/fr\/wp-json\/wp\/v2\/product\/480060"}],"collection":[{"href":"https:\/\/test.burgwaechterservice.de\/fr\/wp-json\/wp\/v2\/product"}],"about":[{"href":"https:\/\/test.burgwaechterservice.de\/fr\/wp-json\/wp\/v2\/types\/product"}],"replies":[{"embeddable":true,"href":"https:\/\/test.burgwaechterservice.de\/fr\/wp-json\/wp\/v2\/comments?post=480060"}],"wp:featuredmedia":[{"embeddable":true,"href":"https:\/\/test.burgwaechterservice.de\/fr\/wp-json\/wp\/v2\/media\/480061"}],"wp:attachment":[{"href":"https:\/\/test.burgwaechterservice.de\/fr\/wp-json\/wp\/v2\/media?parent=480060"}],"wp:term":[{"taxonomy":"product_cat","embeddable":true,"href":"https:\/\/test.burgwaechterservice.de\/fr\/wp-json\/wp\/v2\/product_cat?post=480060"},{"taxonomy":"product_tag","embeddable":true,"href":"https:\/\/test.burgwaechterservice.de\/fr\/wp-json\/wp\/v2\/product_tag?post=480060"}],"curies":[{"name":"wp","href":"https:\/\/api.w.org\/{rel}","templated":true}]}}