{"id":466940,"date":"2020-11-06T11:40:24","date_gmt":"2020-11-06T10:40:24","guid":{"rendered":"https:\/\/www.burg.biz\/fr\/p\/videosurveillance\/burgcam-3040\/"},"modified":"2021-08-12T15:02:58","modified_gmt":"2021-08-12T13:02:58","slug":"burgcam-3040","status":"publish","type":"product","link":"https:\/\/test.burgwaechterservice.de\/fr\/p\/videosurveillance\/burgcam-3040\/","title":{"rendered":"Cam\u00e9ra BURGcam BULLET 3040"},"content":{"rendered":"<p><span style=\"color: #000000;\"><img fetchpriority=\"high\" decoding=\"async\" class=\"alignnone wp-image-534982\" src=\"https:\/\/test.burgwaechterservice.de\/wp-content\/uploads\/2020\/08\/Bullet-3040.jpg\" alt=\"Bullet Kamera BURGcam 3040 von BURG-W\u00c4CHTER im \u00dcberblick\" width=\"735\" height=\"90\" \/><\/span><\/p>\n<h2><span style=\"color: #000000;\">Cam\u00e9ra BURGcam Bullet 3040 avec WiFi, pour int\u00e9rieur et ext\u00e9rieur<\/span><\/h2>\n<p>La cam\u00e9ra BURGcam Bullet 3040 est adapt\u00e9e de mani\u00e8re id\u00e9ale pour les utilisateurs particuliers comme pour les petites entreprises. Gr\u00e2ce \u00e0 <strong>une installation simple et une int\u00e9gration rapide<\/strong> au r\u00e9seau de la maison (LAN ou WLAN), vous avez un acc\u00e8s direct aux prises vid\u00e9os par le biais de l&#8217;application gratuite BURGcam. Par ailleurs, la cam\u00e9ra Bullet est appropri\u00e9 pour une utilisation en int\u00e9rieur et en ext\u00e9rieur de par sa haute r\u00e9sistance aux intemp\u00e9ries <strong>(cat\u00e9gorie de protection IP 67)<\/strong>.<\/p>\n<p>Au niveau technique, la cam\u00e9ra BURGcam Bullet 3040 extr\u00eamement compacte (longueur avec pied : 16,5 cm ; poids : 450 g) offre toutes les capacit\u00e9s de mod\u00e8les bien plus volumineux. Par exemple, la cam\u00e9ra dispose d&#8217;une haute r\u00e9solution de <strong>4 megapixels avec un angle de prise de 100 degr\u00e9s<\/strong>. D&#8217;autre part, la cam\u00e9ra offre la d\u00e9tection de mouvements en zone, la vision nocturne jusqu&#8217;\u00e0 30 m\u00e8tres et la compensation du contre-jour. Le mat\u00e9riel d&#8217;installation et le bloc d&#8217;alimentation sont bien s\u00fbr compris dans la livraison.<strong><br \/>\n<\/strong><\/p>\n<h3>La cam\u00e9ra BURGcam Bullet 3040 en aper\u00e7u<\/h3>\n<ul>\n<li>Solution professionnelle optimis\u00e9e pour le domicile des particuliers<\/li>\n<li>R\u00e9solution : 4\u2009MP (2560 \u00d7 1440 Pixel)<\/li>\n<li>D\u00e9tection de mouvements en zone<\/li>\n<li>Enregistrement sur carte SD jusqu&#8217;\u00e0 256 GB (non fournie)<\/li>\n<li>Acc\u00e8s \u00e0 distance via l&#8217;application gratuite BURGcam (Android, iOS)<\/li>\n<li>R\u00e9sistance aux intemp\u00e9ries pour l&#8217;ext\u00e9rieur (IP 67)<\/li>\n<li>Vision nocturne jusqu&#8217;\u00e0 30\u2009m<\/li>\n<li>Compensation du contre-jour avec une puissance \u00e9lev\u00e9e (BLC, HLC, WDR)<\/li>\n<li>Streaming H.265 optimis\u00e9 pour le WiFi et les prises vid\u00e9o sur long terme<\/li>\n<li>Fonctionnement possible par WLAN et LAN<\/li>\n<li>Cryptage 2.4 GHz b\/g\/n WLAN, WPA2<\/li>\n<li>WiFi jusqu&#8217;\u00e0 50 m dans une zone sans obstacle<\/li>\n<li>Champ de vision grand-angle \u00e0 100 degr\u00e9s<\/li>\n<li>Bloc d&#8217;alimentation et mat\u00e9riel d&#8217;installation fournis<\/li>\n<\/ul>\n<h3><span style=\"color: #000000;\">Compatible avec le syst\u00e8me de foyer intelligent BURGprotect<\/span><\/h3>\n<p><span style=\"color: #000000;\"><strong>Quelque chose d&#8217;\u00e9norm\u00e9ment pratique est la compatibilit\u00e9 avec la gamme <a href=\"https:\/\/test.burgwaechterservice.de\/fr\/burgprotect-foyer-intelligent\/\" target=\"_blank\" rel=\"noopener noreferrer\">BURGprotect\u2122<\/a><\/strong> de BURG-W\u00c4CHTER. D\u00e8s \u00e0 pr\u00e9sent, vous pouvez utiliser conjointement le syst\u00e8me d&#8217;alarme pour foyer intelligent ainsi que la cam\u00e9ra de surveillance BURGcam Bullet 3040. Soit par l&#8217;application BURGcam, soit par l&#8217;application\u00a0 <a href=\"https:\/\/test.burgwaechterservice.de\/fr\/p\/foyer-intelligent\/appli-burgprotect\/\" target=\"_blank\" rel=\"noopener noreferrer\">BURGprotect\u2122<\/a>. Toutes les deux sont t\u00e9l\u00e9chargeable gratuitement, pour iOS et Android, dans votre magasin d&#8217;applications.<\/span><\/p>\n<p><strong><span style=\"color: #000000;\">Les applications suivantes sont disponibles gratuitement :<\/span><\/strong><\/p>\n<p>&nbsp;<\/p>\n<table style=\"height: 321px;\" width=\"1203\">\n<tbody>\n<tr>\n<td width=\"84\"><span style=\"color: #000000;\"><strong>Nom de l&#8217;application<\/strong><\/span><\/td>\n<td width=\"130\"><span style=\"color: #000000;\"><strong>BURGcam Pro<\/strong><\/span><\/td>\n<\/tr>\n<tr>\n<td width=\"84\"><span style=\"color: #000000;\">Appareil<\/span><\/td>\n<td width=\"130\">\u00a0<span style=\"color: #000000;\">Smartphone<\/span><\/td>\n<\/tr>\n<tr>\n<td width=\"84\"><span style=\"color: #000000;\">Fonctionnalit\u00e9s<\/span><\/td>\n<td width=\"130\"><span style=\"color: #000000;\">Fonctionnalit\u00e9s \u00e9largies, par ex. param\u00e8tres image<\/span><\/p>\n<p><span style=\"color: #000000;\">Qualit\u00e9 de streaming,<\/span><\/p>\n<p><span style=\"color: #000000;\">Messages d&#8217;alerte<br \/>\n<\/span><\/td>\n<\/tr>\n<tr>\n<td width=\"84\"><span style=\"color: #000000;\">Syst\u00e8me<\/span><\/td>\n<td width=\"130\"><span style=\"color: #000000;\">iOS, Android<\/span><\/td>\n<\/tr>\n<tr>\n<td width=\"84\"><span style=\"color: #000000;\">Magasin d&#8217;applications<\/span><\/td>\n<td width=\"130\"><span style=\"color: #000000;\"><a style=\"color: #000000;\" href=\"https:\/\/itunes.apple.com\/de\/app\/burg-cam-pro\/id1015183113?mt=8\" target=\"_blank\" rel=\"noopener noreferrer\"><img decoding=\"async\" class=\"alignnone wp-image-35794\" src=\"https:\/\/test.burgwaechterservice.de\/wp-content\/uploads\/2016\/08\/App-Store.png\" alt=\"app-store\" width=\"128\" height=\"39\" \/><\/a><a style=\"color: #000000;\" href=\"https:\/\/play.google.com\/store\/apps\/details?id=com.mm.android.direct.burgcampro\" target=\"_blank\" rel=\"noopener noreferrer\"><img decoding=\"async\" class=\"alignnone wp-image-35796\" src=\"https:\/\/test.burgwaechterservice.de\/wp-content\/uploads\/2016\/08\/Google-Play-store-Kopie.png\" alt=\"google-play-store-kopie\" width=\"128\" height=\"43\" \/><\/a><\/span><\/td>\n<\/tr>\n<\/tbody>\n<\/table>\n<p>&nbsp;<\/p>\n","protected":false},"excerpt":{"rendered":"<p>Cam\u00e9ra BURGcam Bullet 3040 avec WiFi, pour int\u00e9rieur et ext\u00e9rieur La cam\u00e9ra BURGcam Bullet 3040 est adapt\u00e9e de mani\u00e8re id\u00e9ale pour les utilisateurs particuliers comme pour les petites entreprises. Gr\u00e2ce \u00e0 une installation simple et une int\u00e9gration rapide au r\u00e9seau &hellip; <a class=\"kt-excerpt-readmore\" href=\"https:\/\/test.burgwaechterservice.de\/fr\/p\/videosurveillance\/burgcam-3040\/\" aria-label=\"Cam\u00e9ra BURGcam BULLET 3040\">Lire la suite<\/a><\/p>\n","protected":false},"featured_media":466941,"comment_status":"closed","ping_status":"closed","template":"","meta":[],"product_cat":[586],"product_tag":[582],"yoast_head":"<!-- This site is optimized with the Yoast SEO Premium plugin v18.4 (Yoast SEO v19.13) - https:\/\/yoast.com\/wordpress\/plugins\/seo\/ -->\n<title>Cam\u00e9ra 4 Megapixels BURGcam Bullet 3040 | par BURG-W\u00c4CHTER<\/title>\n<meta name=\"description\" content=\"Cam\u00e9ra BURGcam Bullet 3040 avec WiFi, pour int\u00e9rieur et ext\u00e9rieur. Acc\u00e8s \u00e0 distance par smartphone et acc\u00e8s local via le navigateur internet.\" \/>\n<meta name=\"robots\" content=\"index, follow, max-snippet:-1, max-image-preview:large, max-video-preview:-1\" \/>\n<link rel=\"canonical\" href=\"https:\/\/test.burgwaechterservice.de\/fr\/p\/videosurveillance\/burgcam-3040\/\" \/>\n<meta property=\"og:locale\" content=\"fr_FR\" \/>\n<meta property=\"og:type\" content=\"article\" \/>\n<meta property=\"og:title\" content=\"Cam\u00e9ra BURGcam BULLET 3040\" \/>\n<meta property=\"og:description\" content=\"Cam\u00e9ra BURGcam Bullet 3040 avec WiFi, pour int\u00e9rieur et ext\u00e9rieur. Acc\u00e8s \u00e0 distance par smartphone et acc\u00e8s local via le navigateur internet.\" \/>\n<meta property=\"og:url\" content=\"https:\/\/test.burgwaechterservice.de\/fr\/p\/videosurveillance\/burgcam-3040\/\" \/>\n<meta property=\"og:site_name\" content=\"Burg-W\u00e4chter France\" \/>\n<meta property=\"article:modified_time\" content=\"2021-08-12T13:02:58+00:00\" \/>\n<meta property=\"og:image\" content=\"https:\/\/test.burgwaechterservice.de\/fr\/wp-content\/uploads\/sites\/4\/2020\/11\/BURGcamBULLET3040.jpg\" \/>\n\t<meta property=\"og:image:width\" content=\"1000\" \/>\n\t<meta property=\"og:image:height\" content=\"1000\" \/>\n\t<meta property=\"og:image:type\" content=\"image\/jpeg\" \/>\n<meta name=\"twitter:card\" content=\"summary_large_image\" \/>\n<meta name=\"twitter:label1\" content=\"Dur\u00e9e de lecture estim\u00e9e\" \/>\n\t<meta name=\"twitter:data1\" content=\"2 minutes\" \/>\n<!-- \/ Yoast SEO Premium plugin. -->","yoast_head_json":{"title":"Cam\u00e9ra 4 Megapixels BURGcam Bullet 3040 | par BURG-W\u00c4CHTER","description":"Cam\u00e9ra BURGcam Bullet 3040 avec WiFi, pour int\u00e9rieur et ext\u00e9rieur. Acc\u00e8s \u00e0 distance par smartphone et acc\u00e8s local via le navigateur internet.","robots":{"index":"index","follow":"follow","max-snippet":"max-snippet:-1","max-image-preview":"max-image-preview:large","max-video-preview":"max-video-preview:-1"},"canonical":"https:\/\/test.burgwaechterservice.de\/fr\/p\/videosurveillance\/burgcam-3040\/","og_locale":"fr_FR","og_type":"article","og_title":"Cam\u00e9ra BURGcam BULLET 3040","og_description":"Cam\u00e9ra BURGcam Bullet 3040 avec WiFi, pour int\u00e9rieur et ext\u00e9rieur. Acc\u00e8s \u00e0 distance par smartphone et acc\u00e8s local via le navigateur internet.","og_url":"https:\/\/test.burgwaechterservice.de\/fr\/p\/videosurveillance\/burgcam-3040\/","og_site_name":"Burg-W\u00e4chter France","article_modified_time":"2021-08-12T13:02:58+00:00","og_image":[{"width":1000,"height":1000,"url":"https:\/\/test.burgwaechterservice.de\/fr\/wp-content\/uploads\/sites\/4\/2020\/11\/BURGcamBULLET3040.jpg","type":"image\/jpeg"}],"twitter_card":"summary_large_image","twitter_misc":{"Dur\u00e9e de lecture estim\u00e9e":"2 minutes"},"schema":{"@context":"https:\/\/schema.org","@graph":[{"@type":"WebPage","@id":"https:\/\/test.burgwaechterservice.de\/fr\/p\/videosurveillance\/burgcam-3040\/","url":"https:\/\/test.burgwaechterservice.de\/fr\/p\/videosurveillance\/burgcam-3040\/","name":"Cam\u00e9ra 4 Megapixels BURGcam Bullet 3040 | par BURG-W\u00c4CHTER","isPartOf":{"@id":"https:\/\/test.burgwaechterservice.de\/fr\/#website"},"datePublished":"2020-11-06T10:40:24+00:00","dateModified":"2021-08-12T13:02:58+00:00","description":"Cam\u00e9ra BURGcam Bullet 3040 avec WiFi, pour int\u00e9rieur et ext\u00e9rieur. Acc\u00e8s \u00e0 distance par smartphone et acc\u00e8s local via le navigateur internet.","breadcrumb":{"@id":"https:\/\/test.burgwaechterservice.de\/fr\/p\/videosurveillance\/burgcam-3040\/#breadcrumb"},"inLanguage":"fr-FR","potentialAction":[{"@type":"ReadAction","target":["https:\/\/test.burgwaechterservice.de\/fr\/p\/videosurveillance\/burgcam-3040\/"]}]},{"@type":"BreadcrumbList","@id":"https:\/\/test.burgwaechterservice.de\/fr\/p\/videosurveillance\/burgcam-3040\/#breadcrumb","itemListElement":[{"@type":"ListItem","position":1,"name":"Accueil","item":"https:\/\/test.burgwaechterservice.de\/fr\/"},{"@type":"ListItem","position":2,"name":"Produits","item":"https:\/\/test.burgwaechterservice.de\/fr\/p\/"},{"@type":"ListItem","position":3,"name":"Cam\u00e9ra BURGcam BULLET 3040"}]},{"@type":"WebSite","@id":"https:\/\/test.burgwaechterservice.de\/fr\/#website","url":"https:\/\/test.burgwaechterservice.de\/fr\/","name":"Burg-W\u00e4chter France","description":"Le choix le plus s\u00fbr!","potentialAction":[{"@type":"SearchAction","target":{"@type":"EntryPoint","urlTemplate":"https:\/\/test.burgwaechterservice.de\/fr\/?s={search_term_string}"},"query-input":"required name=search_term_string"}],"inLanguage":"fr-FR"}]}},"_links":{"self":[{"href":"https:\/\/test.burgwaechterservice.de\/fr\/wp-json\/wp\/v2\/product\/466940"}],"collection":[{"href":"https:\/\/test.burgwaechterservice.de\/fr\/wp-json\/wp\/v2\/product"}],"about":[{"href":"https:\/\/test.burgwaechterservice.de\/fr\/wp-json\/wp\/v2\/types\/product"}],"replies":[{"embeddable":true,"href":"https:\/\/test.burgwaechterservice.de\/fr\/wp-json\/wp\/v2\/comments?post=466940"}],"wp:featuredmedia":[{"embeddable":true,"href":"https:\/\/test.burgwaechterservice.de\/fr\/wp-json\/wp\/v2\/media\/466941"}],"wp:attachment":[{"href":"https:\/\/test.burgwaechterservice.de\/fr\/wp-json\/wp\/v2\/media?parent=466940"}],"wp:term":[{"taxonomy":"product_cat","embeddable":true,"href":"https:\/\/test.burgwaechterservice.de\/fr\/wp-json\/wp\/v2\/product_cat?post=466940"},{"taxonomy":"product_tag","embeddable":true,"href":"https:\/\/test.burgwaechterservice.de\/fr\/wp-json\/wp\/v2\/product_tag?post=466940"}],"curies":[{"name":"wp","href":"https:\/\/api.w.org\/{rel}","templated":true}]}}