{"id":466938,"date":"2020-11-06T11:39:49","date_gmt":"2020-11-06T10:39:49","guid":{"rendered":"https:\/\/www.burg.biz\/fr\/p\/videosurveillance\/burgcam-dome\/"},"modified":"2020-12-18T07:52:33","modified_gmt":"2020-12-18T06:52:33","slug":"burgcam-dome","status":"publish","type":"product","link":"https:\/\/test.burgwaechterservice.de\/fr\/p\/videosurveillance\/burgcam-dome\/","title":{"rendered":"Cam\u00e9ra BURGcam DOME 3030"},"content":{"rendered":"<p>&nbsp;<\/p>\n<p><a href=\"https:\/\/test.burgwaechterservice.de\/?attachment_id=549517\" rel=\"attachment wp-att-549517\"><img fetchpriority=\"high\" decoding=\"async\" class=\"size-full wp-image-549517 alignnone\" src=\"https:\/\/test.burgwaechterservice.de\/wp-content\/uploads\/2020\/10\/BURGcam-Dome-3030-Piktos.jpg\" alt=\"BURGcam Dome 3030 Piktos\" width=\"766\" height=\"100\" \/><\/a><\/p>\n<h2>Cam\u00e9ra WiFi BURGcam Dome 3030 pour int\u00e9rieur et ext\u00e9rieur<\/h2>\n<p>Les cam\u00e9ras WiFi (WLAN) de la gamme BURGcam sont petites, <strong>passent inaper\u00e7u et sont simples d&#8217;utilisation<\/strong>. Ainsi, elles sont utilisables de mani\u00e8re id\u00e9ale pour les petits bureaux et magasins ainsi que dans le priv\u00e9. Gr\u00e2ce \u00e0 la haute cat\u00e9gorie IP 67, les cam\u00e9ras DOME BURGcam 3030 sont utilisables aussi bien en int\u00e9rieur qu&#8217;en ext\u00e9rieur. En cas d&#8217;alarme identifi\u00e9e, vous pouvez recevoir des <strong>messages d&#8217;alertes sur votre smartphone<\/strong> ou votre tablette. Bien s\u00fbr, l&#8217;application est disponible gratuitement pour iOS et Android.<\/p>\n<p>La cam\u00e9ra BURGcam Dome 3030 est convainc de par ses caract\u00e9ristiques techniques modernes. Par exemple, la cam\u00e9ra vid\u00e9o offre un <strong>champ de vision \u00e0 100 degr\u00e9s alli\u00e9 \u00e0 une r\u00e9solution HD 4MP<\/strong>. Gr\u00e2ce au rayon infrarouge int\u00e9gr\u00e9 avec une port\u00e9e allant jusqu&#8217;\u00e0 20 m\u00e8tres, la cam\u00e9ra Dome est adapt\u00e9e au mieux, m\u00eame dans l&#8217;obscurit\u00e9. Par ailleurs, la <strong>compensation du contre-jour<\/strong> assure des images utilisables, m\u00eame dans des conditions d&#8217;\u00e9clairage difficiles. La coque de la BURGcam Dome 3030 est prot\u00e9g\u00e9 contre le vandalisme conform\u00e9ment \u00e0 IK 10. La cam\u00e9ra est adapt\u00e9e pour une installation murale ou au plafond. Sa taille limit\u00e9e de 110 x 81 mm assure sur ce point une int\u00e9gration harmonieuse.<\/p>\n<h2>La BURGcam 3030 en aper\u00e7u<\/h2>\n<ul>\n<li>R\u00e9solution HD 4MP (2560 x 1440)<\/li>\n<li>Acc\u00e8s \u00e0 distance par application BURGcam App (smartphones et tablettes Android et Apple)<\/li>\n<li>Acc\u00e8s local via le navigateur internet du PC<\/li>\n<li>Champ de vision grand-angle \u00e0 100\u00b0<\/li>\n<li>D\u00e9tection de mouvements en zones<\/li>\n<li>Vision nocturne infrarouge (port\u00e9e IR) jusqu&#8217;\u00e0 20\u2009m<\/li>\n<li>Adapt\u00e9e pour l&#8217;utilisation en ext\u00e9rieur (IP67)<\/li>\n<li>Compensation du contre-jour professionnelle avec une puissance \u00e9lev\u00e9e<\/li>\n<li>Streaming vid\u00e9o H.265 optimis\u00e9 pour le WLAN et les prises vid\u00e9o de longue dur\u00e9e<\/li>\n<li>Solution professionnelle optimale pour la maison<\/li>\n<li>Fonctionnement possible par WLAN ou LAN<\/li>\n<li>Fente pour cartes MicroSD, jusqu&#8217;\u00e0 256\u2009GB (carte non fournie)<\/li>\n<li>Bloc d&#8217;alimentation fourni<\/li>\n<\/ul>\n<h3>Compatible avec le syst\u00e8me de foyer intelligent BURGprotect<\/h3>\n<p><strong>Une chose d&#8217;\u00e9norm\u00e9ment pratique est la compatibilit\u00e9 avec la gamme <a href=\"https:\/\/test.burgwaechterservice.de\/fr\/burgprotect-foyer-intelligent\/\" target=\"_blank\" rel=\"noopener noreferrer\">BURGprotect\u2122 Serie<\/a><\/strong> de BURG-W\u00c4CHTER. Vous pouvez d\u00e8s \u00e0 pr\u00e9sent utiliser conjointement le syst\u00e8me d&#8217;alarme de foyer intelligent ainsi que la cam\u00e9ra de surveillance BURGcam Dome 3030. Soit par le biais de l&#8217;application BURGcam, soit par l&#8217;application <a href=\"https:\/\/test.burgwaechterservice.de\/fr\/p\/foyer-intelligent\/appli-burgprotect\/\" target=\"_blank\" rel=\"noopener noreferrer\">BURGprotect\u2122<\/a>. Vous pouvez les t\u00e9l\u00e9charger toutes deux gratuitement pour iOS et Android dans votre magasin d&#8217;applications.<\/p>\n<p><strong>Les applications suivantes sont disponibles gratuitement :<\/strong><\/p>\n<table width=\"1203\">\n<tbody>\n<tr>\n<td width=\"84\"><strong>Nom de l&#8217;application<br \/>\n<\/strong><\/td>\n<td width=\"130\"><strong>BURGcam Pro<\/strong><\/td>\n<\/tr>\n<tr>\n<td width=\"84\">Appareil<\/td>\n<td width=\"130\">\u00a0Smartphone<\/td>\n<\/tr>\n<tr>\n<td width=\"84\">Fonctionnalit\u00e9s<\/td>\n<td width=\"130\">Fonctionnalit\u00e9s \u00e9largies, par ex. les param\u00e8tres d&#8217;image,<\/p>\n<p>la qualit\u00e9 de visionnage,<\/p>\n<p>les messages d&#8217;alerte<\/td>\n<\/tr>\n<tr>\n<td width=\"84\">Syst\u00e8me<\/td>\n<td width=\"130\">iOS, Android<\/td>\n<\/tr>\n<tr>\n<td width=\"84\">Magasin d&#8217;applications<\/td>\n<td width=\"130\"><a href=\"https:\/\/itunes.apple.com\/de\/app\/burg-cam-pro\/id1015183113?mt=8\" target=\"_blank\" rel=\"noopener noreferrer\"><img decoding=\"async\" class=\"alignnone wp-image-35794\" src=\"https:\/\/test.burgwaechterservice.de\/wp-content\/uploads\/2016\/08\/App-Store.png\" alt=\"app-store\" width=\"128\" height=\"39\" \/><\/a><a href=\"https:\/\/play.google.com\/store\/apps\/details?id=com.mm.android.direct.burgcampro\" target=\"_blank\" rel=\"noopener noreferrer\"><img decoding=\"async\" class=\"alignnone wp-image-35796\" src=\"https:\/\/test.burgwaechterservice.de\/wp-content\/uploads\/2016\/08\/Google-Play-store-Kopie.png\" alt=\"google-play-store-kopie\" width=\"128\" height=\"43\" \/><\/a><\/td>\n<\/tr>\n<\/tbody>\n<\/table>\n","protected":false},"excerpt":{"rendered":"<p>&nbsp; Cam\u00e9ra WiFi BURGcam Dome 3030 pour int\u00e9rieur et ext\u00e9rieur Les cam\u00e9ras WiFi (WLAN) de la gamme BURGcam sont petites, passent inaper\u00e7u et sont simples d&#8217;utilisation. Ainsi, elles sont utilisables de mani\u00e8re id\u00e9ale pour les petits bureaux et magasins ainsi &hellip; <a class=\"kt-excerpt-readmore\" href=\"https:\/\/test.burgwaechterservice.de\/fr\/p\/videosurveillance\/burgcam-dome\/\" aria-label=\"Cam\u00e9ra BURGcam DOME 3030\">Lire la suite<\/a><\/p>\n","protected":false},"featured_media":466939,"comment_status":"closed","ping_status":"closed","template":"","meta":[],"product_cat":[586],"product_tag":[7943,582],"yoast_head":"<!-- This site is optimized with the Yoast SEO Premium plugin v18.4 (Yoast SEO v19.13) - https:\/\/yoast.com\/wordpress\/plugins\/seo\/ -->\n<title>BURGcam DOME 3030 de Burg-W\u00e4chter | La cam\u00e9ra WiFi pratique<\/title>\n<meta name=\"description\" content=\"La cam\u00e9ra BURGcam DOME 3030 pour int\u00e9rieur et ext\u00e9rieur. Simple \u00e0 int\u00e9grer au r\u00e9seau WiFi et acc\u00e8s \u00e0 distance par smartphone et tablette.\" \/>\n<meta name=\"robots\" content=\"index, follow, max-snippet:-1, max-image-preview:large, max-video-preview:-1\" \/>\n<link rel=\"canonical\" href=\"https:\/\/test.burgwaechterservice.de\/fr\/p\/videosurveillance\/burgcam-dome\/\" \/>\n<meta property=\"og:locale\" content=\"fr_FR\" \/>\n<meta property=\"og:type\" content=\"article\" \/>\n<meta property=\"og:title\" content=\"Cam\u00e9ra BURGcam DOME 3030\" \/>\n<meta property=\"og:description\" content=\"La cam\u00e9ra BURGcam DOME 3030 pour int\u00e9rieur et ext\u00e9rieur. Simple \u00e0 int\u00e9grer au r\u00e9seau WiFi et acc\u00e8s \u00e0 distance par smartphone et tablette.\" \/>\n<meta property=\"og:url\" content=\"https:\/\/test.burgwaechterservice.de\/fr\/p\/videosurveillance\/burgcam-dome\/\" \/>\n<meta property=\"og:site_name\" content=\"Burg-W\u00e4chter France\" \/>\n<meta property=\"article:modified_time\" content=\"2020-12-18T06:52:33+00:00\" \/>\n<meta property=\"og:image\" content=\"https:\/\/test.burgwaechterservice.de\/fr\/wp-content\/uploads\/sites\/4\/2020\/11\/BURGcam-Dome-3030-1.jpg\" \/>\n\t<meta property=\"og:image:width\" content=\"1000\" \/>\n\t<meta property=\"og:image:height\" content=\"1000\" \/>\n\t<meta property=\"og:image:type\" content=\"image\/jpeg\" \/>\n<meta name=\"twitter:card\" content=\"summary_large_image\" \/>\n<meta name=\"twitter:label1\" content=\"Dur\u00e9e de lecture estim\u00e9e\" \/>\n\t<meta name=\"twitter:data1\" content=\"2 minutes\" \/>\n<!-- \/ Yoast SEO Premium plugin. -->","yoast_head_json":{"title":"BURGcam DOME 3030 de Burg-W\u00e4chter | La cam\u00e9ra WiFi pratique","description":"La cam\u00e9ra BURGcam DOME 3030 pour int\u00e9rieur et ext\u00e9rieur. Simple \u00e0 int\u00e9grer au r\u00e9seau WiFi et acc\u00e8s \u00e0 distance par smartphone et tablette.","robots":{"index":"index","follow":"follow","max-snippet":"max-snippet:-1","max-image-preview":"max-image-preview:large","max-video-preview":"max-video-preview:-1"},"canonical":"https:\/\/test.burgwaechterservice.de\/fr\/p\/videosurveillance\/burgcam-dome\/","og_locale":"fr_FR","og_type":"article","og_title":"Cam\u00e9ra BURGcam DOME 3030","og_description":"La cam\u00e9ra BURGcam DOME 3030 pour int\u00e9rieur et ext\u00e9rieur. Simple \u00e0 int\u00e9grer au r\u00e9seau WiFi et acc\u00e8s \u00e0 distance par smartphone et tablette.","og_url":"https:\/\/test.burgwaechterservice.de\/fr\/p\/videosurveillance\/burgcam-dome\/","og_site_name":"Burg-W\u00e4chter France","article_modified_time":"2020-12-18T06:52:33+00:00","og_image":[{"width":1000,"height":1000,"url":"https:\/\/test.burgwaechterservice.de\/fr\/wp-content\/uploads\/sites\/4\/2020\/11\/BURGcam-Dome-3030-1.jpg","type":"image\/jpeg"}],"twitter_card":"summary_large_image","twitter_misc":{"Dur\u00e9e de lecture estim\u00e9e":"2 minutes"},"schema":{"@context":"https:\/\/schema.org","@graph":[{"@type":"WebPage","@id":"https:\/\/test.burgwaechterservice.de\/fr\/p\/videosurveillance\/burgcam-dome\/","url":"https:\/\/test.burgwaechterservice.de\/fr\/p\/videosurveillance\/burgcam-dome\/","name":"BURGcam DOME 3030 de Burg-W\u00e4chter | La cam\u00e9ra WiFi pratique","isPartOf":{"@id":"https:\/\/test.burgwaechterservice.de\/fr\/#website"},"datePublished":"2020-11-06T10:39:49+00:00","dateModified":"2020-12-18T06:52:33+00:00","description":"La cam\u00e9ra BURGcam DOME 3030 pour int\u00e9rieur et ext\u00e9rieur. Simple \u00e0 int\u00e9grer au r\u00e9seau WiFi et acc\u00e8s \u00e0 distance par smartphone et tablette.","breadcrumb":{"@id":"https:\/\/test.burgwaechterservice.de\/fr\/p\/videosurveillance\/burgcam-dome\/#breadcrumb"},"inLanguage":"fr-FR","potentialAction":[{"@type":"ReadAction","target":["https:\/\/test.burgwaechterservice.de\/fr\/p\/videosurveillance\/burgcam-dome\/"]}]},{"@type":"BreadcrumbList","@id":"https:\/\/test.burgwaechterservice.de\/fr\/p\/videosurveillance\/burgcam-dome\/#breadcrumb","itemListElement":[{"@type":"ListItem","position":1,"name":"Accueil","item":"https:\/\/test.burgwaechterservice.de\/fr\/"},{"@type":"ListItem","position":2,"name":"Produits","item":"https:\/\/test.burgwaechterservice.de\/fr\/p\/"},{"@type":"ListItem","position":3,"name":"Cam\u00e9ra BURGcam DOME 3030"}]},{"@type":"WebSite","@id":"https:\/\/test.burgwaechterservice.de\/fr\/#website","url":"https:\/\/test.burgwaechterservice.de\/fr\/","name":"Burg-W\u00e4chter France","description":"Le choix le plus s\u00fbr!","potentialAction":[{"@type":"SearchAction","target":{"@type":"EntryPoint","urlTemplate":"https:\/\/test.burgwaechterservice.de\/fr\/?s={search_term_string}"},"query-input":"required name=search_term_string"}],"inLanguage":"fr-FR"}]}},"_links":{"self":[{"href":"https:\/\/test.burgwaechterservice.de\/fr\/wp-json\/wp\/v2\/product\/466938"}],"collection":[{"href":"https:\/\/test.burgwaechterservice.de\/fr\/wp-json\/wp\/v2\/product"}],"about":[{"href":"https:\/\/test.burgwaechterservice.de\/fr\/wp-json\/wp\/v2\/types\/product"}],"replies":[{"embeddable":true,"href":"https:\/\/test.burgwaechterservice.de\/fr\/wp-json\/wp\/v2\/comments?post=466938"}],"wp:featuredmedia":[{"embeddable":true,"href":"https:\/\/test.burgwaechterservice.de\/fr\/wp-json\/wp\/v2\/media\/466939"}],"wp:attachment":[{"href":"https:\/\/test.burgwaechterservice.de\/fr\/wp-json\/wp\/v2\/media?parent=466938"}],"wp:term":[{"taxonomy":"product_cat","embeddable":true,"href":"https:\/\/test.burgwaechterservice.de\/fr\/wp-json\/wp\/v2\/product_cat?post=466938"},{"taxonomy":"product_tag","embeddable":true,"href":"https:\/\/test.burgwaechterservice.de\/fr\/wp-json\/wp\/v2\/product_tag?post=466938"}],"curies":[{"name":"wp","href":"https:\/\/api.w.org\/{rel}","templated":true}]}}