{"id":466931,"date":"2020-11-06T11:28:58","date_gmt":"2020-11-06T10:28:58","guid":{"rendered":"https:\/\/www.burg.biz\/fr\/p\/cadenas-antivols-verrous\/ancre-de-securite\/"},"modified":"2021-08-11T10:13:46","modified_gmt":"2021-08-11T08:13:46","slug":"ancre-de-securite","status":"publish","type":"product","link":"https:\/\/test.burgwaechterservice.de\/fr\/p\/cadenas-et-porte-cadenas\/ancre-de-securite\/","title":{"rendered":"Ancre de s\u00e9curit\u00e9"},"content":{"rendered":"<p><img fetchpriority=\"high\" decoding=\"async\" class=\"alignnone wp-image-539679\" src=\"https:\/\/test.burgwaechterservice.de\/wp-content\/uploads\/2020\/09\/Piktos-Anker.jpg.png\" alt=\"\" width=\"640\" height=\"87\" \/><\/p>\n<h2>Avec l&#8217;ancre de s\u00e9curit\u00e9, tout reste \u00e0 sa place !<\/h2>\n<p>Les v\u00e9los \u00e9lectriques haute qualit\u00e9, les scooters ou le mobilier ext\u00e9rieur sont un butin tr\u00e8s recherch\u00e9 par les voleurs. Pour que ces objets ne soit pas &#8211; lorsqu&#8217;ils ne sont pas attach\u00e9s \u00e0 quelque chose de mani\u00e8re s\u00e9curis\u00e9e &#8211;\u00a0 simplement emport\u00e9s et leur antivol forc\u00e9 dans un autre endroit, l&#8217;ancre de s\u00e9curit\u00e9 massive assure la protection contre le vol. En effet, elle offre <strong>une s\u00e9curit\u00e9 extra avec une installation simple<\/strong>. Pour qu&#8217;\u00e0 l&#8217;avenir vous puissiez fixer vos bien avec l&#8217;ancre de fixation au sol et un <a href=\"https:\/\/test.burgwaechterservice.de\/fr\/c\/cadenas-antivols-verrous\/antivol-velo\/cable-antivol\/\">c\u00e2ble<\/a> ou une <a href=\"https:\/\/test.burgwaechterservice.de\/fr\/c\/cadenas-antivols-verrous\/antivol-velo\/chaine-antivol-moto\/\">cha\u00eene<\/a> antivol.<\/p>\n<h3>Possibilit\u00e9 de combiner plusieurs ancres de fixation au sol<\/h3>\n<p>C&#8217;est aussi pour les \u00e9chelles, outils de jardin ou de chantier que vous cr\u00e9ez un endroit s\u00fbr avec l&#8217;ancre de s\u00e9curit\u00e9. Vous pouvez en m\u00eame temps combiner plusieurs ancres de sol. Par exemple afin de former un parking pour v\u00e9lo. Bien s\u00fbr, l&#8217;ancre de s\u00e9curit\u00e9 peut non seulement \u00eatre <strong>fix\u00e9e dans le sol, mais aussi dans un mur<\/strong>.<\/p>\n<h3>L&#8217;ancre de s\u00e9curit\u00e9 1180 et 1280 au choix<\/h3>\n<p>Pour l&#8217;ancre de fixation au sol, vous avez le choix entre deux mod\u00e8les diff\u00e9rents. L&#8217;ancre de s\u00e9curit\u00e9 <strong>SA1180 dispose d&#8217;une plaque et d&#8217;un arceau en acier durci<\/strong> ainsi que de goujons d&#8217;ancrage d&#8217;une \u00e9paisseur de 6 mm recouverts et prot\u00e9g\u00e9s contre l&#8217;intrusion. C&#8217;est \u00e0 l&#8217;aide d&#8217;un <a href=\"https:\/\/test.burgwaechterservice.de\/fr\/c\/cadenas-antivols-verrous\/antivol-velo\/cable-antivol\/\">c\u00e2ble antivol<\/a> ou d&#8217;un <a href=\"https:\/\/test.burgwaechterservice.de\/fr\/c\/cadenas-antivols-verrous\/cadenas\/\">cadenas<\/a> que vous pouvez fixer vos objets.<\/p>\n<p>D&#8217;autre part,<strong> l&#8217;ancre de s\u00e9curit\u00e9 SA1280, encore plus grande et plus massive, pr\u00e9sente une plaque d&#8217;acier durcie \u00e9paisse de 6 mm<\/strong>. Ainsi, vos objets trouvent un lieu s\u00fbr o\u00f9 &#8220;s&#8217;amarrer&#8221; \u00e0 l&#8217;ext\u00e9rieur. Vous ancrez ce mod\u00e8le avec des goujons \u00e9pais de 10 mm prot\u00e9g\u00e9s contre l&#8217;intrusion. L&#8217;arceau de l&#8217;ancre de fixation au sol sert \u00e0 l&#8217;attache par <a href=\"https:\/\/test.burgwaechterservice.de\/fr\/c\/cadenas-antivols-verrous\/antivol-velo\/chaine-antivol-moto\/\">cha\u00eene antivol<\/a> ou <a href=\"https:\/\/test.burgwaechterservice.de\/c\/schloss-riegel\/fahrradschloss\/buegelschloss\/\">antivol en U<\/a>.<\/p>\n<h5>L&#8217;ancre de s\u00e9curit\u00e9 SA1180<\/h5>\n<ul>\n<li>Pour fixation murale ou au sol<\/li>\n<li>Plaque d&#8217;ancrage et arceau en acier durci<\/li>\n<li>Avec des goujons d&#8217;ancrage \u00e9pais de 6 mm et prot\u00e9g\u00e9s contre les influences ext\u00e9rieures<\/li>\n<li>Vissage recouvert, avec plaque arri\u00e8re optionnelle pour une installation de part en part<\/li>\n<li>Mat\u00e9riel d&#8217;installation inclus<\/li>\n<li>Couleur : noir, arceau : acier<\/li>\n<li>Pour s\u00e9curiser des v\u00e9lo et motos, des meubles de jardin et des outils, des poubelles ou objets de chantier<\/li>\n<\/ul>\n<h5>L&#8217;ancre de s\u00e9curit\u00e9 SA1280<\/h5>\n<ul>\n<li>Pour fixation murale ou au sol<\/li>\n<li>Plaque d&#8217;acier durci, \u00e9paisseur 6 mm<\/li>\n<li>Avec des goujons d&#8217;ancrage \u00e9pais de 10 mm, prot\u00e9g\u00e9s contres les influences ext\u00e9rieures<\/li>\n<li>Mat\u00e9riel d&#8217;installation inclus<\/li>\n<li>Couleur : noir<\/li>\n<li>Pour s\u00e9curiser des v\u00e9lo et motos, des meubles de jardin et des outils, des poubelles ou objets de chantier<\/li>\n<\/ul>\n<p>&nbsp;<\/p>\n<h4>D\u00e9tails techniques<\/h4>\n<table class=\"ausfuehrung\">\n<thead>\n<tr>\n<td>Article<\/td>\n<td>Dimensions h x l (mm)<\/td>\n<td>Poids (g)<\/td>\n<\/tr>\n<\/thead>\n<tbody>\n<tr>\n<td>SA1180<\/td>\n<td>53,5 x 108,0<\/td>\n<td>553<\/td>\n<\/tr>\n<tr>\n<td>SA1280<\/td>\n<td>80,0 x 150,0<\/td>\n<td>975<\/td>\n<\/tr>\n<\/tbody>\n<\/table>\n","protected":false},"excerpt":{"rendered":"<p>Avec l&#8217;ancre de s\u00e9curit\u00e9, tout reste \u00e0 sa place ! Les v\u00e9los \u00e9lectriques haute qualit\u00e9, les scooters ou le mobilier ext\u00e9rieur sont un butin tr\u00e8s recherch\u00e9 par les voleurs. Pour que ces objets ne soit pas &#8211; lorsqu&#8217;ils ne sont &hellip; <a class=\"kt-excerpt-readmore\" href=\"https:\/\/test.burgwaechterservice.de\/fr\/p\/cadenas-et-porte-cadenas\/ancre-de-securite\/\" aria-label=\"Ancre de s\u00e9curit\u00e9\">Lire la suite<\/a><\/p>\n","protected":false},"featured_media":466932,"comment_status":"closed","ping_status":"closed","template":"","meta":[],"product_cat":[30,7942],"product_tag":[],"yoast_head":"<!-- This site is optimized with the Yoast SEO Premium plugin v18.4 (Yoast SEO v19.13) - https:\/\/yoast.com\/wordpress\/plugins\/seo\/ -->\n<title>Point de s\u00e9curit\u00e9 pour scooters, v\u00e9los \u00e9lectriques, meubles de jardin, etc<\/title>\n<meta name=\"description\" content=\"L&#039;ancre de s\u00e9curit\u00e9 massive du fabricant BURG-W\u00c4CHTER offre une protection optimale contre le vol. Ancrage au sol de vos objets d&#039;ext\u00e9rieur.\" \/>\n<meta name=\"robots\" content=\"index, follow, max-snippet:-1, max-image-preview:large, max-video-preview:-1\" \/>\n<link rel=\"canonical\" href=\"https:\/\/test.burgwaechterservice.de\/fr\/p\/cadenas-et-porte-cadenas\/ancre-de-securite\/\" \/>\n<meta property=\"og:locale\" content=\"fr_FR\" \/>\n<meta property=\"og:type\" content=\"article\" \/>\n<meta property=\"og:title\" content=\"Ancre de s\u00e9curit\u00e9\" \/>\n<meta property=\"og:description\" content=\"L&#039;ancre de s\u00e9curit\u00e9 massive du fabricant BURG-W\u00c4CHTER offre une protection optimale contre le vol. Ancrage au sol de vos objets d&#039;ext\u00e9rieur.\" \/>\n<meta property=\"og:url\" content=\"https:\/\/test.burgwaechterservice.de\/fr\/p\/cadenas-et-porte-cadenas\/ancre-de-securite\/\" \/>\n<meta property=\"og:site_name\" content=\"Burg-W\u00e4chter France\" \/>\n<meta property=\"article:modified_time\" content=\"2021-08-11T08:13:46+00:00\" \/>\n<meta property=\"og:image\" content=\"https:\/\/test.burgwaechterservice.de\/fr\/wp-content\/uploads\/sites\/4\/2020\/11\/BURG-WAeCHTER-Sicherheitsanker-Bodenanker-SA1180.jpg\" \/>\n\t<meta property=\"og:image:width\" content=\"1000\" \/>\n\t<meta property=\"og:image:height\" content=\"1000\" \/>\n\t<meta property=\"og:image:type\" content=\"image\/jpeg\" \/>\n<meta name=\"twitter:card\" content=\"summary_large_image\" \/>\n<meta name=\"twitter:label1\" content=\"Dur\u00e9e de lecture estim\u00e9e\" \/>\n\t<meta name=\"twitter:data1\" content=\"2 minutes\" \/>\n<!-- \/ Yoast SEO Premium plugin. -->","yoast_head_json":{"title":"Point de s\u00e9curit\u00e9 pour scooters, v\u00e9los \u00e9lectriques, meubles de jardin, etc","description":"L'ancre de s\u00e9curit\u00e9 massive du fabricant BURG-W\u00c4CHTER offre une protection optimale contre le vol. Ancrage au sol de vos objets d'ext\u00e9rieur.","robots":{"index":"index","follow":"follow","max-snippet":"max-snippet:-1","max-image-preview":"max-image-preview:large","max-video-preview":"max-video-preview:-1"},"canonical":"https:\/\/test.burgwaechterservice.de\/fr\/p\/cadenas-et-porte-cadenas\/ancre-de-securite\/","og_locale":"fr_FR","og_type":"article","og_title":"Ancre de s\u00e9curit\u00e9","og_description":"L'ancre de s\u00e9curit\u00e9 massive du fabricant BURG-W\u00c4CHTER offre une protection optimale contre le vol. Ancrage au sol de vos objets d'ext\u00e9rieur.","og_url":"https:\/\/test.burgwaechterservice.de\/fr\/p\/cadenas-et-porte-cadenas\/ancre-de-securite\/","og_site_name":"Burg-W\u00e4chter France","article_modified_time":"2021-08-11T08:13:46+00:00","og_image":[{"width":1000,"height":1000,"url":"https:\/\/test.burgwaechterservice.de\/fr\/wp-content\/uploads\/sites\/4\/2020\/11\/BURG-WAeCHTER-Sicherheitsanker-Bodenanker-SA1180.jpg","type":"image\/jpeg"}],"twitter_card":"summary_large_image","twitter_misc":{"Dur\u00e9e de lecture estim\u00e9e":"2 minutes"},"schema":{"@context":"https:\/\/schema.org","@graph":[{"@type":"WebPage","@id":"https:\/\/test.burgwaechterservice.de\/fr\/p\/cadenas-et-porte-cadenas\/ancre-de-securite\/","url":"https:\/\/test.burgwaechterservice.de\/fr\/p\/cadenas-et-porte-cadenas\/ancre-de-securite\/","name":"Point de s\u00e9curit\u00e9 pour scooters, v\u00e9los \u00e9lectriques, meubles de jardin, etc","isPartOf":{"@id":"https:\/\/test.burgwaechterservice.de\/fr\/#website"},"datePublished":"2020-11-06T10:28:58+00:00","dateModified":"2021-08-11T08:13:46+00:00","description":"L'ancre de s\u00e9curit\u00e9 massive du fabricant BURG-W\u00c4CHTER offre une protection optimale contre le vol. Ancrage au sol de vos objets d'ext\u00e9rieur.","breadcrumb":{"@id":"https:\/\/test.burgwaechterservice.de\/fr\/p\/cadenas-et-porte-cadenas\/ancre-de-securite\/#breadcrumb"},"inLanguage":"fr-FR","potentialAction":[{"@type":"ReadAction","target":["https:\/\/test.burgwaechterservice.de\/fr\/p\/cadenas-et-porte-cadenas\/ancre-de-securite\/"]}]},{"@type":"BreadcrumbList","@id":"https:\/\/test.burgwaechterservice.de\/fr\/p\/cadenas-et-porte-cadenas\/ancre-de-securite\/#breadcrumb","itemListElement":[{"@type":"ListItem","position":1,"name":"Accueil","item":"https:\/\/test.burgwaechterservice.de\/fr\/"},{"@type":"ListItem","position":2,"name":"Produits","item":"https:\/\/test.burgwaechterservice.de\/fr\/p\/"},{"@type":"ListItem","position":3,"name":"Ancre de s\u00e9curit\u00e9"}]},{"@type":"WebSite","@id":"https:\/\/test.burgwaechterservice.de\/fr\/#website","url":"https:\/\/test.burgwaechterservice.de\/fr\/","name":"Burg-W\u00e4chter France","description":"Le choix le plus s\u00fbr!","potentialAction":[{"@type":"SearchAction","target":{"@type":"EntryPoint","urlTemplate":"https:\/\/test.burgwaechterservice.de\/fr\/?s={search_term_string}"},"query-input":"required name=search_term_string"}],"inLanguage":"fr-FR"}]}},"_links":{"self":[{"href":"https:\/\/test.burgwaechterservice.de\/fr\/wp-json\/wp\/v2\/product\/466931"}],"collection":[{"href":"https:\/\/test.burgwaechterservice.de\/fr\/wp-json\/wp\/v2\/product"}],"about":[{"href":"https:\/\/test.burgwaechterservice.de\/fr\/wp-json\/wp\/v2\/types\/product"}],"replies":[{"embeddable":true,"href":"https:\/\/test.burgwaechterservice.de\/fr\/wp-json\/wp\/v2\/comments?post=466931"}],"wp:featuredmedia":[{"embeddable":true,"href":"https:\/\/test.burgwaechterservice.de\/fr\/wp-json\/wp\/v2\/media\/466932"}],"wp:attachment":[{"href":"https:\/\/test.burgwaechterservice.de\/fr\/wp-json\/wp\/v2\/media?parent=466931"}],"wp:term":[{"taxonomy":"product_cat","embeddable":true,"href":"https:\/\/test.burgwaechterservice.de\/fr\/wp-json\/wp\/v2\/product_cat?post=466931"},{"taxonomy":"product_tag","embeddable":true,"href":"https:\/\/test.burgwaechterservice.de\/fr\/wp-json\/wp\/v2\/product_tag?post=466931"}],"curies":[{"name":"wp","href":"https:\/\/api.w.org\/{rel}","templated":true}]}}