{"id":458125,"date":"2020-09-16T12:40:52","date_gmt":"2020-09-16T10:40:52","guid":{"rendered":"https:\/\/www.burg.biz\/fr\/p\/cadenas-et-porte-cadenas\/magno400e\/"},"modified":"2021-07-15T17:49:46","modified_gmt":"2021-07-15T15:49:46","slug":"magno400e","status":"publish","type":"product","link":"https:\/\/test.burgwaechterservice.de\/fr\/p\/cadenas-et-porte-cadenas\/magno400e\/","title":{"rendered":"Cadenas Magno 400 E"},"content":{"rendered":"<p><img decoding=\"async\" class=\"alignnone wp-image-535071\" src=\"https:\/\/test.burgwaechterservice.de\/wp-content\/uploads\/2020\/09\/Piktos-Magno.png\" alt=\"\" width=\"394\" height=\"118\" \/><\/p>\n<h2>Le cadenas Magno \u00e0 utilisation variable<\/h2>\n<p>Polyvalence, s\u00fbret\u00e9, long\u00e9vit\u00e9 : le cadenas Magno est adapt\u00e9 de fa\u00e7on optimale pour de nombreuses utilisations au quotidien. En effet, ce cadenas est disponible en <strong>sept tailles diff\u00e9rentes<\/strong>. D&#8217;une largeur de corps mince de seulement 15 mm \u00e0 un 60 mm massif. Ainsi, vous trouverez assur\u00e9ment le mod\u00e8le adapt\u00e9.<\/p>\n<p>Le cadenas Magno en laiton durci et chrom\u00e9 offre une protection solide contre les tentatives d&#8217;effraction. Par ailleurs, sa structure et son arceau durci assure une <strong>haute r\u00e9sistance \u00e0 l&#8217;arrachement<\/strong>. A partir de la taille 30 &#8211; donc d&#8217;une largeur de corps de 30 mm -, le cadenas Magno dispose du double-verrouillage. Cela vous offre une protection suppl\u00e9mentaire.<\/p>\n<h3>Des parties internes inoxydables<\/h3>\n<p>Le cadenas r\u00e9siste aux intemp\u00e9ries sur le temps long. Cela est assur\u00e9 par les <strong>parties internes inoxydables<\/strong> du Magno. Ainsi, une fermeture valide du cylindre est toujours possible. Et \u00e0 propos fermeture : le cadenas Magno est disponible en un grand nombre de fermetures diff\u00e9rentes. Pour qu&#8217;aucune cl\u00e9 ne puisse par hasard correspondre \u00e0 votre cadenas.<\/p>\n<p>Quiconque utilise plusieurs cadenas Magno devrait choisir la variante \u00e0 <strong>cl\u00e9 unique pour mod\u00e8les multiples<\/strong>. Car vous pouvez ainsi ouvrir tous les cadenas avec une seule cl\u00e9, en tout confort. De cette mani\u00e8re, fini de chercher et d&#8217;essayer jusqu&#8217;\u00e0 trouver la bonne cl\u00e9.<\/p>\n<h4>Le cadenas 400 E Magno en aper\u00e7u<\/h4>\n<ul>\n<li>Corps en laiton massif<\/li>\n<li>Anse chrom\u00e9e et durcie<\/li>\n<li>Double verrouillage \u00e0 partir de la taille 30 mm<\/li>\n<li>Disponible en sept tailles (de 15 mm \u00e0 60 mm)<\/li>\n<li>Parties internes inoxydables<\/li>\n<li>Haute r\u00e9sistance \u00e0 l&#8217;arrachage<\/li>\n<li>Disponible avec une cl\u00e9 identique pour plusieurs cadenas, pour une utilisation confortable<\/li>\n<li>Grand nombre de fermetures diff\u00e9rentes<\/li>\n<li>Livraison standard avec deux cl\u00e9s<\/li>\n<\/ul>\n<p>&nbsp;<\/p>\n<table class=\"ausfuehrung\">\n<thead>\n<tr>\n<td>Article<\/td>\n<td>Epaisseur de anse (mm)<\/td>\n<td>Largeur de anse (mm)<\/td>\n<td>Hauteur de anse (mm)<\/td>\n<td>Hauteur totale (mm)<\/td>\n<td>N\u00b0 d&#8217;\u00e9bauche<\/td>\n<\/tr>\n<\/thead>\n<tbody>\n<tr>\n<td>400 E 15<\/td>\n<td>\u00a03,0<\/td>\n<td>\u00a08,0<\/td>\n<td>\u00a011,0<\/td>\n<td>33,0<\/td>\n<td>45L<\/td>\n<\/tr>\n<tr>\n<td>400 E 20<\/td>\n<td>\u00a03,5<\/td>\n<td>\u00a010,0<\/td>\n<td>\u00a011,0<\/td>\n<td>34,5<\/td>\n<td>45L<\/td>\n<\/tr>\n<tr>\n<td>400 E 25<\/td>\n<td>\u00a04,0<\/td>\n<td>\u00a013,5<\/td>\n<td>\u00a014,0<\/td>\n<td>44,0<\/td>\n<td>&#8211;<\/td>\n<\/tr>\n<tr>\n<td>400 E 30<\/td>\n<td>\u00a05,0<\/td>\n<td>\u00a016,0<\/td>\n<td>\u00a017,0<\/td>\n<td>50,0<\/td>\n<td>67R<\/td>\n<\/tr>\n<tr>\n<td>400 E 40<\/td>\n<td>\u00a06,5<\/td>\n<td>\u00a022,0<\/td>\n<td>\u00a023,5<\/td>\n<td>64,0<\/td>\n<td>68R<\/td>\n<\/tr>\n<tr>\n<td>400 E 50<\/td>\n<td>\u00a08,0<\/td>\n<td>\u00a028,0<\/td>\n<td>\u00a029,5<\/td>\n<td>78,5<\/td>\n<td>68R<\/td>\n<\/tr>\n<tr>\n<td>400 E 60<\/td>\n<td>\u00a09,5<\/td>\n<td>\u00a035,0<\/td>\n<td>\u00a034,5<\/td>\n<td>87,0<\/td>\n<td>68R<\/td>\n<\/tr>\n<\/tbody>\n<\/table>\n","protected":false},"excerpt":{"rendered":"<p>Le cadenas Magno \u00e0 utilisation variable Polyvalence, s\u00fbret\u00e9, long\u00e9vit\u00e9 : le cadenas Magno est adapt\u00e9 de fa\u00e7on optimale pour de nombreuses utilisations au quotidien. En effet, ce cadenas est disponible en sept tailles diff\u00e9rentes. D&#8217;une largeur de corps mince de &hellip; <a class=\"kt-excerpt-readmore\" href=\"https:\/\/test.burgwaechterservice.de\/fr\/p\/cadenas-et-porte-cadenas\/magno400e\/\" aria-label=\"Cadenas Magno 400 E\">Lire la suite<\/a><\/p>\n","protected":false},"featured_media":458126,"comment_status":"closed","ping_status":"closed","template":"","meta":[],"product_cat":[39,3122],"product_tag":[],"yoast_head":"<!-- This site is optimized with the Yoast SEO Premium plugin v18.4 (Yoast SEO v19.13) - https:\/\/yoast.com\/wordpress\/plugins\/seo\/ -->\n<title>Cadenas Magno - Une s\u00e9curit\u00e9 robuste pour une utilisation variable<\/title>\n<meta name=\"description\" content=\"Le cadenas Magno 400 de BURG-W\u00c4CHTER en sept tailles : cadenas parfaitement adapt\u00e9 pour la maison, les travaux et le temps libre.\" \/>\n<meta name=\"robots\" content=\"index, follow, max-snippet:-1, max-image-preview:large, max-video-preview:-1\" \/>\n<link rel=\"canonical\" href=\"https:\/\/test.burgwaechterservice.de\/fr\/p\/cadenas-et-porte-cadenas\/magno400e\/\" \/>\n<meta property=\"og:locale\" content=\"fr_FR\" \/>\n<meta property=\"og:type\" content=\"article\" \/>\n<meta property=\"og:title\" content=\"Cadenas Magno 400 E\" \/>\n<meta property=\"og:description\" content=\"Le cadenas Magno 400 de BURG-W\u00c4CHTER en sept tailles : cadenas parfaitement adapt\u00e9 pour la maison, les travaux et le temps libre.\" \/>\n<meta property=\"og:url\" content=\"https:\/\/test.burgwaechterservice.de\/fr\/p\/cadenas-et-porte-cadenas\/magno400e\/\" \/>\n<meta property=\"og:site_name\" content=\"Burg-W\u00e4chter France\" \/>\n<meta property=\"article:modified_time\" content=\"2021-07-15T15:49:46+00:00\" \/>\n<meta property=\"og:image\" content=\"https:\/\/test.burgwaechterservice.de\/fr\/wp-content\/uploads\/sites\/4\/2020\/09\/Vorhangschloss-Magno-400-E-von-BURG-WAeCHTER-1.jpg\" \/>\n\t<meta property=\"og:image:width\" content=\"1000\" \/>\n\t<meta property=\"og:image:height\" content=\"1000\" \/>\n\t<meta property=\"og:image:type\" content=\"image\/jpeg\" \/>\n<meta name=\"twitter:card\" content=\"summary_large_image\" \/>\n<meta name=\"twitter:label1\" content=\"Dur\u00e9e de lecture estim\u00e9e\" \/>\n\t<meta name=\"twitter:data1\" content=\"2 minutes\" \/>\n<!-- \/ Yoast SEO Premium plugin. -->","yoast_head_json":{"title":"Cadenas Magno - Une s\u00e9curit\u00e9 robuste pour une utilisation variable","description":"Le cadenas Magno 400 de BURG-W\u00c4CHTER en sept tailles : cadenas parfaitement adapt\u00e9 pour la maison, les travaux et le temps libre.","robots":{"index":"index","follow":"follow","max-snippet":"max-snippet:-1","max-image-preview":"max-image-preview:large","max-video-preview":"max-video-preview:-1"},"canonical":"https:\/\/test.burgwaechterservice.de\/fr\/p\/cadenas-et-porte-cadenas\/magno400e\/","og_locale":"fr_FR","og_type":"article","og_title":"Cadenas Magno 400 E","og_description":"Le cadenas Magno 400 de BURG-W\u00c4CHTER en sept tailles : cadenas parfaitement adapt\u00e9 pour la maison, les travaux et le temps libre.","og_url":"https:\/\/test.burgwaechterservice.de\/fr\/p\/cadenas-et-porte-cadenas\/magno400e\/","og_site_name":"Burg-W\u00e4chter France","article_modified_time":"2021-07-15T15:49:46+00:00","og_image":[{"width":1000,"height":1000,"url":"https:\/\/test.burgwaechterservice.de\/fr\/wp-content\/uploads\/sites\/4\/2020\/09\/Vorhangschloss-Magno-400-E-von-BURG-WAeCHTER-1.jpg","type":"image\/jpeg"}],"twitter_card":"summary_large_image","twitter_misc":{"Dur\u00e9e de lecture estim\u00e9e":"2 minutes"},"schema":{"@context":"https:\/\/schema.org","@graph":[{"@type":"WebPage","@id":"https:\/\/test.burgwaechterservice.de\/fr\/p\/cadenas-et-porte-cadenas\/magno400e\/","url":"https:\/\/test.burgwaechterservice.de\/fr\/p\/cadenas-et-porte-cadenas\/magno400e\/","name":"Cadenas Magno - Une s\u00e9curit\u00e9 robuste pour une utilisation variable","isPartOf":{"@id":"https:\/\/test.burgwaechterservice.de\/fr\/#website"},"datePublished":"2020-09-16T10:40:52+00:00","dateModified":"2021-07-15T15:49:46+00:00","description":"Le cadenas Magno 400 de BURG-W\u00c4CHTER en sept tailles : cadenas parfaitement adapt\u00e9 pour la maison, les travaux et le temps libre.","breadcrumb":{"@id":"https:\/\/test.burgwaechterservice.de\/fr\/p\/cadenas-et-porte-cadenas\/magno400e\/#breadcrumb"},"inLanguage":"fr-FR","potentialAction":[{"@type":"ReadAction","target":["https:\/\/test.burgwaechterservice.de\/fr\/p\/cadenas-et-porte-cadenas\/magno400e\/"]}]},{"@type":"BreadcrumbList","@id":"https:\/\/test.burgwaechterservice.de\/fr\/p\/cadenas-et-porte-cadenas\/magno400e\/#breadcrumb","itemListElement":[{"@type":"ListItem","position":1,"name":"Accueil","item":"https:\/\/test.burgwaechterservice.de\/fr\/"},{"@type":"ListItem","position":2,"name":"Produits","item":"https:\/\/test.burgwaechterservice.de\/fr\/p\/"},{"@type":"ListItem","position":3,"name":"Cadenas Magno 400 E"}]},{"@type":"WebSite","@id":"https:\/\/test.burgwaechterservice.de\/fr\/#website","url":"https:\/\/test.burgwaechterservice.de\/fr\/","name":"Burg-W\u00e4chter France","description":"Le choix le plus s\u00fbr!","potentialAction":[{"@type":"SearchAction","target":{"@type":"EntryPoint","urlTemplate":"https:\/\/test.burgwaechterservice.de\/fr\/?s={search_term_string}"},"query-input":"required name=search_term_string"}],"inLanguage":"fr-FR"}]}},"_links":{"self":[{"href":"https:\/\/test.burgwaechterservice.de\/fr\/wp-json\/wp\/v2\/product\/458125"}],"collection":[{"href":"https:\/\/test.burgwaechterservice.de\/fr\/wp-json\/wp\/v2\/product"}],"about":[{"href":"https:\/\/test.burgwaechterservice.de\/fr\/wp-json\/wp\/v2\/types\/product"}],"replies":[{"embeddable":true,"href":"https:\/\/test.burgwaechterservice.de\/fr\/wp-json\/wp\/v2\/comments?post=458125"}],"wp:featuredmedia":[{"embeddable":true,"href":"https:\/\/test.burgwaechterservice.de\/fr\/wp-json\/wp\/v2\/media\/458126"}],"wp:attachment":[{"href":"https:\/\/test.burgwaechterservice.de\/fr\/wp-json\/wp\/v2\/media?parent=458125"}],"wp:term":[{"taxonomy":"product_cat","embeddable":true,"href":"https:\/\/test.burgwaechterservice.de\/fr\/wp-json\/wp\/v2\/product_cat?post=458125"},{"taxonomy":"product_tag","embeddable":true,"href":"https:\/\/test.burgwaechterservice.de\/fr\/wp-json\/wp\/v2\/product_tag?post=458125"}],"curies":[{"name":"wp","href":"https:\/\/api.w.org\/{rel}","templated":true}]}}