{"id":458115,"date":"2020-09-16T12:40:26","date_gmt":"2020-09-16T10:40:26","guid":{"rendered":"https:\/\/www.burg.biz\/fr\/p\/cadenas-et-porte-cadenas\/magno-hb\/"},"modified":"2021-03-28T20:11:35","modified_gmt":"2021-03-28T18:11:35","slug":"magno-hb","status":"publish","type":"product","link":"https:\/\/test.burgwaechterservice.de\/fr\/p\/cadenas-et-porte-cadenas\/magno-hb\/","title":{"rendered":"400 E HB Magno"},"content":{"rendered":"<p><img decoding=\"async\" class=\"alignnone wp-image-535071\" src=\"https:\/\/test.burgwaechterservice.de\/wp-content\/uploads\/2020\/09\/Piktos-Magno.png\" alt=\"\" width=\"394\" height=\"118\" \/><\/p>\n<h2>Polyvalent et solide : le cadenas Magno HB<\/h2>\n<p>S\u00fbret\u00e9, long\u00e9vit\u00e9, polyvalence : le cadenas Magno avec arceau haut (HB) est adapt\u00e9 de fa\u00e7on optimale pour nombre d&#8217;utilisations quotidiennes. En effet, un cadenas \u00e0 anse haute assure aussi la s\u00e9curit\u00e9 d&#8217;objets de grande taille comme par exemple des tubulures de remplissage, du mobilier urbain ou des verrous robustes. M\u00eame des endroits o\u00f9 le raccord n&#8217;est pas possible avec des cadenas standards. Le Magno HB est disponible en pas moins de cinq tailles diff\u00e9rentes. De la largeur de corps \u00e9troite de 20 mm au 50 mm massif. La hauteur de anse &#8211; un point d\u00e9terminant \u00e0 l&#8217;achat dun cadenas HB (\u00e0 anse haute) &#8211; va <strong>de 23 \u00e0 80 mm<\/strong>. Avec une telle gamme de choix, vous trouverez assur\u00e9ment le mod\u00e8le adapt\u00e9 \u00e0 vos besoins sp\u00e9cifiques.<\/p>\n<p>Le cadenas Magno HB en laiton durci et chrom\u00e9 offre une protection solide contre les tentatives d&#8217;effractions. Sa structure et son <strong>arceau durci<\/strong> assurent de surcro\u00eet une haute r\u00e9sistance \u00e0 l&#8217;arrachement. A partir de la taille 30 &#8211; donc d&#8217;une largeur de corps de 30 mm, le cadenas Magno HB dispose du double-verrouillage. Cela vous assure une protection suppl\u00e9mentaire.<\/p>\n<h3>Bonus de confort : disponible avecune cl\u00e9 identique pour plusieurs mod\u00e8les<\/h3>\n<p>Le Magno HB r\u00e9siste aux intemp\u00e9rie sur le temps long. Les<strong> parties internes inoxydables<\/strong> y veillent. Ainsi, une fermeture valide du cylindre est toujours possible. A propos fermeture : le cadenas est disponible en un grand nombre de fermetures diff\u00e9rentes. Afin qu&#8217;aucune autre cl\u00e9 ne puisse par hasard correspondre \u00e0 votre serrure.<\/p>\n<p>Quiconque utilise plusieurs cadenas Magno HB devrait opter pour la variante \u00e0 <strong>cl\u00e9 identique pour mod\u00e8les multiples<\/strong>. Car il vous est ainsi possible d&#8217;ouvrir tous les cadenas avec une seule cl\u00e9, en tout confort. Ainsi, fini de chercher et essayer jusqu&#8217;\u00e0 trouver la bonne cl\u00e9.<\/p>\n<h4>Le cadenas 400 E HB Magno en aper\u00e7u<\/h4>\n<ul>\n<li>Cadenas \u00e0 anse haute<\/li>\n<li>Corps en laiton massif<\/li>\n<li>Disponible en cinq tailles (de 20 mm \u00e0 50 mm)<\/li>\n<li>Anse durcie et chrom\u00e9e<\/li>\n<li>Double verrouillage \u00e0 partir de la taille 30 mm<\/li>\n<li>Parties internes inoxydables<\/li>\n<li>Haute r\u00e9sistance \u00e0 l&#8217;arrachement<\/li>\n<li>Disponible avec cl\u00e9 identique pour plusieurs mod\u00e8les pour une utilisation confortable<\/li>\n<li>Grand nombre de fermetures diff\u00e9rentes<\/li>\n<li>Equip\u00e9 de fa\u00e7on standard avec deux cl\u00e9s<\/li>\n<\/ul>\n<p>&nbsp;<\/p>\n<table class=\"ausfuehrung\">\n<thead>\n<tr>\n<td>Article<\/td>\n<td>Epaisseur de anse (mm)<\/td>\n<td>Largeur de anse (mm)<\/td>\n<td>Hauteur de anse (mm)<\/td>\n<td>Hauteur totale (mm)<\/td>\n<td>N\u00b0 d&#8217;\u00e9bauche<\/td>\n<\/tr>\n<\/thead>\n<tbody>\n<tr>\n<td>400 E HB 20 26<\/td>\n<td>\u00a03,5<\/td>\n<td>\u00a011,0<\/td>\n<td>\u00a023,0<\/td>\n<td>51,2<\/td>\n<td>45L<\/td>\n<\/tr>\n<tr>\n<td>400 E HB 30 45<\/td>\n<td>\u00a05,0<\/td>\n<td>\u00a016,0<\/td>\n<td>\u00a045,0<\/td>\n<td>78,0<\/td>\n<td>67R<\/td>\n<\/tr>\n<tr>\n<td>400 E HB 40 45<\/td>\n<td>\u00a06,5<\/td>\n<td>\u00a022,0<\/td>\n<td>\u00a045,0<\/td>\n<td>85,5<\/td>\n<td>68R<\/td>\n<\/tr>\n<tr>\n<td>400 E HB 40 65<\/td>\n<td>\u00a06,5<\/td>\n<td>\u00a022,0<\/td>\n<td>\u00a065,0<\/td>\n<td>107,5<\/td>\n<td>68R<\/td>\n<\/tr>\n<tr>\n<td>400 E HB 50 80<\/td>\n<td>\u00a08,0<\/td>\n<td>\u00a028,0<\/td>\n<td>\u00a080,0<\/td>\n<td>129,0<\/td>\n<td>68R<\/td>\n<\/tr>\n<\/tbody>\n<\/table>\n","protected":false},"excerpt":{"rendered":"<p>Polyvalent et solide : le cadenas Magno HB S\u00fbret\u00e9, long\u00e9vit\u00e9, polyvalence : le cadenas Magno avec arceau haut (HB) est adapt\u00e9 de fa\u00e7on optimale pour nombre d&#8217;utilisations quotidiennes. En effet, un cadenas \u00e0 anse haute assure aussi la s\u00e9curit\u00e9 d&#8217;objets &hellip; <a class=\"kt-excerpt-readmore\" href=\"https:\/\/test.burgwaechterservice.de\/fr\/p\/cadenas-et-porte-cadenas\/magno-hb\/\" aria-label=\"400 E HB Magno\">Lire la suite<\/a><\/p>\n","protected":false},"featured_media":458104,"comment_status":"closed","ping_status":"closed","template":"","meta":[],"product_cat":[39,3122],"product_tag":[],"yoast_head":"<!-- This site is optimized with the Yoast SEO Premium plugin v18.4 (Yoast SEO v19.13) - https:\/\/yoast.com\/wordpress\/plugins\/seo\/ -->\n<title>Cadenas Magno HB 400 E en cinq tailles I BURG-W\u00c4CHTER<\/title>\n<meta name=\"description\" content=\"Cadenas Magno HB 400 E du sp\u00e9cialiste BURG-W\u00c4CHTER. S\u00e9curisez confortablement m\u00eame des objets de grande taille gr\u00e2ce \u00e0 l&#039;anse haute\" \/>\n<meta name=\"robots\" content=\"index, follow, max-snippet:-1, max-image-preview:large, max-video-preview:-1\" \/>\n<link rel=\"canonical\" href=\"https:\/\/test.burgwaechterservice.de\/fr\/p\/cadenas-et-porte-cadenas\/magno-hb\/\" \/>\n<meta property=\"og:locale\" content=\"fr_FR\" \/>\n<meta property=\"og:type\" content=\"article\" \/>\n<meta property=\"og:title\" content=\"400 E HB Magno\" \/>\n<meta property=\"og:description\" content=\"Cadenas Magno HB 400 E du sp\u00e9cialiste BURG-W\u00c4CHTER. S\u00e9curisez confortablement m\u00eame des objets de grande taille gr\u00e2ce \u00e0 l&#039;anse haute\" \/>\n<meta property=\"og:url\" content=\"https:\/\/test.burgwaechterservice.de\/fr\/p\/cadenas-et-porte-cadenas\/magno-hb\/\" \/>\n<meta property=\"og:site_name\" content=\"Burg-W\u00e4chter France\" \/>\n<meta property=\"article:modified_time\" content=\"2021-03-28T18:11:35+00:00\" \/>\n<meta property=\"og:image\" content=\"https:\/\/test.burgwaechterservice.de\/fr\/wp-content\/uploads\/sites\/4\/2020\/09\/Vorhangschloss-Magno-HB-400-E-von-BURG-WAeCHTER.jpg\" \/>\n\t<meta property=\"og:image:width\" content=\"1000\" \/>\n\t<meta property=\"og:image:height\" content=\"1000\" \/>\n\t<meta property=\"og:image:type\" content=\"image\/jpeg\" \/>\n<meta name=\"twitter:card\" content=\"summary_large_image\" \/>\n<meta name=\"twitter:label1\" content=\"Dur\u00e9e de lecture estim\u00e9e\" \/>\n\t<meta name=\"twitter:data1\" content=\"2 minutes\" \/>\n<!-- \/ Yoast SEO Premium plugin. -->","yoast_head_json":{"title":"Cadenas Magno HB 400 E en cinq tailles I BURG-W\u00c4CHTER","description":"Cadenas Magno HB 400 E du sp\u00e9cialiste BURG-W\u00c4CHTER. S\u00e9curisez confortablement m\u00eame des objets de grande taille gr\u00e2ce \u00e0 l'anse haute","robots":{"index":"index","follow":"follow","max-snippet":"max-snippet:-1","max-image-preview":"max-image-preview:large","max-video-preview":"max-video-preview:-1"},"canonical":"https:\/\/test.burgwaechterservice.de\/fr\/p\/cadenas-et-porte-cadenas\/magno-hb\/","og_locale":"fr_FR","og_type":"article","og_title":"400 E HB Magno","og_description":"Cadenas Magno HB 400 E du sp\u00e9cialiste BURG-W\u00c4CHTER. S\u00e9curisez confortablement m\u00eame des objets de grande taille gr\u00e2ce \u00e0 l'anse haute","og_url":"https:\/\/test.burgwaechterservice.de\/fr\/p\/cadenas-et-porte-cadenas\/magno-hb\/","og_site_name":"Burg-W\u00e4chter France","article_modified_time":"2021-03-28T18:11:35+00:00","og_image":[{"width":1000,"height":1000,"url":"https:\/\/test.burgwaechterservice.de\/fr\/wp-content\/uploads\/sites\/4\/2020\/09\/Vorhangschloss-Magno-HB-400-E-von-BURG-WAeCHTER.jpg","type":"image\/jpeg"}],"twitter_card":"summary_large_image","twitter_misc":{"Dur\u00e9e de lecture estim\u00e9e":"2 minutes"},"schema":{"@context":"https:\/\/schema.org","@graph":[{"@type":"WebPage","@id":"https:\/\/test.burgwaechterservice.de\/fr\/p\/cadenas-et-porte-cadenas\/magno-hb\/","url":"https:\/\/test.burgwaechterservice.de\/fr\/p\/cadenas-et-porte-cadenas\/magno-hb\/","name":"Cadenas Magno HB 400 E en cinq tailles I BURG-W\u00c4CHTER","isPartOf":{"@id":"https:\/\/test.burgwaechterservice.de\/fr\/#website"},"datePublished":"2020-09-16T10:40:26+00:00","dateModified":"2021-03-28T18:11:35+00:00","description":"Cadenas Magno HB 400 E du sp\u00e9cialiste BURG-W\u00c4CHTER. S\u00e9curisez confortablement m\u00eame des objets de grande taille gr\u00e2ce \u00e0 l'anse haute","breadcrumb":{"@id":"https:\/\/test.burgwaechterservice.de\/fr\/p\/cadenas-et-porte-cadenas\/magno-hb\/#breadcrumb"},"inLanguage":"fr-FR","potentialAction":[{"@type":"ReadAction","target":["https:\/\/test.burgwaechterservice.de\/fr\/p\/cadenas-et-porte-cadenas\/magno-hb\/"]}]},{"@type":"BreadcrumbList","@id":"https:\/\/test.burgwaechterservice.de\/fr\/p\/cadenas-et-porte-cadenas\/magno-hb\/#breadcrumb","itemListElement":[{"@type":"ListItem","position":1,"name":"Accueil","item":"https:\/\/test.burgwaechterservice.de\/fr\/"},{"@type":"ListItem","position":2,"name":"Produits","item":"https:\/\/test.burgwaechterservice.de\/fr\/p\/"},{"@type":"ListItem","position":3,"name":"400 E HB Magno"}]},{"@type":"WebSite","@id":"https:\/\/test.burgwaechterservice.de\/fr\/#website","url":"https:\/\/test.burgwaechterservice.de\/fr\/","name":"Burg-W\u00e4chter France","description":"Le choix le plus s\u00fbr!","potentialAction":[{"@type":"SearchAction","target":{"@type":"EntryPoint","urlTemplate":"https:\/\/test.burgwaechterservice.de\/fr\/?s={search_term_string}"},"query-input":"required name=search_term_string"}],"inLanguage":"fr-FR"}]}},"_links":{"self":[{"href":"https:\/\/test.burgwaechterservice.de\/fr\/wp-json\/wp\/v2\/product\/458115"}],"collection":[{"href":"https:\/\/test.burgwaechterservice.de\/fr\/wp-json\/wp\/v2\/product"}],"about":[{"href":"https:\/\/test.burgwaechterservice.de\/fr\/wp-json\/wp\/v2\/types\/product"}],"replies":[{"embeddable":true,"href":"https:\/\/test.burgwaechterservice.de\/fr\/wp-json\/wp\/v2\/comments?post=458115"}],"wp:featuredmedia":[{"embeddable":true,"href":"https:\/\/test.burgwaechterservice.de\/fr\/wp-json\/wp\/v2\/media\/458104"}],"wp:attachment":[{"href":"https:\/\/test.burgwaechterservice.de\/fr\/wp-json\/wp\/v2\/media?parent=458115"}],"wp:term":[{"taxonomy":"product_cat","embeddable":true,"href":"https:\/\/test.burgwaechterservice.de\/fr\/wp-json\/wp\/v2\/product_cat?post=458115"},{"taxonomy":"product_tag","embeddable":true,"href":"https:\/\/test.burgwaechterservice.de\/fr\/wp-json\/wp\/v2\/product_tag?post=458115"}],"curies":[{"name":"wp","href":"https:\/\/api.w.org\/{rel}","templated":true}]}}