{"id":422946,"date":"2020-06-29T09:25:45","date_gmt":"2020-06-29T07:25:45","guid":{"rendered":"https:\/\/www.burg.biz\/fr\/p\/coffres-forts\/ranger-n5\/"},"modified":"2020-08-12T09:44:43","modified_gmt":"2020-08-12T07:44:43","slug":"ranger-n5","status":"publish","type":"product","link":"https:\/\/test.burgwaechterservice.de\/fr\/p\/coffres-forts\/ranger-n5\/","title":{"rendered":"Armoire-forte Ranger N5"},"content":{"rendered":"<h2>Con\u00e7u pour contenir des armes longues et jusqu&#8217;\u00e0 5 armes de poing :<br \/>\nL&#8217;armoire-forte Ranger N5 de degr\u00e9 de r\u00e9sistance 0<\/h2>\n<p><strong>L&#8217;armoire-forte Ranger N5 a \u00e9t\u00e9 con\u00e7ue pour pouvoir y d\u00e9poser de mani\u00e8re s\u00e9curis\u00e9e et responsable des armes longues et jusqu&#8217;\u00e0 5 armes courtes. Elle est disponible en deux versions : Ranger N5 S (ouverture par cl\u00e9) et Ranger N5 E (ouverture par code).<\/strong><\/p>\n<p>L&#8217;armoire-forte Ranger N5 (pr\u00e9vue pour 5 armes longues) pr\u00e9sente un degr\u00e9 de r\u00e9sistance 0. Les deux compartiments de rangements dans la porte offrent assez de place de rangement. D&#8217;autre part, deux supports de maintien pour canons sont pr\u00e9sents dans la Ranger N5. Les dimensions ext\u00e9rieures du coffre-fort sont : hauteur : 1304 mm ; largeur : 372 mm ; profondeur : 368 mm. Toutes les dimensions et les poids sont \u00e0 retrouver plus bas dans le tableau.<\/p>\n<h2>Serrure contr\u00f4l\u00e9e VdS et ECB\u2022S<\/h2>\n<p>Avec l&#8217;armore \u00e0 fusils Ranger N5, vous avez le choix entre deux syst\u00e8mes de fermeture. Le premier, la <strong>serrure haute s\u00e9curit\u00e9 blind\u00e9e \u00e0 double panneton &#8220;SecuSafe&#8221; (Ranger N5 S)<\/strong>, offre un million de fermetures diff\u00e9rentes, ceci est <strong>v\u00e9rifi\u00e9 par le VdS et l&#8217;ECB-S<\/strong>. Par ailleurs, la Ranger N5 dispose d&#8217;une <strong>protection anti-effraction certifi\u00e9e suivant EN 1143-1<\/strong>.<\/p>\n<h3>Ouverture par cl\u00e9 ou par code<\/h3>\n<p>Quiconque souhaite se passer de cl\u00e9 choisira la <strong>serrure \u00e9lectronique \u00e0 code programmable &#8220;SecuTronic&#8221; (Ranger N5 E)<\/strong> et ainsi une fa\u00e7on confortable, rapide et s\u00fbre d&#8217;ouvrir sont coffre-fort. La serrure \u00e0 code offre un million de codes r\u00e9ellement programmables et est<strong> certifi\u00e9e VdS<\/strong> (classe 2\/B). Pour que vous puissiez commencer \u00e0 utiliser l&#8217;armoire \u00e0 fusils Ranger N5 E sans attendre, les piles n\u00e9cessaires sont bien s\u00fbr fournies.<\/p>\n<h3>Corps \u00e0 triple paroi, p\u00eanes ronds \u00e9pais de 25 mm<\/h3>\n<p>En ce qui concerne la &#8220;valeur int\u00e9rieure&#8221; de la Ranger N5 : L&#8217;armoire-forte se compose d&#8217;un <strong>corps \u00e0 triple paroi<\/strong>, <strong>la porte est \u00e0 double paroi<\/strong>. Des <strong>p\u00eanes ronds d&#8217;un diam\u00e8tre de 25 mm<\/strong> verrouillent la porte en trois c\u00f4t\u00e9s. Gr\u00e2ce \u00e0 cette structure robuste, l&#8217;armoire \u00e0 fusils pr\u00e9sente une grande r\u00e9sistance contre les tentatives d&#8217;effraction. Pour emp\u00eacher le vol, la Ranger N5 doit \u00eatre &#8211; comme tout autre coffre-fort &#8211; solidement ancr\u00e9e. L&#8217;armoire-forte est <strong>pr\u00e9par\u00e9e au niveau usine pour un ancrage mural stable<\/strong>. Le mat\u00e9riel de fixation n\u00e9cessaire est bien s\u00fbr fourni. <strong>Autre atout s\u00e9curit\u00e9 : <\/strong>un <strong>double syst\u00e8me de verrouillage de d\u00e9tresse non r\u00e9initialisable<\/strong> est construit dans la m\u00e9canique de porte. Ainsi, vous \u00eates du c\u00f4t\u00e9 de la s\u00e9curit\u00e9 ! Astuce : pour un transport plus ais\u00e9 dans les escaliers, il est possible de d\u00e9monter la porte (33 kg) des gonds de la Ranger N5 (poids total : 105 kg ; volume : 97 l).<\/p>\n<h3>L&#8217;armoire-forte Ranger N5 en aper\u00e7u :<\/h3>\n<ul>\n<li>Con\u00e7u pour contenir des armes longues et jusqu&#8217;\u00e0 5 armes de poing<\/li>\n<li>Degr\u00e9 de r\u00e9sistance 0<\/li>\n<li>S\u00e9curit\u00e9 aux normes et contr\u00f4l\u00e9e par l&#8217;ECB\u2022S<\/li>\n<li>Protection anti-effraction certifi\u00e9e suivant EN 1143-1<\/li>\n<li>Capacit\u00e9 : jusqu&#8217;\u00e0 5 armes longues, munitions incluses<\/li>\n<li>Corps \u00e0 triple paroi, porte \u00e0 double paroi<\/li>\n<li>Verrouillage en trois c\u00f4t\u00e9s par des p\u00eanes ronds \u00e9pais de 25 mm<\/li>\n<li>Rail de maintien arri\u00e8re du c\u00f4t\u00e9 charni\u00e8re<\/li>\n<li>Pr\u00e9vu en s\u00e9rie pour l&#8217;ancrage mural, mat\u00e9riel de fixation fourni<\/li>\n<li>L&#8217;atout s\u00e9curit\u00e9 : un double syst\u00e8me de verrouillage de d\u00e9tresse non r\u00e9initialisable dans la m\u00e9canique de porte<\/li>\n<li>2 supports de maintien pour canons longs et 2 compartiments de rangement sur la face int\u00e9rieure de la porte<\/li>\n<li>Astuce : La porte (33 kg) peut \u00eatre enlev\u00e9e de ses gonds pour un transport plus ais\u00e9 dans les escaliers<\/li>\n<\/ul>\n<h4>Ranger N5 S (cl\u00e9) :<\/h4>\n<ul>\n<li>Serrure haute s\u00e9curit\u00e9 blind\u00e9e \u00e0 double panneton ; contr\u00f4l\u00e9e par le VdS (classe 1), certifi\u00e9e ECB-S suivant EN 1300 (classe A)<\/li>\n<li>9 pistons de serrure<\/li>\n<li>1 million de fermetures diff\u00e9rentes<\/li>\n<\/ul>\n<h4>Ranger N5 E (code) :<\/h4>\n<ul>\n<li>Serrure \u00e9lectronique \u00e0 code ; contr\u00f4l\u00e9e VdS, classe 2, certifi\u00e9e ECB-S suivant EN 1300 classe B<\/li>\n<li>1.000.000 codes utilisables en pratique<\/li>\n<li>3 piles Micro LR 03 AAA incluses<\/li>\n<\/ul>\n<p>&nbsp;<\/p>\n<table class=\"ausfuehrung\">\n<thead>\n<tr>\n<td style=\"text-align: center;\">Article<\/td>\n<td style=\"text-align: center;\">Nombre d&#8217;armes pouvant \u00eatre d\u00e9pos\u00e9es<\/td>\n<td style=\"text-align: center;\">Dimensions ext\u00e9rieures h x l x p (mm)<\/td>\n<td style=\"text-align: center;\">Dimensions int\u00e9rieures h x l x p (mm)<\/td>\n<td style=\"text-align: center;\">Poids (kg)<\/td>\n<\/tr>\n<\/thead>\n<tbody>\n<tr>\n<td style=\"text-align: center;\">Ranger N5 S<\/td>\n<td style=\"text-align: center;\">5<\/td>\n<td style=\"text-align: center;\">1304 x 372 x 368<\/td>\n<td style=\"text-align: center;\">1250 x 294 x 263<\/td>\n<td style=\"text-align: center;\">105<\/td>\n<\/tr>\n<tr>\n<td style=\"text-align: center;\">Ranger N5 E<\/td>\n<td style=\"text-align: center;\">5<\/td>\n<td style=\"text-align: center;\">1304 x 372 x 368<\/td>\n<td style=\"text-align: center;\">1250 x 294 x 263<\/td>\n<td style=\"text-align: center;\">105<\/td>\n<\/tr>\n<\/tbody>\n<\/table>\n","protected":false},"excerpt":{"rendered":"<p>Con\u00e7u pour contenir des armes longues et jusqu&#8217;\u00e0 5 armes de poing : L&#8217;armoire-forte Ranger N5 de degr\u00e9 de r\u00e9sistance 0 L&#8217;armoire-forte Ranger N5 a \u00e9t\u00e9 con\u00e7ue pour pouvoir y d\u00e9poser de mani\u00e8re s\u00e9curis\u00e9e et responsable des armes longues et &hellip; <a class=\"kt-excerpt-readmore\" href=\"https:\/\/test.burgwaechterservice.de\/fr\/p\/coffres-forts\/ranger-n5\/\" aria-label=\"Armoire-forte Ranger N5\">Lire la suite<\/a><\/p>\n","protected":false},"featured_media":422947,"comment_status":"closed","ping_status":"closed","template":"","meta":[],"product_cat":[34,40],"product_tag":[547,7783],"yoast_head":"<!-- This site is optimized with the Yoast SEO Premium plugin v18.4 (Yoast SEO v19.13) - https:\/\/yoast.com\/wordpress\/plugins\/seo\/ -->\n<title>Armoire-fort Ranger N5 du sp\u00e9cialiste BURG-W\u00c4CHTER<\/title>\n<meta name=\"description\" content=\"Disponible avec deux syst\u00e8mes de fermeture (cl\u00e9 ou code). Le coffre-fort Ranger N5 est adapt\u00e9 au d\u00e9p\u00f4t d&#039;armes. Par le fabricant BURG-W\u00c4CHTER.\" \/>\n<meta name=\"robots\" content=\"index, follow, max-snippet:-1, max-image-preview:large, max-video-preview:-1\" \/>\n<link rel=\"canonical\" href=\"https:\/\/test.burgwaechterservice.de\/fr\/p\/coffres-forts\/ranger-n5\/\" \/>\n<meta property=\"og:locale\" content=\"fr_FR\" \/>\n<meta property=\"og:type\" content=\"article\" \/>\n<meta property=\"og:title\" content=\"Armoire-forte Ranger N5\" \/>\n<meta property=\"og:description\" content=\"Disponible avec deux syst\u00e8mes de fermeture (cl\u00e9 ou code). Le coffre-fort Ranger N5 est adapt\u00e9 au d\u00e9p\u00f4t d&#039;armes. Par le fabricant BURG-W\u00c4CHTER.\" \/>\n<meta property=\"og:url\" content=\"https:\/\/test.burgwaechterservice.de\/fr\/p\/coffres-forts\/ranger-n5\/\" \/>\n<meta property=\"og:site_name\" content=\"Burg-W\u00e4chter France\" \/>\n<meta property=\"article:modified_time\" content=\"2020-08-12T07:44:43+00:00\" \/>\n<meta property=\"og:image\" content=\"https:\/\/test.burgwaechterservice.de\/fr\/wp-content\/uploads\/sites\/4\/2020\/06\/Ranger-N5-offen.jpg\" \/>\n\t<meta property=\"og:image:width\" content=\"1000\" \/>\n\t<meta property=\"og:image:height\" content=\"1000\" \/>\n\t<meta property=\"og:image:type\" content=\"image\/jpeg\" \/>\n<meta name=\"twitter:card\" content=\"summary_large_image\" \/>\n<meta name=\"twitter:label1\" content=\"Dur\u00e9e de lecture estim\u00e9e\" \/>\n\t<meta name=\"twitter:data1\" content=\"4 minutes\" \/>\n<!-- \/ Yoast SEO Premium plugin. -->","yoast_head_json":{"title":"Armoire-fort Ranger N5 du sp\u00e9cialiste BURG-W\u00c4CHTER","description":"Disponible avec deux syst\u00e8mes de fermeture (cl\u00e9 ou code). Le coffre-fort Ranger N5 est adapt\u00e9 au d\u00e9p\u00f4t d'armes. Par le fabricant BURG-W\u00c4CHTER.","robots":{"index":"index","follow":"follow","max-snippet":"max-snippet:-1","max-image-preview":"max-image-preview:large","max-video-preview":"max-video-preview:-1"},"canonical":"https:\/\/test.burgwaechterservice.de\/fr\/p\/coffres-forts\/ranger-n5\/","og_locale":"fr_FR","og_type":"article","og_title":"Armoire-forte Ranger N5","og_description":"Disponible avec deux syst\u00e8mes de fermeture (cl\u00e9 ou code). Le coffre-fort Ranger N5 est adapt\u00e9 au d\u00e9p\u00f4t d'armes. Par le fabricant BURG-W\u00c4CHTER.","og_url":"https:\/\/test.burgwaechterservice.de\/fr\/p\/coffres-forts\/ranger-n5\/","og_site_name":"Burg-W\u00e4chter France","article_modified_time":"2020-08-12T07:44:43+00:00","og_image":[{"width":1000,"height":1000,"url":"https:\/\/test.burgwaechterservice.de\/fr\/wp-content\/uploads\/sites\/4\/2020\/06\/Ranger-N5-offen.jpg","type":"image\/jpeg"}],"twitter_card":"summary_large_image","twitter_misc":{"Dur\u00e9e de lecture estim\u00e9e":"4 minutes"},"schema":{"@context":"https:\/\/schema.org","@graph":[{"@type":"WebPage","@id":"https:\/\/test.burgwaechterservice.de\/fr\/p\/coffres-forts\/ranger-n5\/","url":"https:\/\/test.burgwaechterservice.de\/fr\/p\/coffres-forts\/ranger-n5\/","name":"Armoire-fort Ranger N5 du sp\u00e9cialiste BURG-W\u00c4CHTER","isPartOf":{"@id":"https:\/\/test.burgwaechterservice.de\/fr\/#website"},"datePublished":"2020-06-29T07:25:45+00:00","dateModified":"2020-08-12T07:44:43+00:00","description":"Disponible avec deux syst\u00e8mes de fermeture (cl\u00e9 ou code). Le coffre-fort Ranger N5 est adapt\u00e9 au d\u00e9p\u00f4t d'armes. Par le fabricant BURG-W\u00c4CHTER.","breadcrumb":{"@id":"https:\/\/test.burgwaechterservice.de\/fr\/p\/coffres-forts\/ranger-n5\/#breadcrumb"},"inLanguage":"fr-FR","potentialAction":[{"@type":"ReadAction","target":["https:\/\/test.burgwaechterservice.de\/fr\/p\/coffres-forts\/ranger-n5\/"]}]},{"@type":"BreadcrumbList","@id":"https:\/\/test.burgwaechterservice.de\/fr\/p\/coffres-forts\/ranger-n5\/#breadcrumb","itemListElement":[{"@type":"ListItem","position":1,"name":"Accueil","item":"https:\/\/test.burgwaechterservice.de\/fr\/"},{"@type":"ListItem","position":2,"name":"Produits","item":"https:\/\/test.burgwaechterservice.de\/fr\/p\/"},{"@type":"ListItem","position":3,"name":"Armoire-forte Ranger N5"}]},{"@type":"WebSite","@id":"https:\/\/test.burgwaechterservice.de\/fr\/#website","url":"https:\/\/test.burgwaechterservice.de\/fr\/","name":"Burg-W\u00e4chter France","description":"Le choix le plus s\u00fbr!","potentialAction":[{"@type":"SearchAction","target":{"@type":"EntryPoint","urlTemplate":"https:\/\/test.burgwaechterservice.de\/fr\/?s={search_term_string}"},"query-input":"required name=search_term_string"}],"inLanguage":"fr-FR"}]}},"_links":{"self":[{"href":"https:\/\/test.burgwaechterservice.de\/fr\/wp-json\/wp\/v2\/product\/422946"}],"collection":[{"href":"https:\/\/test.burgwaechterservice.de\/fr\/wp-json\/wp\/v2\/product"}],"about":[{"href":"https:\/\/test.burgwaechterservice.de\/fr\/wp-json\/wp\/v2\/types\/product"}],"replies":[{"embeddable":true,"href":"https:\/\/test.burgwaechterservice.de\/fr\/wp-json\/wp\/v2\/comments?post=422946"}],"wp:featuredmedia":[{"embeddable":true,"href":"https:\/\/test.burgwaechterservice.de\/fr\/wp-json\/wp\/v2\/media\/422947"}],"wp:attachment":[{"href":"https:\/\/test.burgwaechterservice.de\/fr\/wp-json\/wp\/v2\/media?parent=422946"}],"wp:term":[{"taxonomy":"product_cat","embeddable":true,"href":"https:\/\/test.burgwaechterservice.de\/fr\/wp-json\/wp\/v2\/product_cat?post=422946"},{"taxonomy":"product_tag","embeddable":true,"href":"https:\/\/test.burgwaechterservice.de\/fr\/wp-json\/wp\/v2\/product_tag?post=422946"}],"curies":[{"name":"wp","href":"https:\/\/api.w.org\/{rel}","templated":true}]}}