{"id":409670,"date":"2020-06-02T14:34:19","date_gmt":"2020-06-02T12:34:19","guid":{"rendered":"https:\/\/www.burg.biz\/fr\/p\/coffres-forts\/dual\/"},"modified":"2022-06-24T11:24:13","modified_gmt":"2022-06-24T09:24:13","slug":"dual","status":"publish","type":"product","link":"https:\/\/test.burgwaechterservice.de\/fr\/p\/coffres-forts\/dual\/","title":{"rendered":"Coffre-fort Dual"},"content":{"rendered":"<h2>Le coffre-fort Dual offre une protection anti effraction certifi\u00e9e et une protection anti feu certifi\u00e9e<\/h2>\n<p>Tout est dans le nom : <strong>le coffre-fort Dual de BURG-W\u00c4CHTER assure une s\u00e9curit\u00e9 double.<\/strong> En effet, ce coffre-fort allie une protection certifi\u00e9e contre l&#8217;effraction et une protection certifi\u00e9e contre le feu (r\u00e9sistance au feu LFS 30P suivant la norme europ\u00e9enne EN 15659). Ainsi, documents importants, argent liquide et autres objets de valeurs sont <strong>prot\u00e9g\u00e9s du feu et de la chaleur pendant jusqu&#8217;\u00e0 30 minutes en cas d&#8217;incendie<\/strong>. De surcro\u00eet, une isolation composite est encastr\u00e9e devant la plaque de porte, y faisant office de protection contre la chaleur pour la serrure et le dispositif de verrouillage. En ce qui concerne la protection anti-effraction, le coffre-fort Dual est certifi\u00e9 selon la norme S2 suivant DIN EN 14450.<\/p>\n<h3>Voici comment le coffre-fort est construit<\/h3>\n<p>Le coffre-fort Dual dispose de nombreux atouts au service de votre s\u00e9curit\u00e9. Par exemple, le coffre-fort pr\u00e9sente une construction <strong>\u00e0 double-paroi<\/strong>. Les verrouillages lat\u00e9raux par des <strong>p\u00eanes ronds \u00e9pais de 25 mm<\/strong>, un <strong>loquet<\/strong> sur le dessus avec une protection suppl\u00e9mentaire contre l&#8217;enfoncement ainsi qu&#8217;un <strong>rail de maintient<\/strong> du c\u00f4t\u00e9 charni\u00e8re offrent encore de la protection suppl\u00e9mentaire. Par ailleurs, les charni\u00e8res sont int\u00e9gr\u00e9es au coffre-fort et ne pr\u00e9sentent ainsi aucun point d&#8217;attaque.<\/p>\n<h3>Le coffre-fort Dual, \u00e9quip\u00e9 pour un ancrage s\u00fbr<\/h3>\n<p>Afin qu&#8217;un coffre-fort ne puisse pas \u00eatre facilement enlev\u00e9 par des cambrioleurs, un <strong>ancrage solide<\/strong> est absolument n\u00e9cessaire. Pour que vous puissiez ancrer le coffre-fort Dual tr\u00e8s facilement, ce coffre-fort est \u00e9quip\u00e9 usine de <strong>respectivement deux trous dans la paroi arri\u00e8re et dans le sol<\/strong> (trous dispos\u00e9s en diagonale) pour un ancrage robuste. Afin de garder objets de valeur et documents sans s&#8217;y perdre, chaque mod\u00e8le est livr\u00e9 avec une \u00e9tag\u00e8re r\u00e9glable.<\/p>\n<h3>Trois tailles de coffre-fort, ouverture par cl\u00e9, code ou empreinte digitale<\/h3>\n<p>Avec le coffre-fort Dual, chacun trouve le mod\u00e8le adapt\u00e9. Ceci est possible gr\u00e2ce \u00e0 une large s\u00e9lection parmi <strong>trois tailles et deux syst\u00e8mes de fermeture<\/strong>. Les coffres-forts de la gamme Dual ont un volume de 15 litres (DS 415), 27 litres (DS 425) et 50 litres (DS 445). Nous pr\u00e9cisons que la plus grande variante offre de la place pour jusqu&#8217;\u00e0 huit grand classeurs \u00e0 levier. Astuce : si vous ne parvenez pas \u00e0 choisir une taille de coffre-fort lors de l&#8217;achat, choisissez plut\u00f4t le mod\u00e8le le plus grand. En effet, par exp\u00e9rience, il y a au fil des ann\u00e9es toujours plus d&#8217;objets qui doivent \u00eatre gard\u00e9s en s\u00e9curit\u00e9.<\/p>\n<h3>Electronique moderne de coffre-fort &#8220;SecuTronic&#8221; avec clavier tactile<\/h3>\n<p>En mati\u00e8re de syst\u00e8me de fermeture, vous avez le choix entre la <strong>serrure \u00e0 cl\u00e9 m\u00e9canique classique &#8220;SecuSafe&#8221; (mod\u00e8les K)<\/strong> et le <strong>syst\u00e8me de fermeture \u00e9lectronique &#8220;SecuTronic&#8221; (mod\u00e8les E FP)<\/strong> pour une ouverture par code ou empreinte digitale. L&#8217;\u00e9lectronique moderne de coffre-fort &#8220;SecuTronic&#8221; TRSE 12 H FP comprend <strong>un clavier tactile dispos\u00e9 en pente et un \u00e9cran graphique<\/strong>. Au lieu de chercher la touche &#8220;On&#8221;, vous n&#8217;avez qu&#8217;\u00e0 passer un doigt sur le clavier. Et il est aussit\u00f4t activ\u00e9 et \u00e9clair\u00e9 en deux couleurs.<\/p>\n<p>Par ailleurs, la disposition en pente offre une vue optimale y compris du dessus. Bien s\u00fbr, vous pouvez choisir en toute libert\u00e9 le code d&#8217;ouverture. Nous pr\u00e9cisons \u00e0 cet endroit que vous disposez d&#8217;un code administrateur et de neuf codes utilisateur. En outre, vous pouvez consulter l&#8217;historique des ouvertures directement \u00e0 l&#8217;\u00e9cran. &#8220;SecuTronic&#8221; TRSE 12 H FP dispose d&#8217;une<strong> latence d&#8217;ouverture<\/strong> (max. 99 min.). Cela signifie : une fois le code d&#8217;ouverture saisi, le d\u00e9lai de latence programm\u00e9 doit s&#8217;\u00e9couler avant qu&#8217;il soit de nouveau possible d&#8217;ouvrir le coffre-fort Dual. A partir de trois saisies erron\u00e9es du code, un <strong>temps de blocage<\/strong> est activ\u00e9. Ainsi, les cambrioleurs n&#8217;ont pas la possibilit\u00e9 d&#8217;essayer de nombreuses combinaisons.<\/p>\n<p><span style=\"color: #000000;\">Le coffre-fort Dual permet gr\u00e2ce au niveau de s\u00e9curit\u00e9 B une protection d&#8217;assurance pouvant aller jusqu&#8217;\u00e0 20 000 euros (priv\u00e9) et 2500 euros (entreprise). Veuillez prendre en consid\u00e9ration qu&#8217;un accord avec votre assureur est n\u00e9cessaire en raison des conditions d&#8217;assurance vari\u00e9es.<br \/>\n<\/span><\/p>\n<h3><span style=\"color: #000000;\">Voici ce qu&#8217;offre le coffre-fort Dual<\/span><\/h3>\n<ul>\n<li>Coffres-forts avec une certification valable au niveau europ\u00e9en<\/li>\n<li>S\u00e9curit\u00e9 test\u00e9e et contr\u00f4l\u00e9e par l&#8217;ECB\u00b7S<\/li>\n<li>Protection anti-effraction et anti-feu v\u00e9rifi\u00e9e et certifi\u00e9e<\/li>\n<li>Niveau de s\u00e9curit\u00e9 S2 selon DIN EN 14450<\/li>\n<li>R\u00e9sistance au feu LFS 30 selon EN 15659 \u2013 30 minutes de protection du papier contre le feu<\/li>\n<li>Mat\u00e9riau ignifuge selon DIN 4102<\/li>\n<li>Isolation composite devant la plaque de porte assurant une protection contre la chaleur pour la serrure et le dispositif de verrouillage<\/li>\n<li>Structure \u00e0 double-paroi<\/li>\n<li>Charni\u00e8res int\u00e9gr\u00e9es dans le coffre-fort<\/li>\n<li>Verrouillage lat\u00e9ral par des p\u00eanes ronds \u00e9pais de 25 mm et loquet sur le dessus<\/li>\n<li>Rail de maintient du c\u00f4t\u00e9 charni\u00e8re<\/li>\n<li>Possibilit\u00e9 d&#8217;ancrage dans le mur arri\u00e8re et le sol, respectivement deux trous perc\u00e9s en diagonale (mat\u00e9riel de fixation fourni)<\/li>\n<li>Corps : gris brillant, porte : gris clair<\/li>\n<li>Fabriqu\u00e9 en s\u00e9rie avec une \u00e9tag\u00e8re r\u00e9glable<\/li>\n<\/ul>\n<h5><span style=\"color: #000000;\">Mod\u00e8le K (serrure m\u00e9canique, SecuSafe)<\/span><\/h5>\n<ul>\n<li>Serrure de s\u00e9curit\u00e9 blind\u00e9e \u00e0 double panneton<\/li>\n<li>Test\u00e9e par le VdS, cat\u00e9gorie 1<\/li>\n<li>Certifi\u00e9e par l&#8217;ECB\u00b7S suivant EN 1300, cat\u00e9gorie A<\/li>\n<li>Neuf pistons de serrure<\/li>\n<li>1.000.000 de fermetures diff\u00e9rentes<\/li>\n<li>Fabriqu\u00e9 usine avec deux cl\u00e9s<\/li>\n<li>DS 415\/425\/445 : Le dispositif de serrure d\u00e9passe de 13 mm du corps du coffre ; DS 465 : Le dispositif de serrure d\u00e9passe de 11 mm du corps du coffre<\/li>\n<\/ul>\n<h5>Mod\u00e8le E FP (Serrure \u00e9lectronique avec lecteur d&#8217;empreintes digitales, SecuTronic)<\/h5>\n<ul>\n<li>Certifi\u00e9 par l&#8217;ECB\u2022S (cat\u00e9gorie B)<\/li>\n<li>Reconnaissance de doigt vivant &#8220;Fake Finger Detection&#8221;<\/li>\n<li>Jusqu&#8217;\u00e0 10 codes utilisateur \u00e0 six chiffres<\/li>\n<li>Jusqu&#8217;\u00e0 20 empreintes digitales<\/li>\n<li>Electronique moderne avec \u00e9cran graphique et clavier tactile (\u00e9clair\u00e9)<\/li>\n<li>Interface dispos\u00e9e en pente pour une ergonomie optimale<\/li>\n<li>D\u00e9lai de latence d&#8217;ouverture param\u00e9trable (max. 99 min.)<\/li>\n<li>Possibilit\u00e9 de consulter l&#8217;historique des ouvertures\/fermetures<\/li>\n<li>Menu en douze langues<\/li>\n<li>Changement des piles simple (piles incluses)<\/li>\n<li>La structure de la serrure d\u00e9passe de 20 mm<\/li>\n<\/ul>\n<h3>Les mod\u00e8les Dual-Safe en aper\u00e7u<\/h3>\n<table class=\"ausfuehrung\">\n<thead>\n<tr>\n<td>Article<\/td>\n<td>Dimensions ext\u00e9rieur h x l x p (mm)<\/td>\n<td>Dimensions int\u00e9rieur h x l x p (mm)<\/td>\n<td>Dimensions porte h x l (ouverture en mm)<\/td>\n<td>Poids (kg)<\/td>\n<td>Volume (l)<\/td>\n<td>Syst\u00e8me de fermeture<\/td>\n<\/tr>\n<\/thead>\n<tbody>\n<tr>\n<td>DS 415 K<\/td>\n<td>320 x 435 x 380<\/td>\n<td>205 x 320 x 232<\/td>\n<td>205 x 265<\/td>\n<td>44,0<\/td>\n<td>15,0<\/td>\n<td>Serrure m\u00e9canique<\/td>\n<\/tr>\n<tr>\n<td>DS 425 K<\/td>\n<td>360 x 495 x 445<\/td>\n<td>245 x 380 x 297<\/td>\n<td>245 x 325<\/td>\n<td>55,0<\/td>\n<td>27,0<\/td>\n<td>Serrure m\u00e9canique<\/td>\n<\/tr>\n<\/tbody>\n<tbody>\n<tr>\n<td>DS 445 K<\/td>\n<td>560 x 495 x 445<\/td>\n<td>445 x 380 x 297<\/td>\n<td>445 x 325<\/td>\n<td>77,0<\/td>\n<td>50,0<\/td>\n<td>Serrure m\u00e9canique<\/td>\n<\/tr>\n<tr>\n<td>DS 415 E FP<\/td>\n<td>320 x 435 x 380<\/td>\n<td>205 x 320 x 232<\/td>\n<td>205 x 265<\/td>\n<td>44,0<\/td>\n<td>15,0<\/td>\n<td>Code et empreinte digitale<\/td>\n<\/tr>\n<tr>\n<td>DS 425 E FP<\/td>\n<td>360 x 495 x 445<\/td>\n<td>245 x 380 x 297<\/td>\n<td>245 x 325<\/td>\n<td>55,0<\/td>\n<td>27,0<\/td>\n<td>Code et empreinte digitale<\/td>\n<\/tr>\n<\/tbody>\n<tbody>\n<tr>\n<td>DS 445 E FP<\/td>\n<td>560 x 495 x 445<\/td>\n<td>445 x 380 x 297<\/td>\n<td>445 x 325<\/td>\n<td>77,0<\/td>\n<td>50,0<\/td>\n<td>Code et empreinte digitale<\/td>\n<\/tr>\n<\/tbody>\n<\/table>\n<h3>Nos coffres-forts en comparaison<\/h3>\n<p><a class=\"mobilealternative\" href=\"https:\/\/test.burgwaechterservice.de\/wp-content\/uploads\/2016\/06\/Tresorvergleich.pdf\" target=\"_blank\" rel=\"noopener noreferrer\">T\u00e9l\u00e9charger le tableau de comparaison au format Pdf<\/a><\/p>\n<div class=\"produktvergleich\">\n<p><a href=\"https:\/\/test.burgwaechterservice.de\/tresorvergleich\">Plus d&#8217;informations dans le <strong>tableau exhaustif<\/strong><\/a><\/p>\n<table class=\"produktvergleich\" cellspacing=\"0\" cellpadding=\"0\">\n<tbody>\n<tr>\n<td class=\"tbdesc\">Coffres-forts<\/td>\n<td><a href=\"https:\/\/test.burgwaechterservice.de\/produkt-schlagwort\/pointsafe\/\">Pointsafe<\/a><\/td>\n<td><a href=\"https:\/\/test.burgwaechterservice.de\/produkt-schlagwort\/homesafe-h3\/\">Homesafe H 3<\/a><\/td>\n<td><a href=\"https:\/\/test.burgwaechterservice.de\/produkt-schlagwort\/homesafe\/\">Homesafe<\/a><\/td>\n<td><a href=\"https:\/\/test.burgwaechterservice.de\/produkt-schlagwort\/cityline\/\">CityLine<\/a><\/td>\n<td><a href=\"https:\/\/test.burgwaechterservice.de\/produkt-schlagwort\/combi-line\/\">Combi-Line<\/a><\/td>\n<td><a href=\"https:\/\/test.burgwaechterservice.de\/p\/tresor-safe\/kurzwaffentresor-magno\/\">Magno<\/a><\/td>\n<td><a href=\"https:\/\/test.burgwaechterservice.de\/produkt-schlagwort\/karat\/\">Karat<\/a><\/td>\n<td><a href=\"https:\/\/test.burgwaechterservice.de\/produkt-schlagwort\/diplomat\/\">Diplomat<\/a><\/td>\n<\/tr>\n<tr>\n<td class=\"tbdesc\">Niveau de s\u00e9curit\u00e9 BURG-W\u00c4CHTER<\/td>\n<td class=\"nopadding\"><img decoding=\"async\" class=\"alignnone size-full wp-image-31072\" src=\"https:\/\/test.burgwaechterservice.de\/wp-content\/uploads\/2016\/06\/2_Sterne-1.png\" alt=\"2_Sterne\" width=\"110\" height=\"15\" \/><\/td>\n<td class=\"nopadding\"><img decoding=\"async\" class=\"alignnone size-full wp-image-31073\" src=\"https:\/\/test.burgwaechterservice.de\/wp-content\/uploads\/2016\/06\/2_1-2_Sterne-1.png\" alt=\"2_1-2_Sterne\" width=\"110\" height=\"15\" \/><\/td>\n<td class=\"nopadding\"><img decoding=\"async\" class=\"alignnone size-full wp-image-31074\" src=\"https:\/\/test.burgwaechterservice.de\/wp-content\/uploads\/2016\/06\/3_Sterne-1.png\" alt=\"3_Sterne\" width=\"110\" height=\"15\" \/><\/td>\n<td class=\"nopadding\"><img decoding=\"async\" class=\"alignnone size-full wp-image-31074\" src=\"https:\/\/test.burgwaechterservice.de\/wp-content\/uploads\/2016\/06\/3_Sterne-1.png\" alt=\"3_Sterne\" width=\"110\" height=\"15\" \/><\/td>\n<td class=\"nopadding\"><img loading=\"lazy\" decoding=\"async\" class=\"alignnone size-full wp-image-31075\" src=\"https:\/\/test.burgwaechterservice.de\/wp-content\/uploads\/2016\/06\/4_Sterne-1.png\" alt=\"4_Sterne\" width=\"110\" height=\"15\" \/><\/td>\n<td class=\"nopadding\"><img loading=\"lazy\" decoding=\"async\" class=\"alignnone size-full wp-image-31076\" src=\"https:\/\/test.burgwaechterservice.de\/wp-content\/uploads\/2016\/06\/5_Sterne-1.png\" alt=\"5_Sterne\" width=\"110\" height=\"15\" \/><\/td>\n<td class=\"nopadding\"><img loading=\"lazy\" decoding=\"async\" class=\"alignnone size-full wp-image-31076\" src=\"https:\/\/test.burgwaechterservice.de\/wp-content\/uploads\/2016\/06\/5_Sterne-1.png\" alt=\"5_Sterne\" width=\"110\" height=\"15\" \/><\/td>\n<td class=\"nopadding\"><img loading=\"lazy\" decoding=\"async\" class=\"alignnone size-full wp-image-31077\" src=\"https:\/\/test.burgwaechterservice.de\/wp-content\/uploads\/2016\/06\/6_Sterne-1.png\" alt=\"6_Sterne\" width=\"110\" height=\"15\" \/><\/td>\n<\/tr>\n<tr>\n<td class=\"tbdesc\">Niveau de s\u00e9curit\u00e9 \/ degr\u00e9 de r\u00e9sistance<\/td>\n<td>\u2212<\/td>\n<td>A selon VDMA 24992<\/td>\n<td>B selon VDMA 24992<\/td>\n<td>B selon VDMA 24992<\/td>\n<td>B selon VDMA 24992 \/<br \/>\nS2 selon DIN EN 14450<\/td>\n<td>N selon EN 1143-1<\/td>\n<td>N selon EN 1143-1<\/td>\n<td>I selon EN 1143-1<\/td>\n<\/tr>\n<tr>\n<td class=\"tbdesc\">R\u00e9sistance au feu v\u00e9rifi\u00e9e<\/td>\n<td>\u2212<\/td>\n<td>\u2212<\/td>\n<td>\u2212<\/td>\n<td>\u2212<\/td>\n<td>30 minutes selon EN 15659<\/td>\n<td>\u2212<\/td>\n<td>\u2212<\/td>\n<td>60 minutes selon EN 15659<\/td>\n<\/tr>\n<tr>\n<td class=\"tbdesc\">Serrure de s\u00e9curit\u00e9 \u00e0 double panneton<\/td>\n<td class=\"check\"><\/td>\n<td class=\"check\"><\/td>\n<td class=\"check\"><\/td>\n<td>\u2212<\/td>\n<td class=\"check\"><\/td>\n<td class=\"check\"><\/td>\n<td>\u2212<\/td>\n<td>\u2212<\/td>\n<\/tr>\n<tr>\n<td class=\"tbdesc\">Serrure de s\u00e9curit\u00e9 r\u00e9glable \u00e0 double panneton<\/td>\n<td>\u2212<\/td>\n<td>\u2212<\/td>\n<td>\u2212<\/td>\n<td class=\"check\"><\/td>\n<td>\u2212<\/td>\n<td>\u2212<\/td>\n<td class=\"check\"><\/td>\n<td class=\"check\"><\/td>\n<\/tr>\n<tr>\n<td class=\"tbdesc\">Serrure \u00e9lectronique \u00e0 code<\/td>\n<td class=\"check\"><\/td>\n<td>\u2212<\/td>\n<td>\u2212<\/td>\n<td>\u2212<\/td>\n<td>\u2212<\/td>\n<td>\u2212<\/td>\n<td>\u2212<\/td>\n<td>\u2212<\/td>\n<\/tr>\n<tr>\n<td class=\"tbdesc\">Serrure \u00e9lectronique \u00e0 code v\u00e9rifi\u00e9e par ECB-S \/ VdS<\/td>\n<td>\u2212<\/td>\n<td class=\"check\"><\/td>\n<td class=\"check\"><\/td>\n<td class=\"check\"><\/td>\n<td class=\"check\"><\/td>\n<td class=\"check\"><\/td>\n<td class=\"check\"><\/td>\n<td class=\"check\"><\/td>\n<\/tr>\n<tr>\n<td class=\"tbdesc\">Serrure \u00e9lectronique \u00e0 code avec lecteur d&#8217;empreintes digitales<\/td>\n<td class=\"check\"><\/td>\n<td>\u2212<\/td>\n<td>\u2212<\/td>\n<td>\u2212<\/td>\n<td>\u2212<\/td>\n<td>\u2212<\/td>\n<td>\u2212<\/td>\n<td>\u2212<\/td>\n<\/tr>\n<tr>\n<td class=\"tbdesc\">Serrure \u00e9lectronique \u00e0 code avec lecteur d&#8217;empreintes digitales certifi\u00e9e VdS<\/td>\n<td>\u2212<\/td>\n<td>\u2212<\/td>\n<td>\u2212<\/td>\n<td class=\"check\"><\/td>\n<td class=\"check\"><\/td>\n<td>\u2212<\/td>\n<td class=\"check\"><\/td>\n<td class=\"check\"><\/td>\n<\/tr>\n<tr>\n<td class=\"tbdesc\"><\/td>\n<td><\/td>\n<td><\/td>\n<td><\/td>\n<td><\/td>\n<td><\/td>\n<td><\/td>\n<td><\/td>\n<td><\/td>\n<\/tr>\n<tr>\n<td class=\"tbdesc\">Montants d&#8217;assurance possibles (particulier)<\/td>\n<td>*<\/td>\n<td>*<\/td>\n<td>*<\/td>\n<td>*<\/td>\n<td>20.000 \u20ac<\/td>\n<td>40.000 \u20ac<\/td>\n<td>40.000 \u20ac<\/td>\n<td>65.000 \u20ac<\/td>\n<\/tr>\n<tr>\n<td class=\"tbdesc\">Montants d&#8217;assurance possibles (entreprise)<\/td>\n<td>\u2212<\/td>\n<td>2.500 \u20ac<\/td>\n<td>2.500 \u20ac<\/td>\n<td>2.500 \u20ac<\/td>\n<td>2.500 \u20ac<\/td>\n<td>10.000 \u20ac<\/td>\n<td>10.000 \u20ac<\/td>\n<td>20.000 \u20ac<\/td>\n<\/tr>\n<\/tbody>\n<\/table>\n<div class=\"small\">\n<h4>Conditions d&#8217;assurance pour coffres-forts<\/h4>\n<p>En raison des conditions d&#8217;assurance variables, il est n\u00e9cessaire de passer un accord avec votre assureur. Vous pourrez obtenir un montant d&#8217;assurance plus haut que ce qui est pr\u00e9vu par les dispositions l\u00e9gales en parlant avec votre assureur.<\/p>\n<ul>\n<li>Tous les coffres-forts d&#8217;une masse inf\u00e9rieure \u00e0 1 000 kg sont munis d&#8217;un dispositif d&#8217;ancrage. Ils doivent \u00eatre ancr\u00e9s en suivant la notice d&#8217;installation. Une notice d&#8217;utilisation et d&#8217;installation est fournie avec tout r\u00e9ceptacle reconnu par ECB-S\/VdS.<\/li>\n<li>En raison de la clause du port de la cl\u00e9 et du risque \u00e9lev\u00e9 de vol de cl\u00e9, les assurances recommandent des serrures \u00e0 code. Burg-W\u00e4chter propose des coffres-forts avec des serrures m\u00e9caniques \u00e0 code ou des serrures \u00e9lectroniques \u00e0 code. Celles-cis augmentent votre protection.<\/li>\n<\/ul>\n<p>Veuillez prendre en consid\u00e9ration que plus votre coffre-fort est s\u00fbr, moins ch\u00e8re sera la prime d&#8217;assurance.<\/p>\n<\/div>\n<\/div>\n","protected":false},"excerpt":{"rendered":"<p>Le coffre-fort Dual offre une protection anti effraction certifi\u00e9e et une protection anti feu certifi\u00e9e Tout est dans le nom : le coffre-fort Dual de BURG-W\u00c4CHTER assure une s\u00e9curit\u00e9 double. En effet, ce coffre-fort allie une protection certifi\u00e9e contre l&#8217;effraction &hellip; <a class=\"kt-excerpt-readmore\" href=\"https:\/\/test.burgwaechterservice.de\/fr\/p\/coffres-forts\/dual\/\" aria-label=\"Coffre-fort Dual\">Lire la suite<\/a><\/p>\n","protected":false},"featured_media":409671,"comment_status":"closed","ping_status":"closed","template":"","meta":[],"product_cat":[34,58,52],"product_tag":[7677],"yoast_head":"<!-- This site is optimized with the Yoast SEO Premium plugin v18.4 (Yoast SEO v19.13) - https:\/\/yoast.com\/wordpress\/plugins\/seo\/ -->\n<title>S\u00e9curit\u00e9 double ! Coffre-fort Dual avec protection anti-effraction et anti-feu<\/title>\n<meta name=\"description\" content=\"Un coffre-fort Dual de BURG-W\u00c4CHTER est l&#039;assurance d&#039;une s\u00e9curit\u00e9 contr\u00f4l\u00e9e et certifi\u00e9e contre l&#039;effraction et le feu. Ouverture par cl\u00e9 ou par code.\" \/>\n<meta name=\"robots\" content=\"index, follow, max-snippet:-1, max-image-preview:large, max-video-preview:-1\" \/>\n<link rel=\"canonical\" href=\"https:\/\/test.burgwaechterservice.de\/fr\/p\/coffres-forts\/dual\/\" \/>\n<meta property=\"og:locale\" content=\"fr_FR\" \/>\n<meta property=\"og:type\" content=\"article\" \/>\n<meta property=\"og:title\" content=\"Coffre-fort Dual\" \/>\n<meta property=\"og:description\" content=\"Un coffre-fort Dual de BURG-W\u00c4CHTER est l&#039;assurance d&#039;une s\u00e9curit\u00e9 contr\u00f4l\u00e9e et certifi\u00e9e contre l&#039;effraction et le feu. Ouverture par cl\u00e9 ou par code.\" \/>\n<meta property=\"og:url\" content=\"https:\/\/test.burgwaechterservice.de\/fr\/p\/coffres-forts\/dual\/\" \/>\n<meta property=\"og:site_name\" content=\"Burg-W\u00e4chter France\" \/>\n<meta property=\"article:modified_time\" content=\"2022-06-24T09:24:13+00:00\" \/>\n<meta property=\"og:image\" content=\"https:\/\/test.burgwaechterservice.de\/fr\/wp-content\/uploads\/sites\/4\/2020\/06\/Tresor-Dual-Safe-DS-425-E-FP-BURG-W\u00c4CHTER.jpg\" \/>\n\t<meta property=\"og:image:width\" content=\"1000\" \/>\n\t<meta property=\"og:image:height\" content=\"1000\" \/>\n\t<meta property=\"og:image:type\" content=\"image\/jpeg\" \/>\n<meta name=\"twitter:card\" content=\"summary_large_image\" \/>\n<meta name=\"twitter:label1\" content=\"Dur\u00e9e de lecture estim\u00e9e\" \/>\n\t<meta name=\"twitter:data1\" content=\"8 minutes\" \/>\n<!-- \/ Yoast SEO Premium plugin. -->","yoast_head_json":{"title":"S\u00e9curit\u00e9 double ! Coffre-fort Dual avec protection anti-effraction et anti-feu","description":"Un coffre-fort Dual de BURG-W\u00c4CHTER est l'assurance d'une s\u00e9curit\u00e9 contr\u00f4l\u00e9e et certifi\u00e9e contre l'effraction et le feu. Ouverture par cl\u00e9 ou par code.","robots":{"index":"index","follow":"follow","max-snippet":"max-snippet:-1","max-image-preview":"max-image-preview:large","max-video-preview":"max-video-preview:-1"},"canonical":"https:\/\/test.burgwaechterservice.de\/fr\/p\/coffres-forts\/dual\/","og_locale":"fr_FR","og_type":"article","og_title":"Coffre-fort Dual","og_description":"Un coffre-fort Dual de BURG-W\u00c4CHTER est l'assurance d'une s\u00e9curit\u00e9 contr\u00f4l\u00e9e et certifi\u00e9e contre l'effraction et le feu. Ouverture par cl\u00e9 ou par code.","og_url":"https:\/\/test.burgwaechterservice.de\/fr\/p\/coffres-forts\/dual\/","og_site_name":"Burg-W\u00e4chter France","article_modified_time":"2022-06-24T09:24:13+00:00","og_image":[{"width":1000,"height":1000,"url":"https:\/\/test.burgwaechterservice.de\/fr\/wp-content\/uploads\/sites\/4\/2020\/06\/Tresor-Dual-Safe-DS-425-E-FP-BURG-W\u00c4CHTER.jpg","type":"image\/jpeg"}],"twitter_card":"summary_large_image","twitter_misc":{"Dur\u00e9e de lecture estim\u00e9e":"8 minutes"},"schema":{"@context":"https:\/\/schema.org","@graph":[{"@type":"WebPage","@id":"https:\/\/test.burgwaechterservice.de\/fr\/p\/coffres-forts\/dual\/","url":"https:\/\/test.burgwaechterservice.de\/fr\/p\/coffres-forts\/dual\/","name":"S\u00e9curit\u00e9 double ! Coffre-fort Dual avec protection anti-effraction et anti-feu","isPartOf":{"@id":"https:\/\/test.burgwaechterservice.de\/fr\/#website"},"datePublished":"2020-06-02T12:34:19+00:00","dateModified":"2022-06-24T09:24:13+00:00","description":"Un coffre-fort Dual de BURG-W\u00c4CHTER est l'assurance d'une s\u00e9curit\u00e9 contr\u00f4l\u00e9e et certifi\u00e9e contre l'effraction et le feu. Ouverture par cl\u00e9 ou par code.","breadcrumb":{"@id":"https:\/\/test.burgwaechterservice.de\/fr\/p\/coffres-forts\/dual\/#breadcrumb"},"inLanguage":"fr-FR","potentialAction":[{"@type":"ReadAction","target":["https:\/\/test.burgwaechterservice.de\/fr\/p\/coffres-forts\/dual\/"]}]},{"@type":"BreadcrumbList","@id":"https:\/\/test.burgwaechterservice.de\/fr\/p\/coffres-forts\/dual\/#breadcrumb","itemListElement":[{"@type":"ListItem","position":1,"name":"Accueil","item":"https:\/\/test.burgwaechterservice.de\/fr\/"},{"@type":"ListItem","position":2,"name":"Produits","item":"https:\/\/test.burgwaechterservice.de\/fr\/p\/"},{"@type":"ListItem","position":3,"name":"Coffre-fort Dual"}]},{"@type":"WebSite","@id":"https:\/\/test.burgwaechterservice.de\/fr\/#website","url":"https:\/\/test.burgwaechterservice.de\/fr\/","name":"Burg-W\u00e4chter France","description":"Le choix le plus s\u00fbr!","potentialAction":[{"@type":"SearchAction","target":{"@type":"EntryPoint","urlTemplate":"https:\/\/test.burgwaechterservice.de\/fr\/?s={search_term_string}"},"query-input":"required name=search_term_string"}],"inLanguage":"fr-FR"}]}},"_links":{"self":[{"href":"https:\/\/test.burgwaechterservice.de\/fr\/wp-json\/wp\/v2\/product\/409670"}],"collection":[{"href":"https:\/\/test.burgwaechterservice.de\/fr\/wp-json\/wp\/v2\/product"}],"about":[{"href":"https:\/\/test.burgwaechterservice.de\/fr\/wp-json\/wp\/v2\/types\/product"}],"replies":[{"embeddable":true,"href":"https:\/\/test.burgwaechterservice.de\/fr\/wp-json\/wp\/v2\/comments?post=409670"}],"wp:featuredmedia":[{"embeddable":true,"href":"https:\/\/test.burgwaechterservice.de\/fr\/wp-json\/wp\/v2\/media\/409671"}],"wp:attachment":[{"href":"https:\/\/test.burgwaechterservice.de\/fr\/wp-json\/wp\/v2\/media?parent=409670"}],"wp:term":[{"taxonomy":"product_cat","embeddable":true,"href":"https:\/\/test.burgwaechterservice.de\/fr\/wp-json\/wp\/v2\/product_cat?post=409670"},{"taxonomy":"product_tag","embeddable":true,"href":"https:\/\/test.burgwaechterservice.de\/fr\/wp-json\/wp\/v2\/product_tag?post=409670"}],"curies":[{"name":"wp","href":"https:\/\/api.w.org\/{rel}","templated":true}]}}