{"id":409657,"date":"2020-06-02T14:33:02","date_gmt":"2020-06-02T12:33:02","guid":{"rendered":"https:\/\/www.burg.biz\/fr\/p\/coffres-forts\/officedoku-2\/"},"modified":"2022-06-24T11:44:00","modified_gmt":"2022-06-24T09:44:00","slug":"officedoku-2","status":"publish","type":"product","link":"https:\/\/test.burgwaechterservice.de\/fr\/p\/coffres-forts\/officedoku-2\/","title":{"rendered":"Office-Doku"},"content":{"rendered":"<h2>Le coffre-fort pour document OfficeDoku, robuste et r\u00e9sistant au feu<\/h2>\n<p>Le Office-Doku par BURG-W\u00c4CHTER :<strong> le coffre-fort parfait pour toute entreprise<\/strong> qui accorde de la valeur \u00e0 la s\u00e9curit\u00e9 des donn\u00e9es clients, des actes et des documents. En effet, le coffre-fort allie un corps solide et beaucoup de place avec une <strong>protection \u00e9lev\u00e9e contre le vol (degr\u00e9 de r\u00e9sistance II).<\/strong> Par ailleurs, le coffre-fort offre une protection certifi\u00e9e du papier contre le feu et la chaleur (60 min pour le papier, S 60 P). Le OfficeDoku est disponible avec deux syst\u00e8mes de fermeture. Vous pouvez ouvrir et fermer votre coffre-fort avec une cl\u00e9 classique (version K) ou avec une serrure \u00e9lectronique moderne avec lecteur d&#8217;empreintes digitales (version E FP).<\/p>\n<h3>Protection ignifuge int\u00e9grale dans tout le coffre-fort<\/h3>\n<p>Le corps du OfficeDoku est \u00e0 double paroi et <strong>int\u00e9gralement rempli de mat\u00e9riau ignifug\u00e9<\/strong>. Ainsi, le contenu est prot\u00e9g\u00e9 du feu et de la chaleur. Le coffre-fort \u00e0 documents est fabriqu\u00e9 en s\u00e9rie avec un dispositif d&#8217;ancrage. A l&#8217;aide du trou perc\u00e9 au centre du sol du coffre-fort et du mat\u00e9riel de fixation fourni, vous pouvez ancrer le coffre-fort solidement dans le sol.<\/p>\n<p>La porte du coffre-fort est elle aussi \u00e0 double paroi et ferme via un <strong>verrouillage en trois c\u00f4t\u00e9s<\/strong> par des <strong>p\u00eanes ronds<\/strong> \u00e9pais de 28 mm. Par ailleurs, des goujons ronds servent de verrou de maintient du c\u00f4t\u00e9 charni\u00e8re. Ainsi, la porte du OfficeDoku offre une haute r\u00e9sistance aux tentatives d&#8217;effraction.<\/p>\n<h3>Protection contre le vol et le feu pour l&#8217;argent, les donn\u00e9s clients et les documents<\/h3>\n<p>Gr\u00e2ce \u00e0 la <strong>protection anti-effraction certifi\u00e9e selon<\/strong> <strong>EN 1143-1<\/strong>, le Office-Doku offre<strong> un lieu de d\u00e9p\u00f4t s\u00fbr<\/strong>. Le coffre-forts pour documents a \u00e9t\u00e9 soumis <strong>\u00e0 l&#8217;\u00e9preuve du feu pendant une heure<\/strong> et <strong>\u00e0 l&#8217;\u00e9preuve de la chute<\/strong>, et il a pass\u00e9 ces tests avec succ\u00e8s.<\/p>\n<p>De par la profondeur \u00e9quivalente \u00e0 un classeur \u00e0 l&#8217;int\u00e9rieur du coffre, des classeurs entiers y trouvent assez de place. Des \u00e9tag\u00e8res r\u00e9glables contribuent de plus \u00e0 une organisation parfaite. Pour encore davantage de place de rangement et une s\u00e9curit\u00e9 double, vous pouvez <strong>si souhait\u00e9 avoir en suppl\u00e9ment un coffre-fort int\u00e9rieur<\/strong> comme accessoire. <a href=\"https:\/\/test.burgwaechterservice.de\/fr\/p\/coffres-forts\/accessoires-pour-officeline-et-officedoku\/\">Choisissez maintenant votre coffre-fort int\u00e9rieur OfficeDoku ici<\/a> !<\/p>\n<p><strong>Simple \u00e9l\u00e9gance :<\/strong> le coffre-fort est verni en s\u00e9rie en gris lumineux (RAL 7035). Pour le contraste visuel, le dispositif de commande d\u00e9note sur du noir. Sur demande, nous vernissons bien s\u00fbr votre OfficeDoku individuellement en suivant vos souhaits.<\/p>\n<p>Le Office-Doku (degr\u00e9 de r\u00e9sistance II) permet une <strong>assurance de jusqu&#8217;\u00e0 50 000 \u20ac pour les entreprises et jusqu&#8217;\u00e0 100 000 \u20ac pour les particuliers<\/strong>. Veuillez prendre en consid\u00e9ration qu&#8217;un accord avec votre assureur est n\u00e9cessaire en raison des conditions d&#8217;assurance variables.<\/p>\n<h3>Le coffre-fort pour documents Office-Doku dispose de deux syst\u00e8mes de fermeture<\/h3>\n<h4>&#8220;SecuSafe&#8221; \u2013 Serrure de haute s\u00e9curit\u00e9 r\u00e9glable (mod\u00e8les K)<\/h4>\n<p>Le coffre-fort dans la version K est pourvu d&#8217;une <strong>serrure de haute s\u00e9curit\u00e9 r\u00e9glable \u00e0 double panneton &#8220;SecuSafe&#8221;<\/strong>. Celle-ci est <strong>v\u00e9rifi\u00e9e par le VdS<\/strong> (cat\u00e9gorie 2) et certifi\u00e9e par <strong>l&#8217;ECB\u2022S <\/strong>suivant EN 1300 (cat\u00e9gorie B). Votre avantage : Si vous perdez une cl\u00e9, vous pouvez \u00e0 l&#8217;aide de la seconde cl\u00e9 et d&#8217;un kit de cl\u00e9 recevable s\u00e9par\u00e9ment r\u00e9gler le Office-Doku sur une nouvelle fermeture. Ainsi, vous emp\u00eachez que le coffre-fort puisse \u00eatre ouvert avec la cl\u00e9 perdue ou vol\u00e9e.<\/p>\n<p>La serrure &#8220;SecuSafe&#8221; comprend 10 pistons,<strong> 50 millions de fermetures diff\u00e9rentes<\/strong> et dispose d&#8217;un syst\u00e8me de cl\u00e9 prisonni\u00e8re qui rend possible le retrait de la cl\u00e9 seulement lorsque la serrure est correctement verrouill\u00e9e. Veuillez prendre en consid\u00e9ration que le dispositif de serrure d\u00e9passe de 25 mm.<\/p>\n<h4>&#8220;SecuTronic&#8221; \u2013 Serrure \u00e9lectronique avec lecteur d&#8217;empreintes digitales (mod\u00e8les E FP)<\/h4>\n<p>L&#8217;\u00e9lectronique moderne de coffre-fort &#8220;SecuTronic&#8221; TRSE 12 V FP (certification ECB\u2022S suivant EN 1300, cat\u00e9gorie B) marque des points avec des fonctionnalit\u00e9s formidables au service de la s\u00e9curit\u00e9 et du confort. Ainsi, l&#8217;interface de commande pr\u00e9sente <strong>un clavier tactile dispos\u00e9 en pente, avec un \u00e9cran graphique<\/strong> \u00e9clair\u00e9 en deux couleurs. Par ailleurs, le clavier en pente assure une vue optimale y compris du dessus. Vous pouvez bien s\u00fbr choisir le code d&#8217;ouverture en toute libert\u00e9. A cet endroit, nous rappelons que vous avez \u00e0 disposition <strong>un code administrateur et neuf codes utilisateur<\/strong>. En outre, vous pouvez consulter l&#8217;historique des ouvertures directement sur l&#8217;interface. Des piles sont incluses dans l&#8217;OfficeDoku, de sorte que vous puissiez commencer \u00e0 utiliser votre coffre-fort sans attendre. Veuillez prendre en consid\u00e9ration que le dispositif de serrure d\u00e9passe de 50 mm du corps du coffre-fort.<\/p>\n<p>La serrure &#8220;SecuTronic&#8221; TRSE 12 V FP dispose d&#8217;un<strong> d\u00e9lai de latence d&#8217;ouverture<\/strong> (max. 99 min.). Cela signifie : une fois le bon code saisi, le d\u00e9lai programm\u00e9 doit s&#8217;\u00e9couler enti\u00e8rement avant qu&#8217;il soit de nouveau possible d&#8217;ouvrir le coffre-fort. Au bout de trois codes erron\u00e9s saisis, un <strong>temps de blocage<\/strong> est activ\u00e9. Ainsi, les cambrioleurs n&#8217;ont pas la possibilit\u00e9 d&#8217;essayer de nombreuses combinaisons. Du reste, <strong>vous pouvez relier les coffres-forts OfficeDoku \u00e0 une alarme ou un syst\u00e8me d&#8217;alarme<\/strong>. Tous ces d\u00e9tails augmentent votre s\u00e9curit\u00e9 encore davantage !<\/p>\n<p>&nbsp;<\/p>\n<h3>Le coffre-fort Office-Doku en aper\u00e7u<\/h3>\n<ul>\n<li>Coffre-fort pour documents, protection anti-effraction et anti-feu<\/li>\n<li>Degr\u00e9 de r\u00e9sistance II<\/li>\n<li>Deux niveaux de s\u00e9curit\u00e9 en un : Protection anti-effraction certifi\u00e9e suivant EN 1143-1 et protection anti-feu certifi\u00e9e suivant EN 1047-1<\/li>\n<li>Protection anti-feu v\u00e9rifi\u00e9e suivant la classe de produit S 60 P (une heure de protection du papier contre le feu, test de la r\u00e9sistance \u00e0 la chute compris)<\/li>\n<li>Corps \u00e0 double-paroi, int\u00e9gralement rempli avec un mat\u00e9riau ignifuge massif<\/li>\n<li>Corps avec une rainure anti feu sur tout le pourtour.<\/li>\n<li>Porte \u00e0 double-paroi<\/li>\n<li>Verrouillage stable en 3 c\u00f4t\u00e9s par des p\u00eanes ronds de 28 mm servant de rail de maintient sur le c\u00f4t\u00e9 charni\u00e8re<\/li>\n<li>Equip\u00e9 en s\u00e9rie pour l&#8217;ancrage dans le sol, avec mat\u00e9riel de fixation fourni, et un trou perc\u00e9 au milieu du sol du coffre-fort<\/li>\n<li>Profondeur \u00e9quivalente \u00e0 un grand classeur, \u00e9tag\u00e8res r\u00e9glables. Coffre-fort int\u00e9rieur suppl\u00e9mentaire optionnellement<\/li>\n<li>Vernis en s\u00e9rie en gris lumineux RAL 7035, le dispositif d&#8217;ouverture d\u00e9note en noir<\/li>\n<li>Votre plus s\u00e9curit\u00e9 : un syst\u00e8me de verrouillage d&#8217;urgence double non r\u00e9initialisable dans la m\u00e9canique de porte<\/li>\n<li>Couleur : gris clair (RAL 7035)<\/li>\n<\/ul>\n<p><strong>Mod\u00e8le K (Serrure m\u00e9canique)<\/strong><\/p>\n<ul>\n<li>Serrure de haute s\u00e9curit\u00e9 blind\u00e9 \u00e0 double panneton<\/li>\n<li>Contr\u00f4l\u00e9 VdS, cat\u00e9gorie 2<\/li>\n<li>Certification ECB-S EN 1300, cat\u00e9gorie B<\/li>\n<li>10 pistons de serrures, syst\u00e8me de cl\u00e9 prisonni\u00e8re<\/li>\n<li>50 millions de fermetures<\/li>\n<li>En cas de cl\u00e9 perdue : imm\u00e9diatement r\u00e9glable sur une nouvelle fermeture !<\/li>\n<li>Le dispositif de serrure d\u00e9passe de 25 mm du corps<\/li>\n<\/ul>\n<h5>Mod\u00e8le E FP (Serrure \u00e9lectronique avec lecteur d&#8217;empreintes digitales)<\/h5>\n<ul>\n<li>Certifi\u00e9 ECB\u2022S (cat\u00e9gorie B)<\/li>\n<li>Reconnaissance de doigt vivant &#8220;Fake Finger Detection&#8221;<\/li>\n<li>Jusqu&#8217;\u00e0 10 codes utilisateur \u00e0 six chiffres<\/li>\n<li>Jusqu&#8217;\u00e0 20 empreintes digitales<\/li>\n<li>Electronique moderne avec \u00e9cran graphique et clavier tactile (\u00e9clair\u00e9)<\/li>\n<li>Interface dispos\u00e9e en pente pour une ergonomie optimale<\/li>\n<li>Temps de latence d&#8217;ouverture r\u00e9glable (max. 99 min.)<\/li>\n<li>Possibilit\u00e9 de consulter l&#8217;historique<\/li>\n<li>Menu en 12 langues<\/li>\n<li>Changement des piles simple (piles fournies)<\/li>\n<\/ul>\n<p>&nbsp;<\/p>\n<h4>Les mod\u00e8les Office-Doku<\/h4>\n<table class=\"ausfuehrung\">\n<thead>\n<tr>\n<td>Article<\/td>\n<td>Ext\u00e9rieur h x l x p (mm)<\/td>\n<td>Int\u00e9rieur h x l x p (mm)<\/td>\n<td>Porte h x l (mm)<\/td>\n<td>Poids (kg)<\/td>\n<td>Volume (l)<\/td>\n<\/tr>\n<\/thead>\n<tbody>\n<tr>\n<td>Office-Doku 821 K (cl\u00e9)<\/td>\n<td>626 x 641 x 555<\/td>\n<td>476 x 498 x 336<\/td>\n<td>476 x 498<\/td>\n<td>300<\/td>\n<td>79,6<\/td>\n<\/tr>\n<tr>\n<td>Office-Doku 824 K (cl\u00e9)<\/td>\n<td>1096 x 641 x 555<\/td>\n<td>964 x 498 x 336<\/td>\n<td>946 x 498<\/td>\n<td>450<\/td>\n<td>158,3<\/td>\n<\/tr>\n<tr>\n<td>Office-Doku 821 E FP (Code avec empreinte digitale)<\/td>\n<td>626 x 641 x 555<\/td>\n<td>476 x 498 x 336<\/td>\n<td>476 x 498<\/td>\n<td>300<\/td>\n<td>79,6<\/td>\n<\/tr>\n<tr>\n<td>Office-Doku 824 E FP (Code avec empreinte digitale)<\/td>\n<td>1096 x 641 x 555<\/td>\n<td>964 x 498 x 336<\/td>\n<td>946 x 498<\/td>\n<td>450<\/td>\n<td>158,3<\/td>\n<\/tr>\n<\/tbody>\n<\/table>\n","protected":false},"excerpt":{"rendered":"<p>Le coffre-fort pour document OfficeDoku, robuste et r\u00e9sistant au feu Le Office-Doku par BURG-W\u00c4CHTER : le coffre-fort parfait pour toute entreprise qui accorde de la valeur \u00e0 la s\u00e9curit\u00e9 des donn\u00e9es clients, des actes et des documents. En effet, le &hellip; <a class=\"kt-excerpt-readmore\" href=\"https:\/\/test.burgwaechterservice.de\/fr\/p\/coffres-forts\/officedoku-2\/\" aria-label=\"Office-Doku\">Lire la suite<\/a><\/p>\n","protected":false},"featured_media":409658,"comment_status":"closed","ping_status":"closed","template":"","meta":[],"product_cat":[34,53],"product_tag":[7676],"yoast_head":"<!-- This site is optimized with the Yoast SEO Premium plugin v18.4 (Yoast SEO v19.13) - https:\/\/yoast.com\/wordpress\/plugins\/seo\/ -->\n<title>Coffre-fort \u00e0 documents OfficeDoku de BURG-W\u00c4CHTER<\/title>\n<meta name=\"description\" content=\"Coffre-fort pour documents OfficeDoku par Burg-W\u00e4chter. Degr\u00e9 de r\u00e9sistance II et protection anti-feu pour les documents importants et ce qui vous est cher.\" \/>\n<meta name=\"robots\" content=\"index, follow, max-snippet:-1, max-image-preview:large, max-video-preview:-1\" \/>\n<link rel=\"canonical\" href=\"https:\/\/test.burgwaechterservice.de\/fr\/p\/coffres-forts\/officedoku-2\/\" \/>\n<meta property=\"og:locale\" content=\"fr_FR\" \/>\n<meta property=\"og:type\" content=\"article\" \/>\n<meta property=\"og:title\" content=\"Office-Doku\" \/>\n<meta property=\"og:description\" content=\"Coffre-fort pour documents OfficeDoku par Burg-W\u00e4chter. Degr\u00e9 de r\u00e9sistance II et protection anti-feu pour les documents importants et ce qui vous est cher.\" \/>\n<meta property=\"og:url\" content=\"https:\/\/test.burgwaechterservice.de\/fr\/p\/coffres-forts\/officedoku-2\/\" \/>\n<meta property=\"og:site_name\" content=\"Burg-W\u00e4chter France\" \/>\n<meta property=\"article:modified_time\" content=\"2022-06-24T09:44:00+00:00\" \/>\n<meta property=\"og:image\" content=\"https:\/\/test.burgwaechterservice.de\/fr\/wp-content\/uploads\/sites\/4\/2020\/06\/Dokumentenschrank-Office-Doku-OD-824-E-FP-von-BURG-W\u00c4CHTER.jpg\" \/>\n\t<meta property=\"og:image:width\" content=\"1393\" \/>\n\t<meta property=\"og:image:height\" content=\"1393\" \/>\n\t<meta property=\"og:image:type\" content=\"image\/jpeg\" \/>\n<meta name=\"twitter:card\" content=\"summary_large_image\" \/>\n<meta name=\"twitter:label1\" content=\"Dur\u00e9e de lecture estim\u00e9e\" \/>\n\t<meta name=\"twitter:data1\" content=\"6 minutes\" \/>\n<!-- \/ Yoast SEO Premium plugin. -->","yoast_head_json":{"title":"Coffre-fort \u00e0 documents OfficeDoku de BURG-W\u00c4CHTER","description":"Coffre-fort pour documents OfficeDoku par Burg-W\u00e4chter. Degr\u00e9 de r\u00e9sistance II et protection anti-feu pour les documents importants et ce qui vous est cher.","robots":{"index":"index","follow":"follow","max-snippet":"max-snippet:-1","max-image-preview":"max-image-preview:large","max-video-preview":"max-video-preview:-1"},"canonical":"https:\/\/test.burgwaechterservice.de\/fr\/p\/coffres-forts\/officedoku-2\/","og_locale":"fr_FR","og_type":"article","og_title":"Office-Doku","og_description":"Coffre-fort pour documents OfficeDoku par Burg-W\u00e4chter. Degr\u00e9 de r\u00e9sistance II et protection anti-feu pour les documents importants et ce qui vous est cher.","og_url":"https:\/\/test.burgwaechterservice.de\/fr\/p\/coffres-forts\/officedoku-2\/","og_site_name":"Burg-W\u00e4chter France","article_modified_time":"2022-06-24T09:44:00+00:00","og_image":[{"width":1393,"height":1393,"url":"https:\/\/test.burgwaechterservice.de\/fr\/wp-content\/uploads\/sites\/4\/2020\/06\/Dokumentenschrank-Office-Doku-OD-824-E-FP-von-BURG-W\u00c4CHTER.jpg","type":"image\/jpeg"}],"twitter_card":"summary_large_image","twitter_misc":{"Dur\u00e9e de lecture estim\u00e9e":"6 minutes"},"schema":{"@context":"https:\/\/schema.org","@graph":[{"@type":"WebPage","@id":"https:\/\/test.burgwaechterservice.de\/fr\/p\/coffres-forts\/officedoku-2\/","url":"https:\/\/test.burgwaechterservice.de\/fr\/p\/coffres-forts\/officedoku-2\/","name":"Coffre-fort \u00e0 documents OfficeDoku de BURG-W\u00c4CHTER","isPartOf":{"@id":"https:\/\/test.burgwaechterservice.de\/fr\/#website"},"datePublished":"2020-06-02T12:33:02+00:00","dateModified":"2022-06-24T09:44:00+00:00","description":"Coffre-fort pour documents OfficeDoku par Burg-W\u00e4chter. Degr\u00e9 de r\u00e9sistance II et protection anti-feu pour les documents importants et ce qui vous est cher.","breadcrumb":{"@id":"https:\/\/test.burgwaechterservice.de\/fr\/p\/coffres-forts\/officedoku-2\/#breadcrumb"},"inLanguage":"fr-FR","potentialAction":[{"@type":"ReadAction","target":["https:\/\/test.burgwaechterservice.de\/fr\/p\/coffres-forts\/officedoku-2\/"]}]},{"@type":"BreadcrumbList","@id":"https:\/\/test.burgwaechterservice.de\/fr\/p\/coffres-forts\/officedoku-2\/#breadcrumb","itemListElement":[{"@type":"ListItem","position":1,"name":"Accueil","item":"https:\/\/test.burgwaechterservice.de\/fr\/"},{"@type":"ListItem","position":2,"name":"Produits","item":"https:\/\/test.burgwaechterservice.de\/fr\/p\/"},{"@type":"ListItem","position":3,"name":"Office-Doku"}]},{"@type":"WebSite","@id":"https:\/\/test.burgwaechterservice.de\/fr\/#website","url":"https:\/\/test.burgwaechterservice.de\/fr\/","name":"Burg-W\u00e4chter France","description":"Le choix le plus s\u00fbr!","potentialAction":[{"@type":"SearchAction","target":{"@type":"EntryPoint","urlTemplate":"https:\/\/test.burgwaechterservice.de\/fr\/?s={search_term_string}"},"query-input":"required name=search_term_string"}],"inLanguage":"fr-FR"}]}},"_links":{"self":[{"href":"https:\/\/test.burgwaechterservice.de\/fr\/wp-json\/wp\/v2\/product\/409657"}],"collection":[{"href":"https:\/\/test.burgwaechterservice.de\/fr\/wp-json\/wp\/v2\/product"}],"about":[{"href":"https:\/\/test.burgwaechterservice.de\/fr\/wp-json\/wp\/v2\/types\/product"}],"replies":[{"embeddable":true,"href":"https:\/\/test.burgwaechterservice.de\/fr\/wp-json\/wp\/v2\/comments?post=409657"}],"wp:featuredmedia":[{"embeddable":true,"href":"https:\/\/test.burgwaechterservice.de\/fr\/wp-json\/wp\/v2\/media\/409658"}],"wp:attachment":[{"href":"https:\/\/test.burgwaechterservice.de\/fr\/wp-json\/wp\/v2\/media?parent=409657"}],"wp:term":[{"taxonomy":"product_cat","embeddable":true,"href":"https:\/\/test.burgwaechterservice.de\/fr\/wp-json\/wp\/v2\/product_cat?post=409657"},{"taxonomy":"product_tag","embeddable":true,"href":"https:\/\/test.burgwaechterservice.de\/fr\/wp-json\/wp\/v2\/product_tag?post=409657"}],"curies":[{"name":"wp","href":"https:\/\/api.w.org\/{rel}","templated":true}]}}