{"id":409586,"date":"2020-06-02T14:26:18","date_gmt":"2020-06-02T12:26:18","guid":{"rendered":"https:\/\/www.burg.biz\/fr\/p\/coffres-forts\/officeline-2\/"},"modified":"2022-06-24T11:40:40","modified_gmt":"2022-06-24T09:40:40","slug":"officeline-2","status":"publish","type":"product","link":"https:\/\/test.burgwaechterservice.de\/fr\/p\/coffres-forts\/officeline-2\/","title":{"rendered":"Office-Line"},"content":{"rendered":"<h2>Office-Line par BURG-W\u00c4CHTER : Le coffre-fort optimal en entreprise<\/h2>\n<p>Le coffre-fort Office-Line est adapt\u00e9 de mani\u00e8re optimale \u00e0 l&#8217;utilisation pour le commerce. Il offre une protection s\u00fbre et fiable pour l&#8217;argent liquide, les documents, les donn\u00e9es clients et bien d&#8217;autres choses encore. Qu&#8217;il s&#8217;agisse du <strong>niveau de s\u00e9curit\u00e9 B<\/strong> ou des <strong>degr\u00e9s de r\u00e9sistance I <\/strong>et <strong>II <\/strong>: avec un OfficeLine, le contenu est en prot\u00e9g\u00e9 de mani\u00e8re s\u00fbre contre le vol. Pour le niveau de r\u00e9sistance et les tailles de coffre-fort, vous avez le choix !<\/p>\n<h3>Une structure solide emp\u00eache l&#8217;effraction<\/h3>\n<p>Le corps et la porte du Office-Line sont \u00e0 double-paroi. Le <strong>verrouillage stable de la porte en trois c\u00f4t\u00e9s<\/strong> est assur\u00e9 par des p\u00eanes ronds \u00e9pais de 28 mm et est soutenu de surcro\u00eet par des goujons ronds servant de verrou de maintient du c\u00f4t\u00e9 charni\u00e8re.<\/p>\n<p>Le Office-Line s&#8217;ancre solidement dans le sol \u00e0 l&#8217;aide du dispositif d&#8217;ancrage pr\u00e9vu en s\u00e9rie et du mat\u00e9riel fourni. Cet ancrage permet une haute r\u00e9sistance en cas de tentatives violentes d&#8217;effraction.<\/p>\n<h3>Les avantages du coffre-fort Office-Line en aper\u00e7u<\/h3>\n<ul>\n<li>Une large s\u00e9lection de tailles et de syst\u00e8mes de fermeture : au total 30 mod\u00e8les !<\/li>\n<li>Coffre-fort pour commerce, niveau de s\u00e9curit\u00e9 B et jusqu&#8217;\u00e0 un degr\u00e9 de r\u00e9sistance II<\/li>\n<li>Electronique moderne ou serrure de haute s\u00e9curit\u00e9 r\u00e9glable<\/li>\n<li>S\u00e9curit\u00e9 robuste avec des p\u00eanes ronds \u00e9pais de 28 mm<\/li>\n<li>Sur demande, avec coffre-fort interne et couleur de vernis au choix<\/li>\n<\/ul>\n<h3>D\u00e9p\u00f4t s\u00fbr d&#8217;argent liquide, de donn\u00e9es clients et de documents<\/h3>\n<p>Le Office-Line offre \u00e0 l&#8217;argent liquide, aux donn\u00e9es clients et autres documents importants un<strong> lieu de d\u00e9p\u00f4t prot\u00e9g\u00e9<\/strong>. Gr\u00e2ce \u00e0 la profondeur \u00e9quivalente \u00e0 un classeur \u00e0 l&#8217;int\u00e9rieur du coffre, il y a assez de place y compris pour de grands classeurs. Des \u00e9tag\u00e8res r\u00e9glables contribuent encore davantage \u00e0 un rangement ordonn\u00e9. Pour encore plus de place de rangement et une s\u00e9curit\u00e9 double, vous pouvez <strong>si vous le souhaitez demander en plus un coffre-fort interne<\/strong> comme accessoire. <a href=\"https:\/\/test.burgwaechterservice.de\/fr\/p\/coffres-forts\/accessoires-pour-officeline-et-officedoku\/\">Choisissez d\u00e8s maintenant votre accessoire pour Office-Line ici !<\/a><\/p>\n<p><strong>Simple \u00e9l\u00e9gance :<\/strong> Le coffre-fort est verni en s\u00e9rie avec un gris lumineux (RAL 7035). Pour un contraste visuel agr\u00e9able, le dispositif d&#8217;ouverture d\u00e9note en noir. Sur demande, votre Office-Line peut \u00eatre verni individuellement en suivant vos souhaits. Vous avez le choix entre les vernis RAL et les vernis brillants.<\/p>\n<h3>Le coffre-fort Office-Line propose deux syst\u00e8mes de fermeture<\/h3>\n<p>Choisissez la variante la plus s\u00fbr et pratique pour vous ou votre entreprise parmi deux syst\u00e8mes de fermeture diff\u00e9rents.<\/p>\n<h4>&#8220;SecuSafe&#8221; \u2013 Serrure de haute s\u00e9curit\u00e9 r\u00e9glable (mod\u00e8les K)<\/h4>\n<p>Le coffre-fort dans la version K est pourvu d&#8217;une <strong>serrure de haute s\u00e9curit\u00e9 r\u00e9glable \u00e0 double panneton &#8220;SecuSafe&#8221;<\/strong>. Celle-ci est <strong>v\u00e9rifi\u00e9e par le VdS<\/strong> (cat\u00e9gorie 2) et certifi\u00e9e par <strong>l&#8217;ECB\u2022S <\/strong>suivant EN 1300 (cat\u00e9gorie B). Votre avantage : Si vous perdez une cl\u00e9, vous pouvez \u00e0 l&#8217;aide de la seconde cl\u00e9 et d&#8217;un kit de cl\u00e9 recevable s\u00e9par\u00e9ment r\u00e9gler le Office-Doku sur une nouvelle fermeture. Ainsi, vous emp\u00eachez que le coffre-fort puisse \u00eatre ouvert avec la cl\u00e9 perdue ou vol\u00e9e.<\/p>\n<p>La serrure &#8220;SecuSafe&#8221; comprend 10 pistons,<strong> 50 millions de fermetures diff\u00e9rentes<\/strong> et dispose d&#8217;un syst\u00e8me de cl\u00e9 prisonni\u00e8re qui rend possible le retrait de la cl\u00e9 seulement lorsque la serrure est correctement verrouill\u00e9e. Veuillez prendre en consid\u00e9ration que le dispositif de serrure d\u00e9passe de 25 mm.<\/p>\n<h4>&#8220;SecuTronic&#8221; \u2013 Serrure \u00e9lectronique avec lecteur d&#8217;empreintes digitales (mod\u00e8les E FP)<\/h4>\n<p>L&#8217;\u00e9lectronique moderne de coffre-fort &#8220;SecuTronic&#8221; TRSE 12 V FP (certification ECB\u2022S suivant EN 1300, cat\u00e9gorie B) marque des points avec des fonctionnalit\u00e9s intelligentes au service de la s\u00e9curit\u00e9 et du confort. Ainsi, l&#8217;interface de commande pr\u00e9sente <strong>un clavier tactile dispos\u00e9 en pente, avec un \u00e9cran graphique<\/strong> \u00e9clair\u00e9 en deux couleurs. Par ailleurs, le clavier en pente assure une vue optimale y compris du dessus. Vous pouvez bien s\u00fbr choisir le code d&#8217;ouverture en toute libert\u00e9. A cet endroit, nous rappelons que vous avez \u00e0 disposition <strong>un code administrateur et neuf codes utilisateur<\/strong>. En outre, vous pouvez consulter l&#8217;historique des ouvertures directement sur l&#8217;interface. Des piles sont incluses dans l&#8217;Office-Line, de sorte que vous puissiez commencer \u00e0 utiliser votre coffre-fort sans attendre. Veuillez prendre en consid\u00e9ration que le dispositif de serrure d\u00e9passe de 50 mm du corps du coffre-fort.<\/p>\n<p>La serrure &#8220;SecuTronic&#8221; TRSE 12 V FP dispose d&#8217;un<strong> d\u00e9lai de latence d&#8217;ouverture<\/strong> (max. 99 min.). Cela signifie : une fois le bon code saisi, le d\u00e9lai programm\u00e9 doit s&#8217;\u00e9couler enti\u00e8rement avant qu&#8217;il soit de nouveau possible d&#8217;ouvrir le coffre-fort. Au bout de trois codes erron\u00e9s saisis, un <strong>temps de blocage<\/strong> est activ\u00e9. Ainsi, les cambrioleurs n&#8217;ont pas la possibilit\u00e9 d&#8217;essayer de nombreuses combinaisons. Du reste, <strong>optionnel vous pouvez relier les coffres-forts OfficeLine \u00e0 une alarme ou un syst\u00e8me d&#8217;alarme<\/strong>. Tous ces d\u00e9tails augmentent votre s\u00e9curit\u00e9 encore davantage !<\/p>\n<p>&nbsp;<\/p>\n<h3>La gamme OfficeLine en aper\u00e7u<\/h3>\n<ul>\n<li>Corps \u00e0 double paroi<\/li>\n<li>Porte \u00e0 double paroi<\/li>\n<li>Verrouillage stable en 3 c\u00f4t\u00e9s par des p\u00eanes ronds de 28 mm, avec en suppl\u00e9ment des goujons ronds servant de rail de maintient sur le c\u00f4t\u00e9 charni\u00e8re<\/li>\n<li>Equip\u00e9 en s\u00e9rie pour l&#8217;ancrage dans le sol, avec mat\u00e9riel de fixation fourni, et un trou perc\u00e9 au milieu du sol du coffre-fort<\/li>\n<li>Profondeur \u00e9quivalente \u00e0 un grand classeur, \u00e9tag\u00e8res r\u00e9glables. Disponible aussi avec un coffre-fort int\u00e9rieur<\/li>\n<li>Vernis en s\u00e9rie en gris lumineux RAL 7035, le dispositif d&#8217;ouverture d\u00e9note en noir. Sur demande, vernissage personnalis\u00e9 possible (RAL ou brillant)<br \/>\n<hr \/>\n<\/li>\n<\/ul>\n<h4>OfficeLine 101 \u2013 106 avec niveau de s\u00e9curit\u00e9 B<\/h4>\n<ul>\n<li>Coffre-fort pour entreprise<\/li>\n<li>Niveau de s\u00e9curit\u00e9 B suivant VDMA 24992, en l&#8217;\u00e9tat de mai 1995<\/li>\n<li>Variantes de syst\u00e8me de fermeture :<\/li>\n<li>Serrure haute s\u00e9curit\u00e9 \u00e0 double panneton &#8220;SecuSafe&#8221; r\u00e9glable, v\u00e9rifi\u00e9e par le VdS (cat\u00e9gorie 2), certifi\u00e9e ECB\u2022S suivant EN 1300 (cat\u00e9gorie B)<\/li>\n<\/ul>\n<h4><\/h4>\n<h4>Version K<\/h4>\n<table class=\"ausfuehrung\">\n<thead>\n<tr>\n<td>Article<\/td>\n<td>Ext\u00e9rieur h x l x p (mm)<\/td>\n<td>Int\u00e9rieur h x l x p (mm)<\/td>\n<td>Porte h x l (ouverture en mm)<\/td>\n<td>Poids (kg)<\/td>\n<td>Volume (l)<\/td>\n<\/tr>\n<\/thead>\n<tbody>\n<tr>\n<td>OL 801 K<\/td>\n<td>626 x 641 x 554<\/td>\n<td>476 x 498\u00a0x\u00a0370<\/td>\n<td>476 x\u00a0498<\/td>\n<td>110<\/td>\n<td>87<\/td>\n<\/tr>\n<tr>\n<td>OL 802 K<\/td>\n<td>816 x 641 x\u00a0554<\/td>\n<td>666\u00a0x 498\u00a0x 370<\/td>\n<td>666\u00a0x 498<\/td>\n<td>126<\/td>\n<td>122<\/td>\n<\/tr>\n<tr>\n<td>OL 802 K 300<\/td>\n<td>816 x 641 x 554<\/td>\n<td>666\u00a0x 498\u00a0x 370<\/td>\n<td>666\u00a0x 498<\/td>\n<td>300<\/td>\n<td>122<\/td>\n<\/tr>\n<tr>\n<td>OL 804 K<\/td>\n<td>1096 x 641 x 554<\/td>\n<td>946\u00a0x 498\u00a0x 370<\/td>\n<td>964\u00a0x 498<\/td>\n<td>163<\/td>\n<td>174<\/td>\n<\/tr>\n<tr>\n<td>OL 804 K 300<\/td>\n<td>1096 x 641 x 554<\/td>\n<td>946\u00a0x 498\u00a0x 370<\/td>\n<td>964\u00a0x 498<\/td>\n<td>300<\/td>\n<td>174<\/td>\n<\/tr>\n<tr>\n<td>OL 806 K<\/td>\n<td>1486 x\u00a0780 x 554<\/td>\n<td>1336\u00a0x 638\u00a0x 370<\/td>\n<td>1336 x 638<\/td>\n<td>300<\/td>\n<td>315<\/td>\n<\/tr>\n<\/tbody>\n<\/table>\n<p>&nbsp;<\/p>\n<p><strong>OU<\/strong><\/p>\n<ul>\n<li>Serrure \u00e9lectronique \u00e0 code &#8220;SecuTronic&#8221; avec lecteur d&#8217;empreintes digitales, certifi\u00e9e ECB\u2022S suivant EN 1300 (cat\u00e9gorie B)<\/li>\n<\/ul>\n<h4><\/h4>\n<h4>Version E FP<\/h4>\n<table class=\"ausfuehrung\">\n<thead>\n<tr>\n<td>Article<\/td>\n<td>Ext\u00e9rieur h x l x p (mm)<\/td>\n<td>Int\u00e9rieur h x l x p (mm)<\/td>\n<td>Porte h x l (mm)<\/td>\n<td>Poids (kg)<\/td>\n<td>Volume (l)<\/td>\n<\/tr>\n<\/thead>\n<tbody>\n<tr>\n<td>OL 801 E FP<\/td>\n<td>626 x 641 x 554<\/td>\n<td>476 x 498\u00a0x\u00a0370<\/td>\n<td>476 x\u00a0498<\/td>\n<td>110<\/td>\n<td>87<\/td>\n<\/tr>\n<tr>\n<td>OL 802 E FP<\/td>\n<td>816 x 641 x\u00a0554<\/td>\n<td>666\u00a0x 498\u00a0x 370<\/td>\n<td>666\u00a0x\u00a0498<\/td>\n<td>126<\/td>\n<td>122<\/td>\n<\/tr>\n<tr>\n<td>OL 802 E FP 300<\/td>\n<td>816 x 641 x 554<\/td>\n<td>666\u00a0x 498\u00a0x 370<\/td>\n<td>666\u00a0x 498<\/td>\n<td>300<\/td>\n<td>122<\/td>\n<\/tr>\n<tr>\n<td>OL 804 E FP<\/td>\n<td>1096 x 641 x 554<\/td>\n<td>946\u00a0x 498\u00a0x 370<\/td>\n<td>964\u00a0x 498<\/td>\n<td>163<\/td>\n<td>174<\/td>\n<\/tr>\n<tr>\n<td>OL 804 E FP 300<\/td>\n<td>1096 x 641 x 554<\/td>\n<td>946\u00a0x 498\u00a0x 370<\/td>\n<td>964\u00a0x 498<\/td>\n<td>300<\/td>\n<td>174<\/td>\n<\/tr>\n<tr>\n<td>OL 806 E FP<\/td>\n<td>1486 x\u00a0780 x 554<\/td>\n<td>1336\u00a0x 638\u00a0x 370<\/td>\n<td>1336 x 638<\/td>\n<td>300<\/td>\n<td>315<\/td>\n<\/tr>\n<\/tbody>\n<\/table>\n<hr \/>\n<p>&nbsp;<\/p>\n<h4>OfficeLine 111 \u2013 116 avec degr\u00e9 de r\u00e9sistance I<\/h4>\n<ul>\n<li>Coffre-fort autonome (pour entreprise)<\/li>\n<li><strong>Degr\u00e9 de r\u00e9sistance I<\/strong><\/li>\n<li>S\u00e9curit\u00e9 aux normes et surveill\u00e9e par l&#8217;ECB\u2022S<\/li>\n<li>Protection contre le feu, protection anti-effraction certifi\u00e9e suivant EN 1143-1<\/li>\n<li><strong>Plus s\u00e9curit\u00e9 : <\/strong>Syst\u00e8me de verrouillage de d\u00e9tresse non r\u00e9initialisable dans la m\u00e9canique de porte<\/li>\n<\/ul>\n<p>Variantes de syst\u00e8me de fermeture :<\/p>\n<ul>\n<li>Serrure haute s\u00e9curit\u00e9 blind\u00e9e \u00e0 double panneton &#8220;SecuSafe&#8221; r\u00e9glable, v\u00e9rifi\u00e9e par le VdS (cat\u00e9gorie 2), certifi\u00e9e ECB\u2022S suivant EN 1300 (cat\u00e9gorie B)<\/li>\n<\/ul>\n<h4><\/h4>\n<h4>Version K<\/h4>\n<table class=\"ausfuehrung\">\n<thead>\n<tr>\n<td>Article<\/td>\n<td>Ext\u00e9rieur h x l x p (mm)<\/td>\n<td>Int\u00e9rieur h x l x p (mm)<\/td>\n<td>Porte h x l (mm)<\/td>\n<td>Poids (kg)<\/td>\n<td>Volume (l)<\/td>\n<\/tr>\n<\/thead>\n<tbody>\n<tr>\n<td>OL 811 K<\/td>\n<td>626 x 641 x 554<\/td>\n<td>476 x 498\u00a0x\u00a0370<\/td>\n<td>476 x 498<\/td>\n<td>142<\/td>\n<td>87<\/td>\n<\/tr>\n<tr>\n<td>OL 812 K<\/td>\n<td>816 x 641 x\u00a0554<\/td>\n<td>666\u00a0x 498\u00a0x 370<\/td>\n<td>666\u00a0x 498<\/td>\n<td>205<\/td>\n<td>122<\/td>\n<\/tr>\n<tr>\n<td>OL 814 K<\/td>\n<td>1096 x 641 x 554<\/td>\n<td>946\u00a0x 498\u00a0x 370<\/td>\n<td>964\u00a0x\u00a0498<\/td>\n<td>213<\/td>\n<td>174<\/td>\n<\/tr>\n<tr>\n<td>OL 814 K 300<\/td>\n<td>1096 x 641 x 554<\/td>\n<td>946\u00a0x 498\u00a0x 370<\/td>\n<td>964\u00a0x\u00a0498<\/td>\n<td>305<\/td>\n<td>174<\/td>\n<\/tr>\n<tr>\n<td>OL 816 K<\/td>\n<td>1486 x\u00a0780 x 554<\/td>\n<td>1336\u00a0x 638\u00a0x 370<\/td>\n<td>1336 x\u00a0638<\/td>\n<td>310<\/td>\n<td>315<\/td>\n<\/tr>\n<\/tbody>\n<\/table>\n<p>&nbsp;<\/p>\n<p><strong>OU<\/strong><\/p>\n<ul>\n<li>Serrure \u00e9lectronique \u00e0 code &#8220;SecuTronic&#8221; avec lecteur d&#8217;empreintes digitales, certifi\u00e9e ECB\u2022S suivant EN 1300 (cat\u00e9gorie B)<\/li>\n<\/ul>\n<h4><\/h4>\n<h4>Version E FP<\/h4>\n<table class=\"ausfuehrung\">\n<thead>\n<tr>\n<td>Article<\/td>\n<td>Ext\u00e9rieur h x l x p (mm)<\/td>\n<td>Int\u00e9rieur h x l x p (mm)<\/td>\n<td>Porte h x l (mm)<\/td>\n<td>Poids (kg)<\/td>\n<td>Volume (l)<\/td>\n<\/tr>\n<\/thead>\n<tbody>\n<tr>\n<td>OL 811 E FP<\/td>\n<td>626 x 641 x 554<\/td>\n<td>476 x 498\u00a0x\u00a0370<\/td>\n<td>476 x 498<\/td>\n<td>142<\/td>\n<td>87<\/td>\n<\/tr>\n<tr>\n<td>OL 812 E FP<\/td>\n<td>816 x 641 x\u00a0554<\/td>\n<td>666\u00a0x 498\u00a0x 370<\/td>\n<td>666\u00a0x 498<\/td>\n<td>205<\/td>\n<td>122<\/td>\n<\/tr>\n<tr>\n<td>OL 814 E FP<\/td>\n<td>1096 x 641 x 554<\/td>\n<td>946\u00a0x 498\u00a0x 370<\/td>\n<td>964\u00a0x\u00a0498<\/td>\n<td>213<\/td>\n<td>174<\/td>\n<\/tr>\n<tr>\n<td>OL 814 E FP 300<\/td>\n<td>1096 x 641 x 554<\/td>\n<td>946\u00a0x 498\u00a0x 370<\/td>\n<td>964\u00a0x\u00a0498<\/td>\n<td>305<\/td>\n<td>174<\/td>\n<\/tr>\n<tr>\n<td>OL 816 E FP<\/td>\n<td>1486 x\u00a0780 x 554<\/td>\n<td>1336\u00a0x 638\u00a0x 370<\/td>\n<td>1336 x\u00a0638<\/td>\n<td>310<\/td>\n<td>315<\/td>\n<\/tr>\n<\/tbody>\n<\/table>\n<hr \/>\n<p>&nbsp;<\/p>\n<h4>OfficeLine 121 \u2013 126 avec degr\u00e9 de r\u00e9sistance II<\/h4>\n<ul>\n<li>Coffre-fort autonome (pour entreprise)<\/li>\n<li><strong>Degr\u00e9 de r\u00e9sistance II<br \/>\n<\/strong><\/li>\n<li>S\u00e9curit\u00e9 aux normes et surveill\u00e9e par l&#8217;ECB\u2022S<\/li>\n<li>Protection contre le feu, protection anti-effraction certifi\u00e9e suivant EN 1143-1<\/li>\n<li><strong>Plus s\u00e9curit\u00e9 : <\/strong>Syst\u00e8me de verrouillage de d\u00e9tresse non r\u00e9initialisable dans la m\u00e9canique de porte<\/li>\n<\/ul>\n<p>Variantes de syst\u00e8me de fermeture :<\/p>\n<ul>\n<li>Serrure haute s\u00e9curit\u00e9 blind\u00e9e \u00e0 double panneton &#8220;SecuSafe&#8221; r\u00e9glable, v\u00e9rifi\u00e9e par le VdS (cat\u00e9gorie 2), certifi\u00e9e ECB\u2022S suivant EN 1300 (cat\u00e9gorie B)<\/li>\n<\/ul>\n<h4><\/h4>\n<h4>Version S<\/h4>\n<table class=\"ausfuehrung\">\n<thead>\n<tr>\n<td>Article<\/td>\n<td>Ext\u00e9rieur h x l x p (mm)<\/td>\n<td>Int\u00e9rieur h x l x p (mm)<\/td>\n<td>Porte h x l (mm)<\/td>\n<td>Poids (kg)<\/td>\n<td>Volume (l)<\/td>\n<\/tr>\n<\/thead>\n<tbody>\n<tr>\n<td>OL 821 K<\/td>\n<td>626 x 641 x 554<\/td>\n<td>476 x 498\u00a0x\u00a0370<\/td>\n<td>476 x 498<\/td>\n<td>205<\/td>\n<td>87<\/td>\n<\/tr>\n<tr>\n<td>OL 822 K<\/td>\n<td>816 x 641 x\u00a0554<\/td>\n<td>666\u00a0x 498\u00a0x 370<\/td>\n<td>666\u00a0x 498<\/td>\n<td>205<\/td>\n<td>122<\/td>\n<\/tr>\n<tr>\n<td>OL 824 K<\/td>\n<td>1096 x 641 x 554<\/td>\n<td>946\u00a0x 498\u00a0x 370<\/td>\n<td>964\u00a0x\u00a0498<\/td>\n<td>239<\/td>\n<td>174<\/td>\n<\/tr>\n<tr>\n<td>OL 826 K<\/td>\n<td>1486 x\u00a0780 x 554<\/td>\n<td>1336\u00a0x 638\u00a0x 370<\/td>\n<td>1336 x\u00a0638<\/td>\n<td>336<\/td>\n<td>315<\/td>\n<\/tr>\n<\/tbody>\n<\/table>\n<p>&nbsp;<\/p>\n<p><strong>OU<\/strong><\/p>\n<ul>\n<li>Serrure \u00e9lectronique \u00e0 code \u201eSecuTronic\u201c avec lecteur d&#8217;empreintes digitales, certifi\u00e9e ECB\u2022S suivant EN 1300 (cat\u00e9gorie B)<\/li>\n<\/ul>\n<h4><\/h4>\n<h4>Version E FP<\/h4>\n<table class=\"ausfuehrung\">\n<thead>\n<tr>\n<td>Article<\/td>\n<td>Ext\u00e9rieur h x l x p (mm)<\/td>\n<td>Int\u00e9rieur h x l x p (mm)<\/td>\n<td>Porte h x l (mm)<\/td>\n<td>Poids (kg)<\/td>\n<td>Volume (l)<\/td>\n<\/tr>\n<\/thead>\n<tbody>\n<tr>\n<td>OL 821 E FP<\/td>\n<td>626 x 641 x 554<\/td>\n<td>476 x 498\u00a0x\u00a0370<\/td>\n<td>476 x 498<\/td>\n<td>205<\/td>\n<td>87<\/td>\n<\/tr>\n<tr>\n<td>OL 822 E FP<\/td>\n<td>816 x 641 x\u00a0554<\/td>\n<td>666\u00a0x 498\u00a0x 370<\/td>\n<td>666\u00a0x 498<\/td>\n<td>205<\/td>\n<td>122<\/td>\n<\/tr>\n<tr>\n<td>OL 824 E FP<\/td>\n<td>1096 x 641 x 554<\/td>\n<td>946\u00a0x 498\u00a0x 370<\/td>\n<td>964\u00a0x\u00a0498<\/td>\n<td>239<\/td>\n<td>174<\/td>\n<\/tr>\n<tr>\n<td>OL 826 E FP<\/td>\n<td>1486 x\u00a0780 x 554<\/td>\n<td>1336\u00a0x 638\u00a0x 370<\/td>\n<td>1336 x\u00a0638<\/td>\n<td>336<\/td>\n<td>315<\/td>\n<\/tr>\n<\/tbody>\n<\/table>\n<hr \/>\n<p>&nbsp;<\/p>\n<h3>Accessoires Office-Line<\/h3>\n<h4>Coffres-forts internes avec serrure \u00e0 cylindre pour la gamme Office-Line<\/h4>\n<p>Pour compl\u00e9ter et augmenter encore davantage la r\u00e9sistance \u00e0 l&#8217;effraction, vous pouvez <a href=\"https:\/\/test.burgwaechterservice.de\/fr\/p\/coffres-forts\/accessoires-pour-officeline-et-officedoku\/\"><strong>compl\u00e9ter votre coffre-fort Office-Line avec un coffre-fort interne<\/strong><\/a>. Ce dernier se fixe solidement \u00e0 l&#8217;int\u00e9rieur et permet ainsi un d\u00e9p\u00f4t prot\u00e9g\u00e9 et organis\u00e9 pour d&#8217;autres objets de valeur.<\/p>\n<p>Il est aussi possible d&#8217;installer plusieurs coffres-forts internes (d&#8217;une profondeur int\u00e9rieure de 290 mm) les uns avec les autres (hauteur respective alors de 154 mm). La s\u00e9curit\u00e9, c&#8217;est la s\u00e9curit\u00e9 !<\/p>\n<p><strong>Coffre-fort interne \u2013 Office 1<\/strong> (h x l x p en mm: 151 x 498 x 290) pour :<\/p>\n<ul>\n<li>Office 101 \u2013 104\/300<\/li>\n<li>Office 111 \u2013 114\/300<\/li>\n<li>Office 121 &#8211; 124<\/li>\n<\/ul>\n<p><strong>Coffre-fort interne \u2013 Office 2<\/strong> (h x l x p en mm: 151 x 638 x 290) pour<\/p>\n<ul>\n<li>Office 106<\/li>\n<li>Office 116<\/li>\n<li>Office 126<\/li>\n<\/ul>\n<h4>Accessoire pratique pour le coffre-fort d&#8217;entreprise Office-Line<\/h4>\n<p><strong>Etag\u00e8re r\u00e9glable Office <\/strong>: pour le <a href=\"https:\/\/test.burgwaechterservice.de\/fr\/p\/coffres-forts\/accessoires-pour-officeline-et-officedoku\/\">d\u00e9p\u00f4t pratique et rapide<\/a> et la r\u00e9cup\u00e9ration de vos objets de valeur. A l&#8217;aide de cette \u00e9tag\u00e8re r\u00e9glable suppl\u00e9mentaire, le contenu est encore mieux organis\u00e9.<\/p>\n<p><strong>Support de classement Office<\/strong> : le <a href=\"https:\/\/test.burgwaechterservice.de\/fr\/p\/coffres-forts\/accessoires-pour-officeline-et-officedoku\/\">rangement id\u00e9al<\/a> pour vos documents et actes. Triez vos documents de la meilleure mani\u00e8re possible avec ce support de classement.<\/p>\n<p>&nbsp;<\/p>\n<p><a href=\"https:\/\/test.burgwaechterservice.de\/fr\/p\/coffres-forts\/cles-supplementaires\/\"><strong>Cl\u00e9 suppl\u00e9mentaire pour OL 101-126 S, Ranger I\/8 S, MTD 34-38 F60 S<\/strong><\/a><\/p>\n<p>Pour le cas o\u00f9 vous perdriez une cl\u00e9, BURG-W\u00c4CHTER propose des kits de cl\u00e9s. A l&#8217;aide de ceux-ci, il est possible de r\u00e9gler la serrure &#8220;SecuSafe&#8221; sur une nouvelle position de mani\u00e8re fiable.<\/p>\n<ul>\n<li>Kit 55-124-2 (Kit de 2 cl\u00e9s, 124 mm de longueur)<\/li>\n<li>Kit 55-124-4 (Kit de 4 cl\u00e9s, 124 mm de longueur)<\/li>\n<li>Kit 55-124-6 (Kit de 6 cl\u00e9s, 124 mm de longueur)<\/li>\n<\/ul>\n","protected":false},"excerpt":{"rendered":"<p>Office-Line par BURG-W\u00c4CHTER : Le coffre-fort optimal en entreprise Le coffre-fort Office-Line est adapt\u00e9 de mani\u00e8re optimale \u00e0 l&#8217;utilisation pour le commerce. Il offre une protection s\u00fbre et fiable pour l&#8217;argent liquide, les documents, les donn\u00e9es clients et bien d&#8217;autres &hellip; <a class=\"kt-excerpt-readmore\" href=\"https:\/\/test.burgwaechterservice.de\/fr\/p\/coffres-forts\/officeline-2\/\" aria-label=\"Office-Line\">Lire la suite<\/a><\/p>\n","protected":false},"featured_media":409587,"comment_status":"closed","ping_status":"closed","template":"","meta":[],"product_cat":[34,53],"product_tag":[538],"yoast_head":"<!-- This site is optimized with the Yoast SEO Premium plugin v18.4 (Yoast SEO v19.13) - https:\/\/yoast.com\/wordpress\/plugins\/seo\/ -->\n<title>Coffre-fort d&#039;entreprise Office-Line par Burg-W\u00e4chter<\/title>\n<meta name=\"description\" content=\"Coffre-fort Office-Line de BURG-W\u00c4CHTER : le parfait coffre-fort d&#039;entreprise ! Mod\u00e8les de niveau de s\u00e9curit\u00e9 B et degr\u00e9 de r\u00e9sistance I ou II.\" \/>\n<meta name=\"robots\" content=\"index, follow, max-snippet:-1, max-image-preview:large, max-video-preview:-1\" \/>\n<link rel=\"canonical\" href=\"https:\/\/test.burgwaechterservice.de\/fr\/p\/coffres-forts\/officeline-2\/\" \/>\n<meta property=\"og:locale\" content=\"fr_FR\" \/>\n<meta property=\"og:type\" content=\"article\" \/>\n<meta property=\"og:title\" content=\"Office-Line\" \/>\n<meta property=\"og:description\" content=\"Coffre-fort Office-Line de BURG-W\u00c4CHTER : le parfait coffre-fort d&#039;entreprise ! Mod\u00e8les de niveau de s\u00e9curit\u00e9 B et degr\u00e9 de r\u00e9sistance I ou II.\" \/>\n<meta property=\"og:url\" content=\"https:\/\/test.burgwaechterservice.de\/fr\/p\/coffres-forts\/officeline-2\/\" \/>\n<meta property=\"og:site_name\" content=\"Burg-W\u00e4chter France\" \/>\n<meta property=\"article:modified_time\" content=\"2022-06-24T09:40:40+00:00\" \/>\n<meta property=\"og:image\" content=\"https:\/\/test.burgwaechterservice.de\/fr\/wp-content\/uploads\/sites\/4\/2020\/06\/Sicherheitsschrank-Office-Line-116-E-von-BURG-W\u00c4CHTER.jpg\" \/>\n\t<meta property=\"og:image:width\" content=\"1000\" \/>\n\t<meta property=\"og:image:height\" content=\"1000\" \/>\n\t<meta property=\"og:image:type\" content=\"image\/jpeg\" \/>\n<meta name=\"twitter:card\" content=\"summary_large_image\" \/>\n<meta name=\"twitter:label1\" content=\"Dur\u00e9e de lecture estim\u00e9e\" \/>\n\t<meta name=\"twitter:data1\" content=\"10 minutes\" \/>\n<!-- \/ Yoast SEO Premium plugin. -->","yoast_head_json":{"title":"Coffre-fort d'entreprise Office-Line par Burg-W\u00e4chter","description":"Coffre-fort Office-Line de BURG-W\u00c4CHTER : le parfait coffre-fort d'entreprise ! Mod\u00e8les de niveau de s\u00e9curit\u00e9 B et degr\u00e9 de r\u00e9sistance I ou II.","robots":{"index":"index","follow":"follow","max-snippet":"max-snippet:-1","max-image-preview":"max-image-preview:large","max-video-preview":"max-video-preview:-1"},"canonical":"https:\/\/test.burgwaechterservice.de\/fr\/p\/coffres-forts\/officeline-2\/","og_locale":"fr_FR","og_type":"article","og_title":"Office-Line","og_description":"Coffre-fort Office-Line de BURG-W\u00c4CHTER : le parfait coffre-fort d'entreprise ! Mod\u00e8les de niveau de s\u00e9curit\u00e9 B et degr\u00e9 de r\u00e9sistance I ou II.","og_url":"https:\/\/test.burgwaechterservice.de\/fr\/p\/coffres-forts\/officeline-2\/","og_site_name":"Burg-W\u00e4chter France","article_modified_time":"2022-06-24T09:40:40+00:00","og_image":[{"width":1000,"height":1000,"url":"https:\/\/test.burgwaechterservice.de\/fr\/wp-content\/uploads\/sites\/4\/2020\/06\/Sicherheitsschrank-Office-Line-116-E-von-BURG-W\u00c4CHTER.jpg","type":"image\/jpeg"}],"twitter_card":"summary_large_image","twitter_misc":{"Dur\u00e9e de lecture estim\u00e9e":"10 minutes"},"schema":{"@context":"https:\/\/schema.org","@graph":[{"@type":"WebPage","@id":"https:\/\/test.burgwaechterservice.de\/fr\/p\/coffres-forts\/officeline-2\/","url":"https:\/\/test.burgwaechterservice.de\/fr\/p\/coffres-forts\/officeline-2\/","name":"Coffre-fort d'entreprise Office-Line par Burg-W\u00e4chter","isPartOf":{"@id":"https:\/\/test.burgwaechterservice.de\/fr\/#website"},"datePublished":"2020-06-02T12:26:18+00:00","dateModified":"2022-06-24T09:40:40+00:00","description":"Coffre-fort Office-Line de BURG-W\u00c4CHTER : le parfait coffre-fort d'entreprise ! Mod\u00e8les de niveau de s\u00e9curit\u00e9 B et degr\u00e9 de r\u00e9sistance I ou II.","breadcrumb":{"@id":"https:\/\/test.burgwaechterservice.de\/fr\/p\/coffres-forts\/officeline-2\/#breadcrumb"},"inLanguage":"fr-FR","potentialAction":[{"@type":"ReadAction","target":["https:\/\/test.burgwaechterservice.de\/fr\/p\/coffres-forts\/officeline-2\/"]}]},{"@type":"BreadcrumbList","@id":"https:\/\/test.burgwaechterservice.de\/fr\/p\/coffres-forts\/officeline-2\/#breadcrumb","itemListElement":[{"@type":"ListItem","position":1,"name":"Accueil","item":"https:\/\/test.burgwaechterservice.de\/fr\/"},{"@type":"ListItem","position":2,"name":"Produits","item":"https:\/\/test.burgwaechterservice.de\/fr\/p\/"},{"@type":"ListItem","position":3,"name":"Office-Line"}]},{"@type":"WebSite","@id":"https:\/\/test.burgwaechterservice.de\/fr\/#website","url":"https:\/\/test.burgwaechterservice.de\/fr\/","name":"Burg-W\u00e4chter France","description":"Le choix le plus s\u00fbr!","potentialAction":[{"@type":"SearchAction","target":{"@type":"EntryPoint","urlTemplate":"https:\/\/test.burgwaechterservice.de\/fr\/?s={search_term_string}"},"query-input":"required name=search_term_string"}],"inLanguage":"fr-FR"}]}},"_links":{"self":[{"href":"https:\/\/test.burgwaechterservice.de\/fr\/wp-json\/wp\/v2\/product\/409586"}],"collection":[{"href":"https:\/\/test.burgwaechterservice.de\/fr\/wp-json\/wp\/v2\/product"}],"about":[{"href":"https:\/\/test.burgwaechterservice.de\/fr\/wp-json\/wp\/v2\/types\/product"}],"replies":[{"embeddable":true,"href":"https:\/\/test.burgwaechterservice.de\/fr\/wp-json\/wp\/v2\/comments?post=409586"}],"wp:featuredmedia":[{"embeddable":true,"href":"https:\/\/test.burgwaechterservice.de\/fr\/wp-json\/wp\/v2\/media\/409587"}],"wp:attachment":[{"href":"https:\/\/test.burgwaechterservice.de\/fr\/wp-json\/wp\/v2\/media?parent=409586"}],"wp:term":[{"taxonomy":"product_cat","embeddable":true,"href":"https:\/\/test.burgwaechterservice.de\/fr\/wp-json\/wp\/v2\/product_cat?post=409586"},{"taxonomy":"product_tag","embeddable":true,"href":"https:\/\/test.burgwaechterservice.de\/fr\/wp-json\/wp\/v2\/product_tag?post=409586"}],"curies":[{"name":"wp","href":"https:\/\/api.w.org\/{rel}","templated":true}]}}