{"id":409573,"date":"2020-06-02T14:25:06","date_gmt":"2020-06-02T12:25:06","guid":{"rendered":"https:\/\/www.burg.biz\/fr\/p\/coffres-forts\/wertschutzschrank-karat\/"},"modified":"2022-06-24T11:25:31","modified_gmt":"2022-06-24T09:25:31","slug":"wertschutzschrank-karat","status":"publish","type":"product","link":"https:\/\/test.burgwaechterservice.de\/fr\/p\/coffres-forts\/wertschutzschrank-karat\/","title":{"rendered":"Karat"},"content":{"rendered":"<h2>Une protection pr\u00e9cieuse de vos objets de valeur<\/h2>\n<p>Ce ne sont pas n\u00e9cessairement des pierres pr\u00e9cieuses que vous garderez dans notre coffre-fort. Apr\u00e8s tout, chacun(e) poss\u00e8dent de nombreux objets qui ont une valeur particuli\u00e8re et inestimable \u00e0 ses yeux. Et c&#8217;est pr\u00e9cis\u00e9ment pour ceux-ci que <strong>notre coffre-fort Karat offre un abris s\u00fbr<\/strong>. Il en va bien s\u00fbr de m\u00eame pour l&#8217;argent liquide, les bijoux et documents importants. En effet, le coffre-fort de BURG-W\u00c4CHTER est tout-\u00e0-fait robuste et oppose une grande r\u00e9sistance \u00e0 l&#8217;effraction.<\/p>\n<h3>Voici comment le Karat est construit<\/h3>\n<p>Le corps du Karat se compose de trois parois en acier. En outre, le manteau externe est fabriqu\u00e9 dans un acier inoxydable particuli\u00e8rement dur. Ce mariage parfait assure une protection contre la d\u00e9coupe au chalumeau. De l&#8217;acier particuli\u00e8rement robuste a \u00e9t\u00e9 incorpor\u00e9 dans la porte. <strong>Une plaque de m\u00eame 7 mm d&#8217;\u00e9paisseur en acier SM veille \u00e0 la protection \u00e0 l&#8217;int\u00e9rieur de la porte \u00e0 double paroi<\/strong>.<\/p>\n<p>Le verrouillage s&#8217;effectue avec des p\u00eanes rectangulaires en trois c\u00f4t\u00e9s. En haut et en bas, les p\u00eanes sont prot\u00e9g\u00e9s par un rouleau d&#8217;acier int\u00e9gr\u00e9. Le tout apporte <strong>une protection suppl\u00e9mentaire non n\u00e9gligeable contre l&#8217;effraction<\/strong>. Par exemple contre le per\u00e7age, la d\u00e9coupe au chalumeau et l&#8217;enfoncement. Un autre atout en terme de s\u00e9curit\u00e9 : le syst\u00e8me thermique de verrouillage de d\u00e9tresse avec une protection contre l&#8217;enfoncement au devant de chaque pi\u00e8ce m\u00e2le de verrou.<\/p>\n<h3>Protection contre le feu et le vol<\/h3>\n<p>En plus de faire face \u00e0 la violence ext\u00e9rieure, le Karat r\u00e9siste \u00e9galement au feu. Gr\u00e2ce au <strong>mat\u00e9riau ignifug\u00e9 utilis\u00e9 (suivant DIN 4102-A1) <\/strong>et \u00e0<strong> une rainure anti-feu sur tout le pourtour <\/strong>dans le corps, la temp\u00e9rature int\u00e9rieure du coffre-fort n&#8217;augmente que lentement. Ainsi, vos documents et papiers ainsi que votre argent liquide sont prot\u00e9g\u00e9s pour une dur\u00e9e prolong\u00e9e.<\/p>\n<p>Un coffre-fort peut toujours \u00eatre aussi s\u00fbr que vous le voulez. Il ne faut pas que des cambrioleurs puissent l&#8217;emporter. Pour emp\u00eacher cela, un ancrage stable s&#8217;av\u00e8re utile. <strong>Le coffre-fort Karat est pr\u00e9vu pour cela lors de la fabrication usine avec des trous perc\u00e9s<\/strong>. A l&#8217;aide du mat\u00e9riel de fixation livr\u00e9, vous pouvez ancrer solidement le coffre-fort dans le mur ou le sol.<\/p>\n<h3>En cas de perte de cl\u00e9 : il suffit de r\u00e9gler la serrure !<\/h3>\n<p>Pour les deux tailles du coffre-fort, vous avez le choix respectif entre deux syst\u00e8mes de fermeture. Il y a bien \u00e9videmment la cl\u00e9 m\u00e9canique (mod\u00e8les K). Ou encore le syst\u00e8me de fermeture \u00e9lectronique moderne &#8220;SecuTronic&#8221; (mod\u00e8les E FP) pour une ouverture par code ou empreinte digitale. La <strong>serrure de haute s\u00e9curit\u00e9 \u00e0 panneton double &#8220;SecuSafe&#8221;<\/strong> du coffre-fort Karat offre un bonus intelligent. En effet, s&#8217;il s&#8217;av\u00e8re que votre vieille cl\u00e9 a \u00e9t\u00e9 vol\u00e9e, le voleur ne pourra pas ouvrir le coffre-fort avec cette derni\u00e8re gr\u00e2ce \u00e0 la serrure r\u00e9glable ! <a href=\"https:\/\/www.youtube.com\/watch?v=3ziM4yiMAPQ&amp;feature=youtu.be\">Notre vid\u00e9o montre comment cela fonctionne<\/a>.<\/p>\n<h3>Serrure \u00e9lectronique moderne \u00e0 empreintes digitales<\/h3>\n<p>L&#8217;<strong>\u00e9lectronique de coffre-fort moderne &#8220;SecuTronic&#8221;<\/strong> <strong>TRSE 12 H FP <\/strong>allie confort et s\u00e9curit\u00e9. Ainsi, l&#8217;interface d&#8217;ouverture et de fermeture dispose d&#8217;un <strong>clavier tactile avec \u00e9cran graphique<\/strong>. Au lieu de s&#8217;emb\u00eater \u00e0 chercher la touche &#8220;On&#8221;, vous n&#8217;avez qu&#8217;\u00e0 passer un doigt sur le clavier. Aussit\u00f4t il est activ\u00e9 et \u00e9clair\u00e9 en deux couleurs. Par ailleurs, la disposition en pente de ce dernier assure <strong>une vue optimale <\/strong>y compris du dessus. Vous pouvez bien s\u00fbr choisir librement le code d&#8217;ouverture. Nous vous rappelons l\u00e0 que vous avez \u00e0 disposition un code administrateur et neuf codes utilisateur. Du reste, il est possible de consulter l&#8217;historique des ouvertures directement \u00e0 l&#8217;\u00e9cran.<\/p>\n<h3>Le Karat offre un blocage temporaire, un d\u00e9lai de latence entre deux ouvertures et un raccordage possible \u00e0 un syst\u00e8me d&#8217;alarme<\/h3>\n<p>La serrure &#8220;SecuTronic&#8221; TRSE 12 H FP dispose d&#8217;un <strong>d\u00e9lai de latence entre deux ouvertures<\/strong> (max. 99 min.). Ce qui signifie : une fois le code correct saisi, la dur\u00e9e param\u00e9tr\u00e9e doit s&#8217;\u00e9couler enti\u00e8rement avant qu&#8217;il soit de nouveau possible d&#8217;ouvrir le Karat. Au bout de trois saisies erronn\u00e9es du code, un <strong>temps de blocage<\/strong> s&#8217;active. Ainsi, impossible pour les cambrioleurs d&#8217;essayer de nombreuses combinaisons. Optionnel les coffres-forts Karat peuvent \u00eatre relli\u00e9s \u00e0 une alarme ou un syst\u00e8me d&#8217;alarme. Tous ces d\u00e9tails augmentent votre s\u00e9curit\u00e9 encore davantage !<\/p>\n<h3>Ergonomie et design<\/h3>\n<p>Le coffre-fort est livr\u00e9 avec une <strong>\u00e9tag\u00e8re r\u00e9glable<\/strong>. Ainsi, vous pouvez ranger vos objets de valeur comme vous le souhaitez. De par le design fin, l&#8217;espace int\u00e9rieur est utilis\u00e9 de mani\u00e8re optimis\u00e9e. Le mod\u00e8le de Karat plus petit MT 24 a un volume interne de 25,8 litres, le plus grand un volume interne de 45,3 litres. Tous deux sont \u00e9l\u00e9gants et intemporels avec leur vernis de couleur gris platine.<\/p>\n<h3>Un aper\u00e7u : Le coffre-fort \u00e0 int\u00e9grer Karat de BURG-W\u00c4CHTER<\/h3>\n<ul>\n<li>S\u00e9curit\u00e9 aux normes et contr\u00f4l\u00e9e ECB\u2022S\/VdS<\/li>\n<li>Degr\u00e9 de r\u00e9sistance 0 (N)<\/li>\n<li>Prot\u00e9ction contre le feu, Protection anti-effraction certifi\u00e9e suivant la norme europ\u00e9enne EN 1143-1<\/li>\n<li>Mat\u00e9riau de protection ignifuge suivant DIN 4102-A1, corps avec une rainure anti-feu sur tout le pourtour<\/li>\n<li>Corps \u00e0 triple paroi, mat\u00e9riau ext\u00e9rieur en acier inoxydable prot\u00e9g\u00e9 contre la d\u00e9coupe au chalumeau<\/li>\n<li>Porte \u00e0 double-paroi avec armage suppl\u00e9mentaire, plaque de porte en acier SM \u00e9pais de 7 mm<\/li>\n<li>Verrouillage en trois c\u00f4t\u00e9s par de robustes p\u00eanes rectangulaires, loquet en haut et en bas avec rouleau d&#8217;acier int\u00e9gr\u00e9. En r\u00e9sulte une protection suppl\u00e9mentaire extr\u00eame contre le per\u00e7age, l&#8217;enfoncement et la d\u00e9coupe au chalumeau<\/li>\n<li>Blindage de protection de la serrure<\/li>\n<li>Pr\u00e9vu pour ancrage dans le mur arri\u00e8re ou le sol, respectivement deux trous dispos\u00e9s au milieu de la paroi arri\u00e8re et du sol du coffre-fort. Mat\u00e9riel de fixation fourni. L&#8217;ancrage assure une haute r\u00e9sistance \u00e0 l&#8217;arrachement<\/li>\n<li>Rail de maintient du c\u00f4t\u00e9 charni\u00e8re<\/li>\n<li>Une \u00e9tag\u00e8re r\u00e9glable, profondeur \u00e9quivalente \u00e0 un grand classeur<\/li>\n<li>Disponible en deux tailles : MT 24 et MT 26<\/li>\n<li>Verni en gris platine<\/li>\n<\/ul>\n<h5>Mod\u00e8le K (Serrure m\u00e9canique)<\/h5>\n<ul>\n<li>Serrure haute s\u00e9curit\u00e9 blind\u00e9e \u00e0 double panneton &#8220;SecuSafe&#8221;<\/li>\n<li>En cas de perte de cl\u00e9 : simplement r\u00e9gler la serrure<\/li>\n<li>10 pistons de serrure, 50 millions de positions diff\u00e9rentes<\/li>\n<li>Syst\u00e8me de cl\u00e9 prisonni\u00e8re (ne s&#8217;\u00f4te de la serrure qu&#8217;une fois celle-ci verrouill\u00e9e)<\/li>\n<li>Contr\u00f4l\u00e9e par le VdS (classe 2) et certifi\u00e9e ECB\u2022S suivant EN 1300 (classe de serrure B)<\/li>\n<li>Le dispositif de serrure d\u00e9passe de 3 mm<\/li>\n<\/ul>\n<h5>Mod\u00e8le E FP (Serrure \u00e9lectronique avec lecteur d&#8217;empreintes digitales)<\/h5>\n<ul>\n<li>Certifi\u00e9e ECB\u2022S (classe B)<\/li>\n<li>Reconnaissance de doigt vivant &#8220;Fake Finger Detection&#8221;<\/li>\n<li>Jusqu&#8217;\u00e0 10 codes utilisateurs \u00e0 six chifffres<\/li>\n<li>Jusqu&#8217;\u00e0 20 empreintes digitales<\/li>\n<li>Electronique moderne avec \u00e9cran graphique et clavier tactile (\u00e9clair\u00e9)<\/li>\n<li>Interface dispos\u00e9e en pente pour une ergonomie optimale<\/li>\n<li>D\u00e9lai de latence d&#8217;ouverture r\u00e9glable (max. 99 min.)<\/li>\n<li>Historique des fermetures consultable<\/li>\n<li>Menu en douze langues<\/li>\n<li>Changement de piles simple (piles incluses)<\/li>\n<li>Le dispositif de serrure d\u00e9passe de 20 mm<\/li>\n<\/ul>\n<h3>Les mod\u00e8les Karat en aper\u00e7u<\/h3>\n<table class=\"ausfuehrung\">\n<thead>\n<tr>\n<td>Article<\/td>\n<td>Ext\u00e9rieur h x l x p (mm)<\/td>\n<td>Int\u00e9rieur h x l x p (mm)<\/td>\n<td>Porte h x l (ouverture en mm)<\/td>\n<td>Poids (kg)<\/td>\n<td>Volume (l)<\/td>\n<td>Syst\u00e8me de fermeture<\/td>\n<\/tr>\n<\/thead>\n<tbody>\n<tr>\n<td>MT 640 K<\/td>\n<td>340 x 430 x 390<\/td>\n<td>250 x 348 x 294<\/td>\n<td>250 x 336<\/td>\n<td>48,0<\/td>\n<td>25,8<\/td>\n<td>Serrure m\u00e9canique<\/td>\n<\/tr>\n<tr>\n<td>MT 660 K<\/td>\n<td>530 x 430 x 390<\/td>\n<td>440 x 348 x 294<\/td>\n<td>440 x 336<\/td>\n<td>67,0<\/td>\n<td>45,3<\/td>\n<td>Serrure m\u00e9canique<\/td>\n<\/tr>\n<tr>\n<td>MT 640 E FP<\/td>\n<td>340 x 430 x 390<\/td>\n<td>250 x 348 x 294<\/td>\n<td>250 x 336<\/td>\n<td>48,0<\/td>\n<td>25,8<\/td>\n<td>Code et empreinte digitale<\/td>\n<\/tr>\n<tr>\n<td>MT 660 E FP<\/td>\n<td>530 x 430 x 390<\/td>\n<td>440 x 348 x 294<\/td>\n<td>440 x 336<\/td>\n<td>67,0<\/td>\n<td>45,3<\/td>\n<td>Code et empreinte digitale<\/td>\n<\/tr>\n<\/tbody>\n<\/table>\n<p>&nbsp;<\/p>\n<h3>Nos coffres-forts en comparaison<\/h3>\n<p><a class=\"mobilealternative\" href=\"https:\/\/test.burgwaechterservice.de\/wp-content\/uploads\/2016\/06\/Tresorvergleich.pdf\" target=\"_blank\" rel=\"noopener noreferrer\">T\u00e9l\u00e9charger le tableau de comparaison au format Pdf<\/a><\/p>\n<div class=\"produktvergleich\">\n<p><a href=\"https:\/\/test.burgwaechterservice.de\/tresorvergleich\">Plus d&#8217;informations dans le <strong>tableau exhaustif<\/strong><\/a><\/p>\n<table class=\"produktvergleich\" cellspacing=\"0\" cellpadding=\"0\">\n<tbody>\n<tr>\n<td class=\"tbdesc\">Coffres-forts<\/td>\n<td><a href=\"https:\/\/test.burgwaechterservice.de\/produkt-schlagwort\/pointsafe\/\">Pointsafe<\/a><\/td>\n<td><a href=\"https:\/\/test.burgwaechterservice.de\/produkt-schlagwort\/homesafe-h3\/\">Homesafe H 3<\/a><\/td>\n<td><a href=\"https:\/\/test.burgwaechterservice.de\/produkt-schlagwort\/homesafe\/\">Homesafe<\/a><\/td>\n<td><a href=\"https:\/\/test.burgwaechterservice.de\/produkt-schlagwort\/cityline\/\">CityLine<\/a><\/td>\n<td><a href=\"https:\/\/test.burgwaechterservice.de\/produkt-schlagwort\/combi-line\/\">Combi-Line<\/a><\/td>\n<td><a href=\"https:\/\/test.burgwaechterservice.de\/p\/tresor-safe\/kurzwaffentresor-magno\/\">Magno<\/a><\/td>\n<td><a href=\"https:\/\/test.burgwaechterservice.de\/produkt-schlagwort\/karat\/\">Karat<\/a><\/td>\n<td><a href=\"https:\/\/test.burgwaechterservice.de\/produkt-schlagwort\/diplomat\/\">Diplomat<\/a><\/td>\n<\/tr>\n<tr>\n<td class=\"tbdesc\">Niveau de s\u00e9curit\u00e9 BURG-W\u00c4CHTER<\/td>\n<td class=\"nopadding\"><img decoding=\"async\" class=\"alignnone size-full wp-image-31072\" src=\"https:\/\/test.burgwaechterservice.de\/wp-content\/uploads\/2016\/06\/2_Sterne-1.png\" alt=\"2_Sterne\" width=\"110\" height=\"15\" \/><\/td>\n<td class=\"nopadding\"><img decoding=\"async\" class=\"alignnone size-full wp-image-31073\" src=\"https:\/\/test.burgwaechterservice.de\/wp-content\/uploads\/2016\/06\/2_1-2_Sterne-1.png\" alt=\"2_1-2_Sterne\" width=\"110\" height=\"15\" \/><\/td>\n<td class=\"nopadding\"><img decoding=\"async\" class=\"alignnone size-full wp-image-31074\" src=\"https:\/\/test.burgwaechterservice.de\/wp-content\/uploads\/2016\/06\/3_Sterne-1.png\" alt=\"3_Sterne\" width=\"110\" height=\"15\" \/><\/td>\n<td class=\"nopadding\"><img decoding=\"async\" class=\"alignnone size-full wp-image-31074\" src=\"https:\/\/test.burgwaechterservice.de\/wp-content\/uploads\/2016\/06\/3_Sterne-1.png\" alt=\"3_Sterne\" width=\"110\" height=\"15\" \/><\/td>\n<td class=\"nopadding\"><img loading=\"lazy\" decoding=\"async\" class=\"alignnone size-full wp-image-31075\" src=\"https:\/\/test.burgwaechterservice.de\/wp-content\/uploads\/2016\/06\/4_Sterne-1.png\" alt=\"4_Sterne\" width=\"110\" height=\"15\" \/><\/td>\n<td class=\"nopadding\"><img loading=\"lazy\" decoding=\"async\" class=\"alignnone size-full wp-image-31076\" src=\"https:\/\/test.burgwaechterservice.de\/wp-content\/uploads\/2016\/06\/5_Sterne-1.png\" alt=\"5_Sterne\" width=\"110\" height=\"15\" \/><\/td>\n<td class=\"nopadding\"><img loading=\"lazy\" decoding=\"async\" class=\"alignnone size-full wp-image-31076\" src=\"https:\/\/test.burgwaechterservice.de\/wp-content\/uploads\/2016\/06\/5_Sterne-1.png\" alt=\"5_Sterne\" width=\"110\" height=\"15\" \/><\/td>\n<td class=\"nopadding\"><img loading=\"lazy\" decoding=\"async\" class=\"alignnone size-full wp-image-31077\" src=\"https:\/\/test.burgwaechterservice.de\/wp-content\/uploads\/2016\/06\/6_Sterne-1.png\" alt=\"6_Sterne\" width=\"110\" height=\"15\" \/><\/td>\n<\/tr>\n<tr>\n<td class=\"tbdesc\">Niveau de s\u00e9curit\u00e9 \/ degr\u00e9 de r\u00e9sistance<\/td>\n<td>\u2212<\/td>\n<td>A selon VDMA 24992<\/td>\n<td>B selon VDMA 24992<\/td>\n<td>B selon VDMA 24992<\/td>\n<td>B selon VDMA 24992 \/<br \/>\nS2 selon DIN EN 14450<\/td>\n<td>N selon EN 1143-1<\/td>\n<td>N selon EN 1143-1<\/td>\n<td>I selon EN 1143-1<\/td>\n<\/tr>\n<tr>\n<td class=\"tbdesc\">R\u00e9sistance au feu v\u00e9rifi\u00e9e<\/td>\n<td>\u2212<\/td>\n<td>\u2212<\/td>\n<td>\u2212<\/td>\n<td>\u2212<\/td>\n<td>30 minutes selon EN 15659<\/td>\n<td>\u2212<\/td>\n<td>\u2212<\/td>\n<td>60 minutes selon EN 15659<\/td>\n<\/tr>\n<tr>\n<td class=\"tbdesc\">Serrure de s\u00e9curit\u00e9 \u00e0 double panneton<\/td>\n<td class=\"check\"><\/td>\n<td class=\"check\"><\/td>\n<td class=\"check\"><\/td>\n<td>\u2212<\/td>\n<td class=\"check\"><\/td>\n<td class=\"check\"><\/td>\n<td>\u2212<\/td>\n<td>\u2212<\/td>\n<\/tr>\n<tr>\n<td class=\"tbdesc\">Serrure de s\u00e9curit\u00e9 r\u00e9glable \u00e0 double panneton<\/td>\n<td>\u2212<\/td>\n<td>\u2212<\/td>\n<td>\u2212<\/td>\n<td class=\"check\"><\/td>\n<td>\u2212<\/td>\n<td>\u2212<\/td>\n<td class=\"check\"><\/td>\n<td class=\"check\"><\/td>\n<\/tr>\n<tr>\n<td class=\"tbdesc\">Serrure \u00e9lectronique \u00e0 code<\/td>\n<td class=\"check\"><\/td>\n<td>\u2212<\/td>\n<td>\u2212<\/td>\n<td>\u2212<\/td>\n<td>\u2212<\/td>\n<td>\u2212<\/td>\n<td>\u2212<\/td>\n<td>\u2212<\/td>\n<\/tr>\n<tr>\n<td class=\"tbdesc\">Serrure \u00e9lectronique \u00e0 code v\u00e9rifi\u00e9e par ECB-S \/ VdS<\/td>\n<td>\u2212<\/td>\n<td class=\"check\"><\/td>\n<td class=\"check\"><\/td>\n<td class=\"check\"><\/td>\n<td class=\"check\"><\/td>\n<td class=\"check\"><\/td>\n<td class=\"check\"><\/td>\n<td class=\"check\"><\/td>\n<\/tr>\n<tr>\n<td class=\"tbdesc\">Serrure \u00e9lectronique \u00e0 code avec lecteur d&#8217;empreintes digitales<\/td>\n<td class=\"check\"><\/td>\n<td>\u2212<\/td>\n<td>\u2212<\/td>\n<td>\u2212<\/td>\n<td>\u2212<\/td>\n<td>\u2212<\/td>\n<td>\u2212<\/td>\n<td>\u2212<\/td>\n<\/tr>\n<tr>\n<td class=\"tbdesc\">Serrure \u00e9lectronique \u00e0 code avec lecteur d&#8217;empreintes digitales certifi\u00e9e VdS<\/td>\n<td>\u2212<\/td>\n<td>\u2212<\/td>\n<td>\u2212<\/td>\n<td class=\"check\"><\/td>\n<td class=\"check\"><\/td>\n<td>\u2212<\/td>\n<td class=\"check\"><\/td>\n<td class=\"check\"><\/td>\n<\/tr>\n<tr>\n<td class=\"tbdesc\"><\/td>\n<td><\/td>\n<td><\/td>\n<td><\/td>\n<td><\/td>\n<td><\/td>\n<td><\/td>\n<td><\/td>\n<td><\/td>\n<\/tr>\n<tr>\n<td class=\"tbdesc\">Montants d&#8217;assurance possibles (particulier)<\/td>\n<td>*<\/td>\n<td>*<\/td>\n<td>*<\/td>\n<td>*<\/td>\n<td>20.000 \u20ac<\/td>\n<td>40.000 \u20ac<\/td>\n<td>40.000 \u20ac<\/td>\n<td>65.000 \u20ac<\/td>\n<\/tr>\n<tr>\n<td class=\"tbdesc\">Montants d&#8217;assurance possibles (entreprise)<\/td>\n<td>\u2212<\/td>\n<td>2.500 \u20ac<\/td>\n<td>2.500 \u20ac<\/td>\n<td>2.500 \u20ac<\/td>\n<td>2.500 \u20ac<\/td>\n<td>10.000 \u20ac<\/td>\n<td>10.000 \u20ac<\/td>\n<td>20.000 \u20ac<\/td>\n<\/tr>\n<\/tbody>\n<\/table>\n<div class=\"small\">\n<h4><\/h4>\n<h4>Conditions d&#8217;assurance pour coffres-forts<\/h4>\n<p>En raison des conditions d&#8217;assurance variables, il est n\u00e9cessaire de passer un accord avec votre assureur. Vous pourrez obtenir un montant d&#8217;assurance plus haut que ce qui est pr\u00e9vu par les dispositions l\u00e9gales en parlant avec votre assureur.<\/p>\n<ul>\n<li>Tous les coffres-forts d&#8217;une masse inf\u00e9rieure \u00e0 1 000 kg sont munis d&#8217;un dispositif d&#8217;ancrage. Ils doivent \u00eatre ancr\u00e9s en suivant la notice d&#8217;installation. Une notice d&#8217;utilisation et d&#8217;installation est fournie avec tout r\u00e9ceptacle reconnu par ECB-S\/VdS.<\/li>\n<li>En raison de la clause du port de la cl\u00e9 et du risque \u00e9lev\u00e9 de vol de cl\u00e9, les assurances recommandent des serrures \u00e0 code. Burg-W\u00e4chter propose des coffres-forts avec des serrures m\u00e9caniques \u00e0 code ou des serrures \u00e9lectroniques \u00e0 code. Celles-cis augmentent votre protection.<\/li>\n<\/ul>\n<p>Veuillez prendre en consid\u00e9ration que plus votre coffre-fort est s\u00fbr, moins ch\u00e8re sera la prime d&#8217;assurance.<\/p>\n<\/div>\n<\/div>\n","protected":false},"excerpt":{"rendered":"<p>Une protection pr\u00e9cieuse de vos objets de valeur Ce ne sont pas n\u00e9cessairement des pierres pr\u00e9cieuses que vous garderez dans notre coffre-fort. Apr\u00e8s tout, chacun(e) poss\u00e8dent de nombreux objets qui ont une valeur particuli\u00e8re et inestimable \u00e0 ses yeux. Et &hellip; <a class=\"kt-excerpt-readmore\" href=\"https:\/\/test.burgwaechterservice.de\/fr\/p\/coffres-forts\/wertschutzschrank-karat\/\" aria-label=\"Karat\">Lire la suite<\/a><\/p>\n","protected":false},"featured_media":409574,"comment_status":"closed","ping_status":"closed","template":"","meta":[],"product_cat":[34,58],"product_tag":[17],"yoast_head":"<!-- This site is optimized with the Yoast SEO Premium plugin v18.4 (Yoast SEO v19.13) - https:\/\/yoast.com\/wordpress\/plugins\/seo\/ -->\n<title>M\u00f6beltresor Karat MT Widerstandsgrad 0 von BURG-W\u00c4CHTER<\/title>\n<meta name=\"description\" content=\"Hochkar\u00e4tiger Schutz: Den BURG-W\u00c4CHTER M\u00f6beltresor Karat MT (Widerstandsgrad 0) \u00f6ffnen Sie bequem per Fingerscan, Pincode oder Schl\u00fcssel.\" \/>\n<meta name=\"robots\" content=\"index, follow, max-snippet:-1, max-image-preview:large, max-video-preview:-1\" \/>\n<link rel=\"canonical\" href=\"https:\/\/test.burgwaechterservice.de\/fr\/p\/coffres-forts\/wertschutzschrank-karat\/\" \/>\n<meta property=\"og:locale\" content=\"fr_FR\" \/>\n<meta property=\"og:type\" content=\"article\" \/>\n<meta property=\"og:title\" content=\"Karat\" \/>\n<meta property=\"og:description\" content=\"Hochkar\u00e4tiger Schutz: Den BURG-W\u00c4CHTER M\u00f6beltresor Karat MT (Widerstandsgrad 0) \u00f6ffnen Sie bequem per Fingerscan, Pincode oder Schl\u00fcssel.\" \/>\n<meta property=\"og:url\" content=\"https:\/\/test.burgwaechterservice.de\/fr\/p\/coffres-forts\/wertschutzschrank-karat\/\" \/>\n<meta property=\"og:site_name\" content=\"Burg-W\u00e4chter France\" \/>\n<meta property=\"article:modified_time\" content=\"2022-06-24T09:25:31+00:00\" \/>\n<meta property=\"og:image\" content=\"https:\/\/test.burgwaechterservice.de\/fr\/wp-content\/uploads\/sites\/4\/2020\/06\/Tresor-Karat-MT-660-EFP-von-BURG-W\u00c4CHTER.jpg\" \/>\n\t<meta property=\"og:image:width\" content=\"1000\" \/>\n\t<meta property=\"og:image:height\" content=\"1000\" \/>\n\t<meta property=\"og:image:type\" content=\"image\/jpeg\" \/>\n<meta name=\"twitter:card\" content=\"summary_large_image\" \/>\n<meta name=\"twitter:label1\" content=\"Dur\u00e9e de lecture estim\u00e9e\" \/>\n\t<meta name=\"twitter:data1\" content=\"9 minutes\" \/>\n<!-- \/ Yoast SEO Premium plugin. -->","yoast_head_json":{"title":"M\u00f6beltresor Karat MT Widerstandsgrad 0 von BURG-W\u00c4CHTER","description":"Hochkar\u00e4tiger Schutz: Den BURG-W\u00c4CHTER M\u00f6beltresor Karat MT (Widerstandsgrad 0) \u00f6ffnen Sie bequem per Fingerscan, Pincode oder Schl\u00fcssel.","robots":{"index":"index","follow":"follow","max-snippet":"max-snippet:-1","max-image-preview":"max-image-preview:large","max-video-preview":"max-video-preview:-1"},"canonical":"https:\/\/test.burgwaechterservice.de\/fr\/p\/coffres-forts\/wertschutzschrank-karat\/","og_locale":"fr_FR","og_type":"article","og_title":"Karat","og_description":"Hochkar\u00e4tiger Schutz: Den BURG-W\u00c4CHTER M\u00f6beltresor Karat MT (Widerstandsgrad 0) \u00f6ffnen Sie bequem per Fingerscan, Pincode oder Schl\u00fcssel.","og_url":"https:\/\/test.burgwaechterservice.de\/fr\/p\/coffres-forts\/wertschutzschrank-karat\/","og_site_name":"Burg-W\u00e4chter France","article_modified_time":"2022-06-24T09:25:31+00:00","og_image":[{"width":1000,"height":1000,"url":"https:\/\/test.burgwaechterservice.de\/fr\/wp-content\/uploads\/sites\/4\/2020\/06\/Tresor-Karat-MT-660-EFP-von-BURG-W\u00c4CHTER.jpg","type":"image\/jpeg"}],"twitter_card":"summary_large_image","twitter_misc":{"Dur\u00e9e de lecture estim\u00e9e":"9 minutes"},"schema":{"@context":"https:\/\/schema.org","@graph":[{"@type":"WebPage","@id":"https:\/\/test.burgwaechterservice.de\/fr\/p\/coffres-forts\/wertschutzschrank-karat\/","url":"https:\/\/test.burgwaechterservice.de\/fr\/p\/coffres-forts\/wertschutzschrank-karat\/","name":"M\u00f6beltresor Karat MT Widerstandsgrad 0 von BURG-W\u00c4CHTER","isPartOf":{"@id":"https:\/\/test.burgwaechterservice.de\/fr\/#website"},"datePublished":"2020-06-02T12:25:06+00:00","dateModified":"2022-06-24T09:25:31+00:00","description":"Hochkar\u00e4tiger Schutz: Den BURG-W\u00c4CHTER M\u00f6beltresor Karat MT (Widerstandsgrad 0) \u00f6ffnen Sie bequem per Fingerscan, Pincode oder Schl\u00fcssel.","breadcrumb":{"@id":"https:\/\/test.burgwaechterservice.de\/fr\/p\/coffres-forts\/wertschutzschrank-karat\/#breadcrumb"},"inLanguage":"fr-FR","potentialAction":[{"@type":"ReadAction","target":["https:\/\/test.burgwaechterservice.de\/fr\/p\/coffres-forts\/wertschutzschrank-karat\/"]}]},{"@type":"BreadcrumbList","@id":"https:\/\/test.burgwaechterservice.de\/fr\/p\/coffres-forts\/wertschutzschrank-karat\/#breadcrumb","itemListElement":[{"@type":"ListItem","position":1,"name":"Accueil","item":"https:\/\/test.burgwaechterservice.de\/fr\/"},{"@type":"ListItem","position":2,"name":"Produits","item":"https:\/\/test.burgwaechterservice.de\/fr\/p\/"},{"@type":"ListItem","position":3,"name":"Karat"}]},{"@type":"WebSite","@id":"https:\/\/test.burgwaechterservice.de\/fr\/#website","url":"https:\/\/test.burgwaechterservice.de\/fr\/","name":"Burg-W\u00e4chter France","description":"Le choix le plus s\u00fbr!","potentialAction":[{"@type":"SearchAction","target":{"@type":"EntryPoint","urlTemplate":"https:\/\/test.burgwaechterservice.de\/fr\/?s={search_term_string}"},"query-input":"required name=search_term_string"}],"inLanguage":"fr-FR"}]}},"_links":{"self":[{"href":"https:\/\/test.burgwaechterservice.de\/fr\/wp-json\/wp\/v2\/product\/409573"}],"collection":[{"href":"https:\/\/test.burgwaechterservice.de\/fr\/wp-json\/wp\/v2\/product"}],"about":[{"href":"https:\/\/test.burgwaechterservice.de\/fr\/wp-json\/wp\/v2\/types\/product"}],"replies":[{"embeddable":true,"href":"https:\/\/test.burgwaechterservice.de\/fr\/wp-json\/wp\/v2\/comments?post=409573"}],"wp:featuredmedia":[{"embeddable":true,"href":"https:\/\/test.burgwaechterservice.de\/fr\/wp-json\/wp\/v2\/media\/409574"}],"wp:attachment":[{"href":"https:\/\/test.burgwaechterservice.de\/fr\/wp-json\/wp\/v2\/media?parent=409573"}],"wp:term":[{"taxonomy":"product_cat","embeddable":true,"href":"https:\/\/test.burgwaechterservice.de\/fr\/wp-json\/wp\/v2\/product_cat?post=409573"},{"taxonomy":"product_tag","embeddable":true,"href":"https:\/\/test.burgwaechterservice.de\/fr\/wp-json\/wp\/v2\/product_tag?post=409573"}],"curies":[{"name":"wp","href":"https:\/\/api.w.org\/{rel}","templated":true}]}}